{"id":12243,"date":"2024-03-03T19:42:04","date_gmt":"2024-03-03T19:42:04","guid":{"rendered":"https:\/\/shanabooks.de\/?post_type=product&#038;p=12243"},"modified":"2025-12-31T17:19:34","modified_gmt":"2025-12-31T17:19:34","slug":"serefnameya-menzum-cegerxwin","status":"publish","type":"product","link":"https:\/\/shanabooks.de\/de\/product\/serefnameya-menzum-cegerxwin\/","title":{"rendered":"\u015eerefnameya Menz\u00fbm"},"content":{"rendered":"<p class=\"heading-title\" dir=\"ltr\"><strong>\u015eerefnameya Menz\u00fbm &#8211; Cegerxw\u00een<\/strong><\/p>\n<p dir=\"ltr\">\u201c\u015ei\u2018ra kurmanciya bakur ku bi \u015fi\u2018ra Ciz\u00eer\u00ee li asoy\u00ea edebiyata me ge\u015f b\u00fbb\u00fb, bi \u015fi\u2018ra Xan\u00ee kete xizmeta \u00eedeolojiya mil\u00ee. Di pey Xan\u00ee de heb\u00fbneke xurt n\u00ee\u015fan neda, di nav mirin \u00fb jiyan\u00ea de ma. Cegerxw\u00een bi giyaneke n\u00fb jiyan\u00ea day\u00ea, \u015fi\u2019r\u00ea ji d\u00eewan \u00ee d\u00eewanxana derxist, bire meydan \u00fb kolanan.<\/p>\n<p dir=\"ltr\">\u201cCegerxw\u00een r\u00fbpela d\u00eedakt\u00eezm\u00ea li \u015fi\u2019ra kurmanc\u00ee z\u00eade kir. D\u00eedakt\u00eezma Cegerxw\u00een di hindava guhartina rew\u015fa siyas\u00ee \u00fb komelayet\u00ee de ye: Hi\u015fyarkir e, ron\u00eekir e, t\u00eako\u015fer e. Heta \u015fore\u015fa Kurdistan\u00ea serkeve w\u00ea \u015fi\u2019ra Cegerxw\u00een ji aktueliya xwe, ji j\u00eendariya xwe tu ti\u015ftek\u00ee winda neke, w\u00ea her van erk\u00ean xwe bi cih b\u00eene \u00fb bi w\u00ee away\u00ee j\u00ee Cegerxw\u00een d\u00ea bij\u00ee.<br \/>\nRojen Bernas<\/p>\n<p dir=\"ltr\">D\u00eewana \u015eerefnameya Menz\u00fbm ya Cegerxw\u00een ji we\u015fan\u00ean Avesta ye.<\/p>\n","protected":false},"excerpt":{"rendered":"<p dir=\"ltr\" style=\"text-align: center\"><strong>Pirt\u00fbk: \u015eerefnameya Menz\u00fbm<br \/>\nNiv\u00eeskar: Cegerxw\u00een<\/strong><br \/>\n<strong>Cure: Helbest<\/strong><\/p>\n","protected":false},"featured_media":12322,"template":"","meta":{"site-sidebar-layout":"default","site-content-layout":"","ast-site-content-layout":"default","site-content-style":"default","site-sidebar-style":"default","ast-global-header-display":"","ast-banner-title-visibility":"","ast-main-header-display":"","ast-hfb-above-header-display":"","ast-hfb-below-header-display":"","ast-hfb-mobile-header-display":"","site-post-title":"","ast-breadcrumbs-content":"","ast-featured-img":"","footer-sml-layout":"","ast-disable-related-posts":"","theme-transparent-header-meta":"default","adv-header-id-meta":"","stick-header-meta":"","header-above-stick-meta":"","header-main-stick-meta":"","header-below-stick-meta":"","astra-migrate-meta-layouts":"set","ast-page-background-enabled":"default","ast-page-background-meta":{"desktop":{"background-color":"","background-image":"","background-repeat":"repeat","background-position":"center center","background-size":"auto","background-attachment":"scroll","background-type":"","background-media":"","overlay-type":"","overlay-color":"","overlay-opacity":"","overlay-gradient":""},"tablet":{"background-color":"","background-image":"","background-repeat":"repeat","background-position":"center center","background-size":"auto","background-attachment":"scroll","background-type":"","background-media":"","overlay-type":"","overlay-color":"","overlay-opacity":"","overlay-gradient":""},"mobile":{"background-color":"","background-image":"","background-repeat":"repeat","background-position":"center center","background-size":"auto","background-attachment":"scroll","background-type":"","background-media":"","overlay-type":"","overlay-color":"","overlay-opacity":"","overlay-gradient":""}},"ast-content-background-meta":{"desktop":{"background-color":"var(--ast-global-color-5)","background-image":"","background-repeat":"repeat","background-position":"center center","background-size":"auto","background-attachment":"scroll","background-type":"","background-media":"","overlay-type":"","overlay-color":"","overlay-opacity":"","overlay-gradient":""},"tablet":{"background-color":"var(--ast-global-color-5)","background-image":"","background-repeat":"repeat","background-position":"center center","background-size":"auto","background-attachment":"scroll","background-type":"","background-media":"","overlay-type":"","overlay-color":"","overlay-opacity":"","overlay-gradient":""},"mobile":{"background-color":"var(--ast-global-color-5)","background-image":"","background-repeat":"repeat","background-position":"center center","background-size":"auto","background-attachment":"scroll","background-type":"","background-media":"","overlay-type":"","overlay-color":"","overlay-opacity":"","overlay-gradient":""}}},"product_brand":[],"product_cat":[184,193],"product_tag":[],"class_list":{"0":"post-12243","1":"product","2":"type-product","3":"status-publish","4":"has-post-thumbnail","6":"product_cat-_","7":"product_cat--_","8":"pa_-helbest","9":"pa_-cegerxwin","10":"pa_-kurmanci","11":"pa_--avesta-yayinlari","12":"desktop-align-left","13":"tablet-align-left","14":"mobile-align-left","16":"first","17":"outofstock","18":"shipping-taxable","19":"purchasable","20":"product-type-simple"},"yoast_head":"<!-- This site is optimized with the Yoast SEO plugin v27.5 - https:\/\/yoast.com\/product\/yoast-seo-wordpress\/ -->\n<title>\u015eerefnameya Menz\u00fbm - Cegerxw\u00een - www.shanabooks.de<\/title>\n<meta name=\"description\" content=\"\u015eerefnameya Menz\u00fbm - Cegerxw\u00een \u201c\u015ei\u2018ra kurmanciya bakur ku bi \u015fi\u2018ra Ciz\u00eer\u00ee li asoy\u00ea edebiyata me ge\u015f b\u00fbb\u00fb, bi \u015fi\u2018ra Xan\u00ee kete xizmeta \u00eedeolojiya mil\u00ee. Di ...\" \/>\n<meta name=\"robots\" content=\"index, follow, max-snippet:-1, max-image-preview:large, max-video-preview:-1\" \/>\n<link rel=\"canonical\" href=\"https:\/\/shanabooks.de\/product\/serefnameya-menzum-cegerxwin\/\" \/>\n<meta property=\"og:locale\" content=\"de_DE\" \/>\n<meta property=\"og:type\" content=\"article\" \/>\n<meta property=\"og:title\" content=\"\u015eerefnameya Menz\u00fbm - Cegerxw\u00een - www.shanabooks.de\" \/>\n<meta property=\"og:description\" content=\"\u015eerefnameya Menz\u00fbm - Cegerxw\u00een \u201c\u015ei\u2018ra kurmanciya bakur ku bi \u015fi\u2018ra Ciz\u00eer\u00ee li asoy\u00ea edebiyata me ge\u015f b\u00fbb\u00fb, bi \u015fi\u2018ra Xan\u00ee kete xizmeta \u00eedeolojiya mil\u00ee. Di ...\" \/>\n<meta property=\"og:url\" content=\"https:\/\/shanabooks.de\/product\/serefnameya-menzum-cegerxwin\/\" \/>\n<meta property=\"og:site_name\" content=\"www.shanabooks.de\" \/>\n<meta property=\"article:modified_time\" content=\"2025-12-31T17:19:34+00:00\" \/>\n<meta property=\"og:image\" content=\"https:\/\/shanabooks.de\/wp-content\/uploads\/2024\/03\/Serefnameya-Menzum.jpg\" \/>\n\t<meta property=\"og:image:width\" content=\"592\" \/>\n\t<meta property=\"og:image:height\" content=\"900\" \/>\n\t<meta property=\"og:image:type\" content=\"image\/jpeg\" \/>\n<meta name=\"twitter:card\" content=\"summary_large_image\" \/>\n<meta name=\"twitter:label1\" content=\"Gesch\u00e4tzte Lesezeit\" \/>\n\t<meta name=\"twitter:data1\" content=\"2\u00a0Minuten\" \/>\n<script type=\"application\/ld+json\" class=\"yoast-schema-graph\">{\"@context\":\"https:\\\/\\\/schema.org\",\"@graph\":[{\"@type\":\"WebPage\",\"@id\":\"https:\\\/\\\/shanabooks.de\\\/product\\\/serefnameya-menzum-cegerxwin\\\/\",\"url\":\"https:\\\/\\\/shanabooks.de\\\/product\\\/serefnameya-menzum-cegerxwin\\\/\",\"name\":\"\u015eerefnameya Menz\u00fbm - Cegerxw\u00een - www.shanabooks.de\",\"isPartOf\":{\"@id\":\"https:\\\/\\\/shanabooks.de\\\/#website\"},\"primaryImageOfPage\":{\"@id\":\"https:\\\/\\\/shanabooks.de\\\/product\\\/serefnameya-menzum-cegerxwin\\\/#primaryimage\"},\"image\":{\"@id\":\"https:\\\/\\\/shanabooks.de\\\/product\\\/serefnameya-menzum-cegerxwin\\\/#primaryimage\"},\"thumbnailUrl\":\"https:\\\/\\\/shanabooks.de\\\/wp-content\\\/uploads\\\/2024\\\/03\\\/Serefnameya-Menzum.jpg\",\"datePublished\":\"2024-03-03T19:42:04+00:00\",\"dateModified\":\"2025-12-31T17:19:34+00:00\",\"description\":\"\u015eerefnameya Menz\u00fbm - Cegerxw\u00een \u201c\u015ei\u2018ra kurmanciya bakur ku bi \u015fi\u2018ra Ciz\u00eer\u00ee li asoy\u00ea edebiyata me ge\u015f b\u00fbb\u00fb, bi \u015fi\u2018ra Xan\u00ee kete xizmeta \u00eedeolojiya mil\u00ee. Di ...\",\"breadcrumb\":{\"@id\":\"https:\\\/\\\/shanabooks.de\\\/product\\\/serefnameya-menzum-cegerxwin\\\/#breadcrumb\"},\"inLanguage\":\"de\",\"potentialAction\":[{\"@type\":\"ReadAction\",\"target\":[\"https:\\\/\\\/shanabooks.de\\\/product\\\/serefnameya-menzum-cegerxwin\\\/\"]}]},{\"@type\":\"ImageObject\",\"inLanguage\":\"de\",\"@id\":\"https:\\\/\\\/shanabooks.de\\\/product\\\/serefnameya-menzum-cegerxwin\\\/#primaryimage\",\"url\":\"https:\\\/\\\/shanabooks.de\\\/wp-content\\\/uploads\\\/2024\\\/03\\\/Serefnameya-Menzum.jpg\",\"contentUrl\":\"https:\\\/\\\/shanabooks.de\\\/wp-content\\\/uploads\\\/2024\\\/03\\\/Serefnameya-Menzum.jpg\",\"width\":592,\"height\":900,\"caption\":\"\u015eerefnameya Menz\u00fbm - Cegerxw\u00een - pirt\u00fbk\u00ean kurd\u00ee - helbest\"},{\"@type\":\"BreadcrumbList\",\"@id\":\"https:\\\/\\\/shanabooks.de\\\/product\\\/serefnameya-menzum-cegerxwin\\\/#breadcrumb\",\"itemListElement\":[{\"@type\":\"ListItem\",\"position\":1,\"name\":\"\u0627\u0644\u0631\u0626\u064a\u0633\u064a\u0629\",\"item\":\"https:\\\/\\\/shanabooks.de\\\/de\\\/\"},{\"@type\":\"ListItem\",\"position\":2,\"name\":\"\u0627\u0644\u0645\u0646\u062a\u062c\u0627\u062a\",\"item\":\"https:\\\/\\\/shanabooks.de\\\/shop\\\/\"},{\"@type\":\"ListItem\",\"position\":3,\"name\":\"\u015eerefnameya Menz\u00fbm\"}]},{\"@type\":\"WebSite\",\"@id\":\"https:\\\/\\\/shanabooks.de\\\/#website\",\"url\":\"https:\\\/\\\/shanabooks.de\\\/\",\"name\":\"www.shanbooks.de\",\"description\":\"C\u00eehana Pirt\u00fbk\u00ean Kurd\u00ee \u0645\u0643\u062a\u0628\u0629 \u0634\u0627\u0646\u0627 \u0641\u064a \u0627\u0644\u0645\u0627\u0646\u064a\u0627 \u0648\u0623\u0648\u0631\u0628\u0627\",\"publisher\":{\"@id\":\"https:\\\/\\\/shanabooks.de\\\/#organization\"},\"potentialAction\":[{\"@type\":\"SearchAction\",\"target\":{\"@type\":\"EntryPoint\",\"urlTemplate\":\"https:\\\/\\\/shanabooks.de\\\/?s={search_term_string}\"},\"query-input\":{\"@type\":\"PropertyValueSpecification\",\"valueRequired\":true,\"valueName\":\"search_term_string\"}}],\"inLanguage\":\"de\"},{\"@type\":\"Organization\",\"@id\":\"https:\\\/\\\/shanabooks.de\\\/#organization\",\"name\":\"www.shanbooks.de\",\"url\":\"https:\\\/\\\/shanabooks.de\\\/\",\"logo\":{\"@type\":\"ImageObject\",\"inLanguage\":\"de\",\"@id\":\"https:\\\/\\\/shanabooks.de\\\/#\\\/schema\\\/logo\\\/image\\\/\",\"url\":\"https:\\\/\\\/shanabooks.de\\\/wp-content\\\/uploads\\\/2024\\\/03\\\/SHANABOOKS__2_-removebg-preview.png\",\"contentUrl\":\"https:\\\/\\\/shanabooks.de\\\/wp-content\\\/uploads\\\/2024\\\/03\\\/SHANABOOKS__2_-removebg-preview.png\",\"width\":700,\"height\":150,\"caption\":\"www.shanbooks.de\"},\"image\":{\"@id\":\"https:\\\/\\\/shanabooks.de\\\/#\\\/schema\\\/logo\\\/image\\\/\"}}]}<\/script>\n<!-- \/ Yoast SEO plugin. -->","yoast_head_json":{"title":"\u015eerefnameya Menz\u00fbm - Cegerxw\u00een - www.shanabooks.de","description":"\u015eerefnameya Menz\u00fbm - Cegerxw\u00een \u201c\u015ei\u2018ra kurmanciya bakur ku bi \u015fi\u2018ra Ciz\u00eer\u00ee li asoy\u00ea edebiyata me ge\u015f b\u00fbb\u00fb, bi \u015fi\u2018ra Xan\u00ee kete xizmeta \u00eedeolojiya mil\u00ee. Di ...","robots":{"index":"index","follow":"follow","max-snippet":"max-snippet:-1","max-image-preview":"max-image-preview:large","max-video-preview":"max-video-preview:-1"},"canonical":"https:\/\/shanabooks.de\/product\/serefnameya-menzum-cegerxwin\/","og_locale":"de_DE","og_type":"article","og_title":"\u015eerefnameya Menz\u00fbm - Cegerxw\u00een - www.shanabooks.de","og_description":"\u015eerefnameya Menz\u00fbm - Cegerxw\u00een \u201c\u015ei\u2018ra kurmanciya bakur ku bi \u015fi\u2018ra Ciz\u00eer\u00ee li asoy\u00ea edebiyata me ge\u015f b\u00fbb\u00fb, bi \u015fi\u2018ra Xan\u00ee kete xizmeta \u00eedeolojiya mil\u00ee. Di ...","og_url":"https:\/\/shanabooks.de\/product\/serefnameya-menzum-cegerxwin\/","og_site_name":"www.shanabooks.de","article_modified_time":"2025-12-31T17:19:34+00:00","og_image":[{"width":592,"height":900,"url":"https:\/\/shanabooks.de\/wp-content\/uploads\/2024\/03\/Serefnameya-Menzum.jpg","type":"image\/jpeg"}],"twitter_card":"summary_large_image","twitter_misc":{"Gesch\u00e4tzte Lesezeit":"2\u00a0Minuten"},"schema":{"@context":"https:\/\/schema.org","@graph":[{"@type":"WebPage","@id":"https:\/\/shanabooks.de\/product\/serefnameya-menzum-cegerxwin\/","url":"https:\/\/shanabooks.de\/product\/serefnameya-menzum-cegerxwin\/","name":"\u015eerefnameya Menz\u00fbm - Cegerxw\u00een - www.shanabooks.de","isPartOf":{"@id":"https:\/\/shanabooks.de\/#website"},"primaryImageOfPage":{"@id":"https:\/\/shanabooks.de\/product\/serefnameya-menzum-cegerxwin\/#primaryimage"},"image":{"@id":"https:\/\/shanabooks.de\/product\/serefnameya-menzum-cegerxwin\/#primaryimage"},"thumbnailUrl":"https:\/\/shanabooks.de\/wp-content\/uploads\/2024\/03\/Serefnameya-Menzum.jpg","datePublished":"2024-03-03T19:42:04+00:00","dateModified":"2025-12-31T17:19:34+00:00","description":"\u015eerefnameya Menz\u00fbm - Cegerxw\u00een \u201c\u015ei\u2018ra kurmanciya bakur ku bi \u015fi\u2018ra Ciz\u00eer\u00ee li asoy\u00ea edebiyata me ge\u015f b\u00fbb\u00fb, bi \u015fi\u2018ra Xan\u00ee kete xizmeta \u00eedeolojiya mil\u00ee. Di ...","breadcrumb":{"@id":"https:\/\/shanabooks.de\/product\/serefnameya-menzum-cegerxwin\/#breadcrumb"},"inLanguage":"de","potentialAction":[{"@type":"ReadAction","target":["https:\/\/shanabooks.de\/product\/serefnameya-menzum-cegerxwin\/"]}]},{"@type":"ImageObject","inLanguage":"de","@id":"https:\/\/shanabooks.de\/product\/serefnameya-menzum-cegerxwin\/#primaryimage","url":"https:\/\/shanabooks.de\/wp-content\/uploads\/2024\/03\/Serefnameya-Menzum.jpg","contentUrl":"https:\/\/shanabooks.de\/wp-content\/uploads\/2024\/03\/Serefnameya-Menzum.jpg","width":592,"height":900,"caption":"\u015eerefnameya Menz\u00fbm - Cegerxw\u00een - pirt\u00fbk\u00ean kurd\u00ee - helbest"},{"@type":"BreadcrumbList","@id":"https:\/\/shanabooks.de\/product\/serefnameya-menzum-cegerxwin\/#breadcrumb","itemListElement":[{"@type":"ListItem","position":1,"name":"\u0627\u0644\u0631\u0626\u064a\u0633\u064a\u0629","item":"https:\/\/shanabooks.de\/de\/"},{"@type":"ListItem","position":2,"name":"\u0627\u0644\u0645\u0646\u062a\u062c\u0627\u062a","item":"https:\/\/shanabooks.de\/shop\/"},{"@type":"ListItem","position":3,"name":"\u015eerefnameya Menz\u00fbm"}]},{"@type":"WebSite","@id":"https:\/\/shanabooks.de\/#website","url":"https:\/\/shanabooks.de\/","name":"www.shanbooks.de","description":"C\u00eehana Pirt\u00fbk\u00ean Kurd\u00ee \u0645\u0643\u062a\u0628\u0629 \u0634\u0627\u0646\u0627 \u0641\u064a \u0627\u0644\u0645\u0627\u0646\u064a\u0627 \u0648\u0623\u0648\u0631\u0628\u0627","publisher":{"@id":"https:\/\/shanabooks.de\/#organization"},"potentialAction":[{"@type":"SearchAction","target":{"@type":"EntryPoint","urlTemplate":"https:\/\/shanabooks.de\/?s={search_term_string}"},"query-input":{"@type":"PropertyValueSpecification","valueRequired":true,"valueName":"search_term_string"}}],"inLanguage":"de"},{"@type":"Organization","@id":"https:\/\/shanabooks.de\/#organization","name":"www.shanbooks.de","url":"https:\/\/shanabooks.de\/","logo":{"@type":"ImageObject","inLanguage":"de","@id":"https:\/\/shanabooks.de\/#\/schema\/logo\/image\/","url":"https:\/\/shanabooks.de\/wp-content\/uploads\/2024\/03\/SHANABOOKS__2_-removebg-preview.png","contentUrl":"https:\/\/shanabooks.de\/wp-content\/uploads\/2024\/03\/SHANABOOKS__2_-removebg-preview.png","width":700,"height":150,"caption":"www.shanbooks.de"},"image":{"@id":"https:\/\/shanabooks.de\/#\/schema\/logo\/image\/"}}]}},"jetpack_sharing_enabled":true,"_links":{"self":[{"href":"https:\/\/shanabooks.de\/de\/wp-json\/wp\/v2\/product\/12243","targetHints":{"allow":["GET"]}}],"collection":[{"href":"https:\/\/shanabooks.de\/de\/wp-json\/wp\/v2\/product"}],"about":[{"href":"https:\/\/shanabooks.de\/de\/wp-json\/wp\/v2\/types\/product"}],"version-history":[{"count":3,"href":"https:\/\/shanabooks.de\/de\/wp-json\/wp\/v2\/product\/12243\/revisions"}],"predecessor-version":[{"id":22151,"href":"https:\/\/shanabooks.de\/de\/wp-json\/wp\/v2\/product\/12243\/revisions\/22151"}],"wp:featuredmedia":[{"embeddable":true,"href":"https:\/\/shanabooks.de\/de\/wp-json\/wp\/v2\/media\/12322"}],"wp:attachment":[{"href":"https:\/\/shanabooks.de\/de\/wp-json\/wp\/v2\/media?parent=12243"}],"wp:term":[{"taxonomy":"product_brand","embeddable":true,"href":"https:\/\/shanabooks.de\/de\/wp-json\/wp\/v2\/product_brand?post=12243"},{"taxonomy":"product_cat","embeddable":true,"href":"https:\/\/shanabooks.de\/de\/wp-json\/wp\/v2\/product_cat?post=12243"},{"taxonomy":"product_tag","embeddable":true,"href":"https:\/\/shanabooks.de\/de\/wp-json\/wp\/v2\/product_tag?post=12243"}],"curies":[{"name":"wp","href":"https:\/\/api.w.org\/{rel}","templated":true}]}}