{"id":12244,"date":"2024-03-03T19:42:04","date_gmt":"2024-03-03T19:42:04","guid":{"rendered":"https:\/\/shanabooks.de\/?post_type=product&#038;p=12244"},"modified":"2025-12-31T17:28:07","modified_gmt":"2025-12-31T17:28:07","slug":"banga-cegerxwin-ji-gore-boniye-suad-cegerxwin","status":"publish","type":"product","link":"https:\/\/shanabooks.de\/de\/product\/banga-cegerxwin-ji-gore-boniye-suad-cegerxwin\/","title":{"rendered":"Banga Cegerxw\u00een ji Gor\u00ea"},"content":{"rendered":"<p dir=\"ltr\"><strong>banga Cegerxw\u00een ji gor\u00ea &#8211; Bon\u00eeye-Suad Cegerxw\u00een<\/strong><\/p>\n<p dir=\"ltr\">Kurdistana min! Bi salan e li ser te ez dinalim Dikim q\u00eer \u00fb hawar tim\u00ee bi v\u00een\u00ea Li min b&#8217;b\u00fbre nema \u00ead\u00ee dikarim Li gor me b\u00ea deng im ez li j\u00een\u00ea Dixwazim kefen bigrim bi\u00e7ir\u00eenim Ser\u00ee hildim ji nav tax\u00ean zem\u00een\u00ea Ke\u00e7\u00ean Kurda tev\u00ee xortan dinalin Cegerxw\u00eeno were hana bir\u00een\u00ea Ev banga helbestkar\u00ea nemir Cegerxw\u00een a di d\u00eewana Banga Cegerxw\u00een Ji Gor\u00ea ya ji teref ke\u00e7a w\u00ee Bon\u00eeye-Suad\u00ea ve hatiye niv\u00eesandin de, giyan\u00ea nemir \u00ea helbestk\u00ear radigih\u00eene roja t\u00eadey\u00ee \u00fb bi rew\u015f \u00fb der\u00fbn\u00eeya Kurd\u00eestan\u00eeyan ve p\u00eawend\u00eedar dike ku ger Cegerxw\u00een li j\u00eeyan\u00ea b\u00fby\u00ea d\u00ea bi hest\u00ean xwe y\u00ean bi v\u00ee away\u00ee deng bidaya wan. Bon\u00eeye-Suad Cegerxw\u00een reh \u00fb r\u00ee\u015fal\u00ea berday\u00ee y\u00ea Cegerxw\u00een e ku bi heman \u015f\u00eawaz, heman k\u00ea\u015fsaz\u00ee \u00fb heman daxwaz\u00ean bav\u00ea xwe weke jineke Kurd a azad tevger\u00eeyaye \u00fb deng\u00ea xwe gihandiye hem\u00fb ke\u00e7 \u00fb jin\u00ean Kurd \u00ean li ser r\u00fbkala din\u00ea.<\/p>\n<p dir=\"ltr\">Pirt\u00fbka helbestan ya bi nav\u00ea banga Cegerxw\u00een ji gor\u00ea ya Bon\u00eeye-Suad Cegerxw\u00een ji we\u015fan\u00ean L\u00ees\u00ea ye.<\/p>\n","protected":false},"excerpt":{"rendered":"<p dir=\"ltr\" style=\"text-align: center\"><strong>Pirt\u00fbk: banga Cegerxw\u00een ji gor\u00ea<\/strong><br \/>\n<strong>Niv\u00eeskar: Bon\u00eeye-Suad Cegerxw\u00een<br \/>\nCure: Helbest<\/strong><\/p>\n","protected":false},"featured_media":12324,"template":"","meta":{"site-sidebar-layout":"default","site-content-layout":"","ast-site-content-layout":"default","site-content-style":"default","site-sidebar-style":"default","ast-global-header-display":"","ast-banner-title-visibility":"","ast-main-header-display":"","ast-hfb-above-header-display":"","ast-hfb-below-header-display":"","ast-hfb-mobile-header-display":"","site-post-title":"","ast-breadcrumbs-content":"","ast-featured-img":"","footer-sml-layout":"","ast-disable-related-posts":"","theme-transparent-header-meta":"default","adv-header-id-meta":"","stick-header-meta":"","header-above-stick-meta":"","header-main-stick-meta":"","header-below-stick-meta":"","astra-migrate-meta-layouts":"set","ast-page-background-enabled":"default","ast-page-background-meta":{"desktop":{"background-color":"","background-image":"","background-repeat":"repeat","background-position":"center center","background-size":"auto","background-attachment":"scroll","background-type":"","background-media":"","overlay-type":"","overlay-color":"","overlay-opacity":"","overlay-gradient":""},"tablet":{"background-color":"","background-image":"","background-repeat":"repeat","background-position":"center center","background-size":"auto","background-attachment":"scroll","background-type":"","background-media":"","overlay-type":"","overlay-color":"","overlay-opacity":"","overlay-gradient":""},"mobile":{"background-color":"","background-image":"","background-repeat":"repeat","background-position":"center center","background-size":"auto","background-attachment":"scroll","background-type":"","background-media":"","overlay-type":"","overlay-color":"","overlay-opacity":"","overlay-gradient":""}},"ast-content-background-meta":{"desktop":{"background-color":"var(--ast-global-color-5)","background-image":"","background-repeat":"repeat","background-position":"center center","background-size":"auto","background-attachment":"scroll","background-type":"","background-media":"","overlay-type":"","overlay-color":"","overlay-opacity":"","overlay-gradient":""},"tablet":{"background-color":"var(--ast-global-color-5)","background-image":"","background-repeat":"repeat","background-position":"center center","background-size":"auto","background-attachment":"scroll","background-type":"","background-media":"","overlay-type":"","overlay-color":"","overlay-opacity":"","overlay-gradient":""},"mobile":{"background-color":"var(--ast-global-color-5)","background-image":"","background-repeat":"repeat","background-position":"center center","background-size":"auto","background-attachment":"scroll","background-type":"","background-media":"","overlay-type":"","overlay-color":"","overlay-opacity":"","overlay-gradient":""}}},"product_brand":[],"product_cat":[184,193],"product_tag":[],"class_list":{"0":"post-12244","1":"product","2":"type-product","3":"status-publish","4":"has-post-thumbnail","6":"product_cat-_","7":"product_cat--_","8":"pa_-helbest","9":"pa_-boniye-suad-cegerxwin","10":"pa_-kurmanci","11":"pa_--lis-yayinevi","12":"desktop-align-left","13":"tablet-align-left","14":"mobile-align-left","16":"first","17":"outofstock","18":"shipping-taxable","19":"purchasable","20":"product-type-simple"},"yoast_head":"<!-- This site is optimized with the Yoast SEO plugin v27.5 - https:\/\/yoast.com\/product\/yoast-seo-wordpress\/ -->\n<title>banga Cegerxw\u00een ji gor\u00ea - Bon\u00eeye-Suad Cegerxw\u00een - www.shanabooks.de<\/title>\n<meta name=\"description\" content=\"banga Cegerxw\u00een ji gor\u00ea - Bon\u00eeye-Suad Cegerxw\u00een Kurdistana min! Bi salan e li ser te ez dinalim Dikim q\u00eer \u00fb hawar tim\u00ee bi v\u00een\u00ea Li min b&#039;b\u00fbre nema \u00ead\u00ee dik...\" \/>\n<meta name=\"robots\" content=\"index, follow, max-snippet:-1, max-image-preview:large, max-video-preview:-1\" \/>\n<link rel=\"canonical\" href=\"https:\/\/shanabooks.de\/product\/banga-cegerxwin-ji-gore-boniye-suad-cegerxwin\/\" \/>\n<meta property=\"og:locale\" content=\"de_DE\" \/>\n<meta property=\"og:type\" content=\"article\" \/>\n<meta property=\"og:title\" content=\"banga Cegerxw\u00een ji gor\u00ea - Bon\u00eeye-Suad Cegerxw\u00een - www.shanabooks.de\" \/>\n<meta property=\"og:description\" content=\"banga Cegerxw\u00een ji gor\u00ea - Bon\u00eeye-Suad Cegerxw\u00een Kurdistana min! Bi salan e li ser te ez dinalim Dikim q\u00eer \u00fb hawar tim\u00ee bi v\u00een\u00ea Li min b&#039;b\u00fbre nema \u00ead\u00ee dik...\" \/>\n<meta property=\"og:url\" content=\"https:\/\/shanabooks.de\/product\/banga-cegerxwin-ji-gore-boniye-suad-cegerxwin\/\" \/>\n<meta property=\"og:site_name\" content=\"www.shanabooks.de\" \/>\n<meta property=\"article:modified_time\" content=\"2025-12-31T17:28:07+00:00\" \/>\n<meta property=\"og:image\" content=\"https:\/\/shanabooks.de\/wp-content\/uploads\/2024\/03\/Banga-Cegerxwin-ji-Gore.png\" \/>\n\t<meta property=\"og:image:width\" content=\"320\" \/>\n\t<meta property=\"og:image:height\" content=\"481\" \/>\n\t<meta property=\"og:image:type\" content=\"image\/png\" \/>\n<meta name=\"twitter:card\" content=\"summary_large_image\" \/>\n<meta name=\"twitter:label1\" content=\"Gesch\u00e4tzte Lesezeit\" \/>\n\t<meta name=\"twitter:data1\" content=\"2\u00a0Minuten\" \/>\n<script type=\"application\/ld+json\" class=\"yoast-schema-graph\">{\"@context\":\"https:\\\/\\\/schema.org\",\"@graph\":[{\"@type\":\"WebPage\",\"@id\":\"https:\\\/\\\/shanabooks.de\\\/product\\\/banga-cegerxwin-ji-gore-boniye-suad-cegerxwin\\\/\",\"url\":\"https:\\\/\\\/shanabooks.de\\\/product\\\/banga-cegerxwin-ji-gore-boniye-suad-cegerxwin\\\/\",\"name\":\"banga Cegerxw\u00een ji gor\u00ea - Bon\u00eeye-Suad Cegerxw\u00een - www.shanabooks.de\",\"isPartOf\":{\"@id\":\"https:\\\/\\\/shanabooks.de\\\/#website\"},\"primaryImageOfPage\":{\"@id\":\"https:\\\/\\\/shanabooks.de\\\/product\\\/banga-cegerxwin-ji-gore-boniye-suad-cegerxwin\\\/#primaryimage\"},\"image\":{\"@id\":\"https:\\\/\\\/shanabooks.de\\\/product\\\/banga-cegerxwin-ji-gore-boniye-suad-cegerxwin\\\/#primaryimage\"},\"thumbnailUrl\":\"https:\\\/\\\/shanabooks.de\\\/wp-content\\\/uploads\\\/2024\\\/03\\\/Banga-Cegerxwin-ji-Gore.png\",\"datePublished\":\"2024-03-03T19:42:04+00:00\",\"dateModified\":\"2025-12-31T17:28:07+00:00\",\"description\":\"banga Cegerxw\u00een ji gor\u00ea - Bon\u00eeye-Suad Cegerxw\u00een Kurdistana min! Bi salan e li ser te ez dinalim Dikim q\u00eer \u00fb hawar tim\u00ee bi v\u00een\u00ea Li min b'b\u00fbre nema \u00ead\u00ee dik...\",\"breadcrumb\":{\"@id\":\"https:\\\/\\\/shanabooks.de\\\/product\\\/banga-cegerxwin-ji-gore-boniye-suad-cegerxwin\\\/#breadcrumb\"},\"inLanguage\":\"de\",\"potentialAction\":[{\"@type\":\"ReadAction\",\"target\":[\"https:\\\/\\\/shanabooks.de\\\/product\\\/banga-cegerxwin-ji-gore-boniye-suad-cegerxwin\\\/\"]}]},{\"@type\":\"ImageObject\",\"inLanguage\":\"de\",\"@id\":\"https:\\\/\\\/shanabooks.de\\\/product\\\/banga-cegerxwin-ji-gore-boniye-suad-cegerxwin\\\/#primaryimage\",\"url\":\"https:\\\/\\\/shanabooks.de\\\/wp-content\\\/uploads\\\/2024\\\/03\\\/Banga-Cegerxwin-ji-Gore.png\",\"contentUrl\":\"https:\\\/\\\/shanabooks.de\\\/wp-content\\\/uploads\\\/2024\\\/03\\\/Banga-Cegerxwin-ji-Gore.png\",\"width\":320,\"height\":481,\"caption\":\"banga Cegerxw\u00een ji gor\u00ea - Bon\u00eeye-Suad Cegerxw\u00een - pirt\u00fbk\u00ean kurd\u00ee - helbest\"},{\"@type\":\"BreadcrumbList\",\"@id\":\"https:\\\/\\\/shanabooks.de\\\/product\\\/banga-cegerxwin-ji-gore-boniye-suad-cegerxwin\\\/#breadcrumb\",\"itemListElement\":[{\"@type\":\"ListItem\",\"position\":1,\"name\":\"\u0627\u0644\u0631\u0626\u064a\u0633\u064a\u0629\",\"item\":\"https:\\\/\\\/shanabooks.de\\\/de\\\/\"},{\"@type\":\"ListItem\",\"position\":2,\"name\":\"\u0627\u0644\u0645\u0646\u062a\u062c\u0627\u062a\",\"item\":\"https:\\\/\\\/shanabooks.de\\\/shop\\\/\"},{\"@type\":\"ListItem\",\"position\":3,\"name\":\"Banga Cegerxw\u00een ji Gor\u00ea\"}]},{\"@type\":\"WebSite\",\"@id\":\"https:\\\/\\\/shanabooks.de\\\/#website\",\"url\":\"https:\\\/\\\/shanabooks.de\\\/\",\"name\":\"www.shanbooks.de\",\"description\":\"C\u00eehana Pirt\u00fbk\u00ean Kurd\u00ee \u0645\u0643\u062a\u0628\u0629 \u0634\u0627\u0646\u0627 \u0641\u064a \u0627\u0644\u0645\u0627\u0646\u064a\u0627 \u0648\u0623\u0648\u0631\u0628\u0627\",\"publisher\":{\"@id\":\"https:\\\/\\\/shanabooks.de\\\/#organization\"},\"potentialAction\":[{\"@type\":\"SearchAction\",\"target\":{\"@type\":\"EntryPoint\",\"urlTemplate\":\"https:\\\/\\\/shanabooks.de\\\/?s={search_term_string}\"},\"query-input\":{\"@type\":\"PropertyValueSpecification\",\"valueRequired\":true,\"valueName\":\"search_term_string\"}}],\"inLanguage\":\"de\"},{\"@type\":\"Organization\",\"@id\":\"https:\\\/\\\/shanabooks.de\\\/#organization\",\"name\":\"www.shanbooks.de\",\"url\":\"https:\\\/\\\/shanabooks.de\\\/\",\"logo\":{\"@type\":\"ImageObject\",\"inLanguage\":\"de\",\"@id\":\"https:\\\/\\\/shanabooks.de\\\/#\\\/schema\\\/logo\\\/image\\\/\",\"url\":\"https:\\\/\\\/shanabooks.de\\\/wp-content\\\/uploads\\\/2024\\\/03\\\/SHANABOOKS__2_-removebg-preview.png\",\"contentUrl\":\"https:\\\/\\\/shanabooks.de\\\/wp-content\\\/uploads\\\/2024\\\/03\\\/SHANABOOKS__2_-removebg-preview.png\",\"width\":700,\"height\":150,\"caption\":\"www.shanbooks.de\"},\"image\":{\"@id\":\"https:\\\/\\\/shanabooks.de\\\/#\\\/schema\\\/logo\\\/image\\\/\"}}]}<\/script>\n<!-- \/ Yoast SEO plugin. -->","yoast_head_json":{"title":"banga Cegerxw\u00een ji gor\u00ea - Bon\u00eeye-Suad Cegerxw\u00een - www.shanabooks.de","description":"banga Cegerxw\u00een ji gor\u00ea - Bon\u00eeye-Suad Cegerxw\u00een Kurdistana min! Bi salan e li ser te ez dinalim Dikim q\u00eer \u00fb hawar tim\u00ee bi v\u00een\u00ea Li min b'b\u00fbre nema \u00ead\u00ee dik...","robots":{"index":"index","follow":"follow","max-snippet":"max-snippet:-1","max-image-preview":"max-image-preview:large","max-video-preview":"max-video-preview:-1"},"canonical":"https:\/\/shanabooks.de\/product\/banga-cegerxwin-ji-gore-boniye-suad-cegerxwin\/","og_locale":"de_DE","og_type":"article","og_title":"banga Cegerxw\u00een ji gor\u00ea - Bon\u00eeye-Suad Cegerxw\u00een - www.shanabooks.de","og_description":"banga Cegerxw\u00een ji gor\u00ea - Bon\u00eeye-Suad Cegerxw\u00een Kurdistana min! Bi salan e li ser te ez dinalim Dikim q\u00eer \u00fb hawar tim\u00ee bi v\u00een\u00ea Li min b'b\u00fbre nema \u00ead\u00ee dik...","og_url":"https:\/\/shanabooks.de\/product\/banga-cegerxwin-ji-gore-boniye-suad-cegerxwin\/","og_site_name":"www.shanabooks.de","article_modified_time":"2025-12-31T17:28:07+00:00","og_image":[{"width":320,"height":481,"url":"https:\/\/shanabooks.de\/wp-content\/uploads\/2024\/03\/Banga-Cegerxwin-ji-Gore.png","type":"image\/png"}],"twitter_card":"summary_large_image","twitter_misc":{"Gesch\u00e4tzte Lesezeit":"2\u00a0Minuten"},"schema":{"@context":"https:\/\/schema.org","@graph":[{"@type":"WebPage","@id":"https:\/\/shanabooks.de\/product\/banga-cegerxwin-ji-gore-boniye-suad-cegerxwin\/","url":"https:\/\/shanabooks.de\/product\/banga-cegerxwin-ji-gore-boniye-suad-cegerxwin\/","name":"banga Cegerxw\u00een ji gor\u00ea - Bon\u00eeye-Suad Cegerxw\u00een - www.shanabooks.de","isPartOf":{"@id":"https:\/\/shanabooks.de\/#website"},"primaryImageOfPage":{"@id":"https:\/\/shanabooks.de\/product\/banga-cegerxwin-ji-gore-boniye-suad-cegerxwin\/#primaryimage"},"image":{"@id":"https:\/\/shanabooks.de\/product\/banga-cegerxwin-ji-gore-boniye-suad-cegerxwin\/#primaryimage"},"thumbnailUrl":"https:\/\/shanabooks.de\/wp-content\/uploads\/2024\/03\/Banga-Cegerxwin-ji-Gore.png","datePublished":"2024-03-03T19:42:04+00:00","dateModified":"2025-12-31T17:28:07+00:00","description":"banga Cegerxw\u00een ji gor\u00ea - Bon\u00eeye-Suad Cegerxw\u00een Kurdistana min! Bi salan e li ser te ez dinalim Dikim q\u00eer \u00fb hawar tim\u00ee bi v\u00een\u00ea Li min b'b\u00fbre nema \u00ead\u00ee dik...","breadcrumb":{"@id":"https:\/\/shanabooks.de\/product\/banga-cegerxwin-ji-gore-boniye-suad-cegerxwin\/#breadcrumb"},"inLanguage":"de","potentialAction":[{"@type":"ReadAction","target":["https:\/\/shanabooks.de\/product\/banga-cegerxwin-ji-gore-boniye-suad-cegerxwin\/"]}]},{"@type":"ImageObject","inLanguage":"de","@id":"https:\/\/shanabooks.de\/product\/banga-cegerxwin-ji-gore-boniye-suad-cegerxwin\/#primaryimage","url":"https:\/\/shanabooks.de\/wp-content\/uploads\/2024\/03\/Banga-Cegerxwin-ji-Gore.png","contentUrl":"https:\/\/shanabooks.de\/wp-content\/uploads\/2024\/03\/Banga-Cegerxwin-ji-Gore.png","width":320,"height":481,"caption":"banga Cegerxw\u00een ji gor\u00ea - Bon\u00eeye-Suad Cegerxw\u00een - pirt\u00fbk\u00ean kurd\u00ee - helbest"},{"@type":"BreadcrumbList","@id":"https:\/\/shanabooks.de\/product\/banga-cegerxwin-ji-gore-boniye-suad-cegerxwin\/#breadcrumb","itemListElement":[{"@type":"ListItem","position":1,"name":"\u0627\u0644\u0631\u0626\u064a\u0633\u064a\u0629","item":"https:\/\/shanabooks.de\/de\/"},{"@type":"ListItem","position":2,"name":"\u0627\u0644\u0645\u0646\u062a\u062c\u0627\u062a","item":"https:\/\/shanabooks.de\/shop\/"},{"@type":"ListItem","position":3,"name":"Banga Cegerxw\u00een ji Gor\u00ea"}]},{"@type":"WebSite","@id":"https:\/\/shanabooks.de\/#website","url":"https:\/\/shanabooks.de\/","name":"www.shanbooks.de","description":"C\u00eehana Pirt\u00fbk\u00ean Kurd\u00ee \u0645\u0643\u062a\u0628\u0629 \u0634\u0627\u0646\u0627 \u0641\u064a \u0627\u0644\u0645\u0627\u0646\u064a\u0627 \u0648\u0623\u0648\u0631\u0628\u0627","publisher":{"@id":"https:\/\/shanabooks.de\/#organization"},"potentialAction":[{"@type":"SearchAction","target":{"@type":"EntryPoint","urlTemplate":"https:\/\/shanabooks.de\/?s={search_term_string}"},"query-input":{"@type":"PropertyValueSpecification","valueRequired":true,"valueName":"search_term_string"}}],"inLanguage":"de"},{"@type":"Organization","@id":"https:\/\/shanabooks.de\/#organization","name":"www.shanbooks.de","url":"https:\/\/shanabooks.de\/","logo":{"@type":"ImageObject","inLanguage":"de","@id":"https:\/\/shanabooks.de\/#\/schema\/logo\/image\/","url":"https:\/\/shanabooks.de\/wp-content\/uploads\/2024\/03\/SHANABOOKS__2_-removebg-preview.png","contentUrl":"https:\/\/shanabooks.de\/wp-content\/uploads\/2024\/03\/SHANABOOKS__2_-removebg-preview.png","width":700,"height":150,"caption":"www.shanbooks.de"},"image":{"@id":"https:\/\/shanabooks.de\/#\/schema\/logo\/image\/"}}]}},"jetpack_sharing_enabled":true,"_links":{"self":[{"href":"https:\/\/shanabooks.de\/de\/wp-json\/wp\/v2\/product\/12244","targetHints":{"allow":["GET"]}}],"collection":[{"href":"https:\/\/shanabooks.de\/de\/wp-json\/wp\/v2\/product"}],"about":[{"href":"https:\/\/shanabooks.de\/de\/wp-json\/wp\/v2\/types\/product"}],"version-history":[{"count":3,"href":"https:\/\/shanabooks.de\/de\/wp-json\/wp\/v2\/product\/12244\/revisions"}],"predecessor-version":[{"id":22148,"href":"https:\/\/shanabooks.de\/de\/wp-json\/wp\/v2\/product\/12244\/revisions\/22148"}],"wp:featuredmedia":[{"embeddable":true,"href":"https:\/\/shanabooks.de\/de\/wp-json\/wp\/v2\/media\/12324"}],"wp:attachment":[{"href":"https:\/\/shanabooks.de\/de\/wp-json\/wp\/v2\/media?parent=12244"}],"wp:term":[{"taxonomy":"product_brand","embeddable":true,"href":"https:\/\/shanabooks.de\/de\/wp-json\/wp\/v2\/product_brand?post=12244"},{"taxonomy":"product_cat","embeddable":true,"href":"https:\/\/shanabooks.de\/de\/wp-json\/wp\/v2\/product_cat?post=12244"},{"taxonomy":"product_tag","embeddable":true,"href":"https:\/\/shanabooks.de\/de\/wp-json\/wp\/v2\/product_tag?post=12244"}],"curies":[{"name":"wp","href":"https:\/\/api.w.org\/{rel}","templated":true}]}}