{"id":12246,"date":"2024-03-03T19:42:04","date_gmt":"2024-03-03T19:42:04","guid":{"rendered":"https:\/\/shanabooks.de\/?post_type=product&#038;p=12246"},"modified":"2024-03-21T23:39:00","modified_gmt":"2024-03-21T23:39:00","slug":"alole-perwiz-cihani","status":"publish","type":"product","link":"https:\/\/shanabooks.de\/de\/product\/alole-perwiz-cihani\/","title":{"rendered":"Alole"},"content":{"rendered":"<p dir=\"ltr\"><strong>Alole &#8211; Perw\u00eez Cihan\u00ee<\/strong><\/p>\n<p dir=\"ltr\">Pirt\u00fbka niv\u00eeskar\u00ea Navdar \u00ea Rojhilat\u00ea Kurdistan\u00ea Perw\u00eez C\u00eehan\u00ee ji 24 kurte\u00e7\u00eerokan p\u00eak t\u00ea. \u00c7\u00eerok behsa jiyana civak\u00ee ya kurdan, \u00e7anda civak\u00ee, bi taybet\u00ee j\u00ee ya rojhilat\u00ea Kurdistan\u00ea dikin. Di berhem\u00ea de bi sedan peyvan ku di tu ferhengan de tune ne cih digirin. Ev j\u00ee li gel dewlemend\u00eeya w\u00eajey\u00ee, dewlemend\u00eeya ziman j\u00ee radixe ber \u00e7avan. Ev peyv di daw\u00eeya pirt\u00fbk\u00ea de wek\u00ee ferhengok hatine day\u00een.<\/p>\n<p>&nbsp;<\/p>\n","protected":false},"excerpt":{"rendered":"<p dir=\"ltr\" style=\"text-align: center\"><strong>Pirt\u00fbk: Alole<\/strong><br \/>\n<strong>Niv\u00eeskar: Perw\u00eez Cihan\u00ee<br \/>\nCure: Kurte\u00e7\u00eerok<br \/>\n<\/strong><\/p>\n","protected":false},"featured_media":12328,"template":"","meta":{"site-sidebar-layout":"default","site-content-layout":"","ast-site-content-layout":"default","site-content-style":"default","site-sidebar-style":"default","ast-global-header-display":"","ast-banner-title-visibility":"","ast-main-header-display":"","ast-hfb-above-header-display":"","ast-hfb-below-header-display":"","ast-hfb-mobile-header-display":"","site-post-title":"","ast-breadcrumbs-content":"","ast-featured-img":"","footer-sml-layout":"","ast-disable-related-posts":"","theme-transparent-header-meta":"default","adv-header-id-meta":"","stick-header-meta":"","header-above-stick-meta":"","header-main-stick-meta":"","header-below-stick-meta":"","astra-migrate-meta-layouts":"set","ast-page-background-enabled":"default","ast-page-background-meta":{"desktop":{"background-color":"","background-image":"","background-repeat":"repeat","background-position":"center center","background-size":"auto","background-attachment":"scroll","background-type":"","background-media":"","overlay-type":"","overlay-color":"","overlay-opacity":"","overlay-gradient":""},"tablet":{"background-color":"","background-image":"","background-repeat":"repeat","background-position":"center center","background-size":"auto","background-attachment":"scroll","background-type":"","background-media":"","overlay-type":"","overlay-color":"","overlay-opacity":"","overlay-gradient":""},"mobile":{"background-color":"","background-image":"","background-repeat":"repeat","background-position":"center center","background-size":"auto","background-attachment":"scroll","background-type":"","background-media":"","overlay-type":"","overlay-color":"","overlay-opacity":"","overlay-gradient":""}},"ast-content-background-meta":{"desktop":{"background-color":"var(--ast-global-color-5)","background-image":"","background-repeat":"repeat","background-position":"center center","background-size":"auto","background-attachment":"scroll","background-type":"","background-media":"","overlay-type":"","overlay-color":"","overlay-opacity":"","overlay-gradient":""},"tablet":{"background-color":"var(--ast-global-color-5)","background-image":"","background-repeat":"repeat","background-position":"center center","background-size":"auto","background-attachment":"scroll","background-type":"","background-media":"","overlay-type":"","overlay-color":"","overlay-opacity":"","overlay-gradient":""},"mobile":{"background-color":"var(--ast-global-color-5)","background-image":"","background-repeat":"repeat","background-position":"center center","background-size":"auto","background-attachment":"scroll","background-type":"","background-media":"","overlay-type":"","overlay-color":"","overlay-opacity":"","overlay-gradient":""}}},"product_brand":[],"product_cat":[183,193],"product_tag":[],"class_list":{"0":"post-12246","1":"product","2":"type-product","3":"status-publish","4":"has-post-thumbnail","6":"product_cat-_","7":"product_cat--_","8":"pa_-kurtecirok","9":"pa_-perwiz-cihani","10":"pa_-kurmanci","11":"pa_--doz","12":"desktop-align-left","13":"tablet-align-left","14":"mobile-align-left","16":"first","17":"instock","18":"shipping-taxable","19":"purchasable","20":"product-type-simple"},"yoast_head":"<!-- This site is optimized with the Yoast SEO plugin v27.4 - https:\/\/yoast.com\/product\/yoast-seo-wordpress\/ -->\n<title>Alole - Perw\u00eez Cihan\u00ee - www.shanabooks.de<\/title>\n<meta name=\"description\" content=\"Alole - Perw\u00eez Cihan\u00ee Pirt\u00fbka niv\u00eeskar\u00ea Navdar \u00ea Rojhilat\u00ea Kurdistan\u00ea Perw\u00eez C\u00eehan\u00ee ji 24 kurte\u00e7\u00eerokan p\u00eak t\u00ea. \u00c7\u00eerok behsa jiyana civak\u00ee ya kurdan, \u00e7anda...\" \/>\n<meta name=\"robots\" content=\"index, follow, max-snippet:-1, max-image-preview:large, max-video-preview:-1\" \/>\n<link rel=\"canonical\" href=\"https:\/\/shanabooks.de\/product\/alole-perwiz-cihani\/\" \/>\n<meta property=\"og:locale\" content=\"de_DE\" \/>\n<meta property=\"og:type\" content=\"article\" \/>\n<meta property=\"og:title\" content=\"Alole - Perw\u00eez Cihan\u00ee - www.shanabooks.de\" \/>\n<meta property=\"og:description\" content=\"Alole - Perw\u00eez Cihan\u00ee Pirt\u00fbka niv\u00eeskar\u00ea Navdar \u00ea Rojhilat\u00ea Kurdistan\u00ea Perw\u00eez C\u00eehan\u00ee ji 24 kurte\u00e7\u00eerokan p\u00eak t\u00ea. \u00c7\u00eerok behsa jiyana civak\u00ee ya kurdan, \u00e7anda...\" \/>\n<meta property=\"og:url\" content=\"https:\/\/shanabooks.de\/product\/alole-perwiz-cihani\/\" \/>\n<meta property=\"og:site_name\" content=\"www.shanabooks.de\" \/>\n<meta property=\"article:modified_time\" content=\"2024-03-21T23:39:00+00:00\" \/>\n<meta property=\"og:image\" content=\"https:\/\/shanabooks.de\/wp-content\/uploads\/2024\/03\/Alole.png\" \/>\n\t<meta property=\"og:image:width\" content=\"298\" \/>\n\t<meta property=\"og:image:height\" content=\"477\" \/>\n\t<meta property=\"og:image:type\" content=\"image\/png\" \/>\n<meta name=\"twitter:card\" content=\"summary_large_image\" \/>\n<meta name=\"twitter:label1\" content=\"Gesch\u00e4tzte Lesezeit\" \/>\n\t<meta name=\"twitter:data1\" content=\"1\u00a0Minute\" \/>\n<script type=\"application\/ld+json\" class=\"yoast-schema-graph\">{\"@context\":\"https:\\\/\\\/schema.org\",\"@graph\":[{\"@type\":\"WebPage\",\"@id\":\"https:\\\/\\\/shanabooks.de\\\/product\\\/alole-perwiz-cihani\\\/\",\"url\":\"https:\\\/\\\/shanabooks.de\\\/product\\\/alole-perwiz-cihani\\\/\",\"name\":\"Alole - Perw\u00eez Cihan\u00ee - www.shanabooks.de\",\"isPartOf\":{\"@id\":\"https:\\\/\\\/shanabooks.de\\\/#website\"},\"primaryImageOfPage\":{\"@id\":\"https:\\\/\\\/shanabooks.de\\\/product\\\/alole-perwiz-cihani\\\/#primaryimage\"},\"image\":{\"@id\":\"https:\\\/\\\/shanabooks.de\\\/product\\\/alole-perwiz-cihani\\\/#primaryimage\"},\"thumbnailUrl\":\"https:\\\/\\\/shanabooks.de\\\/wp-content\\\/uploads\\\/2024\\\/03\\\/Alole.png\",\"datePublished\":\"2024-03-03T19:42:04+00:00\",\"dateModified\":\"2024-03-21T23:39:00+00:00\",\"description\":\"Alole - Perw\u00eez Cihan\u00ee Pirt\u00fbka niv\u00eeskar\u00ea Navdar \u00ea Rojhilat\u00ea Kurdistan\u00ea Perw\u00eez C\u00eehan\u00ee ji 24 kurte\u00e7\u00eerokan p\u00eak t\u00ea. \u00c7\u00eerok behsa jiyana civak\u00ee ya kurdan, \u00e7anda...\",\"breadcrumb\":{\"@id\":\"https:\\\/\\\/shanabooks.de\\\/product\\\/alole-perwiz-cihani\\\/#breadcrumb\"},\"inLanguage\":\"de\",\"potentialAction\":[{\"@type\":\"ReadAction\",\"target\":[\"https:\\\/\\\/shanabooks.de\\\/product\\\/alole-perwiz-cihani\\\/\"]}]},{\"@type\":\"ImageObject\",\"inLanguage\":\"de\",\"@id\":\"https:\\\/\\\/shanabooks.de\\\/product\\\/alole-perwiz-cihani\\\/#primaryimage\",\"url\":\"https:\\\/\\\/shanabooks.de\\\/wp-content\\\/uploads\\\/2024\\\/03\\\/Alole.png\",\"contentUrl\":\"https:\\\/\\\/shanabooks.de\\\/wp-content\\\/uploads\\\/2024\\\/03\\\/Alole.png\",\"width\":298,\"height\":477,\"caption\":\"Alole - Perw\u00eez Cihan\u00ee - pirt\u00fbk\u00ean kurd\u00ee - \u00e7\u00eerok\"},{\"@type\":\"BreadcrumbList\",\"@id\":\"https:\\\/\\\/shanabooks.de\\\/product\\\/alole-perwiz-cihani\\\/#breadcrumb\",\"itemListElement\":[{\"@type\":\"ListItem\",\"position\":1,\"name\":\"\u0627\u0644\u0631\u0626\u064a\u0633\u064a\u0629\",\"item\":\"https:\\\/\\\/shanabooks.de\\\/de\\\/\"},{\"@type\":\"ListItem\",\"position\":2,\"name\":\"\u0627\u0644\u0645\u0646\u062a\u062c\u0627\u062a\",\"item\":\"https:\\\/\\\/shanabooks.de\\\/shop\\\/\"},{\"@type\":\"ListItem\",\"position\":3,\"name\":\"Alole\"}]},{\"@type\":\"WebSite\",\"@id\":\"https:\\\/\\\/shanabooks.de\\\/#website\",\"url\":\"https:\\\/\\\/shanabooks.de\\\/\",\"name\":\"www.shanbooks.de\",\"description\":\"C\u00eehana Pirt\u00fbk\u00ean Kurd\u00ee \u0645\u0643\u062a\u0628\u0629 \u0634\u0627\u0646\u0627 \u0641\u064a \u0627\u0644\u0645\u0627\u0646\u064a\u0627 \u0648\u0623\u0648\u0631\u0628\u0627\",\"publisher\":{\"@id\":\"https:\\\/\\\/shanabooks.de\\\/#organization\"},\"potentialAction\":[{\"@type\":\"SearchAction\",\"target\":{\"@type\":\"EntryPoint\",\"urlTemplate\":\"https:\\\/\\\/shanabooks.de\\\/?s={search_term_string}\"},\"query-input\":{\"@type\":\"PropertyValueSpecification\",\"valueRequired\":true,\"valueName\":\"search_term_string\"}}],\"inLanguage\":\"de\"},{\"@type\":\"Organization\",\"@id\":\"https:\\\/\\\/shanabooks.de\\\/#organization\",\"name\":\"www.shanbooks.de\",\"url\":\"https:\\\/\\\/shanabooks.de\\\/\",\"logo\":{\"@type\":\"ImageObject\",\"inLanguage\":\"de\",\"@id\":\"https:\\\/\\\/shanabooks.de\\\/#\\\/schema\\\/logo\\\/image\\\/\",\"url\":\"https:\\\/\\\/shanabooks.de\\\/wp-content\\\/uploads\\\/2024\\\/03\\\/SHANABOOKS__2_-removebg-preview.png\",\"contentUrl\":\"https:\\\/\\\/shanabooks.de\\\/wp-content\\\/uploads\\\/2024\\\/03\\\/SHANABOOKS__2_-removebg-preview.png\",\"width\":700,\"height\":150,\"caption\":\"www.shanbooks.de\"},\"image\":{\"@id\":\"https:\\\/\\\/shanabooks.de\\\/#\\\/schema\\\/logo\\\/image\\\/\"}}]}<\/script>\n<!-- \/ Yoast SEO plugin. -->","yoast_head_json":{"title":"Alole - Perw\u00eez Cihan\u00ee - www.shanabooks.de","description":"Alole - Perw\u00eez Cihan\u00ee Pirt\u00fbka niv\u00eeskar\u00ea Navdar \u00ea Rojhilat\u00ea Kurdistan\u00ea Perw\u00eez C\u00eehan\u00ee ji 24 kurte\u00e7\u00eerokan p\u00eak t\u00ea. \u00c7\u00eerok behsa jiyana civak\u00ee ya kurdan, \u00e7anda...","robots":{"index":"index","follow":"follow","max-snippet":"max-snippet:-1","max-image-preview":"max-image-preview:large","max-video-preview":"max-video-preview:-1"},"canonical":"https:\/\/shanabooks.de\/product\/alole-perwiz-cihani\/","og_locale":"de_DE","og_type":"article","og_title":"Alole - Perw\u00eez Cihan\u00ee - www.shanabooks.de","og_description":"Alole - Perw\u00eez Cihan\u00ee Pirt\u00fbka niv\u00eeskar\u00ea Navdar \u00ea Rojhilat\u00ea Kurdistan\u00ea Perw\u00eez C\u00eehan\u00ee ji 24 kurte\u00e7\u00eerokan p\u00eak t\u00ea. \u00c7\u00eerok behsa jiyana civak\u00ee ya kurdan, \u00e7anda...","og_url":"https:\/\/shanabooks.de\/product\/alole-perwiz-cihani\/","og_site_name":"www.shanabooks.de","article_modified_time":"2024-03-21T23:39:00+00:00","og_image":[{"width":298,"height":477,"url":"https:\/\/shanabooks.de\/wp-content\/uploads\/2024\/03\/Alole.png","type":"image\/png"}],"twitter_card":"summary_large_image","twitter_misc":{"Gesch\u00e4tzte Lesezeit":"1\u00a0Minute"},"schema":{"@context":"https:\/\/schema.org","@graph":[{"@type":"WebPage","@id":"https:\/\/shanabooks.de\/product\/alole-perwiz-cihani\/","url":"https:\/\/shanabooks.de\/product\/alole-perwiz-cihani\/","name":"Alole - Perw\u00eez Cihan\u00ee - www.shanabooks.de","isPartOf":{"@id":"https:\/\/shanabooks.de\/#website"},"primaryImageOfPage":{"@id":"https:\/\/shanabooks.de\/product\/alole-perwiz-cihani\/#primaryimage"},"image":{"@id":"https:\/\/shanabooks.de\/product\/alole-perwiz-cihani\/#primaryimage"},"thumbnailUrl":"https:\/\/shanabooks.de\/wp-content\/uploads\/2024\/03\/Alole.png","datePublished":"2024-03-03T19:42:04+00:00","dateModified":"2024-03-21T23:39:00+00:00","description":"Alole - Perw\u00eez Cihan\u00ee Pirt\u00fbka niv\u00eeskar\u00ea Navdar \u00ea Rojhilat\u00ea Kurdistan\u00ea Perw\u00eez C\u00eehan\u00ee ji 24 kurte\u00e7\u00eerokan p\u00eak t\u00ea. \u00c7\u00eerok behsa jiyana civak\u00ee ya kurdan, \u00e7anda...","breadcrumb":{"@id":"https:\/\/shanabooks.de\/product\/alole-perwiz-cihani\/#breadcrumb"},"inLanguage":"de","potentialAction":[{"@type":"ReadAction","target":["https:\/\/shanabooks.de\/product\/alole-perwiz-cihani\/"]}]},{"@type":"ImageObject","inLanguage":"de","@id":"https:\/\/shanabooks.de\/product\/alole-perwiz-cihani\/#primaryimage","url":"https:\/\/shanabooks.de\/wp-content\/uploads\/2024\/03\/Alole.png","contentUrl":"https:\/\/shanabooks.de\/wp-content\/uploads\/2024\/03\/Alole.png","width":298,"height":477,"caption":"Alole - Perw\u00eez Cihan\u00ee - pirt\u00fbk\u00ean kurd\u00ee - \u00e7\u00eerok"},{"@type":"BreadcrumbList","@id":"https:\/\/shanabooks.de\/product\/alole-perwiz-cihani\/#breadcrumb","itemListElement":[{"@type":"ListItem","position":1,"name":"\u0627\u0644\u0631\u0626\u064a\u0633\u064a\u0629","item":"https:\/\/shanabooks.de\/de\/"},{"@type":"ListItem","position":2,"name":"\u0627\u0644\u0645\u0646\u062a\u062c\u0627\u062a","item":"https:\/\/shanabooks.de\/shop\/"},{"@type":"ListItem","position":3,"name":"Alole"}]},{"@type":"WebSite","@id":"https:\/\/shanabooks.de\/#website","url":"https:\/\/shanabooks.de\/","name":"www.shanbooks.de","description":"C\u00eehana Pirt\u00fbk\u00ean Kurd\u00ee \u0645\u0643\u062a\u0628\u0629 \u0634\u0627\u0646\u0627 \u0641\u064a \u0627\u0644\u0645\u0627\u0646\u064a\u0627 \u0648\u0623\u0648\u0631\u0628\u0627","publisher":{"@id":"https:\/\/shanabooks.de\/#organization"},"potentialAction":[{"@type":"SearchAction","target":{"@type":"EntryPoint","urlTemplate":"https:\/\/shanabooks.de\/?s={search_term_string}"},"query-input":{"@type":"PropertyValueSpecification","valueRequired":true,"valueName":"search_term_string"}}],"inLanguage":"de"},{"@type":"Organization","@id":"https:\/\/shanabooks.de\/#organization","name":"www.shanbooks.de","url":"https:\/\/shanabooks.de\/","logo":{"@type":"ImageObject","inLanguage":"de","@id":"https:\/\/shanabooks.de\/#\/schema\/logo\/image\/","url":"https:\/\/shanabooks.de\/wp-content\/uploads\/2024\/03\/SHANABOOKS__2_-removebg-preview.png","contentUrl":"https:\/\/shanabooks.de\/wp-content\/uploads\/2024\/03\/SHANABOOKS__2_-removebg-preview.png","width":700,"height":150,"caption":"www.shanbooks.de"},"image":{"@id":"https:\/\/shanabooks.de\/#\/schema\/logo\/image\/"}}]}},"jetpack_sharing_enabled":true,"_links":{"self":[{"href":"https:\/\/shanabooks.de\/de\/wp-json\/wp\/v2\/product\/12246","targetHints":{"allow":["GET"]}}],"collection":[{"href":"https:\/\/shanabooks.de\/de\/wp-json\/wp\/v2\/product"}],"about":[{"href":"https:\/\/shanabooks.de\/de\/wp-json\/wp\/v2\/types\/product"}],"version-history":[{"count":3,"href":"https:\/\/shanabooks.de\/de\/wp-json\/wp\/v2\/product\/12246\/revisions"}],"predecessor-version":[{"id":22142,"href":"https:\/\/shanabooks.de\/de\/wp-json\/wp\/v2\/product\/12246\/revisions\/22142"}],"wp:featuredmedia":[{"embeddable":true,"href":"https:\/\/shanabooks.de\/de\/wp-json\/wp\/v2\/media\/12328"}],"wp:attachment":[{"href":"https:\/\/shanabooks.de\/de\/wp-json\/wp\/v2\/media?parent=12246"}],"wp:term":[{"taxonomy":"product_brand","embeddable":true,"href":"https:\/\/shanabooks.de\/de\/wp-json\/wp\/v2\/product_brand?post=12246"},{"taxonomy":"product_cat","embeddable":true,"href":"https:\/\/shanabooks.de\/de\/wp-json\/wp\/v2\/product_cat?post=12246"},{"taxonomy":"product_tag","embeddable":true,"href":"https:\/\/shanabooks.de\/de\/wp-json\/wp\/v2\/product_tag?post=12246"}],"curies":[{"name":"wp","href":"https:\/\/api.w.org\/{rel}","templated":true}]}}