{"id":12271,"date":"2024-03-03T19:42:28","date_gmt":"2024-03-03T19:42:28","guid":{"rendered":"https:\/\/shanabooks.de\/?post_type=product&#038;p=12271"},"modified":"2024-03-22T00:31:52","modified_gmt":"2024-03-22T00:31:52","slug":"bir-nudem-hezex","status":"publish","type":"product","link":"https:\/\/shanabooks.de\/de\/product\/bir-nudem-hezex\/","title":{"rendered":"B\u00eer"},"content":{"rendered":"<p dir=\"ltr\"><strong>B\u00eer &#8211; Nudem Hezex<\/strong><\/p>\n<p dir=\"ltr\">&#8211; Pa\u015f\u00ea singa te b\u00fbb\u00fb kevir \u00fb \u00e7emek j\u00ea herik\u00eeb\u00fb.<br \/>\n&#8211; Ma \u00e7em diherikin ji keviran?<br \/>\n&#8211; Bel\u00ea ezben\u00ee diherikin, ma tu dengan nab\u00een\u00ee, rengan nabih\u00eez\u00ee?<\/p>\n<p dir=\"ltr\">B\u00eer ya Nudem Hezex, romana r\u00eaw\u00eet\u00eeyek\u00ea ye, r\u00eaw\u00eet\u00eeyeke der\u00fbn\u00ee ya ku xwe disp\u00eare efsaney\u00ean kevir \u00fb \u00e7em\u00ean zarot\u00eey\u00ea; ya ku \u00ead\u00ee ne p\u00eakan e bi gil\u00ee \u00fb gotin\u00ean min\u00eakar li xwed\u00eey\u00ea xwe y\u00ea ku hi\u015f \u00fb b\u00eera w\u00ee bi heman kevir\u00ean \u015fay\u00eek hatiye pincir\u00een \u00fb di heman \u00e7em\u00ean \u015f\u00ealo de noq b\u00fbye. Xwesteka w\u00ee nex\u00ear, ne azad\u00ee ye, ne j\u00ee k\u00eafarat, gava ber bi c\u00ee \u00fb war\u00ea bav \u00fb kalan, li xewn \u00fb xeyal\u00ean ku li binf\u00eaza Gir\u00ea \u00calim \u00ea efs\u00fbn\u00ee govendeke b\u00eadeng diger\u00eenin, li dem \u00fb k\u00eal\u00eek \u00fb \u00e7irkey\u00ean nayveger, bi r\u00ea dikeve j\u00ee, hew gotinek li ser ziman\u00ea w\u00ee ye: \u2018R\u00ea\u2019 ye ew, wek\u00ee Murathan Mungan j\u00ee got\u00ee; Te d\u00ee d\u00fbr\u00ee, p\u00ea\u015f\u00eek\u00ea di h\u00fbndir\u00ea mirov\u00ee de li hev dih\u00eawire; ya pi\u015ft\u00ee w\u00ea her bi ten\u00ea r\u00ea ye.<br \/>\n\u015eener \u00d6zmen<\/p>\n<p dir=\"ltr\">Ji naverok\u00ea b\u00eatir \u015f\u00eaweya roman\u00ea bal\u00ea dik\u015f\u00eene, bi v\u00ea h\u00eal\u00ea xwe \u00e7awa m\u00fbz\u00eek xwer\u00fb \u015f\u00eawe be ev roman j\u00ee bi v\u00ea terza xwe ku di\u015f\u00eebe helbest\u00ea, ji helbest\u00ea w\u00eadetir \u00e7\u00fbye xwe n\u00eaz\u00ee m\u00fbz\u00eek\u00ea kiriye. Ji bo w\u00ea \u015f\u00eawey\u00ea j\u00ee hilbijartina mekanan gir\u00eeng e, wek m\u00eenak cam (neynik) pirr k\u00earhat\u00ee ye. Monologa navxwey\u00ee bi cam\u00ea hatiye xurtkirin. Muzika monolog\u00ee ne ji hoparlor\u00ea ji neynik\u00ea xwe der dide. \u00c7awa ku zarokek ji dayik dibe der\u00fbniya xwe bi &#8222;neynika xwe&#8220; saz dike, di v\u00ea roman\u00ea de leheng ber\u00ea vegotina xwe daye neynik\u00ea, ango riya vegotina xwe di ser neynik\u00ea re derbas kiriye.<br \/>\nFerzan \u015e\u00ear<\/p>\n","protected":false},"excerpt":{"rendered":"<p dir=\"ltr\" style=\"text-align: center\"><strong>Pirt\u00fbk: B\u00eer<br \/>\nNiv\u00eeskar: Nudem Hezex<\/strong><br \/>\n<strong>Cure: Roman<\/strong><\/p>\n","protected":false},"featured_media":12334,"template":"","meta":{"site-sidebar-layout":"default","site-content-layout":"","ast-site-content-layout":"default","site-content-style":"default","site-sidebar-style":"default","ast-global-header-display":"","ast-banner-title-visibility":"","ast-main-header-display":"","ast-hfb-above-header-display":"","ast-hfb-below-header-display":"","ast-hfb-mobile-header-display":"","site-post-title":"","ast-breadcrumbs-content":"","ast-featured-img":"","footer-sml-layout":"","ast-disable-related-posts":"","theme-transparent-header-meta":"default","adv-header-id-meta":"","stick-header-meta":"","header-above-stick-meta":"","header-main-stick-meta":"","header-below-stick-meta":"","astra-migrate-meta-layouts":"set","ast-page-background-enabled":"default","ast-page-background-meta":{"desktop":{"background-color":"","background-image":"","background-repeat":"repeat","background-position":"center center","background-size":"auto","background-attachment":"scroll","background-type":"","background-media":"","overlay-type":"","overlay-color":"","overlay-opacity":"","overlay-gradient":""},"tablet":{"background-color":"","background-image":"","background-repeat":"repeat","background-position":"center center","background-size":"auto","background-attachment":"scroll","background-type":"","background-media":"","overlay-type":"","overlay-color":"","overlay-opacity":"","overlay-gradient":""},"mobile":{"background-color":"","background-image":"","background-repeat":"repeat","background-position":"center center","background-size":"auto","background-attachment":"scroll","background-type":"","background-media":"","overlay-type":"","overlay-color":"","overlay-opacity":"","overlay-gradient":""}},"ast-content-background-meta":{"desktop":{"background-color":"var(--ast-global-color-5)","background-image":"","background-repeat":"repeat","background-position":"center center","background-size":"auto","background-attachment":"scroll","background-type":"","background-media":"","overlay-type":"","overlay-color":"","overlay-opacity":"","overlay-gradient":""},"tablet":{"background-color":"var(--ast-global-color-5)","background-image":"","background-repeat":"repeat","background-position":"center center","background-size":"auto","background-attachment":"scroll","background-type":"","background-media":"","overlay-type":"","overlay-color":"","overlay-opacity":"","overlay-gradient":""},"mobile":{"background-color":"var(--ast-global-color-5)","background-image":"","background-repeat":"repeat","background-position":"center center","background-size":"auto","background-attachment":"scroll","background-type":"","background-media":"","overlay-type":"","overlay-color":"","overlay-opacity":"","overlay-gradient":""}}},"product_brand":[],"product_cat":[182,193],"product_tag":[],"class_list":{"0":"post-12271","1":"product","2":"type-product","3":"status-publish","4":"has-post-thumbnail","6":"product_cat-_","7":"product_cat--_","8":"pa_-roman","9":"pa_-nudem-hezex","10":"pa_-kurmanci","11":"pa_--dara-yayinlari","12":"desktop-align-left","13":"tablet-align-left","14":"mobile-align-left","16":"first","17":"outofstock","18":"shipping-taxable","19":"purchasable","20":"product-type-simple"},"yoast_head":"<!-- This site is optimized with the Yoast SEO plugin v27.4 - https:\/\/yoast.com\/product\/yoast-seo-wordpress\/ -->\n<title>B\u00eer - Nudem Hezex - www.shanabooks.de<\/title>\n<meta name=\"description\" content=\"B\u00eer - Nudem Hezex B\u00eer, romana r\u00eaw\u00eet\u00eeyek\u00ea ye, r\u00eaw\u00eet\u00eeyeke der\u00fbn\u00ee ya ku xwe disp\u00eare efsaney\u00ean kevir \u00fb \u00e7em\u00ean zarot\u00eey\u00ea; ya ku \u00ead\u00ee ne p\u00eakan e bi gil\u00ee \u00fb gotin\u00ean...\" \/>\n<meta name=\"robots\" content=\"index, follow, max-snippet:-1, max-image-preview:large, max-video-preview:-1\" \/>\n<link rel=\"canonical\" href=\"https:\/\/shanabooks.de\/product\/bir-nudem-hezex\/\" \/>\n<meta property=\"og:locale\" content=\"de_DE\" \/>\n<meta property=\"og:type\" content=\"article\" \/>\n<meta property=\"og:title\" content=\"B\u00eer - Nudem Hezex - www.shanabooks.de\" \/>\n<meta property=\"og:description\" content=\"B\u00eer - Nudem Hezex B\u00eer, romana r\u00eaw\u00eet\u00eeyek\u00ea ye, r\u00eaw\u00eet\u00eeyeke der\u00fbn\u00ee ya ku xwe disp\u00eare efsaney\u00ean kevir \u00fb \u00e7em\u00ean zarot\u00eey\u00ea; ya ku \u00ead\u00ee ne p\u00eakan e bi gil\u00ee \u00fb gotin\u00ean...\" \/>\n<meta property=\"og:url\" content=\"https:\/\/shanabooks.de\/product\/bir-nudem-hezex\/\" \/>\n<meta property=\"og:site_name\" content=\"www.shanabooks.de\" \/>\n<meta property=\"article:modified_time\" content=\"2024-03-22T00:31:52+00:00\" \/>\n<meta property=\"og:image\" content=\"https:\/\/shanabooks.de\/wp-content\/uploads\/2024\/03\/Bir.webp\" \/>\n\t<meta property=\"og:image:width\" content=\"636\" \/>\n\t<meta property=\"og:image:height\" content=\"1006\" \/>\n\t<meta property=\"og:image:type\" content=\"image\/webp\" \/>\n<meta name=\"twitter:card\" content=\"summary_large_image\" \/>\n<meta name=\"twitter:label1\" content=\"Gesch\u00e4tzte Lesezeit\" \/>\n\t<meta name=\"twitter:data1\" content=\"3\u00a0Minuten\" \/>\n<script type=\"application\/ld+json\" class=\"yoast-schema-graph\">{\"@context\":\"https:\\\/\\\/schema.org\",\"@graph\":[{\"@type\":\"WebPage\",\"@id\":\"https:\\\/\\\/shanabooks.de\\\/product\\\/bir-nudem-hezex\\\/\",\"url\":\"https:\\\/\\\/shanabooks.de\\\/product\\\/bir-nudem-hezex\\\/\",\"name\":\"B\u00eer - Nudem Hezex - www.shanabooks.de\",\"isPartOf\":{\"@id\":\"https:\\\/\\\/shanabooks.de\\\/#website\"},\"primaryImageOfPage\":{\"@id\":\"https:\\\/\\\/shanabooks.de\\\/product\\\/bir-nudem-hezex\\\/#primaryimage\"},\"image\":{\"@id\":\"https:\\\/\\\/shanabooks.de\\\/product\\\/bir-nudem-hezex\\\/#primaryimage\"},\"thumbnailUrl\":\"https:\\\/\\\/shanabooks.de\\\/wp-content\\\/uploads\\\/2024\\\/03\\\/Bir.webp\",\"datePublished\":\"2024-03-03T19:42:28+00:00\",\"dateModified\":\"2024-03-22T00:31:52+00:00\",\"description\":\"B\u00eer - Nudem Hezex B\u00eer, romana r\u00eaw\u00eet\u00eeyek\u00ea ye, r\u00eaw\u00eet\u00eeyeke der\u00fbn\u00ee ya ku xwe disp\u00eare efsaney\u00ean kevir \u00fb \u00e7em\u00ean zarot\u00eey\u00ea; ya ku \u00ead\u00ee ne p\u00eakan e bi gil\u00ee \u00fb gotin\u00ean...\",\"breadcrumb\":{\"@id\":\"https:\\\/\\\/shanabooks.de\\\/product\\\/bir-nudem-hezex\\\/#breadcrumb\"},\"inLanguage\":\"de\",\"potentialAction\":[{\"@type\":\"ReadAction\",\"target\":[\"https:\\\/\\\/shanabooks.de\\\/product\\\/bir-nudem-hezex\\\/\"]}]},{\"@type\":\"ImageObject\",\"inLanguage\":\"de\",\"@id\":\"https:\\\/\\\/shanabooks.de\\\/product\\\/bir-nudem-hezex\\\/#primaryimage\",\"url\":\"https:\\\/\\\/shanabooks.de\\\/wp-content\\\/uploads\\\/2024\\\/03\\\/Bir.webp\",\"contentUrl\":\"https:\\\/\\\/shanabooks.de\\\/wp-content\\\/uploads\\\/2024\\\/03\\\/Bir.webp\",\"width\":636,\"height\":1006,\"caption\":\"B\u00eer - Nudem Hezex - pirt\u00fbk\u00ean kurd\u00ee - roman\"},{\"@type\":\"BreadcrumbList\",\"@id\":\"https:\\\/\\\/shanabooks.de\\\/product\\\/bir-nudem-hezex\\\/#breadcrumb\",\"itemListElement\":[{\"@type\":\"ListItem\",\"position\":1,\"name\":\"\u0627\u0644\u0631\u0626\u064a\u0633\u064a\u0629\",\"item\":\"https:\\\/\\\/shanabooks.de\\\/de\\\/\"},{\"@type\":\"ListItem\",\"position\":2,\"name\":\"\u0627\u0644\u0645\u0646\u062a\u062c\u0627\u062a\",\"item\":\"https:\\\/\\\/shanabooks.de\\\/shop\\\/\"},{\"@type\":\"ListItem\",\"position\":3,\"name\":\"B\u00eer\"}]},{\"@type\":\"WebSite\",\"@id\":\"https:\\\/\\\/shanabooks.de\\\/#website\",\"url\":\"https:\\\/\\\/shanabooks.de\\\/\",\"name\":\"www.shanbooks.de\",\"description\":\"C\u00eehana Pirt\u00fbk\u00ean Kurd\u00ee \u0645\u0643\u062a\u0628\u0629 \u0634\u0627\u0646\u0627 \u0641\u064a \u0627\u0644\u0645\u0627\u0646\u064a\u0627 \u0648\u0623\u0648\u0631\u0628\u0627\",\"publisher\":{\"@id\":\"https:\\\/\\\/shanabooks.de\\\/#organization\"},\"potentialAction\":[{\"@type\":\"SearchAction\",\"target\":{\"@type\":\"EntryPoint\",\"urlTemplate\":\"https:\\\/\\\/shanabooks.de\\\/?s={search_term_string}\"},\"query-input\":{\"@type\":\"PropertyValueSpecification\",\"valueRequired\":true,\"valueName\":\"search_term_string\"}}],\"inLanguage\":\"de\"},{\"@type\":\"Organization\",\"@id\":\"https:\\\/\\\/shanabooks.de\\\/#organization\",\"name\":\"www.shanbooks.de\",\"url\":\"https:\\\/\\\/shanabooks.de\\\/\",\"logo\":{\"@type\":\"ImageObject\",\"inLanguage\":\"de\",\"@id\":\"https:\\\/\\\/shanabooks.de\\\/#\\\/schema\\\/logo\\\/image\\\/\",\"url\":\"https:\\\/\\\/shanabooks.de\\\/wp-content\\\/uploads\\\/2024\\\/03\\\/SHANABOOKS__2_-removebg-preview.png\",\"contentUrl\":\"https:\\\/\\\/shanabooks.de\\\/wp-content\\\/uploads\\\/2024\\\/03\\\/SHANABOOKS__2_-removebg-preview.png\",\"width\":700,\"height\":150,\"caption\":\"www.shanbooks.de\"},\"image\":{\"@id\":\"https:\\\/\\\/shanabooks.de\\\/#\\\/schema\\\/logo\\\/image\\\/\"}}]}<\/script>\n<!-- \/ Yoast SEO plugin. -->","yoast_head_json":{"title":"B\u00eer - Nudem Hezex - www.shanabooks.de","description":"B\u00eer - Nudem Hezex B\u00eer, romana r\u00eaw\u00eet\u00eeyek\u00ea ye, r\u00eaw\u00eet\u00eeyeke der\u00fbn\u00ee ya ku xwe disp\u00eare efsaney\u00ean kevir \u00fb \u00e7em\u00ean zarot\u00eey\u00ea; ya ku \u00ead\u00ee ne p\u00eakan e bi gil\u00ee \u00fb gotin\u00ean...","robots":{"index":"index","follow":"follow","max-snippet":"max-snippet:-1","max-image-preview":"max-image-preview:large","max-video-preview":"max-video-preview:-1"},"canonical":"https:\/\/shanabooks.de\/product\/bir-nudem-hezex\/","og_locale":"de_DE","og_type":"article","og_title":"B\u00eer - Nudem Hezex - www.shanabooks.de","og_description":"B\u00eer - Nudem Hezex B\u00eer, romana r\u00eaw\u00eet\u00eeyek\u00ea ye, r\u00eaw\u00eet\u00eeyeke der\u00fbn\u00ee ya ku xwe disp\u00eare efsaney\u00ean kevir \u00fb \u00e7em\u00ean zarot\u00eey\u00ea; ya ku \u00ead\u00ee ne p\u00eakan e bi gil\u00ee \u00fb gotin\u00ean...","og_url":"https:\/\/shanabooks.de\/product\/bir-nudem-hezex\/","og_site_name":"www.shanabooks.de","article_modified_time":"2024-03-22T00:31:52+00:00","og_image":[{"width":636,"height":1006,"url":"https:\/\/shanabooks.de\/wp-content\/uploads\/2024\/03\/Bir.webp","type":"image\/webp"}],"twitter_card":"summary_large_image","twitter_misc":{"Gesch\u00e4tzte Lesezeit":"3\u00a0Minuten"},"schema":{"@context":"https:\/\/schema.org","@graph":[{"@type":"WebPage","@id":"https:\/\/shanabooks.de\/product\/bir-nudem-hezex\/","url":"https:\/\/shanabooks.de\/product\/bir-nudem-hezex\/","name":"B\u00eer - Nudem Hezex - www.shanabooks.de","isPartOf":{"@id":"https:\/\/shanabooks.de\/#website"},"primaryImageOfPage":{"@id":"https:\/\/shanabooks.de\/product\/bir-nudem-hezex\/#primaryimage"},"image":{"@id":"https:\/\/shanabooks.de\/product\/bir-nudem-hezex\/#primaryimage"},"thumbnailUrl":"https:\/\/shanabooks.de\/wp-content\/uploads\/2024\/03\/Bir.webp","datePublished":"2024-03-03T19:42:28+00:00","dateModified":"2024-03-22T00:31:52+00:00","description":"B\u00eer - Nudem Hezex B\u00eer, romana r\u00eaw\u00eet\u00eeyek\u00ea ye, r\u00eaw\u00eet\u00eeyeke der\u00fbn\u00ee ya ku xwe disp\u00eare efsaney\u00ean kevir \u00fb \u00e7em\u00ean zarot\u00eey\u00ea; ya ku \u00ead\u00ee ne p\u00eakan e bi gil\u00ee \u00fb gotin\u00ean...","breadcrumb":{"@id":"https:\/\/shanabooks.de\/product\/bir-nudem-hezex\/#breadcrumb"},"inLanguage":"de","potentialAction":[{"@type":"ReadAction","target":["https:\/\/shanabooks.de\/product\/bir-nudem-hezex\/"]}]},{"@type":"ImageObject","inLanguage":"de","@id":"https:\/\/shanabooks.de\/product\/bir-nudem-hezex\/#primaryimage","url":"https:\/\/shanabooks.de\/wp-content\/uploads\/2024\/03\/Bir.webp","contentUrl":"https:\/\/shanabooks.de\/wp-content\/uploads\/2024\/03\/Bir.webp","width":636,"height":1006,"caption":"B\u00eer - Nudem Hezex - pirt\u00fbk\u00ean kurd\u00ee - roman"},{"@type":"BreadcrumbList","@id":"https:\/\/shanabooks.de\/product\/bir-nudem-hezex\/#breadcrumb","itemListElement":[{"@type":"ListItem","position":1,"name":"\u0627\u0644\u0631\u0626\u064a\u0633\u064a\u0629","item":"https:\/\/shanabooks.de\/de\/"},{"@type":"ListItem","position":2,"name":"\u0627\u0644\u0645\u0646\u062a\u062c\u0627\u062a","item":"https:\/\/shanabooks.de\/shop\/"},{"@type":"ListItem","position":3,"name":"B\u00eer"}]},{"@type":"WebSite","@id":"https:\/\/shanabooks.de\/#website","url":"https:\/\/shanabooks.de\/","name":"www.shanbooks.de","description":"C\u00eehana Pirt\u00fbk\u00ean Kurd\u00ee \u0645\u0643\u062a\u0628\u0629 \u0634\u0627\u0646\u0627 \u0641\u064a \u0627\u0644\u0645\u0627\u0646\u064a\u0627 \u0648\u0623\u0648\u0631\u0628\u0627","publisher":{"@id":"https:\/\/shanabooks.de\/#organization"},"potentialAction":[{"@type":"SearchAction","target":{"@type":"EntryPoint","urlTemplate":"https:\/\/shanabooks.de\/?s={search_term_string}"},"query-input":{"@type":"PropertyValueSpecification","valueRequired":true,"valueName":"search_term_string"}}],"inLanguage":"de"},{"@type":"Organization","@id":"https:\/\/shanabooks.de\/#organization","name":"www.shanbooks.de","url":"https:\/\/shanabooks.de\/","logo":{"@type":"ImageObject","inLanguage":"de","@id":"https:\/\/shanabooks.de\/#\/schema\/logo\/image\/","url":"https:\/\/shanabooks.de\/wp-content\/uploads\/2024\/03\/SHANABOOKS__2_-removebg-preview.png","contentUrl":"https:\/\/shanabooks.de\/wp-content\/uploads\/2024\/03\/SHANABOOKS__2_-removebg-preview.png","width":700,"height":150,"caption":"www.shanbooks.de"},"image":{"@id":"https:\/\/shanabooks.de\/#\/schema\/logo\/image\/"}}]}},"jetpack_sharing_enabled":true,"_links":{"self":[{"href":"https:\/\/shanabooks.de\/de\/wp-json\/wp\/v2\/product\/12271","targetHints":{"allow":["GET"]}}],"collection":[{"href":"https:\/\/shanabooks.de\/de\/wp-json\/wp\/v2\/product"}],"about":[{"href":"https:\/\/shanabooks.de\/de\/wp-json\/wp\/v2\/types\/product"}],"version-history":[{"count":3,"href":"https:\/\/shanabooks.de\/de\/wp-json\/wp\/v2\/product\/12271\/revisions"}],"predecessor-version":[{"id":22176,"href":"https:\/\/shanabooks.de\/de\/wp-json\/wp\/v2\/product\/12271\/revisions\/22176"}],"wp:featuredmedia":[{"embeddable":true,"href":"https:\/\/shanabooks.de\/de\/wp-json\/wp\/v2\/media\/12334"}],"wp:attachment":[{"href":"https:\/\/shanabooks.de\/de\/wp-json\/wp\/v2\/media?parent=12271"}],"wp:term":[{"taxonomy":"product_brand","embeddable":true,"href":"https:\/\/shanabooks.de\/de\/wp-json\/wp\/v2\/product_brand?post=12271"},{"taxonomy":"product_cat","embeddable":true,"href":"https:\/\/shanabooks.de\/de\/wp-json\/wp\/v2\/product_cat?post=12271"},{"taxonomy":"product_tag","embeddable":true,"href":"https:\/\/shanabooks.de\/de\/wp-json\/wp\/v2\/product_tag?post=12271"}],"curies":[{"name":"wp","href":"https:\/\/api.w.org\/{rel}","templated":true}]}}