{"id":12273,"date":"2024-03-03T19:42:28","date_gmt":"2024-03-03T19:42:28","guid":{"rendered":"https:\/\/shanabooks.de\/?post_type=product&#038;p=12273"},"modified":"2026-01-01T20:12:56","modified_gmt":"2026-01-01T20:12:56","slug":"leylan-devliken-kelogiri","status":"publish","type":"product","link":"https:\/\/shanabooks.de\/de\/product\/leylan-devliken-kelogiri\/","title":{"rendered":"Leylan"},"content":{"rendered":"<p dir=\"ltr\"><strong>Leylan &#8211; Devliken Kelogir\u00ee<\/strong><\/p>\n<div>\n<div dir=\"ltr\"><span style=\"font-family: Verdana\">Li ber sitrana Ciwan Haco, hest\u00ean xwe li ber p\u00eal\u00ean \u015fev\u00ea berdan. Her du j\u00ee ber bi ev\u00eeneke nuhbi\u015fkiv\u00ee ve diherik\u00een. Loran b\u00easebir, ecele dikir, l\u00ea h\u00een j\u00ee metirsiy\u00ean Al\u00eece\u00ea heb\u00fbn; h\u00ealeke w\u00ea \u015f\u00ean, h\u00ealeke w\u00ea bi guman b\u00fb.<\/span><\/div>\n<div dir=\"ltr\"><span style=\"font-family: Verdana\">\u015eev bi dil\u00ea wan derbas b\u00fb. Di demeke kin de bi germayiyeke xurt ber bi dil\u00ean hev ve gav av\u00eatin. Ji hest\u00ean wan, ji ner\u00een \u00fb awir\u00ean wan e\u015fq dif\u00fbriya. Dest\u00ean wan ji hevdu nedib\u00fb, l\u00ea \u00ead\u00ee dereng b\u00fb \u00fb roja din her du j\u00ee dixebit\u00een.<\/span><\/div>\n<div dir=\"ltr\"><span style=\"font-family: Verdana\">Hesab\u00ea xwe dan, spasiya garsonan kirin \u00fb ber bi der\u00ee ve me\u015fiyan. Ber\u00ee di der\u00ee re derkevin, Loran j\u00ee Al\u00eece j\u00ee li xwe fitil\u00een, dest\u00ean xwe ji Ciwan Haco re bilind kirin, xatir j\u00ea xwestin \u00fb derketin.<\/span><\/div>\n<div dir=\"ltr\"><span style=\"font-family: Verdana\">Her du j\u00ee n\u00eevserxwe\u015f b\u00fbn. Heta ber tirimb\u00eal\u00ea, Al\u00eece di bin \u00e7eng\u00ea Loran de me\u015fiyan.<\/span><\/div>\n<div dir=\"ltr\"><span style=\"font-family: Verdana\">Loran der\u00ee li Al\u00eece\u00ea vekir, Al\u00eece ji ber tes\u00eera alkol\u00ea pi\u00e7ek\u00ee bi zahmet\u00ee r\u00fbni\u015ft. Loran fitil\u00ee h\u00eala tirimb\u00eal\u00ea y\u00ee din, ew j\u00ee r\u00fbni\u015ft \u00fb tirimb\u00eal me\u015fiya. Di r\u00ea de h\u00ee\u00e7 nepeyiv\u00een<\/span><\/div>\n<div style=\"text-align: left\">\u00a0Leylan ya niv\u00eeskar Devliken Kelogir\u00ee ji we\u015fan\u00ean J&amp;J derketiye<\/div>\n<\/div>\n","protected":false},"excerpt":{"rendered":"<p dir=\"ltr\" style=\"text-align: center\"><strong>Pirt\u00fbk: Leylan<\/strong><br \/>\n<strong>Niv\u00eeskar: Devliken Kelogir\u00ee<br \/>\nCure: Roman<\/strong><\/p>\n","protected":false},"featured_media":5012,"template":"","meta":{"site-sidebar-layout":"default","site-content-layout":"","ast-site-content-layout":"default","site-content-style":"default","site-sidebar-style":"default","ast-global-header-display":"","ast-banner-title-visibility":"","ast-main-header-display":"","ast-hfb-above-header-display":"","ast-hfb-below-header-display":"","ast-hfb-mobile-header-display":"","site-post-title":"","ast-breadcrumbs-content":"","ast-featured-img":"","footer-sml-layout":"","ast-disable-related-posts":"","theme-transparent-header-meta":"default","adv-header-id-meta":"","stick-header-meta":"","header-above-stick-meta":"","header-main-stick-meta":"","header-below-stick-meta":"","astra-migrate-meta-layouts":"set","ast-page-background-enabled":"default","ast-page-background-meta":{"desktop":{"background-color":"","background-image":"","background-repeat":"repeat","background-position":"center center","background-size":"auto","background-attachment":"scroll","background-type":"","background-media":"","overlay-type":"","overlay-color":"","overlay-opacity":"","overlay-gradient":""},"tablet":{"background-color":"","background-image":"","background-repeat":"repeat","background-position":"center center","background-size":"auto","background-attachment":"scroll","background-type":"","background-media":"","overlay-type":"","overlay-color":"","overlay-opacity":"","overlay-gradient":""},"mobile":{"background-color":"","background-image":"","background-repeat":"repeat","background-position":"center center","background-size":"auto","background-attachment":"scroll","background-type":"","background-media":"","overlay-type":"","overlay-color":"","overlay-opacity":"","overlay-gradient":""}},"ast-content-background-meta":{"desktop":{"background-color":"var(--ast-global-color-5)","background-image":"","background-repeat":"repeat","background-position":"center center","background-size":"auto","background-attachment":"scroll","background-type":"","background-media":"","overlay-type":"","overlay-color":"","overlay-opacity":"","overlay-gradient":""},"tablet":{"background-color":"var(--ast-global-color-5)","background-image":"","background-repeat":"repeat","background-position":"center center","background-size":"auto","background-attachment":"scroll","background-type":"","background-media":"","overlay-type":"","overlay-color":"","overlay-opacity":"","overlay-gradient":""},"mobile":{"background-color":"var(--ast-global-color-5)","background-image":"","background-repeat":"repeat","background-position":"center center","background-size":"auto","background-attachment":"scroll","background-type":"","background-media":"","overlay-type":"","overlay-color":"","overlay-opacity":"","overlay-gradient":""}}},"product_brand":[],"product_cat":[182,193],"product_tag":[],"class_list":{"0":"post-12273","1":"product","2":"type-product","3":"status-publish","4":"has-post-thumbnail","6":"product_cat-_","7":"product_cat--_","8":"pa_-roman","9":"pa_-devliken-kelogiri","10":"pa_-kurmanci","11":"pa_--jj","12":"desktop-align-left","13":"tablet-align-left","14":"mobile-align-left","16":"first","17":"instock","18":"shipping-taxable","19":"purchasable","20":"product-type-simple"},"yoast_head":"<!-- This site is optimized with the Yoast SEO plugin v27.4 - https:\/\/yoast.com\/product\/yoast-seo-wordpress\/ -->\n<title>Leylan - Devliken Kelogir\u00ee - www.shanabooks.de<\/title>\n<meta name=\"description\" content=\"Leylan - Devliken Kelogir\u00ee Li ber sitrana Ciwan Haco, hest\u00ean xwe li ber p\u00eal\u00ean \u015fev\u00ea berdan. Her du j\u00ee ber bi ev\u00eeneke nuhbi\u015fkiv\u00ee ve diherik\u00een...\" \/>\n<meta name=\"robots\" content=\"index, follow, max-snippet:-1, max-image-preview:large, max-video-preview:-1\" \/>\n<link rel=\"canonical\" href=\"https:\/\/shanabooks.de\/product\/leylan-devliken-kelogiri\/\" \/>\n<meta property=\"og:locale\" content=\"de_DE\" \/>\n<meta property=\"og:type\" content=\"article\" \/>\n<meta property=\"og:title\" content=\"Leylan - Devliken Kelogir\u00ee - www.shanabooks.de\" \/>\n<meta property=\"og:description\" content=\"Leylan - Devliken Kelogir\u00ee Li ber sitrana Ciwan Haco, hest\u00ean xwe li ber p\u00eal\u00ean \u015fev\u00ea berdan. Her du j\u00ee ber bi ev\u00eeneke nuhbi\u015fkiv\u00ee ve diherik\u00een...\" \/>\n<meta property=\"og:url\" content=\"https:\/\/shanabooks.de\/product\/leylan-devliken-kelogiri\/\" \/>\n<meta property=\"og:site_name\" content=\"www.shanabooks.de\" \/>\n<meta property=\"article:modified_time\" content=\"2026-01-01T20:12:56+00:00\" \/>\n<meta property=\"og:image\" content=\"https:\/\/shanabooks.de\/wp-content\/uploads\/2024\/01\/Leylan.png\" \/>\n\t<meta property=\"og:image:width\" content=\"278\" \/>\n\t<meta property=\"og:image:height\" content=\"474\" \/>\n\t<meta property=\"og:image:type\" content=\"image\/png\" \/>\n<meta name=\"twitter:card\" content=\"summary_large_image\" \/>\n<meta name=\"twitter:label1\" content=\"Gesch\u00e4tzte Lesezeit\" \/>\n\t<meta name=\"twitter:data1\" content=\"2\u00a0Minuten\" \/>\n<script type=\"application\/ld+json\" class=\"yoast-schema-graph\">{\"@context\":\"https:\\\/\\\/schema.org\",\"@graph\":[{\"@type\":\"WebPage\",\"@id\":\"https:\\\/\\\/shanabooks.de\\\/product\\\/leylan-devliken-kelogiri\\\/\",\"url\":\"https:\\\/\\\/shanabooks.de\\\/product\\\/leylan-devliken-kelogiri\\\/\",\"name\":\"Leylan - Devliken Kelogir\u00ee - www.shanabooks.de\",\"isPartOf\":{\"@id\":\"https:\\\/\\\/shanabooks.de\\\/#website\"},\"primaryImageOfPage\":{\"@id\":\"https:\\\/\\\/shanabooks.de\\\/product\\\/leylan-devliken-kelogiri\\\/#primaryimage\"},\"image\":{\"@id\":\"https:\\\/\\\/shanabooks.de\\\/product\\\/leylan-devliken-kelogiri\\\/#primaryimage\"},\"thumbnailUrl\":\"https:\\\/\\\/shanabooks.de\\\/wp-content\\\/uploads\\\/2024\\\/01\\\/Leylan.png\",\"datePublished\":\"2024-03-03T19:42:28+00:00\",\"dateModified\":\"2026-01-01T20:12:56+00:00\",\"description\":\"Leylan - Devliken Kelogir\u00ee Li ber sitrana Ciwan Haco, hest\u00ean xwe li ber p\u00eal\u00ean \u015fev\u00ea berdan. Her du j\u00ee ber bi ev\u00eeneke nuhbi\u015fkiv\u00ee ve diherik\u00een...\",\"breadcrumb\":{\"@id\":\"https:\\\/\\\/shanabooks.de\\\/product\\\/leylan-devliken-kelogiri\\\/#breadcrumb\"},\"inLanguage\":\"de\",\"potentialAction\":[{\"@type\":\"ReadAction\",\"target\":[\"https:\\\/\\\/shanabooks.de\\\/product\\\/leylan-devliken-kelogiri\\\/\"]}]},{\"@type\":\"ImageObject\",\"inLanguage\":\"de\",\"@id\":\"https:\\\/\\\/shanabooks.de\\\/product\\\/leylan-devliken-kelogiri\\\/#primaryimage\",\"url\":\"https:\\\/\\\/shanabooks.de\\\/wp-content\\\/uploads\\\/2024\\\/01\\\/Leylan.png\",\"contentUrl\":\"https:\\\/\\\/shanabooks.de\\\/wp-content\\\/uploads\\\/2024\\\/01\\\/Leylan.png\",\"width\":278,\"height\":474,\"caption\":\"Leylan - Devliken Kelogir\u00ee - pirt\u00fbk\u00ean kurd\u00ee - roman\"},{\"@type\":\"BreadcrumbList\",\"@id\":\"https:\\\/\\\/shanabooks.de\\\/product\\\/leylan-devliken-kelogiri\\\/#breadcrumb\",\"itemListElement\":[{\"@type\":\"ListItem\",\"position\":1,\"name\":\"\u0627\u0644\u0631\u0626\u064a\u0633\u064a\u0629\",\"item\":\"https:\\\/\\\/shanabooks.de\\\/de\\\/\"},{\"@type\":\"ListItem\",\"position\":2,\"name\":\"\u0627\u0644\u0645\u0646\u062a\u062c\u0627\u062a\",\"item\":\"https:\\\/\\\/shanabooks.de\\\/shop\\\/\"},{\"@type\":\"ListItem\",\"position\":3,\"name\":\"Leylan\"}]},{\"@type\":\"WebSite\",\"@id\":\"https:\\\/\\\/shanabooks.de\\\/#website\",\"url\":\"https:\\\/\\\/shanabooks.de\\\/\",\"name\":\"www.shanbooks.de\",\"description\":\"C\u00eehana Pirt\u00fbk\u00ean Kurd\u00ee \u0645\u0643\u062a\u0628\u0629 \u0634\u0627\u0646\u0627 \u0641\u064a \u0627\u0644\u0645\u0627\u0646\u064a\u0627 \u0648\u0623\u0648\u0631\u0628\u0627\",\"publisher\":{\"@id\":\"https:\\\/\\\/shanabooks.de\\\/#organization\"},\"potentialAction\":[{\"@type\":\"SearchAction\",\"target\":{\"@type\":\"EntryPoint\",\"urlTemplate\":\"https:\\\/\\\/shanabooks.de\\\/?s={search_term_string}\"},\"query-input\":{\"@type\":\"PropertyValueSpecification\",\"valueRequired\":true,\"valueName\":\"search_term_string\"}}],\"inLanguage\":\"de\"},{\"@type\":\"Organization\",\"@id\":\"https:\\\/\\\/shanabooks.de\\\/#organization\",\"name\":\"www.shanbooks.de\",\"url\":\"https:\\\/\\\/shanabooks.de\\\/\",\"logo\":{\"@type\":\"ImageObject\",\"inLanguage\":\"de\",\"@id\":\"https:\\\/\\\/shanabooks.de\\\/#\\\/schema\\\/logo\\\/image\\\/\",\"url\":\"https:\\\/\\\/shanabooks.de\\\/wp-content\\\/uploads\\\/2024\\\/03\\\/SHANABOOKS__2_-removebg-preview.png\",\"contentUrl\":\"https:\\\/\\\/shanabooks.de\\\/wp-content\\\/uploads\\\/2024\\\/03\\\/SHANABOOKS__2_-removebg-preview.png\",\"width\":700,\"height\":150,\"caption\":\"www.shanbooks.de\"},\"image\":{\"@id\":\"https:\\\/\\\/shanabooks.de\\\/#\\\/schema\\\/logo\\\/image\\\/\"}}]}<\/script>\n<!-- \/ Yoast SEO plugin. -->","yoast_head_json":{"title":"Leylan - Devliken Kelogir\u00ee - www.shanabooks.de","description":"Leylan - Devliken Kelogir\u00ee Li ber sitrana Ciwan Haco, hest\u00ean xwe li ber p\u00eal\u00ean \u015fev\u00ea berdan. Her du j\u00ee ber bi ev\u00eeneke nuhbi\u015fkiv\u00ee ve diherik\u00een...","robots":{"index":"index","follow":"follow","max-snippet":"max-snippet:-1","max-image-preview":"max-image-preview:large","max-video-preview":"max-video-preview:-1"},"canonical":"https:\/\/shanabooks.de\/product\/leylan-devliken-kelogiri\/","og_locale":"de_DE","og_type":"article","og_title":"Leylan - Devliken Kelogir\u00ee - www.shanabooks.de","og_description":"Leylan - Devliken Kelogir\u00ee Li ber sitrana Ciwan Haco, hest\u00ean xwe li ber p\u00eal\u00ean \u015fev\u00ea berdan. Her du j\u00ee ber bi ev\u00eeneke nuhbi\u015fkiv\u00ee ve diherik\u00een...","og_url":"https:\/\/shanabooks.de\/product\/leylan-devliken-kelogiri\/","og_site_name":"www.shanabooks.de","article_modified_time":"2026-01-01T20:12:56+00:00","og_image":[{"width":278,"height":474,"url":"https:\/\/shanabooks.de\/wp-content\/uploads\/2024\/01\/Leylan.png","type":"image\/png"}],"twitter_card":"summary_large_image","twitter_misc":{"Gesch\u00e4tzte Lesezeit":"2\u00a0Minuten"},"schema":{"@context":"https:\/\/schema.org","@graph":[{"@type":"WebPage","@id":"https:\/\/shanabooks.de\/product\/leylan-devliken-kelogiri\/","url":"https:\/\/shanabooks.de\/product\/leylan-devliken-kelogiri\/","name":"Leylan - Devliken Kelogir\u00ee - www.shanabooks.de","isPartOf":{"@id":"https:\/\/shanabooks.de\/#website"},"primaryImageOfPage":{"@id":"https:\/\/shanabooks.de\/product\/leylan-devliken-kelogiri\/#primaryimage"},"image":{"@id":"https:\/\/shanabooks.de\/product\/leylan-devliken-kelogiri\/#primaryimage"},"thumbnailUrl":"https:\/\/shanabooks.de\/wp-content\/uploads\/2024\/01\/Leylan.png","datePublished":"2024-03-03T19:42:28+00:00","dateModified":"2026-01-01T20:12:56+00:00","description":"Leylan - Devliken Kelogir\u00ee Li ber sitrana Ciwan Haco, hest\u00ean xwe li ber p\u00eal\u00ean \u015fev\u00ea berdan. Her du j\u00ee ber bi ev\u00eeneke nuhbi\u015fkiv\u00ee ve diherik\u00een...","breadcrumb":{"@id":"https:\/\/shanabooks.de\/product\/leylan-devliken-kelogiri\/#breadcrumb"},"inLanguage":"de","potentialAction":[{"@type":"ReadAction","target":["https:\/\/shanabooks.de\/product\/leylan-devliken-kelogiri\/"]}]},{"@type":"ImageObject","inLanguage":"de","@id":"https:\/\/shanabooks.de\/product\/leylan-devliken-kelogiri\/#primaryimage","url":"https:\/\/shanabooks.de\/wp-content\/uploads\/2024\/01\/Leylan.png","contentUrl":"https:\/\/shanabooks.de\/wp-content\/uploads\/2024\/01\/Leylan.png","width":278,"height":474,"caption":"Leylan - Devliken Kelogir\u00ee - pirt\u00fbk\u00ean kurd\u00ee - roman"},{"@type":"BreadcrumbList","@id":"https:\/\/shanabooks.de\/product\/leylan-devliken-kelogiri\/#breadcrumb","itemListElement":[{"@type":"ListItem","position":1,"name":"\u0627\u0644\u0631\u0626\u064a\u0633\u064a\u0629","item":"https:\/\/shanabooks.de\/de\/"},{"@type":"ListItem","position":2,"name":"\u0627\u0644\u0645\u0646\u062a\u062c\u0627\u062a","item":"https:\/\/shanabooks.de\/shop\/"},{"@type":"ListItem","position":3,"name":"Leylan"}]},{"@type":"WebSite","@id":"https:\/\/shanabooks.de\/#website","url":"https:\/\/shanabooks.de\/","name":"www.shanbooks.de","description":"C\u00eehana Pirt\u00fbk\u00ean Kurd\u00ee \u0645\u0643\u062a\u0628\u0629 \u0634\u0627\u0646\u0627 \u0641\u064a \u0627\u0644\u0645\u0627\u0646\u064a\u0627 \u0648\u0623\u0648\u0631\u0628\u0627","publisher":{"@id":"https:\/\/shanabooks.de\/#organization"},"potentialAction":[{"@type":"SearchAction","target":{"@type":"EntryPoint","urlTemplate":"https:\/\/shanabooks.de\/?s={search_term_string}"},"query-input":{"@type":"PropertyValueSpecification","valueRequired":true,"valueName":"search_term_string"}}],"inLanguage":"de"},{"@type":"Organization","@id":"https:\/\/shanabooks.de\/#organization","name":"www.shanbooks.de","url":"https:\/\/shanabooks.de\/","logo":{"@type":"ImageObject","inLanguage":"de","@id":"https:\/\/shanabooks.de\/#\/schema\/logo\/image\/","url":"https:\/\/shanabooks.de\/wp-content\/uploads\/2024\/03\/SHANABOOKS__2_-removebg-preview.png","contentUrl":"https:\/\/shanabooks.de\/wp-content\/uploads\/2024\/03\/SHANABOOKS__2_-removebg-preview.png","width":700,"height":150,"caption":"www.shanbooks.de"},"image":{"@id":"https:\/\/shanabooks.de\/#\/schema\/logo\/image\/"}}]}},"jetpack_sharing_enabled":true,"_links":{"self":[{"href":"https:\/\/shanabooks.de\/de\/wp-json\/wp\/v2\/product\/12273","targetHints":{"allow":["GET"]}}],"collection":[{"href":"https:\/\/shanabooks.de\/de\/wp-json\/wp\/v2\/product"}],"about":[{"href":"https:\/\/shanabooks.de\/de\/wp-json\/wp\/v2\/types\/product"}],"version-history":[{"count":3,"href":"https:\/\/shanabooks.de\/de\/wp-json\/wp\/v2\/product\/12273\/revisions"}],"predecessor-version":[{"id":21462,"href":"https:\/\/shanabooks.de\/de\/wp-json\/wp\/v2\/product\/12273\/revisions\/21462"}],"wp:featuredmedia":[{"embeddable":true,"href":"https:\/\/shanabooks.de\/de\/wp-json\/wp\/v2\/media\/5012"}],"wp:attachment":[{"href":"https:\/\/shanabooks.de\/de\/wp-json\/wp\/v2\/media?parent=12273"}],"wp:term":[{"taxonomy":"product_brand","embeddable":true,"href":"https:\/\/shanabooks.de\/de\/wp-json\/wp\/v2\/product_brand?post=12273"},{"taxonomy":"product_cat","embeddable":true,"href":"https:\/\/shanabooks.de\/de\/wp-json\/wp\/v2\/product_cat?post=12273"},{"taxonomy":"product_tag","embeddable":true,"href":"https:\/\/shanabooks.de\/de\/wp-json\/wp\/v2\/product_tag?post=12273"}],"curies":[{"name":"wp","href":"https:\/\/api.w.org\/{rel}","templated":true}]}}