{"id":12276,"date":"2024-03-03T19:42:28","date_gmt":"2024-03-03T19:42:28","guid":{"rendered":"https:\/\/shanabooks.de\/?post_type=product&#038;p=12276"},"modified":"2026-01-02T19:09:06","modified_gmt":"2026-01-02T19:09:06","slug":"mehabad-ber-bi-olimpiyada-xwede-de-selim-berekat","status":"publish","type":"product","link":"https:\/\/shanabooks.de\/de\/product\/mehabad-ber-bi-olimpiyada-xwede-de-selim-berekat\/","title":{"rendered":"Mehabad Ber bi Olimpiyada xwed\u00ea de"},"content":{"rendered":"<div class=\"DraftEditor-root\">\n<div class=\"DraftEditor-editorContainer\">\n<div id=\"yoast-google-preview-title-metabox\" class=\"notranslate public-DraftEditor-content\" role=\"combobox\" aria-describedby=\"placeholder-9dnlk\" aria-expanded=\"false\" aria-labelledby=\"5\">\n<div data-contents=\"true\">\n<div class=\"\" data-block=\"true\" data-editor=\"9dnlk\" data-offset-key=\"20k4k-0-0\">\n<div class=\"public-DraftStyleDefault-block public-DraftStyleDefault-rtl\" dir=\"ltr\" data-offset-key=\"20k4k-0-0\"><span data-offset-key=\"20k4k-0-0\"><strong>Mehabad Ber bi Olimpiyada xwed\u00ea de &#8211; Sel\u00eem Berekat<\/p>\n<p><\/strong><\/span><\/div>\n<\/div>\n<\/div>\n<\/div>\n<\/div>\n<\/div>\n<div class=\"product-tabs\" dir=\"ltr\">\n<div class=\"tabs-content\">\n<div id=\"tab-description\" class=\"tab-pane tab-content active \">\n<p>Wergera ji Ereb\u00ee: Jan Dost<br \/>\n\u201cL\u00ea m\u00eena janek\u00ea<br \/>\nBask bi p\u00ea\u015f de di\u00e7in<br \/>\nM\u00eena janek\u00ea<br \/>\nkurd ber bi rastiy\u00ea ve di\u00e7in<br \/>\nm\u00eena janek\u00ea<br \/>\nroj kor derbas dibe Mehabad<br \/>\n\u00fb ez<br \/>\nko\u00e7er\u00ee bi ko\u00e7er\u00ee \u2013bi eyn\u00ee \u015fiva xwe<br \/>\nbi cot sol\u00ean werzi\u015f\u00ee \u00fb \u00e7epik\u00ean lal<br \/>\ny\u00ean li ser derenceyan jib\u00eerkir\u00ee<br \/>\nez xw\u00eadana li ser eniya te zuwa dikim<br \/>\ney fir\u00ee\u015fte<br \/>\n\u00fb hestiy\u00ean xwe<br \/>\ndidim ber herdu bask\u00ean te<br \/>\nda ku xaka li pi\u015ft te diwe\u015fe<br \/>\nbiciv\u00eenim<br \/>\nbahoz bi bahoz \u00fb ciwan\u00ee bi ciwan\u00ee<br \/>\nli h\u00eaviya ku ez t\u00eera daw\u00ee biaw\u00eajim<br \/>\naliy\u00ean xw\u00eena daw\u00ee<br \/>\npi\u015ft re ez\u00ea xwe bijim\u00earim<br \/>\nnal\u00een bi nal\u00een<br \/>\nji Mehabad ta Mehabad\u201d<br \/>\nSel\u00eem Berekat<br \/>\nMehabad Ber bi Olimpiyada xwed\u00ea de ya Sel\u00eem Berekat ji we\u015fan\u00ean Avestay\u00ea derketiye.<\/p>\n<\/div>\n<\/div>\n<\/div>\n","protected":false},"excerpt":{"rendered":"<p dir=\"ltr\" style=\"text-align: center\"><strong>Pirt\u00fbk: Mehabad Ber bi Olimpiyada xwed\u00ea de<\/strong><br \/>\n<strong>Niv\u00eeskar: Sel\u00eem Berekat<br \/>\nCure: Helbest<\/strong><\/p>\n","protected":false},"featured_media":12355,"template":"","meta":{"site-sidebar-layout":"default","site-content-layout":"","ast-site-content-layout":"default","site-content-style":"default","site-sidebar-style":"default","ast-global-header-display":"","ast-banner-title-visibility":"","ast-main-header-display":"","ast-hfb-above-header-display":"","ast-hfb-below-header-display":"","ast-hfb-mobile-header-display":"","site-post-title":"","ast-breadcrumbs-content":"","ast-featured-img":"","footer-sml-layout":"","ast-disable-related-posts":"","theme-transparent-header-meta":"default","adv-header-id-meta":"","stick-header-meta":"","header-above-stick-meta":"","header-main-stick-meta":"","header-below-stick-meta":"","astra-migrate-meta-layouts":"set","ast-page-background-enabled":"default","ast-page-background-meta":{"desktop":{"background-color":"","background-image":"","background-repeat":"repeat","background-position":"center center","background-size":"auto","background-attachment":"scroll","background-type":"","background-media":"","overlay-type":"","overlay-color":"","overlay-opacity":"","overlay-gradient":""},"tablet":{"background-color":"","background-image":"","background-repeat":"repeat","background-position":"center center","background-size":"auto","background-attachment":"scroll","background-type":"","background-media":"","overlay-type":"","overlay-color":"","overlay-opacity":"","overlay-gradient":""},"mobile":{"background-color":"","background-image":"","background-repeat":"repeat","background-position":"center center","background-size":"auto","background-attachment":"scroll","background-type":"","background-media":"","overlay-type":"","overlay-color":"","overlay-opacity":"","overlay-gradient":""}},"ast-content-background-meta":{"desktop":{"background-color":"var(--ast-global-color-5)","background-image":"","background-repeat":"repeat","background-position":"center center","background-size":"auto","background-attachment":"scroll","background-type":"","background-media":"","overlay-type":"","overlay-color":"","overlay-opacity":"","overlay-gradient":""},"tablet":{"background-color":"var(--ast-global-color-5)","background-image":"","background-repeat":"repeat","background-position":"center center","background-size":"auto","background-attachment":"scroll","background-type":"","background-media":"","overlay-type":"","overlay-color":"","overlay-opacity":"","overlay-gradient":""},"mobile":{"background-color":"var(--ast-global-color-5)","background-image":"","background-repeat":"repeat","background-position":"center center","background-size":"auto","background-attachment":"scroll","background-type":"","background-media":"","overlay-type":"","overlay-color":"","overlay-opacity":"","overlay-gradient":""}}},"product_brand":[],"product_cat":[184,193],"product_tag":[],"class_list":{"0":"post-12276","1":"product","2":"type-product","3":"status-publish","4":"has-post-thumbnail","6":"product_cat-_","7":"product_cat--_","8":"pa_-helbest","9":"pa_-selim-berekat","10":"pa_-kurmanci","11":"pa_--avesta-yayinlari","12":"desktop-align-left","13":"tablet-align-left","14":"mobile-align-left","16":"first","17":"outofstock","18":"shipping-taxable","19":"purchasable","20":"product-type-simple"},"yoast_head":"<!-- This site is optimized with the Yoast SEO plugin v27.4 - https:\/\/yoast.com\/product\/yoast-seo-wordpress\/ -->\n<title>Mehabad Ber bi Olimpiyada xwed\u00ea de - Sel\u00eem Berekat - www.shanabooks.de<\/title>\n<meta name=\"description\" content=\"Mehabad Ber bi Olimpiyada xwed\u00ea de - Sel\u00eem Berekat Wergera ji Ereb\u00ee: Jan Dost\u201c L\u00ea m\u00eena janek\u00ea Bask bi p\u00ea\u015f de di\u00e7in M\u00eena janek\u00ea kurd ber bi rastiy\u00ea ve di\u00e7...\" \/>\n<meta name=\"robots\" content=\"index, follow, max-snippet:-1, max-image-preview:large, max-video-preview:-1\" \/>\n<link rel=\"canonical\" href=\"https:\/\/shanabooks.de\/product\/mehabad-ber-bi-olimpiyada-xwede-de-selim-berekat\/\" \/>\n<meta property=\"og:locale\" content=\"de_DE\" \/>\n<meta property=\"og:type\" content=\"article\" \/>\n<meta property=\"og:title\" content=\"Mehabad Ber bi Olimpiyada xwed\u00ea de - Sel\u00eem Berekat - www.shanabooks.de\" \/>\n<meta property=\"og:description\" content=\"Mehabad Ber bi Olimpiyada xwed\u00ea de - Sel\u00eem Berekat Wergera ji Ereb\u00ee: Jan Dost\u201c L\u00ea m\u00eena janek\u00ea Bask bi p\u00ea\u015f de di\u00e7in M\u00eena janek\u00ea kurd ber bi rastiy\u00ea ve di\u00e7...\" \/>\n<meta property=\"og:url\" content=\"https:\/\/shanabooks.de\/product\/mehabad-ber-bi-olimpiyada-xwede-de-selim-berekat\/\" \/>\n<meta property=\"og:site_name\" content=\"www.shanabooks.de\" \/>\n<meta property=\"article:modified_time\" content=\"2026-01-02T19:09:06+00:00\" \/>\n<meta property=\"og:image\" content=\"https:\/\/shanabooks.de\/wp-content\/uploads\/2024\/03\/Mehabad.jpg\" \/>\n\t<meta property=\"og:image:width\" content=\"451\" \/>\n\t<meta property=\"og:image:height\" content=\"900\" \/>\n\t<meta property=\"og:image:type\" content=\"image\/jpeg\" \/>\n<meta name=\"twitter:card\" content=\"summary_large_image\" \/>\n<meta name=\"twitter:label1\" content=\"Gesch\u00e4tzte Lesezeit\" \/>\n\t<meta name=\"twitter:data1\" content=\"2\u00a0Minuten\" \/>\n<script type=\"application\/ld+json\" class=\"yoast-schema-graph\">{\"@context\":\"https:\\\/\\\/schema.org\",\"@graph\":[{\"@type\":\"WebPage\",\"@id\":\"https:\\\/\\\/shanabooks.de\\\/product\\\/mehabad-ber-bi-olimpiyada-xwede-de-selim-berekat\\\/\",\"url\":\"https:\\\/\\\/shanabooks.de\\\/product\\\/mehabad-ber-bi-olimpiyada-xwede-de-selim-berekat\\\/\",\"name\":\"Mehabad Ber bi Olimpiyada xwed\u00ea de - Sel\u00eem Berekat - www.shanabooks.de\",\"isPartOf\":{\"@id\":\"https:\\\/\\\/shanabooks.de\\\/#website\"},\"primaryImageOfPage\":{\"@id\":\"https:\\\/\\\/shanabooks.de\\\/product\\\/mehabad-ber-bi-olimpiyada-xwede-de-selim-berekat\\\/#primaryimage\"},\"image\":{\"@id\":\"https:\\\/\\\/shanabooks.de\\\/product\\\/mehabad-ber-bi-olimpiyada-xwede-de-selim-berekat\\\/#primaryimage\"},\"thumbnailUrl\":\"https:\\\/\\\/shanabooks.de\\\/wp-content\\\/uploads\\\/2024\\\/03\\\/Mehabad.jpg\",\"datePublished\":\"2024-03-03T19:42:28+00:00\",\"dateModified\":\"2026-01-02T19:09:06+00:00\",\"description\":\"Mehabad Ber bi Olimpiyada xwed\u00ea de - Sel\u00eem Berekat Wergera ji Ereb\u00ee: Jan Dost\u201c L\u00ea m\u00eena janek\u00ea Bask bi p\u00ea\u015f de di\u00e7in M\u00eena janek\u00ea kurd ber bi rastiy\u00ea ve di\u00e7...\",\"breadcrumb\":{\"@id\":\"https:\\\/\\\/shanabooks.de\\\/product\\\/mehabad-ber-bi-olimpiyada-xwede-de-selim-berekat\\\/#breadcrumb\"},\"inLanguage\":\"de\",\"potentialAction\":[{\"@type\":\"ReadAction\",\"target\":[\"https:\\\/\\\/shanabooks.de\\\/product\\\/mehabad-ber-bi-olimpiyada-xwede-de-selim-berekat\\\/\"]}]},{\"@type\":\"ImageObject\",\"inLanguage\":\"de\",\"@id\":\"https:\\\/\\\/shanabooks.de\\\/product\\\/mehabad-ber-bi-olimpiyada-xwede-de-selim-berekat\\\/#primaryimage\",\"url\":\"https:\\\/\\\/shanabooks.de\\\/wp-content\\\/uploads\\\/2024\\\/03\\\/Mehabad.jpg\",\"contentUrl\":\"https:\\\/\\\/shanabooks.de\\\/wp-content\\\/uploads\\\/2024\\\/03\\\/Mehabad.jpg\",\"width\":451,\"height\":900,\"caption\":\"Mehabad Ber bi Olimpiyada xwed\u00ea de - Sel\u00eem Berekat - pirt\u00fbk\u00ean kurd\u00ee - helbest\"},{\"@type\":\"BreadcrumbList\",\"@id\":\"https:\\\/\\\/shanabooks.de\\\/product\\\/mehabad-ber-bi-olimpiyada-xwede-de-selim-berekat\\\/#breadcrumb\",\"itemListElement\":[{\"@type\":\"ListItem\",\"position\":1,\"name\":\"\u0627\u0644\u0631\u0626\u064a\u0633\u064a\u0629\",\"item\":\"https:\\\/\\\/shanabooks.de\\\/de\\\/\"},{\"@type\":\"ListItem\",\"position\":2,\"name\":\"\u0627\u0644\u0645\u0646\u062a\u062c\u0627\u062a\",\"item\":\"https:\\\/\\\/shanabooks.de\\\/shop\\\/\"},{\"@type\":\"ListItem\",\"position\":3,\"name\":\"Mehabad Ber bi Olimpiyada xwed\u00ea de\"}]},{\"@type\":\"WebSite\",\"@id\":\"https:\\\/\\\/shanabooks.de\\\/#website\",\"url\":\"https:\\\/\\\/shanabooks.de\\\/\",\"name\":\"www.shanbooks.de\",\"description\":\"C\u00eehana Pirt\u00fbk\u00ean Kurd\u00ee \u0645\u0643\u062a\u0628\u0629 \u0634\u0627\u0646\u0627 \u0641\u064a \u0627\u0644\u0645\u0627\u0646\u064a\u0627 \u0648\u0623\u0648\u0631\u0628\u0627\",\"publisher\":{\"@id\":\"https:\\\/\\\/shanabooks.de\\\/#organization\"},\"potentialAction\":[{\"@type\":\"SearchAction\",\"target\":{\"@type\":\"EntryPoint\",\"urlTemplate\":\"https:\\\/\\\/shanabooks.de\\\/?s={search_term_string}\"},\"query-input\":{\"@type\":\"PropertyValueSpecification\",\"valueRequired\":true,\"valueName\":\"search_term_string\"}}],\"inLanguage\":\"de\"},{\"@type\":\"Organization\",\"@id\":\"https:\\\/\\\/shanabooks.de\\\/#organization\",\"name\":\"www.shanbooks.de\",\"url\":\"https:\\\/\\\/shanabooks.de\\\/\",\"logo\":{\"@type\":\"ImageObject\",\"inLanguage\":\"de\",\"@id\":\"https:\\\/\\\/shanabooks.de\\\/#\\\/schema\\\/logo\\\/image\\\/\",\"url\":\"https:\\\/\\\/shanabooks.de\\\/wp-content\\\/uploads\\\/2024\\\/03\\\/SHANABOOKS__2_-removebg-preview.png\",\"contentUrl\":\"https:\\\/\\\/shanabooks.de\\\/wp-content\\\/uploads\\\/2024\\\/03\\\/SHANABOOKS__2_-removebg-preview.png\",\"width\":700,\"height\":150,\"caption\":\"www.shanbooks.de\"},\"image\":{\"@id\":\"https:\\\/\\\/shanabooks.de\\\/#\\\/schema\\\/logo\\\/image\\\/\"}}]}<\/script>\n<!-- \/ Yoast SEO plugin. -->","yoast_head_json":{"title":"Mehabad Ber bi Olimpiyada xwed\u00ea de - Sel\u00eem Berekat - www.shanabooks.de","description":"Mehabad Ber bi Olimpiyada xwed\u00ea de - Sel\u00eem Berekat Wergera ji Ereb\u00ee: Jan Dost\u201c L\u00ea m\u00eena janek\u00ea Bask bi p\u00ea\u015f de di\u00e7in M\u00eena janek\u00ea kurd ber bi rastiy\u00ea ve di\u00e7...","robots":{"index":"index","follow":"follow","max-snippet":"max-snippet:-1","max-image-preview":"max-image-preview:large","max-video-preview":"max-video-preview:-1"},"canonical":"https:\/\/shanabooks.de\/product\/mehabad-ber-bi-olimpiyada-xwede-de-selim-berekat\/","og_locale":"de_DE","og_type":"article","og_title":"Mehabad Ber bi Olimpiyada xwed\u00ea de - Sel\u00eem Berekat - www.shanabooks.de","og_description":"Mehabad Ber bi Olimpiyada xwed\u00ea de - Sel\u00eem Berekat Wergera ji Ereb\u00ee: Jan Dost\u201c L\u00ea m\u00eena janek\u00ea Bask bi p\u00ea\u015f de di\u00e7in M\u00eena janek\u00ea kurd ber bi rastiy\u00ea ve di\u00e7...","og_url":"https:\/\/shanabooks.de\/product\/mehabad-ber-bi-olimpiyada-xwede-de-selim-berekat\/","og_site_name":"www.shanabooks.de","article_modified_time":"2026-01-02T19:09:06+00:00","og_image":[{"width":451,"height":900,"url":"https:\/\/shanabooks.de\/wp-content\/uploads\/2024\/03\/Mehabad.jpg","type":"image\/jpeg"}],"twitter_card":"summary_large_image","twitter_misc":{"Gesch\u00e4tzte Lesezeit":"2\u00a0Minuten"},"schema":{"@context":"https:\/\/schema.org","@graph":[{"@type":"WebPage","@id":"https:\/\/shanabooks.de\/product\/mehabad-ber-bi-olimpiyada-xwede-de-selim-berekat\/","url":"https:\/\/shanabooks.de\/product\/mehabad-ber-bi-olimpiyada-xwede-de-selim-berekat\/","name":"Mehabad Ber bi Olimpiyada xwed\u00ea de - Sel\u00eem Berekat - www.shanabooks.de","isPartOf":{"@id":"https:\/\/shanabooks.de\/#website"},"primaryImageOfPage":{"@id":"https:\/\/shanabooks.de\/product\/mehabad-ber-bi-olimpiyada-xwede-de-selim-berekat\/#primaryimage"},"image":{"@id":"https:\/\/shanabooks.de\/product\/mehabad-ber-bi-olimpiyada-xwede-de-selim-berekat\/#primaryimage"},"thumbnailUrl":"https:\/\/shanabooks.de\/wp-content\/uploads\/2024\/03\/Mehabad.jpg","datePublished":"2024-03-03T19:42:28+00:00","dateModified":"2026-01-02T19:09:06+00:00","description":"Mehabad Ber bi Olimpiyada xwed\u00ea de - Sel\u00eem Berekat Wergera ji Ereb\u00ee: Jan Dost\u201c L\u00ea m\u00eena janek\u00ea Bask bi p\u00ea\u015f de di\u00e7in M\u00eena janek\u00ea kurd ber bi rastiy\u00ea ve di\u00e7...","breadcrumb":{"@id":"https:\/\/shanabooks.de\/product\/mehabad-ber-bi-olimpiyada-xwede-de-selim-berekat\/#breadcrumb"},"inLanguage":"de","potentialAction":[{"@type":"ReadAction","target":["https:\/\/shanabooks.de\/product\/mehabad-ber-bi-olimpiyada-xwede-de-selim-berekat\/"]}]},{"@type":"ImageObject","inLanguage":"de","@id":"https:\/\/shanabooks.de\/product\/mehabad-ber-bi-olimpiyada-xwede-de-selim-berekat\/#primaryimage","url":"https:\/\/shanabooks.de\/wp-content\/uploads\/2024\/03\/Mehabad.jpg","contentUrl":"https:\/\/shanabooks.de\/wp-content\/uploads\/2024\/03\/Mehabad.jpg","width":451,"height":900,"caption":"Mehabad Ber bi Olimpiyada xwed\u00ea de - Sel\u00eem Berekat - pirt\u00fbk\u00ean kurd\u00ee - helbest"},{"@type":"BreadcrumbList","@id":"https:\/\/shanabooks.de\/product\/mehabad-ber-bi-olimpiyada-xwede-de-selim-berekat\/#breadcrumb","itemListElement":[{"@type":"ListItem","position":1,"name":"\u0627\u0644\u0631\u0626\u064a\u0633\u064a\u0629","item":"https:\/\/shanabooks.de\/de\/"},{"@type":"ListItem","position":2,"name":"\u0627\u0644\u0645\u0646\u062a\u062c\u0627\u062a","item":"https:\/\/shanabooks.de\/shop\/"},{"@type":"ListItem","position":3,"name":"Mehabad Ber bi Olimpiyada xwed\u00ea de"}]},{"@type":"WebSite","@id":"https:\/\/shanabooks.de\/#website","url":"https:\/\/shanabooks.de\/","name":"www.shanbooks.de","description":"C\u00eehana Pirt\u00fbk\u00ean Kurd\u00ee \u0645\u0643\u062a\u0628\u0629 \u0634\u0627\u0646\u0627 \u0641\u064a \u0627\u0644\u0645\u0627\u0646\u064a\u0627 \u0648\u0623\u0648\u0631\u0628\u0627","publisher":{"@id":"https:\/\/shanabooks.de\/#organization"},"potentialAction":[{"@type":"SearchAction","target":{"@type":"EntryPoint","urlTemplate":"https:\/\/shanabooks.de\/?s={search_term_string}"},"query-input":{"@type":"PropertyValueSpecification","valueRequired":true,"valueName":"search_term_string"}}],"inLanguage":"de"},{"@type":"Organization","@id":"https:\/\/shanabooks.de\/#organization","name":"www.shanbooks.de","url":"https:\/\/shanabooks.de\/","logo":{"@type":"ImageObject","inLanguage":"de","@id":"https:\/\/shanabooks.de\/#\/schema\/logo\/image\/","url":"https:\/\/shanabooks.de\/wp-content\/uploads\/2024\/03\/SHANABOOKS__2_-removebg-preview.png","contentUrl":"https:\/\/shanabooks.de\/wp-content\/uploads\/2024\/03\/SHANABOOKS__2_-removebg-preview.png","width":700,"height":150,"caption":"www.shanbooks.de"},"image":{"@id":"https:\/\/shanabooks.de\/#\/schema\/logo\/image\/"}}]}},"jetpack_sharing_enabled":true,"_links":{"self":[{"href":"https:\/\/shanabooks.de\/de\/wp-json\/wp\/v2\/product\/12276","targetHints":{"allow":["GET"]}}],"collection":[{"href":"https:\/\/shanabooks.de\/de\/wp-json\/wp\/v2\/product"}],"about":[{"href":"https:\/\/shanabooks.de\/de\/wp-json\/wp\/v2\/types\/product"}],"version-history":[{"count":3,"href":"https:\/\/shanabooks.de\/de\/wp-json\/wp\/v2\/product\/12276\/revisions"}],"predecessor-version":[{"id":22167,"href":"https:\/\/shanabooks.de\/de\/wp-json\/wp\/v2\/product\/12276\/revisions\/22167"}],"wp:featuredmedia":[{"embeddable":true,"href":"https:\/\/shanabooks.de\/de\/wp-json\/wp\/v2\/media\/12355"}],"wp:attachment":[{"href":"https:\/\/shanabooks.de\/de\/wp-json\/wp\/v2\/media?parent=12276"}],"wp:term":[{"taxonomy":"product_brand","embeddable":true,"href":"https:\/\/shanabooks.de\/de\/wp-json\/wp\/v2\/product_brand?post=12276"},{"taxonomy":"product_cat","embeddable":true,"href":"https:\/\/shanabooks.de\/de\/wp-json\/wp\/v2\/product_cat?post=12276"},{"taxonomy":"product_tag","embeddable":true,"href":"https:\/\/shanabooks.de\/de\/wp-json\/wp\/v2\/product_tag?post=12276"}],"curies":[{"name":"wp","href":"https:\/\/api.w.org\/{rel}","templated":true}]}}