{"id":12313,"date":"2024-03-03T19:42:50","date_gmt":"2024-03-03T19:42:50","guid":{"rendered":"https:\/\/shanabooks.de\/?post_type=product&#038;p=12313"},"modified":"2026-01-01T19:48:00","modified_gmt":"2026-01-01T19:48:00","slug":"min-beriya-seven-spi-kiriye-tosine-resid","status":"publish","type":"product","link":"https:\/\/shanabooks.de\/de\/product\/min-beriya-seven-spi-kiriye-tosine-resid\/","title":{"rendered":"Min B\u00eariya \u015eev\u00ean Sp\u00ee Kiriye"},"content":{"rendered":"<p dir=\"ltr\"><strong>Min B\u00eariya \u015eev\u00ean Sp\u00ee Kiriye &#8211; Tosin\u00ea Re\u015f\u00eed<\/strong><\/p>\n<p dir=\"ltr\">Keman dinale, keman dil\u00fbb\u00eene.<br \/>\nSazbend\u00ea kal ji c\u00eehana dor xwe, ji xer\u00eaq\u00ean roj\u00ea gi\u015fkan hilatiye \u00fb xwe berdaye nav c\u00eehana<br \/>\nawazan.<br \/>\nJi gurb\u00fbna hes\u00eena bedena w\u00ee b\u00fbye kevan.<br \/>\nBi dil \u00fb can l\u00ea dixe!<\/p>\n<p dir=\"ltr\">\u201cEz gelek\u00ee dixwazim carek\u00ea herim St. P\u00eat\u00earb\u00fbrg\u00ea.<br \/>\n\u201cMin b\u00eariya \u015fev\u00ean sp\u00ee kiriye!<br \/>\n\u201cZan\u00ee, \u00e7awan te got \u2018Polon\u00eaz\u2019 a Ag\u00eensk\u00ee sal\u00ean xortaniya te t\u00eene b\u00eera te, a min j\u00ee<\/p>\n<p dir=\"ltr\">piraniya b\u00eeran\u00een\u00ean min bi \u015fev\u00ean sp\u00ee ra gir\u00eaday\u00eene.<br \/>\n\u201cTi\u015ftek\u00ee ec\u00eav e, di salek\u00ea da ew \u015fev ten\u00ea du, s\u00ea hevta didom\u00eenin, l\u00ea ba\u015ftir\u00een b\u00eeran\u00een\u00ean xortaniya min bi wan \u015fevan ra gir\u00eaday\u00eene.<br \/>\n\u201cXer\u00eeb\u00ee ti\u015ftek\u00ee s\u00ear e. Ti\u015ft heb\u00fbn, wek\u00ee li wel\u00eat tu caran ne dihatin b\u00eera te, l\u00ea li vir bi \u015fev \u00fb roj ji b\u00eera te na\u00e7in.<\/p>\n<p dir=\"ltr\">\u201cLi vir heval\u00ea min tune ne, kes\u00ee derd \u00fb kul\u00ean min t\u00ea bigih\u00eeje tune.<br \/>\n\u201cL\u00eaxistina v\u00ea keman\u00ea n\u00een b\u00fbya, niha ez ji z\u00fb va danav\u00ee bib\u00fbm. Gava ez keman\u00ea dixim \u00fb \u00e7av\u00ean xwe digrim, min tir\u00ea ez d\u00eesan li wel\u00eat im.<\/p>\n<p dir=\"ltr\">\u201c&#8230;\u00fb ez \u00ea herim.<br \/>\n\u201cBer\u00ee \u015fev\u00ean sp\u00ee dest p\u00ea bibin, ez \u00ea herim!\u201d<\/p>\n<div id=\"product\" class=\"product-options\">\n<div class=\"journal-custom-tab\" style=\"text-align: left\"><strong>Min B\u00eariya \u015eev\u00ean Sp\u00ee Kiriye ya Tosin\u00ea Re\u015f\u00eed ji we\u015fan\u00ean Avesta ye.<\/strong><\/div>\n<\/div>\n","protected":false},"excerpt":{"rendered":"<p dir=\"ltr\" style=\"text-align: center\"><strong>Pirt\u00fbk: Min B\u00eariya \u015eev\u00ean Sp\u00ee Kiriye<\/strong><br \/>\n<strong>Niv\u00eeskar: Tosin\u00ea Re\u015f\u00eed<br \/>\nCure: \u00e7\u00eerok<\/strong><\/p>\n","protected":false},"featured_media":12374,"template":"","meta":{"site-sidebar-layout":"default","site-content-layout":"","ast-site-content-layout":"default","site-content-style":"default","site-sidebar-style":"default","ast-global-header-display":"","ast-banner-title-visibility":"","ast-main-header-display":"","ast-hfb-above-header-display":"","ast-hfb-below-header-display":"","ast-hfb-mobile-header-display":"","site-post-title":"","ast-breadcrumbs-content":"","ast-featured-img":"","footer-sml-layout":"","ast-disable-related-posts":"","theme-transparent-header-meta":"default","adv-header-id-meta":"","stick-header-meta":"","header-above-stick-meta":"","header-main-stick-meta":"","header-below-stick-meta":"","astra-migrate-meta-layouts":"set","ast-page-background-enabled":"default","ast-page-background-meta":{"desktop":{"background-color":"","background-image":"","background-repeat":"repeat","background-position":"center center","background-size":"auto","background-attachment":"scroll","background-type":"","background-media":"","overlay-type":"","overlay-color":"","overlay-opacity":"","overlay-gradient":""},"tablet":{"background-color":"","background-image":"","background-repeat":"repeat","background-position":"center center","background-size":"auto","background-attachment":"scroll","background-type":"","background-media":"","overlay-type":"","overlay-color":"","overlay-opacity":"","overlay-gradient":""},"mobile":{"background-color":"","background-image":"","background-repeat":"repeat","background-position":"center center","background-size":"auto","background-attachment":"scroll","background-type":"","background-media":"","overlay-type":"","overlay-color":"","overlay-opacity":"","overlay-gradient":""}},"ast-content-background-meta":{"desktop":{"background-color":"var(--ast-global-color-5)","background-image":"","background-repeat":"repeat","background-position":"center center","background-size":"auto","background-attachment":"scroll","background-type":"","background-media":"","overlay-type":"","overlay-color":"","overlay-opacity":"","overlay-gradient":""},"tablet":{"background-color":"var(--ast-global-color-5)","background-image":"","background-repeat":"repeat","background-position":"center center","background-size":"auto","background-attachment":"scroll","background-type":"","background-media":"","overlay-type":"","overlay-color":"","overlay-opacity":"","overlay-gradient":""},"mobile":{"background-color":"var(--ast-global-color-5)","background-image":"","background-repeat":"repeat","background-position":"center center","background-size":"auto","background-attachment":"scroll","background-type":"","background-media":"","overlay-type":"","overlay-color":"","overlay-opacity":"","overlay-gradient":""}}},"product_brand":[],"product_cat":[183,193],"product_tag":[],"class_list":{"0":"post-12313","1":"product","2":"type-product","3":"status-publish","4":"has-post-thumbnail","6":"product_cat-_","7":"product_cat--_","8":"pa_-cirok","9":"pa_-tosine-resid","10":"pa_-kurmanci","11":"pa_--avesta-yayinlari","12":"desktop-align-left","13":"tablet-align-left","14":"mobile-align-left","16":"first","17":"instock","18":"shipping-taxable","19":"purchasable","20":"product-type-simple"},"yoast_head":"<!-- This site is optimized with the Yoast SEO plugin v27.4 - https:\/\/yoast.com\/product\/yoast-seo-wordpress\/ -->\n<title>Min B\u00eariya \u015eev\u00ean Sp\u00ee Kiriye - Tosin\u00ea Re\u015f\u00eed - www.shanabooks.de<\/title>\n<meta name=\"description\" content=\"Min B\u00eariya \u015eev\u00ean Sp\u00ee Kiriye - Tosin\u00ea Re\u015f\u00eed Keman dinale, keman dil\u00fbb\u00eene. Sazbend\u00ea kal ji c\u00eehana dor xwe, ji xer\u00eaq\u00ean roj\u00ea gi\u015fkan hilatiye \u00fb xwe berdaye na...\" \/>\n<meta name=\"robots\" content=\"index, follow, max-snippet:-1, max-image-preview:large, max-video-preview:-1\" \/>\n<link rel=\"canonical\" href=\"https:\/\/shanabooks.de\/product\/min-beriya-seven-spi-kiriye-tosine-resid\/\" \/>\n<meta property=\"og:locale\" content=\"de_DE\" \/>\n<meta property=\"og:type\" content=\"article\" \/>\n<meta property=\"og:title\" content=\"Min B\u00eariya \u015eev\u00ean Sp\u00ee Kiriye - Tosin\u00ea Re\u015f\u00eed - www.shanabooks.de\" \/>\n<meta property=\"og:description\" content=\"Min B\u00eariya \u015eev\u00ean Sp\u00ee Kiriye - Tosin\u00ea Re\u015f\u00eed Keman dinale, keman dil\u00fbb\u00eene. Sazbend\u00ea kal ji c\u00eehana dor xwe, ji xer\u00eaq\u00ean roj\u00ea gi\u015fkan hilatiye \u00fb xwe berdaye na...\" \/>\n<meta property=\"og:url\" content=\"https:\/\/shanabooks.de\/product\/min-beriya-seven-spi-kiriye-tosine-resid\/\" \/>\n<meta property=\"og:site_name\" content=\"www.shanabooks.de\" \/>\n<meta property=\"article:modified_time\" content=\"2026-01-01T19:48:00+00:00\" \/>\n<meta property=\"og:image\" content=\"https:\/\/shanabooks.de\/wp-content\/uploads\/2024\/03\/Min-beriya-seveen-spi-kiriye.jpg\" \/>\n\t<meta property=\"og:image:width\" content=\"600\" \/>\n\t<meta property=\"og:image:height\" content=\"900\" \/>\n\t<meta property=\"og:image:type\" content=\"image\/jpeg\" \/>\n<meta name=\"twitter:card\" content=\"summary_large_image\" \/>\n<meta name=\"twitter:label1\" content=\"Gesch\u00e4tzte Lesezeit\" \/>\n\t<meta name=\"twitter:data1\" content=\"2\u00a0Minuten\" \/>\n<script type=\"application\/ld+json\" class=\"yoast-schema-graph\">{\"@context\":\"https:\\\/\\\/schema.org\",\"@graph\":[{\"@type\":\"WebPage\",\"@id\":\"https:\\\/\\\/shanabooks.de\\\/product\\\/min-beriya-seven-spi-kiriye-tosine-resid\\\/\",\"url\":\"https:\\\/\\\/shanabooks.de\\\/product\\\/min-beriya-seven-spi-kiriye-tosine-resid\\\/\",\"name\":\"Min B\u00eariya \u015eev\u00ean Sp\u00ee Kiriye - Tosin\u00ea Re\u015f\u00eed - www.shanabooks.de\",\"isPartOf\":{\"@id\":\"https:\\\/\\\/shanabooks.de\\\/#website\"},\"primaryImageOfPage\":{\"@id\":\"https:\\\/\\\/shanabooks.de\\\/product\\\/min-beriya-seven-spi-kiriye-tosine-resid\\\/#primaryimage\"},\"image\":{\"@id\":\"https:\\\/\\\/shanabooks.de\\\/product\\\/min-beriya-seven-spi-kiriye-tosine-resid\\\/#primaryimage\"},\"thumbnailUrl\":\"https:\\\/\\\/shanabooks.de\\\/wp-content\\\/uploads\\\/2024\\\/03\\\/Min-beriya-seveen-spi-kiriye.jpg\",\"datePublished\":\"2024-03-03T19:42:50+00:00\",\"dateModified\":\"2026-01-01T19:48:00+00:00\",\"description\":\"Min B\u00eariya \u015eev\u00ean Sp\u00ee Kiriye - Tosin\u00ea Re\u015f\u00eed Keman dinale, keman dil\u00fbb\u00eene. Sazbend\u00ea kal ji c\u00eehana dor xwe, ji xer\u00eaq\u00ean roj\u00ea gi\u015fkan hilatiye \u00fb xwe berdaye na...\",\"breadcrumb\":{\"@id\":\"https:\\\/\\\/shanabooks.de\\\/product\\\/min-beriya-seven-spi-kiriye-tosine-resid\\\/#breadcrumb\"},\"inLanguage\":\"de\",\"potentialAction\":[{\"@type\":\"ReadAction\",\"target\":[\"https:\\\/\\\/shanabooks.de\\\/product\\\/min-beriya-seven-spi-kiriye-tosine-resid\\\/\"]}]},{\"@type\":\"ImageObject\",\"inLanguage\":\"de\",\"@id\":\"https:\\\/\\\/shanabooks.de\\\/product\\\/min-beriya-seven-spi-kiriye-tosine-resid\\\/#primaryimage\",\"url\":\"https:\\\/\\\/shanabooks.de\\\/wp-content\\\/uploads\\\/2024\\\/03\\\/Min-beriya-seveen-spi-kiriye.jpg\",\"contentUrl\":\"https:\\\/\\\/shanabooks.de\\\/wp-content\\\/uploads\\\/2024\\\/03\\\/Min-beriya-seveen-spi-kiriye.jpg\",\"width\":600,\"height\":900,\"caption\":\"Min B\u00eariya \u015eev\u00ean Sp\u00ee Kiriye - Tosin\u00ea Re\u015f\u00eed - pirt\u00fbk\u00ean kurd\u00ee - \u00e7\u00eerok\"},{\"@type\":\"BreadcrumbList\",\"@id\":\"https:\\\/\\\/shanabooks.de\\\/product\\\/min-beriya-seven-spi-kiriye-tosine-resid\\\/#breadcrumb\",\"itemListElement\":[{\"@type\":\"ListItem\",\"position\":1,\"name\":\"\u0627\u0644\u0631\u0626\u064a\u0633\u064a\u0629\",\"item\":\"https:\\\/\\\/shanabooks.de\\\/de\\\/\"},{\"@type\":\"ListItem\",\"position\":2,\"name\":\"\u0627\u0644\u0645\u0646\u062a\u062c\u0627\u062a\",\"item\":\"https:\\\/\\\/shanabooks.de\\\/shop\\\/\"},{\"@type\":\"ListItem\",\"position\":3,\"name\":\"Min B\u00eariya \u015eev\u00ean Sp\u00ee Kiriye\"}]},{\"@type\":\"WebSite\",\"@id\":\"https:\\\/\\\/shanabooks.de\\\/#website\",\"url\":\"https:\\\/\\\/shanabooks.de\\\/\",\"name\":\"www.shanbooks.de\",\"description\":\"C\u00eehana Pirt\u00fbk\u00ean Kurd\u00ee \u0645\u0643\u062a\u0628\u0629 \u0634\u0627\u0646\u0627 \u0641\u064a \u0627\u0644\u0645\u0627\u0646\u064a\u0627 \u0648\u0623\u0648\u0631\u0628\u0627\",\"publisher\":{\"@id\":\"https:\\\/\\\/shanabooks.de\\\/#organization\"},\"potentialAction\":[{\"@type\":\"SearchAction\",\"target\":{\"@type\":\"EntryPoint\",\"urlTemplate\":\"https:\\\/\\\/shanabooks.de\\\/?s={search_term_string}\"},\"query-input\":{\"@type\":\"PropertyValueSpecification\",\"valueRequired\":true,\"valueName\":\"search_term_string\"}}],\"inLanguage\":\"de\"},{\"@type\":\"Organization\",\"@id\":\"https:\\\/\\\/shanabooks.de\\\/#organization\",\"name\":\"www.shanbooks.de\",\"url\":\"https:\\\/\\\/shanabooks.de\\\/\",\"logo\":{\"@type\":\"ImageObject\",\"inLanguage\":\"de\",\"@id\":\"https:\\\/\\\/shanabooks.de\\\/#\\\/schema\\\/logo\\\/image\\\/\",\"url\":\"https:\\\/\\\/shanabooks.de\\\/wp-content\\\/uploads\\\/2024\\\/03\\\/SHANABOOKS__2_-removebg-preview.png\",\"contentUrl\":\"https:\\\/\\\/shanabooks.de\\\/wp-content\\\/uploads\\\/2024\\\/03\\\/SHANABOOKS__2_-removebg-preview.png\",\"width\":700,\"height\":150,\"caption\":\"www.shanbooks.de\"},\"image\":{\"@id\":\"https:\\\/\\\/shanabooks.de\\\/#\\\/schema\\\/logo\\\/image\\\/\"}}]}<\/script>\n<!-- \/ Yoast SEO plugin. -->","yoast_head_json":{"title":"Min B\u00eariya \u015eev\u00ean Sp\u00ee Kiriye - Tosin\u00ea Re\u015f\u00eed - www.shanabooks.de","description":"Min B\u00eariya \u015eev\u00ean Sp\u00ee Kiriye - Tosin\u00ea Re\u015f\u00eed Keman dinale, keman dil\u00fbb\u00eene. Sazbend\u00ea kal ji c\u00eehana dor xwe, ji xer\u00eaq\u00ean roj\u00ea gi\u015fkan hilatiye \u00fb xwe berdaye na...","robots":{"index":"index","follow":"follow","max-snippet":"max-snippet:-1","max-image-preview":"max-image-preview:large","max-video-preview":"max-video-preview:-1"},"canonical":"https:\/\/shanabooks.de\/product\/min-beriya-seven-spi-kiriye-tosine-resid\/","og_locale":"de_DE","og_type":"article","og_title":"Min B\u00eariya \u015eev\u00ean Sp\u00ee Kiriye - Tosin\u00ea Re\u015f\u00eed - www.shanabooks.de","og_description":"Min B\u00eariya \u015eev\u00ean Sp\u00ee Kiriye - Tosin\u00ea Re\u015f\u00eed Keman dinale, keman dil\u00fbb\u00eene. Sazbend\u00ea kal ji c\u00eehana dor xwe, ji xer\u00eaq\u00ean roj\u00ea gi\u015fkan hilatiye \u00fb xwe berdaye na...","og_url":"https:\/\/shanabooks.de\/product\/min-beriya-seven-spi-kiriye-tosine-resid\/","og_site_name":"www.shanabooks.de","article_modified_time":"2026-01-01T19:48:00+00:00","og_image":[{"width":600,"height":900,"url":"https:\/\/shanabooks.de\/wp-content\/uploads\/2024\/03\/Min-beriya-seveen-spi-kiriye.jpg","type":"image\/jpeg"}],"twitter_card":"summary_large_image","twitter_misc":{"Gesch\u00e4tzte Lesezeit":"2\u00a0Minuten"},"schema":{"@context":"https:\/\/schema.org","@graph":[{"@type":"WebPage","@id":"https:\/\/shanabooks.de\/product\/min-beriya-seven-spi-kiriye-tosine-resid\/","url":"https:\/\/shanabooks.de\/product\/min-beriya-seven-spi-kiriye-tosine-resid\/","name":"Min B\u00eariya \u015eev\u00ean Sp\u00ee Kiriye - Tosin\u00ea Re\u015f\u00eed - www.shanabooks.de","isPartOf":{"@id":"https:\/\/shanabooks.de\/#website"},"primaryImageOfPage":{"@id":"https:\/\/shanabooks.de\/product\/min-beriya-seven-spi-kiriye-tosine-resid\/#primaryimage"},"image":{"@id":"https:\/\/shanabooks.de\/product\/min-beriya-seven-spi-kiriye-tosine-resid\/#primaryimage"},"thumbnailUrl":"https:\/\/shanabooks.de\/wp-content\/uploads\/2024\/03\/Min-beriya-seveen-spi-kiriye.jpg","datePublished":"2024-03-03T19:42:50+00:00","dateModified":"2026-01-01T19:48:00+00:00","description":"Min B\u00eariya \u015eev\u00ean Sp\u00ee Kiriye - Tosin\u00ea Re\u015f\u00eed Keman dinale, keman dil\u00fbb\u00eene. Sazbend\u00ea kal ji c\u00eehana dor xwe, ji xer\u00eaq\u00ean roj\u00ea gi\u015fkan hilatiye \u00fb xwe berdaye na...","breadcrumb":{"@id":"https:\/\/shanabooks.de\/product\/min-beriya-seven-spi-kiriye-tosine-resid\/#breadcrumb"},"inLanguage":"de","potentialAction":[{"@type":"ReadAction","target":["https:\/\/shanabooks.de\/product\/min-beriya-seven-spi-kiriye-tosine-resid\/"]}]},{"@type":"ImageObject","inLanguage":"de","@id":"https:\/\/shanabooks.de\/product\/min-beriya-seven-spi-kiriye-tosine-resid\/#primaryimage","url":"https:\/\/shanabooks.de\/wp-content\/uploads\/2024\/03\/Min-beriya-seveen-spi-kiriye.jpg","contentUrl":"https:\/\/shanabooks.de\/wp-content\/uploads\/2024\/03\/Min-beriya-seveen-spi-kiriye.jpg","width":600,"height":900,"caption":"Min B\u00eariya \u015eev\u00ean Sp\u00ee Kiriye - Tosin\u00ea Re\u015f\u00eed - pirt\u00fbk\u00ean kurd\u00ee - \u00e7\u00eerok"},{"@type":"BreadcrumbList","@id":"https:\/\/shanabooks.de\/product\/min-beriya-seven-spi-kiriye-tosine-resid\/#breadcrumb","itemListElement":[{"@type":"ListItem","position":1,"name":"\u0627\u0644\u0631\u0626\u064a\u0633\u064a\u0629","item":"https:\/\/shanabooks.de\/de\/"},{"@type":"ListItem","position":2,"name":"\u0627\u0644\u0645\u0646\u062a\u062c\u0627\u062a","item":"https:\/\/shanabooks.de\/shop\/"},{"@type":"ListItem","position":3,"name":"Min B\u00eariya \u015eev\u00ean Sp\u00ee Kiriye"}]},{"@type":"WebSite","@id":"https:\/\/shanabooks.de\/#website","url":"https:\/\/shanabooks.de\/","name":"www.shanbooks.de","description":"C\u00eehana Pirt\u00fbk\u00ean Kurd\u00ee \u0645\u0643\u062a\u0628\u0629 \u0634\u0627\u0646\u0627 \u0641\u064a \u0627\u0644\u0645\u0627\u0646\u064a\u0627 \u0648\u0623\u0648\u0631\u0628\u0627","publisher":{"@id":"https:\/\/shanabooks.de\/#organization"},"potentialAction":[{"@type":"SearchAction","target":{"@type":"EntryPoint","urlTemplate":"https:\/\/shanabooks.de\/?s={search_term_string}"},"query-input":{"@type":"PropertyValueSpecification","valueRequired":true,"valueName":"search_term_string"}}],"inLanguage":"de"},{"@type":"Organization","@id":"https:\/\/shanabooks.de\/#organization","name":"www.shanbooks.de","url":"https:\/\/shanabooks.de\/","logo":{"@type":"ImageObject","inLanguage":"de","@id":"https:\/\/shanabooks.de\/#\/schema\/logo\/image\/","url":"https:\/\/shanabooks.de\/wp-content\/uploads\/2024\/03\/SHANABOOKS__2_-removebg-preview.png","contentUrl":"https:\/\/shanabooks.de\/wp-content\/uploads\/2024\/03\/SHANABOOKS__2_-removebg-preview.png","width":700,"height":150,"caption":"www.shanbooks.de"},"image":{"@id":"https:\/\/shanabooks.de\/#\/schema\/logo\/image\/"}}]}},"jetpack_sharing_enabled":true,"_links":{"self":[{"href":"https:\/\/shanabooks.de\/de\/wp-json\/wp\/v2\/product\/12313","targetHints":{"allow":["GET"]}}],"collection":[{"href":"https:\/\/shanabooks.de\/de\/wp-json\/wp\/v2\/product"}],"about":[{"href":"https:\/\/shanabooks.de\/de\/wp-json\/wp\/v2\/types\/product"}],"version-history":[{"count":3,"href":"https:\/\/shanabooks.de\/de\/wp-json\/wp\/v2\/product\/12313\/revisions"}],"predecessor-version":[{"id":22195,"href":"https:\/\/shanabooks.de\/de\/wp-json\/wp\/v2\/product\/12313\/revisions\/22195"}],"wp:featuredmedia":[{"embeddable":true,"href":"https:\/\/shanabooks.de\/de\/wp-json\/wp\/v2\/media\/12374"}],"wp:attachment":[{"href":"https:\/\/shanabooks.de\/de\/wp-json\/wp\/v2\/media?parent=12313"}],"wp:term":[{"taxonomy":"product_brand","embeddable":true,"href":"https:\/\/shanabooks.de\/de\/wp-json\/wp\/v2\/product_brand?post=12313"},{"taxonomy":"product_cat","embeddable":true,"href":"https:\/\/shanabooks.de\/de\/wp-json\/wp\/v2\/product_cat?post=12313"},{"taxonomy":"product_tag","embeddable":true,"href":"https:\/\/shanabooks.de\/de\/wp-json\/wp\/v2\/product_tag?post=12313"}],"curies":[{"name":"wp","href":"https:\/\/api.w.org\/{rel}","templated":true}]}}