{"id":12314,"date":"2024-03-03T19:42:50","date_gmt":"2024-03-03T19:42:50","guid":{"rendered":"https:\/\/shanabooks.de\/?post_type=product&#038;p=12314"},"modified":"2026-01-02T19:48:24","modified_gmt":"2026-01-02T19:48:24","slug":"diwan-hemu-berhem-ehmed-huseyni","status":"publish","type":"product","link":"https:\/\/shanabooks.de\/de\/product\/diwan-hemu-berhem-ehmed-huseyni\/","title":{"rendered":"(D\u00eewan (Hem\u00fb berhem"},"content":{"rendered":"<p dir=\"ltr\"><strong>D\u00eewan (Hem\u00fb berhem) &#8211; Ehmed Huseyn\u00ee\u00a0<\/strong><\/p>\n<p dir=\"ltr\">W\u00eane: Reh\u00eemo<br \/>\nHey guliy\u00ean \u00eagir!<br \/>\nHey destanb\u00eaj\u00ean ko w\u00ea \u00eavar\u00ea xewn\u00ean dayika min bi ewr\u00ean d\u00fbmanhilgir<br \/>\n\u00ean gunehbariy\u00ea di\u015f\u00fb\u015ftin<br \/>\n\u00fb berbisk\u00ean ev\u00een\u00ea bi b\u00eena cegerdar a \u00e7ilmis\u00eena kul\u00eelk\u00ean bej\u00ee dixemilandin!<br \/>\nBo \u00e7i h\u00fbn dest\u00ean ji beyb\u00fbnan \u00ean van giyandaran h\u00een\u00ee xatirxwestin\u00ea \u00fb<br \/>\ngoristan\u00ean sawdar h\u00een\u00ee heyv\u00ean po\u015fman \u00ean re\u015fgir\u00eadan\u00ea dikin?<br \/>\nBo \u00e7i h\u00fbn bask\u00ean \u015fev\u00ea y\u00ean ji xwel\u00ee \u00fb d\u00eelokan,<br \/>\ny\u00ean ji perenga b\u00ear\u00eekirin\u00ea, bi ser matmay\u00een \u00fb sergerdeniya me de<br \/>\nvedigirin?<\/p>\n","protected":false},"excerpt":{"rendered":"<p dir=\"ltr\" style=\"text-align: center\"><strong>Pirt\u00fbk: D\u00eewan (Hem\u00fb berhem)<br \/>\nNiv\u00eeskar : Ehmed Huseyn\u00ee\u00a0<\/strong><br \/>\n<strong>Cure : Helbest\u00a0<\/strong><\/p>\n","protected":false},"featured_media":12376,"template":"","meta":{"site-sidebar-layout":"default","site-content-layout":"","ast-site-content-layout":"default","site-content-style":"default","site-sidebar-style":"default","ast-global-header-display":"","ast-banner-title-visibility":"","ast-main-header-display":"","ast-hfb-above-header-display":"","ast-hfb-below-header-display":"","ast-hfb-mobile-header-display":"","site-post-title":"","ast-breadcrumbs-content":"","ast-featured-img":"","footer-sml-layout":"","ast-disable-related-posts":"","theme-transparent-header-meta":"default","adv-header-id-meta":"","stick-header-meta":"","header-above-stick-meta":"","header-main-stick-meta":"","header-below-stick-meta":"","astra-migrate-meta-layouts":"set","ast-page-background-enabled":"default","ast-page-background-meta":{"desktop":{"background-color":"","background-image":"","background-repeat":"repeat","background-position":"center center","background-size":"auto","background-attachment":"scroll","background-type":"","background-media":"","overlay-type":"","overlay-color":"","overlay-opacity":"","overlay-gradient":""},"tablet":{"background-color":"","background-image":"","background-repeat":"repeat","background-position":"center center","background-size":"auto","background-attachment":"scroll","background-type":"","background-media":"","overlay-type":"","overlay-color":"","overlay-opacity":"","overlay-gradient":""},"mobile":{"background-color":"","background-image":"","background-repeat":"repeat","background-position":"center center","background-size":"auto","background-attachment":"scroll","background-type":"","background-media":"","overlay-type":"","overlay-color":"","overlay-opacity":"","overlay-gradient":""}},"ast-content-background-meta":{"desktop":{"background-color":"var(--ast-global-color-5)","background-image":"","background-repeat":"repeat","background-position":"center center","background-size":"auto","background-attachment":"scroll","background-type":"","background-media":"","overlay-type":"","overlay-color":"","overlay-opacity":"","overlay-gradient":""},"tablet":{"background-color":"var(--ast-global-color-5)","background-image":"","background-repeat":"repeat","background-position":"center center","background-size":"auto","background-attachment":"scroll","background-type":"","background-media":"","overlay-type":"","overlay-color":"","overlay-opacity":"","overlay-gradient":""},"mobile":{"background-color":"var(--ast-global-color-5)","background-image":"","background-repeat":"repeat","background-position":"center center","background-size":"auto","background-attachment":"scroll","background-type":"","background-media":"","overlay-type":"","overlay-color":"","overlay-opacity":"","overlay-gradient":""}}},"product_brand":[],"product_cat":[184,193],"product_tag":[],"class_list":{"0":"post-12314","1":"product","2":"type-product","3":"status-publish","4":"has-post-thumbnail","6":"product_cat-_","7":"product_cat--_","8":"pa_-helbest","9":"pa_-ehmed-huseyni","10":"pa_-kurmanci","11":"pa_--avesta-yayinlari","12":"desktop-align-left","13":"tablet-align-left","14":"mobile-align-left","16":"first","17":"instock","18":"shipping-taxable","19":"purchasable","20":"product-type-simple"},"yoast_head":"<!-- This site is optimized with the Yoast SEO plugin v27.4 - https:\/\/yoast.com\/product\/yoast-seo-wordpress\/ -->\n<title>D\u00eewan (Hem\u00fb berhem) - Ehmed Huseyn\u00ee - www.shanabooks.de<\/title>\n<meta name=\"description\" content=\"D\u00eewan (Hem\u00fb berhem) - Ehmed Huseyn\u00ee\u00a0W\u00eane: Reh\u00eemo Hey guliy\u00ean \u00eagir! Hey destan b\u00eaj\u00ean ko w\u00ea \u00eavar\u00ea xewn\u00ean dayika min bi ewr\u00ean d\u00fbmanhilgir \u00ean gunehbariy\u00ea di\u015f\u00fb\u015fti...\" \/>\n<meta name=\"robots\" content=\"index, follow, max-snippet:-1, max-image-preview:large, max-video-preview:-1\" \/>\n<link rel=\"canonical\" href=\"https:\/\/shanabooks.de\/product\/diwan-hemu-berhem-ehmed-huseyni\/\" \/>\n<meta property=\"og:locale\" content=\"de_DE\" \/>\n<meta property=\"og:type\" content=\"article\" \/>\n<meta property=\"og:title\" content=\"D\u00eewan (Hem\u00fb berhem) - Ehmed Huseyn\u00ee - www.shanabooks.de\" \/>\n<meta property=\"og:description\" content=\"D\u00eewan (Hem\u00fb berhem) - Ehmed Huseyn\u00ee\u00a0W\u00eane: Reh\u00eemo Hey guliy\u00ean \u00eagir! Hey destan b\u00eaj\u00ean ko w\u00ea \u00eavar\u00ea xewn\u00ean dayika min bi ewr\u00ean d\u00fbmanhilgir \u00ean gunehbariy\u00ea di\u015f\u00fb\u015fti...\" \/>\n<meta property=\"og:url\" content=\"https:\/\/shanabooks.de\/product\/diwan-hemu-berhem-ehmed-huseyni\/\" \/>\n<meta property=\"og:site_name\" content=\"www.shanabooks.de\" \/>\n<meta property=\"article:modified_time\" content=\"2026-01-02T19:48:24+00:00\" \/>\n<meta property=\"og:image\" content=\"https:\/\/shanabooks.de\/wp-content\/uploads\/2024\/03\/diwan-ehmed-huseyni.png\" \/>\n\t<meta property=\"og:image:width\" content=\"298\" \/>\n\t<meta property=\"og:image:height\" content=\"477\" \/>\n\t<meta property=\"og:image:type\" content=\"image\/png\" \/>\n<meta name=\"twitter:card\" content=\"summary_large_image\" \/>\n<meta name=\"twitter:label1\" content=\"Gesch\u00e4tzte Lesezeit\" \/>\n\t<meta name=\"twitter:data1\" content=\"1\u00a0Minute\" \/>\n<script type=\"application\/ld+json\" class=\"yoast-schema-graph\">{\"@context\":\"https:\\\/\\\/schema.org\",\"@graph\":[{\"@type\":\"WebPage\",\"@id\":\"https:\\\/\\\/shanabooks.de\\\/product\\\/diwan-hemu-berhem-ehmed-huseyni\\\/\",\"url\":\"https:\\\/\\\/shanabooks.de\\\/product\\\/diwan-hemu-berhem-ehmed-huseyni\\\/\",\"name\":\"D\u00eewan (Hem\u00fb berhem) - Ehmed Huseyn\u00ee - www.shanabooks.de\",\"isPartOf\":{\"@id\":\"https:\\\/\\\/shanabooks.de\\\/#website\"},\"primaryImageOfPage\":{\"@id\":\"https:\\\/\\\/shanabooks.de\\\/product\\\/diwan-hemu-berhem-ehmed-huseyni\\\/#primaryimage\"},\"image\":{\"@id\":\"https:\\\/\\\/shanabooks.de\\\/product\\\/diwan-hemu-berhem-ehmed-huseyni\\\/#primaryimage\"},\"thumbnailUrl\":\"https:\\\/\\\/shanabooks.de\\\/wp-content\\\/uploads\\\/2024\\\/03\\\/diwan-ehmed-huseyni.png\",\"datePublished\":\"2024-03-03T19:42:50+00:00\",\"dateModified\":\"2026-01-02T19:48:24+00:00\",\"description\":\"D\u00eewan (Hem\u00fb berhem) - Ehmed Huseyn\u00ee\u00a0W\u00eane: Reh\u00eemo Hey guliy\u00ean \u00eagir! Hey destan b\u00eaj\u00ean ko w\u00ea \u00eavar\u00ea xewn\u00ean dayika min bi ewr\u00ean d\u00fbmanhilgir \u00ean gunehbariy\u00ea di\u015f\u00fb\u015fti...\",\"breadcrumb\":{\"@id\":\"https:\\\/\\\/shanabooks.de\\\/product\\\/diwan-hemu-berhem-ehmed-huseyni\\\/#breadcrumb\"},\"inLanguage\":\"de\",\"potentialAction\":[{\"@type\":\"ReadAction\",\"target\":[\"https:\\\/\\\/shanabooks.de\\\/product\\\/diwan-hemu-berhem-ehmed-huseyni\\\/\"]}]},{\"@type\":\"ImageObject\",\"inLanguage\":\"de\",\"@id\":\"https:\\\/\\\/shanabooks.de\\\/product\\\/diwan-hemu-berhem-ehmed-huseyni\\\/#primaryimage\",\"url\":\"https:\\\/\\\/shanabooks.de\\\/wp-content\\\/uploads\\\/2024\\\/03\\\/diwan-ehmed-huseyni.png\",\"contentUrl\":\"https:\\\/\\\/shanabooks.de\\\/wp-content\\\/uploads\\\/2024\\\/03\\\/diwan-ehmed-huseyni.png\",\"width\":298,\"height\":477,\"caption\":\"D\u00eewan (Hem\u00fb berhem) - Ehmed Huseyn\u00ee - pirt\u00fbk\u00ean kurd\u00ee - helbest\"},{\"@type\":\"BreadcrumbList\",\"@id\":\"https:\\\/\\\/shanabooks.de\\\/product\\\/diwan-hemu-berhem-ehmed-huseyni\\\/#breadcrumb\",\"itemListElement\":[{\"@type\":\"ListItem\",\"position\":1,\"name\":\"\u0627\u0644\u0631\u0626\u064a\u0633\u064a\u0629\",\"item\":\"https:\\\/\\\/shanabooks.de\\\/de\\\/\"},{\"@type\":\"ListItem\",\"position\":2,\"name\":\"\u0627\u0644\u0645\u0646\u062a\u062c\u0627\u062a\",\"item\":\"https:\\\/\\\/shanabooks.de\\\/shop\\\/\"},{\"@type\":\"ListItem\",\"position\":3,\"name\":\"(D\u00eewan (Hem\u00fb berhem\"}]},{\"@type\":\"WebSite\",\"@id\":\"https:\\\/\\\/shanabooks.de\\\/#website\",\"url\":\"https:\\\/\\\/shanabooks.de\\\/\",\"name\":\"www.shanbooks.de\",\"description\":\"C\u00eehana Pirt\u00fbk\u00ean Kurd\u00ee \u0645\u0643\u062a\u0628\u0629 \u0634\u0627\u0646\u0627 \u0641\u064a \u0627\u0644\u0645\u0627\u0646\u064a\u0627 \u0648\u0623\u0648\u0631\u0628\u0627\",\"publisher\":{\"@id\":\"https:\\\/\\\/shanabooks.de\\\/#organization\"},\"potentialAction\":[{\"@type\":\"SearchAction\",\"target\":{\"@type\":\"EntryPoint\",\"urlTemplate\":\"https:\\\/\\\/shanabooks.de\\\/?s={search_term_string}\"},\"query-input\":{\"@type\":\"PropertyValueSpecification\",\"valueRequired\":true,\"valueName\":\"search_term_string\"}}],\"inLanguage\":\"de\"},{\"@type\":\"Organization\",\"@id\":\"https:\\\/\\\/shanabooks.de\\\/#organization\",\"name\":\"www.shanbooks.de\",\"url\":\"https:\\\/\\\/shanabooks.de\\\/\",\"logo\":{\"@type\":\"ImageObject\",\"inLanguage\":\"de\",\"@id\":\"https:\\\/\\\/shanabooks.de\\\/#\\\/schema\\\/logo\\\/image\\\/\",\"url\":\"https:\\\/\\\/shanabooks.de\\\/wp-content\\\/uploads\\\/2024\\\/03\\\/SHANABOOKS__2_-removebg-preview.png\",\"contentUrl\":\"https:\\\/\\\/shanabooks.de\\\/wp-content\\\/uploads\\\/2024\\\/03\\\/SHANABOOKS__2_-removebg-preview.png\",\"width\":700,\"height\":150,\"caption\":\"www.shanbooks.de\"},\"image\":{\"@id\":\"https:\\\/\\\/shanabooks.de\\\/#\\\/schema\\\/logo\\\/image\\\/\"}}]}<\/script>\n<!-- \/ Yoast SEO plugin. -->","yoast_head_json":{"title":"D\u00eewan (Hem\u00fb berhem) - Ehmed Huseyn\u00ee - www.shanabooks.de","description":"D\u00eewan (Hem\u00fb berhem) - Ehmed Huseyn\u00ee\u00a0W\u00eane: Reh\u00eemo Hey guliy\u00ean \u00eagir! Hey destan b\u00eaj\u00ean ko w\u00ea \u00eavar\u00ea xewn\u00ean dayika min bi ewr\u00ean d\u00fbmanhilgir \u00ean gunehbariy\u00ea di\u015f\u00fb\u015fti...","robots":{"index":"index","follow":"follow","max-snippet":"max-snippet:-1","max-image-preview":"max-image-preview:large","max-video-preview":"max-video-preview:-1"},"canonical":"https:\/\/shanabooks.de\/product\/diwan-hemu-berhem-ehmed-huseyni\/","og_locale":"de_DE","og_type":"article","og_title":"D\u00eewan (Hem\u00fb berhem) - Ehmed Huseyn\u00ee - www.shanabooks.de","og_description":"D\u00eewan (Hem\u00fb berhem) - Ehmed Huseyn\u00ee\u00a0W\u00eane: Reh\u00eemo Hey guliy\u00ean \u00eagir! Hey destan b\u00eaj\u00ean ko w\u00ea \u00eavar\u00ea xewn\u00ean dayika min bi ewr\u00ean d\u00fbmanhilgir \u00ean gunehbariy\u00ea di\u015f\u00fb\u015fti...","og_url":"https:\/\/shanabooks.de\/product\/diwan-hemu-berhem-ehmed-huseyni\/","og_site_name":"www.shanabooks.de","article_modified_time":"2026-01-02T19:48:24+00:00","og_image":[{"width":298,"height":477,"url":"https:\/\/shanabooks.de\/wp-content\/uploads\/2024\/03\/diwan-ehmed-huseyni.png","type":"image\/png"}],"twitter_card":"summary_large_image","twitter_misc":{"Gesch\u00e4tzte Lesezeit":"1\u00a0Minute"},"schema":{"@context":"https:\/\/schema.org","@graph":[{"@type":"WebPage","@id":"https:\/\/shanabooks.de\/product\/diwan-hemu-berhem-ehmed-huseyni\/","url":"https:\/\/shanabooks.de\/product\/diwan-hemu-berhem-ehmed-huseyni\/","name":"D\u00eewan (Hem\u00fb berhem) - Ehmed Huseyn\u00ee - www.shanabooks.de","isPartOf":{"@id":"https:\/\/shanabooks.de\/#website"},"primaryImageOfPage":{"@id":"https:\/\/shanabooks.de\/product\/diwan-hemu-berhem-ehmed-huseyni\/#primaryimage"},"image":{"@id":"https:\/\/shanabooks.de\/product\/diwan-hemu-berhem-ehmed-huseyni\/#primaryimage"},"thumbnailUrl":"https:\/\/shanabooks.de\/wp-content\/uploads\/2024\/03\/diwan-ehmed-huseyni.png","datePublished":"2024-03-03T19:42:50+00:00","dateModified":"2026-01-02T19:48:24+00:00","description":"D\u00eewan (Hem\u00fb berhem) - Ehmed Huseyn\u00ee\u00a0W\u00eane: Reh\u00eemo Hey guliy\u00ean \u00eagir! Hey destan b\u00eaj\u00ean ko w\u00ea \u00eavar\u00ea xewn\u00ean dayika min bi ewr\u00ean d\u00fbmanhilgir \u00ean gunehbariy\u00ea di\u015f\u00fb\u015fti...","breadcrumb":{"@id":"https:\/\/shanabooks.de\/product\/diwan-hemu-berhem-ehmed-huseyni\/#breadcrumb"},"inLanguage":"de","potentialAction":[{"@type":"ReadAction","target":["https:\/\/shanabooks.de\/product\/diwan-hemu-berhem-ehmed-huseyni\/"]}]},{"@type":"ImageObject","inLanguage":"de","@id":"https:\/\/shanabooks.de\/product\/diwan-hemu-berhem-ehmed-huseyni\/#primaryimage","url":"https:\/\/shanabooks.de\/wp-content\/uploads\/2024\/03\/diwan-ehmed-huseyni.png","contentUrl":"https:\/\/shanabooks.de\/wp-content\/uploads\/2024\/03\/diwan-ehmed-huseyni.png","width":298,"height":477,"caption":"D\u00eewan (Hem\u00fb berhem) - Ehmed Huseyn\u00ee - pirt\u00fbk\u00ean kurd\u00ee - helbest"},{"@type":"BreadcrumbList","@id":"https:\/\/shanabooks.de\/product\/diwan-hemu-berhem-ehmed-huseyni\/#breadcrumb","itemListElement":[{"@type":"ListItem","position":1,"name":"\u0627\u0644\u0631\u0626\u064a\u0633\u064a\u0629","item":"https:\/\/shanabooks.de\/de\/"},{"@type":"ListItem","position":2,"name":"\u0627\u0644\u0645\u0646\u062a\u062c\u0627\u062a","item":"https:\/\/shanabooks.de\/shop\/"},{"@type":"ListItem","position":3,"name":"(D\u00eewan (Hem\u00fb berhem"}]},{"@type":"WebSite","@id":"https:\/\/shanabooks.de\/#website","url":"https:\/\/shanabooks.de\/","name":"www.shanbooks.de","description":"C\u00eehana Pirt\u00fbk\u00ean Kurd\u00ee \u0645\u0643\u062a\u0628\u0629 \u0634\u0627\u0646\u0627 \u0641\u064a \u0627\u0644\u0645\u0627\u0646\u064a\u0627 \u0648\u0623\u0648\u0631\u0628\u0627","publisher":{"@id":"https:\/\/shanabooks.de\/#organization"},"potentialAction":[{"@type":"SearchAction","target":{"@type":"EntryPoint","urlTemplate":"https:\/\/shanabooks.de\/?s={search_term_string}"},"query-input":{"@type":"PropertyValueSpecification","valueRequired":true,"valueName":"search_term_string"}}],"inLanguage":"de"},{"@type":"Organization","@id":"https:\/\/shanabooks.de\/#organization","name":"www.shanbooks.de","url":"https:\/\/shanabooks.de\/","logo":{"@type":"ImageObject","inLanguage":"de","@id":"https:\/\/shanabooks.de\/#\/schema\/logo\/image\/","url":"https:\/\/shanabooks.de\/wp-content\/uploads\/2024\/03\/SHANABOOKS__2_-removebg-preview.png","contentUrl":"https:\/\/shanabooks.de\/wp-content\/uploads\/2024\/03\/SHANABOOKS__2_-removebg-preview.png","width":700,"height":150,"caption":"www.shanbooks.de"},"image":{"@id":"https:\/\/shanabooks.de\/#\/schema\/logo\/image\/"}}]}},"jetpack_sharing_enabled":true,"_links":{"self":[{"href":"https:\/\/shanabooks.de\/de\/wp-json\/wp\/v2\/product\/12314","targetHints":{"allow":["GET"]}}],"collection":[{"href":"https:\/\/shanabooks.de\/de\/wp-json\/wp\/v2\/product"}],"about":[{"href":"https:\/\/shanabooks.de\/de\/wp-json\/wp\/v2\/types\/product"}],"version-history":[{"count":2,"href":"https:\/\/shanabooks.de\/de\/wp-json\/wp\/v2\/product\/12314\/revisions"}],"predecessor-version":[{"id":22187,"href":"https:\/\/shanabooks.de\/de\/wp-json\/wp\/v2\/product\/12314\/revisions\/22187"}],"wp:featuredmedia":[{"embeddable":true,"href":"https:\/\/shanabooks.de\/de\/wp-json\/wp\/v2\/media\/12376"}],"wp:attachment":[{"href":"https:\/\/shanabooks.de\/de\/wp-json\/wp\/v2\/media?parent=12314"}],"wp:term":[{"taxonomy":"product_brand","embeddable":true,"href":"https:\/\/shanabooks.de\/de\/wp-json\/wp\/v2\/product_brand?post=12314"},{"taxonomy":"product_cat","embeddable":true,"href":"https:\/\/shanabooks.de\/de\/wp-json\/wp\/v2\/product_cat?post=12314"},{"taxonomy":"product_tag","embeddable":true,"href":"https:\/\/shanabooks.de\/de\/wp-json\/wp\/v2\/product_tag?post=12314"}],"curies":[{"name":"wp","href":"https:\/\/api.w.org\/{rel}","templated":true}]}}