{"id":12316,"date":"2024-03-03T19:42:51","date_gmt":"2024-03-03T19:42:51","guid":{"rendered":"https:\/\/shanabooks.de\/?post_type=product&#038;p=12316"},"modified":"2024-03-20T18:12:06","modified_gmt":"2024-03-20T18:12:06","slug":"berikirinen-ilegal-nuroj-munzur","status":"publish","type":"product","link":"https:\/\/shanabooks.de\/de\/product\/berikirinen-ilegal-nuroj-munzur\/","title":{"rendered":"B\u00ear\u00eekirin\u00ean \u00eelegal"},"content":{"rendered":"<p dir=\"ltr\"><strong>B\u00ear\u00eekirin\u00ean \u00eelegal &#8211; N\u00fbroj M\u00fbnz\u00fbr\u00a0<\/strong><\/p>\n<div id=\"descriptionContainer\" dir=\"ltr\">\n<div id=\"description\" class=\"readable stacked\"><span id=\"freeTextContainer4615080373432698806\">Bajarok\u00ea Avdar\u00ea y\u00ea bi dora 90 k\u00eelometiran li ba\u015f\u00fbr\u00ea paytext\u00ea Tar\u00ea, bajar\u00ea ku bi xwe j\u00ee wek Tar dihat binavkirin, di hemb\u00eaza b\u00eadengiy\u00ea de razab\u00fb. \u00c7awa valahiya yekem di as\u00eeman\u00ea bi ewran dagirt\u00ee de carina r\u00ea vedike \u00fb as\u00eeman h\u00ead\u00ee-h\u00ead\u00ee \u00e7iksay\u00ee dibe, deng\u00ea kele\u015f\u00earek\u00ee j\u00ee ser\u00ee ki\u015fand \u00fb perdeya b\u00eadengiy\u00ea di be\u015fek\u00ea de \u00e7irand.<\/span><\/div>\n<\/div>\n<div id=\"buyButtonContainer\" class=\"uitext buttons u-marginTopXSmall u-paddingBottomXSmall u-bottomGrayBorder\" data-book-id=\"45877117\"><\/div>\n","protected":false},"excerpt":{"rendered":"<p dir=\"ltr\" style=\"text-align: center\"><strong>Pirt\u00fbk: B\u00ear\u00eekirin\u00ean \u00eelegal<\/strong><br \/>\n<strong>Niv\u00eeskar: N\u00fbroj M\u00fbnz\u00fbr<br \/>\nCure: Helbest<\/strong><\/p>\n","protected":false},"featured_media":12380,"template":"","meta":{"site-sidebar-layout":"default","site-content-layout":"","ast-site-content-layout":"default","site-content-style":"default","site-sidebar-style":"default","ast-global-header-display":"","ast-banner-title-visibility":"","ast-main-header-display":"","ast-hfb-above-header-display":"","ast-hfb-below-header-display":"","ast-hfb-mobile-header-display":"","site-post-title":"","ast-breadcrumbs-content":"","ast-featured-img":"","footer-sml-layout":"","ast-disable-related-posts":"","theme-transparent-header-meta":"default","adv-header-id-meta":"","stick-header-meta":"","header-above-stick-meta":"","header-main-stick-meta":"","header-below-stick-meta":"","astra-migrate-meta-layouts":"set","ast-page-background-enabled":"default","ast-page-background-meta":{"desktop":{"background-color":"","background-image":"","background-repeat":"repeat","background-position":"center center","background-size":"auto","background-attachment":"scroll","background-type":"","background-media":"","overlay-type":"","overlay-color":"","overlay-opacity":"","overlay-gradient":""},"tablet":{"background-color":"","background-image":"","background-repeat":"repeat","background-position":"center center","background-size":"auto","background-attachment":"scroll","background-type":"","background-media":"","overlay-type":"","overlay-color":"","overlay-opacity":"","overlay-gradient":""},"mobile":{"background-color":"","background-image":"","background-repeat":"repeat","background-position":"center center","background-size":"auto","background-attachment":"scroll","background-type":"","background-media":"","overlay-type":"","overlay-color":"","overlay-opacity":"","overlay-gradient":""}},"ast-content-background-meta":{"desktop":{"background-color":"var(--ast-global-color-5)","background-image":"","background-repeat":"repeat","background-position":"center center","background-size":"auto","background-attachment":"scroll","background-type":"","background-media":"","overlay-type":"","overlay-color":"","overlay-opacity":"","overlay-gradient":""},"tablet":{"background-color":"var(--ast-global-color-5)","background-image":"","background-repeat":"repeat","background-position":"center center","background-size":"auto","background-attachment":"scroll","background-type":"","background-media":"","overlay-type":"","overlay-color":"","overlay-opacity":"","overlay-gradient":""},"mobile":{"background-color":"var(--ast-global-color-5)","background-image":"","background-repeat":"repeat","background-position":"center center","background-size":"auto","background-attachment":"scroll","background-type":"","background-media":"","overlay-type":"","overlay-color":"","overlay-opacity":"","overlay-gradient":""}}},"product_brand":[],"product_cat":[184,193],"product_tag":[],"class_list":{"0":"post-12316","1":"product","2":"type-product","3":"status-publish","4":"has-post-thumbnail","6":"product_cat-_","7":"product_cat--_","8":"pa_-helbest","9":"pa_-nuroj-munzer","10":"pa_-kurmanci","11":"pa_--wesanen-na","12":"desktop-align-left","13":"tablet-align-left","14":"mobile-align-left","16":"first","17":"instock","18":"shipping-taxable","19":"purchasable","20":"product-type-simple"},"yoast_head":"<!-- This site is optimized with the Yoast SEO plugin v27.4 - https:\/\/yoast.com\/product\/yoast-seo-wordpress\/ -->\n<title>B\u00ear\u00eekirin\u00ean \u00eelegal - N\u00fbroj M\u00fbnz\u00fbr - www.shanabooks.de<\/title>\n<meta name=\"description\" content=\"B\u00ear\u00eekirin\u00ean \u00eelegal - N\u00fbroj M\u00fbnz\u00fbr\u00a0Bajarok\u00ea Avdar\u00ea y\u00ea bi dora 90 k\u00eelometiran li ba\u015f\u00fbr\u00ea paytext\u00ea Tar\u00ea, bajar\u00ea ku bi xwe j\u00ee wek Tar dihat binavkirin, di hem...\" \/>\n<meta name=\"robots\" content=\"index, follow, max-snippet:-1, max-image-preview:large, max-video-preview:-1\" \/>\n<link rel=\"canonical\" href=\"https:\/\/shanabooks.de\/product\/berikirinen-ilegal-nuroj-munzur\/\" \/>\n<meta property=\"og:locale\" content=\"de_DE\" \/>\n<meta property=\"og:type\" content=\"article\" \/>\n<meta property=\"og:title\" content=\"B\u00ear\u00eekirin\u00ean \u00eelegal - N\u00fbroj M\u00fbnz\u00fbr - www.shanabooks.de\" \/>\n<meta property=\"og:description\" content=\"B\u00ear\u00eekirin\u00ean \u00eelegal - N\u00fbroj M\u00fbnz\u00fbr\u00a0Bajarok\u00ea Avdar\u00ea y\u00ea bi dora 90 k\u00eelometiran li ba\u015f\u00fbr\u00ea paytext\u00ea Tar\u00ea, bajar\u00ea ku bi xwe j\u00ee wek Tar dihat binavkirin, di hem...\" \/>\n<meta property=\"og:url\" content=\"https:\/\/shanabooks.de\/product\/berikirinen-ilegal-nuroj-munzur\/\" \/>\n<meta property=\"og:site_name\" content=\"www.shanabooks.de\" \/>\n<meta property=\"article:modified_time\" content=\"2024-03-20T18:12:06+00:00\" \/>\n<meta property=\"og:image\" content=\"https:\/\/shanabooks.de\/wp-content\/uploads\/2024\/03\/Berikirinen-ilegal.png\" \/>\n\t<meta property=\"og:image:width\" content=\"333\" \/>\n\t<meta property=\"og:image:height\" content=\"479\" \/>\n\t<meta property=\"og:image:type\" content=\"image\/png\" \/>\n<meta name=\"twitter:card\" content=\"summary_large_image\" \/>\n<meta name=\"twitter:label1\" content=\"Gesch\u00e4tzte Lesezeit\" \/>\n\t<meta name=\"twitter:data1\" content=\"1\u00a0Minute\" \/>\n<script type=\"application\/ld+json\" class=\"yoast-schema-graph\">{\"@context\":\"https:\\\/\\\/schema.org\",\"@graph\":[{\"@type\":\"WebPage\",\"@id\":\"https:\\\/\\\/shanabooks.de\\\/product\\\/berikirinen-ilegal-nuroj-munzur\\\/\",\"url\":\"https:\\\/\\\/shanabooks.de\\\/product\\\/berikirinen-ilegal-nuroj-munzur\\\/\",\"name\":\"B\u00ear\u00eekirin\u00ean \u00eelegal - N\u00fbroj M\u00fbnz\u00fbr - www.shanabooks.de\",\"isPartOf\":{\"@id\":\"https:\\\/\\\/shanabooks.de\\\/#website\"},\"primaryImageOfPage\":{\"@id\":\"https:\\\/\\\/shanabooks.de\\\/product\\\/berikirinen-ilegal-nuroj-munzur\\\/#primaryimage\"},\"image\":{\"@id\":\"https:\\\/\\\/shanabooks.de\\\/product\\\/berikirinen-ilegal-nuroj-munzur\\\/#primaryimage\"},\"thumbnailUrl\":\"https:\\\/\\\/shanabooks.de\\\/wp-content\\\/uploads\\\/2024\\\/03\\\/Berikirinen-ilegal.png\",\"datePublished\":\"2024-03-03T19:42:51+00:00\",\"dateModified\":\"2024-03-20T18:12:06+00:00\",\"description\":\"B\u00ear\u00eekirin\u00ean \u00eelegal - N\u00fbroj M\u00fbnz\u00fbr\u00a0Bajarok\u00ea Avdar\u00ea y\u00ea bi dora 90 k\u00eelometiran li ba\u015f\u00fbr\u00ea paytext\u00ea Tar\u00ea, bajar\u00ea ku bi xwe j\u00ee wek Tar dihat binavkirin, di hem...\",\"breadcrumb\":{\"@id\":\"https:\\\/\\\/shanabooks.de\\\/product\\\/berikirinen-ilegal-nuroj-munzur\\\/#breadcrumb\"},\"inLanguage\":\"de\",\"potentialAction\":[{\"@type\":\"ReadAction\",\"target\":[\"https:\\\/\\\/shanabooks.de\\\/product\\\/berikirinen-ilegal-nuroj-munzur\\\/\"]}]},{\"@type\":\"ImageObject\",\"inLanguage\":\"de\",\"@id\":\"https:\\\/\\\/shanabooks.de\\\/product\\\/berikirinen-ilegal-nuroj-munzur\\\/#primaryimage\",\"url\":\"https:\\\/\\\/shanabooks.de\\\/wp-content\\\/uploads\\\/2024\\\/03\\\/Berikirinen-ilegal.png\",\"contentUrl\":\"https:\\\/\\\/shanabooks.de\\\/wp-content\\\/uploads\\\/2024\\\/03\\\/Berikirinen-ilegal.png\",\"width\":333,\"height\":479,\"caption\":\"B\u00ear\u00eekirin\u00ean \u00eelegal - N\u00fbroj M\u00fbnz\u00fbr\u00a0 - pirt\u00fbk\u00ean kurd\u00ee - helbest\"},{\"@type\":\"BreadcrumbList\",\"@id\":\"https:\\\/\\\/shanabooks.de\\\/product\\\/berikirinen-ilegal-nuroj-munzur\\\/#breadcrumb\",\"itemListElement\":[{\"@type\":\"ListItem\",\"position\":1,\"name\":\"\u0627\u0644\u0631\u0626\u064a\u0633\u064a\u0629\",\"item\":\"https:\\\/\\\/shanabooks.de\\\/de\\\/\"},{\"@type\":\"ListItem\",\"position\":2,\"name\":\"\u0627\u0644\u0645\u0646\u062a\u062c\u0627\u062a\",\"item\":\"https:\\\/\\\/shanabooks.de\\\/shop\\\/\"},{\"@type\":\"ListItem\",\"position\":3,\"name\":\"B\u00ear\u00eekirin\u00ean \u00eelegal\"}]},{\"@type\":\"WebSite\",\"@id\":\"https:\\\/\\\/shanabooks.de\\\/#website\",\"url\":\"https:\\\/\\\/shanabooks.de\\\/\",\"name\":\"www.shanbooks.de\",\"description\":\"C\u00eehana Pirt\u00fbk\u00ean Kurd\u00ee \u0645\u0643\u062a\u0628\u0629 \u0634\u0627\u0646\u0627 \u0641\u064a \u0627\u0644\u0645\u0627\u0646\u064a\u0627 \u0648\u0623\u0648\u0631\u0628\u0627\",\"publisher\":{\"@id\":\"https:\\\/\\\/shanabooks.de\\\/#organization\"},\"potentialAction\":[{\"@type\":\"SearchAction\",\"target\":{\"@type\":\"EntryPoint\",\"urlTemplate\":\"https:\\\/\\\/shanabooks.de\\\/?s={search_term_string}\"},\"query-input\":{\"@type\":\"PropertyValueSpecification\",\"valueRequired\":true,\"valueName\":\"search_term_string\"}}],\"inLanguage\":\"de\"},{\"@type\":\"Organization\",\"@id\":\"https:\\\/\\\/shanabooks.de\\\/#organization\",\"name\":\"www.shanbooks.de\",\"url\":\"https:\\\/\\\/shanabooks.de\\\/\",\"logo\":{\"@type\":\"ImageObject\",\"inLanguage\":\"de\",\"@id\":\"https:\\\/\\\/shanabooks.de\\\/#\\\/schema\\\/logo\\\/image\\\/\",\"url\":\"https:\\\/\\\/shanabooks.de\\\/wp-content\\\/uploads\\\/2024\\\/03\\\/SHANABOOKS__2_-removebg-preview.png\",\"contentUrl\":\"https:\\\/\\\/shanabooks.de\\\/wp-content\\\/uploads\\\/2024\\\/03\\\/SHANABOOKS__2_-removebg-preview.png\",\"width\":700,\"height\":150,\"caption\":\"www.shanbooks.de\"},\"image\":{\"@id\":\"https:\\\/\\\/shanabooks.de\\\/#\\\/schema\\\/logo\\\/image\\\/\"}}]}<\/script>\n<!-- \/ Yoast SEO plugin. -->","yoast_head_json":{"title":"B\u00ear\u00eekirin\u00ean \u00eelegal - N\u00fbroj M\u00fbnz\u00fbr - www.shanabooks.de","description":"B\u00ear\u00eekirin\u00ean \u00eelegal - N\u00fbroj M\u00fbnz\u00fbr\u00a0Bajarok\u00ea Avdar\u00ea y\u00ea bi dora 90 k\u00eelometiran li ba\u015f\u00fbr\u00ea paytext\u00ea Tar\u00ea, bajar\u00ea ku bi xwe j\u00ee wek Tar dihat binavkirin, di hem...","robots":{"index":"index","follow":"follow","max-snippet":"max-snippet:-1","max-image-preview":"max-image-preview:large","max-video-preview":"max-video-preview:-1"},"canonical":"https:\/\/shanabooks.de\/product\/berikirinen-ilegal-nuroj-munzur\/","og_locale":"de_DE","og_type":"article","og_title":"B\u00ear\u00eekirin\u00ean \u00eelegal - N\u00fbroj M\u00fbnz\u00fbr - www.shanabooks.de","og_description":"B\u00ear\u00eekirin\u00ean \u00eelegal - N\u00fbroj M\u00fbnz\u00fbr\u00a0Bajarok\u00ea Avdar\u00ea y\u00ea bi dora 90 k\u00eelometiran li ba\u015f\u00fbr\u00ea paytext\u00ea Tar\u00ea, bajar\u00ea ku bi xwe j\u00ee wek Tar dihat binavkirin, di hem...","og_url":"https:\/\/shanabooks.de\/product\/berikirinen-ilegal-nuroj-munzur\/","og_site_name":"www.shanabooks.de","article_modified_time":"2024-03-20T18:12:06+00:00","og_image":[{"width":333,"height":479,"url":"https:\/\/shanabooks.de\/wp-content\/uploads\/2024\/03\/Berikirinen-ilegal.png","type":"image\/png"}],"twitter_card":"summary_large_image","twitter_misc":{"Gesch\u00e4tzte Lesezeit":"1\u00a0Minute"},"schema":{"@context":"https:\/\/schema.org","@graph":[{"@type":"WebPage","@id":"https:\/\/shanabooks.de\/product\/berikirinen-ilegal-nuroj-munzur\/","url":"https:\/\/shanabooks.de\/product\/berikirinen-ilegal-nuroj-munzur\/","name":"B\u00ear\u00eekirin\u00ean \u00eelegal - N\u00fbroj M\u00fbnz\u00fbr - www.shanabooks.de","isPartOf":{"@id":"https:\/\/shanabooks.de\/#website"},"primaryImageOfPage":{"@id":"https:\/\/shanabooks.de\/product\/berikirinen-ilegal-nuroj-munzur\/#primaryimage"},"image":{"@id":"https:\/\/shanabooks.de\/product\/berikirinen-ilegal-nuroj-munzur\/#primaryimage"},"thumbnailUrl":"https:\/\/shanabooks.de\/wp-content\/uploads\/2024\/03\/Berikirinen-ilegal.png","datePublished":"2024-03-03T19:42:51+00:00","dateModified":"2024-03-20T18:12:06+00:00","description":"B\u00ear\u00eekirin\u00ean \u00eelegal - N\u00fbroj M\u00fbnz\u00fbr\u00a0Bajarok\u00ea Avdar\u00ea y\u00ea bi dora 90 k\u00eelometiran li ba\u015f\u00fbr\u00ea paytext\u00ea Tar\u00ea, bajar\u00ea ku bi xwe j\u00ee wek Tar dihat binavkirin, di hem...","breadcrumb":{"@id":"https:\/\/shanabooks.de\/product\/berikirinen-ilegal-nuroj-munzur\/#breadcrumb"},"inLanguage":"de","potentialAction":[{"@type":"ReadAction","target":["https:\/\/shanabooks.de\/product\/berikirinen-ilegal-nuroj-munzur\/"]}]},{"@type":"ImageObject","inLanguage":"de","@id":"https:\/\/shanabooks.de\/product\/berikirinen-ilegal-nuroj-munzur\/#primaryimage","url":"https:\/\/shanabooks.de\/wp-content\/uploads\/2024\/03\/Berikirinen-ilegal.png","contentUrl":"https:\/\/shanabooks.de\/wp-content\/uploads\/2024\/03\/Berikirinen-ilegal.png","width":333,"height":479,"caption":"B\u00ear\u00eekirin\u00ean \u00eelegal - N\u00fbroj M\u00fbnz\u00fbr\u00a0 - pirt\u00fbk\u00ean kurd\u00ee - helbest"},{"@type":"BreadcrumbList","@id":"https:\/\/shanabooks.de\/product\/berikirinen-ilegal-nuroj-munzur\/#breadcrumb","itemListElement":[{"@type":"ListItem","position":1,"name":"\u0627\u0644\u0631\u0626\u064a\u0633\u064a\u0629","item":"https:\/\/shanabooks.de\/de\/"},{"@type":"ListItem","position":2,"name":"\u0627\u0644\u0645\u0646\u062a\u062c\u0627\u062a","item":"https:\/\/shanabooks.de\/shop\/"},{"@type":"ListItem","position":3,"name":"B\u00ear\u00eekirin\u00ean \u00eelegal"}]},{"@type":"WebSite","@id":"https:\/\/shanabooks.de\/#website","url":"https:\/\/shanabooks.de\/","name":"www.shanbooks.de","description":"C\u00eehana Pirt\u00fbk\u00ean Kurd\u00ee \u0645\u0643\u062a\u0628\u0629 \u0634\u0627\u0646\u0627 \u0641\u064a \u0627\u0644\u0645\u0627\u0646\u064a\u0627 \u0648\u0623\u0648\u0631\u0628\u0627","publisher":{"@id":"https:\/\/shanabooks.de\/#organization"},"potentialAction":[{"@type":"SearchAction","target":{"@type":"EntryPoint","urlTemplate":"https:\/\/shanabooks.de\/?s={search_term_string}"},"query-input":{"@type":"PropertyValueSpecification","valueRequired":true,"valueName":"search_term_string"}}],"inLanguage":"de"},{"@type":"Organization","@id":"https:\/\/shanabooks.de\/#organization","name":"www.shanbooks.de","url":"https:\/\/shanabooks.de\/","logo":{"@type":"ImageObject","inLanguage":"de","@id":"https:\/\/shanabooks.de\/#\/schema\/logo\/image\/","url":"https:\/\/shanabooks.de\/wp-content\/uploads\/2024\/03\/SHANABOOKS__2_-removebg-preview.png","contentUrl":"https:\/\/shanabooks.de\/wp-content\/uploads\/2024\/03\/SHANABOOKS__2_-removebg-preview.png","width":700,"height":150,"caption":"www.shanbooks.de"},"image":{"@id":"https:\/\/shanabooks.de\/#\/schema\/logo\/image\/"}}]}},"jetpack_sharing_enabled":true,"_links":{"self":[{"href":"https:\/\/shanabooks.de\/de\/wp-json\/wp\/v2\/product\/12316","targetHints":{"allow":["GET"]}}],"collection":[{"href":"https:\/\/shanabooks.de\/de\/wp-json\/wp\/v2\/product"}],"about":[{"href":"https:\/\/shanabooks.de\/de\/wp-json\/wp\/v2\/types\/product"}],"version-history":[{"count":2,"href":"https:\/\/shanabooks.de\/de\/wp-json\/wp\/v2\/product\/12316\/revisions"}],"predecessor-version":[{"id":21404,"href":"https:\/\/shanabooks.de\/de\/wp-json\/wp\/v2\/product\/12316\/revisions\/21404"}],"wp:featuredmedia":[{"embeddable":true,"href":"https:\/\/shanabooks.de\/de\/wp-json\/wp\/v2\/media\/12380"}],"wp:attachment":[{"href":"https:\/\/shanabooks.de\/de\/wp-json\/wp\/v2\/media?parent=12316"}],"wp:term":[{"taxonomy":"product_brand","embeddable":true,"href":"https:\/\/shanabooks.de\/de\/wp-json\/wp\/v2\/product_brand?post=12316"},{"taxonomy":"product_cat","embeddable":true,"href":"https:\/\/shanabooks.de\/de\/wp-json\/wp\/v2\/product_cat?post=12316"},{"taxonomy":"product_tag","embeddable":true,"href":"https:\/\/shanabooks.de\/de\/wp-json\/wp\/v2\/product_tag?post=12316"}],"curies":[{"name":"wp","href":"https:\/\/api.w.org\/{rel}","templated":true}]}}