{"id":12344,"date":"2024-03-03T19:43:13","date_gmt":"2024-03-03T19:43:13","guid":{"rendered":"https:\/\/shanabooks.de\/?post_type=product&#038;p=12344"},"modified":"2024-03-19T23:46:46","modified_gmt":"2024-03-19T23:46:46","slug":"sikefta-xwekustine-receb-dildar","status":"publish","type":"product","link":"https:\/\/shanabooks.de\/de\/product\/sikefta-xwekustine-receb-dildar\/","title":{"rendered":"\u015eikefta Xweku\u015ftin\u00ea"},"content":{"rendered":"<p dir=\"ltr\"><strong>\u015eikefta Xweku\u015ftin\u00ea &#8211; Receb Dildar<\/strong><\/p>\n<p dir=\"ltr\">Pira Dehder\u00ee di navbera \u00c7\u00eeyay\u00ea \u00c7ilsiwaran \u00fb Ko\u015fka Berpir\u00ea de, b\u00fbb\u00fb w\u00eaneyek\u00ee b\u00eahempa. D\u00eejle ji wan re b\u00fbb\u00fb kemanjenek\u00ee dilz\u00eez; xu\u015fexu\u015fa ava ku di bin t\u00eer\u00eaj\u00ean Roj\u00ea de dibiriq\u00ee ew digirtin, dibirin li ser text\u00ea ev\u00een\u00ea bi c\u00eeh dikirin. Te digot qey ev birc, di nav xirecira Amed\u00ea \u00fb b\u00eadeng\u00eeya xwezay\u00ea de b\u00fbb\u00fb s\u00eenorek. B\u00eehn\u00ean kul\u00eelk\u00ean n\u00fbbi\u015fkuv\u00ee y\u00ean li ser \u015fax\u00ean zirav direqis\u00een, bi sirra sivikbayek\u00ee ji hela Qerejdax\u00ea tevl\u00ee xeyal\u00ean ke\u00e7ik\u00ean li ser birc\u00ea dib\u00fbn. Ezman \u015fip\u00ee\u015f\u00een b\u00fb, li jor, gelek li jor wek ku hinekan pembo lod kiribe ewr\u00ean sip\u00ee \u015f\u00eenay\u00eeya ezman dixemiland. Roj\u00ea bi h\u00eaz \u00fb qeweta xwe, bi t\u00een \u00fb ronkah\u00eeya xwe \u00eero j\u00ee li ser dinyay\u00ea hukumdar\u00eeya xwe didomand. J\u00eeyana ter \u00fb teze bi her away\u00ee, li hember\u00ee roj \u00fb meh \u00fb sal\u00ean bere, y\u00ean riz\u00eeyay\u00ee derdiket \u00fb deng\u00ea xwe y\u00ea n\u00fbjen bilindtir dikir.<br \/>\n(Ji \u00e7\u00eeroka Helbest\u00ean Sosin\u00ea)<\/p>\n<p dir=\"ltr\"><span style=\"font-family: Verdana\">Pirt\u00fbka \u015eikefta Xweku\u015ftin\u00ea ya Receb Dildar ji 20 \u00e7\u00eerok\u00ean modern p\u00eak t\u00ea.<\/span><\/p>\n","protected":false},"excerpt":{"rendered":"<p dir=\"ltr\" style=\"text-align: center\"><strong>Pirt\u00fbk: \u015eikefta Xweku\u015ftin\u00ea<\/strong><br \/>\n<strong>Niv\u00eeskar: Receb Dildar<br \/>\nCure: \u00c7\u00eerok<\/strong><\/p>\n","protected":false},"featured_media":5076,"template":"","meta":{"site-sidebar-layout":"default","site-content-layout":"","ast-site-content-layout":"default","site-content-style":"default","site-sidebar-style":"default","ast-global-header-display":"","ast-banner-title-visibility":"","ast-main-header-display":"","ast-hfb-above-header-display":"","ast-hfb-below-header-display":"","ast-hfb-mobile-header-display":"","site-post-title":"","ast-breadcrumbs-content":"","ast-featured-img":"","footer-sml-layout":"","ast-disable-related-posts":"","theme-transparent-header-meta":"default","adv-header-id-meta":"","stick-header-meta":"","header-above-stick-meta":"","header-main-stick-meta":"","header-below-stick-meta":"","astra-migrate-meta-layouts":"set","ast-page-background-enabled":"default","ast-page-background-meta":{"desktop":{"background-color":"","background-image":"","background-repeat":"repeat","background-position":"center center","background-size":"auto","background-attachment":"scroll","background-type":"","background-media":"","overlay-type":"","overlay-color":"","overlay-opacity":"","overlay-gradient":""},"tablet":{"background-color":"","background-image":"","background-repeat":"repeat","background-position":"center center","background-size":"auto","background-attachment":"scroll","background-type":"","background-media":"","overlay-type":"","overlay-color":"","overlay-opacity":"","overlay-gradient":""},"mobile":{"background-color":"","background-image":"","background-repeat":"repeat","background-position":"center center","background-size":"auto","background-attachment":"scroll","background-type":"","background-media":"","overlay-type":"","overlay-color":"","overlay-opacity":"","overlay-gradient":""}},"ast-content-background-meta":{"desktop":{"background-color":"var(--ast-global-color-5)","background-image":"","background-repeat":"repeat","background-position":"center center","background-size":"auto","background-attachment":"scroll","background-type":"","background-media":"","overlay-type":"","overlay-color":"","overlay-opacity":"","overlay-gradient":""},"tablet":{"background-color":"var(--ast-global-color-5)","background-image":"","background-repeat":"repeat","background-position":"center center","background-size":"auto","background-attachment":"scroll","background-type":"","background-media":"","overlay-type":"","overlay-color":"","overlay-opacity":"","overlay-gradient":""},"mobile":{"background-color":"var(--ast-global-color-5)","background-image":"","background-repeat":"repeat","background-position":"center center","background-size":"auto","background-attachment":"scroll","background-type":"","background-media":"","overlay-type":"","overlay-color":"","overlay-opacity":"","overlay-gradient":""}}},"product_brand":[],"product_cat":[183,193],"product_tag":[],"class_list":{"0":"post-12344","1":"product","2":"type-product","3":"status-publish","4":"has-post-thumbnail","6":"product_cat-_","7":"product_cat--_","8":"pa_-cirok","9":"pa_-receb-dildar","10":"pa_-kurmanci","11":"pa_--dara-yayinlari","12":"desktop-align-left","13":"tablet-align-left","14":"mobile-align-left","16":"first","17":"instock","18":"shipping-taxable","19":"purchasable","20":"product-type-simple"},"yoast_head":"<!-- This site is optimized with the Yoast SEO plugin v27.4 - https:\/\/yoast.com\/product\/yoast-seo-wordpress\/ -->\n<title>\u015eikefta Xweku\u015ftin\u00ea - Receb Dildar - www.shanabooks.de<\/title>\n<meta name=\"description\" content=\"\u015eikefta Xweku\u015ftin\u00ea - Receb Dildar Pira Dehder\u00ee di navbera \u00c7\u00eeyay\u00ea \u00c7ilsiwaran \u00fb Ko\u015fka Berpir\u00ea de, b\u00fbb\u00fb w\u00eaneyek\u00ee b\u00eahempa. D\u00eejle ji wan re b\u00fbb\u00fb kemanjenek\u00ee ...\" \/>\n<meta name=\"robots\" content=\"index, follow, max-snippet:-1, max-image-preview:large, max-video-preview:-1\" \/>\n<link rel=\"canonical\" href=\"https:\/\/shanabooks.de\/product\/sikefta-xwekustine-receb-dildar\/\" \/>\n<meta property=\"og:locale\" content=\"de_DE\" \/>\n<meta property=\"og:type\" content=\"article\" \/>\n<meta property=\"og:title\" content=\"\u015eikefta Xweku\u015ftin\u00ea - Receb Dildar - www.shanabooks.de\" \/>\n<meta property=\"og:description\" content=\"\u015eikefta Xweku\u015ftin\u00ea - Receb Dildar Pira Dehder\u00ee di navbera \u00c7\u00eeyay\u00ea \u00c7ilsiwaran \u00fb Ko\u015fka Berpir\u00ea de, b\u00fbb\u00fb w\u00eaneyek\u00ee b\u00eahempa. D\u00eejle ji wan re b\u00fbb\u00fb kemanjenek\u00ee ...\" \/>\n<meta property=\"og:url\" content=\"https:\/\/shanabooks.de\/product\/sikefta-xwekustine-receb-dildar\/\" \/>\n<meta property=\"og:site_name\" content=\"www.shanabooks.de\" \/>\n<meta property=\"article:modified_time\" content=\"2024-03-19T23:46:46+00:00\" \/>\n<meta property=\"og:image\" content=\"https:\/\/shanabooks.de\/wp-content\/uploads\/2024\/01\/sikefta-xwekustine-dara.png\" \/>\n\t<meta property=\"og:image:width\" content=\"453\" \/>\n\t<meta property=\"og:image:height\" content=\"708\" \/>\n\t<meta property=\"og:image:type\" content=\"image\/png\" \/>\n<meta name=\"twitter:card\" content=\"summary_large_image\" \/>\n<meta name=\"twitter:label1\" content=\"Gesch\u00e4tzte Lesezeit\" \/>\n\t<meta name=\"twitter:data1\" content=\"2\u00a0Minuten\" \/>\n<script type=\"application\/ld+json\" class=\"yoast-schema-graph\">{\"@context\":\"https:\\\/\\\/schema.org\",\"@graph\":[{\"@type\":\"WebPage\",\"@id\":\"https:\\\/\\\/shanabooks.de\\\/product\\\/sikefta-xwekustine-receb-dildar\\\/\",\"url\":\"https:\\\/\\\/shanabooks.de\\\/product\\\/sikefta-xwekustine-receb-dildar\\\/\",\"name\":\"\u015eikefta Xweku\u015ftin\u00ea - Receb Dildar - www.shanabooks.de\",\"isPartOf\":{\"@id\":\"https:\\\/\\\/shanabooks.de\\\/#website\"},\"primaryImageOfPage\":{\"@id\":\"https:\\\/\\\/shanabooks.de\\\/product\\\/sikefta-xwekustine-receb-dildar\\\/#primaryimage\"},\"image\":{\"@id\":\"https:\\\/\\\/shanabooks.de\\\/product\\\/sikefta-xwekustine-receb-dildar\\\/#primaryimage\"},\"thumbnailUrl\":\"https:\\\/\\\/shanabooks.de\\\/wp-content\\\/uploads\\\/2024\\\/01\\\/sikefta-xwekustine-dara.png\",\"datePublished\":\"2024-03-03T19:43:13+00:00\",\"dateModified\":\"2024-03-19T23:46:46+00:00\",\"description\":\"\u015eikefta Xweku\u015ftin\u00ea - Receb Dildar Pira Dehder\u00ee di navbera \u00c7\u00eeyay\u00ea \u00c7ilsiwaran \u00fb Ko\u015fka Berpir\u00ea de, b\u00fbb\u00fb w\u00eaneyek\u00ee b\u00eahempa. D\u00eejle ji wan re b\u00fbb\u00fb kemanjenek\u00ee ...\",\"breadcrumb\":{\"@id\":\"https:\\\/\\\/shanabooks.de\\\/product\\\/sikefta-xwekustine-receb-dildar\\\/#breadcrumb\"},\"inLanguage\":\"de\",\"potentialAction\":[{\"@type\":\"ReadAction\",\"target\":[\"https:\\\/\\\/shanabooks.de\\\/product\\\/sikefta-xwekustine-receb-dildar\\\/\"]}]},{\"@type\":\"ImageObject\",\"inLanguage\":\"de\",\"@id\":\"https:\\\/\\\/shanabooks.de\\\/product\\\/sikefta-xwekustine-receb-dildar\\\/#primaryimage\",\"url\":\"https:\\\/\\\/shanabooks.de\\\/wp-content\\\/uploads\\\/2024\\\/01\\\/sikefta-xwekustine-dara.png\",\"contentUrl\":\"https:\\\/\\\/shanabooks.de\\\/wp-content\\\/uploads\\\/2024\\\/01\\\/sikefta-xwekustine-dara.png\",\"width\":453,\"height\":708,\"caption\":\"\u015eikefta Xweku\u015ftin\u00ea - Receb Dildar - pirt\u00fbk\u00ean kurd\u00ee\"},{\"@type\":\"BreadcrumbList\",\"@id\":\"https:\\\/\\\/shanabooks.de\\\/product\\\/sikefta-xwekustine-receb-dildar\\\/#breadcrumb\",\"itemListElement\":[{\"@type\":\"ListItem\",\"position\":1,\"name\":\"\u0627\u0644\u0631\u0626\u064a\u0633\u064a\u0629\",\"item\":\"https:\\\/\\\/shanabooks.de\\\/de\\\/\"},{\"@type\":\"ListItem\",\"position\":2,\"name\":\"\u0627\u0644\u0645\u0646\u062a\u062c\u0627\u062a\",\"item\":\"https:\\\/\\\/shanabooks.de\\\/shop\\\/\"},{\"@type\":\"ListItem\",\"position\":3,\"name\":\"\u015eikefta Xweku\u015ftin\u00ea\"}]},{\"@type\":\"WebSite\",\"@id\":\"https:\\\/\\\/shanabooks.de\\\/#website\",\"url\":\"https:\\\/\\\/shanabooks.de\\\/\",\"name\":\"www.shanbooks.de\",\"description\":\"C\u00eehana Pirt\u00fbk\u00ean Kurd\u00ee \u0645\u0643\u062a\u0628\u0629 \u0634\u0627\u0646\u0627 \u0641\u064a \u0627\u0644\u0645\u0627\u0646\u064a\u0627 \u0648\u0623\u0648\u0631\u0628\u0627\",\"publisher\":{\"@id\":\"https:\\\/\\\/shanabooks.de\\\/#organization\"},\"potentialAction\":[{\"@type\":\"SearchAction\",\"target\":{\"@type\":\"EntryPoint\",\"urlTemplate\":\"https:\\\/\\\/shanabooks.de\\\/?s={search_term_string}\"},\"query-input\":{\"@type\":\"PropertyValueSpecification\",\"valueRequired\":true,\"valueName\":\"search_term_string\"}}],\"inLanguage\":\"de\"},{\"@type\":\"Organization\",\"@id\":\"https:\\\/\\\/shanabooks.de\\\/#organization\",\"name\":\"www.shanbooks.de\",\"url\":\"https:\\\/\\\/shanabooks.de\\\/\",\"logo\":{\"@type\":\"ImageObject\",\"inLanguage\":\"de\",\"@id\":\"https:\\\/\\\/shanabooks.de\\\/#\\\/schema\\\/logo\\\/image\\\/\",\"url\":\"https:\\\/\\\/shanabooks.de\\\/wp-content\\\/uploads\\\/2024\\\/03\\\/SHANABOOKS__2_-removebg-preview.png\",\"contentUrl\":\"https:\\\/\\\/shanabooks.de\\\/wp-content\\\/uploads\\\/2024\\\/03\\\/SHANABOOKS__2_-removebg-preview.png\",\"width\":700,\"height\":150,\"caption\":\"www.shanbooks.de\"},\"image\":{\"@id\":\"https:\\\/\\\/shanabooks.de\\\/#\\\/schema\\\/logo\\\/image\\\/\"}}]}<\/script>\n<!-- \/ Yoast SEO plugin. -->","yoast_head_json":{"title":"\u015eikefta Xweku\u015ftin\u00ea - Receb Dildar - www.shanabooks.de","description":"\u015eikefta Xweku\u015ftin\u00ea - Receb Dildar Pira Dehder\u00ee di navbera \u00c7\u00eeyay\u00ea \u00c7ilsiwaran \u00fb Ko\u015fka Berpir\u00ea de, b\u00fbb\u00fb w\u00eaneyek\u00ee b\u00eahempa. D\u00eejle ji wan re b\u00fbb\u00fb kemanjenek\u00ee ...","robots":{"index":"index","follow":"follow","max-snippet":"max-snippet:-1","max-image-preview":"max-image-preview:large","max-video-preview":"max-video-preview:-1"},"canonical":"https:\/\/shanabooks.de\/product\/sikefta-xwekustine-receb-dildar\/","og_locale":"de_DE","og_type":"article","og_title":"\u015eikefta Xweku\u015ftin\u00ea - Receb Dildar - www.shanabooks.de","og_description":"\u015eikefta Xweku\u015ftin\u00ea - Receb Dildar Pira Dehder\u00ee di navbera \u00c7\u00eeyay\u00ea \u00c7ilsiwaran \u00fb Ko\u015fka Berpir\u00ea de, b\u00fbb\u00fb w\u00eaneyek\u00ee b\u00eahempa. D\u00eejle ji wan re b\u00fbb\u00fb kemanjenek\u00ee ...","og_url":"https:\/\/shanabooks.de\/product\/sikefta-xwekustine-receb-dildar\/","og_site_name":"www.shanabooks.de","article_modified_time":"2024-03-19T23:46:46+00:00","og_image":[{"width":453,"height":708,"url":"https:\/\/shanabooks.de\/wp-content\/uploads\/2024\/01\/sikefta-xwekustine-dara.png","type":"image\/png"}],"twitter_card":"summary_large_image","twitter_misc":{"Gesch\u00e4tzte Lesezeit":"2\u00a0Minuten"},"schema":{"@context":"https:\/\/schema.org","@graph":[{"@type":"WebPage","@id":"https:\/\/shanabooks.de\/product\/sikefta-xwekustine-receb-dildar\/","url":"https:\/\/shanabooks.de\/product\/sikefta-xwekustine-receb-dildar\/","name":"\u015eikefta Xweku\u015ftin\u00ea - Receb Dildar - www.shanabooks.de","isPartOf":{"@id":"https:\/\/shanabooks.de\/#website"},"primaryImageOfPage":{"@id":"https:\/\/shanabooks.de\/product\/sikefta-xwekustine-receb-dildar\/#primaryimage"},"image":{"@id":"https:\/\/shanabooks.de\/product\/sikefta-xwekustine-receb-dildar\/#primaryimage"},"thumbnailUrl":"https:\/\/shanabooks.de\/wp-content\/uploads\/2024\/01\/sikefta-xwekustine-dara.png","datePublished":"2024-03-03T19:43:13+00:00","dateModified":"2024-03-19T23:46:46+00:00","description":"\u015eikefta Xweku\u015ftin\u00ea - Receb Dildar Pira Dehder\u00ee di navbera \u00c7\u00eeyay\u00ea \u00c7ilsiwaran \u00fb Ko\u015fka Berpir\u00ea de, b\u00fbb\u00fb w\u00eaneyek\u00ee b\u00eahempa. D\u00eejle ji wan re b\u00fbb\u00fb kemanjenek\u00ee ...","breadcrumb":{"@id":"https:\/\/shanabooks.de\/product\/sikefta-xwekustine-receb-dildar\/#breadcrumb"},"inLanguage":"de","potentialAction":[{"@type":"ReadAction","target":["https:\/\/shanabooks.de\/product\/sikefta-xwekustine-receb-dildar\/"]}]},{"@type":"ImageObject","inLanguage":"de","@id":"https:\/\/shanabooks.de\/product\/sikefta-xwekustine-receb-dildar\/#primaryimage","url":"https:\/\/shanabooks.de\/wp-content\/uploads\/2024\/01\/sikefta-xwekustine-dara.png","contentUrl":"https:\/\/shanabooks.de\/wp-content\/uploads\/2024\/01\/sikefta-xwekustine-dara.png","width":453,"height":708,"caption":"\u015eikefta Xweku\u015ftin\u00ea - Receb Dildar - pirt\u00fbk\u00ean kurd\u00ee"},{"@type":"BreadcrumbList","@id":"https:\/\/shanabooks.de\/product\/sikefta-xwekustine-receb-dildar\/#breadcrumb","itemListElement":[{"@type":"ListItem","position":1,"name":"\u0627\u0644\u0631\u0626\u064a\u0633\u064a\u0629","item":"https:\/\/shanabooks.de\/de\/"},{"@type":"ListItem","position":2,"name":"\u0627\u0644\u0645\u0646\u062a\u062c\u0627\u062a","item":"https:\/\/shanabooks.de\/shop\/"},{"@type":"ListItem","position":3,"name":"\u015eikefta Xweku\u015ftin\u00ea"}]},{"@type":"WebSite","@id":"https:\/\/shanabooks.de\/#website","url":"https:\/\/shanabooks.de\/","name":"www.shanbooks.de","description":"C\u00eehana Pirt\u00fbk\u00ean Kurd\u00ee \u0645\u0643\u062a\u0628\u0629 \u0634\u0627\u0646\u0627 \u0641\u064a \u0627\u0644\u0645\u0627\u0646\u064a\u0627 \u0648\u0623\u0648\u0631\u0628\u0627","publisher":{"@id":"https:\/\/shanabooks.de\/#organization"},"potentialAction":[{"@type":"SearchAction","target":{"@type":"EntryPoint","urlTemplate":"https:\/\/shanabooks.de\/?s={search_term_string}"},"query-input":{"@type":"PropertyValueSpecification","valueRequired":true,"valueName":"search_term_string"}}],"inLanguage":"de"},{"@type":"Organization","@id":"https:\/\/shanabooks.de\/#organization","name":"www.shanbooks.de","url":"https:\/\/shanabooks.de\/","logo":{"@type":"ImageObject","inLanguage":"de","@id":"https:\/\/shanabooks.de\/#\/schema\/logo\/image\/","url":"https:\/\/shanabooks.de\/wp-content\/uploads\/2024\/03\/SHANABOOKS__2_-removebg-preview.png","contentUrl":"https:\/\/shanabooks.de\/wp-content\/uploads\/2024\/03\/SHANABOOKS__2_-removebg-preview.png","width":700,"height":150,"caption":"www.shanbooks.de"},"image":{"@id":"https:\/\/shanabooks.de\/#\/schema\/logo\/image\/"}}]}},"jetpack_sharing_enabled":true,"_links":{"self":[{"href":"https:\/\/shanabooks.de\/de\/wp-json\/wp\/v2\/product\/12344","targetHints":{"allow":["GET"]}}],"collection":[{"href":"https:\/\/shanabooks.de\/de\/wp-json\/wp\/v2\/product"}],"about":[{"href":"https:\/\/shanabooks.de\/de\/wp-json\/wp\/v2\/types\/product"}],"version-history":[{"count":3,"href":"https:\/\/shanabooks.de\/de\/wp-json\/wp\/v2\/product\/12344\/revisions"}],"predecessor-version":[{"id":21003,"href":"https:\/\/shanabooks.de\/de\/wp-json\/wp\/v2\/product\/12344\/revisions\/21003"}],"wp:featuredmedia":[{"embeddable":true,"href":"https:\/\/shanabooks.de\/de\/wp-json\/wp\/v2\/media\/5076"}],"wp:attachment":[{"href":"https:\/\/shanabooks.de\/de\/wp-json\/wp\/v2\/media?parent=12344"}],"wp:term":[{"taxonomy":"product_brand","embeddable":true,"href":"https:\/\/shanabooks.de\/de\/wp-json\/wp\/v2\/product_brand?post=12344"},{"taxonomy":"product_cat","embeddable":true,"href":"https:\/\/shanabooks.de\/de\/wp-json\/wp\/v2\/product_cat?post=12344"},{"taxonomy":"product_tag","embeddable":true,"href":"https:\/\/shanabooks.de\/de\/wp-json\/wp\/v2\/product_tag?post=12344"}],"curies":[{"name":"wp","href":"https:\/\/api.w.org\/{rel}","templated":true}]}}