{"id":12345,"date":"2024-03-03T19:43:13","date_gmt":"2024-03-03T19:43:13","guid":{"rendered":"https:\/\/shanabooks.de\/?post_type=product&#038;p=12345"},"modified":"2024-03-19T23:40:54","modified_gmt":"2024-03-19T23:40:54","slug":"dizen-nasnameyan-a-latif-karaaslanli","status":"publish","type":"product","link":"https:\/\/shanabooks.de\/de\/product\/dizen-nasnameyan-a-latif-karaaslanli\/","title":{"rendered":"Diz\u00ean Nasnameyan"},"content":{"rendered":"<p dir=\"ltr\"><strong>Diz\u00ean Nasnameyan &#8211; A. Lat\u00eef Karaaslanli<\/strong><\/p>\n<p dir=\"ltr\">Diz her tim li d\u00fb xwe hin ti\u015ftan dih\u00ealin, kes\u00ean ku zanibin \u00e7i ji wan hatiye diz\u00een bi hest\u00ean tol\u00ea dikevin nava bizavan, y\u00ean ku nizanibin \u00e7i ji wan hatiye diz\u00een, valahiyek xwe li wan digire. Di jiyana wan de her tim ev valah\u00ee xwe bi wan dide h\u00eeskirin. Keng\u00ea rast\u00ee hin sedeman dibin, pirs li ser hev t\u00ean hi\u015f\u00ea wan \u00fb dikevin nava l\u00eager\u00eena bersivan. Jixwe li cihek\u00ee pirs hebe, li wir pirsgir\u00eak j\u00ee heye. Xwegihandina bersivan ne h\u00easan e, gelek caran l\u00eager\u00een j\u00ee bes e ku mirov nav li wan h\u00ees\u00ean xwe bike. W\u00ea dem\u00ea mirov p\u00ea derdixe ku jiyana dij\u00ee ne ya w\u00ee ye. Ez zanim ji min \u00e7i hatiye diz\u00een \u00fb li van \u00e7iyayan dixwazim tola xwe hildim. L\u00ea p\u00ea\u015fiya zan\u00een\u00ea ez j\u00ee di merheleya binavkirin\u00ea re derbas b\u00fbm. Hatina min a van \u00e7iyayan ji ber van e. Gelo tu dizan\u00ee diz \u00e7i ji te diz\u00eene? Pirs ber\u00ee bersivan, bersiv j\u00ee di nava l\u00eager\u00een\u00ea de xwe dinim\u00eenin. Tu li d\u00fb rastiya diya xwe ketib\u00ee j\u00ee ji b\u00eer neke ew rast\u00ee di heman dem\u00ea de ya te ye. Di esas de tu li d\u00fb rastiya xwe ket\u00ee. Y\u00ean me j\u00ee gelek sedem\u00ean me hene, l\u00ea ya gir\u00eeng xwegihandina wateya van hestan e. Di nava axaftina xwe de min behsa tol\u00ea kir, v\u00ea ne di wateya ku\u015ftin\u00ea de, di wateya hestan de esas bigire.<\/p>\n<p dir=\"ltr\">Diz\u00ean Nasnameyan ya A. Lat\u00eef Karaaslanli ji we\u015fan\u00ean Aryen\u00ea ye.<\/p>\n","protected":false},"excerpt":{"rendered":"<p dir=\"ltr\" style=\"text-align: center\"><strong>Pirt\u00fbk: Diz\u00ean Nasnameyan<br \/>\nNiv\u00eeskar: A.Lat\u00eef Karaaslanli<\/strong><br \/>\n<strong>Cure: Roman<\/strong><\/p>\n","protected":false},"featured_media":12403,"template":"","meta":{"site-sidebar-layout":"default","site-content-layout":"","ast-site-content-layout":"default","site-content-style":"default","site-sidebar-style":"default","ast-global-header-display":"","ast-banner-title-visibility":"","ast-main-header-display":"","ast-hfb-above-header-display":"","ast-hfb-below-header-display":"","ast-hfb-mobile-header-display":"","site-post-title":"","ast-breadcrumbs-content":"","ast-featured-img":"","footer-sml-layout":"","ast-disable-related-posts":"","theme-transparent-header-meta":"default","adv-header-id-meta":"","stick-header-meta":"","header-above-stick-meta":"","header-main-stick-meta":"","header-below-stick-meta":"","astra-migrate-meta-layouts":"set","ast-page-background-enabled":"default","ast-page-background-meta":{"desktop":{"background-color":"","background-image":"","background-repeat":"repeat","background-position":"center center","background-size":"auto","background-attachment":"scroll","background-type":"","background-media":"","overlay-type":"","overlay-color":"","overlay-opacity":"","overlay-gradient":""},"tablet":{"background-color":"","background-image":"","background-repeat":"repeat","background-position":"center center","background-size":"auto","background-attachment":"scroll","background-type":"","background-media":"","overlay-type":"","overlay-color":"","overlay-opacity":"","overlay-gradient":""},"mobile":{"background-color":"","background-image":"","background-repeat":"repeat","background-position":"center center","background-size":"auto","background-attachment":"scroll","background-type":"","background-media":"","overlay-type":"","overlay-color":"","overlay-opacity":"","overlay-gradient":""}},"ast-content-background-meta":{"desktop":{"background-color":"var(--ast-global-color-5)","background-image":"","background-repeat":"repeat","background-position":"center center","background-size":"auto","background-attachment":"scroll","background-type":"","background-media":"","overlay-type":"","overlay-color":"","overlay-opacity":"","overlay-gradient":""},"tablet":{"background-color":"var(--ast-global-color-5)","background-image":"","background-repeat":"repeat","background-position":"center center","background-size":"auto","background-attachment":"scroll","background-type":"","background-media":"","overlay-type":"","overlay-color":"","overlay-opacity":"","overlay-gradient":""},"mobile":{"background-color":"var(--ast-global-color-5)","background-image":"","background-repeat":"repeat","background-position":"center center","background-size":"auto","background-attachment":"scroll","background-type":"","background-media":"","overlay-type":"","overlay-color":"","overlay-opacity":"","overlay-gradient":""}}},"product_brand":[],"product_cat":[182,193],"product_tag":[],"class_list":{"0":"post-12345","1":"product","2":"type-product","3":"status-publish","4":"has-post-thumbnail","6":"product_cat-_","7":"product_cat--_","8":"pa_-roman","9":"pa_-a-latif-karaaslanli","10":"pa_-kurmanci","11":"pa_--aryen","12":"desktop-align-left","13":"tablet-align-left","14":"mobile-align-left","16":"first","17":"instock","18":"shipping-taxable","19":"purchasable","20":"product-type-simple"},"yoast_head":"<!-- This site is optimized with the Yoast SEO plugin v27.4 - https:\/\/yoast.com\/product\/yoast-seo-wordpress\/ -->\n<title>Diz\u00ean Nasnameyan - A. Lat\u00eef Karaaslanli - www.shanabooks.de<\/title>\n<meta name=\"description\" content=\"Diz\u00ean Nasnameyan - A. Lat\u00eef Karaaslanli Diz her tim li d\u00fb xwe hin ti\u015ftan dih\u00ealin, kes\u00ean ku zanibin \u00e7i ji wan hatiye diz\u00een bi hest\u00ean tol\u00ea dikevin nava biz...\" \/>\n<meta name=\"robots\" content=\"index, follow, max-snippet:-1, max-image-preview:large, max-video-preview:-1\" \/>\n<link rel=\"canonical\" href=\"https:\/\/shanabooks.de\/product\/dizen-nasnameyan-a-latif-karaaslanli\/\" \/>\n<meta property=\"og:locale\" content=\"de_DE\" \/>\n<meta property=\"og:type\" content=\"article\" \/>\n<meta property=\"og:title\" content=\"Diz\u00ean Nasnameyan - A. Lat\u00eef Karaaslanli - www.shanabooks.de\" \/>\n<meta property=\"og:description\" content=\"Diz\u00ean Nasnameyan - A. Lat\u00eef Karaaslanli Diz her tim li d\u00fb xwe hin ti\u015ftan dih\u00ealin, kes\u00ean ku zanibin \u00e7i ji wan hatiye diz\u00een bi hest\u00ean tol\u00ea dikevin nava biz...\" \/>\n<meta property=\"og:url\" content=\"https:\/\/shanabooks.de\/product\/dizen-nasnameyan-a-latif-karaaslanli\/\" \/>\n<meta property=\"og:site_name\" content=\"www.shanabooks.de\" \/>\n<meta property=\"article:modified_time\" content=\"2024-03-19T23:40:54+00:00\" \/>\n<meta property=\"og:image\" content=\"https:\/\/shanabooks.de\/wp-content\/uploads\/2024\/03\/Dizen-Nasnameyan.png\" \/>\n\t<meta property=\"og:image:width\" content=\"308\" \/>\n\t<meta property=\"og:image:height\" content=\"475\" \/>\n\t<meta property=\"og:image:type\" content=\"image\/png\" \/>\n<meta name=\"twitter:card\" content=\"summary_large_image\" \/>\n<meta name=\"twitter:label1\" content=\"Gesch\u00e4tzte Lesezeit\" \/>\n\t<meta name=\"twitter:data1\" content=\"2\u00a0Minuten\" \/>\n<script type=\"application\/ld+json\" class=\"yoast-schema-graph\">{\"@context\":\"https:\\\/\\\/schema.org\",\"@graph\":[{\"@type\":\"WebPage\",\"@id\":\"https:\\\/\\\/shanabooks.de\\\/product\\\/dizen-nasnameyan-a-latif-karaaslanli\\\/\",\"url\":\"https:\\\/\\\/shanabooks.de\\\/product\\\/dizen-nasnameyan-a-latif-karaaslanli\\\/\",\"name\":\"Diz\u00ean Nasnameyan - A. Lat\u00eef Karaaslanli - www.shanabooks.de\",\"isPartOf\":{\"@id\":\"https:\\\/\\\/shanabooks.de\\\/#website\"},\"primaryImageOfPage\":{\"@id\":\"https:\\\/\\\/shanabooks.de\\\/product\\\/dizen-nasnameyan-a-latif-karaaslanli\\\/#primaryimage\"},\"image\":{\"@id\":\"https:\\\/\\\/shanabooks.de\\\/product\\\/dizen-nasnameyan-a-latif-karaaslanli\\\/#primaryimage\"},\"thumbnailUrl\":\"https:\\\/\\\/shanabooks.de\\\/wp-content\\\/uploads\\\/2024\\\/03\\\/Dizen-Nasnameyan.png\",\"datePublished\":\"2024-03-03T19:43:13+00:00\",\"dateModified\":\"2024-03-19T23:40:54+00:00\",\"description\":\"Diz\u00ean Nasnameyan - A. Lat\u00eef Karaaslanli Diz her tim li d\u00fb xwe hin ti\u015ftan dih\u00ealin, kes\u00ean ku zanibin \u00e7i ji wan hatiye diz\u00een bi hest\u00ean tol\u00ea dikevin nava biz...\",\"breadcrumb\":{\"@id\":\"https:\\\/\\\/shanabooks.de\\\/product\\\/dizen-nasnameyan-a-latif-karaaslanli\\\/#breadcrumb\"},\"inLanguage\":\"de\",\"potentialAction\":[{\"@type\":\"ReadAction\",\"target\":[\"https:\\\/\\\/shanabooks.de\\\/product\\\/dizen-nasnameyan-a-latif-karaaslanli\\\/\"]}]},{\"@type\":\"ImageObject\",\"inLanguage\":\"de\",\"@id\":\"https:\\\/\\\/shanabooks.de\\\/product\\\/dizen-nasnameyan-a-latif-karaaslanli\\\/#primaryimage\",\"url\":\"https:\\\/\\\/shanabooks.de\\\/wp-content\\\/uploads\\\/2024\\\/03\\\/Dizen-Nasnameyan.png\",\"contentUrl\":\"https:\\\/\\\/shanabooks.de\\\/wp-content\\\/uploads\\\/2024\\\/03\\\/Dizen-Nasnameyan.png\",\"width\":308,\"height\":475,\"caption\":\"Diz\u00ean Nasnameyan - A. Lat\u00eef Karaaslanli - pirt\u00fbk\u00ean kurd\u00ee\"},{\"@type\":\"BreadcrumbList\",\"@id\":\"https:\\\/\\\/shanabooks.de\\\/product\\\/dizen-nasnameyan-a-latif-karaaslanli\\\/#breadcrumb\",\"itemListElement\":[{\"@type\":\"ListItem\",\"position\":1,\"name\":\"\u0627\u0644\u0631\u0626\u064a\u0633\u064a\u0629\",\"item\":\"https:\\\/\\\/shanabooks.de\\\/de\\\/\"},{\"@type\":\"ListItem\",\"position\":2,\"name\":\"\u0627\u0644\u0645\u0646\u062a\u062c\u0627\u062a\",\"item\":\"https:\\\/\\\/shanabooks.de\\\/shop\\\/\"},{\"@type\":\"ListItem\",\"position\":3,\"name\":\"Diz\u00ean Nasnameyan\"}]},{\"@type\":\"WebSite\",\"@id\":\"https:\\\/\\\/shanabooks.de\\\/#website\",\"url\":\"https:\\\/\\\/shanabooks.de\\\/\",\"name\":\"www.shanbooks.de\",\"description\":\"C\u00eehana Pirt\u00fbk\u00ean Kurd\u00ee \u0645\u0643\u062a\u0628\u0629 \u0634\u0627\u0646\u0627 \u0641\u064a \u0627\u0644\u0645\u0627\u0646\u064a\u0627 \u0648\u0623\u0648\u0631\u0628\u0627\",\"publisher\":{\"@id\":\"https:\\\/\\\/shanabooks.de\\\/#organization\"},\"potentialAction\":[{\"@type\":\"SearchAction\",\"target\":{\"@type\":\"EntryPoint\",\"urlTemplate\":\"https:\\\/\\\/shanabooks.de\\\/?s={search_term_string}\"},\"query-input\":{\"@type\":\"PropertyValueSpecification\",\"valueRequired\":true,\"valueName\":\"search_term_string\"}}],\"inLanguage\":\"de\"},{\"@type\":\"Organization\",\"@id\":\"https:\\\/\\\/shanabooks.de\\\/#organization\",\"name\":\"www.shanbooks.de\",\"url\":\"https:\\\/\\\/shanabooks.de\\\/\",\"logo\":{\"@type\":\"ImageObject\",\"inLanguage\":\"de\",\"@id\":\"https:\\\/\\\/shanabooks.de\\\/#\\\/schema\\\/logo\\\/image\\\/\",\"url\":\"https:\\\/\\\/shanabooks.de\\\/wp-content\\\/uploads\\\/2024\\\/03\\\/SHANABOOKS__2_-removebg-preview.png\",\"contentUrl\":\"https:\\\/\\\/shanabooks.de\\\/wp-content\\\/uploads\\\/2024\\\/03\\\/SHANABOOKS__2_-removebg-preview.png\",\"width\":700,\"height\":150,\"caption\":\"www.shanbooks.de\"},\"image\":{\"@id\":\"https:\\\/\\\/shanabooks.de\\\/#\\\/schema\\\/logo\\\/image\\\/\"}}]}<\/script>\n<!-- \/ Yoast SEO plugin. -->","yoast_head_json":{"title":"Diz\u00ean Nasnameyan - A. Lat\u00eef Karaaslanli - www.shanabooks.de","description":"Diz\u00ean Nasnameyan - A. Lat\u00eef Karaaslanli Diz her tim li d\u00fb xwe hin ti\u015ftan dih\u00ealin, kes\u00ean ku zanibin \u00e7i ji wan hatiye diz\u00een bi hest\u00ean tol\u00ea dikevin nava biz...","robots":{"index":"index","follow":"follow","max-snippet":"max-snippet:-1","max-image-preview":"max-image-preview:large","max-video-preview":"max-video-preview:-1"},"canonical":"https:\/\/shanabooks.de\/product\/dizen-nasnameyan-a-latif-karaaslanli\/","og_locale":"de_DE","og_type":"article","og_title":"Diz\u00ean Nasnameyan - A. Lat\u00eef Karaaslanli - www.shanabooks.de","og_description":"Diz\u00ean Nasnameyan - A. Lat\u00eef Karaaslanli Diz her tim li d\u00fb xwe hin ti\u015ftan dih\u00ealin, kes\u00ean ku zanibin \u00e7i ji wan hatiye diz\u00een bi hest\u00ean tol\u00ea dikevin nava biz...","og_url":"https:\/\/shanabooks.de\/product\/dizen-nasnameyan-a-latif-karaaslanli\/","og_site_name":"www.shanabooks.de","article_modified_time":"2024-03-19T23:40:54+00:00","og_image":[{"width":308,"height":475,"url":"https:\/\/shanabooks.de\/wp-content\/uploads\/2024\/03\/Dizen-Nasnameyan.png","type":"image\/png"}],"twitter_card":"summary_large_image","twitter_misc":{"Gesch\u00e4tzte Lesezeit":"2\u00a0Minuten"},"schema":{"@context":"https:\/\/schema.org","@graph":[{"@type":"WebPage","@id":"https:\/\/shanabooks.de\/product\/dizen-nasnameyan-a-latif-karaaslanli\/","url":"https:\/\/shanabooks.de\/product\/dizen-nasnameyan-a-latif-karaaslanli\/","name":"Diz\u00ean Nasnameyan - A. Lat\u00eef Karaaslanli - www.shanabooks.de","isPartOf":{"@id":"https:\/\/shanabooks.de\/#website"},"primaryImageOfPage":{"@id":"https:\/\/shanabooks.de\/product\/dizen-nasnameyan-a-latif-karaaslanli\/#primaryimage"},"image":{"@id":"https:\/\/shanabooks.de\/product\/dizen-nasnameyan-a-latif-karaaslanli\/#primaryimage"},"thumbnailUrl":"https:\/\/shanabooks.de\/wp-content\/uploads\/2024\/03\/Dizen-Nasnameyan.png","datePublished":"2024-03-03T19:43:13+00:00","dateModified":"2024-03-19T23:40:54+00:00","description":"Diz\u00ean Nasnameyan - A. Lat\u00eef Karaaslanli Diz her tim li d\u00fb xwe hin ti\u015ftan dih\u00ealin, kes\u00ean ku zanibin \u00e7i ji wan hatiye diz\u00een bi hest\u00ean tol\u00ea dikevin nava biz...","breadcrumb":{"@id":"https:\/\/shanabooks.de\/product\/dizen-nasnameyan-a-latif-karaaslanli\/#breadcrumb"},"inLanguage":"de","potentialAction":[{"@type":"ReadAction","target":["https:\/\/shanabooks.de\/product\/dizen-nasnameyan-a-latif-karaaslanli\/"]}]},{"@type":"ImageObject","inLanguage":"de","@id":"https:\/\/shanabooks.de\/product\/dizen-nasnameyan-a-latif-karaaslanli\/#primaryimage","url":"https:\/\/shanabooks.de\/wp-content\/uploads\/2024\/03\/Dizen-Nasnameyan.png","contentUrl":"https:\/\/shanabooks.de\/wp-content\/uploads\/2024\/03\/Dizen-Nasnameyan.png","width":308,"height":475,"caption":"Diz\u00ean Nasnameyan - A. Lat\u00eef Karaaslanli - pirt\u00fbk\u00ean kurd\u00ee"},{"@type":"BreadcrumbList","@id":"https:\/\/shanabooks.de\/product\/dizen-nasnameyan-a-latif-karaaslanli\/#breadcrumb","itemListElement":[{"@type":"ListItem","position":1,"name":"\u0627\u0644\u0631\u0626\u064a\u0633\u064a\u0629","item":"https:\/\/shanabooks.de\/de\/"},{"@type":"ListItem","position":2,"name":"\u0627\u0644\u0645\u0646\u062a\u062c\u0627\u062a","item":"https:\/\/shanabooks.de\/shop\/"},{"@type":"ListItem","position":3,"name":"Diz\u00ean Nasnameyan"}]},{"@type":"WebSite","@id":"https:\/\/shanabooks.de\/#website","url":"https:\/\/shanabooks.de\/","name":"www.shanbooks.de","description":"C\u00eehana Pirt\u00fbk\u00ean Kurd\u00ee \u0645\u0643\u062a\u0628\u0629 \u0634\u0627\u0646\u0627 \u0641\u064a \u0627\u0644\u0645\u0627\u0646\u064a\u0627 \u0648\u0623\u0648\u0631\u0628\u0627","publisher":{"@id":"https:\/\/shanabooks.de\/#organization"},"potentialAction":[{"@type":"SearchAction","target":{"@type":"EntryPoint","urlTemplate":"https:\/\/shanabooks.de\/?s={search_term_string}"},"query-input":{"@type":"PropertyValueSpecification","valueRequired":true,"valueName":"search_term_string"}}],"inLanguage":"de"},{"@type":"Organization","@id":"https:\/\/shanabooks.de\/#organization","name":"www.shanbooks.de","url":"https:\/\/shanabooks.de\/","logo":{"@type":"ImageObject","inLanguage":"de","@id":"https:\/\/shanabooks.de\/#\/schema\/logo\/image\/","url":"https:\/\/shanabooks.de\/wp-content\/uploads\/2024\/03\/SHANABOOKS__2_-removebg-preview.png","contentUrl":"https:\/\/shanabooks.de\/wp-content\/uploads\/2024\/03\/SHANABOOKS__2_-removebg-preview.png","width":700,"height":150,"caption":"www.shanbooks.de"},"image":{"@id":"https:\/\/shanabooks.de\/#\/schema\/logo\/image\/"}}]}},"jetpack_sharing_enabled":true,"_links":{"self":[{"href":"https:\/\/shanabooks.de\/de\/wp-json\/wp\/v2\/product\/12345","targetHints":{"allow":["GET"]}}],"collection":[{"href":"https:\/\/shanabooks.de\/de\/wp-json\/wp\/v2\/product"}],"about":[{"href":"https:\/\/shanabooks.de\/de\/wp-json\/wp\/v2\/types\/product"}],"version-history":[{"count":3,"href":"https:\/\/shanabooks.de\/de\/wp-json\/wp\/v2\/product\/12345\/revisions"}],"predecessor-version":[{"id":20995,"href":"https:\/\/shanabooks.de\/de\/wp-json\/wp\/v2\/product\/12345\/revisions\/20995"}],"wp:featuredmedia":[{"embeddable":true,"href":"https:\/\/shanabooks.de\/de\/wp-json\/wp\/v2\/media\/12403"}],"wp:attachment":[{"href":"https:\/\/shanabooks.de\/de\/wp-json\/wp\/v2\/media?parent=12345"}],"wp:term":[{"taxonomy":"product_brand","embeddable":true,"href":"https:\/\/shanabooks.de\/de\/wp-json\/wp\/v2\/product_brand?post=12345"},{"taxonomy":"product_cat","embeddable":true,"href":"https:\/\/shanabooks.de\/de\/wp-json\/wp\/v2\/product_cat?post=12345"},{"taxonomy":"product_tag","embeddable":true,"href":"https:\/\/shanabooks.de\/de\/wp-json\/wp\/v2\/product_tag?post=12345"}],"curies":[{"name":"wp","href":"https:\/\/api.w.org\/{rel}","templated":true}]}}