{"id":12347,"date":"2024-03-03T19:43:13","date_gmt":"2024-03-03T19:43:13","guid":{"rendered":"https:\/\/shanabooks.de\/?post_type=product&#038;p=12347"},"modified":"2024-03-19T23:23:07","modified_gmt":"2024-03-19T23:23:07","slug":"mijaren-miqro-ciya-mazi","status":"publish","type":"product","link":"https:\/\/shanabooks.de\/de\/product\/mijaren-miqro-ciya-mazi\/","title":{"rendered":"Mijar\u00ean M\u00eeqro"},"content":{"rendered":"<p dir=\"ltr\"><strong>Mijar\u00ean M\u00eeqro &#8211; \u00c7iya Maz\u00ee<\/strong><\/p>\n<p dir=\"ltr\">Pirt\u00fbka \u00c7iya Maz\u00ee ya 2&#8217;yem\u00een e Mijar\u00ean M\u00eeqro. Ji 14 \u00e7\u00eerokan p\u00eak t\u00ea. \u00c7\u00eerok\u00ean v\u00ea pirt\u00fbk\u00ea bi piran\u00ee\u00a0 li cih\u00ea ku kurd l\u00ea dij\u00een hatine hol\u00ea. T\u00eakiliyen mirovan bi hevd\u00fb re \u00fb bi dewlet\u00ea re b\u00fbne mijara \u00e7\u00eerokan.<br \/>\nJi \u00e7\u00eerokek pirt\u00fbk\u00ea:<\/p>\n<p dir=\"ltr\">(EM)<br \/>\nEm bist \u00fb s\u00ea heb b\u00fbn di qawi\u015fek\u00ea de. Di \u00eeloneke nermij\u00ee de, em ji bo tawanbariya \u201cli ber erka hingiz\u00een ser\u00ee hildan\u201d hatib\u00fbn girtin. Pir li me xistin \u00fb ti\u015ft\u00ean nemay\u00ea bi me kirin. Ji bo ku me ti\u015ftek nexist stuy\u00ea xwe; me m\u00eez vexwar, me mi\u015fk\u00ea sax xist dev\u00ea xwe. \u00c7i\u00e7ik \u00fb guliy\u00ean yar\u00ean me r\u00ea me dan, me got \u201cbila em bimirin, ma \u00e7i xem e.\u201d Em nepey\u00eev\u00een, ji bil\u00ee yek\u00ee ji me; li me mikur hat \u00fb hezar buxtan xist stuy\u00ea me. B\u00fb s\u00eexur\u00ea nava me \u00fb ezab\u00ea qawi\u015fa me. Em new\u00ear\u00eeb\u00fbn bipey\u00eevana. W\u00ee peyv\u00ean me dibir ji wan re, wan j\u00ee dih\u00fbnandin \u00fb fil\u00eem j\u00ea \u00e7\u00eadikirin li navend\u00ea. Diviyab\u00fb em xelas bibana ji w\u00ee y\u00ea ji me. Bi rojan em fikir\u00een ji bo \u00e7areyeke xelasb\u00fbna ji w\u00ee. Ti\u015ftek tuneb\u00fb ku me j\u00ea xelas bikira. Rojek\u00ea me biryar da; ew ji me \u00e7\u00eab\u00fbb\u00fb, diviyab\u00fb ti\u015ftek\u00ee ji me ew biqewiranda.\u00a0 Me got: \u201cbidin hevd\u00fb\u00a0 k\u00ea\u00e7 \u00fb sipiy\u00ean navran, dox\u00een, do\u015fek \u00fb lih\u00eaf\u00ean xwe.\u201d\u00a0 Ne zahmet b\u00fb sip\u00ee hevdan. Di du rojan de me da hevd\u00fb, ji xwe, ji por\u00ean xwe, ji bin \u00e7eng\u00ean xwe. Bi xwe dib\u00fbn top li nava pa\u00e7ikek\u00ee. Me \u015fevek\u00ea ew topa spiyan, bi fenek\u00ea xist nava niv\u00een\u00ean sixur\u00ea xwe. Carek\u00ea \u00e7\u00fb l\u00ea cardin \u015fandin, me \u00e7alakiya k\u00ea\u00e7 \u00fb sipiyan dubare kir. Cara sisiyan \u00e7\u00fb \u00fb hew hat. Me xwe ji w\u00ee kurm\u00ea bedena xwe xelas kir \u00fb em keniyan roja ku cara daw\u00ee \u00e7\u00fbb\u00fb ji nava me.<\/p>\n","protected":false},"excerpt":{"rendered":"<p dir=\"ltr\" style=\"text-align: center\"><strong>Pirt\u00fbk: Mijar\u00ean M\u00eeqro<\/strong><br \/>\n<strong>Niv\u00eeskar: \u00c7iya Maz\u00ee<br \/>\nCure: \u00c7\u00eerok<\/strong><\/p>\n","protected":false},"featured_media":12407,"template":"","meta":{"site-sidebar-layout":"default","site-content-layout":"","ast-site-content-layout":"default","site-content-style":"default","site-sidebar-style":"default","ast-global-header-display":"","ast-banner-title-visibility":"","ast-main-header-display":"","ast-hfb-above-header-display":"","ast-hfb-below-header-display":"","ast-hfb-mobile-header-display":"","site-post-title":"","ast-breadcrumbs-content":"","ast-featured-img":"","footer-sml-layout":"","ast-disable-related-posts":"","theme-transparent-header-meta":"default","adv-header-id-meta":"","stick-header-meta":"","header-above-stick-meta":"","header-main-stick-meta":"","header-below-stick-meta":"","astra-migrate-meta-layouts":"set","ast-page-background-enabled":"default","ast-page-background-meta":{"desktop":{"background-color":"","background-image":"","background-repeat":"repeat","background-position":"center center","background-size":"auto","background-attachment":"scroll","background-type":"","background-media":"","overlay-type":"","overlay-color":"","overlay-opacity":"","overlay-gradient":""},"tablet":{"background-color":"","background-image":"","background-repeat":"repeat","background-position":"center center","background-size":"auto","background-attachment":"scroll","background-type":"","background-media":"","overlay-type":"","overlay-color":"","overlay-opacity":"","overlay-gradient":""},"mobile":{"background-color":"","background-image":"","background-repeat":"repeat","background-position":"center center","background-size":"auto","background-attachment":"scroll","background-type":"","background-media":"","overlay-type":"","overlay-color":"","overlay-opacity":"","overlay-gradient":""}},"ast-content-background-meta":{"desktop":{"background-color":"var(--ast-global-color-5)","background-image":"","background-repeat":"repeat","background-position":"center center","background-size":"auto","background-attachment":"scroll","background-type":"","background-media":"","overlay-type":"","overlay-color":"","overlay-opacity":"","overlay-gradient":""},"tablet":{"background-color":"var(--ast-global-color-5)","background-image":"","background-repeat":"repeat","background-position":"center center","background-size":"auto","background-attachment":"scroll","background-type":"","background-media":"","overlay-type":"","overlay-color":"","overlay-opacity":"","overlay-gradient":""},"mobile":{"background-color":"var(--ast-global-color-5)","background-image":"","background-repeat":"repeat","background-position":"center center","background-size":"auto","background-attachment":"scroll","background-type":"","background-media":"","overlay-type":"","overlay-color":"","overlay-opacity":"","overlay-gradient":""}}},"product_brand":[],"product_cat":[183,193],"product_tag":[],"class_list":{"0":"post-12347","1":"product","2":"type-product","3":"status-publish","4":"has-post-thumbnail","6":"product_cat-_","7":"product_cat--_","8":"pa_-cirok","9":"pa_-ciya-mazi","10":"pa_-kurmanci","11":"pa_--do-yayinlari","12":"desktop-align-left","13":"tablet-align-left","14":"mobile-align-left","16":"first","17":"instock","18":"shipping-taxable","19":"purchasable","20":"product-type-simple"},"yoast_head":"<!-- This site is optimized with the Yoast SEO plugin v27.4 - https:\/\/yoast.com\/product\/yoast-seo-wordpress\/ -->\n<title>Mijar\u00ean M\u00eeqro - \u00c7iya Maz\u00ee - www.shanabooks.de<\/title>\n<meta name=\"description\" content=\"Mijar\u00ean M\u00eeqro - \u00c7iya Maz\u00ee Pirt\u00fbka \u00c7iya Maz\u00ee ya 2&#039;yem\u00een e Mijar\u00ean M\u00eeqro. Ji 14 \u00e7\u00eerokan p\u00eak t\u00ea. \u00c7\u00eerok\u00ean v\u00ea pirt\u00fbk\u00ea bi piran\u00ee\u00a0 li cih\u00ea ku kurd l\u00ea dij\u00een hati...\" \/>\n<meta name=\"robots\" content=\"index, follow, max-snippet:-1, max-image-preview:large, max-video-preview:-1\" \/>\n<link rel=\"canonical\" href=\"https:\/\/shanabooks.de\/product\/mijaren-miqro-ciya-mazi\/\" \/>\n<meta property=\"og:locale\" content=\"de_DE\" \/>\n<meta property=\"og:type\" content=\"article\" \/>\n<meta property=\"og:title\" content=\"Mijar\u00ean M\u00eeqro - \u00c7iya Maz\u00ee - www.shanabooks.de\" \/>\n<meta property=\"og:description\" content=\"Mijar\u00ean M\u00eeqro - \u00c7iya Maz\u00ee Pirt\u00fbka \u00c7iya Maz\u00ee ya 2&#039;yem\u00een e Mijar\u00ean M\u00eeqro. Ji 14 \u00e7\u00eerokan p\u00eak t\u00ea. \u00c7\u00eerok\u00ean v\u00ea pirt\u00fbk\u00ea bi piran\u00ee\u00a0 li cih\u00ea ku kurd l\u00ea dij\u00een hati...\" \/>\n<meta property=\"og:url\" content=\"https:\/\/shanabooks.de\/product\/mijaren-miqro-ciya-mazi\/\" \/>\n<meta property=\"og:site_name\" content=\"www.shanabooks.de\" \/>\n<meta property=\"article:modified_time\" content=\"2024-03-19T23:23:07+00:00\" \/>\n<meta property=\"og:image\" content=\"https:\/\/shanabooks.de\/wp-content\/uploads\/2024\/03\/Mijaren-Miqro-Do.png\" \/>\n\t<meta property=\"og:image:width\" content=\"329\" \/>\n\t<meta property=\"og:image:height\" content=\"473\" \/>\n\t<meta property=\"og:image:type\" content=\"image\/png\" \/>\n<meta name=\"twitter:card\" content=\"summary_large_image\" \/>\n<meta name=\"twitter:label1\" content=\"Gesch\u00e4tzte Lesezeit\" \/>\n\t<meta name=\"twitter:data1\" content=\"3\u00a0Minuten\" \/>\n<script type=\"application\/ld+json\" class=\"yoast-schema-graph\">{\"@context\":\"https:\\\/\\\/schema.org\",\"@graph\":[{\"@type\":\"WebPage\",\"@id\":\"https:\\\/\\\/shanabooks.de\\\/product\\\/mijaren-miqro-ciya-mazi\\\/\",\"url\":\"https:\\\/\\\/shanabooks.de\\\/product\\\/mijaren-miqro-ciya-mazi\\\/\",\"name\":\"Mijar\u00ean M\u00eeqro - \u00c7iya Maz\u00ee - www.shanabooks.de\",\"isPartOf\":{\"@id\":\"https:\\\/\\\/shanabooks.de\\\/#website\"},\"primaryImageOfPage\":{\"@id\":\"https:\\\/\\\/shanabooks.de\\\/product\\\/mijaren-miqro-ciya-mazi\\\/#primaryimage\"},\"image\":{\"@id\":\"https:\\\/\\\/shanabooks.de\\\/product\\\/mijaren-miqro-ciya-mazi\\\/#primaryimage\"},\"thumbnailUrl\":\"https:\\\/\\\/shanabooks.de\\\/wp-content\\\/uploads\\\/2024\\\/03\\\/Mijaren-Miqro-Do.png\",\"datePublished\":\"2024-03-03T19:43:13+00:00\",\"dateModified\":\"2024-03-19T23:23:07+00:00\",\"description\":\"Mijar\u00ean M\u00eeqro - \u00c7iya Maz\u00ee Pirt\u00fbka \u00c7iya Maz\u00ee ya 2'yem\u00een e Mijar\u00ean M\u00eeqro. Ji 14 \u00e7\u00eerokan p\u00eak t\u00ea. \u00c7\u00eerok\u00ean v\u00ea pirt\u00fbk\u00ea bi piran\u00ee\u00a0 li cih\u00ea ku kurd l\u00ea dij\u00een hati...\",\"breadcrumb\":{\"@id\":\"https:\\\/\\\/shanabooks.de\\\/product\\\/mijaren-miqro-ciya-mazi\\\/#breadcrumb\"},\"inLanguage\":\"de\",\"potentialAction\":[{\"@type\":\"ReadAction\",\"target\":[\"https:\\\/\\\/shanabooks.de\\\/product\\\/mijaren-miqro-ciya-mazi\\\/\"]}]},{\"@type\":\"ImageObject\",\"inLanguage\":\"de\",\"@id\":\"https:\\\/\\\/shanabooks.de\\\/product\\\/mijaren-miqro-ciya-mazi\\\/#primaryimage\",\"url\":\"https:\\\/\\\/shanabooks.de\\\/wp-content\\\/uploads\\\/2024\\\/03\\\/Mijaren-Miqro-Do.png\",\"contentUrl\":\"https:\\\/\\\/shanabooks.de\\\/wp-content\\\/uploads\\\/2024\\\/03\\\/Mijaren-Miqro-Do.png\",\"width\":329,\"height\":473,\"caption\":\"Mijar\u00ean M\u00eeqro - \u00c7iya Maz\u00ee - pirt\u00fbk\u00ean kurd\u00ee\"},{\"@type\":\"BreadcrumbList\",\"@id\":\"https:\\\/\\\/shanabooks.de\\\/product\\\/mijaren-miqro-ciya-mazi\\\/#breadcrumb\",\"itemListElement\":[{\"@type\":\"ListItem\",\"position\":1,\"name\":\"\u0627\u0644\u0631\u0626\u064a\u0633\u064a\u0629\",\"item\":\"https:\\\/\\\/shanabooks.de\\\/de\\\/\"},{\"@type\":\"ListItem\",\"position\":2,\"name\":\"\u0627\u0644\u0645\u0646\u062a\u062c\u0627\u062a\",\"item\":\"https:\\\/\\\/shanabooks.de\\\/shop\\\/\"},{\"@type\":\"ListItem\",\"position\":3,\"name\":\"Mijar\u00ean M\u00eeqro\"}]},{\"@type\":\"WebSite\",\"@id\":\"https:\\\/\\\/shanabooks.de\\\/#website\",\"url\":\"https:\\\/\\\/shanabooks.de\\\/\",\"name\":\"www.shanbooks.de\",\"description\":\"C\u00eehana Pirt\u00fbk\u00ean Kurd\u00ee \u0645\u0643\u062a\u0628\u0629 \u0634\u0627\u0646\u0627 \u0641\u064a \u0627\u0644\u0645\u0627\u0646\u064a\u0627 \u0648\u0623\u0648\u0631\u0628\u0627\",\"publisher\":{\"@id\":\"https:\\\/\\\/shanabooks.de\\\/#organization\"},\"potentialAction\":[{\"@type\":\"SearchAction\",\"target\":{\"@type\":\"EntryPoint\",\"urlTemplate\":\"https:\\\/\\\/shanabooks.de\\\/?s={search_term_string}\"},\"query-input\":{\"@type\":\"PropertyValueSpecification\",\"valueRequired\":true,\"valueName\":\"search_term_string\"}}],\"inLanguage\":\"de\"},{\"@type\":\"Organization\",\"@id\":\"https:\\\/\\\/shanabooks.de\\\/#organization\",\"name\":\"www.shanbooks.de\",\"url\":\"https:\\\/\\\/shanabooks.de\\\/\",\"logo\":{\"@type\":\"ImageObject\",\"inLanguage\":\"de\",\"@id\":\"https:\\\/\\\/shanabooks.de\\\/#\\\/schema\\\/logo\\\/image\\\/\",\"url\":\"https:\\\/\\\/shanabooks.de\\\/wp-content\\\/uploads\\\/2024\\\/03\\\/SHANABOOKS__2_-removebg-preview.png\",\"contentUrl\":\"https:\\\/\\\/shanabooks.de\\\/wp-content\\\/uploads\\\/2024\\\/03\\\/SHANABOOKS__2_-removebg-preview.png\",\"width\":700,\"height\":150,\"caption\":\"www.shanbooks.de\"},\"image\":{\"@id\":\"https:\\\/\\\/shanabooks.de\\\/#\\\/schema\\\/logo\\\/image\\\/\"}}]}<\/script>\n<!-- \/ Yoast SEO plugin. -->","yoast_head_json":{"title":"Mijar\u00ean M\u00eeqro - \u00c7iya Maz\u00ee - www.shanabooks.de","description":"Mijar\u00ean M\u00eeqro - \u00c7iya Maz\u00ee Pirt\u00fbka \u00c7iya Maz\u00ee ya 2'yem\u00een e Mijar\u00ean M\u00eeqro. Ji 14 \u00e7\u00eerokan p\u00eak t\u00ea. \u00c7\u00eerok\u00ean v\u00ea pirt\u00fbk\u00ea bi piran\u00ee\u00a0 li cih\u00ea ku kurd l\u00ea dij\u00een hati...","robots":{"index":"index","follow":"follow","max-snippet":"max-snippet:-1","max-image-preview":"max-image-preview:large","max-video-preview":"max-video-preview:-1"},"canonical":"https:\/\/shanabooks.de\/product\/mijaren-miqro-ciya-mazi\/","og_locale":"de_DE","og_type":"article","og_title":"Mijar\u00ean M\u00eeqro - \u00c7iya Maz\u00ee - www.shanabooks.de","og_description":"Mijar\u00ean M\u00eeqro - \u00c7iya Maz\u00ee Pirt\u00fbka \u00c7iya Maz\u00ee ya 2'yem\u00een e Mijar\u00ean M\u00eeqro. Ji 14 \u00e7\u00eerokan p\u00eak t\u00ea. \u00c7\u00eerok\u00ean v\u00ea pirt\u00fbk\u00ea bi piran\u00ee\u00a0 li cih\u00ea ku kurd l\u00ea dij\u00een hati...","og_url":"https:\/\/shanabooks.de\/product\/mijaren-miqro-ciya-mazi\/","og_site_name":"www.shanabooks.de","article_modified_time":"2024-03-19T23:23:07+00:00","og_image":[{"width":329,"height":473,"url":"https:\/\/shanabooks.de\/wp-content\/uploads\/2024\/03\/Mijaren-Miqro-Do.png","type":"image\/png"}],"twitter_card":"summary_large_image","twitter_misc":{"Gesch\u00e4tzte Lesezeit":"3\u00a0Minuten"},"schema":{"@context":"https:\/\/schema.org","@graph":[{"@type":"WebPage","@id":"https:\/\/shanabooks.de\/product\/mijaren-miqro-ciya-mazi\/","url":"https:\/\/shanabooks.de\/product\/mijaren-miqro-ciya-mazi\/","name":"Mijar\u00ean M\u00eeqro - \u00c7iya Maz\u00ee - www.shanabooks.de","isPartOf":{"@id":"https:\/\/shanabooks.de\/#website"},"primaryImageOfPage":{"@id":"https:\/\/shanabooks.de\/product\/mijaren-miqro-ciya-mazi\/#primaryimage"},"image":{"@id":"https:\/\/shanabooks.de\/product\/mijaren-miqro-ciya-mazi\/#primaryimage"},"thumbnailUrl":"https:\/\/shanabooks.de\/wp-content\/uploads\/2024\/03\/Mijaren-Miqro-Do.png","datePublished":"2024-03-03T19:43:13+00:00","dateModified":"2024-03-19T23:23:07+00:00","description":"Mijar\u00ean M\u00eeqro - \u00c7iya Maz\u00ee Pirt\u00fbka \u00c7iya Maz\u00ee ya 2'yem\u00een e Mijar\u00ean M\u00eeqro. Ji 14 \u00e7\u00eerokan p\u00eak t\u00ea. \u00c7\u00eerok\u00ean v\u00ea pirt\u00fbk\u00ea bi piran\u00ee\u00a0 li cih\u00ea ku kurd l\u00ea dij\u00een hati...","breadcrumb":{"@id":"https:\/\/shanabooks.de\/product\/mijaren-miqro-ciya-mazi\/#breadcrumb"},"inLanguage":"de","potentialAction":[{"@type":"ReadAction","target":["https:\/\/shanabooks.de\/product\/mijaren-miqro-ciya-mazi\/"]}]},{"@type":"ImageObject","inLanguage":"de","@id":"https:\/\/shanabooks.de\/product\/mijaren-miqro-ciya-mazi\/#primaryimage","url":"https:\/\/shanabooks.de\/wp-content\/uploads\/2024\/03\/Mijaren-Miqro-Do.png","contentUrl":"https:\/\/shanabooks.de\/wp-content\/uploads\/2024\/03\/Mijaren-Miqro-Do.png","width":329,"height":473,"caption":"Mijar\u00ean M\u00eeqro - \u00c7iya Maz\u00ee - pirt\u00fbk\u00ean kurd\u00ee"},{"@type":"BreadcrumbList","@id":"https:\/\/shanabooks.de\/product\/mijaren-miqro-ciya-mazi\/#breadcrumb","itemListElement":[{"@type":"ListItem","position":1,"name":"\u0627\u0644\u0631\u0626\u064a\u0633\u064a\u0629","item":"https:\/\/shanabooks.de\/de\/"},{"@type":"ListItem","position":2,"name":"\u0627\u0644\u0645\u0646\u062a\u062c\u0627\u062a","item":"https:\/\/shanabooks.de\/shop\/"},{"@type":"ListItem","position":3,"name":"Mijar\u00ean M\u00eeqro"}]},{"@type":"WebSite","@id":"https:\/\/shanabooks.de\/#website","url":"https:\/\/shanabooks.de\/","name":"www.shanbooks.de","description":"C\u00eehana Pirt\u00fbk\u00ean Kurd\u00ee \u0645\u0643\u062a\u0628\u0629 \u0634\u0627\u0646\u0627 \u0641\u064a \u0627\u0644\u0645\u0627\u0646\u064a\u0627 \u0648\u0623\u0648\u0631\u0628\u0627","publisher":{"@id":"https:\/\/shanabooks.de\/#organization"},"potentialAction":[{"@type":"SearchAction","target":{"@type":"EntryPoint","urlTemplate":"https:\/\/shanabooks.de\/?s={search_term_string}"},"query-input":{"@type":"PropertyValueSpecification","valueRequired":true,"valueName":"search_term_string"}}],"inLanguage":"de"},{"@type":"Organization","@id":"https:\/\/shanabooks.de\/#organization","name":"www.shanbooks.de","url":"https:\/\/shanabooks.de\/","logo":{"@type":"ImageObject","inLanguage":"de","@id":"https:\/\/shanabooks.de\/#\/schema\/logo\/image\/","url":"https:\/\/shanabooks.de\/wp-content\/uploads\/2024\/03\/SHANABOOKS__2_-removebg-preview.png","contentUrl":"https:\/\/shanabooks.de\/wp-content\/uploads\/2024\/03\/SHANABOOKS__2_-removebg-preview.png","width":700,"height":150,"caption":"www.shanbooks.de"},"image":{"@id":"https:\/\/shanabooks.de\/#\/schema\/logo\/image\/"}}]}},"jetpack_sharing_enabled":true,"_links":{"self":[{"href":"https:\/\/shanabooks.de\/de\/wp-json\/wp\/v2\/product\/12347","targetHints":{"allow":["GET"]}}],"collection":[{"href":"https:\/\/shanabooks.de\/de\/wp-json\/wp\/v2\/product"}],"about":[{"href":"https:\/\/shanabooks.de\/de\/wp-json\/wp\/v2\/types\/product"}],"version-history":[{"count":2,"href":"https:\/\/shanabooks.de\/de\/wp-json\/wp\/v2\/product\/12347\/revisions"}],"predecessor-version":[{"id":20959,"href":"https:\/\/shanabooks.de\/de\/wp-json\/wp\/v2\/product\/12347\/revisions\/20959"}],"wp:featuredmedia":[{"embeddable":true,"href":"https:\/\/shanabooks.de\/de\/wp-json\/wp\/v2\/media\/12407"}],"wp:attachment":[{"href":"https:\/\/shanabooks.de\/de\/wp-json\/wp\/v2\/media?parent=12347"}],"wp:term":[{"taxonomy":"product_brand","embeddable":true,"href":"https:\/\/shanabooks.de\/de\/wp-json\/wp\/v2\/product_brand?post=12347"},{"taxonomy":"product_cat","embeddable":true,"href":"https:\/\/shanabooks.de\/de\/wp-json\/wp\/v2\/product_cat?post=12347"},{"taxonomy":"product_tag","embeddable":true,"href":"https:\/\/shanabooks.de\/de\/wp-json\/wp\/v2\/product_tag?post=12347"}],"curies":[{"name":"wp","href":"https:\/\/api.w.org\/{rel}","templated":true}]}}