{"id":12349,"date":"2024-03-03T19:43:13","date_gmt":"2024-03-03T19:43:13","guid":{"rendered":"https:\/\/shanabooks.de\/?post_type=product&#038;p=12349"},"modified":"2024-03-19T23:05:14","modified_gmt":"2024-03-19T23:05:14","slug":"bi-kurmaciya-gewr-rojen-bernas","status":"publish","type":"product","link":"https:\/\/shanabooks.de\/de\/product\/bi-kurmaciya-gewr-rojen-bernas\/","title":{"rendered":"Bi kurmaciya Gewr"},"content":{"rendered":"<p dir=\"ltr\"><strong>Bi kurmaciya Gewr &#8211; Rojen Bernas<\/strong><\/p>\n<p dir=\"ltr\">BI KURMANCIYA GEWR box\u00e7ika vegotin \u00fb ragihandina b\u00eer, raman \u00fb d\u00ear\u00een\u00ean min \u00ean li ser kes, mijar \u00fb b\u00fbyeran e. Hin j\u00ea h\u00ea j\u00ee aktuel in. Ew gist p\u00eakve neynika d\u00eetin, t\u00eagih\u00eestin \u00fb raya min e. Belk\u00ee hun p\u00ea re bin, belk\u00ee na. -Rojen Barnas &#8211;<\/p>\n","protected":false},"excerpt":{"rendered":"<p dir=\"ltr\" style=\"text-align: center\"><strong>Niv\u00eeskar: Rojen Bernas<\/strong><br \/>\n<strong>Pirt\u00fbk: Bi kurmaciya Gewr<\/strong><br \/>\n<strong>Cure: Helbest<\/strong><\/p>\n","protected":false},"featured_media":12411,"template":"","meta":{"site-sidebar-layout":"default","site-content-layout":"","ast-site-content-layout":"default","site-content-style":"default","site-sidebar-style":"default","ast-global-header-display":"","ast-banner-title-visibility":"","ast-main-header-display":"","ast-hfb-above-header-display":"","ast-hfb-below-header-display":"","ast-hfb-mobile-header-display":"","site-post-title":"","ast-breadcrumbs-content":"","ast-featured-img":"","footer-sml-layout":"","ast-disable-related-posts":"","theme-transparent-header-meta":"default","adv-header-id-meta":"","stick-header-meta":"","header-above-stick-meta":"","header-main-stick-meta":"","header-below-stick-meta":"","astra-migrate-meta-layouts":"set","ast-page-background-enabled":"default","ast-page-background-meta":{"desktop":{"background-color":"","background-image":"","background-repeat":"repeat","background-position":"center center","background-size":"auto","background-attachment":"scroll","background-type":"","background-media":"","overlay-type":"","overlay-color":"","overlay-opacity":"","overlay-gradient":""},"tablet":{"background-color":"","background-image":"","background-repeat":"repeat","background-position":"center center","background-size":"auto","background-attachment":"scroll","background-type":"","background-media":"","overlay-type":"","overlay-color":"","overlay-opacity":"","overlay-gradient":""},"mobile":{"background-color":"","background-image":"","background-repeat":"repeat","background-position":"center center","background-size":"auto","background-attachment":"scroll","background-type":"","background-media":"","overlay-type":"","overlay-color":"","overlay-opacity":"","overlay-gradient":""}},"ast-content-background-meta":{"desktop":{"background-color":"var(--ast-global-color-5)","background-image":"","background-repeat":"repeat","background-position":"center center","background-size":"auto","background-attachment":"scroll","background-type":"","background-media":"","overlay-type":"","overlay-color":"","overlay-opacity":"","overlay-gradient":""},"tablet":{"background-color":"var(--ast-global-color-5)","background-image":"","background-repeat":"repeat","background-position":"center center","background-size":"auto","background-attachment":"scroll","background-type":"","background-media":"","overlay-type":"","overlay-color":"","overlay-opacity":"","overlay-gradient":""},"mobile":{"background-color":"var(--ast-global-color-5)","background-image":"","background-repeat":"repeat","background-position":"center center","background-size":"auto","background-attachment":"scroll","background-type":"","background-media":"","overlay-type":"","overlay-color":"","overlay-opacity":"","overlay-gradient":""}}},"product_brand":[],"product_cat":[184,193],"product_tag":[],"class_list":{"0":"post-12349","1":"product","2":"type-product","3":"status-publish","4":"has-post-thumbnail","6":"product_cat-_","7":"product_cat--_","8":"pa_-helbest","9":"pa_-rojen-bernas","10":"pa_-kurmanci","11":"pa_--nubihar","12":"desktop-align-left","13":"tablet-align-left","14":"mobile-align-left","16":"first","17":"instock","18":"shipping-taxable","19":"purchasable","20":"product-type-simple"},"yoast_head":"<!-- This site is optimized with the Yoast SEO plugin v27.4 - https:\/\/yoast.com\/product\/yoast-seo-wordpress\/ -->\n<title>Bi kurmaciya Gewr - Rojen Bernas - www.shanabooks.de<\/title>\n<meta name=\"description\" content=\"Bi kurmaciya Gewr - Rojen Bernas BI KURMANCIYA GEWR box\u00e7ika vegotin \u00fb ragihandina b\u00eer, raman \u00fb d\u00ear\u00een\u00ean min \u00ean li ser kes, mijar \u00fb b\u00fbyeran e. Hin j\u00ea h\u00ea j\u00ee...\" \/>\n<meta name=\"robots\" content=\"index, follow, max-snippet:-1, max-image-preview:large, max-video-preview:-1\" \/>\n<link rel=\"canonical\" href=\"https:\/\/shanabooks.de\/product\/bi-kurmaciya-gewr-rojen-bernas\/\" \/>\n<meta property=\"og:locale\" content=\"de_DE\" \/>\n<meta property=\"og:type\" content=\"article\" \/>\n<meta property=\"og:title\" content=\"Bi kurmaciya Gewr - Rojen Bernas - www.shanabooks.de\" \/>\n<meta property=\"og:description\" content=\"Bi kurmaciya Gewr - Rojen Bernas BI KURMANCIYA GEWR box\u00e7ika vegotin \u00fb ragihandina b\u00eer, raman \u00fb d\u00ear\u00een\u00ean min \u00ean li ser kes, mijar \u00fb b\u00fbyeran e. Hin j\u00ea h\u00ea j\u00ee...\" \/>\n<meta property=\"og:url\" content=\"https:\/\/shanabooks.de\/product\/bi-kurmaciya-gewr-rojen-bernas\/\" \/>\n<meta property=\"og:site_name\" content=\"www.shanabooks.de\" \/>\n<meta property=\"article:modified_time\" content=\"2024-03-19T23:05:14+00:00\" \/>\n<meta property=\"og:image\" content=\"https:\/\/shanabooks.de\/wp-content\/uploads\/2024\/03\/Bi-kurmanciya-gewr.png\" \/>\n\t<meta property=\"og:image:width\" content=\"281\" \/>\n\t<meta property=\"og:image:height\" content=\"473\" \/>\n\t<meta property=\"og:image:type\" content=\"image\/png\" \/>\n<meta name=\"twitter:card\" content=\"summary_large_image\" \/>\n<meta name=\"twitter:label1\" content=\"Gesch\u00e4tzte Lesezeit\" \/>\n\t<meta name=\"twitter:data1\" content=\"1\u00a0Minute\" \/>\n<script type=\"application\/ld+json\" class=\"yoast-schema-graph\">{\"@context\":\"https:\\\/\\\/schema.org\",\"@graph\":[{\"@type\":\"WebPage\",\"@id\":\"https:\\\/\\\/shanabooks.de\\\/product\\\/bi-kurmaciya-gewr-rojen-bernas\\\/\",\"url\":\"https:\\\/\\\/shanabooks.de\\\/product\\\/bi-kurmaciya-gewr-rojen-bernas\\\/\",\"name\":\"Bi kurmaciya Gewr - Rojen Bernas - www.shanabooks.de\",\"isPartOf\":{\"@id\":\"https:\\\/\\\/shanabooks.de\\\/#website\"},\"primaryImageOfPage\":{\"@id\":\"https:\\\/\\\/shanabooks.de\\\/product\\\/bi-kurmaciya-gewr-rojen-bernas\\\/#primaryimage\"},\"image\":{\"@id\":\"https:\\\/\\\/shanabooks.de\\\/product\\\/bi-kurmaciya-gewr-rojen-bernas\\\/#primaryimage\"},\"thumbnailUrl\":\"https:\\\/\\\/shanabooks.de\\\/wp-content\\\/uploads\\\/2024\\\/03\\\/Bi-kurmanciya-gewr.png\",\"datePublished\":\"2024-03-03T19:43:13+00:00\",\"dateModified\":\"2024-03-19T23:05:14+00:00\",\"description\":\"Bi kurmaciya Gewr - Rojen Bernas BI KURMANCIYA GEWR box\u00e7ika vegotin \u00fb ragihandina b\u00eer, raman \u00fb d\u00ear\u00een\u00ean min \u00ean li ser kes, mijar \u00fb b\u00fbyeran e. Hin j\u00ea h\u00ea j\u00ee...\",\"breadcrumb\":{\"@id\":\"https:\\\/\\\/shanabooks.de\\\/product\\\/bi-kurmaciya-gewr-rojen-bernas\\\/#breadcrumb\"},\"inLanguage\":\"de\",\"potentialAction\":[{\"@type\":\"ReadAction\",\"target\":[\"https:\\\/\\\/shanabooks.de\\\/product\\\/bi-kurmaciya-gewr-rojen-bernas\\\/\"]}]},{\"@type\":\"ImageObject\",\"inLanguage\":\"de\",\"@id\":\"https:\\\/\\\/shanabooks.de\\\/product\\\/bi-kurmaciya-gewr-rojen-bernas\\\/#primaryimage\",\"url\":\"https:\\\/\\\/shanabooks.de\\\/wp-content\\\/uploads\\\/2024\\\/03\\\/Bi-kurmanciya-gewr.png\",\"contentUrl\":\"https:\\\/\\\/shanabooks.de\\\/wp-content\\\/uploads\\\/2024\\\/03\\\/Bi-kurmanciya-gewr.png\",\"width\":281,\"height\":473,\"caption\":\"Bi kurmaciya Gewr - Rojen Bernas - pirt\u00fbk\u00ean kurd\u00ee\"},{\"@type\":\"BreadcrumbList\",\"@id\":\"https:\\\/\\\/shanabooks.de\\\/product\\\/bi-kurmaciya-gewr-rojen-bernas\\\/#breadcrumb\",\"itemListElement\":[{\"@type\":\"ListItem\",\"position\":1,\"name\":\"\u0627\u0644\u0631\u0626\u064a\u0633\u064a\u0629\",\"item\":\"https:\\\/\\\/shanabooks.de\\\/de\\\/\"},{\"@type\":\"ListItem\",\"position\":2,\"name\":\"\u0627\u0644\u0645\u0646\u062a\u062c\u0627\u062a\",\"item\":\"https:\\\/\\\/shanabooks.de\\\/shop\\\/\"},{\"@type\":\"ListItem\",\"position\":3,\"name\":\"Bi kurmaciya Gewr\"}]},{\"@type\":\"WebSite\",\"@id\":\"https:\\\/\\\/shanabooks.de\\\/#website\",\"url\":\"https:\\\/\\\/shanabooks.de\\\/\",\"name\":\"www.shanbooks.de\",\"description\":\"C\u00eehana Pirt\u00fbk\u00ean Kurd\u00ee \u0645\u0643\u062a\u0628\u0629 \u0634\u0627\u0646\u0627 \u0641\u064a \u0627\u0644\u0645\u0627\u0646\u064a\u0627 \u0648\u0623\u0648\u0631\u0628\u0627\",\"publisher\":{\"@id\":\"https:\\\/\\\/shanabooks.de\\\/#organization\"},\"potentialAction\":[{\"@type\":\"SearchAction\",\"target\":{\"@type\":\"EntryPoint\",\"urlTemplate\":\"https:\\\/\\\/shanabooks.de\\\/?s={search_term_string}\"},\"query-input\":{\"@type\":\"PropertyValueSpecification\",\"valueRequired\":true,\"valueName\":\"search_term_string\"}}],\"inLanguage\":\"de\"},{\"@type\":\"Organization\",\"@id\":\"https:\\\/\\\/shanabooks.de\\\/#organization\",\"name\":\"www.shanbooks.de\",\"url\":\"https:\\\/\\\/shanabooks.de\\\/\",\"logo\":{\"@type\":\"ImageObject\",\"inLanguage\":\"de\",\"@id\":\"https:\\\/\\\/shanabooks.de\\\/#\\\/schema\\\/logo\\\/image\\\/\",\"url\":\"https:\\\/\\\/shanabooks.de\\\/wp-content\\\/uploads\\\/2024\\\/03\\\/SHANABOOKS__2_-removebg-preview.png\",\"contentUrl\":\"https:\\\/\\\/shanabooks.de\\\/wp-content\\\/uploads\\\/2024\\\/03\\\/SHANABOOKS__2_-removebg-preview.png\",\"width\":700,\"height\":150,\"caption\":\"www.shanbooks.de\"},\"image\":{\"@id\":\"https:\\\/\\\/shanabooks.de\\\/#\\\/schema\\\/logo\\\/image\\\/\"}}]}<\/script>\n<!-- \/ Yoast SEO plugin. -->","yoast_head_json":{"title":"Bi kurmaciya Gewr - Rojen Bernas - www.shanabooks.de","description":"Bi kurmaciya Gewr - Rojen Bernas BI KURMANCIYA GEWR box\u00e7ika vegotin \u00fb ragihandina b\u00eer, raman \u00fb d\u00ear\u00een\u00ean min \u00ean li ser kes, mijar \u00fb b\u00fbyeran e. Hin j\u00ea h\u00ea j\u00ee...","robots":{"index":"index","follow":"follow","max-snippet":"max-snippet:-1","max-image-preview":"max-image-preview:large","max-video-preview":"max-video-preview:-1"},"canonical":"https:\/\/shanabooks.de\/product\/bi-kurmaciya-gewr-rojen-bernas\/","og_locale":"de_DE","og_type":"article","og_title":"Bi kurmaciya Gewr - Rojen Bernas - www.shanabooks.de","og_description":"Bi kurmaciya Gewr - Rojen Bernas BI KURMANCIYA GEWR box\u00e7ika vegotin \u00fb ragihandina b\u00eer, raman \u00fb d\u00ear\u00een\u00ean min \u00ean li ser kes, mijar \u00fb b\u00fbyeran e. Hin j\u00ea h\u00ea j\u00ee...","og_url":"https:\/\/shanabooks.de\/product\/bi-kurmaciya-gewr-rojen-bernas\/","og_site_name":"www.shanabooks.de","article_modified_time":"2024-03-19T23:05:14+00:00","og_image":[{"width":281,"height":473,"url":"https:\/\/shanabooks.de\/wp-content\/uploads\/2024\/03\/Bi-kurmanciya-gewr.png","type":"image\/png"}],"twitter_card":"summary_large_image","twitter_misc":{"Gesch\u00e4tzte Lesezeit":"1\u00a0Minute"},"schema":{"@context":"https:\/\/schema.org","@graph":[{"@type":"WebPage","@id":"https:\/\/shanabooks.de\/product\/bi-kurmaciya-gewr-rojen-bernas\/","url":"https:\/\/shanabooks.de\/product\/bi-kurmaciya-gewr-rojen-bernas\/","name":"Bi kurmaciya Gewr - Rojen Bernas - www.shanabooks.de","isPartOf":{"@id":"https:\/\/shanabooks.de\/#website"},"primaryImageOfPage":{"@id":"https:\/\/shanabooks.de\/product\/bi-kurmaciya-gewr-rojen-bernas\/#primaryimage"},"image":{"@id":"https:\/\/shanabooks.de\/product\/bi-kurmaciya-gewr-rojen-bernas\/#primaryimage"},"thumbnailUrl":"https:\/\/shanabooks.de\/wp-content\/uploads\/2024\/03\/Bi-kurmanciya-gewr.png","datePublished":"2024-03-03T19:43:13+00:00","dateModified":"2024-03-19T23:05:14+00:00","description":"Bi kurmaciya Gewr - Rojen Bernas BI KURMANCIYA GEWR box\u00e7ika vegotin \u00fb ragihandina b\u00eer, raman \u00fb d\u00ear\u00een\u00ean min \u00ean li ser kes, mijar \u00fb b\u00fbyeran e. Hin j\u00ea h\u00ea j\u00ee...","breadcrumb":{"@id":"https:\/\/shanabooks.de\/product\/bi-kurmaciya-gewr-rojen-bernas\/#breadcrumb"},"inLanguage":"de","potentialAction":[{"@type":"ReadAction","target":["https:\/\/shanabooks.de\/product\/bi-kurmaciya-gewr-rojen-bernas\/"]}]},{"@type":"ImageObject","inLanguage":"de","@id":"https:\/\/shanabooks.de\/product\/bi-kurmaciya-gewr-rojen-bernas\/#primaryimage","url":"https:\/\/shanabooks.de\/wp-content\/uploads\/2024\/03\/Bi-kurmanciya-gewr.png","contentUrl":"https:\/\/shanabooks.de\/wp-content\/uploads\/2024\/03\/Bi-kurmanciya-gewr.png","width":281,"height":473,"caption":"Bi kurmaciya Gewr - Rojen Bernas - pirt\u00fbk\u00ean kurd\u00ee"},{"@type":"BreadcrumbList","@id":"https:\/\/shanabooks.de\/product\/bi-kurmaciya-gewr-rojen-bernas\/#breadcrumb","itemListElement":[{"@type":"ListItem","position":1,"name":"\u0627\u0644\u0631\u0626\u064a\u0633\u064a\u0629","item":"https:\/\/shanabooks.de\/de\/"},{"@type":"ListItem","position":2,"name":"\u0627\u0644\u0645\u0646\u062a\u062c\u0627\u062a","item":"https:\/\/shanabooks.de\/shop\/"},{"@type":"ListItem","position":3,"name":"Bi kurmaciya Gewr"}]},{"@type":"WebSite","@id":"https:\/\/shanabooks.de\/#website","url":"https:\/\/shanabooks.de\/","name":"www.shanbooks.de","description":"C\u00eehana Pirt\u00fbk\u00ean Kurd\u00ee \u0645\u0643\u062a\u0628\u0629 \u0634\u0627\u0646\u0627 \u0641\u064a \u0627\u0644\u0645\u0627\u0646\u064a\u0627 \u0648\u0623\u0648\u0631\u0628\u0627","publisher":{"@id":"https:\/\/shanabooks.de\/#organization"},"potentialAction":[{"@type":"SearchAction","target":{"@type":"EntryPoint","urlTemplate":"https:\/\/shanabooks.de\/?s={search_term_string}"},"query-input":{"@type":"PropertyValueSpecification","valueRequired":true,"valueName":"search_term_string"}}],"inLanguage":"de"},{"@type":"Organization","@id":"https:\/\/shanabooks.de\/#organization","name":"www.shanbooks.de","url":"https:\/\/shanabooks.de\/","logo":{"@type":"ImageObject","inLanguage":"de","@id":"https:\/\/shanabooks.de\/#\/schema\/logo\/image\/","url":"https:\/\/shanabooks.de\/wp-content\/uploads\/2024\/03\/SHANABOOKS__2_-removebg-preview.png","contentUrl":"https:\/\/shanabooks.de\/wp-content\/uploads\/2024\/03\/SHANABOOKS__2_-removebg-preview.png","width":700,"height":150,"caption":"www.shanbooks.de"},"image":{"@id":"https:\/\/shanabooks.de\/#\/schema\/logo\/image\/"}}]}},"jetpack_sharing_enabled":true,"_links":{"self":[{"href":"https:\/\/shanabooks.de\/de\/wp-json\/wp\/v2\/product\/12349","targetHints":{"allow":["GET"]}}],"collection":[{"href":"https:\/\/shanabooks.de\/de\/wp-json\/wp\/v2\/product"}],"about":[{"href":"https:\/\/shanabooks.de\/de\/wp-json\/wp\/v2\/types\/product"}],"version-history":[{"count":3,"href":"https:\/\/shanabooks.de\/de\/wp-json\/wp\/v2\/product\/12349\/revisions"}],"predecessor-version":[{"id":20936,"href":"https:\/\/shanabooks.de\/de\/wp-json\/wp\/v2\/product\/12349\/revisions\/20936"}],"wp:featuredmedia":[{"embeddable":true,"href":"https:\/\/shanabooks.de\/de\/wp-json\/wp\/v2\/media\/12411"}],"wp:attachment":[{"href":"https:\/\/shanabooks.de\/de\/wp-json\/wp\/v2\/media?parent=12349"}],"wp:term":[{"taxonomy":"product_brand","embeddable":true,"href":"https:\/\/shanabooks.de\/de\/wp-json\/wp\/v2\/product_brand?post=12349"},{"taxonomy":"product_cat","embeddable":true,"href":"https:\/\/shanabooks.de\/de\/wp-json\/wp\/v2\/product_cat?post=12349"},{"taxonomy":"product_tag","embeddable":true,"href":"https:\/\/shanabooks.de\/de\/wp-json\/wp\/v2\/product_tag?post=12349"}],"curies":[{"name":"wp","href":"https:\/\/api.w.org\/{rel}","templated":true}]}}