{"id":12350,"date":"2024-03-03T19:43:13","date_gmt":"2024-03-03T19:43:13","guid":{"rendered":"https:\/\/shanabooks.de\/?post_type=product&#038;p=12350"},"modified":"2024-03-19T22:57:22","modified_gmt":"2024-03-19T22:57:22","slug":"guren-dev-bixwin-en-car-ling-u-en-du-ling-riza-colban","status":"publish","type":"product","link":"https:\/\/shanabooks.de\/de\/product\/guren-dev-bixwin-en-car-ling-u-en-du-ling-riza-colban\/","title":{"rendered":"Gur\u00ean Dev Bixw\u00een \u00can \u00c7ar Ling \u00fb \u00can Du Ling"},"content":{"rendered":"<p dir=\"ltr\"><strong>Gur\u00ean Dev Bixw\u00een \u00can \u00c7ar Ling \u00fb \u00can Du Ling &#8211; Riza \u00c7olban<\/strong><\/p>\n<p dir=\"ltr\"><span style=\"font-family: Verdana\">Bihar bi xwe\u015f\u00ee \u00fb \u015fah\u00ee ve hatib\u00fb. P\u00eaz \u00fb dew\u00ear \u00ead\u00ee k\u00eaf dikir. Her der n\u00fb ve \u015f\u00een \u00fb h\u00ea\u015fin dib\u00fb. Dar \u00fb daristan\u00ean ku di bin quntera \u00e7\u00eeyan \u00fb de\u015ftan da heb\u00fbn, hem\u00fbyan \u00ead\u00ee bi\u015fkuy\u00ean xwe vekirib\u00fbn. Li ser \u00e7\u00eeyan h\u00eaj berfa sip\u00ee dihat xuyakirin. Hewa j\u00ee gelek xwe\u015f, bayek\u00ee h\u00eanik li tev b\u00eehna gul, sosin \u00fb \u00e7\u00ee\u00e7egan dihat ber poz\u00ea mirov, sewra mirov b\u00eatir fereh \u00fb xwe\u015f dikir. Lewra zivistana sar \u00fb serma \u00ead\u00ee pa\u015fve mab\u00fb, her der \u015f\u00eenay\u00ee, xweza \u00fb tevah\u00eeya w\u00ea her\u00eam\u00ea bi gul, \u00e7\u00ee\u00e7eg, mexik \u00fb bi hezaran kul\u00eelk\u00ean reng\u00een ve hatib\u00fbn xemilandin, mirov q\u00eem nedikir ku li w\u00ea her\u00eama xwe\u015fik, wek\u00ee bihi\u015ft bin\u00eare \u00fb di nav wan b\u00eehn\u00ean xwe\u015fik da derkeve, an j\u00ee d\u00fbrkeve. Li al\u00eek\u00ee ew d\u00eemen \u00fb p\u00ea\u015fdar\u00ee \u00fb b\u00eehn\u00ean xwe\u015fik, di al\u00eeya d\u00ee da j\u00ee deng\u00ea teyr \u00fb t\u00fbran \u00fb ho-ho a cotkaran, deng\u00ea \u015fivanan, kalandina berx \u00fb karan k\u00eafa Ap Memed dian\u00ee. W\u00ee gay\u00ean xwe dab\u00fb sekinandin<\/span><\/p>\n<p dir=\"ltr\"><span style=\"font-family: Verdana\">Be\u015fek Ji pirtuk\u00ea<\/span><\/p>\n<p dir=\"ltr\">Gur\u00ean Dev Bixw\u00een \u00can \u00c7ar Ling \u00fb \u00can Du Ling ya Riza \u00c7olban ji we\u015fan\u00ean Namey\u00ea.<\/p>\n","protected":false},"excerpt":{"rendered":"<p dir=\"ltr\" style=\"text-align: center\"><strong>Pirt\u00fbk: Gur\u00ean Dev Bixw\u00een \u00can \u00c7ar Ling \u00fb \u00can Du Ling<br \/>\nNiv\u00eeskar: Riza \u00c7olban<br \/>\n<\/strong><strong>Cure: \u00c7\u00eerok<\/strong><\/p>\n","protected":false},"featured_media":12413,"template":"","meta":{"site-sidebar-layout":"default","site-content-layout":"","ast-site-content-layout":"default","site-content-style":"default","site-sidebar-style":"default","ast-global-header-display":"","ast-banner-title-visibility":"","ast-main-header-display":"","ast-hfb-above-header-display":"","ast-hfb-below-header-display":"","ast-hfb-mobile-header-display":"","site-post-title":"","ast-breadcrumbs-content":"","ast-featured-img":"","footer-sml-layout":"","ast-disable-related-posts":"","theme-transparent-header-meta":"default","adv-header-id-meta":"","stick-header-meta":"","header-above-stick-meta":"","header-main-stick-meta":"","header-below-stick-meta":"","astra-migrate-meta-layouts":"set","ast-page-background-enabled":"default","ast-page-background-meta":{"desktop":{"background-color":"","background-image":"","background-repeat":"repeat","background-position":"center center","background-size":"auto","background-attachment":"scroll","background-type":"","background-media":"","overlay-type":"","overlay-color":"","overlay-opacity":"","overlay-gradient":""},"tablet":{"background-color":"","background-image":"","background-repeat":"repeat","background-position":"center center","background-size":"auto","background-attachment":"scroll","background-type":"","background-media":"","overlay-type":"","overlay-color":"","overlay-opacity":"","overlay-gradient":""},"mobile":{"background-color":"","background-image":"","background-repeat":"repeat","background-position":"center center","background-size":"auto","background-attachment":"scroll","background-type":"","background-media":"","overlay-type":"","overlay-color":"","overlay-opacity":"","overlay-gradient":""}},"ast-content-background-meta":{"desktop":{"background-color":"var(--ast-global-color-5)","background-image":"","background-repeat":"repeat","background-position":"center center","background-size":"auto","background-attachment":"scroll","background-type":"","background-media":"","overlay-type":"","overlay-color":"","overlay-opacity":"","overlay-gradient":""},"tablet":{"background-color":"var(--ast-global-color-5)","background-image":"","background-repeat":"repeat","background-position":"center center","background-size":"auto","background-attachment":"scroll","background-type":"","background-media":"","overlay-type":"","overlay-color":"","overlay-opacity":"","overlay-gradient":""},"mobile":{"background-color":"var(--ast-global-color-5)","background-image":"","background-repeat":"repeat","background-position":"center center","background-size":"auto","background-attachment":"scroll","background-type":"","background-media":"","overlay-type":"","overlay-color":"","overlay-opacity":"","overlay-gradient":""}}},"product_brand":[],"product_cat":[183,193],"product_tag":[],"class_list":{"0":"post-12350","1":"product","2":"type-product","3":"status-publish","4":"has-post-thumbnail","6":"product_cat-_","7":"product_cat--_","8":"pa_-cirok","9":"pa_-riza-colban","10":"pa_-kurmanci","11":"pa_--name-yayinlari","12":"desktop-align-left","13":"tablet-align-left","14":"mobile-align-left","16":"first","17":"instock","18":"shipping-taxable","19":"purchasable","20":"product-type-simple"},"yoast_head":"<!-- This site is optimized with the Yoast SEO plugin v27.4 - https:\/\/yoast.com\/product\/yoast-seo-wordpress\/ -->\n<title>Gur\u00ean Dev Bixw\u00een \u00can \u00c7ar Ling \u00fb \u00can Du Ling - Riza \u00c7olban - www.shanabooks.de<\/title>\n<meta name=\"description\" content=\"Gur\u00ean Dev Bixw\u00een \u00can \u00c7ar Ling \u00fb \u00can Du Ling - Riza \u00c7olban Bihar bi xwe\u015f\u00ee \u00fb \u015fah\u00ee ve hatib\u00fb. P\u00eaz \u00fb dew\u00ear \u00ead\u00ee k\u00eaf dikir. Her der n\u00fb ve \u015f\u00een \u00fb h\u00ea\u015fin dib\u00fb. Dar \u00fb...\" \/>\n<meta name=\"robots\" content=\"index, follow, max-snippet:-1, max-image-preview:large, max-video-preview:-1\" \/>\n<link rel=\"canonical\" href=\"https:\/\/shanabooks.de\/product\/guren-dev-bixwin-en-car-ling-u-en-du-ling-riza-colban\/\" \/>\n<meta property=\"og:locale\" content=\"de_DE\" \/>\n<meta property=\"og:type\" content=\"article\" \/>\n<meta property=\"og:title\" content=\"Gur\u00ean Dev Bixw\u00een \u00can \u00c7ar Ling \u00fb \u00can Du Ling - Riza \u00c7olban - www.shanabooks.de\" \/>\n<meta property=\"og:description\" content=\"Gur\u00ean Dev Bixw\u00een \u00can \u00c7ar Ling \u00fb \u00can Du Ling - Riza \u00c7olban Bihar bi xwe\u015f\u00ee \u00fb \u015fah\u00ee ve hatib\u00fb. P\u00eaz \u00fb dew\u00ear \u00ead\u00ee k\u00eaf dikir. Her der n\u00fb ve \u015f\u00een \u00fb h\u00ea\u015fin dib\u00fb. Dar \u00fb...\" \/>\n<meta property=\"og:url\" content=\"https:\/\/shanabooks.de\/product\/guren-dev-bixwin-en-car-ling-u-en-du-ling-riza-colban\/\" \/>\n<meta property=\"og:site_name\" content=\"www.shanabooks.de\" \/>\n<meta property=\"article:modified_time\" content=\"2024-03-19T22:57:22+00:00\" \/>\n<meta property=\"og:image\" content=\"https:\/\/shanabooks.de\/wp-content\/uploads\/2024\/03\/Guren-dev-bixwin-en-car-Ling-u-En-Du-Ling.png\" \/>\n\t<meta property=\"og:image:width\" content=\"302\" \/>\n\t<meta property=\"og:image:height\" content=\"475\" \/>\n\t<meta property=\"og:image:type\" content=\"image\/png\" \/>\n<meta name=\"twitter:card\" content=\"summary_large_image\" \/>\n<meta name=\"twitter:label1\" content=\"Gesch\u00e4tzte Lesezeit\" \/>\n\t<meta name=\"twitter:data1\" content=\"2\u00a0Minuten\" \/>\n<script type=\"application\/ld+json\" class=\"yoast-schema-graph\">{\"@context\":\"https:\\\/\\\/schema.org\",\"@graph\":[{\"@type\":\"WebPage\",\"@id\":\"https:\\\/\\\/shanabooks.de\\\/product\\\/guren-dev-bixwin-en-car-ling-u-en-du-ling-riza-colban\\\/\",\"url\":\"https:\\\/\\\/shanabooks.de\\\/product\\\/guren-dev-bixwin-en-car-ling-u-en-du-ling-riza-colban\\\/\",\"name\":\"Gur\u00ean Dev Bixw\u00een \u00can \u00c7ar Ling \u00fb \u00can Du Ling - Riza \u00c7olban - www.shanabooks.de\",\"isPartOf\":{\"@id\":\"https:\\\/\\\/shanabooks.de\\\/#website\"},\"primaryImageOfPage\":{\"@id\":\"https:\\\/\\\/shanabooks.de\\\/product\\\/guren-dev-bixwin-en-car-ling-u-en-du-ling-riza-colban\\\/#primaryimage\"},\"image\":{\"@id\":\"https:\\\/\\\/shanabooks.de\\\/product\\\/guren-dev-bixwin-en-car-ling-u-en-du-ling-riza-colban\\\/#primaryimage\"},\"thumbnailUrl\":\"https:\\\/\\\/shanabooks.de\\\/wp-content\\\/uploads\\\/2024\\\/03\\\/Guren-dev-bixwin-en-car-Ling-u-En-Du-Ling.png\",\"datePublished\":\"2024-03-03T19:43:13+00:00\",\"dateModified\":\"2024-03-19T22:57:22+00:00\",\"description\":\"Gur\u00ean Dev Bixw\u00een \u00can \u00c7ar Ling \u00fb \u00can Du Ling - Riza \u00c7olban Bihar bi xwe\u015f\u00ee \u00fb \u015fah\u00ee ve hatib\u00fb. P\u00eaz \u00fb dew\u00ear \u00ead\u00ee k\u00eaf dikir. Her der n\u00fb ve \u015f\u00een \u00fb h\u00ea\u015fin dib\u00fb. Dar \u00fb...\",\"breadcrumb\":{\"@id\":\"https:\\\/\\\/shanabooks.de\\\/product\\\/guren-dev-bixwin-en-car-ling-u-en-du-ling-riza-colban\\\/#breadcrumb\"},\"inLanguage\":\"de\",\"potentialAction\":[{\"@type\":\"ReadAction\",\"target\":[\"https:\\\/\\\/shanabooks.de\\\/product\\\/guren-dev-bixwin-en-car-ling-u-en-du-ling-riza-colban\\\/\"]}]},{\"@type\":\"ImageObject\",\"inLanguage\":\"de\",\"@id\":\"https:\\\/\\\/shanabooks.de\\\/product\\\/guren-dev-bixwin-en-car-ling-u-en-du-ling-riza-colban\\\/#primaryimage\",\"url\":\"https:\\\/\\\/shanabooks.de\\\/wp-content\\\/uploads\\\/2024\\\/03\\\/Guren-dev-bixwin-en-car-Ling-u-En-Du-Ling.png\",\"contentUrl\":\"https:\\\/\\\/shanabooks.de\\\/wp-content\\\/uploads\\\/2024\\\/03\\\/Guren-dev-bixwin-en-car-Ling-u-En-Du-Ling.png\",\"width\":302,\"height\":475,\"caption\":\"Gur\u00ean Dev Bixw\u00een \u00can \u00c7ar Ling \u00fb \u00can Du Ling - Riza \u00c7olban - pirt\u00fbk\u00ean kurd\u00ee\"},{\"@type\":\"BreadcrumbList\",\"@id\":\"https:\\\/\\\/shanabooks.de\\\/product\\\/guren-dev-bixwin-en-car-ling-u-en-du-ling-riza-colban\\\/#breadcrumb\",\"itemListElement\":[{\"@type\":\"ListItem\",\"position\":1,\"name\":\"\u0627\u0644\u0631\u0626\u064a\u0633\u064a\u0629\",\"item\":\"https:\\\/\\\/shanabooks.de\\\/de\\\/\"},{\"@type\":\"ListItem\",\"position\":2,\"name\":\"\u0627\u0644\u0645\u0646\u062a\u062c\u0627\u062a\",\"item\":\"https:\\\/\\\/shanabooks.de\\\/shop\\\/\"},{\"@type\":\"ListItem\",\"position\":3,\"name\":\"Gur\u00ean Dev Bixw\u00een \u00can \u00c7ar Ling \u00fb \u00can Du Ling\"}]},{\"@type\":\"WebSite\",\"@id\":\"https:\\\/\\\/shanabooks.de\\\/#website\",\"url\":\"https:\\\/\\\/shanabooks.de\\\/\",\"name\":\"www.shanbooks.de\",\"description\":\"C\u00eehana Pirt\u00fbk\u00ean Kurd\u00ee \u0645\u0643\u062a\u0628\u0629 \u0634\u0627\u0646\u0627 \u0641\u064a \u0627\u0644\u0645\u0627\u0646\u064a\u0627 \u0648\u0623\u0648\u0631\u0628\u0627\",\"publisher\":{\"@id\":\"https:\\\/\\\/shanabooks.de\\\/#organization\"},\"potentialAction\":[{\"@type\":\"SearchAction\",\"target\":{\"@type\":\"EntryPoint\",\"urlTemplate\":\"https:\\\/\\\/shanabooks.de\\\/?s={search_term_string}\"},\"query-input\":{\"@type\":\"PropertyValueSpecification\",\"valueRequired\":true,\"valueName\":\"search_term_string\"}}],\"inLanguage\":\"de\"},{\"@type\":\"Organization\",\"@id\":\"https:\\\/\\\/shanabooks.de\\\/#organization\",\"name\":\"www.shanbooks.de\",\"url\":\"https:\\\/\\\/shanabooks.de\\\/\",\"logo\":{\"@type\":\"ImageObject\",\"inLanguage\":\"de\",\"@id\":\"https:\\\/\\\/shanabooks.de\\\/#\\\/schema\\\/logo\\\/image\\\/\",\"url\":\"https:\\\/\\\/shanabooks.de\\\/wp-content\\\/uploads\\\/2024\\\/03\\\/SHANABOOKS__2_-removebg-preview.png\",\"contentUrl\":\"https:\\\/\\\/shanabooks.de\\\/wp-content\\\/uploads\\\/2024\\\/03\\\/SHANABOOKS__2_-removebg-preview.png\",\"width\":700,\"height\":150,\"caption\":\"www.shanbooks.de\"},\"image\":{\"@id\":\"https:\\\/\\\/shanabooks.de\\\/#\\\/schema\\\/logo\\\/image\\\/\"}}]}<\/script>\n<!-- \/ Yoast SEO plugin. -->","yoast_head_json":{"title":"Gur\u00ean Dev Bixw\u00een \u00can \u00c7ar Ling \u00fb \u00can Du Ling - Riza \u00c7olban - www.shanabooks.de","description":"Gur\u00ean Dev Bixw\u00een \u00can \u00c7ar Ling \u00fb \u00can Du Ling - Riza \u00c7olban Bihar bi xwe\u015f\u00ee \u00fb \u015fah\u00ee ve hatib\u00fb. P\u00eaz \u00fb dew\u00ear \u00ead\u00ee k\u00eaf dikir. Her der n\u00fb ve \u015f\u00een \u00fb h\u00ea\u015fin dib\u00fb. Dar \u00fb...","robots":{"index":"index","follow":"follow","max-snippet":"max-snippet:-1","max-image-preview":"max-image-preview:large","max-video-preview":"max-video-preview:-1"},"canonical":"https:\/\/shanabooks.de\/product\/guren-dev-bixwin-en-car-ling-u-en-du-ling-riza-colban\/","og_locale":"de_DE","og_type":"article","og_title":"Gur\u00ean Dev Bixw\u00een \u00can \u00c7ar Ling \u00fb \u00can Du Ling - Riza \u00c7olban - www.shanabooks.de","og_description":"Gur\u00ean Dev Bixw\u00een \u00can \u00c7ar Ling \u00fb \u00can Du Ling - Riza \u00c7olban Bihar bi xwe\u015f\u00ee \u00fb \u015fah\u00ee ve hatib\u00fb. P\u00eaz \u00fb dew\u00ear \u00ead\u00ee k\u00eaf dikir. Her der n\u00fb ve \u015f\u00een \u00fb h\u00ea\u015fin dib\u00fb. Dar \u00fb...","og_url":"https:\/\/shanabooks.de\/product\/guren-dev-bixwin-en-car-ling-u-en-du-ling-riza-colban\/","og_site_name":"www.shanabooks.de","article_modified_time":"2024-03-19T22:57:22+00:00","og_image":[{"width":302,"height":475,"url":"https:\/\/shanabooks.de\/wp-content\/uploads\/2024\/03\/Guren-dev-bixwin-en-car-Ling-u-En-Du-Ling.png","type":"image\/png"}],"twitter_card":"summary_large_image","twitter_misc":{"Gesch\u00e4tzte Lesezeit":"2\u00a0Minuten"},"schema":{"@context":"https:\/\/schema.org","@graph":[{"@type":"WebPage","@id":"https:\/\/shanabooks.de\/product\/guren-dev-bixwin-en-car-ling-u-en-du-ling-riza-colban\/","url":"https:\/\/shanabooks.de\/product\/guren-dev-bixwin-en-car-ling-u-en-du-ling-riza-colban\/","name":"Gur\u00ean Dev Bixw\u00een \u00can \u00c7ar Ling \u00fb \u00can Du Ling - Riza \u00c7olban - www.shanabooks.de","isPartOf":{"@id":"https:\/\/shanabooks.de\/#website"},"primaryImageOfPage":{"@id":"https:\/\/shanabooks.de\/product\/guren-dev-bixwin-en-car-ling-u-en-du-ling-riza-colban\/#primaryimage"},"image":{"@id":"https:\/\/shanabooks.de\/product\/guren-dev-bixwin-en-car-ling-u-en-du-ling-riza-colban\/#primaryimage"},"thumbnailUrl":"https:\/\/shanabooks.de\/wp-content\/uploads\/2024\/03\/Guren-dev-bixwin-en-car-Ling-u-En-Du-Ling.png","datePublished":"2024-03-03T19:43:13+00:00","dateModified":"2024-03-19T22:57:22+00:00","description":"Gur\u00ean Dev Bixw\u00een \u00can \u00c7ar Ling \u00fb \u00can Du Ling - Riza \u00c7olban Bihar bi xwe\u015f\u00ee \u00fb \u015fah\u00ee ve hatib\u00fb. P\u00eaz \u00fb dew\u00ear \u00ead\u00ee k\u00eaf dikir. Her der n\u00fb ve \u015f\u00een \u00fb h\u00ea\u015fin dib\u00fb. Dar \u00fb...","breadcrumb":{"@id":"https:\/\/shanabooks.de\/product\/guren-dev-bixwin-en-car-ling-u-en-du-ling-riza-colban\/#breadcrumb"},"inLanguage":"de","potentialAction":[{"@type":"ReadAction","target":["https:\/\/shanabooks.de\/product\/guren-dev-bixwin-en-car-ling-u-en-du-ling-riza-colban\/"]}]},{"@type":"ImageObject","inLanguage":"de","@id":"https:\/\/shanabooks.de\/product\/guren-dev-bixwin-en-car-ling-u-en-du-ling-riza-colban\/#primaryimage","url":"https:\/\/shanabooks.de\/wp-content\/uploads\/2024\/03\/Guren-dev-bixwin-en-car-Ling-u-En-Du-Ling.png","contentUrl":"https:\/\/shanabooks.de\/wp-content\/uploads\/2024\/03\/Guren-dev-bixwin-en-car-Ling-u-En-Du-Ling.png","width":302,"height":475,"caption":"Gur\u00ean Dev Bixw\u00een \u00can \u00c7ar Ling \u00fb \u00can Du Ling - Riza \u00c7olban - pirt\u00fbk\u00ean kurd\u00ee"},{"@type":"BreadcrumbList","@id":"https:\/\/shanabooks.de\/product\/guren-dev-bixwin-en-car-ling-u-en-du-ling-riza-colban\/#breadcrumb","itemListElement":[{"@type":"ListItem","position":1,"name":"\u0627\u0644\u0631\u0626\u064a\u0633\u064a\u0629","item":"https:\/\/shanabooks.de\/de\/"},{"@type":"ListItem","position":2,"name":"\u0627\u0644\u0645\u0646\u062a\u062c\u0627\u062a","item":"https:\/\/shanabooks.de\/shop\/"},{"@type":"ListItem","position":3,"name":"Gur\u00ean Dev Bixw\u00een \u00can \u00c7ar Ling \u00fb \u00can Du Ling"}]},{"@type":"WebSite","@id":"https:\/\/shanabooks.de\/#website","url":"https:\/\/shanabooks.de\/","name":"www.shanbooks.de","description":"C\u00eehana Pirt\u00fbk\u00ean Kurd\u00ee \u0645\u0643\u062a\u0628\u0629 \u0634\u0627\u0646\u0627 \u0641\u064a \u0627\u0644\u0645\u0627\u0646\u064a\u0627 \u0648\u0623\u0648\u0631\u0628\u0627","publisher":{"@id":"https:\/\/shanabooks.de\/#organization"},"potentialAction":[{"@type":"SearchAction","target":{"@type":"EntryPoint","urlTemplate":"https:\/\/shanabooks.de\/?s={search_term_string}"},"query-input":{"@type":"PropertyValueSpecification","valueRequired":true,"valueName":"search_term_string"}}],"inLanguage":"de"},{"@type":"Organization","@id":"https:\/\/shanabooks.de\/#organization","name":"www.shanbooks.de","url":"https:\/\/shanabooks.de\/","logo":{"@type":"ImageObject","inLanguage":"de","@id":"https:\/\/shanabooks.de\/#\/schema\/logo\/image\/","url":"https:\/\/shanabooks.de\/wp-content\/uploads\/2024\/03\/SHANABOOKS__2_-removebg-preview.png","contentUrl":"https:\/\/shanabooks.de\/wp-content\/uploads\/2024\/03\/SHANABOOKS__2_-removebg-preview.png","width":700,"height":150,"caption":"www.shanbooks.de"},"image":{"@id":"https:\/\/shanabooks.de\/#\/schema\/logo\/image\/"}}]}},"jetpack_sharing_enabled":true,"_links":{"self":[{"href":"https:\/\/shanabooks.de\/de\/wp-json\/wp\/v2\/product\/12350","targetHints":{"allow":["GET"]}}],"collection":[{"href":"https:\/\/shanabooks.de\/de\/wp-json\/wp\/v2\/product"}],"about":[{"href":"https:\/\/shanabooks.de\/de\/wp-json\/wp\/v2\/types\/product"}],"version-history":[{"count":3,"href":"https:\/\/shanabooks.de\/de\/wp-json\/wp\/v2\/product\/12350\/revisions"}],"predecessor-version":[{"id":20933,"href":"https:\/\/shanabooks.de\/de\/wp-json\/wp\/v2\/product\/12350\/revisions\/20933"}],"wp:featuredmedia":[{"embeddable":true,"href":"https:\/\/shanabooks.de\/de\/wp-json\/wp\/v2\/media\/12413"}],"wp:attachment":[{"href":"https:\/\/shanabooks.de\/de\/wp-json\/wp\/v2\/media?parent=12350"}],"wp:term":[{"taxonomy":"product_brand","embeddable":true,"href":"https:\/\/shanabooks.de\/de\/wp-json\/wp\/v2\/product_brand?post=12350"},{"taxonomy":"product_cat","embeddable":true,"href":"https:\/\/shanabooks.de\/de\/wp-json\/wp\/v2\/product_cat?post=12350"},{"taxonomy":"product_tag","embeddable":true,"href":"https:\/\/shanabooks.de\/de\/wp-json\/wp\/v2\/product_tag?post=12350"}],"curies":[{"name":"wp","href":"https:\/\/api.w.org\/{rel}","templated":true}]}}