{"id":12351,"date":"2024-03-03T19:43:13","date_gmt":"2024-03-03T19:43:13","guid":{"rendered":"https:\/\/shanabooks.de\/?post_type=product&#038;p=12351"},"modified":"2026-01-01T20:02:13","modified_gmt":"2026-01-01T20:02:13","slug":"cemile-nigarkes-u-heft-qambihosten-dewlete-sener-ozmen","status":"publish","type":"product","link":"https:\/\/shanabooks.de\/de\/product\/cemile-nigarkes-u-heft-qambihosten-dewlete-sener-ozmen\/","title":{"rendered":"Cemi\u0302le\u0302 Ni\u0302garke\u0302s u\u0302 Heft Qambihoste\u0302n Dewlete\u0302"},"content":{"rendered":"<div class=\"wysiwyg prd_description noContext\">\n<p dir=\"ltr\"><strong>Cem\u00eel\u00ea n\u00eegark\u00ea\u015f \u00fb heft qambihost\u00ean dewlet\u00ea &#8211; \u015eener Ozmen<\/strong><\/p>\n<p dir=\"ltr\">\u201cWext \u00fb zeman ketib\u00fb nav\u00ea, r\u00eavebir\u00ea nif\u00fbs\u00ea veguher\u00eeb\u00fb \u00fb yek\u00ee kurd hatib\u00fb ketib\u00fb \u015f\u00fbna tirk\u00ea \u00e7\u00fby\u00ee, diz\u00ee \u00fb piz\u00ee k\u00eamtir b\u00fbb\u00fb li nav\u00e7ey\u00ea (wilo digotin), pol\u00ees \u00fb guhbel bi dikandar\u00ean kurd re p\u00eawendiy\u00ean xwe xwe\u015ftir kirib\u00fbn, ketib\u00fbn li d\u00fb f\u00ee\u015f \u00fb fat\u00fbreyan, her ti\u015ft bi deyn dikirr\u00een, nav\u00ean wan li l\u00ean\u00fbsk\u00ean deyn\u00ea hatib\u00fb niv\u00ees\u00een;\u00a0N\u00fbr\u00ee: \u00cest\u00eexbarat, Kemal: C\u00eegir, Nazm\u00ee: Teror\u2026 \u015fekir, n\u00eesk, fas\u00fbl\u00ee, birinc, cixare, \u015fekir, r\u00fbn, amp\u00fbl\u2026 Teror, Nazm\u00ee, \u015fekir\u2026\u201d<\/p>\n<\/div>\n<div class=\"table-block view-table prd_custom_fields\">\n<div class=\"table-row table-body-row prd_custom_fields_0\"><\/div>\n<\/div>\n","protected":false},"excerpt":{"rendered":"<p dir=\"ltr\" style=\"text-align: center;\"><strong>Pirt\u00fbk: Cem\u00eel\u00ea n\u00eegark\u00ea\u015f \u00fb heft qambihost\u00ean dewlt\u00ea<br \/>\nNiv\u00eeskar: \u015eener Ozmen<\/strong><br \/>\n<strong>Cure: \u00c7\u00eerok\u00a0<\/strong><\/p>\n","protected":false},"featured_media":12415,"template":"","meta":{"site-sidebar-layout":"default","site-content-layout":"","ast-site-content-layout":"default","site-content-style":"default","site-sidebar-style":"default","ast-global-header-display":"","ast-banner-title-visibility":"","ast-main-header-display":"","ast-hfb-above-header-display":"","ast-hfb-below-header-display":"","ast-hfb-mobile-header-display":"","site-post-title":"","ast-breadcrumbs-content":"","ast-featured-img":"","footer-sml-layout":"","ast-disable-related-posts":"","theme-transparent-header-meta":"default","adv-header-id-meta":"","stick-header-meta":"","header-above-stick-meta":"","header-main-stick-meta":"","header-below-stick-meta":"","astra-migrate-meta-layouts":"set","ast-page-background-enabled":"default","ast-page-background-meta":{"desktop":{"background-color":"","background-image":"","background-repeat":"repeat","background-position":"center center","background-size":"auto","background-attachment":"scroll","background-type":"","background-media":"","overlay-type":"","overlay-color":"","overlay-opacity":"","overlay-gradient":""},"tablet":{"background-color":"","background-image":"","background-repeat":"repeat","background-position":"center center","background-size":"auto","background-attachment":"scroll","background-type":"","background-media":"","overlay-type":"","overlay-color":"","overlay-opacity":"","overlay-gradient":""},"mobile":{"background-color":"","background-image":"","background-repeat":"repeat","background-position":"center center","background-size":"auto","background-attachment":"scroll","background-type":"","background-media":"","overlay-type":"","overlay-color":"","overlay-opacity":"","overlay-gradient":""}},"ast-content-background-meta":{"desktop":{"background-color":"var(--ast-global-color-5)","background-image":"","background-repeat":"repeat","background-position":"center center","background-size":"auto","background-attachment":"scroll","background-type":"","background-media":"","overlay-type":"","overlay-color":"","overlay-opacity":"","overlay-gradient":""},"tablet":{"background-color":"var(--ast-global-color-5)","background-image":"","background-repeat":"repeat","background-position":"center center","background-size":"auto","background-attachment":"scroll","background-type":"","background-media":"","overlay-type":"","overlay-color":"","overlay-opacity":"","overlay-gradient":""},"mobile":{"background-color":"var(--ast-global-color-5)","background-image":"","background-repeat":"repeat","background-position":"center center","background-size":"auto","background-attachment":"scroll","background-type":"","background-media":"","overlay-type":"","overlay-color":"","overlay-opacity":"","overlay-gradient":""}}},"product_brand":[],"product_cat":[183,193],"product_tag":[],"class_list":{"0":"post-12351","1":"product","2":"type-product","3":"status-publish","4":"has-post-thumbnail","6":"product_cat-_","7":"product_cat--_","8":"pa_-cirok","9":"pa_-sener-ozmen","10":"pa_-kurmanci","11":"pa_--avesta-yayinlari","12":"desktop-align-left","13":"tablet-align-left","14":"mobile-align-left","16":"first","17":"instock","18":"shipping-taxable","19":"purchasable","20":"product-type-simple"},"yoast_head":"<!-- This site is optimized with the Yoast SEO plugin v27.4 - https:\/\/yoast.com\/product\/yoast-seo-wordpress\/ -->\n<title>Cem\u00eel\u00ea n\u00eegark\u00ea\u015f \u00fb heft qambihost\u00ean dewlet\u00ea - \u015eener Ozmen - www.shanabooks.de<\/title>\n<meta name=\"description\" content=\"Cem\u00eel\u00ea n\u00eegark\u00ea\u015f \u00fb heft qambihost\u00ean dewlet\u00ea - \u015eener Ozmen \u201cWext \u00fb zeman ketib\u00fb nav\u00ea, r\u00eavebir\u00ea nif\u00fbs\u00ea veguher\u00eeb\u00fb \u00fb yek\u00ee kurd hatib\u00fb ketib\u00fb \u015f\u00fbna tirk\u00ea \u00e7\u00fby\u00ee...\" \/>\n<meta name=\"robots\" content=\"index, follow, max-snippet:-1, max-image-preview:large, max-video-preview:-1\" \/>\n<link rel=\"canonical\" href=\"https:\/\/shanabooks.de\/product\/cemile-nigarkes-u-heft-qambihosten-dewlete-sener-ozmen\/\" \/>\n<meta property=\"og:locale\" content=\"de_DE\" \/>\n<meta property=\"og:type\" content=\"article\" \/>\n<meta property=\"og:title\" content=\"Cem\u00eel\u00ea n\u00eegark\u00ea\u015f \u00fb heft qambihost\u00ean dewlet\u00ea - \u015eener Ozmen - www.shanabooks.de\" \/>\n<meta property=\"og:description\" content=\"Cem\u00eel\u00ea n\u00eegark\u00ea\u015f \u00fb heft qambihost\u00ean dewlet\u00ea - \u015eener Ozmen \u201cWext \u00fb zeman ketib\u00fb nav\u00ea, r\u00eavebir\u00ea nif\u00fbs\u00ea veguher\u00eeb\u00fb \u00fb yek\u00ee kurd hatib\u00fb ketib\u00fb \u015f\u00fbna tirk\u00ea \u00e7\u00fby\u00ee...\" \/>\n<meta property=\"og:url\" content=\"https:\/\/shanabooks.de\/product\/cemile-nigarkes-u-heft-qambihosten-dewlete-sener-ozmen\/\" \/>\n<meta property=\"og:site_name\" content=\"www.shanabooks.de\" \/>\n<meta property=\"article:modified_time\" content=\"2026-01-01T20:02:13+00:00\" \/>\n<meta property=\"og:image\" content=\"https:\/\/shanabooks.de\/wp-content\/uploads\/2024\/03\/Cemile-Nigarkes-u-heft-qambihosten-Dewlete.jpg\" \/>\n\t<meta property=\"og:image:width\" content=\"599\" \/>\n\t<meta property=\"og:image:height\" content=\"900\" \/>\n\t<meta property=\"og:image:type\" content=\"image\/jpeg\" \/>\n<meta name=\"twitter:card\" content=\"summary_large_image\" \/>\n<meta name=\"twitter:label1\" content=\"Gesch\u00e4tzte Lesezeit\" \/>\n\t<meta name=\"twitter:data1\" content=\"1\u00a0Minute\" \/>\n<script type=\"application\/ld+json\" class=\"yoast-schema-graph\">{\"@context\":\"https:\\\/\\\/schema.org\",\"@graph\":[{\"@type\":\"WebPage\",\"@id\":\"https:\\\/\\\/shanabooks.de\\\/product\\\/cemile-nigarkes-u-heft-qambihosten-dewlete-sener-ozmen\\\/\",\"url\":\"https:\\\/\\\/shanabooks.de\\\/product\\\/cemile-nigarkes-u-heft-qambihosten-dewlete-sener-ozmen\\\/\",\"name\":\"Cem\u00eel\u00ea n\u00eegark\u00ea\u015f \u00fb heft qambihost\u00ean dewlet\u00ea - \u015eener Ozmen - www.shanabooks.de\",\"isPartOf\":{\"@id\":\"https:\\\/\\\/shanabooks.de\\\/#website\"},\"primaryImageOfPage\":{\"@id\":\"https:\\\/\\\/shanabooks.de\\\/product\\\/cemile-nigarkes-u-heft-qambihosten-dewlete-sener-ozmen\\\/#primaryimage\"},\"image\":{\"@id\":\"https:\\\/\\\/shanabooks.de\\\/product\\\/cemile-nigarkes-u-heft-qambihosten-dewlete-sener-ozmen\\\/#primaryimage\"},\"thumbnailUrl\":\"https:\\\/\\\/shanabooks.de\\\/wp-content\\\/uploads\\\/2024\\\/03\\\/Cemile-Nigarkes-u-heft-qambihosten-Dewlete.jpg\",\"datePublished\":\"2024-03-03T19:43:13+00:00\",\"dateModified\":\"2026-01-01T20:02:13+00:00\",\"description\":\"Cem\u00eel\u00ea n\u00eegark\u00ea\u015f \u00fb heft qambihost\u00ean dewlet\u00ea - \u015eener Ozmen \u201cWext \u00fb zeman ketib\u00fb nav\u00ea, r\u00eavebir\u00ea nif\u00fbs\u00ea veguher\u00eeb\u00fb \u00fb yek\u00ee kurd hatib\u00fb ketib\u00fb \u015f\u00fbna tirk\u00ea \u00e7\u00fby\u00ee...\",\"breadcrumb\":{\"@id\":\"https:\\\/\\\/shanabooks.de\\\/product\\\/cemile-nigarkes-u-heft-qambihosten-dewlete-sener-ozmen\\\/#breadcrumb\"},\"inLanguage\":\"de\",\"potentialAction\":[{\"@type\":\"ReadAction\",\"target\":[\"https:\\\/\\\/shanabooks.de\\\/product\\\/cemile-nigarkes-u-heft-qambihosten-dewlete-sener-ozmen\\\/\"]}]},{\"@type\":\"ImageObject\",\"inLanguage\":\"de\",\"@id\":\"https:\\\/\\\/shanabooks.de\\\/product\\\/cemile-nigarkes-u-heft-qambihosten-dewlete-sener-ozmen\\\/#primaryimage\",\"url\":\"https:\\\/\\\/shanabooks.de\\\/wp-content\\\/uploads\\\/2024\\\/03\\\/Cemile-Nigarkes-u-heft-qambihosten-Dewlete.jpg\",\"contentUrl\":\"https:\\\/\\\/shanabooks.de\\\/wp-content\\\/uploads\\\/2024\\\/03\\\/Cemile-Nigarkes-u-heft-qambihosten-Dewlete.jpg\",\"width\":599,\"height\":900,\"caption\":\"Cem\u00eel\u00ea n\u00eegark\u00ea\u015f \u00fb heft qambihost\u00ean dewlt\u00ea - \u015eener Ozmen - pirt\u00fbk\u00ean kurd\u00ee\"},{\"@type\":\"BreadcrumbList\",\"@id\":\"https:\\\/\\\/shanabooks.de\\\/product\\\/cemile-nigarkes-u-heft-qambihosten-dewlete-sener-ozmen\\\/#breadcrumb\",\"itemListElement\":[{\"@type\":\"ListItem\",\"position\":1,\"name\":\"\u0627\u0644\u0631\u0626\u064a\u0633\u064a\u0629\",\"item\":\"https:\\\/\\\/shanabooks.de\\\/de\\\/\"},{\"@type\":\"ListItem\",\"position\":2,\"name\":\"\u0627\u0644\u0645\u0646\u062a\u062c\u0627\u062a\",\"item\":\"https:\\\/\\\/shanabooks.de\\\/shop\\\/\"},{\"@type\":\"ListItem\",\"position\":3,\"name\":\"Cemi\u0302le\u0302 Ni\u0302garke\u0302s u\u0302 Heft Qambihoste\u0302n Dewlete\u0302\"}]},{\"@type\":\"WebSite\",\"@id\":\"https:\\\/\\\/shanabooks.de\\\/#website\",\"url\":\"https:\\\/\\\/shanabooks.de\\\/\",\"name\":\"www.shanbooks.de\",\"description\":\"C\u00eehana Pirt\u00fbk\u00ean Kurd\u00ee \u0645\u0643\u062a\u0628\u0629 \u0634\u0627\u0646\u0627 \u0641\u064a \u0627\u0644\u0645\u0627\u0646\u064a\u0627 \u0648\u0623\u0648\u0631\u0628\u0627\",\"publisher\":{\"@id\":\"https:\\\/\\\/shanabooks.de\\\/#organization\"},\"potentialAction\":[{\"@type\":\"SearchAction\",\"target\":{\"@type\":\"EntryPoint\",\"urlTemplate\":\"https:\\\/\\\/shanabooks.de\\\/?s={search_term_string}\"},\"query-input\":{\"@type\":\"PropertyValueSpecification\",\"valueRequired\":true,\"valueName\":\"search_term_string\"}}],\"inLanguage\":\"de\"},{\"@type\":\"Organization\",\"@id\":\"https:\\\/\\\/shanabooks.de\\\/#organization\",\"name\":\"www.shanbooks.de\",\"url\":\"https:\\\/\\\/shanabooks.de\\\/\",\"logo\":{\"@type\":\"ImageObject\",\"inLanguage\":\"de\",\"@id\":\"https:\\\/\\\/shanabooks.de\\\/#\\\/schema\\\/logo\\\/image\\\/\",\"url\":\"https:\\\/\\\/shanabooks.de\\\/wp-content\\\/uploads\\\/2024\\\/03\\\/SHANABOOKS__2_-removebg-preview.png\",\"contentUrl\":\"https:\\\/\\\/shanabooks.de\\\/wp-content\\\/uploads\\\/2024\\\/03\\\/SHANABOOKS__2_-removebg-preview.png\",\"width\":700,\"height\":150,\"caption\":\"www.shanbooks.de\"},\"image\":{\"@id\":\"https:\\\/\\\/shanabooks.de\\\/#\\\/schema\\\/logo\\\/image\\\/\"}}]}<\/script>\n<!-- \/ Yoast SEO plugin. -->","yoast_head_json":{"title":"Cem\u00eel\u00ea n\u00eegark\u00ea\u015f \u00fb heft qambihost\u00ean dewlet\u00ea - \u015eener Ozmen - www.shanabooks.de","description":"Cem\u00eel\u00ea n\u00eegark\u00ea\u015f \u00fb heft qambihost\u00ean dewlet\u00ea - \u015eener Ozmen \u201cWext \u00fb zeman ketib\u00fb nav\u00ea, r\u00eavebir\u00ea nif\u00fbs\u00ea veguher\u00eeb\u00fb \u00fb yek\u00ee kurd hatib\u00fb ketib\u00fb \u015f\u00fbna tirk\u00ea \u00e7\u00fby\u00ee...","robots":{"index":"index","follow":"follow","max-snippet":"max-snippet:-1","max-image-preview":"max-image-preview:large","max-video-preview":"max-video-preview:-1"},"canonical":"https:\/\/shanabooks.de\/product\/cemile-nigarkes-u-heft-qambihosten-dewlete-sener-ozmen\/","og_locale":"de_DE","og_type":"article","og_title":"Cem\u00eel\u00ea n\u00eegark\u00ea\u015f \u00fb heft qambihost\u00ean dewlet\u00ea - \u015eener Ozmen - www.shanabooks.de","og_description":"Cem\u00eel\u00ea n\u00eegark\u00ea\u015f \u00fb heft qambihost\u00ean dewlet\u00ea - \u015eener Ozmen \u201cWext \u00fb zeman ketib\u00fb nav\u00ea, r\u00eavebir\u00ea nif\u00fbs\u00ea veguher\u00eeb\u00fb \u00fb yek\u00ee kurd hatib\u00fb ketib\u00fb \u015f\u00fbna tirk\u00ea \u00e7\u00fby\u00ee...","og_url":"https:\/\/shanabooks.de\/product\/cemile-nigarkes-u-heft-qambihosten-dewlete-sener-ozmen\/","og_site_name":"www.shanabooks.de","article_modified_time":"2026-01-01T20:02:13+00:00","og_image":[{"width":599,"height":900,"url":"https:\/\/shanabooks.de\/wp-content\/uploads\/2024\/03\/Cemile-Nigarkes-u-heft-qambihosten-Dewlete.jpg","type":"image\/jpeg"}],"twitter_card":"summary_large_image","twitter_misc":{"Gesch\u00e4tzte Lesezeit":"1\u00a0Minute"},"schema":{"@context":"https:\/\/schema.org","@graph":[{"@type":"WebPage","@id":"https:\/\/shanabooks.de\/product\/cemile-nigarkes-u-heft-qambihosten-dewlete-sener-ozmen\/","url":"https:\/\/shanabooks.de\/product\/cemile-nigarkes-u-heft-qambihosten-dewlete-sener-ozmen\/","name":"Cem\u00eel\u00ea n\u00eegark\u00ea\u015f \u00fb heft qambihost\u00ean dewlet\u00ea - \u015eener Ozmen - www.shanabooks.de","isPartOf":{"@id":"https:\/\/shanabooks.de\/#website"},"primaryImageOfPage":{"@id":"https:\/\/shanabooks.de\/product\/cemile-nigarkes-u-heft-qambihosten-dewlete-sener-ozmen\/#primaryimage"},"image":{"@id":"https:\/\/shanabooks.de\/product\/cemile-nigarkes-u-heft-qambihosten-dewlete-sener-ozmen\/#primaryimage"},"thumbnailUrl":"https:\/\/shanabooks.de\/wp-content\/uploads\/2024\/03\/Cemile-Nigarkes-u-heft-qambihosten-Dewlete.jpg","datePublished":"2024-03-03T19:43:13+00:00","dateModified":"2026-01-01T20:02:13+00:00","description":"Cem\u00eel\u00ea n\u00eegark\u00ea\u015f \u00fb heft qambihost\u00ean dewlet\u00ea - \u015eener Ozmen \u201cWext \u00fb zeman ketib\u00fb nav\u00ea, r\u00eavebir\u00ea nif\u00fbs\u00ea veguher\u00eeb\u00fb \u00fb yek\u00ee kurd hatib\u00fb ketib\u00fb \u015f\u00fbna tirk\u00ea \u00e7\u00fby\u00ee...","breadcrumb":{"@id":"https:\/\/shanabooks.de\/product\/cemile-nigarkes-u-heft-qambihosten-dewlete-sener-ozmen\/#breadcrumb"},"inLanguage":"de","potentialAction":[{"@type":"ReadAction","target":["https:\/\/shanabooks.de\/product\/cemile-nigarkes-u-heft-qambihosten-dewlete-sener-ozmen\/"]}]},{"@type":"ImageObject","inLanguage":"de","@id":"https:\/\/shanabooks.de\/product\/cemile-nigarkes-u-heft-qambihosten-dewlete-sener-ozmen\/#primaryimage","url":"https:\/\/shanabooks.de\/wp-content\/uploads\/2024\/03\/Cemile-Nigarkes-u-heft-qambihosten-Dewlete.jpg","contentUrl":"https:\/\/shanabooks.de\/wp-content\/uploads\/2024\/03\/Cemile-Nigarkes-u-heft-qambihosten-Dewlete.jpg","width":599,"height":900,"caption":"Cem\u00eel\u00ea n\u00eegark\u00ea\u015f \u00fb heft qambihost\u00ean dewlt\u00ea - \u015eener Ozmen - pirt\u00fbk\u00ean kurd\u00ee"},{"@type":"BreadcrumbList","@id":"https:\/\/shanabooks.de\/product\/cemile-nigarkes-u-heft-qambihosten-dewlete-sener-ozmen\/#breadcrumb","itemListElement":[{"@type":"ListItem","position":1,"name":"\u0627\u0644\u0631\u0626\u064a\u0633\u064a\u0629","item":"https:\/\/shanabooks.de\/de\/"},{"@type":"ListItem","position":2,"name":"\u0627\u0644\u0645\u0646\u062a\u062c\u0627\u062a","item":"https:\/\/shanabooks.de\/shop\/"},{"@type":"ListItem","position":3,"name":"Cemi\u0302le\u0302 Ni\u0302garke\u0302s u\u0302 Heft Qambihoste\u0302n Dewlete\u0302"}]},{"@type":"WebSite","@id":"https:\/\/shanabooks.de\/#website","url":"https:\/\/shanabooks.de\/","name":"www.shanbooks.de","description":"C\u00eehana Pirt\u00fbk\u00ean Kurd\u00ee \u0645\u0643\u062a\u0628\u0629 \u0634\u0627\u0646\u0627 \u0641\u064a \u0627\u0644\u0645\u0627\u0646\u064a\u0627 \u0648\u0623\u0648\u0631\u0628\u0627","publisher":{"@id":"https:\/\/shanabooks.de\/#organization"},"potentialAction":[{"@type":"SearchAction","target":{"@type":"EntryPoint","urlTemplate":"https:\/\/shanabooks.de\/?s={search_term_string}"},"query-input":{"@type":"PropertyValueSpecification","valueRequired":true,"valueName":"search_term_string"}}],"inLanguage":"de"},{"@type":"Organization","@id":"https:\/\/shanabooks.de\/#organization","name":"www.shanbooks.de","url":"https:\/\/shanabooks.de\/","logo":{"@type":"ImageObject","inLanguage":"de","@id":"https:\/\/shanabooks.de\/#\/schema\/logo\/image\/","url":"https:\/\/shanabooks.de\/wp-content\/uploads\/2024\/03\/SHANABOOKS__2_-removebg-preview.png","contentUrl":"https:\/\/shanabooks.de\/wp-content\/uploads\/2024\/03\/SHANABOOKS__2_-removebg-preview.png","width":700,"height":150,"caption":"www.shanbooks.de"},"image":{"@id":"https:\/\/shanabooks.de\/#\/schema\/logo\/image\/"}}]}},"jetpack_sharing_enabled":true,"_links":{"self":[{"href":"https:\/\/shanabooks.de\/de\/wp-json\/wp\/v2\/product\/12351","targetHints":{"allow":["GET"]}}],"collection":[{"href":"https:\/\/shanabooks.de\/de\/wp-json\/wp\/v2\/product"}],"about":[{"href":"https:\/\/shanabooks.de\/de\/wp-json\/wp\/v2\/types\/product"}],"version-history":[{"count":4,"href":"https:\/\/shanabooks.de\/de\/wp-json\/wp\/v2\/product\/12351\/revisions"}],"predecessor-version":[{"id":25670,"href":"https:\/\/shanabooks.de\/de\/wp-json\/wp\/v2\/product\/12351\/revisions\/25670"}],"wp:featuredmedia":[{"embeddable":true,"href":"https:\/\/shanabooks.de\/de\/wp-json\/wp\/v2\/media\/12415"}],"wp:attachment":[{"href":"https:\/\/shanabooks.de\/de\/wp-json\/wp\/v2\/media?parent=12351"}],"wp:term":[{"taxonomy":"product_brand","embeddable":true,"href":"https:\/\/shanabooks.de\/de\/wp-json\/wp\/v2\/product_brand?post=12351"},{"taxonomy":"product_cat","embeddable":true,"href":"https:\/\/shanabooks.de\/de\/wp-json\/wp\/v2\/product_cat?post=12351"},{"taxonomy":"product_tag","embeddable":true,"href":"https:\/\/shanabooks.de\/de\/wp-json\/wp\/v2\/product_tag?post=12351"}],"curies":[{"name":"wp","href":"https:\/\/api.w.org\/{rel}","templated":true}]}}