{"id":12352,"date":"2024-03-03T19:43:13","date_gmt":"2024-03-03T19:43:13","guid":{"rendered":"https:\/\/shanabooks.de\/?post_type=product&#038;p=12352"},"modified":"2026-01-01T20:10:06","modified_gmt":"2026-01-01T20:10:06","slug":"cerxa-xedar-yasar-eroglu","status":"publish","type":"product","link":"https:\/\/shanabooks.de\/de\/product\/cerxa-xedar-yasar-eroglu\/","title":{"rendered":"\u00c7erxa xedar"},"content":{"rendered":"<p dir=\"ltr\"><strong>\u00c7erxa xedar &#8211; Ya\u015far Eroglu<\/strong><\/p>\n<p dir=\"ltr\">Romana \u00c7erxa xedar ya Ya\u015far Eroglu bi dilsoz\u00ee \u00fb hevaltiya du zarokan dest p\u00ea dike. Di dema zaroktiya xwe de pir ji hev hez dikin \u00fb tu car ji hev naqetin. Dema ciwaniya wan r\u00eaya wan ji hev diqete, her yek di r\u00eaya xwe de di\u00e7e. Yek li gund dim\u00eene, bi dem\u00ea re bi rika y\u00ea din dibe cerdevan. \u00ca may\u00ee dixw\u00eene, di\u00e7e tev ref\u00ean \u015fervanan dibe, dibe \u015fervan. Pi\u015ft re t\u00ea girtin. Ji v\u00ea qonax\u00ea bi \u015f\u00fbnde dayika w\u00ee ya weke lehengeke esas derdikeve p\u00ea\u015f.<\/p>\n<p dir=\"ltr\">Roman bi v\u00ee away\u00ee dewam dike. Dayik ji kur\u00ea xwe pir hez dike. Her tim kur\u00ea xwe di\u015fop\u00eene \u00fb li pey w\u00ee di\u00e7e. Li derve cerdevan malbat\u00ea rihet bernade \u00fb ne\u00e7ar dike ji gund bar bikin. Greva bir\u00e7\u00eeb\u00fbn\u00ea \u00fb rojiya mirin\u00ea her dem li p\u00ea\u015f girtiyan e. Kur\u00ea w\u00ea j\u00ee her dikeve bin v\u00ee bar\u00ee. Hezkirina dayik\u00ea \u00fb rojiya mirin\u00ea dayik\u00ea \u00fb kur\u00ea w\u00ea t\u00eene li hember hev. Kur\u00ea dayik\u00ea bi terc\u00eeheke xedar re r\u00fb bir \u00fb dim\u00eene \u00e7i biryar\u00ea bide. Ev rew\u015f dikeve qonaxeke hesas \u00fb dilgiran. \u00c7erxa Xedar romaneke \u00ea\u015f, keser, b\u00eabext\u00ee \u00fb t\u00eako\u015f\u00een\u00ea ye. Pareke roman\u00ea ya giran pirsgir\u00eak \u00fb rew\u015fa girt\u00eegehan j\u00ee radixe ber \u00e7av\u00ean xw\u00eeneran. Niv\u00eeskar bi zimanek\u00ee zelal, balk\u00ea\u015f \u00fb serkeft\u00ee ev mijar\u00ean sereke derp\u00ea\u015f kirine ji bo xw\u00eener\u00ean roman\u00ea.<\/p>\n","protected":false},"excerpt":{"rendered":"<p dir=\"ltr\" style=\"text-align: center\"><strong>Pirt\u00fbk:\u00a0\u00c7erxa xedar<br \/>\nNiv\u00eeskar: Ya\u015far Eroglu<\/strong><br \/>\n<strong>Cure: Roman<\/strong><\/p>\n","protected":false},"featured_media":12417,"template":"","meta":{"site-sidebar-layout":"default","site-content-layout":"","ast-site-content-layout":"default","site-content-style":"default","site-sidebar-style":"default","ast-global-header-display":"","ast-banner-title-visibility":"","ast-main-header-display":"","ast-hfb-above-header-display":"","ast-hfb-below-header-display":"","ast-hfb-mobile-header-display":"","site-post-title":"","ast-breadcrumbs-content":"","ast-featured-img":"","footer-sml-layout":"","ast-disable-related-posts":"","theme-transparent-header-meta":"default","adv-header-id-meta":"","stick-header-meta":"","header-above-stick-meta":"","header-main-stick-meta":"","header-below-stick-meta":"","astra-migrate-meta-layouts":"set","ast-page-background-enabled":"default","ast-page-background-meta":{"desktop":{"background-color":"","background-image":"","background-repeat":"repeat","background-position":"center center","background-size":"auto","background-attachment":"scroll","background-type":"","background-media":"","overlay-type":"","overlay-color":"","overlay-opacity":"","overlay-gradient":""},"tablet":{"background-color":"","background-image":"","background-repeat":"repeat","background-position":"center center","background-size":"auto","background-attachment":"scroll","background-type":"","background-media":"","overlay-type":"","overlay-color":"","overlay-opacity":"","overlay-gradient":""},"mobile":{"background-color":"","background-image":"","background-repeat":"repeat","background-position":"center center","background-size":"auto","background-attachment":"scroll","background-type":"","background-media":"","overlay-type":"","overlay-color":"","overlay-opacity":"","overlay-gradient":""}},"ast-content-background-meta":{"desktop":{"background-color":"var(--ast-global-color-5)","background-image":"","background-repeat":"repeat","background-position":"center center","background-size":"auto","background-attachment":"scroll","background-type":"","background-media":"","overlay-type":"","overlay-color":"","overlay-opacity":"","overlay-gradient":""},"tablet":{"background-color":"var(--ast-global-color-5)","background-image":"","background-repeat":"repeat","background-position":"center center","background-size":"auto","background-attachment":"scroll","background-type":"","background-media":"","overlay-type":"","overlay-color":"","overlay-opacity":"","overlay-gradient":""},"mobile":{"background-color":"var(--ast-global-color-5)","background-image":"","background-repeat":"repeat","background-position":"center center","background-size":"auto","background-attachment":"scroll","background-type":"","background-media":"","overlay-type":"","overlay-color":"","overlay-opacity":"","overlay-gradient":""}}},"product_brand":[],"product_cat":[182,193],"product_tag":[],"class_list":{"0":"post-12352","1":"product","2":"type-product","3":"status-publish","4":"has-post-thumbnail","6":"product_cat-_","7":"product_cat--_","8":"pa_-roman","9":"pa_-yasar-eroglu","10":"pa_-kurmanci","11":"pa_--sitav-yayinevi","12":"desktop-align-left","13":"tablet-align-left","14":"mobile-align-left","16":"first","17":"instock","18":"shipping-taxable","19":"purchasable","20":"product-type-simple"},"yoast_head":"<!-- This site is optimized with the Yoast SEO plugin v27.4 - https:\/\/yoast.com\/product\/yoast-seo-wordpress\/ -->\n<title>\u00c7erxa xedar - Ya\u015far Eroglu - www.shanabooks.de<\/title>\n<meta name=\"description\" content=\"\u00c7erxa xedar - Ya\u015far Eroglu Roman bi dilsoz\u00ee \u00fb hevaltiya du zarokan dest p\u00ea dike. Di dema zaroktiya xwe de pir ji hev hez dikin \u00fb tu car ji hev naqetin...\" \/>\n<meta name=\"robots\" content=\"index, follow, max-snippet:-1, max-image-preview:large, max-video-preview:-1\" \/>\n<link rel=\"canonical\" href=\"https:\/\/shanabooks.de\/product\/cerxa-xedar-yasar-eroglu\/\" \/>\n<meta property=\"og:locale\" content=\"de_DE\" \/>\n<meta property=\"og:type\" content=\"article\" \/>\n<meta property=\"og:title\" content=\"\u00c7erxa xedar - Ya\u015far Eroglu - www.shanabooks.de\" \/>\n<meta property=\"og:description\" content=\"\u00c7erxa xedar - Ya\u015far Eroglu Roman bi dilsoz\u00ee \u00fb hevaltiya du zarokan dest p\u00ea dike. Di dema zaroktiya xwe de pir ji hev hez dikin \u00fb tu car ji hev naqetin...\" \/>\n<meta property=\"og:url\" content=\"https:\/\/shanabooks.de\/product\/cerxa-xedar-yasar-eroglu\/\" \/>\n<meta property=\"og:site_name\" content=\"www.shanabooks.de\" \/>\n<meta property=\"article:modified_time\" content=\"2026-01-01T20:10:06+00:00\" \/>\n<meta property=\"og:image\" content=\"https:\/\/shanabooks.de\/wp-content\/uploads\/2024\/03\/Cerxa-xedar.png\" \/>\n\t<meta property=\"og:image:width\" content=\"287\" \/>\n\t<meta property=\"og:image:height\" content=\"472\" \/>\n\t<meta property=\"og:image:type\" content=\"image\/png\" \/>\n<meta name=\"twitter:card\" content=\"summary_large_image\" \/>\n<meta name=\"twitter:label1\" content=\"Gesch\u00e4tzte Lesezeit\" \/>\n\t<meta name=\"twitter:data1\" content=\"2\u00a0Minuten\" \/>\n<script type=\"application\/ld+json\" class=\"yoast-schema-graph\">{\"@context\":\"https:\\\/\\\/schema.org\",\"@graph\":[{\"@type\":\"WebPage\",\"@id\":\"https:\\\/\\\/shanabooks.de\\\/product\\\/cerxa-xedar-yasar-eroglu\\\/\",\"url\":\"https:\\\/\\\/shanabooks.de\\\/product\\\/cerxa-xedar-yasar-eroglu\\\/\",\"name\":\"\u00c7erxa xedar - Ya\u015far Eroglu - www.shanabooks.de\",\"isPartOf\":{\"@id\":\"https:\\\/\\\/shanabooks.de\\\/#website\"},\"primaryImageOfPage\":{\"@id\":\"https:\\\/\\\/shanabooks.de\\\/product\\\/cerxa-xedar-yasar-eroglu\\\/#primaryimage\"},\"image\":{\"@id\":\"https:\\\/\\\/shanabooks.de\\\/product\\\/cerxa-xedar-yasar-eroglu\\\/#primaryimage\"},\"thumbnailUrl\":\"https:\\\/\\\/shanabooks.de\\\/wp-content\\\/uploads\\\/2024\\\/03\\\/Cerxa-xedar.png\",\"datePublished\":\"2024-03-03T19:43:13+00:00\",\"dateModified\":\"2026-01-01T20:10:06+00:00\",\"description\":\"\u00c7erxa xedar - Ya\u015far Eroglu Roman bi dilsoz\u00ee \u00fb hevaltiya du zarokan dest p\u00ea dike. Di dema zaroktiya xwe de pir ji hev hez dikin \u00fb tu car ji hev naqetin...\",\"breadcrumb\":{\"@id\":\"https:\\\/\\\/shanabooks.de\\\/product\\\/cerxa-xedar-yasar-eroglu\\\/#breadcrumb\"},\"inLanguage\":\"de\",\"potentialAction\":[{\"@type\":\"ReadAction\",\"target\":[\"https:\\\/\\\/shanabooks.de\\\/product\\\/cerxa-xedar-yasar-eroglu\\\/\"]}]},{\"@type\":\"ImageObject\",\"inLanguage\":\"de\",\"@id\":\"https:\\\/\\\/shanabooks.de\\\/product\\\/cerxa-xedar-yasar-eroglu\\\/#primaryimage\",\"url\":\"https:\\\/\\\/shanabooks.de\\\/wp-content\\\/uploads\\\/2024\\\/03\\\/Cerxa-xedar.png\",\"contentUrl\":\"https:\\\/\\\/shanabooks.de\\\/wp-content\\\/uploads\\\/2024\\\/03\\\/Cerxa-xedar.png\",\"width\":287,\"height\":472,\"caption\":\"\u00c7erxa xedar - Ya\u015far Eroglu - pirt\u00fbk\u00ean kurd\u00ee\"},{\"@type\":\"BreadcrumbList\",\"@id\":\"https:\\\/\\\/shanabooks.de\\\/product\\\/cerxa-xedar-yasar-eroglu\\\/#breadcrumb\",\"itemListElement\":[{\"@type\":\"ListItem\",\"position\":1,\"name\":\"\u0627\u0644\u0631\u0626\u064a\u0633\u064a\u0629\",\"item\":\"https:\\\/\\\/shanabooks.de\\\/de\\\/\"},{\"@type\":\"ListItem\",\"position\":2,\"name\":\"\u0627\u0644\u0645\u0646\u062a\u062c\u0627\u062a\",\"item\":\"https:\\\/\\\/shanabooks.de\\\/shop\\\/\"},{\"@type\":\"ListItem\",\"position\":3,\"name\":\"\u00c7erxa xedar\"}]},{\"@type\":\"WebSite\",\"@id\":\"https:\\\/\\\/shanabooks.de\\\/#website\",\"url\":\"https:\\\/\\\/shanabooks.de\\\/\",\"name\":\"www.shanbooks.de\",\"description\":\"C\u00eehana Pirt\u00fbk\u00ean Kurd\u00ee \u0645\u0643\u062a\u0628\u0629 \u0634\u0627\u0646\u0627 \u0641\u064a \u0627\u0644\u0645\u0627\u0646\u064a\u0627 \u0648\u0623\u0648\u0631\u0628\u0627\",\"publisher\":{\"@id\":\"https:\\\/\\\/shanabooks.de\\\/#organization\"},\"potentialAction\":[{\"@type\":\"SearchAction\",\"target\":{\"@type\":\"EntryPoint\",\"urlTemplate\":\"https:\\\/\\\/shanabooks.de\\\/?s={search_term_string}\"},\"query-input\":{\"@type\":\"PropertyValueSpecification\",\"valueRequired\":true,\"valueName\":\"search_term_string\"}}],\"inLanguage\":\"de\"},{\"@type\":\"Organization\",\"@id\":\"https:\\\/\\\/shanabooks.de\\\/#organization\",\"name\":\"www.shanbooks.de\",\"url\":\"https:\\\/\\\/shanabooks.de\\\/\",\"logo\":{\"@type\":\"ImageObject\",\"inLanguage\":\"de\",\"@id\":\"https:\\\/\\\/shanabooks.de\\\/#\\\/schema\\\/logo\\\/image\\\/\",\"url\":\"https:\\\/\\\/shanabooks.de\\\/wp-content\\\/uploads\\\/2024\\\/03\\\/SHANABOOKS__2_-removebg-preview.png\",\"contentUrl\":\"https:\\\/\\\/shanabooks.de\\\/wp-content\\\/uploads\\\/2024\\\/03\\\/SHANABOOKS__2_-removebg-preview.png\",\"width\":700,\"height\":150,\"caption\":\"www.shanbooks.de\"},\"image\":{\"@id\":\"https:\\\/\\\/shanabooks.de\\\/#\\\/schema\\\/logo\\\/image\\\/\"}}]}<\/script>\n<!-- \/ Yoast SEO plugin. -->","yoast_head_json":{"title":"\u00c7erxa xedar - Ya\u015far Eroglu - www.shanabooks.de","description":"\u00c7erxa xedar - Ya\u015far Eroglu Roman bi dilsoz\u00ee \u00fb hevaltiya du zarokan dest p\u00ea dike. Di dema zaroktiya xwe de pir ji hev hez dikin \u00fb tu car ji hev naqetin...","robots":{"index":"index","follow":"follow","max-snippet":"max-snippet:-1","max-image-preview":"max-image-preview:large","max-video-preview":"max-video-preview:-1"},"canonical":"https:\/\/shanabooks.de\/product\/cerxa-xedar-yasar-eroglu\/","og_locale":"de_DE","og_type":"article","og_title":"\u00c7erxa xedar - Ya\u015far Eroglu - www.shanabooks.de","og_description":"\u00c7erxa xedar - Ya\u015far Eroglu Roman bi dilsoz\u00ee \u00fb hevaltiya du zarokan dest p\u00ea dike. Di dema zaroktiya xwe de pir ji hev hez dikin \u00fb tu car ji hev naqetin...","og_url":"https:\/\/shanabooks.de\/product\/cerxa-xedar-yasar-eroglu\/","og_site_name":"www.shanabooks.de","article_modified_time":"2026-01-01T20:10:06+00:00","og_image":[{"width":287,"height":472,"url":"https:\/\/shanabooks.de\/wp-content\/uploads\/2024\/03\/Cerxa-xedar.png","type":"image\/png"}],"twitter_card":"summary_large_image","twitter_misc":{"Gesch\u00e4tzte Lesezeit":"2\u00a0Minuten"},"schema":{"@context":"https:\/\/schema.org","@graph":[{"@type":"WebPage","@id":"https:\/\/shanabooks.de\/product\/cerxa-xedar-yasar-eroglu\/","url":"https:\/\/shanabooks.de\/product\/cerxa-xedar-yasar-eroglu\/","name":"\u00c7erxa xedar - Ya\u015far Eroglu - www.shanabooks.de","isPartOf":{"@id":"https:\/\/shanabooks.de\/#website"},"primaryImageOfPage":{"@id":"https:\/\/shanabooks.de\/product\/cerxa-xedar-yasar-eroglu\/#primaryimage"},"image":{"@id":"https:\/\/shanabooks.de\/product\/cerxa-xedar-yasar-eroglu\/#primaryimage"},"thumbnailUrl":"https:\/\/shanabooks.de\/wp-content\/uploads\/2024\/03\/Cerxa-xedar.png","datePublished":"2024-03-03T19:43:13+00:00","dateModified":"2026-01-01T20:10:06+00:00","description":"\u00c7erxa xedar - Ya\u015far Eroglu Roman bi dilsoz\u00ee \u00fb hevaltiya du zarokan dest p\u00ea dike. Di dema zaroktiya xwe de pir ji hev hez dikin \u00fb tu car ji hev naqetin...","breadcrumb":{"@id":"https:\/\/shanabooks.de\/product\/cerxa-xedar-yasar-eroglu\/#breadcrumb"},"inLanguage":"de","potentialAction":[{"@type":"ReadAction","target":["https:\/\/shanabooks.de\/product\/cerxa-xedar-yasar-eroglu\/"]}]},{"@type":"ImageObject","inLanguage":"de","@id":"https:\/\/shanabooks.de\/product\/cerxa-xedar-yasar-eroglu\/#primaryimage","url":"https:\/\/shanabooks.de\/wp-content\/uploads\/2024\/03\/Cerxa-xedar.png","contentUrl":"https:\/\/shanabooks.de\/wp-content\/uploads\/2024\/03\/Cerxa-xedar.png","width":287,"height":472,"caption":"\u00c7erxa xedar - Ya\u015far Eroglu - pirt\u00fbk\u00ean kurd\u00ee"},{"@type":"BreadcrumbList","@id":"https:\/\/shanabooks.de\/product\/cerxa-xedar-yasar-eroglu\/#breadcrumb","itemListElement":[{"@type":"ListItem","position":1,"name":"\u0627\u0644\u0631\u0626\u064a\u0633\u064a\u0629","item":"https:\/\/shanabooks.de\/de\/"},{"@type":"ListItem","position":2,"name":"\u0627\u0644\u0645\u0646\u062a\u062c\u0627\u062a","item":"https:\/\/shanabooks.de\/shop\/"},{"@type":"ListItem","position":3,"name":"\u00c7erxa xedar"}]},{"@type":"WebSite","@id":"https:\/\/shanabooks.de\/#website","url":"https:\/\/shanabooks.de\/","name":"www.shanbooks.de","description":"C\u00eehana Pirt\u00fbk\u00ean Kurd\u00ee \u0645\u0643\u062a\u0628\u0629 \u0634\u0627\u0646\u0627 \u0641\u064a \u0627\u0644\u0645\u0627\u0646\u064a\u0627 \u0648\u0623\u0648\u0631\u0628\u0627","publisher":{"@id":"https:\/\/shanabooks.de\/#organization"},"potentialAction":[{"@type":"SearchAction","target":{"@type":"EntryPoint","urlTemplate":"https:\/\/shanabooks.de\/?s={search_term_string}"},"query-input":{"@type":"PropertyValueSpecification","valueRequired":true,"valueName":"search_term_string"}}],"inLanguage":"de"},{"@type":"Organization","@id":"https:\/\/shanabooks.de\/#organization","name":"www.shanbooks.de","url":"https:\/\/shanabooks.de\/","logo":{"@type":"ImageObject","inLanguage":"de","@id":"https:\/\/shanabooks.de\/#\/schema\/logo\/image\/","url":"https:\/\/shanabooks.de\/wp-content\/uploads\/2024\/03\/SHANABOOKS__2_-removebg-preview.png","contentUrl":"https:\/\/shanabooks.de\/wp-content\/uploads\/2024\/03\/SHANABOOKS__2_-removebg-preview.png","width":700,"height":150,"caption":"www.shanbooks.de"},"image":{"@id":"https:\/\/shanabooks.de\/#\/schema\/logo\/image\/"}}]}},"jetpack_sharing_enabled":true,"_links":{"self":[{"href":"https:\/\/shanabooks.de\/de\/wp-json\/wp\/v2\/product\/12352","targetHints":{"allow":["GET"]}}],"collection":[{"href":"https:\/\/shanabooks.de\/de\/wp-json\/wp\/v2\/product"}],"about":[{"href":"https:\/\/shanabooks.de\/de\/wp-json\/wp\/v2\/types\/product"}],"version-history":[{"count":3,"href":"https:\/\/shanabooks.de\/de\/wp-json\/wp\/v2\/product\/12352\/revisions"}],"predecessor-version":[{"id":20928,"href":"https:\/\/shanabooks.de\/de\/wp-json\/wp\/v2\/product\/12352\/revisions\/20928"}],"wp:featuredmedia":[{"embeddable":true,"href":"https:\/\/shanabooks.de\/de\/wp-json\/wp\/v2\/media\/12417"}],"wp:attachment":[{"href":"https:\/\/shanabooks.de\/de\/wp-json\/wp\/v2\/media?parent=12352"}],"wp:term":[{"taxonomy":"product_brand","embeddable":true,"href":"https:\/\/shanabooks.de\/de\/wp-json\/wp\/v2\/product_brand?post=12352"},{"taxonomy":"product_cat","embeddable":true,"href":"https:\/\/shanabooks.de\/de\/wp-json\/wp\/v2\/product_cat?post=12352"},{"taxonomy":"product_tag","embeddable":true,"href":"https:\/\/shanabooks.de\/de\/wp-json\/wp\/v2\/product_tag?post=12352"}],"curies":[{"name":"wp","href":"https:\/\/api.w.org\/{rel}","templated":true}]}}