{"id":12383,"date":"2024-03-03T19:43:35","date_gmt":"2024-03-03T19:43:35","guid":{"rendered":"https:\/\/shanabooks.de\/?post_type=product&#038;p=12383"},"modified":"2026-01-02T18:52:29","modified_gmt":"2026-01-02T18:52:29","slug":"eva-varoj-telo","status":"publish","type":"product","link":"https:\/\/shanabooks.de\/de\/product\/eva-varoj-telo\/","title":{"rendered":"Eva"},"content":{"rendered":"<p dir=\"ltr\"><strong>Eva &#8211; Varoj T\u00ealo<\/strong><\/p>\n<p dir=\"ltr\">Romana Eva ya Varoj T\u00ealo.<\/p>\n<p dir=\"ltr\">Ev romana bi nav\u00ea Eva ku nav\u00ea xwe ji lehengeke xwe digire, b\u00fbyer\u00ean w\u00ea li Kurdistan, Korea \u00fb Sw\u00ead\u00ea diqewimin \u00fb tes\u00eera trajediya \u015fereki ku li d\u00fbr\u00ee Kurdistan\u00ea p\u00eak hatiye, radixe ber \u00e7avan. Leheng\u00ean roman\u00ea Ron\u00ee \u00fb Eva ji Ewropay\u00ea t\u00eane serdana bav \u00fb diya Ron\u00ee li Kurdistan\u00ea. W\u00eaney\u00ea ku bav\u00ea Ron\u00ee dide hevala kur\u00ea xwe, dibe sedem ku Eva xwe ji pira bilind a li nava Stockholm\u00ea bav\u00eaje nava deryay\u00ea \u00fb Ron\u00ee j\u00ee li d\u00fb w\u00ea\u2026 \u015eer\u2026 tev\u00ee ku \u015fer\u00ea Koreay\u00ea d\u00fbr\u00ee Kurdistan\u00ea \u00e7\u00eab\u00fbye j\u00ee bandoreke me- zin li ser malbata Ron\u00ee kiriye. \u015eer\u00ea Korea \u00fb rawest\u00eena w\u00ee hi\u015ftiye ku kalk\u00ea Ron\u00ee h\u00ee\u015f\u00ea xwe wenda bike\u2026 Her wisa dil\u00ea bav\u00ea w\u00ee \u015fikest\u00ee dim\u00eene \u00fb hevala w\u00ee j\u00ee \u00eentixar dike \u00fb Roni j\u00ee li d\u00fb w\u00ea\u2026 Ji xeyn\u00ee Eva \u00fb xwendevan\u00ean h\u00eaja w\u00ea kes nizanibe \u00e7ima b\u00fbyer wilo \u00e7\u00eab\u00fbne. Xwendevan\u00ean heja, h\u00fbn j\u00ee ji tu kes\u00ee re ser\u00ea v\u00ea trajediy\u00ea neb\u00eajin!<\/p>\n","protected":false},"excerpt":{"rendered":"<p dir=\"ltr\" style=\"text-align: center\"><strong>Pirt\u00fbk: Eva<br \/>\nNiv\u00eeskar: Varoj T\u00ealo<\/strong><br \/>\n<strong>Cure: Roman<\/strong><\/p>\n","protected":false},"featured_media":5109,"template":"","meta":{"site-sidebar-layout":"default","site-content-layout":"","ast-site-content-layout":"default","site-content-style":"default","site-sidebar-style":"default","ast-global-header-display":"","ast-banner-title-visibility":"","ast-main-header-display":"","ast-hfb-above-header-display":"","ast-hfb-below-header-display":"","ast-hfb-mobile-header-display":"","site-post-title":"","ast-breadcrumbs-content":"","ast-featured-img":"","footer-sml-layout":"","ast-disable-related-posts":"","theme-transparent-header-meta":"default","adv-header-id-meta":"","stick-header-meta":"","header-above-stick-meta":"","header-main-stick-meta":"","header-below-stick-meta":"","astra-migrate-meta-layouts":"set","ast-page-background-enabled":"default","ast-page-background-meta":{"desktop":{"background-color":"","background-image":"","background-repeat":"repeat","background-position":"center center","background-size":"auto","background-attachment":"scroll","background-type":"","background-media":"","overlay-type":"","overlay-color":"","overlay-opacity":"","overlay-gradient":""},"tablet":{"background-color":"","background-image":"","background-repeat":"repeat","background-position":"center center","background-size":"auto","background-attachment":"scroll","background-type":"","background-media":"","overlay-type":"","overlay-color":"","overlay-opacity":"","overlay-gradient":""},"mobile":{"background-color":"","background-image":"","background-repeat":"repeat","background-position":"center center","background-size":"auto","background-attachment":"scroll","background-type":"","background-media":"","overlay-type":"","overlay-color":"","overlay-opacity":"","overlay-gradient":""}},"ast-content-background-meta":{"desktop":{"background-color":"var(--ast-global-color-5)","background-image":"","background-repeat":"repeat","background-position":"center center","background-size":"auto","background-attachment":"scroll","background-type":"","background-media":"","overlay-type":"","overlay-color":"","overlay-opacity":"","overlay-gradient":""},"tablet":{"background-color":"var(--ast-global-color-5)","background-image":"","background-repeat":"repeat","background-position":"center center","background-size":"auto","background-attachment":"scroll","background-type":"","background-media":"","overlay-type":"","overlay-color":"","overlay-opacity":"","overlay-gradient":""},"mobile":{"background-color":"var(--ast-global-color-5)","background-image":"","background-repeat":"repeat","background-position":"center center","background-size":"auto","background-attachment":"scroll","background-type":"","background-media":"","overlay-type":"","overlay-color":"","overlay-opacity":"","overlay-gradient":""}}},"product_brand":[],"product_cat":[182,193],"product_tag":[],"class_list":{"0":"post-12383","1":"product","2":"type-product","3":"status-publish","4":"has-post-thumbnail","6":"product_cat-_","7":"product_cat--_","8":"pa_-roman","9":"pa_-varoj-telo","10":"pa_-kurmanci","11":"pa_--semal-yayinlari","12":"desktop-align-left","13":"tablet-align-left","14":"mobile-align-left","16":"first","17":"instock","18":"shipping-taxable","19":"purchasable","20":"product-type-simple"},"yoast_head":"<!-- This site is optimized with the Yoast SEO plugin v27.4 - https:\/\/yoast.com\/product\/yoast-seo-wordpress\/ -->\n<title>Eva - Varoj T\u00ealo - www.shanabooks.de<\/title>\n<meta name=\"description\" content=\"Eva - Varoj T\u00ealo Ev romana bi nav\u00ea Eva ku nav\u00ea xwe ji lehengeke xwe digire, b\u00fbyer\u00ean w\u00ea li Kurdistan, Korea \u00fb Sw\u00ead\u00ea diqewimin \u00fb tes\u00eera trajediya \u015fereki ku...\" \/>\n<meta name=\"robots\" content=\"index, follow, max-snippet:-1, max-image-preview:large, max-video-preview:-1\" \/>\n<link rel=\"canonical\" href=\"https:\/\/shanabooks.de\/product\/eva-varoj-telo\/\" \/>\n<meta property=\"og:locale\" content=\"de_DE\" \/>\n<meta property=\"og:type\" content=\"article\" \/>\n<meta property=\"og:title\" content=\"Eva - Varoj T\u00ealo - www.shanabooks.de\" \/>\n<meta property=\"og:description\" content=\"Eva - Varoj T\u00ealo Ev romana bi nav\u00ea Eva ku nav\u00ea xwe ji lehengeke xwe digire, b\u00fbyer\u00ean w\u00ea li Kurdistan, Korea \u00fb Sw\u00ead\u00ea diqewimin \u00fb tes\u00eera trajediya \u015fereki ku...\" \/>\n<meta property=\"og:url\" content=\"https:\/\/shanabooks.de\/product\/eva-varoj-telo\/\" \/>\n<meta property=\"og:site_name\" content=\"www.shanabooks.de\" \/>\n<meta property=\"article:modified_time\" content=\"2026-01-02T18:52:29+00:00\" \/>\n<meta property=\"og:image\" content=\"https:\/\/shanabooks.de\/wp-content\/uploads\/2024\/01\/Eva.png\" \/>\n\t<meta property=\"og:image:width\" content=\"277\" \/>\n\t<meta property=\"og:image:height\" content=\"473\" \/>\n\t<meta property=\"og:image:type\" content=\"image\/png\" \/>\n<meta name=\"twitter:card\" content=\"summary_large_image\" \/>\n<meta name=\"twitter:label1\" content=\"Gesch\u00e4tzte Lesezeit\" \/>\n\t<meta name=\"twitter:data1\" content=\"2\u00a0Minuten\" \/>\n<script type=\"application\/ld+json\" class=\"yoast-schema-graph\">{\"@context\":\"https:\\\/\\\/schema.org\",\"@graph\":[{\"@type\":\"WebPage\",\"@id\":\"https:\\\/\\\/shanabooks.de\\\/product\\\/eva-varoj-telo\\\/\",\"url\":\"https:\\\/\\\/shanabooks.de\\\/product\\\/eva-varoj-telo\\\/\",\"name\":\"Eva - Varoj T\u00ealo - www.shanabooks.de\",\"isPartOf\":{\"@id\":\"https:\\\/\\\/shanabooks.de\\\/#website\"},\"primaryImageOfPage\":{\"@id\":\"https:\\\/\\\/shanabooks.de\\\/product\\\/eva-varoj-telo\\\/#primaryimage\"},\"image\":{\"@id\":\"https:\\\/\\\/shanabooks.de\\\/product\\\/eva-varoj-telo\\\/#primaryimage\"},\"thumbnailUrl\":\"https:\\\/\\\/shanabooks.de\\\/wp-content\\\/uploads\\\/2024\\\/01\\\/Eva.png\",\"datePublished\":\"2024-03-03T19:43:35+00:00\",\"dateModified\":\"2026-01-02T18:52:29+00:00\",\"description\":\"Eva - Varoj T\u00ealo Ev romana bi nav\u00ea Eva ku nav\u00ea xwe ji lehengeke xwe digire, b\u00fbyer\u00ean w\u00ea li Kurdistan, Korea \u00fb Sw\u00ead\u00ea diqewimin \u00fb tes\u00eera trajediya \u015fereki ku...\",\"breadcrumb\":{\"@id\":\"https:\\\/\\\/shanabooks.de\\\/product\\\/eva-varoj-telo\\\/#breadcrumb\"},\"inLanguage\":\"de\",\"potentialAction\":[{\"@type\":\"ReadAction\",\"target\":[\"https:\\\/\\\/shanabooks.de\\\/product\\\/eva-varoj-telo\\\/\"]}]},{\"@type\":\"ImageObject\",\"inLanguage\":\"de\",\"@id\":\"https:\\\/\\\/shanabooks.de\\\/product\\\/eva-varoj-telo\\\/#primaryimage\",\"url\":\"https:\\\/\\\/shanabooks.de\\\/wp-content\\\/uploads\\\/2024\\\/01\\\/Eva.png\",\"contentUrl\":\"https:\\\/\\\/shanabooks.de\\\/wp-content\\\/uploads\\\/2024\\\/01\\\/Eva.png\",\"width\":277,\"height\":473,\"caption\":\"Eva - Varoj T\u00ealo - pirt\u00fbk\u00ean kurd\u00ee\"},{\"@type\":\"BreadcrumbList\",\"@id\":\"https:\\\/\\\/shanabooks.de\\\/product\\\/eva-varoj-telo\\\/#breadcrumb\",\"itemListElement\":[{\"@type\":\"ListItem\",\"position\":1,\"name\":\"\u0627\u0644\u0631\u0626\u064a\u0633\u064a\u0629\",\"item\":\"https:\\\/\\\/shanabooks.de\\\/de\\\/\"},{\"@type\":\"ListItem\",\"position\":2,\"name\":\"\u0627\u0644\u0645\u0646\u062a\u062c\u0627\u062a\",\"item\":\"https:\\\/\\\/shanabooks.de\\\/shop\\\/\"},{\"@type\":\"ListItem\",\"position\":3,\"name\":\"Eva\"}]},{\"@type\":\"WebSite\",\"@id\":\"https:\\\/\\\/shanabooks.de\\\/#website\",\"url\":\"https:\\\/\\\/shanabooks.de\\\/\",\"name\":\"www.shanbooks.de\",\"description\":\"C\u00eehana Pirt\u00fbk\u00ean Kurd\u00ee \u0645\u0643\u062a\u0628\u0629 \u0634\u0627\u0646\u0627 \u0641\u064a \u0627\u0644\u0645\u0627\u0646\u064a\u0627 \u0648\u0623\u0648\u0631\u0628\u0627\",\"publisher\":{\"@id\":\"https:\\\/\\\/shanabooks.de\\\/#organization\"},\"potentialAction\":[{\"@type\":\"SearchAction\",\"target\":{\"@type\":\"EntryPoint\",\"urlTemplate\":\"https:\\\/\\\/shanabooks.de\\\/?s={search_term_string}\"},\"query-input\":{\"@type\":\"PropertyValueSpecification\",\"valueRequired\":true,\"valueName\":\"search_term_string\"}}],\"inLanguage\":\"de\"},{\"@type\":\"Organization\",\"@id\":\"https:\\\/\\\/shanabooks.de\\\/#organization\",\"name\":\"www.shanbooks.de\",\"url\":\"https:\\\/\\\/shanabooks.de\\\/\",\"logo\":{\"@type\":\"ImageObject\",\"inLanguage\":\"de\",\"@id\":\"https:\\\/\\\/shanabooks.de\\\/#\\\/schema\\\/logo\\\/image\\\/\",\"url\":\"https:\\\/\\\/shanabooks.de\\\/wp-content\\\/uploads\\\/2024\\\/03\\\/SHANABOOKS__2_-removebg-preview.png\",\"contentUrl\":\"https:\\\/\\\/shanabooks.de\\\/wp-content\\\/uploads\\\/2024\\\/03\\\/SHANABOOKS__2_-removebg-preview.png\",\"width\":700,\"height\":150,\"caption\":\"www.shanbooks.de\"},\"image\":{\"@id\":\"https:\\\/\\\/shanabooks.de\\\/#\\\/schema\\\/logo\\\/image\\\/\"}}]}<\/script>\n<!-- \/ Yoast SEO plugin. -->","yoast_head_json":{"title":"Eva - Varoj T\u00ealo - www.shanabooks.de","description":"Eva - Varoj T\u00ealo Ev romana bi nav\u00ea Eva ku nav\u00ea xwe ji lehengeke xwe digire, b\u00fbyer\u00ean w\u00ea li Kurdistan, Korea \u00fb Sw\u00ead\u00ea diqewimin \u00fb tes\u00eera trajediya \u015fereki ku...","robots":{"index":"index","follow":"follow","max-snippet":"max-snippet:-1","max-image-preview":"max-image-preview:large","max-video-preview":"max-video-preview:-1"},"canonical":"https:\/\/shanabooks.de\/product\/eva-varoj-telo\/","og_locale":"de_DE","og_type":"article","og_title":"Eva - Varoj T\u00ealo - www.shanabooks.de","og_description":"Eva - Varoj T\u00ealo Ev romana bi nav\u00ea Eva ku nav\u00ea xwe ji lehengeke xwe digire, b\u00fbyer\u00ean w\u00ea li Kurdistan, Korea \u00fb Sw\u00ead\u00ea diqewimin \u00fb tes\u00eera trajediya \u015fereki ku...","og_url":"https:\/\/shanabooks.de\/product\/eva-varoj-telo\/","og_site_name":"www.shanabooks.de","article_modified_time":"2026-01-02T18:52:29+00:00","og_image":[{"width":277,"height":473,"url":"https:\/\/shanabooks.de\/wp-content\/uploads\/2024\/01\/Eva.png","type":"image\/png"}],"twitter_card":"summary_large_image","twitter_misc":{"Gesch\u00e4tzte Lesezeit":"2\u00a0Minuten"},"schema":{"@context":"https:\/\/schema.org","@graph":[{"@type":"WebPage","@id":"https:\/\/shanabooks.de\/product\/eva-varoj-telo\/","url":"https:\/\/shanabooks.de\/product\/eva-varoj-telo\/","name":"Eva - Varoj T\u00ealo - www.shanabooks.de","isPartOf":{"@id":"https:\/\/shanabooks.de\/#website"},"primaryImageOfPage":{"@id":"https:\/\/shanabooks.de\/product\/eva-varoj-telo\/#primaryimage"},"image":{"@id":"https:\/\/shanabooks.de\/product\/eva-varoj-telo\/#primaryimage"},"thumbnailUrl":"https:\/\/shanabooks.de\/wp-content\/uploads\/2024\/01\/Eva.png","datePublished":"2024-03-03T19:43:35+00:00","dateModified":"2026-01-02T18:52:29+00:00","description":"Eva - Varoj T\u00ealo Ev romana bi nav\u00ea Eva ku nav\u00ea xwe ji lehengeke xwe digire, b\u00fbyer\u00ean w\u00ea li Kurdistan, Korea \u00fb Sw\u00ead\u00ea diqewimin \u00fb tes\u00eera trajediya \u015fereki ku...","breadcrumb":{"@id":"https:\/\/shanabooks.de\/product\/eva-varoj-telo\/#breadcrumb"},"inLanguage":"de","potentialAction":[{"@type":"ReadAction","target":["https:\/\/shanabooks.de\/product\/eva-varoj-telo\/"]}]},{"@type":"ImageObject","inLanguage":"de","@id":"https:\/\/shanabooks.de\/product\/eva-varoj-telo\/#primaryimage","url":"https:\/\/shanabooks.de\/wp-content\/uploads\/2024\/01\/Eva.png","contentUrl":"https:\/\/shanabooks.de\/wp-content\/uploads\/2024\/01\/Eva.png","width":277,"height":473,"caption":"Eva - Varoj T\u00ealo - pirt\u00fbk\u00ean kurd\u00ee"},{"@type":"BreadcrumbList","@id":"https:\/\/shanabooks.de\/product\/eva-varoj-telo\/#breadcrumb","itemListElement":[{"@type":"ListItem","position":1,"name":"\u0627\u0644\u0631\u0626\u064a\u0633\u064a\u0629","item":"https:\/\/shanabooks.de\/de\/"},{"@type":"ListItem","position":2,"name":"\u0627\u0644\u0645\u0646\u062a\u062c\u0627\u062a","item":"https:\/\/shanabooks.de\/shop\/"},{"@type":"ListItem","position":3,"name":"Eva"}]},{"@type":"WebSite","@id":"https:\/\/shanabooks.de\/#website","url":"https:\/\/shanabooks.de\/","name":"www.shanbooks.de","description":"C\u00eehana Pirt\u00fbk\u00ean Kurd\u00ee \u0645\u0643\u062a\u0628\u0629 \u0634\u0627\u0646\u0627 \u0641\u064a \u0627\u0644\u0645\u0627\u0646\u064a\u0627 \u0648\u0623\u0648\u0631\u0628\u0627","publisher":{"@id":"https:\/\/shanabooks.de\/#organization"},"potentialAction":[{"@type":"SearchAction","target":{"@type":"EntryPoint","urlTemplate":"https:\/\/shanabooks.de\/?s={search_term_string}"},"query-input":{"@type":"PropertyValueSpecification","valueRequired":true,"valueName":"search_term_string"}}],"inLanguage":"de"},{"@type":"Organization","@id":"https:\/\/shanabooks.de\/#organization","name":"www.shanbooks.de","url":"https:\/\/shanabooks.de\/","logo":{"@type":"ImageObject","inLanguage":"de","@id":"https:\/\/shanabooks.de\/#\/schema\/logo\/image\/","url":"https:\/\/shanabooks.de\/wp-content\/uploads\/2024\/03\/SHANABOOKS__2_-removebg-preview.png","contentUrl":"https:\/\/shanabooks.de\/wp-content\/uploads\/2024\/03\/SHANABOOKS__2_-removebg-preview.png","width":700,"height":150,"caption":"www.shanbooks.de"},"image":{"@id":"https:\/\/shanabooks.de\/#\/schema\/logo\/image\/"}}]}},"jetpack_sharing_enabled":true,"_links":{"self":[{"href":"https:\/\/shanabooks.de\/de\/wp-json\/wp\/v2\/product\/12383","targetHints":{"allow":["GET"]}}],"collection":[{"href":"https:\/\/shanabooks.de\/de\/wp-json\/wp\/v2\/product"}],"about":[{"href":"https:\/\/shanabooks.de\/de\/wp-json\/wp\/v2\/types\/product"}],"version-history":[{"count":3,"href":"https:\/\/shanabooks.de\/de\/wp-json\/wp\/v2\/product\/12383\/revisions"}],"predecessor-version":[{"id":19902,"href":"https:\/\/shanabooks.de\/de\/wp-json\/wp\/v2\/product\/12383\/revisions\/19902"}],"wp:featuredmedia":[{"embeddable":true,"href":"https:\/\/shanabooks.de\/de\/wp-json\/wp\/v2\/media\/5109"}],"wp:attachment":[{"href":"https:\/\/shanabooks.de\/de\/wp-json\/wp\/v2\/media?parent=12383"}],"wp:term":[{"taxonomy":"product_brand","embeddable":true,"href":"https:\/\/shanabooks.de\/de\/wp-json\/wp\/v2\/product_brand?post=12383"},{"taxonomy":"product_cat","embeddable":true,"href":"https:\/\/shanabooks.de\/de\/wp-json\/wp\/v2\/product_cat?post=12383"},{"taxonomy":"product_tag","embeddable":true,"href":"https:\/\/shanabooks.de\/de\/wp-json\/wp\/v2\/product_tag?post=12383"}],"curies":[{"name":"wp","href":"https:\/\/api.w.org\/{rel}","templated":true}]}}