{"id":12385,"date":"2024-03-03T19:43:35","date_gmt":"2024-03-03T19:43:35","guid":{"rendered":"https:\/\/shanabooks.de\/?post_type=product&#038;p=12385"},"modified":"2026-01-01T20:14:48","modified_gmt":"2026-01-01T20:14:48","slug":"jana-gel-ibrahim-ehmed","status":"publish","type":"product","link":"https:\/\/shanabooks.de\/de\/product\/jana-gel-ibrahim-ehmed\/","title":{"rendered":"Jana Gel"},"content":{"rendered":"<p dir=\"ltr\"><strong>Jana Gel &#8211; \u00cebrah\u00eem Ehmed<\/strong><\/p>\n<p dir=\"ltr\">Romana navdar, yek ji sembol \u00fb bingeh\u00ean romana kurd\u00ee. Gava ku qala romana kurd\u00ee dibe yek ji nav\u00ean ku p\u00ea\u015f\u00eey\u00ea t\u00ea hi\u015f\u00ea mirov. Xwendevan \u00fb w\u00eajehez\u00ean kurd\u00ee pir ba\u015f w\u00ea nas dikin. Ji roja ku hatiye \u00e7apkirin \u00fb heta niha gelek ti\u015ft li ser\u00ea hatine gotin \u00fb niv\u00eesandin. B\u00fbye mijara gelek l\u00eakol\u00eenan. Ligel \u015eivan\u00ea Kurmanca \u00fb Xat\u00ea Xanim n\u00fbxwiriya romana kurd\u00ee ye.<br \/>\nHer \u00e7iqas p\u00eadiviya Jana Ge<span class=\"text_exposed_show\">l z\u00eade bi danas\u00een\u00ea tune be j\u00ee, div\u00ea mirov \u00e7end gotinan bib\u00eaje. Li gor c\u00eehan\u00ea \u00fb ziman\u00ean c\u00eeran\u00ean me pex\u015fana kurd\u00ee dereng dest p\u00ea kiriye \u00fb pi\u015ft\u00ee werger \u00fb l\u00eaan\u00eenan \u00e7\u00eerok\u00ea li be\u015f\u00ean cuda \u00fb bi zaravay\u00ean cuda roman\u00ean kurd\u00ee hatine niv\u00eesandin. Bi v\u00ee away\u00ee pex\u015fana kurd\u00ee derbas\u00ee asteke n\u00fb b\u00fbye. Ku ev yek di heman dem\u00ea de dibe n\u00ee\u015fana ramangeriya kurd\u00ee bixwe j\u00ee. Di v\u00ea r\u00eaw\u00eet\u00eeya pex\u015fana kurd\u00ee de Jana Gel rawestgeheke gir\u00eeng e.<br \/>\nJana Gel ya \u00cebrah\u00eem Ehmed ku heta niha bi ziman\u00ean cuda \u00fb bi zaravay\u00ean kurd\u00ee y\u00ean cuda hatiye \u00e7apkirin \u2013 \u00eero j\u00ee piraniya roman\u00ean kurd\u00ee h\u00eena s\u00eenor\u00ean zaravay\u00ee derbas nekirine, ji bil\u00ee \u00e7end m\u00eenakan \u2013 careke din ji aliy\u00ea We\u015fanxaneya L\u00ees\u00ea ve t\u00ea \u00e7apkirin. Ber\u00ea j\u00ee ji aliy\u00ea We\u015fanxaneya L\u00ees\u00ea \u00fb hinek we\u015fanxaney\u00ean din ve hatib\u00fb \u00e7apkirin. L\u00ea v\u00ea car\u00ea roman ji n\u00fb ve hatiye redektekirin, pirsgir\u00eak\u00ean vegotin\u00ea \u00fb hevoksaziy\u00ea hatine sererastkirin. Bi baweriya me d\u00ea xwendevan \u00e7\u00eajeke xwe\u015ftir ji v\u00ea \u00e7apa daw\u00een werbigirin.<br \/>\nXwendevan\u00ean h\u00eaja, Jana Gel bi r\u00fb\u00e7ik\u00ea xwe y\u00ea n\u00fb li benda we ye. Ev jan, jana kurd\u00ee ye, jana w\u00eajey\u00ea ye. B\u00eay\u00ee jan\u00ea tu ti\u015ft nawelide. Div\u00ea h\u00fbn j\u00ee bibin p\u00eerika v\u00ea jan\u00ea.<\/span><\/p>\n","protected":false},"excerpt":{"rendered":"<p dir=\"ltr\" style=\"text-align: center\"><strong>Pirt\u00fbk: Jana Gel<br \/>\nNiv\u00eeskar : \u00cebrah\u00eem Ehmed<\/strong><br \/>\n<strong>Cure : Roman<\/strong><\/p>\n","protected":false},"featured_media":12444,"template":"","meta":{"site-sidebar-layout":"default","site-content-layout":"","ast-site-content-layout":"default","site-content-style":"default","site-sidebar-style":"default","ast-global-header-display":"","ast-banner-title-visibility":"","ast-main-header-display":"","ast-hfb-above-header-display":"","ast-hfb-below-header-display":"","ast-hfb-mobile-header-display":"","site-post-title":"","ast-breadcrumbs-content":"","ast-featured-img":"","footer-sml-layout":"","ast-disable-related-posts":"","theme-transparent-header-meta":"default","adv-header-id-meta":"","stick-header-meta":"","header-above-stick-meta":"","header-main-stick-meta":"","header-below-stick-meta":"","astra-migrate-meta-layouts":"set","ast-page-background-enabled":"default","ast-page-background-meta":{"desktop":{"background-color":"","background-image":"","background-repeat":"repeat","background-position":"center center","background-size":"auto","background-attachment":"scroll","background-type":"","background-media":"","overlay-type":"","overlay-color":"","overlay-opacity":"","overlay-gradient":""},"tablet":{"background-color":"","background-image":"","background-repeat":"repeat","background-position":"center center","background-size":"auto","background-attachment":"scroll","background-type":"","background-media":"","overlay-type":"","overlay-color":"","overlay-opacity":"","overlay-gradient":""},"mobile":{"background-color":"","background-image":"","background-repeat":"repeat","background-position":"center center","background-size":"auto","background-attachment":"scroll","background-type":"","background-media":"","overlay-type":"","overlay-color":"","overlay-opacity":"","overlay-gradient":""}},"ast-content-background-meta":{"desktop":{"background-color":"var(--ast-global-color-5)","background-image":"","background-repeat":"repeat","background-position":"center center","background-size":"auto","background-attachment":"scroll","background-type":"","background-media":"","overlay-type":"","overlay-color":"","overlay-opacity":"","overlay-gradient":""},"tablet":{"background-color":"var(--ast-global-color-5)","background-image":"","background-repeat":"repeat","background-position":"center center","background-size":"auto","background-attachment":"scroll","background-type":"","background-media":"","overlay-type":"","overlay-color":"","overlay-opacity":"","overlay-gradient":""},"mobile":{"background-color":"var(--ast-global-color-5)","background-image":"","background-repeat":"repeat","background-position":"center center","background-size":"auto","background-attachment":"scroll","background-type":"","background-media":"","overlay-type":"","overlay-color":"","overlay-opacity":"","overlay-gradient":""}}},"product_brand":[],"product_cat":[182,193],"product_tag":[],"class_list":{"0":"post-12385","1":"product","2":"type-product","3":"status-publish","4":"has-post-thumbnail","6":"product_cat-_","7":"product_cat--_","8":"pa_-roman","9":"pa_-ibrahim-ehmed","10":"pa_-kurmanci","11":"pa_--lis-yayinevi","12":"desktop-align-left","13":"tablet-align-left","14":"mobile-align-left","16":"first","17":"instock","18":"shipping-taxable","19":"purchasable","20":"product-type-simple"},"yoast_head":"<!-- This site is optimized with the Yoast SEO plugin v27.4 - https:\/\/yoast.com\/product\/yoast-seo-wordpress\/ -->\n<title>Jana Gel - \u00cebrah\u00eem Ehmed - www.shanabooks.de<\/title>\n<meta name=\"description\" content=\"Jana Gel - \u00cebrah\u00eem Ehmed Romana navdar, yek ji sembol \u00fb bingeh\u00ean romana kurd\u00ee. Gava ku qala romana kurd\u00ee dibe yek ji nav\u00ean ku p\u00ea\u015f\u00eey\u00ea t\u00ea hi\u015f\u00ea mirov. Xwend...\" \/>\n<meta name=\"robots\" content=\"index, follow, max-snippet:-1, max-image-preview:large, max-video-preview:-1\" \/>\n<link rel=\"canonical\" href=\"https:\/\/shanabooks.de\/product\/jana-gel-ibrahim-ehmed\/\" \/>\n<meta property=\"og:locale\" content=\"de_DE\" \/>\n<meta property=\"og:type\" content=\"article\" \/>\n<meta property=\"og:title\" content=\"Jana Gel - \u00cebrah\u00eem Ehmed - www.shanabooks.de\" \/>\n<meta property=\"og:description\" content=\"Jana Gel - \u00cebrah\u00eem Ehmed Romana navdar, yek ji sembol \u00fb bingeh\u00ean romana kurd\u00ee. Gava ku qala romana kurd\u00ee dibe yek ji nav\u00ean ku p\u00ea\u015f\u00eey\u00ea t\u00ea hi\u015f\u00ea mirov. Xwend...\" \/>\n<meta property=\"og:url\" content=\"https:\/\/shanabooks.de\/product\/jana-gel-ibrahim-ehmed\/\" \/>\n<meta property=\"og:site_name\" content=\"www.shanabooks.de\" \/>\n<meta property=\"article:modified_time\" content=\"2026-01-01T20:14:48+00:00\" \/>\n<meta property=\"og:image\" content=\"https:\/\/shanabooks.de\/wp-content\/uploads\/2024\/03\/Jana-Gel.png\" \/>\n\t<meta property=\"og:image:width\" content=\"261\" \/>\n\t<meta property=\"og:image:height\" content=\"466\" \/>\n\t<meta property=\"og:image:type\" content=\"image\/png\" \/>\n<meta name=\"twitter:card\" content=\"summary_large_image\" \/>\n<meta name=\"twitter:label1\" content=\"Gesch\u00e4tzte Lesezeit\" \/>\n\t<meta name=\"twitter:data1\" content=\"3\u00a0Minuten\" \/>\n<script type=\"application\/ld+json\" class=\"yoast-schema-graph\">{\"@context\":\"https:\\\/\\\/schema.org\",\"@graph\":[{\"@type\":\"WebPage\",\"@id\":\"https:\\\/\\\/shanabooks.de\\\/product\\\/jana-gel-ibrahim-ehmed\\\/\",\"url\":\"https:\\\/\\\/shanabooks.de\\\/product\\\/jana-gel-ibrahim-ehmed\\\/\",\"name\":\"Jana Gel - \u00cebrah\u00eem Ehmed - www.shanabooks.de\",\"isPartOf\":{\"@id\":\"https:\\\/\\\/shanabooks.de\\\/#website\"},\"primaryImageOfPage\":{\"@id\":\"https:\\\/\\\/shanabooks.de\\\/product\\\/jana-gel-ibrahim-ehmed\\\/#primaryimage\"},\"image\":{\"@id\":\"https:\\\/\\\/shanabooks.de\\\/product\\\/jana-gel-ibrahim-ehmed\\\/#primaryimage\"},\"thumbnailUrl\":\"https:\\\/\\\/shanabooks.de\\\/wp-content\\\/uploads\\\/2024\\\/03\\\/Jana-Gel.png\",\"datePublished\":\"2024-03-03T19:43:35+00:00\",\"dateModified\":\"2026-01-01T20:14:48+00:00\",\"description\":\"Jana Gel - \u00cebrah\u00eem Ehmed Romana navdar, yek ji sembol \u00fb bingeh\u00ean romana kurd\u00ee. Gava ku qala romana kurd\u00ee dibe yek ji nav\u00ean ku p\u00ea\u015f\u00eey\u00ea t\u00ea hi\u015f\u00ea mirov. Xwend...\",\"breadcrumb\":{\"@id\":\"https:\\\/\\\/shanabooks.de\\\/product\\\/jana-gel-ibrahim-ehmed\\\/#breadcrumb\"},\"inLanguage\":\"de\",\"potentialAction\":[{\"@type\":\"ReadAction\",\"target\":[\"https:\\\/\\\/shanabooks.de\\\/product\\\/jana-gel-ibrahim-ehmed\\\/\"]}]},{\"@type\":\"ImageObject\",\"inLanguage\":\"de\",\"@id\":\"https:\\\/\\\/shanabooks.de\\\/product\\\/jana-gel-ibrahim-ehmed\\\/#primaryimage\",\"url\":\"https:\\\/\\\/shanabooks.de\\\/wp-content\\\/uploads\\\/2024\\\/03\\\/Jana-Gel.png\",\"contentUrl\":\"https:\\\/\\\/shanabooks.de\\\/wp-content\\\/uploads\\\/2024\\\/03\\\/Jana-Gel.png\",\"width\":261,\"height\":466,\"caption\":\"Jana Gel - \u00cebrah\u00eem Ehmed - pirt\u00fbk\u00ean kurd\u00ee\"},{\"@type\":\"BreadcrumbList\",\"@id\":\"https:\\\/\\\/shanabooks.de\\\/product\\\/jana-gel-ibrahim-ehmed\\\/#breadcrumb\",\"itemListElement\":[{\"@type\":\"ListItem\",\"position\":1,\"name\":\"\u0627\u0644\u0631\u0626\u064a\u0633\u064a\u0629\",\"item\":\"https:\\\/\\\/shanabooks.de\\\/de\\\/\"},{\"@type\":\"ListItem\",\"position\":2,\"name\":\"\u0627\u0644\u0645\u0646\u062a\u062c\u0627\u062a\",\"item\":\"https:\\\/\\\/shanabooks.de\\\/shop\\\/\"},{\"@type\":\"ListItem\",\"position\":3,\"name\":\"Jana Gel\"}]},{\"@type\":\"WebSite\",\"@id\":\"https:\\\/\\\/shanabooks.de\\\/#website\",\"url\":\"https:\\\/\\\/shanabooks.de\\\/\",\"name\":\"www.shanbooks.de\",\"description\":\"C\u00eehana Pirt\u00fbk\u00ean Kurd\u00ee \u0645\u0643\u062a\u0628\u0629 \u0634\u0627\u0646\u0627 \u0641\u064a \u0627\u0644\u0645\u0627\u0646\u064a\u0627 \u0648\u0623\u0648\u0631\u0628\u0627\",\"publisher\":{\"@id\":\"https:\\\/\\\/shanabooks.de\\\/#organization\"},\"potentialAction\":[{\"@type\":\"SearchAction\",\"target\":{\"@type\":\"EntryPoint\",\"urlTemplate\":\"https:\\\/\\\/shanabooks.de\\\/?s={search_term_string}\"},\"query-input\":{\"@type\":\"PropertyValueSpecification\",\"valueRequired\":true,\"valueName\":\"search_term_string\"}}],\"inLanguage\":\"de\"},{\"@type\":\"Organization\",\"@id\":\"https:\\\/\\\/shanabooks.de\\\/#organization\",\"name\":\"www.shanbooks.de\",\"url\":\"https:\\\/\\\/shanabooks.de\\\/\",\"logo\":{\"@type\":\"ImageObject\",\"inLanguage\":\"de\",\"@id\":\"https:\\\/\\\/shanabooks.de\\\/#\\\/schema\\\/logo\\\/image\\\/\",\"url\":\"https:\\\/\\\/shanabooks.de\\\/wp-content\\\/uploads\\\/2024\\\/03\\\/SHANABOOKS__2_-removebg-preview.png\",\"contentUrl\":\"https:\\\/\\\/shanabooks.de\\\/wp-content\\\/uploads\\\/2024\\\/03\\\/SHANABOOKS__2_-removebg-preview.png\",\"width\":700,\"height\":150,\"caption\":\"www.shanbooks.de\"},\"image\":{\"@id\":\"https:\\\/\\\/shanabooks.de\\\/#\\\/schema\\\/logo\\\/image\\\/\"}}]}<\/script>\n<!-- \/ Yoast SEO plugin. -->","yoast_head_json":{"title":"Jana Gel - \u00cebrah\u00eem Ehmed - www.shanabooks.de","description":"Jana Gel - \u00cebrah\u00eem Ehmed Romana navdar, yek ji sembol \u00fb bingeh\u00ean romana kurd\u00ee. Gava ku qala romana kurd\u00ee dibe yek ji nav\u00ean ku p\u00ea\u015f\u00eey\u00ea t\u00ea hi\u015f\u00ea mirov. Xwend...","robots":{"index":"index","follow":"follow","max-snippet":"max-snippet:-1","max-image-preview":"max-image-preview:large","max-video-preview":"max-video-preview:-1"},"canonical":"https:\/\/shanabooks.de\/product\/jana-gel-ibrahim-ehmed\/","og_locale":"de_DE","og_type":"article","og_title":"Jana Gel - \u00cebrah\u00eem Ehmed - www.shanabooks.de","og_description":"Jana Gel - \u00cebrah\u00eem Ehmed Romana navdar, yek ji sembol \u00fb bingeh\u00ean romana kurd\u00ee. Gava ku qala romana kurd\u00ee dibe yek ji nav\u00ean ku p\u00ea\u015f\u00eey\u00ea t\u00ea hi\u015f\u00ea mirov. Xwend...","og_url":"https:\/\/shanabooks.de\/product\/jana-gel-ibrahim-ehmed\/","og_site_name":"www.shanabooks.de","article_modified_time":"2026-01-01T20:14:48+00:00","og_image":[{"width":261,"height":466,"url":"https:\/\/shanabooks.de\/wp-content\/uploads\/2024\/03\/Jana-Gel.png","type":"image\/png"}],"twitter_card":"summary_large_image","twitter_misc":{"Gesch\u00e4tzte Lesezeit":"3\u00a0Minuten"},"schema":{"@context":"https:\/\/schema.org","@graph":[{"@type":"WebPage","@id":"https:\/\/shanabooks.de\/product\/jana-gel-ibrahim-ehmed\/","url":"https:\/\/shanabooks.de\/product\/jana-gel-ibrahim-ehmed\/","name":"Jana Gel - \u00cebrah\u00eem Ehmed - www.shanabooks.de","isPartOf":{"@id":"https:\/\/shanabooks.de\/#website"},"primaryImageOfPage":{"@id":"https:\/\/shanabooks.de\/product\/jana-gel-ibrahim-ehmed\/#primaryimage"},"image":{"@id":"https:\/\/shanabooks.de\/product\/jana-gel-ibrahim-ehmed\/#primaryimage"},"thumbnailUrl":"https:\/\/shanabooks.de\/wp-content\/uploads\/2024\/03\/Jana-Gel.png","datePublished":"2024-03-03T19:43:35+00:00","dateModified":"2026-01-01T20:14:48+00:00","description":"Jana Gel - \u00cebrah\u00eem Ehmed Romana navdar, yek ji sembol \u00fb bingeh\u00ean romana kurd\u00ee. Gava ku qala romana kurd\u00ee dibe yek ji nav\u00ean ku p\u00ea\u015f\u00eey\u00ea t\u00ea hi\u015f\u00ea mirov. Xwend...","breadcrumb":{"@id":"https:\/\/shanabooks.de\/product\/jana-gel-ibrahim-ehmed\/#breadcrumb"},"inLanguage":"de","potentialAction":[{"@type":"ReadAction","target":["https:\/\/shanabooks.de\/product\/jana-gel-ibrahim-ehmed\/"]}]},{"@type":"ImageObject","inLanguage":"de","@id":"https:\/\/shanabooks.de\/product\/jana-gel-ibrahim-ehmed\/#primaryimage","url":"https:\/\/shanabooks.de\/wp-content\/uploads\/2024\/03\/Jana-Gel.png","contentUrl":"https:\/\/shanabooks.de\/wp-content\/uploads\/2024\/03\/Jana-Gel.png","width":261,"height":466,"caption":"Jana Gel - \u00cebrah\u00eem Ehmed - pirt\u00fbk\u00ean kurd\u00ee"},{"@type":"BreadcrumbList","@id":"https:\/\/shanabooks.de\/product\/jana-gel-ibrahim-ehmed\/#breadcrumb","itemListElement":[{"@type":"ListItem","position":1,"name":"\u0627\u0644\u0631\u0626\u064a\u0633\u064a\u0629","item":"https:\/\/shanabooks.de\/de\/"},{"@type":"ListItem","position":2,"name":"\u0627\u0644\u0645\u0646\u062a\u062c\u0627\u062a","item":"https:\/\/shanabooks.de\/shop\/"},{"@type":"ListItem","position":3,"name":"Jana Gel"}]},{"@type":"WebSite","@id":"https:\/\/shanabooks.de\/#website","url":"https:\/\/shanabooks.de\/","name":"www.shanbooks.de","description":"C\u00eehana Pirt\u00fbk\u00ean Kurd\u00ee \u0645\u0643\u062a\u0628\u0629 \u0634\u0627\u0646\u0627 \u0641\u064a \u0627\u0644\u0645\u0627\u0646\u064a\u0627 \u0648\u0623\u0648\u0631\u0628\u0627","publisher":{"@id":"https:\/\/shanabooks.de\/#organization"},"potentialAction":[{"@type":"SearchAction","target":{"@type":"EntryPoint","urlTemplate":"https:\/\/shanabooks.de\/?s={search_term_string}"},"query-input":{"@type":"PropertyValueSpecification","valueRequired":true,"valueName":"search_term_string"}}],"inLanguage":"de"},{"@type":"Organization","@id":"https:\/\/shanabooks.de\/#organization","name":"www.shanbooks.de","url":"https:\/\/shanabooks.de\/","logo":{"@type":"ImageObject","inLanguage":"de","@id":"https:\/\/shanabooks.de\/#\/schema\/logo\/image\/","url":"https:\/\/shanabooks.de\/wp-content\/uploads\/2024\/03\/SHANABOOKS__2_-removebg-preview.png","contentUrl":"https:\/\/shanabooks.de\/wp-content\/uploads\/2024\/03\/SHANABOOKS__2_-removebg-preview.png","width":700,"height":150,"caption":"www.shanbooks.de"},"image":{"@id":"https:\/\/shanabooks.de\/#\/schema\/logo\/image\/"}}]}},"jetpack_sharing_enabled":true,"_links":{"self":[{"href":"https:\/\/shanabooks.de\/de\/wp-json\/wp\/v2\/product\/12385","targetHints":{"allow":["GET"]}}],"collection":[{"href":"https:\/\/shanabooks.de\/de\/wp-json\/wp\/v2\/product"}],"about":[{"href":"https:\/\/shanabooks.de\/de\/wp-json\/wp\/v2\/types\/product"}],"version-history":[{"count":3,"href":"https:\/\/shanabooks.de\/de\/wp-json\/wp\/v2\/product\/12385\/revisions"}],"predecessor-version":[{"id":20873,"href":"https:\/\/shanabooks.de\/de\/wp-json\/wp\/v2\/product\/12385\/revisions\/20873"}],"wp:featuredmedia":[{"embeddable":true,"href":"https:\/\/shanabooks.de\/de\/wp-json\/wp\/v2\/media\/12444"}],"wp:attachment":[{"href":"https:\/\/shanabooks.de\/de\/wp-json\/wp\/v2\/media?parent=12385"}],"wp:term":[{"taxonomy":"product_brand","embeddable":true,"href":"https:\/\/shanabooks.de\/de\/wp-json\/wp\/v2\/product_brand?post=12385"},{"taxonomy":"product_cat","embeddable":true,"href":"https:\/\/shanabooks.de\/de\/wp-json\/wp\/v2\/product_cat?post=12385"},{"taxonomy":"product_tag","embeddable":true,"href":"https:\/\/shanabooks.de\/de\/wp-json\/wp\/v2\/product_tag?post=12385"}],"curies":[{"name":"wp","href":"https:\/\/api.w.org\/{rel}","templated":true}]}}