{"id":12386,"date":"2024-03-03T19:43:35","date_gmt":"2024-03-03T19:43:35","guid":{"rendered":"https:\/\/shanabooks.de\/?post_type=product&#038;p=12386"},"modified":"2024-03-19T20:39:36","modified_gmt":"2024-03-19T20:39:36","slug":"siya-nepene-mahir-bagok","status":"publish","type":"product","link":"https:\/\/shanabooks.de\/de\/product\/siya-nepene-mahir-bagok\/","title":{"rendered":"Siya Nepen\u00ea"},"content":{"rendered":"<p dir=\"ltr\"><strong>Siya Nepen\u00ea &#8211; Mahir Bagok\u00a0<\/strong><\/p>\n<p dir=\"ltr\">Romana Siya Nepen\u00ea ya Mahir Bagok.<\/p>\n<p dir=\"ltr\">Gulbedewa min, Gulban\u00fbya min, Guljiyana min! V\u00eaga li fuar\u00ea r\u00fbni\u015ftime \u00fb hest\u00ean ku niha bi min re \u00e7\u00eab\u00fbne ji te re diniv\u00ees\u00eenim. Li ber birkeke tij\u00ee av im. Di hundir\u00ea birk\u00ea de kelekeke bi\u00e7\u00fbk heye, du ev\u00eendar li kelek\u00ea suwar b\u00fbne \u00fb k\u00eaf \u00fb co\u015f \u00fb e\u015fqa xwe parvedikin. De were \u00fb bira kezeba min ne\u015fewite, dil bang\u00ee te neke\u2026 Ez \u00ea \u00e7awa karibim ji b\u00eay\u00ee te bij\u00eem? \u00c7end ordeg j\u00ee li teni\u015fta kelek\u00ea avjen\u00ee dil\u00eezin. Ser\u00ea xwe noq\u00ee nav av\u00ea dikin; dema em zarok b\u00fbn em diketin \u00e7em\u00ea \u00c7ex\u00e7ex\u00ea \u00fb me j\u00ee wek van ordegan ser\u00ea xwe di av\u00ea de dadikirin\u2026 V\u00eaga ten\u00ea li ser mas\u00ea r\u00fbni\u015ftime \u00fb ji te re v\u00ea namey\u00ea diniv\u00ees\u00eenim. Wilqas\u00ee dil\u00ea min z\u00eez b\u00fby\u00ea ku, ez dixwazim dil\u00ea xwe y\u00ea ji bo te bir\u00eendar, weke \u00e7emek\u00ee ram\u00fbsanan ber bi te ve biherik\u00eenim. Tu j\u00ee b\u00eesk\u00ean porr\u00ea xwe y\u00ea zer, bi derziya l\u00eav\u00ean xwe bi dil\u00ea min ve bidir\u00fb, ku bir\u00eena veqet\u00een\u00ea hinek\u00ee puxte bibe\u2026 Pay\u00eez e, pel\u00ean daran diwe\u015fin. Halb\u00fbk\u00ee bi hezkirina te re kul\u00eelk\u00ean dil\u00ea min dibi\u015fkiv\u00een. Ku \u00eeja te bib\u00eenim, \u00ead\u00ee tu kes \u00ea nikaribe min zemt bike\u2026 V\u00eaga du ev\u00eendar di ber min re derbas b\u00fbn \u00fb li maseya k\u00ealeka min r\u00fbni\u015ftin. Dest\u00ea xwe av\u00eatin stuy\u00ea hev, ji xwe re li birka fuar\u00ea din\u00earin. Bi d\u00eetina wan re keserek k\u00fbr ji nav l\u00eav\u00ean min difirre. Heya demek ber\u00ea em j\u00ee wilo li k\u00ealeka hev b\u00fbn. Dest\u00ea me di stuy\u00ea hev de b\u00fbn. Me ti\u015ft\u00ean ji van her du ev\u00eendaran behtir dikir. Me ram\u00fbsan\u00ean bi diz\u00ee li qeraxa l\u00eav\u00ean hev dixistin. Guljiyana min, weke muhabeta cemreya bihar\u00ea xwe\u015f b\u00fb\u2026 V\u00ea Nepen\u00ea em ji hev d\u00fbr xistin. B\u00fb siya ber dil\u00ea me. Ji tirsa w\u00ea \u00ead\u00ee hew diw\u00earim di ber mala w\u00ea de bi\u00e7\u00fbma. Ji ne\u00e7ar\u00ee min ber\u00ea xwe da van deran. Tu j\u00ee di bin siya w\u00ea de girt\u00ee maye. Siya w\u00ea b\u00fbye janek \u00fb xwe berdaye ser riya hezkirina me\u2026<\/p>\n","protected":false},"excerpt":{"rendered":"<p dir=\"ltr\" style=\"text-align: center\"><strong>Pirt\u00fbk: Siya Nepen\u00ea<br \/>\nNiv\u00eeskar: Mahir Bagok<\/strong><br \/>\n<strong>Cure: Roman<\/strong><\/p>\n","protected":false},"featured_media":12446,"template":"","meta":{"site-sidebar-layout":"default","site-content-layout":"","ast-site-content-layout":"default","site-content-style":"default","site-sidebar-style":"default","ast-global-header-display":"","ast-banner-title-visibility":"","ast-main-header-display":"","ast-hfb-above-header-display":"","ast-hfb-below-header-display":"","ast-hfb-mobile-header-display":"","site-post-title":"","ast-breadcrumbs-content":"","ast-featured-img":"","footer-sml-layout":"","ast-disable-related-posts":"","theme-transparent-header-meta":"default","adv-header-id-meta":"","stick-header-meta":"","header-above-stick-meta":"","header-main-stick-meta":"","header-below-stick-meta":"","astra-migrate-meta-layouts":"set","ast-page-background-enabled":"default","ast-page-background-meta":{"desktop":{"background-color":"","background-image":"","background-repeat":"repeat","background-position":"center center","background-size":"auto","background-attachment":"scroll","background-type":"","background-media":"","overlay-type":"","overlay-color":"","overlay-opacity":"","overlay-gradient":""},"tablet":{"background-color":"","background-image":"","background-repeat":"repeat","background-position":"center center","background-size":"auto","background-attachment":"scroll","background-type":"","background-media":"","overlay-type":"","overlay-color":"","overlay-opacity":"","overlay-gradient":""},"mobile":{"background-color":"","background-image":"","background-repeat":"repeat","background-position":"center center","background-size":"auto","background-attachment":"scroll","background-type":"","background-media":"","overlay-type":"","overlay-color":"","overlay-opacity":"","overlay-gradient":""}},"ast-content-background-meta":{"desktop":{"background-color":"var(--ast-global-color-5)","background-image":"","background-repeat":"repeat","background-position":"center center","background-size":"auto","background-attachment":"scroll","background-type":"","background-media":"","overlay-type":"","overlay-color":"","overlay-opacity":"","overlay-gradient":""},"tablet":{"background-color":"var(--ast-global-color-5)","background-image":"","background-repeat":"repeat","background-position":"center center","background-size":"auto","background-attachment":"scroll","background-type":"","background-media":"","overlay-type":"","overlay-color":"","overlay-opacity":"","overlay-gradient":""},"mobile":{"background-color":"var(--ast-global-color-5)","background-image":"","background-repeat":"repeat","background-position":"center center","background-size":"auto","background-attachment":"scroll","background-type":"","background-media":"","overlay-type":"","overlay-color":"","overlay-opacity":"","overlay-gradient":""}}},"product_brand":[],"product_cat":[182,193],"product_tag":[],"class_list":{"0":"post-12386","1":"product","2":"type-product","3":"status-publish","4":"has-post-thumbnail","6":"product_cat-_","7":"product_cat--_","8":"pa_-roman","9":"pa_-mahir-bagok","10":"pa_-kurmanci","11":"pa_--wesanen-na","12":"desktop-align-left","13":"tablet-align-left","14":"mobile-align-left","16":"first","17":"instock","18":"shipping-taxable","19":"purchasable","20":"product-type-simple"},"yoast_head":"<!-- This site is optimized with the Yoast SEO plugin v27.4 - https:\/\/yoast.com\/product\/yoast-seo-wordpress\/ -->\n<title>Siya Nepen\u00ea - Mahir Bagok - www.shanabooks.de<\/title>\n<meta name=\"description\" content=\"Siya Nepen\u00ea - Mahir Bagok\u00a0Romana Siya Nepen\u00ea ya Mahir Bagok.Gulbedewa min, Gulban\u00fbya min, Guljiyana min! V\u00eaga li fuar\u00ea r\u00fbni\u015ftime \u00fb hest\u00ean ku niha bi min...\" \/>\n<meta name=\"robots\" content=\"index, follow, max-snippet:-1, max-image-preview:large, max-video-preview:-1\" \/>\n<link rel=\"canonical\" href=\"https:\/\/shanabooks.de\/product\/siya-nepene-mahir-bagok\/\" \/>\n<meta property=\"og:locale\" content=\"de_DE\" \/>\n<meta property=\"og:type\" content=\"article\" \/>\n<meta property=\"og:title\" content=\"Siya Nepen\u00ea - Mahir Bagok - www.shanabooks.de\" \/>\n<meta property=\"og:description\" content=\"Siya Nepen\u00ea - Mahir Bagok\u00a0Romana Siya Nepen\u00ea ya Mahir Bagok.Gulbedewa min, Gulban\u00fbya min, Guljiyana min! V\u00eaga li fuar\u00ea r\u00fbni\u015ftime \u00fb hest\u00ean ku niha bi min...\" \/>\n<meta property=\"og:url\" content=\"https:\/\/shanabooks.de\/product\/siya-nepene-mahir-bagok\/\" \/>\n<meta property=\"og:site_name\" content=\"www.shanabooks.de\" \/>\n<meta property=\"article:modified_time\" content=\"2024-03-19T20:39:36+00:00\" \/>\n<meta property=\"og:image\" content=\"https:\/\/shanabooks.de\/wp-content\/uploads\/2024\/03\/Siya-nepene.png\" \/>\n\t<meta property=\"og:image:width\" content=\"284\" \/>\n\t<meta property=\"og:image:height\" content=\"471\" \/>\n\t<meta property=\"og:image:type\" content=\"image\/png\" \/>\n<meta name=\"twitter:card\" content=\"summary_large_image\" \/>\n<meta name=\"twitter:label1\" content=\"Gesch\u00e4tzte Lesezeit\" \/>\n\t<meta name=\"twitter:data1\" content=\"3\u00a0Minuten\" \/>\n<script type=\"application\/ld+json\" class=\"yoast-schema-graph\">{\"@context\":\"https:\\\/\\\/schema.org\",\"@graph\":[{\"@type\":\"WebPage\",\"@id\":\"https:\\\/\\\/shanabooks.de\\\/product\\\/siya-nepene-mahir-bagok\\\/\",\"url\":\"https:\\\/\\\/shanabooks.de\\\/product\\\/siya-nepene-mahir-bagok\\\/\",\"name\":\"Siya Nepen\u00ea - Mahir Bagok - www.shanabooks.de\",\"isPartOf\":{\"@id\":\"https:\\\/\\\/shanabooks.de\\\/#website\"},\"primaryImageOfPage\":{\"@id\":\"https:\\\/\\\/shanabooks.de\\\/product\\\/siya-nepene-mahir-bagok\\\/#primaryimage\"},\"image\":{\"@id\":\"https:\\\/\\\/shanabooks.de\\\/product\\\/siya-nepene-mahir-bagok\\\/#primaryimage\"},\"thumbnailUrl\":\"https:\\\/\\\/shanabooks.de\\\/wp-content\\\/uploads\\\/2024\\\/03\\\/Siya-nepene.png\",\"datePublished\":\"2024-03-03T19:43:35+00:00\",\"dateModified\":\"2024-03-19T20:39:36+00:00\",\"description\":\"Siya Nepen\u00ea - Mahir Bagok\u00a0Romana Siya Nepen\u00ea ya Mahir Bagok.Gulbedewa min, Gulban\u00fbya min, Guljiyana min! V\u00eaga li fuar\u00ea r\u00fbni\u015ftime \u00fb hest\u00ean ku niha bi min...\",\"breadcrumb\":{\"@id\":\"https:\\\/\\\/shanabooks.de\\\/product\\\/siya-nepene-mahir-bagok\\\/#breadcrumb\"},\"inLanguage\":\"de\",\"potentialAction\":[{\"@type\":\"ReadAction\",\"target\":[\"https:\\\/\\\/shanabooks.de\\\/product\\\/siya-nepene-mahir-bagok\\\/\"]}]},{\"@type\":\"ImageObject\",\"inLanguage\":\"de\",\"@id\":\"https:\\\/\\\/shanabooks.de\\\/product\\\/siya-nepene-mahir-bagok\\\/#primaryimage\",\"url\":\"https:\\\/\\\/shanabooks.de\\\/wp-content\\\/uploads\\\/2024\\\/03\\\/Siya-nepene.png\",\"contentUrl\":\"https:\\\/\\\/shanabooks.de\\\/wp-content\\\/uploads\\\/2024\\\/03\\\/Siya-nepene.png\",\"width\":284,\"height\":471},{\"@type\":\"BreadcrumbList\",\"@id\":\"https:\\\/\\\/shanabooks.de\\\/product\\\/siya-nepene-mahir-bagok\\\/#breadcrumb\",\"itemListElement\":[{\"@type\":\"ListItem\",\"position\":1,\"name\":\"\u0627\u0644\u0631\u0626\u064a\u0633\u064a\u0629\",\"item\":\"https:\\\/\\\/shanabooks.de\\\/de\\\/\"},{\"@type\":\"ListItem\",\"position\":2,\"name\":\"\u0627\u0644\u0645\u0646\u062a\u062c\u0627\u062a\",\"item\":\"https:\\\/\\\/shanabooks.de\\\/shop\\\/\"},{\"@type\":\"ListItem\",\"position\":3,\"name\":\"Siya Nepen\u00ea\"}]},{\"@type\":\"WebSite\",\"@id\":\"https:\\\/\\\/shanabooks.de\\\/#website\",\"url\":\"https:\\\/\\\/shanabooks.de\\\/\",\"name\":\"www.shanbooks.de\",\"description\":\"C\u00eehana Pirt\u00fbk\u00ean Kurd\u00ee \u0645\u0643\u062a\u0628\u0629 \u0634\u0627\u0646\u0627 \u0641\u064a \u0627\u0644\u0645\u0627\u0646\u064a\u0627 \u0648\u0623\u0648\u0631\u0628\u0627\",\"publisher\":{\"@id\":\"https:\\\/\\\/shanabooks.de\\\/#organization\"},\"potentialAction\":[{\"@type\":\"SearchAction\",\"target\":{\"@type\":\"EntryPoint\",\"urlTemplate\":\"https:\\\/\\\/shanabooks.de\\\/?s={search_term_string}\"},\"query-input\":{\"@type\":\"PropertyValueSpecification\",\"valueRequired\":true,\"valueName\":\"search_term_string\"}}],\"inLanguage\":\"de\"},{\"@type\":\"Organization\",\"@id\":\"https:\\\/\\\/shanabooks.de\\\/#organization\",\"name\":\"www.shanbooks.de\",\"url\":\"https:\\\/\\\/shanabooks.de\\\/\",\"logo\":{\"@type\":\"ImageObject\",\"inLanguage\":\"de\",\"@id\":\"https:\\\/\\\/shanabooks.de\\\/#\\\/schema\\\/logo\\\/image\\\/\",\"url\":\"https:\\\/\\\/shanabooks.de\\\/wp-content\\\/uploads\\\/2024\\\/03\\\/SHANABOOKS__2_-removebg-preview.png\",\"contentUrl\":\"https:\\\/\\\/shanabooks.de\\\/wp-content\\\/uploads\\\/2024\\\/03\\\/SHANABOOKS__2_-removebg-preview.png\",\"width\":700,\"height\":150,\"caption\":\"www.shanbooks.de\"},\"image\":{\"@id\":\"https:\\\/\\\/shanabooks.de\\\/#\\\/schema\\\/logo\\\/image\\\/\"}}]}<\/script>\n<!-- \/ Yoast SEO plugin. -->","yoast_head_json":{"title":"Siya Nepen\u00ea - Mahir Bagok - www.shanabooks.de","description":"Siya Nepen\u00ea - Mahir Bagok\u00a0Romana Siya Nepen\u00ea ya Mahir Bagok.Gulbedewa min, Gulban\u00fbya min, Guljiyana min! V\u00eaga li fuar\u00ea r\u00fbni\u015ftime \u00fb hest\u00ean ku niha bi min...","robots":{"index":"index","follow":"follow","max-snippet":"max-snippet:-1","max-image-preview":"max-image-preview:large","max-video-preview":"max-video-preview:-1"},"canonical":"https:\/\/shanabooks.de\/product\/siya-nepene-mahir-bagok\/","og_locale":"de_DE","og_type":"article","og_title":"Siya Nepen\u00ea - Mahir Bagok - www.shanabooks.de","og_description":"Siya Nepen\u00ea - Mahir Bagok\u00a0Romana Siya Nepen\u00ea ya Mahir Bagok.Gulbedewa min, Gulban\u00fbya min, Guljiyana min! V\u00eaga li fuar\u00ea r\u00fbni\u015ftime \u00fb hest\u00ean ku niha bi min...","og_url":"https:\/\/shanabooks.de\/product\/siya-nepene-mahir-bagok\/","og_site_name":"www.shanabooks.de","article_modified_time":"2024-03-19T20:39:36+00:00","og_image":[{"width":284,"height":471,"url":"https:\/\/shanabooks.de\/wp-content\/uploads\/2024\/03\/Siya-nepene.png","type":"image\/png"}],"twitter_card":"summary_large_image","twitter_misc":{"Gesch\u00e4tzte Lesezeit":"3\u00a0Minuten"},"schema":{"@context":"https:\/\/schema.org","@graph":[{"@type":"WebPage","@id":"https:\/\/shanabooks.de\/product\/siya-nepene-mahir-bagok\/","url":"https:\/\/shanabooks.de\/product\/siya-nepene-mahir-bagok\/","name":"Siya Nepen\u00ea - Mahir Bagok - www.shanabooks.de","isPartOf":{"@id":"https:\/\/shanabooks.de\/#website"},"primaryImageOfPage":{"@id":"https:\/\/shanabooks.de\/product\/siya-nepene-mahir-bagok\/#primaryimage"},"image":{"@id":"https:\/\/shanabooks.de\/product\/siya-nepene-mahir-bagok\/#primaryimage"},"thumbnailUrl":"https:\/\/shanabooks.de\/wp-content\/uploads\/2024\/03\/Siya-nepene.png","datePublished":"2024-03-03T19:43:35+00:00","dateModified":"2024-03-19T20:39:36+00:00","description":"Siya Nepen\u00ea - Mahir Bagok\u00a0Romana Siya Nepen\u00ea ya Mahir Bagok.Gulbedewa min, Gulban\u00fbya min, Guljiyana min! V\u00eaga li fuar\u00ea r\u00fbni\u015ftime \u00fb hest\u00ean ku niha bi min...","breadcrumb":{"@id":"https:\/\/shanabooks.de\/product\/siya-nepene-mahir-bagok\/#breadcrumb"},"inLanguage":"de","potentialAction":[{"@type":"ReadAction","target":["https:\/\/shanabooks.de\/product\/siya-nepene-mahir-bagok\/"]}]},{"@type":"ImageObject","inLanguage":"de","@id":"https:\/\/shanabooks.de\/product\/siya-nepene-mahir-bagok\/#primaryimage","url":"https:\/\/shanabooks.de\/wp-content\/uploads\/2024\/03\/Siya-nepene.png","contentUrl":"https:\/\/shanabooks.de\/wp-content\/uploads\/2024\/03\/Siya-nepene.png","width":284,"height":471},{"@type":"BreadcrumbList","@id":"https:\/\/shanabooks.de\/product\/siya-nepene-mahir-bagok\/#breadcrumb","itemListElement":[{"@type":"ListItem","position":1,"name":"\u0627\u0644\u0631\u0626\u064a\u0633\u064a\u0629","item":"https:\/\/shanabooks.de\/de\/"},{"@type":"ListItem","position":2,"name":"\u0627\u0644\u0645\u0646\u062a\u062c\u0627\u062a","item":"https:\/\/shanabooks.de\/shop\/"},{"@type":"ListItem","position":3,"name":"Siya Nepen\u00ea"}]},{"@type":"WebSite","@id":"https:\/\/shanabooks.de\/#website","url":"https:\/\/shanabooks.de\/","name":"www.shanbooks.de","description":"C\u00eehana Pirt\u00fbk\u00ean Kurd\u00ee \u0645\u0643\u062a\u0628\u0629 \u0634\u0627\u0646\u0627 \u0641\u064a \u0627\u0644\u0645\u0627\u0646\u064a\u0627 \u0648\u0623\u0648\u0631\u0628\u0627","publisher":{"@id":"https:\/\/shanabooks.de\/#organization"},"potentialAction":[{"@type":"SearchAction","target":{"@type":"EntryPoint","urlTemplate":"https:\/\/shanabooks.de\/?s={search_term_string}"},"query-input":{"@type":"PropertyValueSpecification","valueRequired":true,"valueName":"search_term_string"}}],"inLanguage":"de"},{"@type":"Organization","@id":"https:\/\/shanabooks.de\/#organization","name":"www.shanbooks.de","url":"https:\/\/shanabooks.de\/","logo":{"@type":"ImageObject","inLanguage":"de","@id":"https:\/\/shanabooks.de\/#\/schema\/logo\/image\/","url":"https:\/\/shanabooks.de\/wp-content\/uploads\/2024\/03\/SHANABOOKS__2_-removebg-preview.png","contentUrl":"https:\/\/shanabooks.de\/wp-content\/uploads\/2024\/03\/SHANABOOKS__2_-removebg-preview.png","width":700,"height":150,"caption":"www.shanbooks.de"},"image":{"@id":"https:\/\/shanabooks.de\/#\/schema\/logo\/image\/"}}]}},"jetpack_sharing_enabled":true,"_links":{"self":[{"href":"https:\/\/shanabooks.de\/de\/wp-json\/wp\/v2\/product\/12386","targetHints":{"allow":["GET"]}}],"collection":[{"href":"https:\/\/shanabooks.de\/de\/wp-json\/wp\/v2\/product"}],"about":[{"href":"https:\/\/shanabooks.de\/de\/wp-json\/wp\/v2\/types\/product"}],"version-history":[{"count":3,"href":"https:\/\/shanabooks.de\/de\/wp-json\/wp\/v2\/product\/12386\/revisions"}],"predecessor-version":[{"id":20878,"href":"https:\/\/shanabooks.de\/de\/wp-json\/wp\/v2\/product\/12386\/revisions\/20878"}],"wp:featuredmedia":[{"embeddable":true,"href":"https:\/\/shanabooks.de\/de\/wp-json\/wp\/v2\/media\/12446"}],"wp:attachment":[{"href":"https:\/\/shanabooks.de\/de\/wp-json\/wp\/v2\/media?parent=12386"}],"wp:term":[{"taxonomy":"product_brand","embeddable":true,"href":"https:\/\/shanabooks.de\/de\/wp-json\/wp\/v2\/product_brand?post=12386"},{"taxonomy":"product_cat","embeddable":true,"href":"https:\/\/shanabooks.de\/de\/wp-json\/wp\/v2\/product_cat?post=12386"},{"taxonomy":"product_tag","embeddable":true,"href":"https:\/\/shanabooks.de\/de\/wp-json\/wp\/v2\/product_tag?post=12386"}],"curies":[{"name":"wp","href":"https:\/\/api.w.org\/{rel}","templated":true}]}}