{"id":12389,"date":"2024-03-03T19:43:35","date_gmt":"2024-03-03T19:43:35","guid":{"rendered":"https:\/\/shanabooks.de\/?post_type=product&#038;p=12389"},"modified":"2024-04-04T14:49:09","modified_gmt":"2024-04-04T14:49:09","slug":"herimi-bawer-ruken","status":"publish","type":"product","link":"https:\/\/shanabooks.de\/de\/product\/herimi-bawer-ruken\/","title":{"rendered":"Herim\u00ee"},"content":{"rendered":"<p dir=\"ltr\"><strong>Herim\u00ee &#8211; Bawer R\u00fbken<\/strong><\/p>\n<p dir=\"ltr\">Herim\u00ee romana Bawer R\u00fbken, romana nif\u015fek\u00ee ye. Bi r\u00eaya her s\u00ea serkarakteran -meriv dikare wan wek\u00ee ant\u00ee-karakter binirx\u00eene- \u00e7aren\u00fbsa wan \u015f\u00eanber dike.<br \/>\nNif\u015f\u00ea ku li Bakur dij\u00ee bi me dide zan\u00een ku heta siberoja w\u00ee welat\u00ea ku ji m\u00eatinkaran re b\u00fbye cih \u00fb war ney\u00ea zan\u00een, d\u00ea ne p\u00eakan be ku \u00ea\u015fa v\u00ee nif\u015f\u00ee j\u00ee b\u00ea f\u00eamkirin.<br \/>\nRoman ne ten\u00ea tund\u00fbt\u00fbj\u00eeya dewleta m\u00eatinkar a zordest vedib\u00eaje; ew di heman dem\u00ea de tund\u00fbt\u00fbj\u00eeya xwezay\u00ee ya h\u00eeyerar\u015f\u00eek j\u00ee vedib\u00eaje.<br \/>\nDi r\u00eaya atmosfera avakir\u00ee re kod\u00ean civak\u00ea \u00fb h\u00eamaya bav\u00ean zilimkar li ber \u00e7avan radixe \u00fb \u00ea\u015fa takekes\u00eeya karakter\u00ean roman\u00ea xelek bi xelek di dir\u00fbv\u00ea civak\u00ea de berfireh dibe \u00fb derdikeve p\u00ea\u015fber\u00ee me.<br \/>\nHerim\u00ee, bi tekn\u00eeka xwe ya cuda, bi ziman\u00ea xwe y\u00ea qerfok \u00fb bi bikaran\u00eena derfet\u00ean hunera roman\u00ea balk\u00ea\u015f e. Balk\u00ea\u015f\u00eeya sereke ya v\u00ea roman\u00ea di bikaran\u00eena alegor\u00eeyan de berbi\u00e7av dibe. Alegor\u00eey\u00ean di v\u00ea roman\u00ea de wek\u00ee qalik hatine bikaran\u00een. Em p\u00ea dihesin ku ji qalik\u00ea roman\u00ea biw\u00eadetir derd\u00ea v\u00ea roman\u00ea destn\u00ee\u015fankirina kakil\u00ea w\u00ea ye.<br \/>\nBawer R\u00fbken bi ziman\u00ea xwe y\u00ea n\u00eaz\u00ee dilik\u00ea civak\u00ea, me ber bi g\u00eeyanek\u00ee z\u00eeyand\u00eet\u00ee \u00fb herimand\u00ee ve diki\u015fki\u015f\u00eene da ku rast\u00eeya welatek\u00ee biparvekir\u00ee di p\u00eeyaleya ron\u00eekirina \u00ea\u015fa sernixumand\u00ee ya bindest\u00eey\u00ea de kerem\u00ee xw\u00eeneran bike.<br \/>\nHema hema bi berfireh\u00ee ji hem\u00fb be\u015f\u00ean j\u00eeyana v\u00ee nif\u015f\u00ee anektod \u00fb \u00e7\u00eerok hene. Ji n\u00eeqa\u015f\u00ean li ser w\u00eajey\u00ea bigire heta bi muz\u00eek, pol\u00eet\u00eeka, rexneya civak\u00ea \u00fb j\u00eeyana rojane&#8230; Tev li ku di ser\u00ee de wek\u00ee be\u015f\u00ean jihevcuda t\u00eane d\u00eetin j\u00ee, l\u00ea dema di daw\u00eey\u00ea de li hev t\u00eane h\u00fbnandin hing\u00ea wateya xwe dib\u00eenin.<\/p>\n","protected":false},"excerpt":{"rendered":"<p dir=\"ltr\" style=\"text-align: center\"><strong>Pirt\u00fbk: Herim\u00ee<br \/>\nNiv\u00eeskar: Bawer R\u00fbken<\/strong><br \/>\n<strong>Cure: Roman<\/strong><\/p>\n","protected":false},"featured_media":5130,"template":"","meta":{"site-sidebar-layout":"default","site-content-layout":"","ast-site-content-layout":"default","site-content-style":"default","site-sidebar-style":"default","ast-global-header-display":"","ast-banner-title-visibility":"","ast-main-header-display":"","ast-hfb-above-header-display":"","ast-hfb-below-header-display":"","ast-hfb-mobile-header-display":"","site-post-title":"","ast-breadcrumbs-content":"","ast-featured-img":"","footer-sml-layout":"","ast-disable-related-posts":"","theme-transparent-header-meta":"default","adv-header-id-meta":"","stick-header-meta":"","header-above-stick-meta":"","header-main-stick-meta":"","header-below-stick-meta":"","astra-migrate-meta-layouts":"set","ast-page-background-enabled":"default","ast-page-background-meta":{"desktop":{"background-color":"","background-image":"","background-repeat":"repeat","background-position":"center center","background-size":"auto","background-attachment":"scroll","background-type":"","background-media":"","overlay-type":"","overlay-color":"","overlay-opacity":"","overlay-gradient":""},"tablet":{"background-color":"","background-image":"","background-repeat":"repeat","background-position":"center center","background-size":"auto","background-attachment":"scroll","background-type":"","background-media":"","overlay-type":"","overlay-color":"","overlay-opacity":"","overlay-gradient":""},"mobile":{"background-color":"","background-image":"","background-repeat":"repeat","background-position":"center center","background-size":"auto","background-attachment":"scroll","background-type":"","background-media":"","overlay-type":"","overlay-color":"","overlay-opacity":"","overlay-gradient":""}},"ast-content-background-meta":{"desktop":{"background-color":"var(--ast-global-color-5)","background-image":"","background-repeat":"repeat","background-position":"center center","background-size":"auto","background-attachment":"scroll","background-type":"","background-media":"","overlay-type":"","overlay-color":"","overlay-opacity":"","overlay-gradient":""},"tablet":{"background-color":"var(--ast-global-color-5)","background-image":"","background-repeat":"repeat","background-position":"center center","background-size":"auto","background-attachment":"scroll","background-type":"","background-media":"","overlay-type":"","overlay-color":"","overlay-opacity":"","overlay-gradient":""},"mobile":{"background-color":"var(--ast-global-color-5)","background-image":"","background-repeat":"repeat","background-position":"center center","background-size":"auto","background-attachment":"scroll","background-type":"","background-media":"","overlay-type":"","overlay-color":"","overlay-opacity":"","overlay-gradient":""}}},"product_brand":[],"product_cat":[182,193],"product_tag":[],"class_list":{"0":"post-12389","1":"product","2":"type-product","3":"status-publish","4":"has-post-thumbnail","6":"product_cat-_","7":"product_cat--_","8":"pa_-roman","9":"pa_-bawer-ruken","10":"pa_-kurmanci","11":"pa_--lis-yayinevi","12":"desktop-align-left","13":"tablet-align-left","14":"mobile-align-left","16":"first","17":"instock","18":"shipping-taxable","19":"purchasable","20":"product-type-simple"},"yoast_head":"<!-- This site is optimized with the Yoast SEO plugin v27.4 - https:\/\/yoast.com\/product\/yoast-seo-wordpress\/ -->\n<title>Herim\u00ee - Bawer R\u00fbken - www.shanabooks.de<\/title>\n<meta name=\"description\" content=\"Herim\u00ee - Bawer R\u00fbken Herim\u00ee, romana nif\u015fek\u00ee ye. Bi r\u00eaya her s\u00ea serkarakteran -meriv dikare wan wek\u00ee ant\u00ee-karakter binirx\u00eene- \u00e7aren\u00fbsa wan \u015f\u00eanber dike....\" \/>\n<meta name=\"robots\" content=\"index, follow, max-snippet:-1, max-image-preview:large, max-video-preview:-1\" \/>\n<link rel=\"canonical\" href=\"https:\/\/shanabooks.de\/product\/herimi-bawer-ruken\/\" \/>\n<meta property=\"og:locale\" content=\"de_DE\" \/>\n<meta property=\"og:type\" content=\"article\" \/>\n<meta property=\"og:title\" content=\"Herim\u00ee - Bawer R\u00fbken - www.shanabooks.de\" \/>\n<meta property=\"og:description\" content=\"Herim\u00ee - Bawer R\u00fbken Herim\u00ee, romana nif\u015fek\u00ee ye. Bi r\u00eaya her s\u00ea serkarakteran -meriv dikare wan wek\u00ee ant\u00ee-karakter binirx\u00eene- \u00e7aren\u00fbsa wan \u015f\u00eanber dike....\" \/>\n<meta property=\"og:url\" content=\"https:\/\/shanabooks.de\/product\/herimi-bawer-ruken\/\" \/>\n<meta property=\"og:site_name\" content=\"www.shanabooks.de\" \/>\n<meta property=\"article:modified_time\" content=\"2024-04-04T14:49:09+00:00\" \/>\n<meta property=\"og:image\" content=\"https:\/\/shanabooks.de\/wp-content\/uploads\/2024\/01\/Herimi.png\" \/>\n\t<meta property=\"og:image:width\" content=\"295\" \/>\n\t<meta property=\"og:image:height\" content=\"476\" \/>\n\t<meta property=\"og:image:type\" content=\"image\/png\" \/>\n<meta name=\"twitter:card\" content=\"summary_large_image\" \/>\n<meta name=\"twitter:label1\" content=\"Gesch\u00e4tzte Lesezeit\" \/>\n\t<meta name=\"twitter:data1\" content=\"3\u00a0Minuten\" \/>\n<script type=\"application\/ld+json\" class=\"yoast-schema-graph\">{\"@context\":\"https:\\\/\\\/schema.org\",\"@graph\":[{\"@type\":\"WebPage\",\"@id\":\"https:\\\/\\\/shanabooks.de\\\/product\\\/herimi-bawer-ruken\\\/\",\"url\":\"https:\\\/\\\/shanabooks.de\\\/product\\\/herimi-bawer-ruken\\\/\",\"name\":\"Herim\u00ee - Bawer R\u00fbken - www.shanabooks.de\",\"isPartOf\":{\"@id\":\"https:\\\/\\\/shanabooks.de\\\/#website\"},\"primaryImageOfPage\":{\"@id\":\"https:\\\/\\\/shanabooks.de\\\/product\\\/herimi-bawer-ruken\\\/#primaryimage\"},\"image\":{\"@id\":\"https:\\\/\\\/shanabooks.de\\\/product\\\/herimi-bawer-ruken\\\/#primaryimage\"},\"thumbnailUrl\":\"https:\\\/\\\/shanabooks.de\\\/wp-content\\\/uploads\\\/2024\\\/01\\\/Herimi.png\",\"datePublished\":\"2024-03-03T19:43:35+00:00\",\"dateModified\":\"2024-04-04T14:49:09+00:00\",\"description\":\"Herim\u00ee - Bawer R\u00fbken Herim\u00ee, romana nif\u015fek\u00ee ye. Bi r\u00eaya her s\u00ea serkarakteran -meriv dikare wan wek\u00ee ant\u00ee-karakter binirx\u00eene- \u00e7aren\u00fbsa wan \u015f\u00eanber dike....\",\"breadcrumb\":{\"@id\":\"https:\\\/\\\/shanabooks.de\\\/product\\\/herimi-bawer-ruken\\\/#breadcrumb\"},\"inLanguage\":\"de\",\"potentialAction\":[{\"@type\":\"ReadAction\",\"target\":[\"https:\\\/\\\/shanabooks.de\\\/product\\\/herimi-bawer-ruken\\\/\"]}]},{\"@type\":\"ImageObject\",\"inLanguage\":\"de\",\"@id\":\"https:\\\/\\\/shanabooks.de\\\/product\\\/herimi-bawer-ruken\\\/#primaryimage\",\"url\":\"https:\\\/\\\/shanabooks.de\\\/wp-content\\\/uploads\\\/2024\\\/01\\\/Herimi.png\",\"contentUrl\":\"https:\\\/\\\/shanabooks.de\\\/wp-content\\\/uploads\\\/2024\\\/01\\\/Herimi.png\",\"width\":295,\"height\":476,\"caption\":\"Herim\u00ee - Bawer R\u00fbken - pirt\u00fbk\u00ean kurd\u00ee - l\u00ees\"},{\"@type\":\"BreadcrumbList\",\"@id\":\"https:\\\/\\\/shanabooks.de\\\/product\\\/herimi-bawer-ruken\\\/#breadcrumb\",\"itemListElement\":[{\"@type\":\"ListItem\",\"position\":1,\"name\":\"\u0627\u0644\u0631\u0626\u064a\u0633\u064a\u0629\",\"item\":\"https:\\\/\\\/shanabooks.de\\\/de\\\/\"},{\"@type\":\"ListItem\",\"position\":2,\"name\":\"\u0627\u0644\u0645\u0646\u062a\u062c\u0627\u062a\",\"item\":\"https:\\\/\\\/shanabooks.de\\\/shop\\\/\"},{\"@type\":\"ListItem\",\"position\":3,\"name\":\"Herim\u00ee\"}]},{\"@type\":\"WebSite\",\"@id\":\"https:\\\/\\\/shanabooks.de\\\/#website\",\"url\":\"https:\\\/\\\/shanabooks.de\\\/\",\"name\":\"www.shanbooks.de\",\"description\":\"C\u00eehana Pirt\u00fbk\u00ean Kurd\u00ee \u0645\u0643\u062a\u0628\u0629 \u0634\u0627\u0646\u0627 \u0641\u064a \u0627\u0644\u0645\u0627\u0646\u064a\u0627 \u0648\u0623\u0648\u0631\u0628\u0627\",\"publisher\":{\"@id\":\"https:\\\/\\\/shanabooks.de\\\/#organization\"},\"potentialAction\":[{\"@type\":\"SearchAction\",\"target\":{\"@type\":\"EntryPoint\",\"urlTemplate\":\"https:\\\/\\\/shanabooks.de\\\/?s={search_term_string}\"},\"query-input\":{\"@type\":\"PropertyValueSpecification\",\"valueRequired\":true,\"valueName\":\"search_term_string\"}}],\"inLanguage\":\"de\"},{\"@type\":\"Organization\",\"@id\":\"https:\\\/\\\/shanabooks.de\\\/#organization\",\"name\":\"www.shanbooks.de\",\"url\":\"https:\\\/\\\/shanabooks.de\\\/\",\"logo\":{\"@type\":\"ImageObject\",\"inLanguage\":\"de\",\"@id\":\"https:\\\/\\\/shanabooks.de\\\/#\\\/schema\\\/logo\\\/image\\\/\",\"url\":\"https:\\\/\\\/shanabooks.de\\\/wp-content\\\/uploads\\\/2024\\\/03\\\/SHANABOOKS__2_-removebg-preview.png\",\"contentUrl\":\"https:\\\/\\\/shanabooks.de\\\/wp-content\\\/uploads\\\/2024\\\/03\\\/SHANABOOKS__2_-removebg-preview.png\",\"width\":700,\"height\":150,\"caption\":\"www.shanbooks.de\"},\"image\":{\"@id\":\"https:\\\/\\\/shanabooks.de\\\/#\\\/schema\\\/logo\\\/image\\\/\"}}]}<\/script>\n<!-- \/ Yoast SEO plugin. -->","yoast_head_json":{"title":"Herim\u00ee - Bawer R\u00fbken - www.shanabooks.de","description":"Herim\u00ee - Bawer R\u00fbken Herim\u00ee, romana nif\u015fek\u00ee ye. Bi r\u00eaya her s\u00ea serkarakteran -meriv dikare wan wek\u00ee ant\u00ee-karakter binirx\u00eene- \u00e7aren\u00fbsa wan \u015f\u00eanber dike....","robots":{"index":"index","follow":"follow","max-snippet":"max-snippet:-1","max-image-preview":"max-image-preview:large","max-video-preview":"max-video-preview:-1"},"canonical":"https:\/\/shanabooks.de\/product\/herimi-bawer-ruken\/","og_locale":"de_DE","og_type":"article","og_title":"Herim\u00ee - Bawer R\u00fbken - www.shanabooks.de","og_description":"Herim\u00ee - Bawer R\u00fbken Herim\u00ee, romana nif\u015fek\u00ee ye. Bi r\u00eaya her s\u00ea serkarakteran -meriv dikare wan wek\u00ee ant\u00ee-karakter binirx\u00eene- \u00e7aren\u00fbsa wan \u015f\u00eanber dike....","og_url":"https:\/\/shanabooks.de\/product\/herimi-bawer-ruken\/","og_site_name":"www.shanabooks.de","article_modified_time":"2024-04-04T14:49:09+00:00","og_image":[{"width":295,"height":476,"url":"https:\/\/shanabooks.de\/wp-content\/uploads\/2024\/01\/Herimi.png","type":"image\/png"}],"twitter_card":"summary_large_image","twitter_misc":{"Gesch\u00e4tzte Lesezeit":"3\u00a0Minuten"},"schema":{"@context":"https:\/\/schema.org","@graph":[{"@type":"WebPage","@id":"https:\/\/shanabooks.de\/product\/herimi-bawer-ruken\/","url":"https:\/\/shanabooks.de\/product\/herimi-bawer-ruken\/","name":"Herim\u00ee - Bawer R\u00fbken - www.shanabooks.de","isPartOf":{"@id":"https:\/\/shanabooks.de\/#website"},"primaryImageOfPage":{"@id":"https:\/\/shanabooks.de\/product\/herimi-bawer-ruken\/#primaryimage"},"image":{"@id":"https:\/\/shanabooks.de\/product\/herimi-bawer-ruken\/#primaryimage"},"thumbnailUrl":"https:\/\/shanabooks.de\/wp-content\/uploads\/2024\/01\/Herimi.png","datePublished":"2024-03-03T19:43:35+00:00","dateModified":"2024-04-04T14:49:09+00:00","description":"Herim\u00ee - Bawer R\u00fbken Herim\u00ee, romana nif\u015fek\u00ee ye. Bi r\u00eaya her s\u00ea serkarakteran -meriv dikare wan wek\u00ee ant\u00ee-karakter binirx\u00eene- \u00e7aren\u00fbsa wan \u015f\u00eanber dike....","breadcrumb":{"@id":"https:\/\/shanabooks.de\/product\/herimi-bawer-ruken\/#breadcrumb"},"inLanguage":"de","potentialAction":[{"@type":"ReadAction","target":["https:\/\/shanabooks.de\/product\/herimi-bawer-ruken\/"]}]},{"@type":"ImageObject","inLanguage":"de","@id":"https:\/\/shanabooks.de\/product\/herimi-bawer-ruken\/#primaryimage","url":"https:\/\/shanabooks.de\/wp-content\/uploads\/2024\/01\/Herimi.png","contentUrl":"https:\/\/shanabooks.de\/wp-content\/uploads\/2024\/01\/Herimi.png","width":295,"height":476,"caption":"Herim\u00ee - Bawer R\u00fbken - pirt\u00fbk\u00ean kurd\u00ee - l\u00ees"},{"@type":"BreadcrumbList","@id":"https:\/\/shanabooks.de\/product\/herimi-bawer-ruken\/#breadcrumb","itemListElement":[{"@type":"ListItem","position":1,"name":"\u0627\u0644\u0631\u0626\u064a\u0633\u064a\u0629","item":"https:\/\/shanabooks.de\/de\/"},{"@type":"ListItem","position":2,"name":"\u0627\u0644\u0645\u0646\u062a\u062c\u0627\u062a","item":"https:\/\/shanabooks.de\/shop\/"},{"@type":"ListItem","position":3,"name":"Herim\u00ee"}]},{"@type":"WebSite","@id":"https:\/\/shanabooks.de\/#website","url":"https:\/\/shanabooks.de\/","name":"www.shanbooks.de","description":"C\u00eehana Pirt\u00fbk\u00ean Kurd\u00ee \u0645\u0643\u062a\u0628\u0629 \u0634\u0627\u0646\u0627 \u0641\u064a \u0627\u0644\u0645\u0627\u0646\u064a\u0627 \u0648\u0623\u0648\u0631\u0628\u0627","publisher":{"@id":"https:\/\/shanabooks.de\/#organization"},"potentialAction":[{"@type":"SearchAction","target":{"@type":"EntryPoint","urlTemplate":"https:\/\/shanabooks.de\/?s={search_term_string}"},"query-input":{"@type":"PropertyValueSpecification","valueRequired":true,"valueName":"search_term_string"}}],"inLanguage":"de"},{"@type":"Organization","@id":"https:\/\/shanabooks.de\/#organization","name":"www.shanbooks.de","url":"https:\/\/shanabooks.de\/","logo":{"@type":"ImageObject","inLanguage":"de","@id":"https:\/\/shanabooks.de\/#\/schema\/logo\/image\/","url":"https:\/\/shanabooks.de\/wp-content\/uploads\/2024\/03\/SHANABOOKS__2_-removebg-preview.png","contentUrl":"https:\/\/shanabooks.de\/wp-content\/uploads\/2024\/03\/SHANABOOKS__2_-removebg-preview.png","width":700,"height":150,"caption":"www.shanbooks.de"},"image":{"@id":"https:\/\/shanabooks.de\/#\/schema\/logo\/image\/"}}]}},"jetpack_sharing_enabled":true,"_links":{"self":[{"href":"https:\/\/shanabooks.de\/de\/wp-json\/wp\/v2\/product\/12389","targetHints":{"allow":["GET"]}}],"collection":[{"href":"https:\/\/shanabooks.de\/de\/wp-json\/wp\/v2\/product"}],"about":[{"href":"https:\/\/shanabooks.de\/de\/wp-json\/wp\/v2\/types\/product"}],"version-history":[{"count":3,"href":"https:\/\/shanabooks.de\/de\/wp-json\/wp\/v2\/product\/12389\/revisions"}],"predecessor-version":[{"id":22863,"href":"https:\/\/shanabooks.de\/de\/wp-json\/wp\/v2\/product\/12389\/revisions\/22863"}],"wp:featuredmedia":[{"embeddable":true,"href":"https:\/\/shanabooks.de\/de\/wp-json\/wp\/v2\/media\/5130"}],"wp:attachment":[{"href":"https:\/\/shanabooks.de\/de\/wp-json\/wp\/v2\/media?parent=12389"}],"wp:term":[{"taxonomy":"product_brand","embeddable":true,"href":"https:\/\/shanabooks.de\/de\/wp-json\/wp\/v2\/product_brand?post=12389"},{"taxonomy":"product_cat","embeddable":true,"href":"https:\/\/shanabooks.de\/de\/wp-json\/wp\/v2\/product_cat?post=12389"},{"taxonomy":"product_tag","embeddable":true,"href":"https:\/\/shanabooks.de\/de\/wp-json\/wp\/v2\/product_tag?post=12389"}],"curies":[{"name":"wp","href":"https:\/\/api.w.org\/{rel}","templated":true}]}}