{"id":12390,"date":"2024-03-03T19:43:35","date_gmt":"2024-03-03T19:43:35","guid":{"rendered":"https:\/\/shanabooks.de\/?post_type=product&#038;p=12390"},"modified":"2024-03-20T16:35:18","modified_gmt":"2024-03-20T16:35:18","slug":"mirzaye-reben-suzan-samanci","status":"publish","type":"product","link":"https:\/\/shanabooks.de\/de\/product\/mirzaye-reben-suzan-samanci\/","title":{"rendered":"M\u00eerzay\u00ea Reben"},"content":{"rendered":"<p dir=\"ltr\"><strong>M\u00eerzay\u00ea Reben &#8211; Suzan Samanci<\/strong><\/p>\n<p dir=\"ltr\">Samanci di sal\u00ean 90\u00ee de dest bi niv\u00eesandin\u00ea kirib\u00fb \u00fb yekem kit\u00eaba w\u00ea bi tirk\u00ee 1993yan \u00e7ap b\u00fb. Bi<br \/>\n\u00e7\u00eerokan dest bi niv\u00eesandin\u00ea kir \u00fb ligel w\u00ea roman j\u00ee niv\u00eesandin. Heta niha \u00e7\u00eerok \u00fb roman bi hev re gelek berhem\u00ean w\u00ea \u00e7ap b\u00fbn. 2015an yekem berhema w\u00ea ya bi kurd\u00ee ku \u00e7\u00eerok b\u00fb \u201cEw jin \u00fb m\u00ear\u00ea bi mask\u00ea\u201d hate \u00e7apkirin. Samanci v\u00eaga j\u00ee bi romanek\u00ea derdikeve p\u00ea\u015fber\u00ee xwendevanan<br \/>\n\u201c M\u00eerzay\u00ea Reben \u201d<\/p>\n<p dir=\"ltr\">Ji romana M\u00eerzay\u00ea Reben ya Suzan Samanci<br \/>\n\u201cTen\u00eat\u00ee \u00fb valah\u00ee wek ajalek\u00ee t\u00earnexwar di dil\u00ea w\u00ee de di\u00e7\u00eariya&#8230; Pirrcaran xwe wek mirovek\u00ee b\u00eah\u00eet dinirxand, ji ber v\u00ea dixwest dev ji her\u00a0ti\u015ft\u00ee berde \u00fb di jiyana xwe de r\u00fbpelek\u00ee n\u00fb veke; l\u00ea Pi\u015fo j\u00ea re digot;\u00a0\u201cM\u00eerzo, ev daxwaza te h\u00eaviyeke \u015fikest\u00ee ye, l\u00ea d\u00eesa j\u00ee, hizira w\u00ea ne\u00a0xerab e.\u201d W\u00ee dema rojb\u00fbna \u015eukran\u00ea \u00e7ima bi nav\u00ea yek\u00ee nediyar destegulek dan\u00eeb\u00fb ber der\u00ea w\u00ea, \u00e7ima ev\u00eendarek bi \u015eukran\u00ea ve dizeliqand, ev l\u00eestok hem\u00fb ji bo \u00e7i b\u00fbn? Pi\u015fo li hember w\u00ee runi\u015ft, pi\u015fta xwe da paldank\u00ea, \u00e7end caran qel\u00fbn ki\u015fand, m\u00eena ku b\u00eahna qel\u00fbn\u00ea kete poz\u00ea M\u00eerza, biziyar li heviya axaftina Pi\u015fo b\u00fb, Pi\u015fo bi rab\u00eaja mirovek\u00ee pir zana got\u00ea; \u201cTi ti\u015ft b\u00ea sebeb n\u00eenin, ma ne wisa ye? Te ava \u015eukran\u00ea germ kiriye \u00fb niha\u00a0j\u00ee li mahna diger\u00ee, m\u00fbriy\u00ean te y\u00ean binehi\u015f\u00ee dixwazin ronahiy\u00ea\u00a0bib\u00eenin&#8230; Roja ku te Sara d\u00eet hema tu sero bino b\u00fby\u00ee, ji temen\u00ea te y\u00ea\u00a0mezin nebiya, niha tu li ber deriy\u00ea Sara b\u00fby\u00ee, ma ne wisa ye?\u201d M\u00eerza\u00a0stuy\u00ea xwe xwar kir ji bin l\u00eavan re keniya \u00fb got: \u201cBel\u00ea, bel\u00ea wisa\u00a0ye&#8230;\u201d<\/p>\n<p>&nbsp;<\/p>\n","protected":false},"excerpt":{"rendered":"<p dir=\"ltr\" style=\"text-align: center\"><strong>Pirt\u00fbk: M\u00eerzay\u00ea Reben<br \/>\nNiv\u00eeskar: Suzan Samanci<\/strong><br \/>\n<strong>Cure: Roman<\/strong><\/p>\n","protected":false},"featured_media":12453,"template":"","meta":{"site-sidebar-layout":"default","site-content-layout":"","ast-site-content-layout":"default","site-content-style":"default","site-sidebar-style":"default","ast-global-header-display":"","ast-banner-title-visibility":"","ast-main-header-display":"","ast-hfb-above-header-display":"","ast-hfb-below-header-display":"","ast-hfb-mobile-header-display":"","site-post-title":"","ast-breadcrumbs-content":"","ast-featured-img":"","footer-sml-layout":"","ast-disable-related-posts":"","theme-transparent-header-meta":"default","adv-header-id-meta":"","stick-header-meta":"","header-above-stick-meta":"","header-main-stick-meta":"","header-below-stick-meta":"","astra-migrate-meta-layouts":"set","ast-page-background-enabled":"default","ast-page-background-meta":{"desktop":{"background-color":"","background-image":"","background-repeat":"repeat","background-position":"center center","background-size":"auto","background-attachment":"scroll","background-type":"","background-media":"","overlay-type":"","overlay-color":"","overlay-opacity":"","overlay-gradient":""},"tablet":{"background-color":"","background-image":"","background-repeat":"repeat","background-position":"center center","background-size":"auto","background-attachment":"scroll","background-type":"","background-media":"","overlay-type":"","overlay-color":"","overlay-opacity":"","overlay-gradient":""},"mobile":{"background-color":"","background-image":"","background-repeat":"repeat","background-position":"center center","background-size":"auto","background-attachment":"scroll","background-type":"","background-media":"","overlay-type":"","overlay-color":"","overlay-opacity":"","overlay-gradient":""}},"ast-content-background-meta":{"desktop":{"background-color":"var(--ast-global-color-5)","background-image":"","background-repeat":"repeat","background-position":"center center","background-size":"auto","background-attachment":"scroll","background-type":"","background-media":"","overlay-type":"","overlay-color":"","overlay-opacity":"","overlay-gradient":""},"tablet":{"background-color":"var(--ast-global-color-5)","background-image":"","background-repeat":"repeat","background-position":"center center","background-size":"auto","background-attachment":"scroll","background-type":"","background-media":"","overlay-type":"","overlay-color":"","overlay-opacity":"","overlay-gradient":""},"mobile":{"background-color":"var(--ast-global-color-5)","background-image":"","background-repeat":"repeat","background-position":"center center","background-size":"auto","background-attachment":"scroll","background-type":"","background-media":"","overlay-type":"","overlay-color":"","overlay-opacity":"","overlay-gradient":""}}},"product_brand":[],"product_cat":[182,193],"product_tag":[],"class_list":{"0":"post-12390","1":"product","2":"type-product","3":"status-publish","4":"has-post-thumbnail","6":"product_cat-_","7":"product_cat--_","8":"pa_-roman","9":"pa_-suzan-samanci","10":"pa_-kurmanci","11":"pa_--avesta-yayinlari","12":"desktop-align-left","13":"tablet-align-left","14":"mobile-align-left","16":"first","17":"instock","18":"shipping-taxable","19":"purchasable","20":"product-type-simple"},"yoast_head":"<!-- This site is optimized with the Yoast SEO plugin v27.4 - https:\/\/yoast.com\/product\/yoast-seo-wordpress\/ -->\n<title>M\u00eerzay\u00ea Reben - Suzan Samanci - www.shanabooks.de<\/title>\n<meta name=\"description\" content=\"M\u00eerzay\u00ea Reben - Suzan Samanci Samanci di sal\u00ean 90\u00ee de dest bi niv\u00eesandin\u00ea kirib\u00fb \u00fb yekem kit\u00eaba w\u00ea bi tirk\u00ee 1993yan \u00e7ap b\u00fb. Bi\u00e7\u00eerokan dest bi niv\u00eesandin\u00ea...\" \/>\n<meta name=\"robots\" content=\"index, follow, max-snippet:-1, max-image-preview:large, max-video-preview:-1\" \/>\n<link rel=\"canonical\" href=\"https:\/\/shanabooks.de\/product\/mirzaye-reben-suzan-samanci\/\" \/>\n<meta property=\"og:locale\" content=\"de_DE\" \/>\n<meta property=\"og:type\" content=\"article\" \/>\n<meta property=\"og:title\" content=\"M\u00eerzay\u00ea Reben - Suzan Samanci - www.shanabooks.de\" \/>\n<meta property=\"og:description\" content=\"M\u00eerzay\u00ea Reben - Suzan Samanci Samanci di sal\u00ean 90\u00ee de dest bi niv\u00eesandin\u00ea kirib\u00fb \u00fb yekem kit\u00eaba w\u00ea bi tirk\u00ee 1993yan \u00e7ap b\u00fb. Bi\u00e7\u00eerokan dest bi niv\u00eesandin\u00ea...\" \/>\n<meta property=\"og:url\" content=\"https:\/\/shanabooks.de\/product\/mirzaye-reben-suzan-samanci\/\" \/>\n<meta property=\"og:site_name\" content=\"www.shanabooks.de\" \/>\n<meta property=\"article:modified_time\" content=\"2024-03-20T16:35:18+00:00\" \/>\n<meta property=\"og:image\" content=\"https:\/\/shanabooks.de\/wp-content\/uploads\/2024\/03\/Mirzaye-Reben.jpg\" \/>\n\t<meta property=\"og:image:width\" content=\"599\" \/>\n\t<meta property=\"og:image:height\" content=\"900\" \/>\n\t<meta property=\"og:image:type\" content=\"image\/jpeg\" \/>\n<meta name=\"twitter:card\" content=\"summary_large_image\" \/>\n<meta name=\"twitter:label1\" content=\"Gesch\u00e4tzte Lesezeit\" \/>\n\t<meta name=\"twitter:data1\" content=\"3\u00a0Minuten\" \/>\n<script type=\"application\/ld+json\" class=\"yoast-schema-graph\">{\"@context\":\"https:\\\/\\\/schema.org\",\"@graph\":[{\"@type\":\"WebPage\",\"@id\":\"https:\\\/\\\/shanabooks.de\\\/product\\\/mirzaye-reben-suzan-samanci\\\/\",\"url\":\"https:\\\/\\\/shanabooks.de\\\/product\\\/mirzaye-reben-suzan-samanci\\\/\",\"name\":\"M\u00eerzay\u00ea Reben - Suzan Samanci - www.shanabooks.de\",\"isPartOf\":{\"@id\":\"https:\\\/\\\/shanabooks.de\\\/#website\"},\"primaryImageOfPage\":{\"@id\":\"https:\\\/\\\/shanabooks.de\\\/product\\\/mirzaye-reben-suzan-samanci\\\/#primaryimage\"},\"image\":{\"@id\":\"https:\\\/\\\/shanabooks.de\\\/product\\\/mirzaye-reben-suzan-samanci\\\/#primaryimage\"},\"thumbnailUrl\":\"https:\\\/\\\/shanabooks.de\\\/wp-content\\\/uploads\\\/2024\\\/03\\\/Mirzaye-Reben.jpg\",\"datePublished\":\"2024-03-03T19:43:35+00:00\",\"dateModified\":\"2024-03-20T16:35:18+00:00\",\"description\":\"M\u00eerzay\u00ea Reben - Suzan Samanci Samanci di sal\u00ean 90\u00ee de dest bi niv\u00eesandin\u00ea kirib\u00fb \u00fb yekem kit\u00eaba w\u00ea bi tirk\u00ee 1993yan \u00e7ap b\u00fb. Bi\u00e7\u00eerokan dest bi niv\u00eesandin\u00ea...\",\"breadcrumb\":{\"@id\":\"https:\\\/\\\/shanabooks.de\\\/product\\\/mirzaye-reben-suzan-samanci\\\/#breadcrumb\"},\"inLanguage\":\"de\",\"potentialAction\":[{\"@type\":\"ReadAction\",\"target\":[\"https:\\\/\\\/shanabooks.de\\\/product\\\/mirzaye-reben-suzan-samanci\\\/\"]}]},{\"@type\":\"ImageObject\",\"inLanguage\":\"de\",\"@id\":\"https:\\\/\\\/shanabooks.de\\\/product\\\/mirzaye-reben-suzan-samanci\\\/#primaryimage\",\"url\":\"https:\\\/\\\/shanabooks.de\\\/wp-content\\\/uploads\\\/2024\\\/03\\\/Mirzaye-Reben.jpg\",\"contentUrl\":\"https:\\\/\\\/shanabooks.de\\\/wp-content\\\/uploads\\\/2024\\\/03\\\/Mirzaye-Reben.jpg\",\"width\":599,\"height\":900,\"caption\":\"M\u00eerzay\u00ea Reben - Suzan Samanci - pirt\u00fbk\u00ean kurd\u00ee\"},{\"@type\":\"BreadcrumbList\",\"@id\":\"https:\\\/\\\/shanabooks.de\\\/product\\\/mirzaye-reben-suzan-samanci\\\/#breadcrumb\",\"itemListElement\":[{\"@type\":\"ListItem\",\"position\":1,\"name\":\"\u0627\u0644\u0631\u0626\u064a\u0633\u064a\u0629\",\"item\":\"https:\\\/\\\/shanabooks.de\\\/de\\\/\"},{\"@type\":\"ListItem\",\"position\":2,\"name\":\"\u0627\u0644\u0645\u0646\u062a\u062c\u0627\u062a\",\"item\":\"https:\\\/\\\/shanabooks.de\\\/shop\\\/\"},{\"@type\":\"ListItem\",\"position\":3,\"name\":\"M\u00eerzay\u00ea Reben\"}]},{\"@type\":\"WebSite\",\"@id\":\"https:\\\/\\\/shanabooks.de\\\/#website\",\"url\":\"https:\\\/\\\/shanabooks.de\\\/\",\"name\":\"www.shanbooks.de\",\"description\":\"C\u00eehana Pirt\u00fbk\u00ean Kurd\u00ee \u0645\u0643\u062a\u0628\u0629 \u0634\u0627\u0646\u0627 \u0641\u064a \u0627\u0644\u0645\u0627\u0646\u064a\u0627 \u0648\u0623\u0648\u0631\u0628\u0627\",\"publisher\":{\"@id\":\"https:\\\/\\\/shanabooks.de\\\/#organization\"},\"potentialAction\":[{\"@type\":\"SearchAction\",\"target\":{\"@type\":\"EntryPoint\",\"urlTemplate\":\"https:\\\/\\\/shanabooks.de\\\/?s={search_term_string}\"},\"query-input\":{\"@type\":\"PropertyValueSpecification\",\"valueRequired\":true,\"valueName\":\"search_term_string\"}}],\"inLanguage\":\"de\"},{\"@type\":\"Organization\",\"@id\":\"https:\\\/\\\/shanabooks.de\\\/#organization\",\"name\":\"www.shanbooks.de\",\"url\":\"https:\\\/\\\/shanabooks.de\\\/\",\"logo\":{\"@type\":\"ImageObject\",\"inLanguage\":\"de\",\"@id\":\"https:\\\/\\\/shanabooks.de\\\/#\\\/schema\\\/logo\\\/image\\\/\",\"url\":\"https:\\\/\\\/shanabooks.de\\\/wp-content\\\/uploads\\\/2024\\\/03\\\/SHANABOOKS__2_-removebg-preview.png\",\"contentUrl\":\"https:\\\/\\\/shanabooks.de\\\/wp-content\\\/uploads\\\/2024\\\/03\\\/SHANABOOKS__2_-removebg-preview.png\",\"width\":700,\"height\":150,\"caption\":\"www.shanbooks.de\"},\"image\":{\"@id\":\"https:\\\/\\\/shanabooks.de\\\/#\\\/schema\\\/logo\\\/image\\\/\"}}]}<\/script>\n<!-- \/ Yoast SEO plugin. -->","yoast_head_json":{"title":"M\u00eerzay\u00ea Reben - Suzan Samanci - www.shanabooks.de","description":"M\u00eerzay\u00ea Reben - Suzan Samanci Samanci di sal\u00ean 90\u00ee de dest bi niv\u00eesandin\u00ea kirib\u00fb \u00fb yekem kit\u00eaba w\u00ea bi tirk\u00ee 1993yan \u00e7ap b\u00fb. Bi\u00e7\u00eerokan dest bi niv\u00eesandin\u00ea...","robots":{"index":"index","follow":"follow","max-snippet":"max-snippet:-1","max-image-preview":"max-image-preview:large","max-video-preview":"max-video-preview:-1"},"canonical":"https:\/\/shanabooks.de\/product\/mirzaye-reben-suzan-samanci\/","og_locale":"de_DE","og_type":"article","og_title":"M\u00eerzay\u00ea Reben - Suzan Samanci - www.shanabooks.de","og_description":"M\u00eerzay\u00ea Reben - Suzan Samanci Samanci di sal\u00ean 90\u00ee de dest bi niv\u00eesandin\u00ea kirib\u00fb \u00fb yekem kit\u00eaba w\u00ea bi tirk\u00ee 1993yan \u00e7ap b\u00fb. Bi\u00e7\u00eerokan dest bi niv\u00eesandin\u00ea...","og_url":"https:\/\/shanabooks.de\/product\/mirzaye-reben-suzan-samanci\/","og_site_name":"www.shanabooks.de","article_modified_time":"2024-03-20T16:35:18+00:00","og_image":[{"width":599,"height":900,"url":"https:\/\/shanabooks.de\/wp-content\/uploads\/2024\/03\/Mirzaye-Reben.jpg","type":"image\/jpeg"}],"twitter_card":"summary_large_image","twitter_misc":{"Gesch\u00e4tzte Lesezeit":"3\u00a0Minuten"},"schema":{"@context":"https:\/\/schema.org","@graph":[{"@type":"WebPage","@id":"https:\/\/shanabooks.de\/product\/mirzaye-reben-suzan-samanci\/","url":"https:\/\/shanabooks.de\/product\/mirzaye-reben-suzan-samanci\/","name":"M\u00eerzay\u00ea Reben - Suzan Samanci - www.shanabooks.de","isPartOf":{"@id":"https:\/\/shanabooks.de\/#website"},"primaryImageOfPage":{"@id":"https:\/\/shanabooks.de\/product\/mirzaye-reben-suzan-samanci\/#primaryimage"},"image":{"@id":"https:\/\/shanabooks.de\/product\/mirzaye-reben-suzan-samanci\/#primaryimage"},"thumbnailUrl":"https:\/\/shanabooks.de\/wp-content\/uploads\/2024\/03\/Mirzaye-Reben.jpg","datePublished":"2024-03-03T19:43:35+00:00","dateModified":"2024-03-20T16:35:18+00:00","description":"M\u00eerzay\u00ea Reben - Suzan Samanci Samanci di sal\u00ean 90\u00ee de dest bi niv\u00eesandin\u00ea kirib\u00fb \u00fb yekem kit\u00eaba w\u00ea bi tirk\u00ee 1993yan \u00e7ap b\u00fb. Bi\u00e7\u00eerokan dest bi niv\u00eesandin\u00ea...","breadcrumb":{"@id":"https:\/\/shanabooks.de\/product\/mirzaye-reben-suzan-samanci\/#breadcrumb"},"inLanguage":"de","potentialAction":[{"@type":"ReadAction","target":["https:\/\/shanabooks.de\/product\/mirzaye-reben-suzan-samanci\/"]}]},{"@type":"ImageObject","inLanguage":"de","@id":"https:\/\/shanabooks.de\/product\/mirzaye-reben-suzan-samanci\/#primaryimage","url":"https:\/\/shanabooks.de\/wp-content\/uploads\/2024\/03\/Mirzaye-Reben.jpg","contentUrl":"https:\/\/shanabooks.de\/wp-content\/uploads\/2024\/03\/Mirzaye-Reben.jpg","width":599,"height":900,"caption":"M\u00eerzay\u00ea Reben - Suzan Samanci - pirt\u00fbk\u00ean kurd\u00ee"},{"@type":"BreadcrumbList","@id":"https:\/\/shanabooks.de\/product\/mirzaye-reben-suzan-samanci\/#breadcrumb","itemListElement":[{"@type":"ListItem","position":1,"name":"\u0627\u0644\u0631\u0626\u064a\u0633\u064a\u0629","item":"https:\/\/shanabooks.de\/de\/"},{"@type":"ListItem","position":2,"name":"\u0627\u0644\u0645\u0646\u062a\u062c\u0627\u062a","item":"https:\/\/shanabooks.de\/shop\/"},{"@type":"ListItem","position":3,"name":"M\u00eerzay\u00ea Reben"}]},{"@type":"WebSite","@id":"https:\/\/shanabooks.de\/#website","url":"https:\/\/shanabooks.de\/","name":"www.shanbooks.de","description":"C\u00eehana Pirt\u00fbk\u00ean Kurd\u00ee \u0645\u0643\u062a\u0628\u0629 \u0634\u0627\u0646\u0627 \u0641\u064a \u0627\u0644\u0645\u0627\u0646\u064a\u0627 \u0648\u0623\u0648\u0631\u0628\u0627","publisher":{"@id":"https:\/\/shanabooks.de\/#organization"},"potentialAction":[{"@type":"SearchAction","target":{"@type":"EntryPoint","urlTemplate":"https:\/\/shanabooks.de\/?s={search_term_string}"},"query-input":{"@type":"PropertyValueSpecification","valueRequired":true,"valueName":"search_term_string"}}],"inLanguage":"de"},{"@type":"Organization","@id":"https:\/\/shanabooks.de\/#organization","name":"www.shanbooks.de","url":"https:\/\/shanabooks.de\/","logo":{"@type":"ImageObject","inLanguage":"de","@id":"https:\/\/shanabooks.de\/#\/schema\/logo\/image\/","url":"https:\/\/shanabooks.de\/wp-content\/uploads\/2024\/03\/SHANABOOKS__2_-removebg-preview.png","contentUrl":"https:\/\/shanabooks.de\/wp-content\/uploads\/2024\/03\/SHANABOOKS__2_-removebg-preview.png","width":700,"height":150,"caption":"www.shanbooks.de"},"image":{"@id":"https:\/\/shanabooks.de\/#\/schema\/logo\/image\/"}}]}},"jetpack_sharing_enabled":true,"_links":{"self":[{"href":"https:\/\/shanabooks.de\/de\/wp-json\/wp\/v2\/product\/12390","targetHints":{"allow":["GET"]}}],"collection":[{"href":"https:\/\/shanabooks.de\/de\/wp-json\/wp\/v2\/product"}],"about":[{"href":"https:\/\/shanabooks.de\/de\/wp-json\/wp\/v2\/types\/product"}],"version-history":[{"count":3,"href":"https:\/\/shanabooks.de\/de\/wp-json\/wp\/v2\/product\/12390\/revisions"}],"predecessor-version":[{"id":21361,"href":"https:\/\/shanabooks.de\/de\/wp-json\/wp\/v2\/product\/12390\/revisions\/21361"}],"wp:featuredmedia":[{"embeddable":true,"href":"https:\/\/shanabooks.de\/de\/wp-json\/wp\/v2\/media\/12453"}],"wp:attachment":[{"href":"https:\/\/shanabooks.de\/de\/wp-json\/wp\/v2\/media?parent=12390"}],"wp:term":[{"taxonomy":"product_brand","embeddable":true,"href":"https:\/\/shanabooks.de\/de\/wp-json\/wp\/v2\/product_brand?post=12390"},{"taxonomy":"product_cat","embeddable":true,"href":"https:\/\/shanabooks.de\/de\/wp-json\/wp\/v2\/product_cat?post=12390"},{"taxonomy":"product_tag","embeddable":true,"href":"https:\/\/shanabooks.de\/de\/wp-json\/wp\/v2\/product_tag?post=12390"}],"curies":[{"name":"wp","href":"https:\/\/api.w.org\/{rel}","templated":true}]}}