{"id":12391,"date":"2024-03-03T19:43:36","date_gmt":"2024-03-03T19:43:36","guid":{"rendered":"https:\/\/shanabooks.de\/?post_type=product&#038;p=12391"},"modified":"2026-01-02T18:44:56","modified_gmt":"2026-01-02T18:44:56","slug":"xate-xanim-eliye-evdilrehman","status":"publish","type":"product","link":"https:\/\/shanabooks.de\/de\/product\/xate-xanim-eliye-evdilrehman\/","title":{"rendered":"Xat\u00ea Xanim"},"content":{"rendered":"<p dir=\"ltr\"><strong>Xat\u00ea Xanim &#8211; Eliy\u00ea Evdilrehman<\/strong><\/p>\n<p dir=\"ltr\">&#8222;Mala we ava be, \u00e7ima h\u00fbn Tirkan nas nakin? We Dewleta Rom\u00ea li me kire \u00c7iyay\u00ea Gir\u00eedax\u00ea. Tu y\u00ea qey bib\u00eaj\u00ee em Tirkan, qan\u00fbna wan nas nakin&#8230; Eger cimaet hinek\u00ee deng\u00ea xwe bilind dike \u00fb li miqabil\u00ee qan\u00fbna Rom\u00ea dert\u00ea, bi elb\u00ea re ew w\u00ea qan\u00fbna xwe diguheze, \u201crind li cimaet\u00ea dinih\u00eare\u201d. L\u00ea wexta ku dev\u00ea \u015f\u00fbr\u00ea w\u00ee dibirre, cimaet\u00ea m\u00eena g\u00eeh\u00ea bi k\u00ealendiy\u00ea di\u00e7ine. De ti\u015ft nabe, wext \u00ea b\u00ea, cimaet \u00ea ji bin\u00ea w\u00ea \u201cqenc\u00ee\u201dya wan derkeve.&#8220;<br \/>\nJi Xat\u00ea Xanim<\/p>\n<p dir=\"ltr\">Xat\u00ea Xanim, berhema Eliy\u00ea Evdilrehman a pex\u015fan a duyem\u00een, a ku cara p\u00ea\u015f\u00een di sala 1959\u2019an de li ser dest\u00ea We\u015fanxaneya Hayp\u00eathrat\u00ea li Y\u00ear\u00eawana paytext\u00ea Ermenistan\u00ea hatiye \u00e7apkirin, pi\u015ft\u00ee \u00e7il \u00fb s\u00ea salan, bo cara \u00e7aran ji aliy\u00ea We\u015fanxaneya L\u00ees\u00ea ve li Amed\u00ea, bi ed\u00eesyoneke bir\u00eak\u00fbp\u00eak hate we\u015fandin \u00fb novela bi nav\u00ea\u00a0<em>Xat\u00ea Xanim<\/em>\u00a0bi xwe ve digire.<\/p>\n<p dir=\"ltr\">Eliy\u00ea Evdilrehman\u00ea niv\u00eeskar\u00ea roman, kurte\u00e7\u00eerok \u00fb bendan, helbestkar \u00fb werg\u00ear, di 29\u2019\u00ea Berfanbara sala 1920\u2019\u00ee de, li bakur\u00ea Kurdistan\u00ea, li gund\u00ea Bayrek\u00ea y\u00ea bi ser Wan\u00ea ve ji day\u00eek b\u00fbye. Kur\u00ea Evdilrehman\u00ea Momin \u00fb Em\u00eeneya Neb\u00ee Beg\u00ea ye. Wan \u00e7axan, rew\u015fa Kurdan li w\u00ea devera ew l\u00ea ji day\u00eek b\u00fby\u00ee giran b\u00fb, wexta ew \u015fe\u015f sal\u00ee, mala bav\u00ea w\u00ee tev\u00ee e\u015f\u00eereta Kurdan a mezin a Bir\u00fbkiyan ji \u201czilma D\u00eewana Rom\u00ea\u201d reviya, \u00e7\u00fb li welat\u00ea \u015e\u00eawr\u00ea (Yek\u00eetiya Sovyetan) h\u00eawir\u00ee. Eliy\u00ea Evdilrehman, di panzdeh saliya xwe de, li Nex\u00e7ivana Komara Ezerb\u00eacan\u00ea ya li ser tix\u00fbb\u00ea \u00cedir\u00ea, dibistana gund\u00ea \u015eawl\u00eeka kuta kir. Pi\u015ft\u00ee v\u00ea, ji ber tehl\u00ee \u00fb tengasiy\u00ean li w\u00ea dever\u00ea y\u00ean di w\u00ea heyam\u00ea de, malbata w\u00ee ko\u00e7\u00ee Ermenistan\u00ea kir. Xeyn ji zani\u015ftgeha Kurdan a li Y\u00ear\u00eawan\u00ea, Eliy\u00ea Evdilrehman wisa j\u00ee Enst\u00eetuya Bak\u00fby\u00ea ya Pedagojiy\u00ea kuta kir.<\/p>\n<p dir=\"ltr\">Eliy\u00ea Evdilrehman, sal\u00ean beriya \u015eer\u00ea C\u00eehan\u00ea y\u00ea Duyem\u00een \u00fb di pey \u015fer re, gir\u00eaday\u00ee Wezareta Rew\u015fenb\u00eeriy\u00ea ya Komara Ermenistan\u00ea, \u00e7awa mamoste, berpirs\u00ea dibistan\u00ea, berpirs\u00ea para xwendin\u00ea, li nehiyeya Basarg\u00ea\u00e7ar\u00ea (niha\u00a0<em>Vard\u00ean\u00ees<\/em>), di war\u00ea perwerdey\u00ea de xebit\u00ee. Her wiha, Evdilrehman, di heyna \u015fer\u00ea mezin \u00ea c\u00eehan\u00ea y\u00ea duyem\u00een de, tev\u00ee eniy\u00ean \u015fer b\u00fb \u00fb li hember\u00ee h\u00eaz\u00ean dijmin\u00ean Yek\u00eetiya Sovyetan wek\u00ee part\u00eezan bo demeke dir\u00eaj \u015fer kir.<\/p>\n<p dir=\"ltr\">Sala 1955\u2019an, dema ku li Y\u00ear\u00eawana paytext\u00ea Ermenistan\u00ea rojnameya\u00a0<em>Riya Teze<\/em>y\u00ea dest bi we\u015fana xwe kir, m\u00eena gelek kesan, Eliy\u00ea Evdilrehman j\u00ee be\u015fdar\u00ee rojnamey\u00ea b\u00fb \u00fb di wir de wek\u00ee r\u00eaveber\u00ea parek\u00ea xebit\u00ee, w\u00ee bend\u00ean bi pirs\u00ean roj\u00ea ve gir\u00eaday\u00ee niv\u00ees\u00een. Bi v\u00ea yek\u00ea re j\u00ee, niv\u00eeskariya Eliy\u00ea Evdilrehman a w\u00eajey\u00ea dest p\u00ea kir, w\u00ee dest bi niv\u00ees\u00eena helbest \u00fb destanan kir. Her wisa, di van salan de dest p\u00ea kir hin berhem\u00ean w\u00ee di pirt\u00fbk\u00ean dersan \u00ean bi Kurd\u00ee de der\u00e7\u00fbn.<\/p>\n<p dir=\"ltr\">Pirt\u00fbka w\u00ee ya p\u00ea\u015f\u00een novela bi nav\u00ea\u00a0<em>Morof<\/em>\u00a0e, ya ku di 1957\u2019an de, di nava berhevoka\u00a0<em>Niv\u00eeskar\u00ean Kurd\u00ean Sovyet\u00ea<\/em>\u00a0de hate we\u015fandin. Novela w\u00ee ya duyem\u00een a bi nav\u00ea\u00a0<em>Xat\u00ea Xanim<\/em>, di sala 1959\u2019an de, li Y\u00ear\u00eawan\u00ea \u00e7ap b\u00fb. Romana w\u00ee ya p\u00ea\u015f\u00een,\u00a0<em>Gund\u00ea M\u00earxasan<\/em>, di 1968\u2019an de, li Y\u00ear\u00eawan\u00ea hate we\u015fandin. Romana w\u00ee ya duyem\u00een,\u00a0<em>\u015eer Di \u00c7iyayan De<\/em>, di sala 1989\u2019an de, li Y\u00ear\u00eawan\u00ea hate we\u015fandin. Berhem\u00ean helbest\u00ee y\u00ean Eliy\u00ea Evdilrehman, \u00ean ku bi mijar\u00ean xwe ve b\u00eatir behsa kurdayetiy\u00ea \u00fb Kurdistan\u00ea dikin, di s\u00ea pirt\u00fbk\u00ean bi nav\u00ean\u00a0<em>D\u00ea<\/em>,\u00a0<em>Hesreta Min<\/em>\u00a0\u00fb\u00a0<em>Gulistan<\/em>\u00ea de berhev b\u00fbne.<br \/>\nEliy\u00ea Evdilrehman, di 21\u2019\u00ea R\u00eabendana 1994\u2019an de, li Bak\u00fbya paytext\u00ea Ezerb\u00eacan\u00ea ko\u00e7a daw\u00ee kir. Gora w\u00ee li wir e.<\/p>\n","protected":false},"excerpt":{"rendered":"<p dir=\"ltr\" style=\"text-align: center;\"><strong>Pirt\u00fbk: Xat\u00ea Xanim<\/strong><br \/>\n<strong>Niv\u00eeskar: Eliy\u00ea Evdilrehman<br \/>\nCure: Roman<\/strong><\/p>\n","protected":false},"featured_media":23161,"template":"","meta":{"site-sidebar-layout":"default","site-content-layout":"","ast-site-content-layout":"default","site-content-style":"default","site-sidebar-style":"default","ast-global-header-display":"","ast-banner-title-visibility":"","ast-main-header-display":"","ast-hfb-above-header-display":"","ast-hfb-below-header-display":"","ast-hfb-mobile-header-display":"","site-post-title":"","ast-breadcrumbs-content":"","ast-featured-img":"","footer-sml-layout":"","ast-disable-related-posts":"","theme-transparent-header-meta":"default","adv-header-id-meta":"","stick-header-meta":"","header-above-stick-meta":"","header-main-stick-meta":"","header-below-stick-meta":"","astra-migrate-meta-layouts":"set","ast-page-background-enabled":"default","ast-page-background-meta":{"desktop":{"background-color":"","background-image":"","background-repeat":"repeat","background-position":"center center","background-size":"auto","background-attachment":"scroll","background-type":"","background-media":"","overlay-type":"","overlay-color":"","overlay-opacity":"","overlay-gradient":""},"tablet":{"background-color":"","background-image":"","background-repeat":"repeat","background-position":"center center","background-size":"auto","background-attachment":"scroll","background-type":"","background-media":"","overlay-type":"","overlay-color":"","overlay-opacity":"","overlay-gradient":""},"mobile":{"background-color":"","background-image":"","background-repeat":"repeat","background-position":"center center","background-size":"auto","background-attachment":"scroll","background-type":"","background-media":"","overlay-type":"","overlay-color":"","overlay-opacity":"","overlay-gradient":""}},"ast-content-background-meta":{"desktop":{"background-color":"var(--ast-global-color-5)","background-image":"","background-repeat":"repeat","background-position":"center center","background-size":"auto","background-attachment":"scroll","background-type":"","background-media":"","overlay-type":"","overlay-color":"","overlay-opacity":"","overlay-gradient":""},"tablet":{"background-color":"var(--ast-global-color-5)","background-image":"","background-repeat":"repeat","background-position":"center center","background-size":"auto","background-attachment":"scroll","background-type":"","background-media":"","overlay-type":"","overlay-color":"","overlay-opacity":"","overlay-gradient":""},"mobile":{"background-color":"var(--ast-global-color-5)","background-image":"","background-repeat":"repeat","background-position":"center center","background-size":"auto","background-attachment":"scroll","background-type":"","background-media":"","overlay-type":"","overlay-color":"","overlay-opacity":"","overlay-gradient":""}}},"product_brand":[],"product_cat":[182,193],"product_tag":[],"class_list":{"0":"post-12391","1":"product","2":"type-product","3":"status-publish","4":"has-post-thumbnail","6":"product_cat-_","7":"product_cat--_","8":"pa_-roman","9":"pa_-eliye-evdilrehman","10":"pa_-kurmanci","11":"pa_--322","12":"desktop-align-left","13":"tablet-align-left","14":"mobile-align-left","16":"first","17":"instock","18":"shipping-taxable","19":"purchasable","20":"product-type-simple"},"yoast_head":"<!-- This site is optimized with the Yoast SEO plugin v27.4 - https:\/\/yoast.com\/product\/yoast-seo-wordpress\/ -->\n<title>Xat\u00ea Xanim - Eliy\u00ea Evdilrehman - www.shanabooks.de<\/title>\n<meta name=\"description\" content=\"Xat\u00ea Xanim - Eliy\u00ea Evdilrehman &quot;Mala we ava be, \u00e7ima h\u00fbn Tirkan nas nakin? We Dewleta Rom\u00ea li me kire \u00c7iyay\u00ea Gir\u00eedax\u00ea. Tu y\u00ea qey bib\u00eaj\u00ee em Tirkan, qan\u00fbna...\" \/>\n<meta name=\"robots\" content=\"index, follow, max-snippet:-1, max-image-preview:large, max-video-preview:-1\" \/>\n<link rel=\"canonical\" href=\"https:\/\/shanabooks.de\/product\/xate-xanim-eliye-evdilrehman\/\" \/>\n<meta property=\"og:locale\" content=\"de_DE\" \/>\n<meta property=\"og:type\" content=\"article\" \/>\n<meta property=\"og:title\" content=\"Xat\u00ea Xanim - Eliy\u00ea Evdilrehman - www.shanabooks.de\" \/>\n<meta property=\"og:description\" content=\"Xat\u00ea Xanim - Eliy\u00ea Evdilrehman &quot;Mala we ava be, \u00e7ima h\u00fbn Tirkan nas nakin? We Dewleta Rom\u00ea li me kire \u00c7iyay\u00ea Gir\u00eedax\u00ea. Tu y\u00ea qey bib\u00eaj\u00ee em Tirkan, qan\u00fbna...\" \/>\n<meta property=\"og:url\" content=\"https:\/\/shanabooks.de\/product\/xate-xanim-eliye-evdilrehman\/\" \/>\n<meta property=\"og:site_name\" content=\"www.shanabooks.de\" \/>\n<meta property=\"article:modified_time\" content=\"2026-01-02T18:44:56+00:00\" \/>\n<meta property=\"og:image\" content=\"https:\/\/shanabooks.de\/wp-content\/uploads\/2024\/03\/xate-xanim.png\" \/>\n\t<meta property=\"og:image:width\" content=\"304\" \/>\n\t<meta property=\"og:image:height\" content=\"500\" \/>\n\t<meta property=\"og:image:type\" content=\"image\/png\" \/>\n<meta name=\"twitter:card\" content=\"summary_large_image\" \/>\n<meta name=\"twitter:label1\" content=\"Gesch\u00e4tzte Lesezeit\" \/>\n\t<meta name=\"twitter:data1\" content=\"5\u00a0Minuten\" \/>\n<script type=\"application\/ld+json\" class=\"yoast-schema-graph\">{\"@context\":\"https:\\\/\\\/schema.org\",\"@graph\":[{\"@type\":\"WebPage\",\"@id\":\"https:\\\/\\\/shanabooks.de\\\/product\\\/xate-xanim-eliye-evdilrehman\\\/\",\"url\":\"https:\\\/\\\/shanabooks.de\\\/product\\\/xate-xanim-eliye-evdilrehman\\\/\",\"name\":\"Xat\u00ea Xanim - Eliy\u00ea Evdilrehman - www.shanabooks.de\",\"isPartOf\":{\"@id\":\"https:\\\/\\\/shanabooks.de\\\/#website\"},\"primaryImageOfPage\":{\"@id\":\"https:\\\/\\\/shanabooks.de\\\/product\\\/xate-xanim-eliye-evdilrehman\\\/#primaryimage\"},\"image\":{\"@id\":\"https:\\\/\\\/shanabooks.de\\\/product\\\/xate-xanim-eliye-evdilrehman\\\/#primaryimage\"},\"thumbnailUrl\":\"https:\\\/\\\/shanabooks.de\\\/wp-content\\\/uploads\\\/2024\\\/03\\\/xate-xanim.png\",\"datePublished\":\"2024-03-03T19:43:36+00:00\",\"dateModified\":\"2026-01-02T18:44:56+00:00\",\"description\":\"Xat\u00ea Xanim - Eliy\u00ea Evdilrehman \\\"Mala we ava be, \u00e7ima h\u00fbn Tirkan nas nakin? We Dewleta Rom\u00ea li me kire \u00c7iyay\u00ea Gir\u00eedax\u00ea. Tu y\u00ea qey bib\u00eaj\u00ee em Tirkan, qan\u00fbna...\",\"breadcrumb\":{\"@id\":\"https:\\\/\\\/shanabooks.de\\\/product\\\/xate-xanim-eliye-evdilrehman\\\/#breadcrumb\"},\"inLanguage\":\"de\",\"potentialAction\":[{\"@type\":\"ReadAction\",\"target\":[\"https:\\\/\\\/shanabooks.de\\\/product\\\/xate-xanim-eliye-evdilrehman\\\/\"]}]},{\"@type\":\"ImageObject\",\"inLanguage\":\"de\",\"@id\":\"https:\\\/\\\/shanabooks.de\\\/product\\\/xate-xanim-eliye-evdilrehman\\\/#primaryimage\",\"url\":\"https:\\\/\\\/shanabooks.de\\\/wp-content\\\/uploads\\\/2024\\\/03\\\/xate-xanim.png\",\"contentUrl\":\"https:\\\/\\\/shanabooks.de\\\/wp-content\\\/uploads\\\/2024\\\/03\\\/xate-xanim.png\",\"width\":304,\"height\":500,\"caption\":\"Xat\u00ea Xanim - Eliy\u00ea Evdilrehman - pirt\u00fbk\u00ean kurd\u00ee - roman\"},{\"@type\":\"BreadcrumbList\",\"@id\":\"https:\\\/\\\/shanabooks.de\\\/product\\\/xate-xanim-eliye-evdilrehman\\\/#breadcrumb\",\"itemListElement\":[{\"@type\":\"ListItem\",\"position\":1,\"name\":\"\u0627\u0644\u0631\u0626\u064a\u0633\u064a\u0629\",\"item\":\"https:\\\/\\\/shanabooks.de\\\/de\\\/\"},{\"@type\":\"ListItem\",\"position\":2,\"name\":\"\u0627\u0644\u0645\u0646\u062a\u062c\u0627\u062a\",\"item\":\"https:\\\/\\\/shanabooks.de\\\/shop\\\/\"},{\"@type\":\"ListItem\",\"position\":3,\"name\":\"Xat\u00ea Xanim\"}]},{\"@type\":\"WebSite\",\"@id\":\"https:\\\/\\\/shanabooks.de\\\/#website\",\"url\":\"https:\\\/\\\/shanabooks.de\\\/\",\"name\":\"www.shanbooks.de\",\"description\":\"C\u00eehana Pirt\u00fbk\u00ean Kurd\u00ee \u0645\u0643\u062a\u0628\u0629 \u0634\u0627\u0646\u0627 \u0641\u064a \u0627\u0644\u0645\u0627\u0646\u064a\u0627 \u0648\u0623\u0648\u0631\u0628\u0627\",\"publisher\":{\"@id\":\"https:\\\/\\\/shanabooks.de\\\/#organization\"},\"potentialAction\":[{\"@type\":\"SearchAction\",\"target\":{\"@type\":\"EntryPoint\",\"urlTemplate\":\"https:\\\/\\\/shanabooks.de\\\/?s={search_term_string}\"},\"query-input\":{\"@type\":\"PropertyValueSpecification\",\"valueRequired\":true,\"valueName\":\"search_term_string\"}}],\"inLanguage\":\"de\"},{\"@type\":\"Organization\",\"@id\":\"https:\\\/\\\/shanabooks.de\\\/#organization\",\"name\":\"www.shanbooks.de\",\"url\":\"https:\\\/\\\/shanabooks.de\\\/\",\"logo\":{\"@type\":\"ImageObject\",\"inLanguage\":\"de\",\"@id\":\"https:\\\/\\\/shanabooks.de\\\/#\\\/schema\\\/logo\\\/image\\\/\",\"url\":\"https:\\\/\\\/shanabooks.de\\\/wp-content\\\/uploads\\\/2024\\\/03\\\/SHANABOOKS__2_-removebg-preview.png\",\"contentUrl\":\"https:\\\/\\\/shanabooks.de\\\/wp-content\\\/uploads\\\/2024\\\/03\\\/SHANABOOKS__2_-removebg-preview.png\",\"width\":700,\"height\":150,\"caption\":\"www.shanbooks.de\"},\"image\":{\"@id\":\"https:\\\/\\\/shanabooks.de\\\/#\\\/schema\\\/logo\\\/image\\\/\"}}]}<\/script>\n<!-- \/ Yoast SEO plugin. -->","yoast_head_json":{"title":"Xat\u00ea Xanim - Eliy\u00ea Evdilrehman - www.shanabooks.de","description":"Xat\u00ea Xanim - Eliy\u00ea Evdilrehman \"Mala we ava be, \u00e7ima h\u00fbn Tirkan nas nakin? We Dewleta Rom\u00ea li me kire \u00c7iyay\u00ea Gir\u00eedax\u00ea. Tu y\u00ea qey bib\u00eaj\u00ee em Tirkan, qan\u00fbna...","robots":{"index":"index","follow":"follow","max-snippet":"max-snippet:-1","max-image-preview":"max-image-preview:large","max-video-preview":"max-video-preview:-1"},"canonical":"https:\/\/shanabooks.de\/product\/xate-xanim-eliye-evdilrehman\/","og_locale":"de_DE","og_type":"article","og_title":"Xat\u00ea Xanim - Eliy\u00ea Evdilrehman - www.shanabooks.de","og_description":"Xat\u00ea Xanim - Eliy\u00ea Evdilrehman \"Mala we ava be, \u00e7ima h\u00fbn Tirkan nas nakin? We Dewleta Rom\u00ea li me kire \u00c7iyay\u00ea Gir\u00eedax\u00ea. Tu y\u00ea qey bib\u00eaj\u00ee em Tirkan, qan\u00fbna...","og_url":"https:\/\/shanabooks.de\/product\/xate-xanim-eliye-evdilrehman\/","og_site_name":"www.shanabooks.de","article_modified_time":"2026-01-02T18:44:56+00:00","og_image":[{"width":304,"height":500,"url":"https:\/\/shanabooks.de\/wp-content\/uploads\/2024\/03\/xate-xanim.png","type":"image\/png"}],"twitter_card":"summary_large_image","twitter_misc":{"Gesch\u00e4tzte Lesezeit":"5\u00a0Minuten"},"schema":{"@context":"https:\/\/schema.org","@graph":[{"@type":"WebPage","@id":"https:\/\/shanabooks.de\/product\/xate-xanim-eliye-evdilrehman\/","url":"https:\/\/shanabooks.de\/product\/xate-xanim-eliye-evdilrehman\/","name":"Xat\u00ea Xanim - Eliy\u00ea Evdilrehman - www.shanabooks.de","isPartOf":{"@id":"https:\/\/shanabooks.de\/#website"},"primaryImageOfPage":{"@id":"https:\/\/shanabooks.de\/product\/xate-xanim-eliye-evdilrehman\/#primaryimage"},"image":{"@id":"https:\/\/shanabooks.de\/product\/xate-xanim-eliye-evdilrehman\/#primaryimage"},"thumbnailUrl":"https:\/\/shanabooks.de\/wp-content\/uploads\/2024\/03\/xate-xanim.png","datePublished":"2024-03-03T19:43:36+00:00","dateModified":"2026-01-02T18:44:56+00:00","description":"Xat\u00ea Xanim - Eliy\u00ea Evdilrehman \"Mala we ava be, \u00e7ima h\u00fbn Tirkan nas nakin? We Dewleta Rom\u00ea li me kire \u00c7iyay\u00ea Gir\u00eedax\u00ea. Tu y\u00ea qey bib\u00eaj\u00ee em Tirkan, qan\u00fbna...","breadcrumb":{"@id":"https:\/\/shanabooks.de\/product\/xate-xanim-eliye-evdilrehman\/#breadcrumb"},"inLanguage":"de","potentialAction":[{"@type":"ReadAction","target":["https:\/\/shanabooks.de\/product\/xate-xanim-eliye-evdilrehman\/"]}]},{"@type":"ImageObject","inLanguage":"de","@id":"https:\/\/shanabooks.de\/product\/xate-xanim-eliye-evdilrehman\/#primaryimage","url":"https:\/\/shanabooks.de\/wp-content\/uploads\/2024\/03\/xate-xanim.png","contentUrl":"https:\/\/shanabooks.de\/wp-content\/uploads\/2024\/03\/xate-xanim.png","width":304,"height":500,"caption":"Xat\u00ea Xanim - Eliy\u00ea Evdilrehman - pirt\u00fbk\u00ean kurd\u00ee - roman"},{"@type":"BreadcrumbList","@id":"https:\/\/shanabooks.de\/product\/xate-xanim-eliye-evdilrehman\/#breadcrumb","itemListElement":[{"@type":"ListItem","position":1,"name":"\u0627\u0644\u0631\u0626\u064a\u0633\u064a\u0629","item":"https:\/\/shanabooks.de\/de\/"},{"@type":"ListItem","position":2,"name":"\u0627\u0644\u0645\u0646\u062a\u062c\u0627\u062a","item":"https:\/\/shanabooks.de\/shop\/"},{"@type":"ListItem","position":3,"name":"Xat\u00ea Xanim"}]},{"@type":"WebSite","@id":"https:\/\/shanabooks.de\/#website","url":"https:\/\/shanabooks.de\/","name":"www.shanbooks.de","description":"C\u00eehana Pirt\u00fbk\u00ean Kurd\u00ee \u0645\u0643\u062a\u0628\u0629 \u0634\u0627\u0646\u0627 \u0641\u064a \u0627\u0644\u0645\u0627\u0646\u064a\u0627 \u0648\u0623\u0648\u0631\u0628\u0627","publisher":{"@id":"https:\/\/shanabooks.de\/#organization"},"potentialAction":[{"@type":"SearchAction","target":{"@type":"EntryPoint","urlTemplate":"https:\/\/shanabooks.de\/?s={search_term_string}"},"query-input":{"@type":"PropertyValueSpecification","valueRequired":true,"valueName":"search_term_string"}}],"inLanguage":"de"},{"@type":"Organization","@id":"https:\/\/shanabooks.de\/#organization","name":"www.shanbooks.de","url":"https:\/\/shanabooks.de\/","logo":{"@type":"ImageObject","inLanguage":"de","@id":"https:\/\/shanabooks.de\/#\/schema\/logo\/image\/","url":"https:\/\/shanabooks.de\/wp-content\/uploads\/2024\/03\/SHANABOOKS__2_-removebg-preview.png","contentUrl":"https:\/\/shanabooks.de\/wp-content\/uploads\/2024\/03\/SHANABOOKS__2_-removebg-preview.png","width":700,"height":150,"caption":"www.shanbooks.de"},"image":{"@id":"https:\/\/shanabooks.de\/#\/schema\/logo\/image\/"}}]}},"jetpack_sharing_enabled":true,"_links":{"self":[{"href":"https:\/\/shanabooks.de\/de\/wp-json\/wp\/v2\/product\/12391","targetHints":{"allow":["GET"]}}],"collection":[{"href":"https:\/\/shanabooks.de\/de\/wp-json\/wp\/v2\/product"}],"about":[{"href":"https:\/\/shanabooks.de\/de\/wp-json\/wp\/v2\/types\/product"}],"version-history":[{"count":2,"href":"https:\/\/shanabooks.de\/de\/wp-json\/wp\/v2\/product\/12391\/revisions"}],"predecessor-version":[{"id":22736,"href":"https:\/\/shanabooks.de\/de\/wp-json\/wp\/v2\/product\/12391\/revisions\/22736"}],"wp:featuredmedia":[{"embeddable":true,"href":"https:\/\/shanabooks.de\/de\/wp-json\/wp\/v2\/media\/23161"}],"wp:attachment":[{"href":"https:\/\/shanabooks.de\/de\/wp-json\/wp\/v2\/media?parent=12391"}],"wp:term":[{"taxonomy":"product_brand","embeddable":true,"href":"https:\/\/shanabooks.de\/de\/wp-json\/wp\/v2\/product_brand?post=12391"},{"taxonomy":"product_cat","embeddable":true,"href":"https:\/\/shanabooks.de\/de\/wp-json\/wp\/v2\/product_cat?post=12391"},{"taxonomy":"product_tag","embeddable":true,"href":"https:\/\/shanabooks.de\/de\/wp-json\/wp\/v2\/product_tag?post=12391"}],"curies":[{"name":"wp","href":"https:\/\/api.w.org\/{rel}","templated":true}]}}