{"id":12392,"date":"2024-03-03T19:43:36","date_gmt":"2024-03-03T19:43:36","guid":{"rendered":"https:\/\/shanabooks.de\/?post_type=product&#038;p=12392"},"modified":"2024-07-06T08:34:36","modified_gmt":"2024-07-06T08:34:36","slug":"xwesiya-bi-es-bave-naze","status":"publish","type":"product","link":"https:\/\/shanabooks.de\/de\/product\/xwesiya-bi-es-bave-naze\/","title":{"rendered":"Xwe\u015f\u00eeya Bi \u00ca\u015f"},"content":{"rendered":"<p dir=\"ltr\"><strong>Xwe\u015f\u00eeya Bi \u00ca\u015f &#8211; Bav\u00ea Naz\u00ea\u00a0<\/strong><\/p>\n<p dir=\"ltr\">Di civak, malbat, tevn, tore, pergal, gerd\u00ee\u015fa kevneperest de r\u00eawingiya giyan\u00ee ya jineke ku ne dikare \u00fb ne j\u00ee dixwaze m\u00eayt\u00eeb\u00fbna xwe \u00eenkar bike \u00fb ne j\u00ee ji ber van te\u015fey\u00ean han\u00ea y\u00ean civak\u00ee \u00fb\u00a0<em>exlaq\u00ee\u00a0<\/em>nikare kefen\u00ea \u015fermokt\u00eeya xwe bi\u00e7ir\u00eene da ku him karibe xwe wek\u00ee xwe qeb\u00fbl bike \u00fb him j\u00ee xwe wisa bide qeb\u00fblkirin.<br \/>\nBav\u00ea Naz\u00ea\u00a0di \u201cXwe\u015f\u00eeya Bi \u00ca\u015f\u201d de bi S\u00fblav \u00fb M\u00eedyaya hevala w\u00ea, kaya kevn a hest \u00fb hizr\u00ean jinan \u00ean ku hatine ve\u015fartin, ji n\u00fb ve li ber b\u00ea dixe \u00fb bi v\u00ea re em dib\u00eenin ku S\u00fblav\u00ea b\u00eay\u00ee ku guh bide tevn \u00fb torey\u00ean civak\u00ee dide d\u00fb dil\u00ea xwe, ligel ku t\u00eadigih\u00eaje bi \u00ea\u015f e j\u00ee ji w\u00ea xwe\u015fiy\u00ea venagere.<\/p>\n","protected":false},"excerpt":{"rendered":"<p dir=\"ltr\" style=\"text-align: center\"><strong>Pirt\u00fbk: Xwe\u015f\u00eeya Bi \u00ca\u015f<br \/>\nNiv\u00eeskar: Bav\u00ea Naz\u00ea<\/strong><br \/>\n<strong>Cure: Roman<\/strong><\/p>\n","protected":false},"featured_media":12456,"template":"","meta":{"site-sidebar-layout":"default","site-content-layout":"","ast-site-content-layout":"default","site-content-style":"default","site-sidebar-style":"default","ast-global-header-display":"","ast-banner-title-visibility":"","ast-main-header-display":"","ast-hfb-above-header-display":"","ast-hfb-below-header-display":"","ast-hfb-mobile-header-display":"","site-post-title":"","ast-breadcrumbs-content":"","ast-featured-img":"","footer-sml-layout":"","ast-disable-related-posts":"","theme-transparent-header-meta":"default","adv-header-id-meta":"","stick-header-meta":"","header-above-stick-meta":"","header-main-stick-meta":"","header-below-stick-meta":"","astra-migrate-meta-layouts":"set","ast-page-background-enabled":"default","ast-page-background-meta":{"desktop":{"background-color":"","background-image":"","background-repeat":"repeat","background-position":"center center","background-size":"auto","background-attachment":"scroll","background-type":"","background-media":"","overlay-type":"","overlay-color":"","overlay-opacity":"","overlay-gradient":""},"tablet":{"background-color":"","background-image":"","background-repeat":"repeat","background-position":"center center","background-size":"auto","background-attachment":"scroll","background-type":"","background-media":"","overlay-type":"","overlay-color":"","overlay-opacity":"","overlay-gradient":""},"mobile":{"background-color":"","background-image":"","background-repeat":"repeat","background-position":"center center","background-size":"auto","background-attachment":"scroll","background-type":"","background-media":"","overlay-type":"","overlay-color":"","overlay-opacity":"","overlay-gradient":""}},"ast-content-background-meta":{"desktop":{"background-color":"var(--ast-global-color-5)","background-image":"","background-repeat":"repeat","background-position":"center center","background-size":"auto","background-attachment":"scroll","background-type":"","background-media":"","overlay-type":"","overlay-color":"","overlay-opacity":"","overlay-gradient":""},"tablet":{"background-color":"var(--ast-global-color-5)","background-image":"","background-repeat":"repeat","background-position":"center center","background-size":"auto","background-attachment":"scroll","background-type":"","background-media":"","overlay-type":"","overlay-color":"","overlay-opacity":"","overlay-gradient":""},"mobile":{"background-color":"var(--ast-global-color-5)","background-image":"","background-repeat":"repeat","background-position":"center center","background-size":"auto","background-attachment":"scroll","background-type":"","background-media":"","overlay-type":"","overlay-color":"","overlay-opacity":"","overlay-gradient":""}}},"product_brand":[],"product_cat":[182,193],"product_tag":[],"class_list":{"0":"post-12392","1":"product","2":"type-product","3":"status-publish","4":"has-post-thumbnail","6":"product_cat-_","7":"product_cat--_","8":"pa_-roman","9":"pa_-bave-naze","10":"pa_-kurmanci","11":"pa_--lis-yayinevi","12":"desktop-align-left","13":"tablet-align-left","14":"mobile-align-left","16":"first","17":"outofstock","18":"shipping-taxable","19":"purchasable","20":"product-type-simple"},"yoast_head":"<!-- This site is optimized with the Yoast SEO plugin v27.4 - https:\/\/yoast.com\/product\/yoast-seo-wordpress\/ -->\n<title>Xwe\u015f\u00eeya Bi \u00ca\u015f - Bav\u00ea Naz\u00ea - www.shanabooks.de<\/title>\n<meta name=\"description\" content=\"Xwe\u015f\u00eeya Bi \u00ca\u015f - Bav\u00ea Naz\u00ea\u00a0Di civak, malbat, tevn, tore, pergal, gerd\u00ee\u015fa kevneperest de r\u00eawingiya giyan\u00ee ya jineke ku ne dikare \u00fb ne j\u00ee dixwaze m\u00eayt\u00eeb\u00fbna ...\" \/>\n<meta name=\"robots\" content=\"index, follow, max-snippet:-1, max-image-preview:large, max-video-preview:-1\" \/>\n<link rel=\"canonical\" href=\"https:\/\/shanabooks.de\/product\/xwesiya-bi-es-bave-naze\/\" \/>\n<meta property=\"og:locale\" content=\"de_DE\" \/>\n<meta property=\"og:type\" content=\"article\" \/>\n<meta property=\"og:title\" content=\"Xwe\u015f\u00eeya Bi \u00ca\u015f - Bav\u00ea Naz\u00ea - www.shanabooks.de\" \/>\n<meta property=\"og:description\" content=\"Xwe\u015f\u00eeya Bi \u00ca\u015f - Bav\u00ea Naz\u00ea\u00a0Di civak, malbat, tevn, tore, pergal, gerd\u00ee\u015fa kevneperest de r\u00eawingiya giyan\u00ee ya jineke ku ne dikare \u00fb ne j\u00ee dixwaze m\u00eayt\u00eeb\u00fbna ...\" \/>\n<meta property=\"og:url\" content=\"https:\/\/shanabooks.de\/product\/xwesiya-bi-es-bave-naze\/\" \/>\n<meta property=\"og:site_name\" content=\"www.shanabooks.de\" \/>\n<meta property=\"article:modified_time\" content=\"2024-07-06T08:34:36+00:00\" \/>\n<meta property=\"og:image\" content=\"https:\/\/shanabooks.de\/wp-content\/uploads\/2024\/03\/xwesiya-bi-Es.png\" \/>\n\t<meta property=\"og:image:width\" content=\"290\" \/>\n\t<meta property=\"og:image:height\" content=\"476\" \/>\n\t<meta property=\"og:image:type\" content=\"image\/png\" \/>\n<meta name=\"twitter:card\" content=\"summary_large_image\" \/>\n<meta name=\"twitter:label1\" content=\"Gesch\u00e4tzte Lesezeit\" \/>\n\t<meta name=\"twitter:data1\" content=\"2\u00a0Minuten\" \/>\n<script type=\"application\/ld+json\" class=\"yoast-schema-graph\">{\"@context\":\"https:\\\/\\\/schema.org\",\"@graph\":[{\"@type\":\"WebPage\",\"@id\":\"https:\\\/\\\/shanabooks.de\\\/product\\\/xwesiya-bi-es-bave-naze\\\/\",\"url\":\"https:\\\/\\\/shanabooks.de\\\/product\\\/xwesiya-bi-es-bave-naze\\\/\",\"name\":\"Xwe\u015f\u00eeya Bi \u00ca\u015f - Bav\u00ea Naz\u00ea - www.shanabooks.de\",\"isPartOf\":{\"@id\":\"https:\\\/\\\/shanabooks.de\\\/#website\"},\"primaryImageOfPage\":{\"@id\":\"https:\\\/\\\/shanabooks.de\\\/product\\\/xwesiya-bi-es-bave-naze\\\/#primaryimage\"},\"image\":{\"@id\":\"https:\\\/\\\/shanabooks.de\\\/product\\\/xwesiya-bi-es-bave-naze\\\/#primaryimage\"},\"thumbnailUrl\":\"https:\\\/\\\/shanabooks.de\\\/wp-content\\\/uploads\\\/2024\\\/03\\\/xwesiya-bi-Es.png\",\"datePublished\":\"2024-03-03T19:43:36+00:00\",\"dateModified\":\"2024-07-06T08:34:36+00:00\",\"description\":\"Xwe\u015f\u00eeya Bi \u00ca\u015f - Bav\u00ea Naz\u00ea\u00a0Di civak, malbat, tevn, tore, pergal, gerd\u00ee\u015fa kevneperest de r\u00eawingiya giyan\u00ee ya jineke ku ne dikare \u00fb ne j\u00ee dixwaze m\u00eayt\u00eeb\u00fbna ...\",\"breadcrumb\":{\"@id\":\"https:\\\/\\\/shanabooks.de\\\/product\\\/xwesiya-bi-es-bave-naze\\\/#breadcrumb\"},\"inLanguage\":\"de\",\"potentialAction\":[{\"@type\":\"ReadAction\",\"target\":[\"https:\\\/\\\/shanabooks.de\\\/product\\\/xwesiya-bi-es-bave-naze\\\/\"]}]},{\"@type\":\"ImageObject\",\"inLanguage\":\"de\",\"@id\":\"https:\\\/\\\/shanabooks.de\\\/product\\\/xwesiya-bi-es-bave-naze\\\/#primaryimage\",\"url\":\"https:\\\/\\\/shanabooks.de\\\/wp-content\\\/uploads\\\/2024\\\/03\\\/xwesiya-bi-Es.png\",\"contentUrl\":\"https:\\\/\\\/shanabooks.de\\\/wp-content\\\/uploads\\\/2024\\\/03\\\/xwesiya-bi-Es.png\",\"width\":290,\"height\":476,\"caption\":\"Xwe\u015f\u00eeya Bi \u00ca\u015f - Bav\u00ea Naz\u00ea - pirt\u00fbk\u00ean kurd\u00ee\"},{\"@type\":\"BreadcrumbList\",\"@id\":\"https:\\\/\\\/shanabooks.de\\\/product\\\/xwesiya-bi-es-bave-naze\\\/#breadcrumb\",\"itemListElement\":[{\"@type\":\"ListItem\",\"position\":1,\"name\":\"\u0627\u0644\u0631\u0626\u064a\u0633\u064a\u0629\",\"item\":\"https:\\\/\\\/shanabooks.de\\\/de\\\/\"},{\"@type\":\"ListItem\",\"position\":2,\"name\":\"\u0627\u0644\u0645\u0646\u062a\u062c\u0627\u062a\",\"item\":\"https:\\\/\\\/shanabooks.de\\\/shop\\\/\"},{\"@type\":\"ListItem\",\"position\":3,\"name\":\"Xwe\u015f\u00eeya Bi \u00ca\u015f\"}]},{\"@type\":\"WebSite\",\"@id\":\"https:\\\/\\\/shanabooks.de\\\/#website\",\"url\":\"https:\\\/\\\/shanabooks.de\\\/\",\"name\":\"www.shanbooks.de\",\"description\":\"C\u00eehana Pirt\u00fbk\u00ean Kurd\u00ee \u0645\u0643\u062a\u0628\u0629 \u0634\u0627\u0646\u0627 \u0641\u064a \u0627\u0644\u0645\u0627\u0646\u064a\u0627 \u0648\u0623\u0648\u0631\u0628\u0627\",\"publisher\":{\"@id\":\"https:\\\/\\\/shanabooks.de\\\/#organization\"},\"potentialAction\":[{\"@type\":\"SearchAction\",\"target\":{\"@type\":\"EntryPoint\",\"urlTemplate\":\"https:\\\/\\\/shanabooks.de\\\/?s={search_term_string}\"},\"query-input\":{\"@type\":\"PropertyValueSpecification\",\"valueRequired\":true,\"valueName\":\"search_term_string\"}}],\"inLanguage\":\"de\"},{\"@type\":\"Organization\",\"@id\":\"https:\\\/\\\/shanabooks.de\\\/#organization\",\"name\":\"www.shanbooks.de\",\"url\":\"https:\\\/\\\/shanabooks.de\\\/\",\"logo\":{\"@type\":\"ImageObject\",\"inLanguage\":\"de\",\"@id\":\"https:\\\/\\\/shanabooks.de\\\/#\\\/schema\\\/logo\\\/image\\\/\",\"url\":\"https:\\\/\\\/shanabooks.de\\\/wp-content\\\/uploads\\\/2024\\\/03\\\/SHANABOOKS__2_-removebg-preview.png\",\"contentUrl\":\"https:\\\/\\\/shanabooks.de\\\/wp-content\\\/uploads\\\/2024\\\/03\\\/SHANABOOKS__2_-removebg-preview.png\",\"width\":700,\"height\":150,\"caption\":\"www.shanbooks.de\"},\"image\":{\"@id\":\"https:\\\/\\\/shanabooks.de\\\/#\\\/schema\\\/logo\\\/image\\\/\"}}]}<\/script>\n<!-- \/ Yoast SEO plugin. -->","yoast_head_json":{"title":"Xwe\u015f\u00eeya Bi \u00ca\u015f - Bav\u00ea Naz\u00ea - www.shanabooks.de","description":"Xwe\u015f\u00eeya Bi \u00ca\u015f - Bav\u00ea Naz\u00ea\u00a0Di civak, malbat, tevn, tore, pergal, gerd\u00ee\u015fa kevneperest de r\u00eawingiya giyan\u00ee ya jineke ku ne dikare \u00fb ne j\u00ee dixwaze m\u00eayt\u00eeb\u00fbna ...","robots":{"index":"index","follow":"follow","max-snippet":"max-snippet:-1","max-image-preview":"max-image-preview:large","max-video-preview":"max-video-preview:-1"},"canonical":"https:\/\/shanabooks.de\/product\/xwesiya-bi-es-bave-naze\/","og_locale":"de_DE","og_type":"article","og_title":"Xwe\u015f\u00eeya Bi \u00ca\u015f - Bav\u00ea Naz\u00ea - www.shanabooks.de","og_description":"Xwe\u015f\u00eeya Bi \u00ca\u015f - Bav\u00ea Naz\u00ea\u00a0Di civak, malbat, tevn, tore, pergal, gerd\u00ee\u015fa kevneperest de r\u00eawingiya giyan\u00ee ya jineke ku ne dikare \u00fb ne j\u00ee dixwaze m\u00eayt\u00eeb\u00fbna ...","og_url":"https:\/\/shanabooks.de\/product\/xwesiya-bi-es-bave-naze\/","og_site_name":"www.shanabooks.de","article_modified_time":"2024-07-06T08:34:36+00:00","og_image":[{"width":290,"height":476,"url":"https:\/\/shanabooks.de\/wp-content\/uploads\/2024\/03\/xwesiya-bi-Es.png","type":"image\/png"}],"twitter_card":"summary_large_image","twitter_misc":{"Gesch\u00e4tzte Lesezeit":"2\u00a0Minuten"},"schema":{"@context":"https:\/\/schema.org","@graph":[{"@type":"WebPage","@id":"https:\/\/shanabooks.de\/product\/xwesiya-bi-es-bave-naze\/","url":"https:\/\/shanabooks.de\/product\/xwesiya-bi-es-bave-naze\/","name":"Xwe\u015f\u00eeya Bi \u00ca\u015f - Bav\u00ea Naz\u00ea - www.shanabooks.de","isPartOf":{"@id":"https:\/\/shanabooks.de\/#website"},"primaryImageOfPage":{"@id":"https:\/\/shanabooks.de\/product\/xwesiya-bi-es-bave-naze\/#primaryimage"},"image":{"@id":"https:\/\/shanabooks.de\/product\/xwesiya-bi-es-bave-naze\/#primaryimage"},"thumbnailUrl":"https:\/\/shanabooks.de\/wp-content\/uploads\/2024\/03\/xwesiya-bi-Es.png","datePublished":"2024-03-03T19:43:36+00:00","dateModified":"2024-07-06T08:34:36+00:00","description":"Xwe\u015f\u00eeya Bi \u00ca\u015f - Bav\u00ea Naz\u00ea\u00a0Di civak, malbat, tevn, tore, pergal, gerd\u00ee\u015fa kevneperest de r\u00eawingiya giyan\u00ee ya jineke ku ne dikare \u00fb ne j\u00ee dixwaze m\u00eayt\u00eeb\u00fbna ...","breadcrumb":{"@id":"https:\/\/shanabooks.de\/product\/xwesiya-bi-es-bave-naze\/#breadcrumb"},"inLanguage":"de","potentialAction":[{"@type":"ReadAction","target":["https:\/\/shanabooks.de\/product\/xwesiya-bi-es-bave-naze\/"]}]},{"@type":"ImageObject","inLanguage":"de","@id":"https:\/\/shanabooks.de\/product\/xwesiya-bi-es-bave-naze\/#primaryimage","url":"https:\/\/shanabooks.de\/wp-content\/uploads\/2024\/03\/xwesiya-bi-Es.png","contentUrl":"https:\/\/shanabooks.de\/wp-content\/uploads\/2024\/03\/xwesiya-bi-Es.png","width":290,"height":476,"caption":"Xwe\u015f\u00eeya Bi \u00ca\u015f - Bav\u00ea Naz\u00ea - pirt\u00fbk\u00ean kurd\u00ee"},{"@type":"BreadcrumbList","@id":"https:\/\/shanabooks.de\/product\/xwesiya-bi-es-bave-naze\/#breadcrumb","itemListElement":[{"@type":"ListItem","position":1,"name":"\u0627\u0644\u0631\u0626\u064a\u0633\u064a\u0629","item":"https:\/\/shanabooks.de\/de\/"},{"@type":"ListItem","position":2,"name":"\u0627\u0644\u0645\u0646\u062a\u062c\u0627\u062a","item":"https:\/\/shanabooks.de\/shop\/"},{"@type":"ListItem","position":3,"name":"Xwe\u015f\u00eeya Bi \u00ca\u015f"}]},{"@type":"WebSite","@id":"https:\/\/shanabooks.de\/#website","url":"https:\/\/shanabooks.de\/","name":"www.shanbooks.de","description":"C\u00eehana Pirt\u00fbk\u00ean Kurd\u00ee \u0645\u0643\u062a\u0628\u0629 \u0634\u0627\u0646\u0627 \u0641\u064a \u0627\u0644\u0645\u0627\u0646\u064a\u0627 \u0648\u0623\u0648\u0631\u0628\u0627","publisher":{"@id":"https:\/\/shanabooks.de\/#organization"},"potentialAction":[{"@type":"SearchAction","target":{"@type":"EntryPoint","urlTemplate":"https:\/\/shanabooks.de\/?s={search_term_string}"},"query-input":{"@type":"PropertyValueSpecification","valueRequired":true,"valueName":"search_term_string"}}],"inLanguage":"de"},{"@type":"Organization","@id":"https:\/\/shanabooks.de\/#organization","name":"www.shanbooks.de","url":"https:\/\/shanabooks.de\/","logo":{"@type":"ImageObject","inLanguage":"de","@id":"https:\/\/shanabooks.de\/#\/schema\/logo\/image\/","url":"https:\/\/shanabooks.de\/wp-content\/uploads\/2024\/03\/SHANABOOKS__2_-removebg-preview.png","contentUrl":"https:\/\/shanabooks.de\/wp-content\/uploads\/2024\/03\/SHANABOOKS__2_-removebg-preview.png","width":700,"height":150,"caption":"www.shanbooks.de"},"image":{"@id":"https:\/\/shanabooks.de\/#\/schema\/logo\/image\/"}}]}},"jetpack_sharing_enabled":true,"_links":{"self":[{"href":"https:\/\/shanabooks.de\/de\/wp-json\/wp\/v2\/product\/12392","targetHints":{"allow":["GET"]}}],"collection":[{"href":"https:\/\/shanabooks.de\/de\/wp-json\/wp\/v2\/product"}],"about":[{"href":"https:\/\/shanabooks.de\/de\/wp-json\/wp\/v2\/types\/product"}],"version-history":[{"count":2,"href":"https:\/\/shanabooks.de\/de\/wp-json\/wp\/v2\/product\/12392\/revisions"}],"predecessor-version":[{"id":18895,"href":"https:\/\/shanabooks.de\/de\/wp-json\/wp\/v2\/product\/12392\/revisions\/18895"}],"wp:featuredmedia":[{"embeddable":true,"href":"https:\/\/shanabooks.de\/de\/wp-json\/wp\/v2\/media\/12456"}],"wp:attachment":[{"href":"https:\/\/shanabooks.de\/de\/wp-json\/wp\/v2\/media?parent=12392"}],"wp:term":[{"taxonomy":"product_brand","embeddable":true,"href":"https:\/\/shanabooks.de\/de\/wp-json\/wp\/v2\/product_brand?post=12392"},{"taxonomy":"product_cat","embeddable":true,"href":"https:\/\/shanabooks.de\/de\/wp-json\/wp\/v2\/product_cat?post=12392"},{"taxonomy":"product_tag","embeddable":true,"href":"https:\/\/shanabooks.de\/de\/wp-json\/wp\/v2\/product_tag?post=12392"}],"curies":[{"name":"wp","href":"https:\/\/api.w.org\/{rel}","templated":true}]}}