{"id":12393,"date":"2024-03-03T19:43:36","date_gmt":"2024-03-03T19:43:36","guid":{"rendered":"https:\/\/shanabooks.de\/?post_type=product&#038;p=12393"},"modified":"2026-01-02T18:55:35","modified_gmt":"2026-01-02T18:55:35","slug":"pesmerge-rehime-qazi","status":"publish","type":"product","link":"https:\/\/shanabooks.de\/de\/product\/pesmerge-rehime-qazi\/","title":{"rendered":"P\u00ea\u015fmerge"},"content":{"rendered":"<p dir=\"ltr\"><strong>P\u00ea\u015fmerge &#8211; Reh\u00eem\u00ea Qaz\u00ee<\/strong><\/p>\n<p dir=\"ltr\">P\u00ea\u015fmerge, \u00e7\u00eerokeke dir\u00eaj e, di\u00e7e dikeve nav w\u00ee bax\u00ea gul\u00ean b\u00eahnxwe\u015f \u00ean ku di bax\u00e7ey\u00ea w\u00eajeya Kurd\u00ee de vedane, an j\u00ee destaneke teze ye bi kinc\u00ea n\u00fb y\u00ea huner\u00ea ve, awayek\u00ee n\u00fb y\u00ea romanniv\u00ees\u00eeya bi \u00e7end qehreman\u00ean ku m\u00earxas\u00ee \u00fb dil\u00ear\u00eeya gel\u00ea Kurd didin d\u00eeyarkirin.<br \/>\nRomana \u201cP\u00ea\u015fmerge\u201dy\u00ea ya\u00a0Reh\u00eem\u00ea Qaz\u00ee\u00a0bi qelemeke rewan \u00fb awayek\u00ee \u015f\u00eer\u00een hatiye niv\u00eesandin ku niv\u00eeskar t\u00ea de rew\u015fa j\u00eeyana Kurd\u00ean Rojhilat\u00ea Kurdistan\u00ea daye xuyakirin, rew\u015fa derebeg \u00fb gund\u00eeyan, zor \u00fb zordar\u00eeya m\u00eer \u00fb pi\u015ftevan\u00eeya \u015eore\u015fa Mehabad\u00ea ya ji al\u00eey\u00ea hem\u00fb e\u015f\u00eer \u00fb \u00e7\u00een\u00ean Rojhilat\u00ea Kurdistan\u00ea ve radixe ber \u00e7avan \u00fb wek\u00ee eynik\u00ea w\u00ea bi xeleka d\u00eeroka Kurdistan\u00ea ve gir\u00eadide.<\/p>\n<p dir=\"ltr\">Romana \u201cP\u00ea\u015fmerge\u201dy\u00ea cara yekem di sala 1959\u2019an de li bajar\u00ea \u00car\u00eevan\u00ea, di sala 1961\u2019\u00ea de li Bexdad\u00ea bi Kurd\u00ee \u00fb di sala 1963\u2019yan de li Bak\u00fby\u00ea bi Azer\u00ee hatiye we\u015fandin. Li Ba\u015f\u00fbr\u00ea Kurditsan\u00ea ji al\u00eey\u00ea xwendevan\u00ean Kurd ve, bi taybet\u00ee ji al\u00eey\u00ea w\u00eajenas, pispor\u00ean w\u00eajey\u00ea, hunermend \u00fb niv\u00eeskar\u00ean Kurd ve p\u00ea\u015fwaz\u00eeyeke ba\u015f l\u00ea hatiye kirin \u00fb di gelek rojname \u00fb kovar\u00ean Kurd\u00ee de niv\u00ees li ser hatine we\u015fandin, pesin \u00fb rexne li ser hatine kirin.<br \/>\nNiv\u00eeskar\u00ea \u201cP\u00ea\u015fmerge\u201dy\u00ea, bi cil \u00fb bergek\u00ee speh\u00ee, wek\u00ee niv\u00eeskar\u00ea \u00eetaetkar\u00ea rasteq\u00een\u00eeya Sosyal\u00eezm\u00ea, w\u00eaneyek\u00ee radixe ber \u00e7avan; w\u00eaney\u00ea j\u00eeyana cotkar\u00ean Kurdistan\u00ea, p\u00eawend\u00eey\u00ean di navbera gund\u00ee \u00fb derebeg\u00ean xay\u00een de, dijminayet\u00eeya derebeg\u00ean noker bi Kurd \u00fb Kurdayet\u00eey\u00ea re \u00fb hewl\u00ean wan ji bo fetisandina komara sava \u00fb nazik.<\/p>\n","protected":false},"excerpt":{"rendered":"<p dir=\"ltr\" style=\"text-align: center\"><strong>Pirt\u00fbk: P\u00ea\u015fmerge<br \/>\nNiv\u00eeskar: Reh\u00eem\u00ea Qaz\u00ee<\/strong><br \/>\n<strong>Cure: \u00c7\u00eerok<\/strong><\/p>\n","protected":false},"featured_media":18897,"template":"","meta":{"site-sidebar-layout":"default","site-content-layout":"","ast-site-content-layout":"default","site-content-style":"default","site-sidebar-style":"default","ast-global-header-display":"","ast-banner-title-visibility":"","ast-main-header-display":"","ast-hfb-above-header-display":"","ast-hfb-below-header-display":"","ast-hfb-mobile-header-display":"","site-post-title":"","ast-breadcrumbs-content":"","ast-featured-img":"","footer-sml-layout":"","ast-disable-related-posts":"","theme-transparent-header-meta":"default","adv-header-id-meta":"","stick-header-meta":"","header-above-stick-meta":"","header-main-stick-meta":"","header-below-stick-meta":"","astra-migrate-meta-layouts":"set","ast-page-background-enabled":"default","ast-page-background-meta":{"desktop":{"background-color":"","background-image":"","background-repeat":"repeat","background-position":"center center","background-size":"auto","background-attachment":"scroll","background-type":"","background-media":"","overlay-type":"","overlay-color":"","overlay-opacity":"","overlay-gradient":""},"tablet":{"background-color":"","background-image":"","background-repeat":"repeat","background-position":"center center","background-size":"auto","background-attachment":"scroll","background-type":"","background-media":"","overlay-type":"","overlay-color":"","overlay-opacity":"","overlay-gradient":""},"mobile":{"background-color":"","background-image":"","background-repeat":"repeat","background-position":"center center","background-size":"auto","background-attachment":"scroll","background-type":"","background-media":"","overlay-type":"","overlay-color":"","overlay-opacity":"","overlay-gradient":""}},"ast-content-background-meta":{"desktop":{"background-color":"var(--ast-global-color-5)","background-image":"","background-repeat":"repeat","background-position":"center center","background-size":"auto","background-attachment":"scroll","background-type":"","background-media":"","overlay-type":"","overlay-color":"","overlay-opacity":"","overlay-gradient":""},"tablet":{"background-color":"var(--ast-global-color-5)","background-image":"","background-repeat":"repeat","background-position":"center center","background-size":"auto","background-attachment":"scroll","background-type":"","background-media":"","overlay-type":"","overlay-color":"","overlay-opacity":"","overlay-gradient":""},"mobile":{"background-color":"var(--ast-global-color-5)","background-image":"","background-repeat":"repeat","background-position":"center center","background-size":"auto","background-attachment":"scroll","background-type":"","background-media":"","overlay-type":"","overlay-color":"","overlay-opacity":"","overlay-gradient":""}}},"product_brand":[],"product_cat":[183,193],"product_tag":[],"class_list":{"0":"post-12393","1":"product","2":"type-product","3":"status-publish","4":"has-post-thumbnail","6":"product_cat-_","7":"product_cat--_","8":"pa_-cirok","9":"pa_-rehime-qazi","10":"pa_-kurmanci","11":"pa_--lis-yayinevi","12":"desktop-align-left","13":"tablet-align-left","14":"mobile-align-left","16":"first","17":"outofstock","18":"shipping-taxable","19":"purchasable","20":"product-type-simple"},"yoast_head":"<!-- This site is optimized with the Yoast SEO plugin v27.4 - https:\/\/yoast.com\/product\/yoast-seo-wordpress\/ -->\n<title>P\u00ea\u015fmerge - Reh\u00eem\u00ea Qaz\u00ee - www.shanabooks.de<\/title>\n<meta name=\"description\" content=\"P\u00ea\u015fmerge - Reh\u00eem\u00ea Qaz\u00ee P\u00ea\u015fmerge, \u00e7\u00eerokeke dir\u00eaj e, di\u00e7e dikeve nav w\u00ee bax\u00ea gul\u00ean b\u00eahnxwe\u015f \u00ean ku di bax\u00e7ey\u00ea w\u00eajeya Kurd\u00ee de vedane, an j\u00ee destaneke teze...\" \/>\n<meta name=\"robots\" content=\"index, follow, max-snippet:-1, max-image-preview:large, max-video-preview:-1\" \/>\n<link rel=\"canonical\" href=\"https:\/\/shanabooks.de\/product\/pesmerge-rehime-qazi\/\" \/>\n<meta property=\"og:locale\" content=\"de_DE\" \/>\n<meta property=\"og:type\" content=\"article\" \/>\n<meta property=\"og:title\" content=\"P\u00ea\u015fmerge - Reh\u00eem\u00ea Qaz\u00ee - www.shanabooks.de\" \/>\n<meta property=\"og:description\" content=\"P\u00ea\u015fmerge - Reh\u00eem\u00ea Qaz\u00ee P\u00ea\u015fmerge, \u00e7\u00eerokeke dir\u00eaj e, di\u00e7e dikeve nav w\u00ee bax\u00ea gul\u00ean b\u00eahnxwe\u015f \u00ean ku di bax\u00e7ey\u00ea w\u00eajeya Kurd\u00ee de vedane, an j\u00ee destaneke teze...\" \/>\n<meta property=\"og:url\" content=\"https:\/\/shanabooks.de\/product\/pesmerge-rehime-qazi\/\" \/>\n<meta property=\"og:site_name\" content=\"www.shanabooks.de\" \/>\n<meta property=\"article:modified_time\" content=\"2026-01-02T18:55:35+00:00\" \/>\n<meta property=\"og:image\" content=\"https:\/\/shanabooks.de\/wp-content\/uploads\/2024\/03\/pesmerge.jpg\" \/>\n\t<meta property=\"og:image:width\" content=\"595\" \/>\n\t<meta property=\"og:image:height\" content=\"760\" \/>\n\t<meta property=\"og:image:type\" content=\"image\/jpeg\" \/>\n<meta name=\"twitter:card\" content=\"summary_large_image\" \/>\n<meta name=\"twitter:label1\" content=\"Gesch\u00e4tzte Lesezeit\" \/>\n\t<meta name=\"twitter:data1\" content=\"2\u00a0Minuten\" \/>\n<script type=\"application\/ld+json\" class=\"yoast-schema-graph\">{\"@context\":\"https:\\\/\\\/schema.org\",\"@graph\":[{\"@type\":\"WebPage\",\"@id\":\"https:\\\/\\\/shanabooks.de\\\/product\\\/pesmerge-rehime-qazi\\\/\",\"url\":\"https:\\\/\\\/shanabooks.de\\\/product\\\/pesmerge-rehime-qazi\\\/\",\"name\":\"P\u00ea\u015fmerge - Reh\u00eem\u00ea Qaz\u00ee - www.shanabooks.de\",\"isPartOf\":{\"@id\":\"https:\\\/\\\/shanabooks.de\\\/#website\"},\"primaryImageOfPage\":{\"@id\":\"https:\\\/\\\/shanabooks.de\\\/product\\\/pesmerge-rehime-qazi\\\/#primaryimage\"},\"image\":{\"@id\":\"https:\\\/\\\/shanabooks.de\\\/product\\\/pesmerge-rehime-qazi\\\/#primaryimage\"},\"thumbnailUrl\":\"https:\\\/\\\/shanabooks.de\\\/wp-content\\\/uploads\\\/2024\\\/03\\\/pesmerge.jpg\",\"datePublished\":\"2024-03-03T19:43:36+00:00\",\"dateModified\":\"2026-01-02T18:55:35+00:00\",\"description\":\"P\u00ea\u015fmerge - Reh\u00eem\u00ea Qaz\u00ee P\u00ea\u015fmerge, \u00e7\u00eerokeke dir\u00eaj e, di\u00e7e dikeve nav w\u00ee bax\u00ea gul\u00ean b\u00eahnxwe\u015f \u00ean ku di bax\u00e7ey\u00ea w\u00eajeya Kurd\u00ee de vedane, an j\u00ee destaneke teze...\",\"breadcrumb\":{\"@id\":\"https:\\\/\\\/shanabooks.de\\\/product\\\/pesmerge-rehime-qazi\\\/#breadcrumb\"},\"inLanguage\":\"de\",\"potentialAction\":[{\"@type\":\"ReadAction\",\"target\":[\"https:\\\/\\\/shanabooks.de\\\/product\\\/pesmerge-rehime-qazi\\\/\"]}]},{\"@type\":\"ImageObject\",\"inLanguage\":\"de\",\"@id\":\"https:\\\/\\\/shanabooks.de\\\/product\\\/pesmerge-rehime-qazi\\\/#primaryimage\",\"url\":\"https:\\\/\\\/shanabooks.de\\\/wp-content\\\/uploads\\\/2024\\\/03\\\/pesmerge.jpg\",\"contentUrl\":\"https:\\\/\\\/shanabooks.de\\\/wp-content\\\/uploads\\\/2024\\\/03\\\/pesmerge.jpg\",\"width\":595,\"height\":760,\"caption\":\"P\u00ea\u015fmerge - Reh\u00eem\u00ea Qaz\u00ee - pirt\u00fbk\u00ean kurd\u00ee\"},{\"@type\":\"BreadcrumbList\",\"@id\":\"https:\\\/\\\/shanabooks.de\\\/product\\\/pesmerge-rehime-qazi\\\/#breadcrumb\",\"itemListElement\":[{\"@type\":\"ListItem\",\"position\":1,\"name\":\"\u0627\u0644\u0631\u0626\u064a\u0633\u064a\u0629\",\"item\":\"https:\\\/\\\/shanabooks.de\\\/de\\\/\"},{\"@type\":\"ListItem\",\"position\":2,\"name\":\"\u0627\u0644\u0645\u0646\u062a\u062c\u0627\u062a\",\"item\":\"https:\\\/\\\/shanabooks.de\\\/shop\\\/\"},{\"@type\":\"ListItem\",\"position\":3,\"name\":\"P\u00ea\u015fmerge\"}]},{\"@type\":\"WebSite\",\"@id\":\"https:\\\/\\\/shanabooks.de\\\/#website\",\"url\":\"https:\\\/\\\/shanabooks.de\\\/\",\"name\":\"www.shanbooks.de\",\"description\":\"C\u00eehana Pirt\u00fbk\u00ean Kurd\u00ee \u0645\u0643\u062a\u0628\u0629 \u0634\u0627\u0646\u0627 \u0641\u064a \u0627\u0644\u0645\u0627\u0646\u064a\u0627 \u0648\u0623\u0648\u0631\u0628\u0627\",\"publisher\":{\"@id\":\"https:\\\/\\\/shanabooks.de\\\/#organization\"},\"potentialAction\":[{\"@type\":\"SearchAction\",\"target\":{\"@type\":\"EntryPoint\",\"urlTemplate\":\"https:\\\/\\\/shanabooks.de\\\/?s={search_term_string}\"},\"query-input\":{\"@type\":\"PropertyValueSpecification\",\"valueRequired\":true,\"valueName\":\"search_term_string\"}}],\"inLanguage\":\"de\"},{\"@type\":\"Organization\",\"@id\":\"https:\\\/\\\/shanabooks.de\\\/#organization\",\"name\":\"www.shanbooks.de\",\"url\":\"https:\\\/\\\/shanabooks.de\\\/\",\"logo\":{\"@type\":\"ImageObject\",\"inLanguage\":\"de\",\"@id\":\"https:\\\/\\\/shanabooks.de\\\/#\\\/schema\\\/logo\\\/image\\\/\",\"url\":\"https:\\\/\\\/shanabooks.de\\\/wp-content\\\/uploads\\\/2024\\\/03\\\/SHANABOOKS__2_-removebg-preview.png\",\"contentUrl\":\"https:\\\/\\\/shanabooks.de\\\/wp-content\\\/uploads\\\/2024\\\/03\\\/SHANABOOKS__2_-removebg-preview.png\",\"width\":700,\"height\":150,\"caption\":\"www.shanbooks.de\"},\"image\":{\"@id\":\"https:\\\/\\\/shanabooks.de\\\/#\\\/schema\\\/logo\\\/image\\\/\"}}]}<\/script>\n<!-- \/ Yoast SEO plugin. -->","yoast_head_json":{"title":"P\u00ea\u015fmerge - Reh\u00eem\u00ea Qaz\u00ee - www.shanabooks.de","description":"P\u00ea\u015fmerge - Reh\u00eem\u00ea Qaz\u00ee P\u00ea\u015fmerge, \u00e7\u00eerokeke dir\u00eaj e, di\u00e7e dikeve nav w\u00ee bax\u00ea gul\u00ean b\u00eahnxwe\u015f \u00ean ku di bax\u00e7ey\u00ea w\u00eajeya Kurd\u00ee de vedane, an j\u00ee destaneke teze...","robots":{"index":"index","follow":"follow","max-snippet":"max-snippet:-1","max-image-preview":"max-image-preview:large","max-video-preview":"max-video-preview:-1"},"canonical":"https:\/\/shanabooks.de\/product\/pesmerge-rehime-qazi\/","og_locale":"de_DE","og_type":"article","og_title":"P\u00ea\u015fmerge - Reh\u00eem\u00ea Qaz\u00ee - www.shanabooks.de","og_description":"P\u00ea\u015fmerge - Reh\u00eem\u00ea Qaz\u00ee P\u00ea\u015fmerge, \u00e7\u00eerokeke dir\u00eaj e, di\u00e7e dikeve nav w\u00ee bax\u00ea gul\u00ean b\u00eahnxwe\u015f \u00ean ku di bax\u00e7ey\u00ea w\u00eajeya Kurd\u00ee de vedane, an j\u00ee destaneke teze...","og_url":"https:\/\/shanabooks.de\/product\/pesmerge-rehime-qazi\/","og_site_name":"www.shanabooks.de","article_modified_time":"2026-01-02T18:55:35+00:00","og_image":[{"width":595,"height":760,"url":"https:\/\/shanabooks.de\/wp-content\/uploads\/2024\/03\/pesmerge.jpg","type":"image\/jpeg"}],"twitter_card":"summary_large_image","twitter_misc":{"Gesch\u00e4tzte Lesezeit":"2\u00a0Minuten"},"schema":{"@context":"https:\/\/schema.org","@graph":[{"@type":"WebPage","@id":"https:\/\/shanabooks.de\/product\/pesmerge-rehime-qazi\/","url":"https:\/\/shanabooks.de\/product\/pesmerge-rehime-qazi\/","name":"P\u00ea\u015fmerge - Reh\u00eem\u00ea Qaz\u00ee - www.shanabooks.de","isPartOf":{"@id":"https:\/\/shanabooks.de\/#website"},"primaryImageOfPage":{"@id":"https:\/\/shanabooks.de\/product\/pesmerge-rehime-qazi\/#primaryimage"},"image":{"@id":"https:\/\/shanabooks.de\/product\/pesmerge-rehime-qazi\/#primaryimage"},"thumbnailUrl":"https:\/\/shanabooks.de\/wp-content\/uploads\/2024\/03\/pesmerge.jpg","datePublished":"2024-03-03T19:43:36+00:00","dateModified":"2026-01-02T18:55:35+00:00","description":"P\u00ea\u015fmerge - Reh\u00eem\u00ea Qaz\u00ee P\u00ea\u015fmerge, \u00e7\u00eerokeke dir\u00eaj e, di\u00e7e dikeve nav w\u00ee bax\u00ea gul\u00ean b\u00eahnxwe\u015f \u00ean ku di bax\u00e7ey\u00ea w\u00eajeya Kurd\u00ee de vedane, an j\u00ee destaneke teze...","breadcrumb":{"@id":"https:\/\/shanabooks.de\/product\/pesmerge-rehime-qazi\/#breadcrumb"},"inLanguage":"de","potentialAction":[{"@type":"ReadAction","target":["https:\/\/shanabooks.de\/product\/pesmerge-rehime-qazi\/"]}]},{"@type":"ImageObject","inLanguage":"de","@id":"https:\/\/shanabooks.de\/product\/pesmerge-rehime-qazi\/#primaryimage","url":"https:\/\/shanabooks.de\/wp-content\/uploads\/2024\/03\/pesmerge.jpg","contentUrl":"https:\/\/shanabooks.de\/wp-content\/uploads\/2024\/03\/pesmerge.jpg","width":595,"height":760,"caption":"P\u00ea\u015fmerge - Reh\u00eem\u00ea Qaz\u00ee - pirt\u00fbk\u00ean kurd\u00ee"},{"@type":"BreadcrumbList","@id":"https:\/\/shanabooks.de\/product\/pesmerge-rehime-qazi\/#breadcrumb","itemListElement":[{"@type":"ListItem","position":1,"name":"\u0627\u0644\u0631\u0626\u064a\u0633\u064a\u0629","item":"https:\/\/shanabooks.de\/de\/"},{"@type":"ListItem","position":2,"name":"\u0627\u0644\u0645\u0646\u062a\u062c\u0627\u062a","item":"https:\/\/shanabooks.de\/shop\/"},{"@type":"ListItem","position":3,"name":"P\u00ea\u015fmerge"}]},{"@type":"WebSite","@id":"https:\/\/shanabooks.de\/#website","url":"https:\/\/shanabooks.de\/","name":"www.shanbooks.de","description":"C\u00eehana Pirt\u00fbk\u00ean Kurd\u00ee \u0645\u0643\u062a\u0628\u0629 \u0634\u0627\u0646\u0627 \u0641\u064a \u0627\u0644\u0645\u0627\u0646\u064a\u0627 \u0648\u0623\u0648\u0631\u0628\u0627","publisher":{"@id":"https:\/\/shanabooks.de\/#organization"},"potentialAction":[{"@type":"SearchAction","target":{"@type":"EntryPoint","urlTemplate":"https:\/\/shanabooks.de\/?s={search_term_string}"},"query-input":{"@type":"PropertyValueSpecification","valueRequired":true,"valueName":"search_term_string"}}],"inLanguage":"de"},{"@type":"Organization","@id":"https:\/\/shanabooks.de\/#organization","name":"www.shanbooks.de","url":"https:\/\/shanabooks.de\/","logo":{"@type":"ImageObject","inLanguage":"de","@id":"https:\/\/shanabooks.de\/#\/schema\/logo\/image\/","url":"https:\/\/shanabooks.de\/wp-content\/uploads\/2024\/03\/SHANABOOKS__2_-removebg-preview.png","contentUrl":"https:\/\/shanabooks.de\/wp-content\/uploads\/2024\/03\/SHANABOOKS__2_-removebg-preview.png","width":700,"height":150,"caption":"www.shanbooks.de"},"image":{"@id":"https:\/\/shanabooks.de\/#\/schema\/logo\/image\/"}}]}},"jetpack_sharing_enabled":true,"_links":{"self":[{"href":"https:\/\/shanabooks.de\/de\/wp-json\/wp\/v2\/product\/12393","targetHints":{"allow":["GET"]}}],"collection":[{"href":"https:\/\/shanabooks.de\/de\/wp-json\/wp\/v2\/product"}],"about":[{"href":"https:\/\/shanabooks.de\/de\/wp-json\/wp\/v2\/types\/product"}],"version-history":[{"count":2,"href":"https:\/\/shanabooks.de\/de\/wp-json\/wp\/v2\/product\/12393\/revisions"}],"predecessor-version":[{"id":18901,"href":"https:\/\/shanabooks.de\/de\/wp-json\/wp\/v2\/product\/12393\/revisions\/18901"}],"wp:featuredmedia":[{"embeddable":true,"href":"https:\/\/shanabooks.de\/de\/wp-json\/wp\/v2\/media\/18897"}],"wp:attachment":[{"href":"https:\/\/shanabooks.de\/de\/wp-json\/wp\/v2\/media?parent=12393"}],"wp:term":[{"taxonomy":"product_brand","embeddable":true,"href":"https:\/\/shanabooks.de\/de\/wp-json\/wp\/v2\/product_brand?post=12393"},{"taxonomy":"product_cat","embeddable":true,"href":"https:\/\/shanabooks.de\/de\/wp-json\/wp\/v2\/product_cat?post=12393"},{"taxonomy":"product_tag","embeddable":true,"href":"https:\/\/shanabooks.de\/de\/wp-json\/wp\/v2\/product_tag?post=12393"}],"curies":[{"name":"wp","href":"https:\/\/api.w.org\/{rel}","templated":true}]}}