{"id":12394,"date":"2024-03-03T19:43:36","date_gmt":"2024-03-03T19:43:36","guid":{"rendered":"https:\/\/shanabooks.de\/?post_type=product&#038;p=12394"},"modified":"2026-01-02T18:56:29","modified_gmt":"2026-01-02T18:56:29","slug":"li-pey-bihostek-erd-mehmet-akar","status":"publish","type":"product","link":"https:\/\/shanabooks.de\/de\/product\/li-pey-bihostek-erd-mehmet-akar\/","title":{"rendered":"Li Pey Bihostek Erd"},"content":{"rendered":"<p dir=\"ltr\"><strong>Li Pey Bihostek Erd &#8211; Mehmet Akar<\/strong><\/p>\n<p dir=\"ltr\">Romana bi nav\u00ee \u201cLi Pey Bihostek Erd\u201d ya Mehmet Akar qala merivek\u00ee ku cotkar be, l\u00ea b\u00ea erd be \u00fb bi \u015fopa bihostek erd ket\u00ee dike. Di navbera sal\u00ean 1950-1960 an li her\u00eama Sems\u00fbr\u00ea, pirsgir\u00eak\u00ean s\u00eeyas\u00ee, civat\u00ee, ol\u00ee, \u00e7and\u00ee \u00fb destp\u00eaka perwerda ziman\u00ee tirk\u00ee dike. Pirsgir\u00ean di navbera xwedan erdan \u00fb meriv\u00ean b\u00ea erd de \u015f\u00eerove dike. Li her\u00eam\u00ea damezrandin \u00fb saz\u00eeb\u00fbna dewlet\u00ea \u015f\u00eerove dike. Qala Partiya Komara Gel \u00fb qala partiya n\u00fb ya bi nav\u00ee Partiya Demokrat dike. Ti\u015ft\u00ean ku w\u00ea dem\u00ea li her\u00eama Sems\u00fbr\u00ea qewim\u00ee bi temam\u00ee welat\u00ea Kurdan m\u00eenak e. Ev roman heyama(dewr) tirkiy\u00ea w\u00ea dem\u00ea t\u00eene ber \u00e7avan.<\/p>\n","protected":false},"excerpt":{"rendered":"<p dir=\"ltr\" style=\"text-align: center\"><strong>Niv\u00eeskar: Mehmet Akar<\/strong><br \/>\n<strong>Pirt\u00fbk: Li Pey Bihostek Erd<\/strong><br \/>\n<strong>Cure: Roman<\/strong><\/p>\n","protected":false},"featured_media":5148,"template":"","meta":{"site-sidebar-layout":"default","site-content-layout":"","ast-site-content-layout":"default","site-content-style":"default","site-sidebar-style":"default","ast-global-header-display":"","ast-banner-title-visibility":"","ast-main-header-display":"","ast-hfb-above-header-display":"","ast-hfb-below-header-display":"","ast-hfb-mobile-header-display":"","site-post-title":"","ast-breadcrumbs-content":"","ast-featured-img":"","footer-sml-layout":"","ast-disable-related-posts":"","theme-transparent-header-meta":"default","adv-header-id-meta":"","stick-header-meta":"","header-above-stick-meta":"","header-main-stick-meta":"","header-below-stick-meta":"","astra-migrate-meta-layouts":"set","ast-page-background-enabled":"default","ast-page-background-meta":{"desktop":{"background-color":"","background-image":"","background-repeat":"repeat","background-position":"center center","background-size":"auto","background-attachment":"scroll","background-type":"","background-media":"","overlay-type":"","overlay-color":"","overlay-opacity":"","overlay-gradient":""},"tablet":{"background-color":"","background-image":"","background-repeat":"repeat","background-position":"center center","background-size":"auto","background-attachment":"scroll","background-type":"","background-media":"","overlay-type":"","overlay-color":"","overlay-opacity":"","overlay-gradient":""},"mobile":{"background-color":"","background-image":"","background-repeat":"repeat","background-position":"center center","background-size":"auto","background-attachment":"scroll","background-type":"","background-media":"","overlay-type":"","overlay-color":"","overlay-opacity":"","overlay-gradient":""}},"ast-content-background-meta":{"desktop":{"background-color":"var(--ast-global-color-5)","background-image":"","background-repeat":"repeat","background-position":"center center","background-size":"auto","background-attachment":"scroll","background-type":"","background-media":"","overlay-type":"","overlay-color":"","overlay-opacity":"","overlay-gradient":""},"tablet":{"background-color":"var(--ast-global-color-5)","background-image":"","background-repeat":"repeat","background-position":"center center","background-size":"auto","background-attachment":"scroll","background-type":"","background-media":"","overlay-type":"","overlay-color":"","overlay-opacity":"","overlay-gradient":""},"mobile":{"background-color":"var(--ast-global-color-5)","background-image":"","background-repeat":"repeat","background-position":"center center","background-size":"auto","background-attachment":"scroll","background-type":"","background-media":"","overlay-type":"","overlay-color":"","overlay-opacity":"","overlay-gradient":""}}},"product_brand":[],"product_cat":[182,193],"product_tag":[],"class_list":{"0":"post-12394","1":"product","2":"type-product","3":"status-publish","4":"has-post-thumbnail","6":"product_cat-_","7":"product_cat--_","8":"pa_-roman","9":"pa_-kurmanci","10":"pa_--semsur-yayinlari","11":"desktop-align-left","12":"tablet-align-left","13":"mobile-align-left","15":"first","16":"outofstock","17":"shipping-taxable","18":"purchasable","19":"product-type-simple"},"yoast_head":"<!-- This site is optimized with the Yoast SEO plugin v27.4 - https:\/\/yoast.com\/product\/yoast-seo-wordpress\/ -->\n<title>Li Pey Bihostek Erd - Mehmet Akar - www.shanabooks.de<\/title>\n<meta name=\"description\" content=\"Li Pey Bihostek Erd - Mehmet Akar Romana bi nav\u00ee \u201cLi Pey Bihostek Erd\u201d qala merivek\u00ee ku cotkar be, l\u00ea b\u00ea erd be \u00fb bi \u015fopa bihostek erd ket\u00ee dike. Di n...\" \/>\n<meta name=\"robots\" content=\"index, follow, max-snippet:-1, max-image-preview:large, max-video-preview:-1\" \/>\n<link rel=\"canonical\" href=\"https:\/\/shanabooks.de\/product\/li-pey-bihostek-erd-mehmet-akar\/\" \/>\n<meta property=\"og:locale\" content=\"de_DE\" \/>\n<meta property=\"og:type\" content=\"article\" \/>\n<meta property=\"og:title\" content=\"Li Pey Bihostek Erd - Mehmet Akar - www.shanabooks.de\" \/>\n<meta property=\"og:description\" content=\"Li Pey Bihostek Erd - Mehmet Akar Romana bi nav\u00ee \u201cLi Pey Bihostek Erd\u201d qala merivek\u00ee ku cotkar be, l\u00ea b\u00ea erd be \u00fb bi \u015fopa bihostek erd ket\u00ee dike. Di n...\" \/>\n<meta property=\"og:url\" content=\"https:\/\/shanabooks.de\/product\/li-pey-bihostek-erd-mehmet-akar\/\" \/>\n<meta property=\"og:site_name\" content=\"www.shanabooks.de\" \/>\n<meta property=\"article:modified_time\" content=\"2026-01-02T18:56:29+00:00\" \/>\n<meta property=\"og:image\" content=\"https:\/\/shanabooks.de\/wp-content\/uploads\/2024\/01\/li-pez-bohestek-Erd.webp\" \/>\n\t<meta property=\"og:image:width\" content=\"1326\" \/>\n\t<meta property=\"og:image:height\" content=\"1920\" \/>\n\t<meta property=\"og:image:type\" content=\"image\/webp\" \/>\n<meta name=\"twitter:card\" content=\"summary_large_image\" \/>\n<meta name=\"twitter:label1\" content=\"Gesch\u00e4tzte Lesezeit\" \/>\n\t<meta name=\"twitter:data1\" content=\"1\u00a0Minute\" \/>\n<script type=\"application\/ld+json\" class=\"yoast-schema-graph\">{\"@context\":\"https:\\\/\\\/schema.org\",\"@graph\":[{\"@type\":\"WebPage\",\"@id\":\"https:\\\/\\\/shanabooks.de\\\/product\\\/li-pey-bihostek-erd-mehmet-akar\\\/\",\"url\":\"https:\\\/\\\/shanabooks.de\\\/product\\\/li-pey-bihostek-erd-mehmet-akar\\\/\",\"name\":\"Li Pey Bihostek Erd - Mehmet Akar - www.shanabooks.de\",\"isPartOf\":{\"@id\":\"https:\\\/\\\/shanabooks.de\\\/#website\"},\"primaryImageOfPage\":{\"@id\":\"https:\\\/\\\/shanabooks.de\\\/product\\\/li-pey-bihostek-erd-mehmet-akar\\\/#primaryimage\"},\"image\":{\"@id\":\"https:\\\/\\\/shanabooks.de\\\/product\\\/li-pey-bihostek-erd-mehmet-akar\\\/#primaryimage\"},\"thumbnailUrl\":\"https:\\\/\\\/shanabooks.de\\\/wp-content\\\/uploads\\\/2024\\\/01\\\/li-pez-bohestek-Erd.webp\",\"datePublished\":\"2024-03-03T19:43:36+00:00\",\"dateModified\":\"2026-01-02T18:56:29+00:00\",\"description\":\"Li Pey Bihostek Erd - Mehmet Akar Romana bi nav\u00ee \u201cLi Pey Bihostek Erd\u201d qala merivek\u00ee ku cotkar be, l\u00ea b\u00ea erd be \u00fb bi \u015fopa bihostek erd ket\u00ee dike. Di n...\",\"breadcrumb\":{\"@id\":\"https:\\\/\\\/shanabooks.de\\\/product\\\/li-pey-bihostek-erd-mehmet-akar\\\/#breadcrumb\"},\"inLanguage\":\"de\",\"potentialAction\":[{\"@type\":\"ReadAction\",\"target\":[\"https:\\\/\\\/shanabooks.de\\\/product\\\/li-pey-bihostek-erd-mehmet-akar\\\/\"]}]},{\"@type\":\"ImageObject\",\"inLanguage\":\"de\",\"@id\":\"https:\\\/\\\/shanabooks.de\\\/product\\\/li-pey-bihostek-erd-mehmet-akar\\\/#primaryimage\",\"url\":\"https:\\\/\\\/shanabooks.de\\\/wp-content\\\/uploads\\\/2024\\\/01\\\/li-pez-bohestek-Erd.webp\",\"contentUrl\":\"https:\\\/\\\/shanabooks.de\\\/wp-content\\\/uploads\\\/2024\\\/01\\\/li-pez-bohestek-Erd.webp\",\"width\":1326,\"height\":1920,\"caption\":\"Li Pey Bihostek Erd - Mehmet Akar - pirt\u00fbk\u00ean kurd\u00ee\"},{\"@type\":\"BreadcrumbList\",\"@id\":\"https:\\\/\\\/shanabooks.de\\\/product\\\/li-pey-bihostek-erd-mehmet-akar\\\/#breadcrumb\",\"itemListElement\":[{\"@type\":\"ListItem\",\"position\":1,\"name\":\"\u0627\u0644\u0631\u0626\u064a\u0633\u064a\u0629\",\"item\":\"https:\\\/\\\/shanabooks.de\\\/de\\\/\"},{\"@type\":\"ListItem\",\"position\":2,\"name\":\"\u0627\u0644\u0645\u0646\u062a\u062c\u0627\u062a\",\"item\":\"https:\\\/\\\/shanabooks.de\\\/shop\\\/\"},{\"@type\":\"ListItem\",\"position\":3,\"name\":\"Li Pey Bihostek Erd\"}]},{\"@type\":\"WebSite\",\"@id\":\"https:\\\/\\\/shanabooks.de\\\/#website\",\"url\":\"https:\\\/\\\/shanabooks.de\\\/\",\"name\":\"www.shanbooks.de\",\"description\":\"C\u00eehana Pirt\u00fbk\u00ean Kurd\u00ee \u0645\u0643\u062a\u0628\u0629 \u0634\u0627\u0646\u0627 \u0641\u064a \u0627\u0644\u0645\u0627\u0646\u064a\u0627 \u0648\u0623\u0648\u0631\u0628\u0627\",\"publisher\":{\"@id\":\"https:\\\/\\\/shanabooks.de\\\/#organization\"},\"potentialAction\":[{\"@type\":\"SearchAction\",\"target\":{\"@type\":\"EntryPoint\",\"urlTemplate\":\"https:\\\/\\\/shanabooks.de\\\/?s={search_term_string}\"},\"query-input\":{\"@type\":\"PropertyValueSpecification\",\"valueRequired\":true,\"valueName\":\"search_term_string\"}}],\"inLanguage\":\"de\"},{\"@type\":\"Organization\",\"@id\":\"https:\\\/\\\/shanabooks.de\\\/#organization\",\"name\":\"www.shanbooks.de\",\"url\":\"https:\\\/\\\/shanabooks.de\\\/\",\"logo\":{\"@type\":\"ImageObject\",\"inLanguage\":\"de\",\"@id\":\"https:\\\/\\\/shanabooks.de\\\/#\\\/schema\\\/logo\\\/image\\\/\",\"url\":\"https:\\\/\\\/shanabooks.de\\\/wp-content\\\/uploads\\\/2024\\\/03\\\/SHANABOOKS__2_-removebg-preview.png\",\"contentUrl\":\"https:\\\/\\\/shanabooks.de\\\/wp-content\\\/uploads\\\/2024\\\/03\\\/SHANABOOKS__2_-removebg-preview.png\",\"width\":700,\"height\":150,\"caption\":\"www.shanbooks.de\"},\"image\":{\"@id\":\"https:\\\/\\\/shanabooks.de\\\/#\\\/schema\\\/logo\\\/image\\\/\"}}]}<\/script>\n<!-- \/ Yoast SEO plugin. -->","yoast_head_json":{"title":"Li Pey Bihostek Erd - Mehmet Akar - www.shanabooks.de","description":"Li Pey Bihostek Erd - Mehmet Akar Romana bi nav\u00ee \u201cLi Pey Bihostek Erd\u201d qala merivek\u00ee ku cotkar be, l\u00ea b\u00ea erd be \u00fb bi \u015fopa bihostek erd ket\u00ee dike. Di n...","robots":{"index":"index","follow":"follow","max-snippet":"max-snippet:-1","max-image-preview":"max-image-preview:large","max-video-preview":"max-video-preview:-1"},"canonical":"https:\/\/shanabooks.de\/product\/li-pey-bihostek-erd-mehmet-akar\/","og_locale":"de_DE","og_type":"article","og_title":"Li Pey Bihostek Erd - Mehmet Akar - www.shanabooks.de","og_description":"Li Pey Bihostek Erd - Mehmet Akar Romana bi nav\u00ee \u201cLi Pey Bihostek Erd\u201d qala merivek\u00ee ku cotkar be, l\u00ea b\u00ea erd be \u00fb bi \u015fopa bihostek erd ket\u00ee dike. Di n...","og_url":"https:\/\/shanabooks.de\/product\/li-pey-bihostek-erd-mehmet-akar\/","og_site_name":"www.shanabooks.de","article_modified_time":"2026-01-02T18:56:29+00:00","og_image":[{"width":1326,"height":1920,"url":"https:\/\/shanabooks.de\/wp-content\/uploads\/2024\/01\/li-pez-bohestek-Erd.webp","type":"image\/webp"}],"twitter_card":"summary_large_image","twitter_misc":{"Gesch\u00e4tzte Lesezeit":"1\u00a0Minute"},"schema":{"@context":"https:\/\/schema.org","@graph":[{"@type":"WebPage","@id":"https:\/\/shanabooks.de\/product\/li-pey-bihostek-erd-mehmet-akar\/","url":"https:\/\/shanabooks.de\/product\/li-pey-bihostek-erd-mehmet-akar\/","name":"Li Pey Bihostek Erd - Mehmet Akar - www.shanabooks.de","isPartOf":{"@id":"https:\/\/shanabooks.de\/#website"},"primaryImageOfPage":{"@id":"https:\/\/shanabooks.de\/product\/li-pey-bihostek-erd-mehmet-akar\/#primaryimage"},"image":{"@id":"https:\/\/shanabooks.de\/product\/li-pey-bihostek-erd-mehmet-akar\/#primaryimage"},"thumbnailUrl":"https:\/\/shanabooks.de\/wp-content\/uploads\/2024\/01\/li-pez-bohestek-Erd.webp","datePublished":"2024-03-03T19:43:36+00:00","dateModified":"2026-01-02T18:56:29+00:00","description":"Li Pey Bihostek Erd - Mehmet Akar Romana bi nav\u00ee \u201cLi Pey Bihostek Erd\u201d qala merivek\u00ee ku cotkar be, l\u00ea b\u00ea erd be \u00fb bi \u015fopa bihostek erd ket\u00ee dike. Di n...","breadcrumb":{"@id":"https:\/\/shanabooks.de\/product\/li-pey-bihostek-erd-mehmet-akar\/#breadcrumb"},"inLanguage":"de","potentialAction":[{"@type":"ReadAction","target":["https:\/\/shanabooks.de\/product\/li-pey-bihostek-erd-mehmet-akar\/"]}]},{"@type":"ImageObject","inLanguage":"de","@id":"https:\/\/shanabooks.de\/product\/li-pey-bihostek-erd-mehmet-akar\/#primaryimage","url":"https:\/\/shanabooks.de\/wp-content\/uploads\/2024\/01\/li-pez-bohestek-Erd.webp","contentUrl":"https:\/\/shanabooks.de\/wp-content\/uploads\/2024\/01\/li-pez-bohestek-Erd.webp","width":1326,"height":1920,"caption":"Li Pey Bihostek Erd - Mehmet Akar - pirt\u00fbk\u00ean kurd\u00ee"},{"@type":"BreadcrumbList","@id":"https:\/\/shanabooks.de\/product\/li-pey-bihostek-erd-mehmet-akar\/#breadcrumb","itemListElement":[{"@type":"ListItem","position":1,"name":"\u0627\u0644\u0631\u0626\u064a\u0633\u064a\u0629","item":"https:\/\/shanabooks.de\/de\/"},{"@type":"ListItem","position":2,"name":"\u0627\u0644\u0645\u0646\u062a\u062c\u0627\u062a","item":"https:\/\/shanabooks.de\/shop\/"},{"@type":"ListItem","position":3,"name":"Li Pey Bihostek Erd"}]},{"@type":"WebSite","@id":"https:\/\/shanabooks.de\/#website","url":"https:\/\/shanabooks.de\/","name":"www.shanbooks.de","description":"C\u00eehana Pirt\u00fbk\u00ean Kurd\u00ee \u0645\u0643\u062a\u0628\u0629 \u0634\u0627\u0646\u0627 \u0641\u064a \u0627\u0644\u0645\u0627\u0646\u064a\u0627 \u0648\u0623\u0648\u0631\u0628\u0627","publisher":{"@id":"https:\/\/shanabooks.de\/#organization"},"potentialAction":[{"@type":"SearchAction","target":{"@type":"EntryPoint","urlTemplate":"https:\/\/shanabooks.de\/?s={search_term_string}"},"query-input":{"@type":"PropertyValueSpecification","valueRequired":true,"valueName":"search_term_string"}}],"inLanguage":"de"},{"@type":"Organization","@id":"https:\/\/shanabooks.de\/#organization","name":"www.shanbooks.de","url":"https:\/\/shanabooks.de\/","logo":{"@type":"ImageObject","inLanguage":"de","@id":"https:\/\/shanabooks.de\/#\/schema\/logo\/image\/","url":"https:\/\/shanabooks.de\/wp-content\/uploads\/2024\/03\/SHANABOOKS__2_-removebg-preview.png","contentUrl":"https:\/\/shanabooks.de\/wp-content\/uploads\/2024\/03\/SHANABOOKS__2_-removebg-preview.png","width":700,"height":150,"caption":"www.shanbooks.de"},"image":{"@id":"https:\/\/shanabooks.de\/#\/schema\/logo\/image\/"}}]}},"jetpack_sharing_enabled":true,"_links":{"self":[{"href":"https:\/\/shanabooks.de\/de\/wp-json\/wp\/v2\/product\/12394","targetHints":{"allow":["GET"]}}],"collection":[{"href":"https:\/\/shanabooks.de\/de\/wp-json\/wp\/v2\/product"}],"about":[{"href":"https:\/\/shanabooks.de\/de\/wp-json\/wp\/v2\/types\/product"}],"version-history":[{"count":3,"href":"https:\/\/shanabooks.de\/de\/wp-json\/wp\/v2\/product\/12394\/revisions"}],"predecessor-version":[{"id":18904,"href":"https:\/\/shanabooks.de\/de\/wp-json\/wp\/v2\/product\/12394\/revisions\/18904"}],"wp:featuredmedia":[{"embeddable":true,"href":"https:\/\/shanabooks.de\/de\/wp-json\/wp\/v2\/media\/5148"}],"wp:attachment":[{"href":"https:\/\/shanabooks.de\/de\/wp-json\/wp\/v2\/media?parent=12394"}],"wp:term":[{"taxonomy":"product_brand","embeddable":true,"href":"https:\/\/shanabooks.de\/de\/wp-json\/wp\/v2\/product_brand?post=12394"},{"taxonomy":"product_cat","embeddable":true,"href":"https:\/\/shanabooks.de\/de\/wp-json\/wp\/v2\/product_cat?post=12394"},{"taxonomy":"product_tag","embeddable":true,"href":"https:\/\/shanabooks.de\/de\/wp-json\/wp\/v2\/product_tag?post=12394"}],"curies":[{"name":"wp","href":"https:\/\/api.w.org\/{rel}","templated":true}]}}