{"id":12429,"date":"2024-03-03T19:44:00","date_gmt":"2024-03-03T19:44:00","guid":{"rendered":"https:\/\/shanabooks.de\/?post_type=product&#038;p=12429"},"modified":"2026-01-02T18:59:05","modified_gmt":"2026-01-02T18:59:05","slug":"evina-merxaseki-ibrahim-osman","status":"publish","type":"product","link":"https:\/\/shanabooks.de\/de\/product\/evina-merxaseki-ibrahim-osman\/","title":{"rendered":"Ev\u00eena M\u00earxasek\u00ee"},"content":{"rendered":"<p dir=\"ltr\"><strong>Ev\u00eena M\u00earxasek\u00ee &#8211; \u00cebrah\u00eem Osman\u00a0<\/strong><\/p>\n<p dir=\"ltr\"><span id=\"freeText12506828460863347519\">Ew pirtukek\u00ee giranb\u00fbha ya <i>Ibrah\u00eem Osman<\/i>\u00a0e. B\u00ea g\u00fbman gelik pirt\u00fbk hene encama ked \u00fb xebatek\u00ee gelek\u00ee berfireh \u00fb ya sala ne. Her pirt\u00fbk bi ked\u00ea di afire \u00fb p\u00ea digh\u00eaje l\u00ea hindek j\u00ea gelik \u00e7avkaniy\u00ean c\u00fbrbec\u00fbr \u00fb tevgerek\u00ee b\u00ea hempa dixwaze. Ev pirt\u00fbka\u00a0<i>Ibrah\u00eem Osman<\/i>\u00a0j\u00ee pirt\u00fbkek\u00ee bi v\u00ee reng\u00ee giranb\u00fbha ye. Bi kin\u00ee niv\u00eesa pi\u015fa pirt\u00fbk\u00ea naveroka w\u00ea derdibire.<br \/>\n<\/span><\/p>\n<p dir=\"ltr\">B\u00fbyera ku b\u00fbye mijara v\u00ea roman\u00ea, ne ji encama xeyalperestiy\u00ea \u00fb ne xwer\u00fb ji \u00e7\u00eerokek\u00ea hatiye h\u00fbnandin. B\u00fbyer serp\u00eahatiya destana lehengiy\u00ea ye \u00fb qewimiye. Encama gelek l\u00eakol\u00een\u00ean ku ez gihi\u015ftim\u00ea, b\u00fbyera ku b\u00fbye sedema strana\u00a0Dewr\u00ea\u015f\u00ea Evd\u00ee, li derdor\u00ea sal\u00ean 1784 an qewimiye. W\u00ea heyam\u00ea, li her\u00eama\u00a0W\u00earan\u015far\u00ea, nav\u00e7eya Ruhay\u00ea, e\u015f\u00eera Milan gelek\u00ee mezin e. Hewil dide serbixwe bij\u00ee. Lewma bac \u00fb qem\u00e7\u00fbr\u00ea nade dewlet\u00ea \u00fb di navbera w\u00ee, Ereb\u00ean G\u00easan \u00fb Turkmenan de nakok\u00ee hene. Sultan\u00ea dewleta Osman\u00ee Evdilhem\u00eed\u00ea I. w\u00ea dem\u00ea li ser text e. Sutan Evdilhem\u00eed ji\u00a0Temir Pa\u015fay\u00ea Mil\u00ee\u00a0bi tirs \u00fb fikar e. Sedemeke din j\u00ee ev e ku Osmaniyan h\u00eaza xwe ya li Ewr\u00fbpay\u00ea winda kirib\u00fb, di dest\u00ean wan de bi ten\u00ea gel \u00fb e\u015f\u00eer\u00ean Rojhilat mab\u00fbn. Sultan, ji bo ku berjewendiy\u00ean dewlet\u00ea bigire bin\u00ea deman\u00ea, destek\u00ea dide Ereb \u00fb Turmenan, yek\u00eetiya wan ava dike, \u00ear\u00ee\u015f\u00ee ter\u015f \u00fb talan\u00ean e\u015f\u00eera Milan dikin. Ji sedema \u00ear\u00ee\u015f \u00fb talanan serweriya\u00a0Temir Pa\u015fa\u00a0dikeve metirsiy\u00ea.\u00a0Dewr\u00ea\u015f\u00a0ev\u00eendar\u00ea\u00a0Ed\u00fbl\u00ea\u00a0ye \u00fb ji sedema bend \u00fb astengiy\u00ean ol\u00ee \u00fb e\u015fayir\u00ee nikare bigih\u00eeje destgirtiya xwe. Lewma, ji bo xatir\u00ea ku bigh\u00eeje hezkiriya xwe\u00a0Ed\u00fbl\u00ea,\u00a0Dewr\u00ea\u015f\u00a0li gel yanzdeh heval\u00ea xwe dadikeve qada \u015fer \u00fb dibe cangoriy\u00ea ev\u00eena xwe.<\/p>\n","protected":false},"excerpt":{"rendered":"<p dir=\"ltr\" style=\"text-align: center\"><strong>Pirt\u00fbk : Ev\u00eena M\u00earxasek\u00ee<br \/>\nNiv\u00eeskar : \u00cebrah\u00eem Osman\u00a0<\/strong><br \/>\n<strong>Cure : Roman<\/strong><\/p>\n","protected":false},"featured_media":12468,"template":"","meta":{"site-sidebar-layout":"default","site-content-layout":"","ast-site-content-layout":"default","site-content-style":"default","site-sidebar-style":"default","ast-global-header-display":"","ast-banner-title-visibility":"","ast-main-header-display":"","ast-hfb-above-header-display":"","ast-hfb-below-header-display":"","ast-hfb-mobile-header-display":"","site-post-title":"","ast-breadcrumbs-content":"","ast-featured-img":"","footer-sml-layout":"","ast-disable-related-posts":"","theme-transparent-header-meta":"default","adv-header-id-meta":"","stick-header-meta":"","header-above-stick-meta":"","header-main-stick-meta":"","header-below-stick-meta":"","astra-migrate-meta-layouts":"set","ast-page-background-enabled":"default","ast-page-background-meta":{"desktop":{"background-color":"","background-image":"","background-repeat":"repeat","background-position":"center center","background-size":"auto","background-attachment":"scroll","background-type":"","background-media":"","overlay-type":"","overlay-color":"","overlay-opacity":"","overlay-gradient":""},"tablet":{"background-color":"","background-image":"","background-repeat":"repeat","background-position":"center center","background-size":"auto","background-attachment":"scroll","background-type":"","background-media":"","overlay-type":"","overlay-color":"","overlay-opacity":"","overlay-gradient":""},"mobile":{"background-color":"","background-image":"","background-repeat":"repeat","background-position":"center center","background-size":"auto","background-attachment":"scroll","background-type":"","background-media":"","overlay-type":"","overlay-color":"","overlay-opacity":"","overlay-gradient":""}},"ast-content-background-meta":{"desktop":{"background-color":"var(--ast-global-color-5)","background-image":"","background-repeat":"repeat","background-position":"center center","background-size":"auto","background-attachment":"scroll","background-type":"","background-media":"","overlay-type":"","overlay-color":"","overlay-opacity":"","overlay-gradient":""},"tablet":{"background-color":"var(--ast-global-color-5)","background-image":"","background-repeat":"repeat","background-position":"center center","background-size":"auto","background-attachment":"scroll","background-type":"","background-media":"","overlay-type":"","overlay-color":"","overlay-opacity":"","overlay-gradient":""},"mobile":{"background-color":"var(--ast-global-color-5)","background-image":"","background-repeat":"repeat","background-position":"center center","background-size":"auto","background-attachment":"scroll","background-type":"","background-media":"","overlay-type":"","overlay-color":"","overlay-opacity":"","overlay-gradient":""}}},"product_brand":[],"product_cat":[182,193],"product_tag":[],"class_list":{"0":"post-12429","1":"product","2":"type-product","3":"status-publish","4":"has-post-thumbnail","6":"product_cat-_","7":"product_cat--_","8":"pa_-roman","9":"pa_-ibrahim-osman","10":"pa_-kurmanci","11":"pa_--lis-yayinevi","12":"desktop-align-left","13":"tablet-align-left","14":"mobile-align-left","16":"first","17":"outofstock","18":"shipping-taxable","19":"purchasable","20":"product-type-simple"},"yoast_head":"<!-- This site is optimized with the Yoast SEO plugin v27.4 - https:\/\/yoast.com\/product\/yoast-seo-wordpress\/ -->\n<title>Ev\u00eena M\u00earxasek\u00ee - \u00cebrah\u00eem Osman\u00a0 - www.shanabooks.de<\/title>\n<meta name=\"description\" content=\"Ev\u00eena M\u00earxasek\u00ee - \u00cebrah\u00eem Osman\u00a0Ew pirtukek\u00ee giranb\u00fbha ya Ibrah\u00eem Osman\u00a0e. B\u00ea g\u00fbman gelik pirt\u00fbk hene encama ked \u00fb xebatek\u00ee gelek\u00ee berfireh \u00fb ya sala ne...\" \/>\n<meta name=\"robots\" content=\"index, follow, max-snippet:-1, max-image-preview:large, max-video-preview:-1\" \/>\n<link rel=\"canonical\" href=\"https:\/\/shanabooks.de\/product\/evina-merxaseki-ibrahim-osman\/\" \/>\n<meta property=\"og:locale\" content=\"de_DE\" \/>\n<meta property=\"og:type\" content=\"article\" \/>\n<meta property=\"og:title\" content=\"Ev\u00eena M\u00earxasek\u00ee - \u00cebrah\u00eem Osman\u00a0 - www.shanabooks.de\" \/>\n<meta property=\"og:description\" content=\"Ev\u00eena M\u00earxasek\u00ee - \u00cebrah\u00eem Osman\u00a0Ew pirtukek\u00ee giranb\u00fbha ya Ibrah\u00eem Osman\u00a0e. B\u00ea g\u00fbman gelik pirt\u00fbk hene encama ked \u00fb xebatek\u00ee gelek\u00ee berfireh \u00fb ya sala ne...\" \/>\n<meta property=\"og:url\" content=\"https:\/\/shanabooks.de\/product\/evina-merxaseki-ibrahim-osman\/\" \/>\n<meta property=\"og:site_name\" content=\"www.shanabooks.de\" \/>\n<meta property=\"article:modified_time\" content=\"2026-01-02T18:59:05+00:00\" \/>\n<meta property=\"og:image\" content=\"https:\/\/shanabooks.de\/wp-content\/uploads\/2024\/03\/Evina-Merxaseki.webp\" \/>\n\t<meta property=\"og:image:width\" content=\"555\" \/>\n\t<meta property=\"og:image:height\" content=\"855\" \/>\n\t<meta property=\"og:image:type\" content=\"image\/webp\" \/>\n<meta name=\"twitter:card\" content=\"summary_large_image\" \/>\n<meta name=\"twitter:label1\" content=\"Gesch\u00e4tzte Lesezeit\" \/>\n\t<meta name=\"twitter:data1\" content=\"3\u00a0Minuten\" \/>\n<script type=\"application\/ld+json\" class=\"yoast-schema-graph\">{\"@context\":\"https:\\\/\\\/schema.org\",\"@graph\":[{\"@type\":\"WebPage\",\"@id\":\"https:\\\/\\\/shanabooks.de\\\/product\\\/evina-merxaseki-ibrahim-osman\\\/\",\"url\":\"https:\\\/\\\/shanabooks.de\\\/product\\\/evina-merxaseki-ibrahim-osman\\\/\",\"name\":\"Ev\u00eena M\u00earxasek\u00ee - \u00cebrah\u00eem Osman\u00a0 - www.shanabooks.de\",\"isPartOf\":{\"@id\":\"https:\\\/\\\/shanabooks.de\\\/#website\"},\"primaryImageOfPage\":{\"@id\":\"https:\\\/\\\/shanabooks.de\\\/product\\\/evina-merxaseki-ibrahim-osman\\\/#primaryimage\"},\"image\":{\"@id\":\"https:\\\/\\\/shanabooks.de\\\/product\\\/evina-merxaseki-ibrahim-osman\\\/#primaryimage\"},\"thumbnailUrl\":\"https:\\\/\\\/shanabooks.de\\\/wp-content\\\/uploads\\\/2024\\\/03\\\/Evina-Merxaseki.webp\",\"datePublished\":\"2024-03-03T19:44:00+00:00\",\"dateModified\":\"2026-01-02T18:59:05+00:00\",\"description\":\"Ev\u00eena M\u00earxasek\u00ee - \u00cebrah\u00eem Osman\u00a0Ew pirtukek\u00ee giranb\u00fbha ya Ibrah\u00eem Osman\u00a0e. B\u00ea g\u00fbman gelik pirt\u00fbk hene encama ked \u00fb xebatek\u00ee gelek\u00ee berfireh \u00fb ya sala ne...\",\"breadcrumb\":{\"@id\":\"https:\\\/\\\/shanabooks.de\\\/product\\\/evina-merxaseki-ibrahim-osman\\\/#breadcrumb\"},\"inLanguage\":\"de\",\"potentialAction\":[{\"@type\":\"ReadAction\",\"target\":[\"https:\\\/\\\/shanabooks.de\\\/product\\\/evina-merxaseki-ibrahim-osman\\\/\"]}]},{\"@type\":\"ImageObject\",\"inLanguage\":\"de\",\"@id\":\"https:\\\/\\\/shanabooks.de\\\/product\\\/evina-merxaseki-ibrahim-osman\\\/#primaryimage\",\"url\":\"https:\\\/\\\/shanabooks.de\\\/wp-content\\\/uploads\\\/2024\\\/03\\\/Evina-Merxaseki.webp\",\"contentUrl\":\"https:\\\/\\\/shanabooks.de\\\/wp-content\\\/uploads\\\/2024\\\/03\\\/Evina-Merxaseki.webp\",\"width\":555,\"height\":855,\"caption\":\"Ev\u00eena M\u00earxasek\u00ee - \u00cebrah\u00eem Osman\u00a0 - pirt\u00fbk\u00ean kurd\u00ee - roman\"},{\"@type\":\"BreadcrumbList\",\"@id\":\"https:\\\/\\\/shanabooks.de\\\/product\\\/evina-merxaseki-ibrahim-osman\\\/#breadcrumb\",\"itemListElement\":[{\"@type\":\"ListItem\",\"position\":1,\"name\":\"\u0627\u0644\u0631\u0626\u064a\u0633\u064a\u0629\",\"item\":\"https:\\\/\\\/shanabooks.de\\\/de\\\/\"},{\"@type\":\"ListItem\",\"position\":2,\"name\":\"\u0627\u0644\u0645\u0646\u062a\u062c\u0627\u062a\",\"item\":\"https:\\\/\\\/shanabooks.de\\\/shop\\\/\"},{\"@type\":\"ListItem\",\"position\":3,\"name\":\"Ev\u00eena M\u00earxasek\u00ee\"}]},{\"@type\":\"WebSite\",\"@id\":\"https:\\\/\\\/shanabooks.de\\\/#website\",\"url\":\"https:\\\/\\\/shanabooks.de\\\/\",\"name\":\"www.shanbooks.de\",\"description\":\"C\u00eehana Pirt\u00fbk\u00ean Kurd\u00ee \u0645\u0643\u062a\u0628\u0629 \u0634\u0627\u0646\u0627 \u0641\u064a \u0627\u0644\u0645\u0627\u0646\u064a\u0627 \u0648\u0623\u0648\u0631\u0628\u0627\",\"publisher\":{\"@id\":\"https:\\\/\\\/shanabooks.de\\\/#organization\"},\"potentialAction\":[{\"@type\":\"SearchAction\",\"target\":{\"@type\":\"EntryPoint\",\"urlTemplate\":\"https:\\\/\\\/shanabooks.de\\\/?s={search_term_string}\"},\"query-input\":{\"@type\":\"PropertyValueSpecification\",\"valueRequired\":true,\"valueName\":\"search_term_string\"}}],\"inLanguage\":\"de\"},{\"@type\":\"Organization\",\"@id\":\"https:\\\/\\\/shanabooks.de\\\/#organization\",\"name\":\"www.shanbooks.de\",\"url\":\"https:\\\/\\\/shanabooks.de\\\/\",\"logo\":{\"@type\":\"ImageObject\",\"inLanguage\":\"de\",\"@id\":\"https:\\\/\\\/shanabooks.de\\\/#\\\/schema\\\/logo\\\/image\\\/\",\"url\":\"https:\\\/\\\/shanabooks.de\\\/wp-content\\\/uploads\\\/2024\\\/03\\\/SHANABOOKS__2_-removebg-preview.png\",\"contentUrl\":\"https:\\\/\\\/shanabooks.de\\\/wp-content\\\/uploads\\\/2024\\\/03\\\/SHANABOOKS__2_-removebg-preview.png\",\"width\":700,\"height\":150,\"caption\":\"www.shanbooks.de\"},\"image\":{\"@id\":\"https:\\\/\\\/shanabooks.de\\\/#\\\/schema\\\/logo\\\/image\\\/\"}}]}<\/script>\n<!-- \/ Yoast SEO plugin. -->","yoast_head_json":{"title":"Ev\u00eena M\u00earxasek\u00ee - \u00cebrah\u00eem Osman\u00a0 - www.shanabooks.de","description":"Ev\u00eena M\u00earxasek\u00ee - \u00cebrah\u00eem Osman\u00a0Ew pirtukek\u00ee giranb\u00fbha ya Ibrah\u00eem Osman\u00a0e. B\u00ea g\u00fbman gelik pirt\u00fbk hene encama ked \u00fb xebatek\u00ee gelek\u00ee berfireh \u00fb ya sala ne...","robots":{"index":"index","follow":"follow","max-snippet":"max-snippet:-1","max-image-preview":"max-image-preview:large","max-video-preview":"max-video-preview:-1"},"canonical":"https:\/\/shanabooks.de\/product\/evina-merxaseki-ibrahim-osman\/","og_locale":"de_DE","og_type":"article","og_title":"Ev\u00eena M\u00earxasek\u00ee - \u00cebrah\u00eem Osman\u00a0 - www.shanabooks.de","og_description":"Ev\u00eena M\u00earxasek\u00ee - \u00cebrah\u00eem Osman\u00a0Ew pirtukek\u00ee giranb\u00fbha ya Ibrah\u00eem Osman\u00a0e. B\u00ea g\u00fbman gelik pirt\u00fbk hene encama ked \u00fb xebatek\u00ee gelek\u00ee berfireh \u00fb ya sala ne...","og_url":"https:\/\/shanabooks.de\/product\/evina-merxaseki-ibrahim-osman\/","og_site_name":"www.shanabooks.de","article_modified_time":"2026-01-02T18:59:05+00:00","og_image":[{"width":555,"height":855,"url":"https:\/\/shanabooks.de\/wp-content\/uploads\/2024\/03\/Evina-Merxaseki.webp","type":"image\/webp"}],"twitter_card":"summary_large_image","twitter_misc":{"Gesch\u00e4tzte Lesezeit":"3\u00a0Minuten"},"schema":{"@context":"https:\/\/schema.org","@graph":[{"@type":"WebPage","@id":"https:\/\/shanabooks.de\/product\/evina-merxaseki-ibrahim-osman\/","url":"https:\/\/shanabooks.de\/product\/evina-merxaseki-ibrahim-osman\/","name":"Ev\u00eena M\u00earxasek\u00ee - \u00cebrah\u00eem Osman\u00a0 - www.shanabooks.de","isPartOf":{"@id":"https:\/\/shanabooks.de\/#website"},"primaryImageOfPage":{"@id":"https:\/\/shanabooks.de\/product\/evina-merxaseki-ibrahim-osman\/#primaryimage"},"image":{"@id":"https:\/\/shanabooks.de\/product\/evina-merxaseki-ibrahim-osman\/#primaryimage"},"thumbnailUrl":"https:\/\/shanabooks.de\/wp-content\/uploads\/2024\/03\/Evina-Merxaseki.webp","datePublished":"2024-03-03T19:44:00+00:00","dateModified":"2026-01-02T18:59:05+00:00","description":"Ev\u00eena M\u00earxasek\u00ee - \u00cebrah\u00eem Osman\u00a0Ew pirtukek\u00ee giranb\u00fbha ya Ibrah\u00eem Osman\u00a0e. B\u00ea g\u00fbman gelik pirt\u00fbk hene encama ked \u00fb xebatek\u00ee gelek\u00ee berfireh \u00fb ya sala ne...","breadcrumb":{"@id":"https:\/\/shanabooks.de\/product\/evina-merxaseki-ibrahim-osman\/#breadcrumb"},"inLanguage":"de","potentialAction":[{"@type":"ReadAction","target":["https:\/\/shanabooks.de\/product\/evina-merxaseki-ibrahim-osman\/"]}]},{"@type":"ImageObject","inLanguage":"de","@id":"https:\/\/shanabooks.de\/product\/evina-merxaseki-ibrahim-osman\/#primaryimage","url":"https:\/\/shanabooks.de\/wp-content\/uploads\/2024\/03\/Evina-Merxaseki.webp","contentUrl":"https:\/\/shanabooks.de\/wp-content\/uploads\/2024\/03\/Evina-Merxaseki.webp","width":555,"height":855,"caption":"Ev\u00eena M\u00earxasek\u00ee - \u00cebrah\u00eem Osman\u00a0 - pirt\u00fbk\u00ean kurd\u00ee - roman"},{"@type":"BreadcrumbList","@id":"https:\/\/shanabooks.de\/product\/evina-merxaseki-ibrahim-osman\/#breadcrumb","itemListElement":[{"@type":"ListItem","position":1,"name":"\u0627\u0644\u0631\u0626\u064a\u0633\u064a\u0629","item":"https:\/\/shanabooks.de\/de\/"},{"@type":"ListItem","position":2,"name":"\u0627\u0644\u0645\u0646\u062a\u062c\u0627\u062a","item":"https:\/\/shanabooks.de\/shop\/"},{"@type":"ListItem","position":3,"name":"Ev\u00eena M\u00earxasek\u00ee"}]},{"@type":"WebSite","@id":"https:\/\/shanabooks.de\/#website","url":"https:\/\/shanabooks.de\/","name":"www.shanbooks.de","description":"C\u00eehana Pirt\u00fbk\u00ean Kurd\u00ee \u0645\u0643\u062a\u0628\u0629 \u0634\u0627\u0646\u0627 \u0641\u064a \u0627\u0644\u0645\u0627\u0646\u064a\u0627 \u0648\u0623\u0648\u0631\u0628\u0627","publisher":{"@id":"https:\/\/shanabooks.de\/#organization"},"potentialAction":[{"@type":"SearchAction","target":{"@type":"EntryPoint","urlTemplate":"https:\/\/shanabooks.de\/?s={search_term_string}"},"query-input":{"@type":"PropertyValueSpecification","valueRequired":true,"valueName":"search_term_string"}}],"inLanguage":"de"},{"@type":"Organization","@id":"https:\/\/shanabooks.de\/#organization","name":"www.shanbooks.de","url":"https:\/\/shanabooks.de\/","logo":{"@type":"ImageObject","inLanguage":"de","@id":"https:\/\/shanabooks.de\/#\/schema\/logo\/image\/","url":"https:\/\/shanabooks.de\/wp-content\/uploads\/2024\/03\/SHANABOOKS__2_-removebg-preview.png","contentUrl":"https:\/\/shanabooks.de\/wp-content\/uploads\/2024\/03\/SHANABOOKS__2_-removebg-preview.png","width":700,"height":150,"caption":"www.shanbooks.de"},"image":{"@id":"https:\/\/shanabooks.de\/#\/schema\/logo\/image\/"}}]}},"jetpack_sharing_enabled":true,"_links":{"self":[{"href":"https:\/\/shanabooks.de\/de\/wp-json\/wp\/v2\/product\/12429","targetHints":{"allow":["GET"]}}],"collection":[{"href":"https:\/\/shanabooks.de\/de\/wp-json\/wp\/v2\/product"}],"about":[{"href":"https:\/\/shanabooks.de\/de\/wp-json\/wp\/v2\/types\/product"}],"version-history":[{"count":2,"href":"https:\/\/shanabooks.de\/de\/wp-json\/wp\/v2\/product\/12429\/revisions"}],"predecessor-version":[{"id":22907,"href":"https:\/\/shanabooks.de\/de\/wp-json\/wp\/v2\/product\/12429\/revisions\/22907"}],"wp:featuredmedia":[{"embeddable":true,"href":"https:\/\/shanabooks.de\/de\/wp-json\/wp\/v2\/media\/12468"}],"wp:attachment":[{"href":"https:\/\/shanabooks.de\/de\/wp-json\/wp\/v2\/media?parent=12429"}],"wp:term":[{"taxonomy":"product_brand","embeddable":true,"href":"https:\/\/shanabooks.de\/de\/wp-json\/wp\/v2\/product_brand?post=12429"},{"taxonomy":"product_cat","embeddable":true,"href":"https:\/\/shanabooks.de\/de\/wp-json\/wp\/v2\/product_cat?post=12429"},{"taxonomy":"product_tag","embeddable":true,"href":"https:\/\/shanabooks.de\/de\/wp-json\/wp\/v2\/product_tag?post=12429"}],"curies":[{"name":"wp","href":"https:\/\/api.w.org\/{rel}","templated":true}]}}