{"id":12437,"date":"2024-03-03T19:44:00","date_gmt":"2024-03-03T19:44:00","guid":{"rendered":"https:\/\/shanabooks.de\/?post_type=product&#038;p=12437"},"modified":"2025-12-31T17:41:38","modified_gmt":"2025-12-31T17:41:38","slug":"sako-nikolay-vasilyevic-gogol","status":"publish","type":"product","link":"https:\/\/shanabooks.de\/de\/product\/sako-nikolay-vasilyevic-gogol\/","title":{"rendered":"Sako"},"content":{"rendered":"<p dir=\"ltr\"><strong>Sako &#8211; Nikolay Vasilyevi\u00e7 Gogol<\/strong><\/p>\n<p dir=\"ltr\">Nikolay Vasilyevi\u00e7 Gogol\u00a0di sala 1842\u00b4yan de \u00e7\u00eeroka xwe ya dir\u00eaj &#8222;Sako&#8220; diniv\u00eese. Niv\u00eeskar bi \u015f\u00eaweyek\u00ee rasteq\u00eener, \u00e7\u00eeroka mem\u00fbrek\u00ee bi\u00e7\u00fbk p\u00ea\u015fk\u00ea\u015f dike. \u00c7\u00eeroka zehmetiya mirov\u00ean ji r\u00eaz\u00ea \u00fb \u00ea\u015f\u00ean wan bi jiyana leheng\u00ea xwe Akak\u00eey Akakiyev\u00ee\u00e7 bi awayek\u00ee ba\u015f radixe ber \u00e7avan. Ev berhema w\u00ee di dema R\u00fbsyaya \u00c7ar de dibe sedema reaksiyonan \u00fb Gogol bi \u00eed\u00eeaya &#8222;gel\u00ea r\u00fbs bi\u00e7\u00fbk dixe&#8220; t\u00ea tawanbarkirin. Li gor gotinan Gogol, li ser guhdar\u00eekirina \u00e7\u00eerokek\u00ee ya di civatek\u00ea de dest bi niv\u00eesandina v\u00ea \u00e7\u00eerok\u00ea kiriye. Di w\u00ea civat\u00ea de qala \u00e7\u00eeroka mem\u00fbrek\u00ee t\u00ea kirin. Mem\u00fbr bi salan ji bo tifingeke bikire \u00fb here n\u00ea\u00e7\u00eer\u00ea pereyan dide ser hev. Di dawiy\u00ea de tifing\u00ea dikire, di\u00e7e n\u00ea\u00e7\u00eer\u00ea l\u00ea tifinga w\u00ee ji dest\u00ea w\u00ee dikeve av\u00ea \u00fb bi v\u00ea yek\u00ea re ew nexwe\u015f dikeve, dikeve nava cihan. Mem\u00fbr\u00ea me encax bi kir\u00eena tifingeke n\u00fb ya ji aliy\u00ea heval\u00ean w\u00ee ve ji v\u00ea nexwe\u015fiy\u00ea rizgar dibe. Ev berhem wek\u00ee berhemeke bingeh\u00een a W\u00eajeya r\u00fbs t\u00ea hesibandin \u00fb Dostoyevsk\u00ee ji bo v\u00ea wisa gotiye: &#8222;Em hem\u00fb ji Sakoy\u00ea Gogol derketin&#8220;Li ser d\u00eeroka &#8222;Sako&#8220; \u00e7end gotin<\/p>\n<p dir=\"ltr\">\n","protected":false},"excerpt":{"rendered":"<p dir=\"ltr\" style=\"text-align: center\"><strong>Niv\u00eeskar: Nikolay Vasilyevi\u00e7 Gogol<\/strong><br \/>\n<strong>Pirt\u00fbk: Sako<\/strong><br \/>\n<strong>Cure: \u00e7\u00eerok<\/strong><\/p>\n","protected":false},"featured_media":12499,"template":"","meta":{"site-sidebar-layout":"default","site-content-layout":"","ast-site-content-layout":"default","site-content-style":"default","site-sidebar-style":"default","ast-global-header-display":"","ast-banner-title-visibility":"","ast-main-header-display":"","ast-hfb-above-header-display":"","ast-hfb-below-header-display":"","ast-hfb-mobile-header-display":"","site-post-title":"","ast-breadcrumbs-content":"","ast-featured-img":"","footer-sml-layout":"","ast-disable-related-posts":"","theme-transparent-header-meta":"default","adv-header-id-meta":"","stick-header-meta":"","header-above-stick-meta":"","header-main-stick-meta":"","header-below-stick-meta":"","astra-migrate-meta-layouts":"set","ast-page-background-enabled":"default","ast-page-background-meta":{"desktop":{"background-color":"","background-image":"","background-repeat":"repeat","background-position":"center center","background-size":"auto","background-attachment":"scroll","background-type":"","background-media":"","overlay-type":"","overlay-color":"","overlay-opacity":"","overlay-gradient":""},"tablet":{"background-color":"","background-image":"","background-repeat":"repeat","background-position":"center center","background-size":"auto","background-attachment":"scroll","background-type":"","background-media":"","overlay-type":"","overlay-color":"","overlay-opacity":"","overlay-gradient":""},"mobile":{"background-color":"","background-image":"","background-repeat":"repeat","background-position":"center center","background-size":"auto","background-attachment":"scroll","background-type":"","background-media":"","overlay-type":"","overlay-color":"","overlay-opacity":"","overlay-gradient":""}},"ast-content-background-meta":{"desktop":{"background-color":"var(--ast-global-color-5)","background-image":"","background-repeat":"repeat","background-position":"center center","background-size":"auto","background-attachment":"scroll","background-type":"","background-media":"","overlay-type":"","overlay-color":"","overlay-opacity":"","overlay-gradient":""},"tablet":{"background-color":"var(--ast-global-color-5)","background-image":"","background-repeat":"repeat","background-position":"center center","background-size":"auto","background-attachment":"scroll","background-type":"","background-media":"","overlay-type":"","overlay-color":"","overlay-opacity":"","overlay-gradient":""},"mobile":{"background-color":"var(--ast-global-color-5)","background-image":"","background-repeat":"repeat","background-position":"center center","background-size":"auto","background-attachment":"scroll","background-type":"","background-media":"","overlay-type":"","overlay-color":"","overlay-opacity":"","overlay-gradient":""}}},"product_brand":[],"product_cat":[185,183,193],"product_tag":[],"class_list":{"0":"post-12437","1":"product","2":"type-product","3":"status-publish","4":"has-post-thumbnail","6":"product_cat--_","7":"product_cat-_","9":"pa_-cirok","10":"pa_-nikolay-vasilyevic-gogol","11":"pa_-kurmanci","12":"pa_--hivda","13":"desktop-align-left","14":"tablet-align-left","15":"mobile-align-left","17":"first","18":"instock","19":"shipping-taxable","20":"purchasable","21":"product-type-simple"},"yoast_head":"<!-- This site is optimized with the Yoast SEO plugin v27.4 - https:\/\/yoast.com\/product\/yoast-seo-wordpress\/ -->\n<title>Sako - Nikolay Vasilyevi\u00e7 Gogol - www.shanabooks.de<\/title>\n<meta name=\"description\" content=\"Sako - Nikolay Vasilyevi\u00e7 Gogol Nikolay Vasilyevi\u00e7 Gogol\u00a0di sala 1842\u00b4yan de \u00e7\u00eeroka xwe ya dir\u00eaj &quot;Sako&quot; diniv\u00eese. Niv\u00eeskar bi \u015f\u00eaweyek\u00ee rasteq\u00eener, \u00e7\u00eeroka...\" \/>\n<meta name=\"robots\" content=\"index, follow, max-snippet:-1, max-image-preview:large, max-video-preview:-1\" \/>\n<link rel=\"canonical\" href=\"https:\/\/shanabooks.de\/product\/sako-nikolay-vasilyevic-gogol\/\" \/>\n<meta property=\"og:locale\" content=\"de_DE\" \/>\n<meta property=\"og:type\" content=\"article\" \/>\n<meta property=\"og:title\" content=\"Sako - Nikolay Vasilyevi\u00e7 Gogol - www.shanabooks.de\" \/>\n<meta property=\"og:description\" content=\"Sako - Nikolay Vasilyevi\u00e7 Gogol Nikolay Vasilyevi\u00e7 Gogol\u00a0di sala 1842\u00b4yan de \u00e7\u00eeroka xwe ya dir\u00eaj &quot;Sako&quot; diniv\u00eese. Niv\u00eeskar bi \u015f\u00eaweyek\u00ee rasteq\u00eener, \u00e7\u00eeroka...\" \/>\n<meta property=\"og:url\" content=\"https:\/\/shanabooks.de\/product\/sako-nikolay-vasilyevic-gogol\/\" \/>\n<meta property=\"og:site_name\" content=\"www.shanabooks.de\" \/>\n<meta property=\"article:modified_time\" content=\"2025-12-31T17:41:38+00:00\" \/>\n<meta property=\"og:image\" content=\"https:\/\/shanabooks.de\/wp-content\/uploads\/2024\/03\/Sako-Hivda.png\" \/>\n\t<meta property=\"og:image:width\" content=\"301\" \/>\n\t<meta property=\"og:image:height\" content=\"478\" \/>\n\t<meta property=\"og:image:type\" content=\"image\/png\" \/>\n<meta name=\"twitter:card\" content=\"summary_large_image\" \/>\n<meta name=\"twitter:label1\" content=\"Gesch\u00e4tzte Lesezeit\" \/>\n\t<meta name=\"twitter:data1\" content=\"2\u00a0Minuten\" \/>\n<script type=\"application\/ld+json\" class=\"yoast-schema-graph\">{\"@context\":\"https:\\\/\\\/schema.org\",\"@graph\":[{\"@type\":\"WebPage\",\"@id\":\"https:\\\/\\\/shanabooks.de\\\/product\\\/sako-nikolay-vasilyevic-gogol\\\/\",\"url\":\"https:\\\/\\\/shanabooks.de\\\/product\\\/sako-nikolay-vasilyevic-gogol\\\/\",\"name\":\"Sako - Nikolay Vasilyevi\u00e7 Gogol - www.shanabooks.de\",\"isPartOf\":{\"@id\":\"https:\\\/\\\/shanabooks.de\\\/#website\"},\"primaryImageOfPage\":{\"@id\":\"https:\\\/\\\/shanabooks.de\\\/product\\\/sako-nikolay-vasilyevic-gogol\\\/#primaryimage\"},\"image\":{\"@id\":\"https:\\\/\\\/shanabooks.de\\\/product\\\/sako-nikolay-vasilyevic-gogol\\\/#primaryimage\"},\"thumbnailUrl\":\"https:\\\/\\\/shanabooks.de\\\/wp-content\\\/uploads\\\/2024\\\/03\\\/Sako-Hivda.png\",\"datePublished\":\"2024-03-03T19:44:00+00:00\",\"dateModified\":\"2025-12-31T17:41:38+00:00\",\"description\":\"Sako - Nikolay Vasilyevi\u00e7 Gogol Nikolay Vasilyevi\u00e7 Gogol\u00a0di sala 1842\u00b4yan de \u00e7\u00eeroka xwe ya dir\u00eaj \\\"Sako\\\" diniv\u00eese. Niv\u00eeskar bi \u015f\u00eaweyek\u00ee rasteq\u00eener, \u00e7\u00eeroka...\",\"breadcrumb\":{\"@id\":\"https:\\\/\\\/shanabooks.de\\\/product\\\/sako-nikolay-vasilyevic-gogol\\\/#breadcrumb\"},\"inLanguage\":\"de\",\"potentialAction\":[{\"@type\":\"ReadAction\",\"target\":[\"https:\\\/\\\/shanabooks.de\\\/product\\\/sako-nikolay-vasilyevic-gogol\\\/\"]}]},{\"@type\":\"ImageObject\",\"inLanguage\":\"de\",\"@id\":\"https:\\\/\\\/shanabooks.de\\\/product\\\/sako-nikolay-vasilyevic-gogol\\\/#primaryimage\",\"url\":\"https:\\\/\\\/shanabooks.de\\\/wp-content\\\/uploads\\\/2024\\\/03\\\/Sako-Hivda.png\",\"contentUrl\":\"https:\\\/\\\/shanabooks.de\\\/wp-content\\\/uploads\\\/2024\\\/03\\\/Sako-Hivda.png\",\"width\":301,\"height\":478,\"caption\":\"Sako - Nikolay Vasilyevi\u00e7 Gogol - pirt\u00fbk\u00ean kurd\u00ee\"},{\"@type\":\"BreadcrumbList\",\"@id\":\"https:\\\/\\\/shanabooks.de\\\/product\\\/sako-nikolay-vasilyevic-gogol\\\/#breadcrumb\",\"itemListElement\":[{\"@type\":\"ListItem\",\"position\":1,\"name\":\"\u0627\u0644\u0631\u0626\u064a\u0633\u064a\u0629\",\"item\":\"https:\\\/\\\/shanabooks.de\\\/de\\\/\"},{\"@type\":\"ListItem\",\"position\":2,\"name\":\"\u0627\u0644\u0645\u0646\u062a\u062c\u0627\u062a\",\"item\":\"https:\\\/\\\/shanabooks.de\\\/shop\\\/\"},{\"@type\":\"ListItem\",\"position\":3,\"name\":\"Sako\"}]},{\"@type\":\"WebSite\",\"@id\":\"https:\\\/\\\/shanabooks.de\\\/#website\",\"url\":\"https:\\\/\\\/shanabooks.de\\\/\",\"name\":\"www.shanbooks.de\",\"description\":\"C\u00eehana Pirt\u00fbk\u00ean Kurd\u00ee \u0645\u0643\u062a\u0628\u0629 \u0634\u0627\u0646\u0627 \u0641\u064a \u0627\u0644\u0645\u0627\u0646\u064a\u0627 \u0648\u0623\u0648\u0631\u0628\u0627\",\"publisher\":{\"@id\":\"https:\\\/\\\/shanabooks.de\\\/#organization\"},\"potentialAction\":[{\"@type\":\"SearchAction\",\"target\":{\"@type\":\"EntryPoint\",\"urlTemplate\":\"https:\\\/\\\/shanabooks.de\\\/?s={search_term_string}\"},\"query-input\":{\"@type\":\"PropertyValueSpecification\",\"valueRequired\":true,\"valueName\":\"search_term_string\"}}],\"inLanguage\":\"de\"},{\"@type\":\"Organization\",\"@id\":\"https:\\\/\\\/shanabooks.de\\\/#organization\",\"name\":\"www.shanbooks.de\",\"url\":\"https:\\\/\\\/shanabooks.de\\\/\",\"logo\":{\"@type\":\"ImageObject\",\"inLanguage\":\"de\",\"@id\":\"https:\\\/\\\/shanabooks.de\\\/#\\\/schema\\\/logo\\\/image\\\/\",\"url\":\"https:\\\/\\\/shanabooks.de\\\/wp-content\\\/uploads\\\/2024\\\/03\\\/SHANABOOKS__2_-removebg-preview.png\",\"contentUrl\":\"https:\\\/\\\/shanabooks.de\\\/wp-content\\\/uploads\\\/2024\\\/03\\\/SHANABOOKS__2_-removebg-preview.png\",\"width\":700,\"height\":150,\"caption\":\"www.shanbooks.de\"},\"image\":{\"@id\":\"https:\\\/\\\/shanabooks.de\\\/#\\\/schema\\\/logo\\\/image\\\/\"}}]}<\/script>\n<!-- \/ Yoast SEO plugin. -->","yoast_head_json":{"title":"Sako - Nikolay Vasilyevi\u00e7 Gogol - www.shanabooks.de","description":"Sako - Nikolay Vasilyevi\u00e7 Gogol Nikolay Vasilyevi\u00e7 Gogol\u00a0di sala 1842\u00b4yan de \u00e7\u00eeroka xwe ya dir\u00eaj \"Sako\" diniv\u00eese. Niv\u00eeskar bi \u015f\u00eaweyek\u00ee rasteq\u00eener, \u00e7\u00eeroka...","robots":{"index":"index","follow":"follow","max-snippet":"max-snippet:-1","max-image-preview":"max-image-preview:large","max-video-preview":"max-video-preview:-1"},"canonical":"https:\/\/shanabooks.de\/product\/sako-nikolay-vasilyevic-gogol\/","og_locale":"de_DE","og_type":"article","og_title":"Sako - Nikolay Vasilyevi\u00e7 Gogol - www.shanabooks.de","og_description":"Sako - Nikolay Vasilyevi\u00e7 Gogol Nikolay Vasilyevi\u00e7 Gogol\u00a0di sala 1842\u00b4yan de \u00e7\u00eeroka xwe ya dir\u00eaj \"Sako\" diniv\u00eese. Niv\u00eeskar bi \u015f\u00eaweyek\u00ee rasteq\u00eener, \u00e7\u00eeroka...","og_url":"https:\/\/shanabooks.de\/product\/sako-nikolay-vasilyevic-gogol\/","og_site_name":"www.shanabooks.de","article_modified_time":"2025-12-31T17:41:38+00:00","og_image":[{"width":301,"height":478,"url":"https:\/\/shanabooks.de\/wp-content\/uploads\/2024\/03\/Sako-Hivda.png","type":"image\/png"}],"twitter_card":"summary_large_image","twitter_misc":{"Gesch\u00e4tzte Lesezeit":"2\u00a0Minuten"},"schema":{"@context":"https:\/\/schema.org","@graph":[{"@type":"WebPage","@id":"https:\/\/shanabooks.de\/product\/sako-nikolay-vasilyevic-gogol\/","url":"https:\/\/shanabooks.de\/product\/sako-nikolay-vasilyevic-gogol\/","name":"Sako - Nikolay Vasilyevi\u00e7 Gogol - www.shanabooks.de","isPartOf":{"@id":"https:\/\/shanabooks.de\/#website"},"primaryImageOfPage":{"@id":"https:\/\/shanabooks.de\/product\/sako-nikolay-vasilyevic-gogol\/#primaryimage"},"image":{"@id":"https:\/\/shanabooks.de\/product\/sako-nikolay-vasilyevic-gogol\/#primaryimage"},"thumbnailUrl":"https:\/\/shanabooks.de\/wp-content\/uploads\/2024\/03\/Sako-Hivda.png","datePublished":"2024-03-03T19:44:00+00:00","dateModified":"2025-12-31T17:41:38+00:00","description":"Sako - Nikolay Vasilyevi\u00e7 Gogol Nikolay Vasilyevi\u00e7 Gogol\u00a0di sala 1842\u00b4yan de \u00e7\u00eeroka xwe ya dir\u00eaj \"Sako\" diniv\u00eese. Niv\u00eeskar bi \u015f\u00eaweyek\u00ee rasteq\u00eener, \u00e7\u00eeroka...","breadcrumb":{"@id":"https:\/\/shanabooks.de\/product\/sako-nikolay-vasilyevic-gogol\/#breadcrumb"},"inLanguage":"de","potentialAction":[{"@type":"ReadAction","target":["https:\/\/shanabooks.de\/product\/sako-nikolay-vasilyevic-gogol\/"]}]},{"@type":"ImageObject","inLanguage":"de","@id":"https:\/\/shanabooks.de\/product\/sako-nikolay-vasilyevic-gogol\/#primaryimage","url":"https:\/\/shanabooks.de\/wp-content\/uploads\/2024\/03\/Sako-Hivda.png","contentUrl":"https:\/\/shanabooks.de\/wp-content\/uploads\/2024\/03\/Sako-Hivda.png","width":301,"height":478,"caption":"Sako - Nikolay Vasilyevi\u00e7 Gogol - pirt\u00fbk\u00ean kurd\u00ee"},{"@type":"BreadcrumbList","@id":"https:\/\/shanabooks.de\/product\/sako-nikolay-vasilyevic-gogol\/#breadcrumb","itemListElement":[{"@type":"ListItem","position":1,"name":"\u0627\u0644\u0631\u0626\u064a\u0633\u064a\u0629","item":"https:\/\/shanabooks.de\/de\/"},{"@type":"ListItem","position":2,"name":"\u0627\u0644\u0645\u0646\u062a\u062c\u0627\u062a","item":"https:\/\/shanabooks.de\/shop\/"},{"@type":"ListItem","position":3,"name":"Sako"}]},{"@type":"WebSite","@id":"https:\/\/shanabooks.de\/#website","url":"https:\/\/shanabooks.de\/","name":"www.shanbooks.de","description":"C\u00eehana Pirt\u00fbk\u00ean Kurd\u00ee \u0645\u0643\u062a\u0628\u0629 \u0634\u0627\u0646\u0627 \u0641\u064a \u0627\u0644\u0645\u0627\u0646\u064a\u0627 \u0648\u0623\u0648\u0631\u0628\u0627","publisher":{"@id":"https:\/\/shanabooks.de\/#organization"},"potentialAction":[{"@type":"SearchAction","target":{"@type":"EntryPoint","urlTemplate":"https:\/\/shanabooks.de\/?s={search_term_string}"},"query-input":{"@type":"PropertyValueSpecification","valueRequired":true,"valueName":"search_term_string"}}],"inLanguage":"de"},{"@type":"Organization","@id":"https:\/\/shanabooks.de\/#organization","name":"www.shanbooks.de","url":"https:\/\/shanabooks.de\/","logo":{"@type":"ImageObject","inLanguage":"de","@id":"https:\/\/shanabooks.de\/#\/schema\/logo\/image\/","url":"https:\/\/shanabooks.de\/wp-content\/uploads\/2024\/03\/SHANABOOKS__2_-removebg-preview.png","contentUrl":"https:\/\/shanabooks.de\/wp-content\/uploads\/2024\/03\/SHANABOOKS__2_-removebg-preview.png","width":700,"height":150,"caption":"www.shanbooks.de"},"image":{"@id":"https:\/\/shanabooks.de\/#\/schema\/logo\/image\/"}}]}},"jetpack_sharing_enabled":true,"_links":{"self":[{"href":"https:\/\/shanabooks.de\/de\/wp-json\/wp\/v2\/product\/12437","targetHints":{"allow":["GET"]}}],"collection":[{"href":"https:\/\/shanabooks.de\/de\/wp-json\/wp\/v2\/product"}],"about":[{"href":"https:\/\/shanabooks.de\/de\/wp-json\/wp\/v2\/types\/product"}],"version-history":[{"count":2,"href":"https:\/\/shanabooks.de\/de\/wp-json\/wp\/v2\/product\/12437\/revisions"}],"predecessor-version":[{"id":18818,"href":"https:\/\/shanabooks.de\/de\/wp-json\/wp\/v2\/product\/12437\/revisions\/18818"}],"wp:featuredmedia":[{"embeddable":true,"href":"https:\/\/shanabooks.de\/de\/wp-json\/wp\/v2\/media\/12499"}],"wp:attachment":[{"href":"https:\/\/shanabooks.de\/de\/wp-json\/wp\/v2\/media?parent=12437"}],"wp:term":[{"taxonomy":"product_brand","embeddable":true,"href":"https:\/\/shanabooks.de\/de\/wp-json\/wp\/v2\/product_brand?post=12437"},{"taxonomy":"product_cat","embeddable":true,"href":"https:\/\/shanabooks.de\/de\/wp-json\/wp\/v2\/product_cat?post=12437"},{"taxonomy":"product_tag","embeddable":true,"href":"https:\/\/shanabooks.de\/de\/wp-json\/wp\/v2\/product_tag?post=12437"}],"curies":[{"name":"wp","href":"https:\/\/api.w.org\/{rel}","templated":true}]}}