{"id":12439,"date":"2024-03-03T19:44:00","date_gmt":"2024-03-03T19:44:00","guid":{"rendered":"https:\/\/shanabooks.de\/?post_type=product&#038;p=12439"},"modified":"2024-03-19T19:44:51","modified_gmt":"2024-03-19T19:44:51","slug":"ji-vitulaye-muzika-populer-mikael-niemi","status":"publish","type":"product","link":"https:\/\/shanabooks.de\/de\/product\/ji-vitulaye-muzika-populer-mikael-niemi\/","title":{"rendered":"Ji Vitulay\u00ea Muz\u00eeka Populer"},"content":{"rendered":"<p dir=\"ltr\"><strong>Ji Vitulay\u00ea Muz\u00eeka Populer &#8211; Mikael Niemi<\/strong><\/p>\n<p dir=\"ltr\">Ev roman di sala 2000\u2019an de, li Sw\u00ead\u00ea, bi ziman\u00ea sw\u00ead\u00ee hat\u00eeye niv\u00eesandin \u00fb di heman sal\u00ea de bi xelata August hat\u00eeye xelatkirin. Ev pirt\u00fbk pir hatiye firotin, her weha f\u00eelm\u00ea w\u00ea j\u00ee hatiye \u00e7\u00eakirin. Di 2009\u2019an de j\u00ee\u00a0 pirt\u00fbka bi nav\u00ea Ji Vitulay\u00ea Muz\u00eeka Populer ya Mikael Niemi bo kurd\u00ee hatiye wergerandin.<\/p>\n<p dir=\"ltr\">Vittula li bajarok\u00ea Pajala, ku li jora Sw\u00ead\u00ea li her\u00eama Tornedalen\u00ea ye, taxeke v\u00eella ye. Tornedalen li bakur-rojhilat\u00ea Sw\u00ead\u00ea \u00fb bakur-rojavay\u00ea F\u00eenland\u00eeya ye, bi taybet\u00ee ev her\u00eam bi zaravay\u00ea Sw\u00ead\u00eeya xwe ku bi tund\u00ee di bin bandora F\u00een\u00ee de maye, t\u00ea naskirin. Dema ku malbata Mikael Niemi ji F\u00eenland\u00eeya di sal\u00ean 1960\u2019\u00ee de bar kiriye \u00e7\u00fbye v\u00ea tax\u00ea, Niemi bi xwe zarok e \u00fb li v\u00ea her\u00eam\u00ea mezin b\u00fbye. Lewma Niemi ev roman ji sw\u00ead\u00eeya resen b\u00eatir, bi zaravay\u00ea Tornedal\u00ee, bi \u015f\u00eaweyek\u00ee \u00eeron\u00eek \u00fb m\u00eezah\u00ee niv\u00ees\u00eeye. Her \u00e7iqas weke b\u00eeyograf\u00eeya Niemi xuya dike j\u00ee, ne b\u00eeyograf\u00eeya w\u00ee ye, l\u00eabel\u00ee \u00e7\u00eerok li ser \u015fert \u00fb merc\u00ean zarot\u00ee \u00fb xortik\u00eeya w\u00ee hat\u00eeye avakirin.<\/p>\n<p dir=\"ltr\">Li gel ku nav\u00ea \u201dmuz\u00eek\u00ea\u201d weke ku mijara w\u00ea muz\u00eek e diyar dike j\u00ee, di esl\u00ea xwe de rew\u015fa Sw\u00ead\u00ea ya daw\u00eeya sal\u00ean 1960\u2019\u00ee \u00fb destp\u00eaka 1970\u2019y\u00ee, dema ku biyan\u00ee n\u00fb t\u00ean Sw\u00ead\u00ea, vedib\u00eaje. Niemi \u00fb \u00e7end heval\u00ean xwe, weke zarok\u00ean biyaniy\u00ean yekem di navbera \u00e7anda malbata xwe \u00fb ya Sw\u00ead\u00ee de mezin dibin. Nakok\u00eey\u00ean navbera \u00e7anda F\u00een\u00ee \u00fb Sw\u00ead\u00ee, jiyana di civakeke n\u00fb de, \u00a0t\u00eakiliy\u00ean biyaniyan \u00ean malbat\u00ee, y\u00ean bi xism\u00ean wan \u00fb civaka n\u00fb re, bandora ol\u00ea xiristiyaniy\u00ea \u00fb mezheb\u00ean her\u00eam\u00ee, jiyana xortikan, mayina wan di navbera \u00e7anda wan \u00fb \u00e7anda n\u00fb de, nizan\u00ee \u00fb xe\u015f\u00eem\u00eey\u00ean wan, bandora fikira komim\u00eesm\u00ea ku di w\u00ea dem\u00ea de populer b\u00fb, alkol\u00eezm \u00fb encam\u00ean w\u00ea, ner\u00eena wan li kok \u00fb p\u00ea\u015f\u00eey\u00ean wan, di derbar\u00ea p\u00ea\u015feroj\u00ea de xewn \u00fb xeyal\u00ean wan bi \u015f\u00eaweyeke herikbar t\u00ea vegotin.<\/p>\n<p dir=\"ltr\">Ev d\u00eemen\u00ea ku Mikael Niemi bi \u015f\u00eawey\u00ea xwe y\u00ea herikbar \u00fb m\u00eezah\u00ee diafir\u00eene, civaka Sw\u00ead\u00ea ya di sal\u00ean 1960 \u00fb 1970\u2019y\u00ee de ji mirov re zelal dike. Her\u00e7iqas \u00eero di navbera \u00e7and \u00fb civaka Sw\u00ead\u00ee \u00fb ya Kurdan de c\u00fbdahiy\u00ean mezin hebin j\u00ee, ev roman diyar dike ku di wan salan de, di navbera \u00e7anda Kurdan \u00fb ya Sw\u00ead\u00ee \u00fb F\u00een\u00eeyan de c\u00fbdahiy\u00ean mezin tune e. Di v\u00ea mijar\u00ea de ev roman \u00e7avkan\u00eeyeke h\u00eaja ye.<\/p>\n","protected":false},"excerpt":{"rendered":"<p dir=\"ltr\" style=\"text-align: center\"><strong>Pirt\u00fbk: Ji Vitulay\u00ea Muz\u00eeka Populer<br \/>\nNiv\u00eeskar: Mikael Niemi<\/strong><br \/>\n<strong>Cure: Roman<\/strong><\/p>\n","protected":false},"featured_media":5192,"template":"","meta":{"site-sidebar-layout":"default","site-content-layout":"","ast-site-content-layout":"default","site-content-style":"default","site-sidebar-style":"default","ast-global-header-display":"","ast-banner-title-visibility":"","ast-main-header-display":"","ast-hfb-above-header-display":"","ast-hfb-below-header-display":"","ast-hfb-mobile-header-display":"","site-post-title":"","ast-breadcrumbs-content":"","ast-featured-img":"","footer-sml-layout":"","ast-disable-related-posts":"","theme-transparent-header-meta":"default","adv-header-id-meta":"","stick-header-meta":"","header-above-stick-meta":"","header-main-stick-meta":"","header-below-stick-meta":"","astra-migrate-meta-layouts":"set","ast-page-background-enabled":"default","ast-page-background-meta":{"desktop":{"background-color":"","background-image":"","background-repeat":"repeat","background-position":"center center","background-size":"auto","background-attachment":"scroll","background-type":"","background-media":"","overlay-type":"","overlay-color":"","overlay-opacity":"","overlay-gradient":""},"tablet":{"background-color":"","background-image":"","background-repeat":"repeat","background-position":"center center","background-size":"auto","background-attachment":"scroll","background-type":"","background-media":"","overlay-type":"","overlay-color":"","overlay-opacity":"","overlay-gradient":""},"mobile":{"background-color":"","background-image":"","background-repeat":"repeat","background-position":"center center","background-size":"auto","background-attachment":"scroll","background-type":"","background-media":"","overlay-type":"","overlay-color":"","overlay-opacity":"","overlay-gradient":""}},"ast-content-background-meta":{"desktop":{"background-color":"var(--ast-global-color-5)","background-image":"","background-repeat":"repeat","background-position":"center center","background-size":"auto","background-attachment":"scroll","background-type":"","background-media":"","overlay-type":"","overlay-color":"","overlay-opacity":"","overlay-gradient":""},"tablet":{"background-color":"var(--ast-global-color-5)","background-image":"","background-repeat":"repeat","background-position":"center center","background-size":"auto","background-attachment":"scroll","background-type":"","background-media":"","overlay-type":"","overlay-color":"","overlay-opacity":"","overlay-gradient":""},"mobile":{"background-color":"var(--ast-global-color-5)","background-image":"","background-repeat":"repeat","background-position":"center center","background-size":"auto","background-attachment":"scroll","background-type":"","background-media":"","overlay-type":"","overlay-color":"","overlay-opacity":"","overlay-gradient":""}}},"product_brand":[],"product_cat":[182,193],"product_tag":[],"class_list":{"0":"post-12439","1":"product","2":"type-product","3":"status-publish","4":"has-post-thumbnail","6":"product_cat-_","7":"product_cat--_","8":"pa_-roman","9":"pa_-mikael-niemi","10":"pa_-kurmanci","11":"pa_--lis-yayinevi","12":"desktop-align-left","13":"tablet-align-left","14":"mobile-align-left","16":"first","17":"instock","18":"shipping-taxable","19":"purchasable","20":"product-type-simple"},"yoast_head":"<!-- This site is optimized with the Yoast SEO plugin v27.4 - https:\/\/yoast.com\/product\/yoast-seo-wordpress\/ -->\n<title>Ji Vitulay\u00ea Muz\u00eeka Populer - Mikael Niemi - www.shanabooks.de<\/title>\n<meta name=\"description\" content=\"Ji Vitulay\u00ea Muz\u00eeka Populer - Mikael Niemi Ev roman di sala 2000\u2019an de, li Sw\u00ead\u00ea, bi ziman\u00ea sw\u00ead\u00ee hat\u00eeye niv\u00eesandin \u00fb di heman sal\u00ea de bi xelata August ha...\" \/>\n<meta name=\"robots\" content=\"index, follow, max-snippet:-1, max-image-preview:large, max-video-preview:-1\" \/>\n<link rel=\"canonical\" href=\"https:\/\/shanabooks.de\/product\/ji-vitulaye-muzika-populer-mikael-niemi\/\" \/>\n<meta property=\"og:locale\" content=\"de_DE\" \/>\n<meta property=\"og:type\" content=\"article\" \/>\n<meta property=\"og:title\" content=\"Ji Vitulay\u00ea Muz\u00eeka Populer - Mikael Niemi - www.shanabooks.de\" \/>\n<meta property=\"og:description\" content=\"Ji Vitulay\u00ea Muz\u00eeka Populer - Mikael Niemi Ev roman di sala 2000\u2019an de, li Sw\u00ead\u00ea, bi ziman\u00ea sw\u00ead\u00ee hat\u00eeye niv\u00eesandin \u00fb di heman sal\u00ea de bi xelata August ha...\" \/>\n<meta property=\"og:url\" content=\"https:\/\/shanabooks.de\/product\/ji-vitulaye-muzika-populer-mikael-niemi\/\" \/>\n<meta property=\"og:site_name\" content=\"www.shanabooks.de\" \/>\n<meta property=\"article:modified_time\" content=\"2024-03-19T19:44:51+00:00\" \/>\n<meta property=\"og:image\" content=\"https:\/\/shanabooks.de\/wp-content\/uploads\/2024\/01\/Ji-Vittulaye-Muzika-Populer-Lis.png\" \/>\n\t<meta property=\"og:image:width\" content=\"312\" \/>\n\t<meta property=\"og:image:height\" content=\"476\" \/>\n\t<meta property=\"og:image:type\" content=\"image\/png\" \/>\n<meta name=\"twitter:card\" content=\"summary_large_image\" \/>\n<meta name=\"twitter:label1\" content=\"Gesch\u00e4tzte Lesezeit\" \/>\n\t<meta name=\"twitter:data1\" content=\"3\u00a0Minuten\" \/>\n<script type=\"application\/ld+json\" class=\"yoast-schema-graph\">{\"@context\":\"https:\\\/\\\/schema.org\",\"@graph\":[{\"@type\":\"WebPage\",\"@id\":\"https:\\\/\\\/shanabooks.de\\\/product\\\/ji-vitulaye-muzika-populer-mikael-niemi\\\/\",\"url\":\"https:\\\/\\\/shanabooks.de\\\/product\\\/ji-vitulaye-muzika-populer-mikael-niemi\\\/\",\"name\":\"Ji Vitulay\u00ea Muz\u00eeka Populer - Mikael Niemi - www.shanabooks.de\",\"isPartOf\":{\"@id\":\"https:\\\/\\\/shanabooks.de\\\/#website\"},\"primaryImageOfPage\":{\"@id\":\"https:\\\/\\\/shanabooks.de\\\/product\\\/ji-vitulaye-muzika-populer-mikael-niemi\\\/#primaryimage\"},\"image\":{\"@id\":\"https:\\\/\\\/shanabooks.de\\\/product\\\/ji-vitulaye-muzika-populer-mikael-niemi\\\/#primaryimage\"},\"thumbnailUrl\":\"https:\\\/\\\/shanabooks.de\\\/wp-content\\\/uploads\\\/2024\\\/01\\\/Ji-Vittulaye-Muzika-Populer-Lis.png\",\"datePublished\":\"2024-03-03T19:44:00+00:00\",\"dateModified\":\"2024-03-19T19:44:51+00:00\",\"description\":\"Ji Vitulay\u00ea Muz\u00eeka Populer - Mikael Niemi Ev roman di sala 2000\u2019an de, li Sw\u00ead\u00ea, bi ziman\u00ea sw\u00ead\u00ee hat\u00eeye niv\u00eesandin \u00fb di heman sal\u00ea de bi xelata August ha...\",\"breadcrumb\":{\"@id\":\"https:\\\/\\\/shanabooks.de\\\/product\\\/ji-vitulaye-muzika-populer-mikael-niemi\\\/#breadcrumb\"},\"inLanguage\":\"de\",\"potentialAction\":[{\"@type\":\"ReadAction\",\"target\":[\"https:\\\/\\\/shanabooks.de\\\/product\\\/ji-vitulaye-muzika-populer-mikael-niemi\\\/\"]}]},{\"@type\":\"ImageObject\",\"inLanguage\":\"de\",\"@id\":\"https:\\\/\\\/shanabooks.de\\\/product\\\/ji-vitulaye-muzika-populer-mikael-niemi\\\/#primaryimage\",\"url\":\"https:\\\/\\\/shanabooks.de\\\/wp-content\\\/uploads\\\/2024\\\/01\\\/Ji-Vittulaye-Muzika-Populer-Lis.png\",\"contentUrl\":\"https:\\\/\\\/shanabooks.de\\\/wp-content\\\/uploads\\\/2024\\\/01\\\/Ji-Vittulaye-Muzika-Populer-Lis.png\",\"width\":312,\"height\":476,\"caption\":\"Ji Vitulay\u00ea Muz\u00eeka Populer - Mikael Niemi - pirt\u00fbk\u00ean kurd\u00ee\"},{\"@type\":\"BreadcrumbList\",\"@id\":\"https:\\\/\\\/shanabooks.de\\\/product\\\/ji-vitulaye-muzika-populer-mikael-niemi\\\/#breadcrumb\",\"itemListElement\":[{\"@type\":\"ListItem\",\"position\":1,\"name\":\"\u0627\u0644\u0631\u0626\u064a\u0633\u064a\u0629\",\"item\":\"https:\\\/\\\/shanabooks.de\\\/de\\\/\"},{\"@type\":\"ListItem\",\"position\":2,\"name\":\"\u0627\u0644\u0645\u0646\u062a\u062c\u0627\u062a\",\"item\":\"https:\\\/\\\/shanabooks.de\\\/shop\\\/\"},{\"@type\":\"ListItem\",\"position\":3,\"name\":\"Ji Vitulay\u00ea Muz\u00eeka Populer\"}]},{\"@type\":\"WebSite\",\"@id\":\"https:\\\/\\\/shanabooks.de\\\/#website\",\"url\":\"https:\\\/\\\/shanabooks.de\\\/\",\"name\":\"www.shanbooks.de\",\"description\":\"C\u00eehana Pirt\u00fbk\u00ean Kurd\u00ee \u0645\u0643\u062a\u0628\u0629 \u0634\u0627\u0646\u0627 \u0641\u064a \u0627\u0644\u0645\u0627\u0646\u064a\u0627 \u0648\u0623\u0648\u0631\u0628\u0627\",\"publisher\":{\"@id\":\"https:\\\/\\\/shanabooks.de\\\/#organization\"},\"potentialAction\":[{\"@type\":\"SearchAction\",\"target\":{\"@type\":\"EntryPoint\",\"urlTemplate\":\"https:\\\/\\\/shanabooks.de\\\/?s={search_term_string}\"},\"query-input\":{\"@type\":\"PropertyValueSpecification\",\"valueRequired\":true,\"valueName\":\"search_term_string\"}}],\"inLanguage\":\"de\"},{\"@type\":\"Organization\",\"@id\":\"https:\\\/\\\/shanabooks.de\\\/#organization\",\"name\":\"www.shanbooks.de\",\"url\":\"https:\\\/\\\/shanabooks.de\\\/\",\"logo\":{\"@type\":\"ImageObject\",\"inLanguage\":\"de\",\"@id\":\"https:\\\/\\\/shanabooks.de\\\/#\\\/schema\\\/logo\\\/image\\\/\",\"url\":\"https:\\\/\\\/shanabooks.de\\\/wp-content\\\/uploads\\\/2024\\\/03\\\/SHANABOOKS__2_-removebg-preview.png\",\"contentUrl\":\"https:\\\/\\\/shanabooks.de\\\/wp-content\\\/uploads\\\/2024\\\/03\\\/SHANABOOKS__2_-removebg-preview.png\",\"width\":700,\"height\":150,\"caption\":\"www.shanbooks.de\"},\"image\":{\"@id\":\"https:\\\/\\\/shanabooks.de\\\/#\\\/schema\\\/logo\\\/image\\\/\"}}]}<\/script>\n<!-- \/ Yoast SEO plugin. -->","yoast_head_json":{"title":"Ji Vitulay\u00ea Muz\u00eeka Populer - Mikael Niemi - www.shanabooks.de","description":"Ji Vitulay\u00ea Muz\u00eeka Populer - Mikael Niemi Ev roman di sala 2000\u2019an de, li Sw\u00ead\u00ea, bi ziman\u00ea sw\u00ead\u00ee hat\u00eeye niv\u00eesandin \u00fb di heman sal\u00ea de bi xelata August ha...","robots":{"index":"index","follow":"follow","max-snippet":"max-snippet:-1","max-image-preview":"max-image-preview:large","max-video-preview":"max-video-preview:-1"},"canonical":"https:\/\/shanabooks.de\/product\/ji-vitulaye-muzika-populer-mikael-niemi\/","og_locale":"de_DE","og_type":"article","og_title":"Ji Vitulay\u00ea Muz\u00eeka Populer - Mikael Niemi - www.shanabooks.de","og_description":"Ji Vitulay\u00ea Muz\u00eeka Populer - Mikael Niemi Ev roman di sala 2000\u2019an de, li Sw\u00ead\u00ea, bi ziman\u00ea sw\u00ead\u00ee hat\u00eeye niv\u00eesandin \u00fb di heman sal\u00ea de bi xelata August ha...","og_url":"https:\/\/shanabooks.de\/product\/ji-vitulaye-muzika-populer-mikael-niemi\/","og_site_name":"www.shanabooks.de","article_modified_time":"2024-03-19T19:44:51+00:00","og_image":[{"width":312,"height":476,"url":"https:\/\/shanabooks.de\/wp-content\/uploads\/2024\/01\/Ji-Vittulaye-Muzika-Populer-Lis.png","type":"image\/png"}],"twitter_card":"summary_large_image","twitter_misc":{"Gesch\u00e4tzte Lesezeit":"3\u00a0Minuten"},"schema":{"@context":"https:\/\/schema.org","@graph":[{"@type":"WebPage","@id":"https:\/\/shanabooks.de\/product\/ji-vitulaye-muzika-populer-mikael-niemi\/","url":"https:\/\/shanabooks.de\/product\/ji-vitulaye-muzika-populer-mikael-niemi\/","name":"Ji Vitulay\u00ea Muz\u00eeka Populer - Mikael Niemi - www.shanabooks.de","isPartOf":{"@id":"https:\/\/shanabooks.de\/#website"},"primaryImageOfPage":{"@id":"https:\/\/shanabooks.de\/product\/ji-vitulaye-muzika-populer-mikael-niemi\/#primaryimage"},"image":{"@id":"https:\/\/shanabooks.de\/product\/ji-vitulaye-muzika-populer-mikael-niemi\/#primaryimage"},"thumbnailUrl":"https:\/\/shanabooks.de\/wp-content\/uploads\/2024\/01\/Ji-Vittulaye-Muzika-Populer-Lis.png","datePublished":"2024-03-03T19:44:00+00:00","dateModified":"2024-03-19T19:44:51+00:00","description":"Ji Vitulay\u00ea Muz\u00eeka Populer - Mikael Niemi Ev roman di sala 2000\u2019an de, li Sw\u00ead\u00ea, bi ziman\u00ea sw\u00ead\u00ee hat\u00eeye niv\u00eesandin \u00fb di heman sal\u00ea de bi xelata August ha...","breadcrumb":{"@id":"https:\/\/shanabooks.de\/product\/ji-vitulaye-muzika-populer-mikael-niemi\/#breadcrumb"},"inLanguage":"de","potentialAction":[{"@type":"ReadAction","target":["https:\/\/shanabooks.de\/product\/ji-vitulaye-muzika-populer-mikael-niemi\/"]}]},{"@type":"ImageObject","inLanguage":"de","@id":"https:\/\/shanabooks.de\/product\/ji-vitulaye-muzika-populer-mikael-niemi\/#primaryimage","url":"https:\/\/shanabooks.de\/wp-content\/uploads\/2024\/01\/Ji-Vittulaye-Muzika-Populer-Lis.png","contentUrl":"https:\/\/shanabooks.de\/wp-content\/uploads\/2024\/01\/Ji-Vittulaye-Muzika-Populer-Lis.png","width":312,"height":476,"caption":"Ji Vitulay\u00ea Muz\u00eeka Populer - Mikael Niemi - pirt\u00fbk\u00ean kurd\u00ee"},{"@type":"BreadcrumbList","@id":"https:\/\/shanabooks.de\/product\/ji-vitulaye-muzika-populer-mikael-niemi\/#breadcrumb","itemListElement":[{"@type":"ListItem","position":1,"name":"\u0627\u0644\u0631\u0626\u064a\u0633\u064a\u0629","item":"https:\/\/shanabooks.de\/de\/"},{"@type":"ListItem","position":2,"name":"\u0627\u0644\u0645\u0646\u062a\u062c\u0627\u062a","item":"https:\/\/shanabooks.de\/shop\/"},{"@type":"ListItem","position":3,"name":"Ji Vitulay\u00ea Muz\u00eeka Populer"}]},{"@type":"WebSite","@id":"https:\/\/shanabooks.de\/#website","url":"https:\/\/shanabooks.de\/","name":"www.shanbooks.de","description":"C\u00eehana Pirt\u00fbk\u00ean Kurd\u00ee \u0645\u0643\u062a\u0628\u0629 \u0634\u0627\u0646\u0627 \u0641\u064a \u0627\u0644\u0645\u0627\u0646\u064a\u0627 \u0648\u0623\u0648\u0631\u0628\u0627","publisher":{"@id":"https:\/\/shanabooks.de\/#organization"},"potentialAction":[{"@type":"SearchAction","target":{"@type":"EntryPoint","urlTemplate":"https:\/\/shanabooks.de\/?s={search_term_string}"},"query-input":{"@type":"PropertyValueSpecification","valueRequired":true,"valueName":"search_term_string"}}],"inLanguage":"de"},{"@type":"Organization","@id":"https:\/\/shanabooks.de\/#organization","name":"www.shanbooks.de","url":"https:\/\/shanabooks.de\/","logo":{"@type":"ImageObject","inLanguage":"de","@id":"https:\/\/shanabooks.de\/#\/schema\/logo\/image\/","url":"https:\/\/shanabooks.de\/wp-content\/uploads\/2024\/03\/SHANABOOKS__2_-removebg-preview.png","contentUrl":"https:\/\/shanabooks.de\/wp-content\/uploads\/2024\/03\/SHANABOOKS__2_-removebg-preview.png","width":700,"height":150,"caption":"www.shanbooks.de"},"image":{"@id":"https:\/\/shanabooks.de\/#\/schema\/logo\/image\/"}}]}},"jetpack_sharing_enabled":true,"_links":{"self":[{"href":"https:\/\/shanabooks.de\/de\/wp-json\/wp\/v2\/product\/12439","targetHints":{"allow":["GET"]}}],"collection":[{"href":"https:\/\/shanabooks.de\/de\/wp-json\/wp\/v2\/product"}],"about":[{"href":"https:\/\/shanabooks.de\/de\/wp-json\/wp\/v2\/types\/product"}],"version-history":[{"count":3,"href":"https:\/\/shanabooks.de\/de\/wp-json\/wp\/v2\/product\/12439\/revisions"}],"predecessor-version":[{"id":20716,"href":"https:\/\/shanabooks.de\/de\/wp-json\/wp\/v2\/product\/12439\/revisions\/20716"}],"wp:featuredmedia":[{"embeddable":true,"href":"https:\/\/shanabooks.de\/de\/wp-json\/wp\/v2\/media\/5192"}],"wp:attachment":[{"href":"https:\/\/shanabooks.de\/de\/wp-json\/wp\/v2\/media?parent=12439"}],"wp:term":[{"taxonomy":"product_brand","embeddable":true,"href":"https:\/\/shanabooks.de\/de\/wp-json\/wp\/v2\/product_brand?post=12439"},{"taxonomy":"product_cat","embeddable":true,"href":"https:\/\/shanabooks.de\/de\/wp-json\/wp\/v2\/product_cat?post=12439"},{"taxonomy":"product_tag","embeddable":true,"href":"https:\/\/shanabooks.de\/de\/wp-json\/wp\/v2\/product_tag?post=12439"}],"curies":[{"name":"wp","href":"https:\/\/api.w.org\/{rel}","templated":true}]}}