{"id":12442,"date":"2024-03-03T19:44:01","date_gmt":"2024-03-03T19:44:01","guid":{"rendered":"https:\/\/shanabooks.de\/?post_type=product&#038;p=12442"},"modified":"2024-03-16T00:22:57","modified_gmt":"2024-03-16T00:22:57","slug":"cinen-pereyan-murathan-mungan","status":"publish","type":"product","link":"https:\/\/shanabooks.de\/de\/product\/cinen-pereyan-murathan-mungan\/","title":{"rendered":"Cin\u00ean Pereyan"},"content":{"rendered":"<p dir=\"ltr\"><strong>Cin\u00ean Pereyan &#8211; Murathan Mungan<\/strong><\/p>\n<p dir=\"ltr\"><span style=\"font-family: verdana\">Cin\u00ean Pereyan ya Murathan Mungan, pirt\u00fbkeka otobiyograf\u00eek e; ji deh metnan p\u00eak t\u00ea. Murathan Mungan helbet ew bi tirk\u00ee niv\u00eesiye, l\u00ea xwendevan\u00ean hem kurd\u00ee \u00fb hem j\u00ee tirk\u00ee dizanin, heg\u00ee metn\u00ea v\u00ea pirt\u00fbk\u00ea y\u00ea bi kurd\u00ee \u00fb y\u00ea bi tirk\u00ee bidin ber hev, d\u00ea bib\u00eenin ruh\u00ea van metnan bi kurd\u00ee ye \u00fb tama esas\u00ee yan wan metnan bi kurd\u00ee derketiye p\u00ea\u015f.\u00a0 Ev j\u00ee, li gel j\u00eahatina Murathan Mungan\u00ee ya edeb\u00ee, biserketina Felat Dilge\u015f\u00ee ya di heq\u00ea wergerahndina v\u00ea behrem\u00ea de ye. Ev berhem ji bo xwendevan\u00ean ji tam, tema \u00fb honandina b\u00fbyeran li gel zemanan hez dikin, keyfeka mezin e.\u00a0<\/span><\/p>\n<p dir=\"ltr\"><span style=\"font-family: verdana\">kulturname<\/span><\/p>\n","protected":false},"excerpt":{"rendered":"<p dir=\"ltr\" style=\"text-align: center\"><strong>Pirt\u00fbk: Cin\u00ean Pereyan<br \/>\nNiv\u00eeskar: Murathan Mungan<\/strong><br \/>\n<strong>Cure: \u00c7\u00eerok<\/strong><\/p>\n","protected":false},"featured_media":12505,"template":"","meta":{"site-sidebar-layout":"default","site-content-layout":"","ast-site-content-layout":"default","site-content-style":"default","site-sidebar-style":"default","ast-global-header-display":"","ast-banner-title-visibility":"","ast-main-header-display":"","ast-hfb-above-header-display":"","ast-hfb-below-header-display":"","ast-hfb-mobile-header-display":"","site-post-title":"","ast-breadcrumbs-content":"","ast-featured-img":"","footer-sml-layout":"","ast-disable-related-posts":"","theme-transparent-header-meta":"default","adv-header-id-meta":"","stick-header-meta":"","header-above-stick-meta":"","header-main-stick-meta":"","header-below-stick-meta":"","astra-migrate-meta-layouts":"set","ast-page-background-enabled":"default","ast-page-background-meta":{"desktop":{"background-color":"","background-image":"","background-repeat":"repeat","background-position":"center center","background-size":"auto","background-attachment":"scroll","background-type":"","background-media":"","overlay-type":"","overlay-color":"","overlay-opacity":"","overlay-gradient":""},"tablet":{"background-color":"","background-image":"","background-repeat":"repeat","background-position":"center center","background-size":"auto","background-attachment":"scroll","background-type":"","background-media":"","overlay-type":"","overlay-color":"","overlay-opacity":"","overlay-gradient":""},"mobile":{"background-color":"","background-image":"","background-repeat":"repeat","background-position":"center center","background-size":"auto","background-attachment":"scroll","background-type":"","background-media":"","overlay-type":"","overlay-color":"","overlay-opacity":"","overlay-gradient":""}},"ast-content-background-meta":{"desktop":{"background-color":"var(--ast-global-color-5)","background-image":"","background-repeat":"repeat","background-position":"center center","background-size":"auto","background-attachment":"scroll","background-type":"","background-media":"","overlay-type":"","overlay-color":"","overlay-opacity":"","overlay-gradient":""},"tablet":{"background-color":"var(--ast-global-color-5)","background-image":"","background-repeat":"repeat","background-position":"center center","background-size":"auto","background-attachment":"scroll","background-type":"","background-media":"","overlay-type":"","overlay-color":"","overlay-opacity":"","overlay-gradient":""},"mobile":{"background-color":"var(--ast-global-color-5)","background-image":"","background-repeat":"repeat","background-position":"center center","background-size":"auto","background-attachment":"scroll","background-type":"","background-media":"","overlay-type":"","overlay-color":"","overlay-opacity":"","overlay-gradient":""}}},"product_brand":[],"product_cat":[185,183,193],"product_tag":[],"class_list":{"0":"post-12442","1":"product","2":"type-product","3":"status-publish","4":"has-post-thumbnail","6":"product_cat--_","7":"product_cat-_","9":"pa_-cirok","10":"pa_-wejeye-cihani","11":"pa_-murathan-mungan","12":"pa_-kurmanci","13":"pa_--doz","14":"desktop-align-left","15":"tablet-align-left","16":"mobile-align-left","18":"first","19":"outofstock","20":"shipping-taxable","21":"purchasable","22":"product-type-simple"},"yoast_head":"<!-- This site is optimized with the Yoast SEO plugin v27.4 - https:\/\/yoast.com\/product\/yoast-seo-wordpress\/ -->\n<title>Cin\u00ean Pereyan - Murathan Mungan - www.shanabooks.de<\/title>\n<meta name=\"description\" content=\"Cin\u00ean Pereyan - Murathan Mungan Cin\u00ean Pereyan, pirt\u00fbkeka otobiyograf\u00eek e; ji deh metnan p\u00eak t\u00ea. Murathan Mungan helbet ew bi tirk\u00ee niv\u00eesiye, l\u00ea xwendevan...\" \/>\n<meta name=\"robots\" content=\"index, follow, max-snippet:-1, max-image-preview:large, max-video-preview:-1\" \/>\n<link rel=\"canonical\" href=\"https:\/\/shanabooks.de\/product\/cinen-pereyan-murathan-mungan\/\" \/>\n<meta property=\"og:locale\" content=\"de_DE\" \/>\n<meta property=\"og:type\" content=\"article\" \/>\n<meta property=\"og:title\" content=\"Cin\u00ean Pereyan - Murathan Mungan - www.shanabooks.de\" \/>\n<meta property=\"og:description\" content=\"Cin\u00ean Pereyan - Murathan Mungan Cin\u00ean Pereyan, pirt\u00fbkeka otobiyograf\u00eek e; ji deh metnan p\u00eak t\u00ea. Murathan Mungan helbet ew bi tirk\u00ee niv\u00eesiye, l\u00ea xwendevan...\" \/>\n<meta property=\"og:url\" content=\"https:\/\/shanabooks.de\/product\/cinen-pereyan-murathan-mungan\/\" \/>\n<meta property=\"og:site_name\" content=\"www.shanabooks.de\" \/>\n<meta property=\"article:modified_time\" content=\"2024-03-16T00:22:57+00:00\" \/>\n<meta property=\"og:image\" content=\"https:\/\/shanabooks.de\/wp-content\/uploads\/2024\/03\/Cinen-Pereyan.jpg\" \/>\n\t<meta property=\"og:image:width\" content=\"350\" \/>\n\t<meta property=\"og:image:height\" content=\"564\" \/>\n\t<meta property=\"og:image:type\" content=\"image\/jpeg\" \/>\n<meta name=\"twitter:card\" content=\"summary_large_image\" \/>\n<meta name=\"twitter:label1\" content=\"Gesch\u00e4tzte Lesezeit\" \/>\n\t<meta name=\"twitter:data1\" content=\"1\u00a0Minute\" \/>\n<script type=\"application\/ld+json\" class=\"yoast-schema-graph\">{\"@context\":\"https:\\\/\\\/schema.org\",\"@graph\":[{\"@type\":\"WebPage\",\"@id\":\"https:\\\/\\\/shanabooks.de\\\/product\\\/cinen-pereyan-murathan-mungan\\\/\",\"url\":\"https:\\\/\\\/shanabooks.de\\\/product\\\/cinen-pereyan-murathan-mungan\\\/\",\"name\":\"Cin\u00ean Pereyan - Murathan Mungan - www.shanabooks.de\",\"isPartOf\":{\"@id\":\"https:\\\/\\\/shanabooks.de\\\/#website\"},\"primaryImageOfPage\":{\"@id\":\"https:\\\/\\\/shanabooks.de\\\/product\\\/cinen-pereyan-murathan-mungan\\\/#primaryimage\"},\"image\":{\"@id\":\"https:\\\/\\\/shanabooks.de\\\/product\\\/cinen-pereyan-murathan-mungan\\\/#primaryimage\"},\"thumbnailUrl\":\"https:\\\/\\\/shanabooks.de\\\/wp-content\\\/uploads\\\/2024\\\/03\\\/Cinen-Pereyan.jpg\",\"datePublished\":\"2024-03-03T19:44:01+00:00\",\"dateModified\":\"2024-03-16T00:22:57+00:00\",\"description\":\"Cin\u00ean Pereyan - Murathan Mungan Cin\u00ean Pereyan, pirt\u00fbkeka otobiyograf\u00eek e; ji deh metnan p\u00eak t\u00ea. Murathan Mungan helbet ew bi tirk\u00ee niv\u00eesiye, l\u00ea xwendevan...\",\"breadcrumb\":{\"@id\":\"https:\\\/\\\/shanabooks.de\\\/product\\\/cinen-pereyan-murathan-mungan\\\/#breadcrumb\"},\"inLanguage\":\"de\",\"potentialAction\":[{\"@type\":\"ReadAction\",\"target\":[\"https:\\\/\\\/shanabooks.de\\\/product\\\/cinen-pereyan-murathan-mungan\\\/\"]}]},{\"@type\":\"ImageObject\",\"inLanguage\":\"de\",\"@id\":\"https:\\\/\\\/shanabooks.de\\\/product\\\/cinen-pereyan-murathan-mungan\\\/#primaryimage\",\"url\":\"https:\\\/\\\/shanabooks.de\\\/wp-content\\\/uploads\\\/2024\\\/03\\\/Cinen-Pereyan.jpg\",\"contentUrl\":\"https:\\\/\\\/shanabooks.de\\\/wp-content\\\/uploads\\\/2024\\\/03\\\/Cinen-Pereyan.jpg\",\"width\":350,\"height\":564,\"caption\":\"Cin\u00ean Pereyan - Murathan Mungan - pirt\u00fbk\u00ean kurd\u00ee\"},{\"@type\":\"BreadcrumbList\",\"@id\":\"https:\\\/\\\/shanabooks.de\\\/product\\\/cinen-pereyan-murathan-mungan\\\/#breadcrumb\",\"itemListElement\":[{\"@type\":\"ListItem\",\"position\":1,\"name\":\"\u0627\u0644\u0631\u0626\u064a\u0633\u064a\u0629\",\"item\":\"https:\\\/\\\/shanabooks.de\\\/de\\\/\"},{\"@type\":\"ListItem\",\"position\":2,\"name\":\"\u0627\u0644\u0645\u0646\u062a\u062c\u0627\u062a\",\"item\":\"https:\\\/\\\/shanabooks.de\\\/shop\\\/\"},{\"@type\":\"ListItem\",\"position\":3,\"name\":\"Cin\u00ean Pereyan\"}]},{\"@type\":\"WebSite\",\"@id\":\"https:\\\/\\\/shanabooks.de\\\/#website\",\"url\":\"https:\\\/\\\/shanabooks.de\\\/\",\"name\":\"www.shanbooks.de\",\"description\":\"C\u00eehana Pirt\u00fbk\u00ean Kurd\u00ee \u0645\u0643\u062a\u0628\u0629 \u0634\u0627\u0646\u0627 \u0641\u064a \u0627\u0644\u0645\u0627\u0646\u064a\u0627 \u0648\u0623\u0648\u0631\u0628\u0627\",\"publisher\":{\"@id\":\"https:\\\/\\\/shanabooks.de\\\/#organization\"},\"potentialAction\":[{\"@type\":\"SearchAction\",\"target\":{\"@type\":\"EntryPoint\",\"urlTemplate\":\"https:\\\/\\\/shanabooks.de\\\/?s={search_term_string}\"},\"query-input\":{\"@type\":\"PropertyValueSpecification\",\"valueRequired\":true,\"valueName\":\"search_term_string\"}}],\"inLanguage\":\"de\"},{\"@type\":\"Organization\",\"@id\":\"https:\\\/\\\/shanabooks.de\\\/#organization\",\"name\":\"www.shanbooks.de\",\"url\":\"https:\\\/\\\/shanabooks.de\\\/\",\"logo\":{\"@type\":\"ImageObject\",\"inLanguage\":\"de\",\"@id\":\"https:\\\/\\\/shanabooks.de\\\/#\\\/schema\\\/logo\\\/image\\\/\",\"url\":\"https:\\\/\\\/shanabooks.de\\\/wp-content\\\/uploads\\\/2024\\\/03\\\/SHANABOOKS__2_-removebg-preview.png\",\"contentUrl\":\"https:\\\/\\\/shanabooks.de\\\/wp-content\\\/uploads\\\/2024\\\/03\\\/SHANABOOKS__2_-removebg-preview.png\",\"width\":700,\"height\":150,\"caption\":\"www.shanbooks.de\"},\"image\":{\"@id\":\"https:\\\/\\\/shanabooks.de\\\/#\\\/schema\\\/logo\\\/image\\\/\"}}]}<\/script>\n<!-- \/ Yoast SEO plugin. -->","yoast_head_json":{"title":"Cin\u00ean Pereyan - Murathan Mungan - www.shanabooks.de","description":"Cin\u00ean Pereyan - Murathan Mungan Cin\u00ean Pereyan, pirt\u00fbkeka otobiyograf\u00eek e; ji deh metnan p\u00eak t\u00ea. Murathan Mungan helbet ew bi tirk\u00ee niv\u00eesiye, l\u00ea xwendevan...","robots":{"index":"index","follow":"follow","max-snippet":"max-snippet:-1","max-image-preview":"max-image-preview:large","max-video-preview":"max-video-preview:-1"},"canonical":"https:\/\/shanabooks.de\/product\/cinen-pereyan-murathan-mungan\/","og_locale":"de_DE","og_type":"article","og_title":"Cin\u00ean Pereyan - Murathan Mungan - www.shanabooks.de","og_description":"Cin\u00ean Pereyan - Murathan Mungan Cin\u00ean Pereyan, pirt\u00fbkeka otobiyograf\u00eek e; ji deh metnan p\u00eak t\u00ea. Murathan Mungan helbet ew bi tirk\u00ee niv\u00eesiye, l\u00ea xwendevan...","og_url":"https:\/\/shanabooks.de\/product\/cinen-pereyan-murathan-mungan\/","og_site_name":"www.shanabooks.de","article_modified_time":"2024-03-16T00:22:57+00:00","og_image":[{"width":350,"height":564,"url":"https:\/\/shanabooks.de\/wp-content\/uploads\/2024\/03\/Cinen-Pereyan.jpg","type":"image\/jpeg"}],"twitter_card":"summary_large_image","twitter_misc":{"Gesch\u00e4tzte Lesezeit":"1\u00a0Minute"},"schema":{"@context":"https:\/\/schema.org","@graph":[{"@type":"WebPage","@id":"https:\/\/shanabooks.de\/product\/cinen-pereyan-murathan-mungan\/","url":"https:\/\/shanabooks.de\/product\/cinen-pereyan-murathan-mungan\/","name":"Cin\u00ean Pereyan - Murathan Mungan - www.shanabooks.de","isPartOf":{"@id":"https:\/\/shanabooks.de\/#website"},"primaryImageOfPage":{"@id":"https:\/\/shanabooks.de\/product\/cinen-pereyan-murathan-mungan\/#primaryimage"},"image":{"@id":"https:\/\/shanabooks.de\/product\/cinen-pereyan-murathan-mungan\/#primaryimage"},"thumbnailUrl":"https:\/\/shanabooks.de\/wp-content\/uploads\/2024\/03\/Cinen-Pereyan.jpg","datePublished":"2024-03-03T19:44:01+00:00","dateModified":"2024-03-16T00:22:57+00:00","description":"Cin\u00ean Pereyan - Murathan Mungan Cin\u00ean Pereyan, pirt\u00fbkeka otobiyograf\u00eek e; ji deh metnan p\u00eak t\u00ea. Murathan Mungan helbet ew bi tirk\u00ee niv\u00eesiye, l\u00ea xwendevan...","breadcrumb":{"@id":"https:\/\/shanabooks.de\/product\/cinen-pereyan-murathan-mungan\/#breadcrumb"},"inLanguage":"de","potentialAction":[{"@type":"ReadAction","target":["https:\/\/shanabooks.de\/product\/cinen-pereyan-murathan-mungan\/"]}]},{"@type":"ImageObject","inLanguage":"de","@id":"https:\/\/shanabooks.de\/product\/cinen-pereyan-murathan-mungan\/#primaryimage","url":"https:\/\/shanabooks.de\/wp-content\/uploads\/2024\/03\/Cinen-Pereyan.jpg","contentUrl":"https:\/\/shanabooks.de\/wp-content\/uploads\/2024\/03\/Cinen-Pereyan.jpg","width":350,"height":564,"caption":"Cin\u00ean Pereyan - Murathan Mungan - pirt\u00fbk\u00ean kurd\u00ee"},{"@type":"BreadcrumbList","@id":"https:\/\/shanabooks.de\/product\/cinen-pereyan-murathan-mungan\/#breadcrumb","itemListElement":[{"@type":"ListItem","position":1,"name":"\u0627\u0644\u0631\u0626\u064a\u0633\u064a\u0629","item":"https:\/\/shanabooks.de\/de\/"},{"@type":"ListItem","position":2,"name":"\u0627\u0644\u0645\u0646\u062a\u062c\u0627\u062a","item":"https:\/\/shanabooks.de\/shop\/"},{"@type":"ListItem","position":3,"name":"Cin\u00ean Pereyan"}]},{"@type":"WebSite","@id":"https:\/\/shanabooks.de\/#website","url":"https:\/\/shanabooks.de\/","name":"www.shanbooks.de","description":"C\u00eehana Pirt\u00fbk\u00ean Kurd\u00ee \u0645\u0643\u062a\u0628\u0629 \u0634\u0627\u0646\u0627 \u0641\u064a \u0627\u0644\u0645\u0627\u0646\u064a\u0627 \u0648\u0623\u0648\u0631\u0628\u0627","publisher":{"@id":"https:\/\/shanabooks.de\/#organization"},"potentialAction":[{"@type":"SearchAction","target":{"@type":"EntryPoint","urlTemplate":"https:\/\/shanabooks.de\/?s={search_term_string}"},"query-input":{"@type":"PropertyValueSpecification","valueRequired":true,"valueName":"search_term_string"}}],"inLanguage":"de"},{"@type":"Organization","@id":"https:\/\/shanabooks.de\/#organization","name":"www.shanbooks.de","url":"https:\/\/shanabooks.de\/","logo":{"@type":"ImageObject","inLanguage":"de","@id":"https:\/\/shanabooks.de\/#\/schema\/logo\/image\/","url":"https:\/\/shanabooks.de\/wp-content\/uploads\/2024\/03\/SHANABOOKS__2_-removebg-preview.png","contentUrl":"https:\/\/shanabooks.de\/wp-content\/uploads\/2024\/03\/SHANABOOKS__2_-removebg-preview.png","width":700,"height":150,"caption":"www.shanbooks.de"},"image":{"@id":"https:\/\/shanabooks.de\/#\/schema\/logo\/image\/"}}]}},"jetpack_sharing_enabled":true,"_links":{"self":[{"href":"https:\/\/shanabooks.de\/de\/wp-json\/wp\/v2\/product\/12442","targetHints":{"allow":["GET"]}}],"collection":[{"href":"https:\/\/shanabooks.de\/de\/wp-json\/wp\/v2\/product"}],"about":[{"href":"https:\/\/shanabooks.de\/de\/wp-json\/wp\/v2\/types\/product"}],"version-history":[{"count":3,"href":"https:\/\/shanabooks.de\/de\/wp-json\/wp\/v2\/product\/12442\/revisions"}],"predecessor-version":[{"id":18778,"href":"https:\/\/shanabooks.de\/de\/wp-json\/wp\/v2\/product\/12442\/revisions\/18778"}],"wp:featuredmedia":[{"embeddable":true,"href":"https:\/\/shanabooks.de\/de\/wp-json\/wp\/v2\/media\/12505"}],"wp:attachment":[{"href":"https:\/\/shanabooks.de\/de\/wp-json\/wp\/v2\/media?parent=12442"}],"wp:term":[{"taxonomy":"product_brand","embeddable":true,"href":"https:\/\/shanabooks.de\/de\/wp-json\/wp\/v2\/product_brand?post=12442"},{"taxonomy":"product_cat","embeddable":true,"href":"https:\/\/shanabooks.de\/de\/wp-json\/wp\/v2\/product_cat?post=12442"},{"taxonomy":"product_tag","embeddable":true,"href":"https:\/\/shanabooks.de\/de\/wp-json\/wp\/v2\/product_tag?post=12442"}],"curies":[{"name":"wp","href":"https:\/\/api.w.org\/{rel}","templated":true}]}}