{"id":12443,"date":"2024-03-03T19:44:01","date_gmt":"2024-03-03T19:44:01","guid":{"rendered":"https:\/\/shanabooks.de\/?post_type=product&#038;p=12443"},"modified":"2024-03-16T00:29:55","modified_gmt":"2024-03-16T00:29:55","slug":"siddhartha-evsaneyeke-hindi-hermann-hesse","status":"publish","type":"product","link":"https:\/\/shanabooks.de\/de\/product\/siddhartha-evsaneyeke-hindi-hermann-hesse\/","title":{"rendered":"S\u00eeddhartha (Evsaneyeke Hind\u00ee)"},"content":{"rendered":"<p dir=\"ltr\"><strong>S\u00eeddhartha (Evsaneyeke Hind\u00ee) &#8211; <span lang=\"DE\">Hermann Hesse<\/span><\/strong><\/p>\n<p class=\"Standard\" dir=\"ltr\"><span lang=\"DE\">Ji Elman\u00ee: Huseyin Kartal<\/span><\/p>\n<p class=\"Standard\" dir=\"ltr\"><span lang=\"DE\">Siddhartha<\/span><span lang=\"DE\"> (Evsaneyeke Hind\u00ee) wek\u00ee berhema sereke ya niv\u00eeskar\u00ea xwed\u00eey\u00ea Xelata Nobel\u00ea Hermann Hesse t\u00ea hesibandin.\u00a0Siddhartha\u00a0cara yekem 1922an de hat\u00a0<\/span>\u00e7<span lang=\"DE\">apkirin \u00fb heta niha li ser 54 ziman\u00ee hat\u00eeye wergerandin.<br \/>\n<\/span><\/p>\n<p class=\"Standard\" dir=\"ltr\"><span lang=\"DE\">Siddhartha <\/span><span lang=\"DE\">bi salan wek\u00ee pirt\u00fbkeka p\u00eeroz ji dest\u00ea xwendevanan neket. Gelo sedema ev\u00a0<\/span>\u00e7<span lang=\"DE\">end xwendina pirt\u00fbk\u00ea\u00a0<\/span>\u00e7<span lang=\"DE\">i b\u00fb?\u00a0Siddhartha\u00a0ji bo xwendevanan\u00a0bangewaz\u00eeya avakirina jiyaneka n\u00fb dikir.\u00a0Hesse\u00a0di\u00a0Siddharthay\u00ea de m\u00eest\u00ees\u00eezma rojavay\u00ea payebilind dike \u00fb sal\u00ean ewil a jiyana\u00a0Buddhay\u00ea bi\u00a0<\/span>\u015f<span lang=\"DE\">\u00eawazeka helbest\u00ee vedib\u00eaje.\u00a0Hesse\u00a0dib\u00eaje \u201eSiddhartha\u00a0rizgarb\u00fbna min a ji ramana hind\u00ee \u00fb azadb\u00fbna min e, r\u00eaya min a xelasb\u00fbna ji hem\u00fb dogmayan ez birim ber bi\u00a0Siddharthay\u00ea ve; heta daw\u00eeya jiyana xwe j\u00ee ez \u00ea di v\u00ea r\u00eay\u00ea de bime<\/span>\u015f<span lang=\"DE\">im.\u201c, \u201eDi v\u00ea pirt\u00fbk\u00ea de min hewl da ku xal\u00ean hevbe<\/span>\u015f\u00a0<span lang=\"DE\">\u00ean hem\u00fb olan, bawer\u00eey\u00ean hevbe<\/span>\u015f\u00a0<span lang=\"DE\">\u00ean hem\u00fb merivan \u00fb nirx\u00ean ku ji al\u00eey\u00ea hem\u00fb kesan \u00fb hem\u00fb neteweyan ve b\u00ean pejirandin dest n\u00ee<\/span>\u015f<span lang=\"DE\">an bikim\u201c<\/span><\/p>\n<p class=\"Standard\" dir=\"ltr\"><span lang=\"DE\">Di roman\u00ea de <\/span>\u00e7<span lang=\"DE\">\u00eeroka zarok\u00ea malbata Brahman\u00a0Siddhartha\u00a0t\u00ea vegotin.\u00a0Siddhartha\u00a0dixwaze bigih\u00eeje agah\u00eeya rastin \u00fb bibe\u00a0Buddha. Ji ber v\u00ea sedem\u00ea ji malbata xwe ya esilzade vediqete tevl\u00ee\u00a0\u00e7\u00eelek\u00ea\u015fan\u00a0 (Samanan) dibe. Gelo ev l\u00eager\u00eena w\u00ee d\u00ea bigih\u00eeje k\u00eejan encam\u00ea?\u00a0\u00a0Hesse\u00a0bersiva v\u00ea pirs\u00ea dide; \u201eMeriv dikare agah\u00eey\u00ea veguhes\u00eene keseka\/\u00ee din\u00ea, l\u00ea aqilmend\u00eey\u00ea na. Aqilmend\u00ee dikare b\u00ea kif\u015fkirin, aqilmend\u00ee dikare bi jiy\u00een, aqilmend\u00ee dikere merivan payebilind bike, aqilmend\u00ee dikare deh\u00eetan (muc\u00eezeyan) derx\u00eene hol\u00ea l\u00ea aqilmend\u00ee nikare b\u00ea vegotin \u00fb f\u00earkirin.\u201c<\/span><\/p>\n","protected":false},"excerpt":{"rendered":"<p dir=\"ltr\" style=\"text-align: center\"><strong>Pirt\u00fbk: S\u00eeddhartha (Evsaneyeke Hind\u00ee)<br \/>\nNiv\u00eeskar: Hermann Hesse<\/strong><br \/>\n<strong>Cure: Roman<\/strong><\/p>\n","protected":false},"featured_media":12507,"template":"","meta":{"site-sidebar-layout":"default","site-content-layout":"","ast-site-content-layout":"default","site-content-style":"default","site-sidebar-style":"default","ast-global-header-display":"","ast-banner-title-visibility":"","ast-main-header-display":"","ast-hfb-above-header-display":"","ast-hfb-below-header-display":"","ast-hfb-mobile-header-display":"","site-post-title":"","ast-breadcrumbs-content":"","ast-featured-img":"","footer-sml-layout":"","ast-disable-related-posts":"","theme-transparent-header-meta":"default","adv-header-id-meta":"","stick-header-meta":"","header-above-stick-meta":"","header-main-stick-meta":"","header-below-stick-meta":"","astra-migrate-meta-layouts":"set","ast-page-background-enabled":"default","ast-page-background-meta":{"desktop":{"background-color":"","background-image":"","background-repeat":"repeat","background-position":"center center","background-size":"auto","background-attachment":"scroll","background-type":"","background-media":"","overlay-type":"","overlay-color":"","overlay-opacity":"","overlay-gradient":""},"tablet":{"background-color":"","background-image":"","background-repeat":"repeat","background-position":"center center","background-size":"auto","background-attachment":"scroll","background-type":"","background-media":"","overlay-type":"","overlay-color":"","overlay-opacity":"","overlay-gradient":""},"mobile":{"background-color":"","background-image":"","background-repeat":"repeat","background-position":"center center","background-size":"auto","background-attachment":"scroll","background-type":"","background-media":"","overlay-type":"","overlay-color":"","overlay-opacity":"","overlay-gradient":""}},"ast-content-background-meta":{"desktop":{"background-color":"var(--ast-global-color-5)","background-image":"","background-repeat":"repeat","background-position":"center center","background-size":"auto","background-attachment":"scroll","background-type":"","background-media":"","overlay-type":"","overlay-color":"","overlay-opacity":"","overlay-gradient":""},"tablet":{"background-color":"var(--ast-global-color-5)","background-image":"","background-repeat":"repeat","background-position":"center center","background-size":"auto","background-attachment":"scroll","background-type":"","background-media":"","overlay-type":"","overlay-color":"","overlay-opacity":"","overlay-gradient":""},"mobile":{"background-color":"var(--ast-global-color-5)","background-image":"","background-repeat":"repeat","background-position":"center center","background-size":"auto","background-attachment":"scroll","background-type":"","background-media":"","overlay-type":"","overlay-color":"","overlay-opacity":"","overlay-gradient":""}}},"product_brand":[],"product_cat":[185,182,193],"product_tag":[],"class_list":{"0":"post-12443","1":"product","2":"type-product","3":"status-publish","4":"has-post-thumbnail","6":"product_cat--_","7":"product_cat-_","9":"pa_-roman","10":"pa_-wejeye-cihani","11":"pa_-hermann-hesse","12":"pa_-kurmanci","13":"pa_--rupel","14":"desktop-align-left","15":"tablet-align-left","16":"mobile-align-left","18":"first","19":"instock","20":"shipping-taxable","21":"purchasable","22":"product-type-simple"},"yoast_head":"<!-- This site is optimized with the Yoast SEO plugin v27.4 - https:\/\/yoast.com\/product\/yoast-seo-wordpress\/ -->\n<title>S\u00eeddhartha (Evsaneyeke Hind\u00ee) - Hermann Hesse - www.shanabooks.de<\/title>\n<meta name=\"description\" content=\"S\u00eeddhartha (Evsaneyeke Hind\u00ee) - Hermann Hesse Siddhartha\u00a0wek\u00ee berhema sereke ya niv\u00eeskar\u00ea xwed\u00eey\u00ea Xelata Nobel\u00ea Hermann Hesse t\u00ea hesibandin...\" \/>\n<meta name=\"robots\" content=\"index, follow, max-snippet:-1, max-image-preview:large, max-video-preview:-1\" \/>\n<link rel=\"canonical\" href=\"https:\/\/shanabooks.de\/product\/siddhartha-evsaneyeke-hindi-hermann-hesse\/\" \/>\n<meta property=\"og:locale\" content=\"de_DE\" \/>\n<meta property=\"og:type\" content=\"article\" \/>\n<meta property=\"og:title\" content=\"S\u00eeddhartha (Evsaneyeke Hind\u00ee) - Hermann Hesse - www.shanabooks.de\" \/>\n<meta property=\"og:description\" content=\"S\u00eeddhartha (Evsaneyeke Hind\u00ee) - Hermann Hesse Siddhartha\u00a0wek\u00ee berhema sereke ya niv\u00eeskar\u00ea xwed\u00eey\u00ea Xelata Nobel\u00ea Hermann Hesse t\u00ea hesibandin...\" \/>\n<meta property=\"og:url\" content=\"https:\/\/shanabooks.de\/product\/siddhartha-evsaneyeke-hindi-hermann-hesse\/\" \/>\n<meta property=\"og:site_name\" content=\"www.shanabooks.de\" \/>\n<meta property=\"article:modified_time\" content=\"2024-03-16T00:29:55+00:00\" \/>\n<meta property=\"og:image\" content=\"https:\/\/shanabooks.de\/wp-content\/uploads\/2024\/03\/Siddhartha.png\" \/>\n\t<meta property=\"og:image:width\" content=\"313\" \/>\n\t<meta property=\"og:image:height\" content=\"475\" \/>\n\t<meta property=\"og:image:type\" content=\"image\/png\" \/>\n<meta name=\"twitter:card\" content=\"summary_large_image\" \/>\n<meta name=\"twitter:label1\" content=\"Gesch\u00e4tzte Lesezeit\" \/>\n\t<meta name=\"twitter:data1\" content=\"2\u00a0Minuten\" \/>\n<script type=\"application\/ld+json\" class=\"yoast-schema-graph\">{\"@context\":\"https:\\\/\\\/schema.org\",\"@graph\":[{\"@type\":\"WebPage\",\"@id\":\"https:\\\/\\\/shanabooks.de\\\/product\\\/siddhartha-evsaneyeke-hindi-hermann-hesse\\\/\",\"url\":\"https:\\\/\\\/shanabooks.de\\\/product\\\/siddhartha-evsaneyeke-hindi-hermann-hesse\\\/\",\"name\":\"S\u00eeddhartha (Evsaneyeke Hind\u00ee) - Hermann Hesse - www.shanabooks.de\",\"isPartOf\":{\"@id\":\"https:\\\/\\\/shanabooks.de\\\/#website\"},\"primaryImageOfPage\":{\"@id\":\"https:\\\/\\\/shanabooks.de\\\/product\\\/siddhartha-evsaneyeke-hindi-hermann-hesse\\\/#primaryimage\"},\"image\":{\"@id\":\"https:\\\/\\\/shanabooks.de\\\/product\\\/siddhartha-evsaneyeke-hindi-hermann-hesse\\\/#primaryimage\"},\"thumbnailUrl\":\"https:\\\/\\\/shanabooks.de\\\/wp-content\\\/uploads\\\/2024\\\/03\\\/Siddhartha.png\",\"datePublished\":\"2024-03-03T19:44:01+00:00\",\"dateModified\":\"2024-03-16T00:29:55+00:00\",\"description\":\"S\u00eeddhartha (Evsaneyeke Hind\u00ee) - Hermann Hesse Siddhartha\u00a0wek\u00ee berhema sereke ya niv\u00eeskar\u00ea xwed\u00eey\u00ea Xelata Nobel\u00ea Hermann Hesse t\u00ea hesibandin...\",\"breadcrumb\":{\"@id\":\"https:\\\/\\\/shanabooks.de\\\/product\\\/siddhartha-evsaneyeke-hindi-hermann-hesse\\\/#breadcrumb\"},\"inLanguage\":\"de\",\"potentialAction\":[{\"@type\":\"ReadAction\",\"target\":[\"https:\\\/\\\/shanabooks.de\\\/product\\\/siddhartha-evsaneyeke-hindi-hermann-hesse\\\/\"]}]},{\"@type\":\"ImageObject\",\"inLanguage\":\"de\",\"@id\":\"https:\\\/\\\/shanabooks.de\\\/product\\\/siddhartha-evsaneyeke-hindi-hermann-hesse\\\/#primaryimage\",\"url\":\"https:\\\/\\\/shanabooks.de\\\/wp-content\\\/uploads\\\/2024\\\/03\\\/Siddhartha.png\",\"contentUrl\":\"https:\\\/\\\/shanabooks.de\\\/wp-content\\\/uploads\\\/2024\\\/03\\\/Siddhartha.png\",\"width\":313,\"height\":475,\"caption\":\"S\u00eeddhartha (Evsaneyeke Hind\u00ee) - Hermann Hesse - pirt\u00fbk\u00ean kurd\u00ee\"},{\"@type\":\"BreadcrumbList\",\"@id\":\"https:\\\/\\\/shanabooks.de\\\/product\\\/siddhartha-evsaneyeke-hindi-hermann-hesse\\\/#breadcrumb\",\"itemListElement\":[{\"@type\":\"ListItem\",\"position\":1,\"name\":\"\u0627\u0644\u0631\u0626\u064a\u0633\u064a\u0629\",\"item\":\"https:\\\/\\\/shanabooks.de\\\/de\\\/\"},{\"@type\":\"ListItem\",\"position\":2,\"name\":\"\u0627\u0644\u0645\u0646\u062a\u062c\u0627\u062a\",\"item\":\"https:\\\/\\\/shanabooks.de\\\/shop\\\/\"},{\"@type\":\"ListItem\",\"position\":3,\"name\":\"S\u00eeddhartha (Evsaneyeke Hind\u00ee)\"}]},{\"@type\":\"WebSite\",\"@id\":\"https:\\\/\\\/shanabooks.de\\\/#website\",\"url\":\"https:\\\/\\\/shanabooks.de\\\/\",\"name\":\"www.shanbooks.de\",\"description\":\"C\u00eehana Pirt\u00fbk\u00ean Kurd\u00ee \u0645\u0643\u062a\u0628\u0629 \u0634\u0627\u0646\u0627 \u0641\u064a \u0627\u0644\u0645\u0627\u0646\u064a\u0627 \u0648\u0623\u0648\u0631\u0628\u0627\",\"publisher\":{\"@id\":\"https:\\\/\\\/shanabooks.de\\\/#organization\"},\"potentialAction\":[{\"@type\":\"SearchAction\",\"target\":{\"@type\":\"EntryPoint\",\"urlTemplate\":\"https:\\\/\\\/shanabooks.de\\\/?s={search_term_string}\"},\"query-input\":{\"@type\":\"PropertyValueSpecification\",\"valueRequired\":true,\"valueName\":\"search_term_string\"}}],\"inLanguage\":\"de\"},{\"@type\":\"Organization\",\"@id\":\"https:\\\/\\\/shanabooks.de\\\/#organization\",\"name\":\"www.shanbooks.de\",\"url\":\"https:\\\/\\\/shanabooks.de\\\/\",\"logo\":{\"@type\":\"ImageObject\",\"inLanguage\":\"de\",\"@id\":\"https:\\\/\\\/shanabooks.de\\\/#\\\/schema\\\/logo\\\/image\\\/\",\"url\":\"https:\\\/\\\/shanabooks.de\\\/wp-content\\\/uploads\\\/2024\\\/03\\\/SHANABOOKS__2_-removebg-preview.png\",\"contentUrl\":\"https:\\\/\\\/shanabooks.de\\\/wp-content\\\/uploads\\\/2024\\\/03\\\/SHANABOOKS__2_-removebg-preview.png\",\"width\":700,\"height\":150,\"caption\":\"www.shanbooks.de\"},\"image\":{\"@id\":\"https:\\\/\\\/shanabooks.de\\\/#\\\/schema\\\/logo\\\/image\\\/\"}}]}<\/script>\n<!-- \/ Yoast SEO plugin. -->","yoast_head_json":{"title":"S\u00eeddhartha (Evsaneyeke Hind\u00ee) - Hermann Hesse - www.shanabooks.de","description":"S\u00eeddhartha (Evsaneyeke Hind\u00ee) - Hermann Hesse Siddhartha\u00a0wek\u00ee berhema sereke ya niv\u00eeskar\u00ea xwed\u00eey\u00ea Xelata Nobel\u00ea Hermann Hesse t\u00ea hesibandin...","robots":{"index":"index","follow":"follow","max-snippet":"max-snippet:-1","max-image-preview":"max-image-preview:large","max-video-preview":"max-video-preview:-1"},"canonical":"https:\/\/shanabooks.de\/product\/siddhartha-evsaneyeke-hindi-hermann-hesse\/","og_locale":"de_DE","og_type":"article","og_title":"S\u00eeddhartha (Evsaneyeke Hind\u00ee) - Hermann Hesse - www.shanabooks.de","og_description":"S\u00eeddhartha (Evsaneyeke Hind\u00ee) - Hermann Hesse Siddhartha\u00a0wek\u00ee berhema sereke ya niv\u00eeskar\u00ea xwed\u00eey\u00ea Xelata Nobel\u00ea Hermann Hesse t\u00ea hesibandin...","og_url":"https:\/\/shanabooks.de\/product\/siddhartha-evsaneyeke-hindi-hermann-hesse\/","og_site_name":"www.shanabooks.de","article_modified_time":"2024-03-16T00:29:55+00:00","og_image":[{"width":313,"height":475,"url":"https:\/\/shanabooks.de\/wp-content\/uploads\/2024\/03\/Siddhartha.png","type":"image\/png"}],"twitter_card":"summary_large_image","twitter_misc":{"Gesch\u00e4tzte Lesezeit":"2\u00a0Minuten"},"schema":{"@context":"https:\/\/schema.org","@graph":[{"@type":"WebPage","@id":"https:\/\/shanabooks.de\/product\/siddhartha-evsaneyeke-hindi-hermann-hesse\/","url":"https:\/\/shanabooks.de\/product\/siddhartha-evsaneyeke-hindi-hermann-hesse\/","name":"S\u00eeddhartha (Evsaneyeke Hind\u00ee) - Hermann Hesse - www.shanabooks.de","isPartOf":{"@id":"https:\/\/shanabooks.de\/#website"},"primaryImageOfPage":{"@id":"https:\/\/shanabooks.de\/product\/siddhartha-evsaneyeke-hindi-hermann-hesse\/#primaryimage"},"image":{"@id":"https:\/\/shanabooks.de\/product\/siddhartha-evsaneyeke-hindi-hermann-hesse\/#primaryimage"},"thumbnailUrl":"https:\/\/shanabooks.de\/wp-content\/uploads\/2024\/03\/Siddhartha.png","datePublished":"2024-03-03T19:44:01+00:00","dateModified":"2024-03-16T00:29:55+00:00","description":"S\u00eeddhartha (Evsaneyeke Hind\u00ee) - Hermann Hesse Siddhartha\u00a0wek\u00ee berhema sereke ya niv\u00eeskar\u00ea xwed\u00eey\u00ea Xelata Nobel\u00ea Hermann Hesse t\u00ea hesibandin...","breadcrumb":{"@id":"https:\/\/shanabooks.de\/product\/siddhartha-evsaneyeke-hindi-hermann-hesse\/#breadcrumb"},"inLanguage":"de","potentialAction":[{"@type":"ReadAction","target":["https:\/\/shanabooks.de\/product\/siddhartha-evsaneyeke-hindi-hermann-hesse\/"]}]},{"@type":"ImageObject","inLanguage":"de","@id":"https:\/\/shanabooks.de\/product\/siddhartha-evsaneyeke-hindi-hermann-hesse\/#primaryimage","url":"https:\/\/shanabooks.de\/wp-content\/uploads\/2024\/03\/Siddhartha.png","contentUrl":"https:\/\/shanabooks.de\/wp-content\/uploads\/2024\/03\/Siddhartha.png","width":313,"height":475,"caption":"S\u00eeddhartha (Evsaneyeke Hind\u00ee) - Hermann Hesse - pirt\u00fbk\u00ean kurd\u00ee"},{"@type":"BreadcrumbList","@id":"https:\/\/shanabooks.de\/product\/siddhartha-evsaneyeke-hindi-hermann-hesse\/#breadcrumb","itemListElement":[{"@type":"ListItem","position":1,"name":"\u0627\u0644\u0631\u0626\u064a\u0633\u064a\u0629","item":"https:\/\/shanabooks.de\/de\/"},{"@type":"ListItem","position":2,"name":"\u0627\u0644\u0645\u0646\u062a\u062c\u0627\u062a","item":"https:\/\/shanabooks.de\/shop\/"},{"@type":"ListItem","position":3,"name":"S\u00eeddhartha (Evsaneyeke Hind\u00ee)"}]},{"@type":"WebSite","@id":"https:\/\/shanabooks.de\/#website","url":"https:\/\/shanabooks.de\/","name":"www.shanbooks.de","description":"C\u00eehana Pirt\u00fbk\u00ean Kurd\u00ee \u0645\u0643\u062a\u0628\u0629 \u0634\u0627\u0646\u0627 \u0641\u064a \u0627\u0644\u0645\u0627\u0646\u064a\u0627 \u0648\u0623\u0648\u0631\u0628\u0627","publisher":{"@id":"https:\/\/shanabooks.de\/#organization"},"potentialAction":[{"@type":"SearchAction","target":{"@type":"EntryPoint","urlTemplate":"https:\/\/shanabooks.de\/?s={search_term_string}"},"query-input":{"@type":"PropertyValueSpecification","valueRequired":true,"valueName":"search_term_string"}}],"inLanguage":"de"},{"@type":"Organization","@id":"https:\/\/shanabooks.de\/#organization","name":"www.shanbooks.de","url":"https:\/\/shanabooks.de\/","logo":{"@type":"ImageObject","inLanguage":"de","@id":"https:\/\/shanabooks.de\/#\/schema\/logo\/image\/","url":"https:\/\/shanabooks.de\/wp-content\/uploads\/2024\/03\/SHANABOOKS__2_-removebg-preview.png","contentUrl":"https:\/\/shanabooks.de\/wp-content\/uploads\/2024\/03\/SHANABOOKS__2_-removebg-preview.png","width":700,"height":150,"caption":"www.shanbooks.de"},"image":{"@id":"https:\/\/shanabooks.de\/#\/schema\/logo\/image\/"}}]}},"jetpack_sharing_enabled":true,"_links":{"self":[{"href":"https:\/\/shanabooks.de\/de\/wp-json\/wp\/v2\/product\/12443","targetHints":{"allow":["GET"]}}],"collection":[{"href":"https:\/\/shanabooks.de\/de\/wp-json\/wp\/v2\/product"}],"about":[{"href":"https:\/\/shanabooks.de\/de\/wp-json\/wp\/v2\/types\/product"}],"version-history":[{"count":3,"href":"https:\/\/shanabooks.de\/de\/wp-json\/wp\/v2\/product\/12443\/revisions"}],"predecessor-version":[{"id":18790,"href":"https:\/\/shanabooks.de\/de\/wp-json\/wp\/v2\/product\/12443\/revisions\/18790"}],"wp:featuredmedia":[{"embeddable":true,"href":"https:\/\/shanabooks.de\/de\/wp-json\/wp\/v2\/media\/12507"}],"wp:attachment":[{"href":"https:\/\/shanabooks.de\/de\/wp-json\/wp\/v2\/media?parent=12443"}],"wp:term":[{"taxonomy":"product_brand","embeddable":true,"href":"https:\/\/shanabooks.de\/de\/wp-json\/wp\/v2\/product_brand?post=12443"},{"taxonomy":"product_cat","embeddable":true,"href":"https:\/\/shanabooks.de\/de\/wp-json\/wp\/v2\/product_cat?post=12443"},{"taxonomy":"product_tag","embeddable":true,"href":"https:\/\/shanabooks.de\/de\/wp-json\/wp\/v2\/product_tag?post=12443"}],"curies":[{"name":"wp","href":"https:\/\/api.w.org\/{rel}","templated":true}]}}