{"id":12480,"date":"2024-03-03T19:44:24","date_gmt":"2024-03-03T19:44:24","guid":{"rendered":"https:\/\/shanabooks.de\/?post_type=product&#038;p=12480"},"modified":"2025-12-28T16:04:20","modified_gmt":"2025-12-28T16:04:20","slug":"%d8%a7%d9%84%d8%a3%d8%a8%d9%84%d9%87-1-%d8%af%d9%88%d8%b3%d8%aa%d9%88%d9%8a%d9%81%d8%b3%d9%83%d9%8a","status":"publish","type":"product","link":"https:\/\/shanabooks.de\/de\/product\/%d8%a7%d9%84%d8%a3%d8%a8%d9%84%d9%87-1-%d8%af%d9%88%d8%b3%d8%aa%d9%88%d9%8a%d9%81%d8%b3%d9%83%d9%8a\/","title":{"rendered":"\u0627\u0644\u0623\u0628\u0644\u0647 1"},"content":{"rendered":"<p><strong>\u0627\u0644\u0623\u0628\u0644\u0647 1 &#8211; \u062f\u0648\u0633\u062a\u0648\u064a\u0641\u0633\u0643\u064a<\/strong><br \/>\n\u062a\u062a\u062d\u062f\u062b \u0639\u0646 \u0627\u0644\u0623\u0645\u064a\u0631 \u0645\u0634\u0643\u064a\u0646 _\u0648 \u0647\u0648 \u0623\u0645\u064a\u0631 \u0644\u0623\u0646\u0647 \u064a\u0646\u062d\u062f\u0631 \u0645\u0646 \u0639\u0627\u0626\u0644\u0629 \u0646\u0628\u064a\u0644\u0629\u060c \u0628\u064a\u062f \u0623\u0646\u0647 \u0641\u0642\u064a\u0631 \u0644\u0627 \u064a\u0645\u0644\u0643 \u0634\u0631\u0648\u0649 \u0646\u0642\u064a\u0631_ \u0628\u0633\u064a\u0637 \u0637\u064a\u0628 \u0627\u0644\u0642\u0644\u0628 \u062c\u0645\u064a\u0644 \u0627\u0644\u0631\u0648\u062d \u0648 \u0634\u0641\u064a\u0641\u060c \u0645\u062b\u0627\u0644\u064a \u062d\u062f \u0627\u0644\u0633\u0630\u0627\u062c\u0629 \u0644\u0627 \u064a\u0639\u0631\u0641 \u0627\u0644\u0646\u0641\u0627\u0642 \u0648 \u0627\u0644\u0643\u0630\u0628 \u0648 \u0627\u0644\u062e\u062f\u0627\u0639 \u0648 \u0644\u0627 \u062a\u0639\u0646\u064a\u0647 \u0627\u0644\u0645\u0627\u062f\u0629\u060c \u0633\u0645\u062d \u062f\u0645\u062b \u0644\u0637\u064a\u0641 \u0627\u0644\u0645\u0639\u0634\u0631&#8230; \u0648 \u0647\u0630\u0627 \u0645\u0627 \u062c\u0639\u0644\u0647 \u0623\u0628\u0644\u0647\u0627 \u0628\u062d\u0633\u0628 \u062a\u0639\u0631\u064a\u0641 \u0627\u0644\u0645\u062c\u062a\u0645\u0639.. \u062f\u0648\u0633\u062a\u0648\u064a\u0641\u0633\u0643\u064a \u064a\u062d\u0642 \u0644\u0646\u0627 \u062a\u0633\u0645\u064a\u062a\u0647 &#8222;\u0631\u0627\u0626\u062f&#8220; \u0641\u0646 \u0627\u0644\u0631\u0648\u0627\u064a\u0629 \u0628\u0645\u0641\u0647\u0648\u0645\u0647\u0627 \u0627\u0644\u0634\u0627\u0645\u0644\u060c \u062a\u0645\u0643\u0651\u0646 \u0645\u0646 \u062e\u0644\u0627\u0644 \u0631\u0648\u0627\u064a\u0627\u062a\u0647 \u0627\u0644\u0648\u0644\u0648\u062c \u0644\u0639\u0645\u0642 \u0627\u0644\u0646\u0641\u0633 \u0627\u0644\u0625\u0646\u0633\u0627\u0646\u064a\u0629 \u0639\u0628\u0631 \u0625\u062f\u0631\u0627\u0643 \u062a\u0641\u0627\u0639\u0644\u0627\u062a\u0647\u0627 \u062a\u062c\u0627\u0647 \u0627\u0644\u062a\u0623\u062b\u064a\u0631\u0627\u062a \u0627\u0644\u0639\u0627\u0637\u0641\u064a\u0629<\/p>\n","protected":false},"excerpt":{"rendered":"<p style=\"text-align: center;\"><strong>\u0627\u0644\u0643\u062a\u0627\u0628: \u0627\u0644\u0623\u0628\u0644\u0647 \u0627\u0644\u062c\u0632\u0621 \u0627\u0644\u0623\u0648\u0644<br \/>\n\u0627\u0644\u0643\u0627\u062a\u0628: \u062f\u0648\u0633\u062a\u0648\u0641\u064a\u0633\u0643\u064a<\/strong><br \/>\n<strong>\u0627\u0644\u0646\u0648\u0639: \u0631\u0648\u0627\u064a\u0629<\/strong><\/p>\n","protected":false},"featured_media":5223,"template":"","meta":{"site-sidebar-layout":"default","site-content-layout":"","ast-site-content-layout":"default","site-content-style":"default","site-sidebar-style":"default","ast-global-header-display":"","ast-banner-title-visibility":"","ast-main-header-display":"","ast-hfb-above-header-display":"","ast-hfb-below-header-display":"","ast-hfb-mobile-header-display":"","site-post-title":"","ast-breadcrumbs-content":"","ast-featured-img":"","footer-sml-layout":"","ast-disable-related-posts":"","theme-transparent-header-meta":"default","adv-header-id-meta":"","stick-header-meta":"","header-above-stick-meta":"","header-main-stick-meta":"","header-below-stick-meta":"","astra-migrate-meta-layouts":"set","ast-page-background-enabled":"default","ast-page-background-meta":{"desktop":{"background-color":"","background-image":"","background-repeat":"repeat","background-position":"center center","background-size":"auto","background-attachment":"scroll","background-type":"","background-media":"","overlay-type":"","overlay-color":"","overlay-opacity":"","overlay-gradient":""},"tablet":{"background-color":"","background-image":"","background-repeat":"repeat","background-position":"center center","background-size":"auto","background-attachment":"scroll","background-type":"","background-media":"","overlay-type":"","overlay-color":"","overlay-opacity":"","overlay-gradient":""},"mobile":{"background-color":"","background-image":"","background-repeat":"repeat","background-position":"center center","background-size":"auto","background-attachment":"scroll","background-type":"","background-media":"","overlay-type":"","overlay-color":"","overlay-opacity":"","overlay-gradient":""}},"ast-content-background-meta":{"desktop":{"background-color":"var(--ast-global-color-5)","background-image":"","background-repeat":"repeat","background-position":"center center","background-size":"auto","background-attachment":"scroll","background-type":"","background-media":"","overlay-type":"","overlay-color":"","overlay-opacity":"","overlay-gradient":""},"tablet":{"background-color":"var(--ast-global-color-5)","background-image":"","background-repeat":"repeat","background-position":"center center","background-size":"auto","background-attachment":"scroll","background-type":"","background-media":"","overlay-type":"","overlay-color":"","overlay-opacity":"","overlay-gradient":""},"mobile":{"background-color":"var(--ast-global-color-5)","background-image":"","background-repeat":"repeat","background-position":"center center","background-size":"auto","background-attachment":"scroll","background-type":"","background-media":"","overlay-type":"","overlay-color":"","overlay-opacity":"","overlay-gradient":""}}},"product_brand":[],"product_cat":[165,192],"product_tag":[],"class_list":{"0":"post-12480","1":"product","2":"type-product","3":"status-publish","4":"has-post-thumbnail","6":"product_cat-165","7":"product_cat-192","8":"pa_-156","9":"pa_-1181","10":"pa_-1200","11":"pa_-347","12":"pa_--1199","13":"desktop-align-left","14":"tablet-align-left","15":"mobile-align-left","17":"first","18":"instock","19":"shipping-taxable","20":"purchasable","21":"product-type-simple"},"yoast_head":"<!-- This site is optimized with the Yoast SEO plugin v27.4 - https:\/\/yoast.com\/product\/yoast-seo-wordpress\/ -->\n<title>\u0627\u0644\u0623\u0628\u0644\u0647 1 - \u062f\u0648\u0633\u062a\u0648\u064a\u0641\u0633\u0643\u064a - www.shanabooks.de<\/title>\n<meta name=\"description\" content=\"\u0627\u0644\u0623\u0628\u0644\u0647 1 - \u062f\u0648\u0633\u062a\u0648\u064a\u0641\u0633\u0643\u064a \u062a\u062a\u062d\u062f\u062b \u0639\u0646 \u0627\u0644\u0623\u0645\u064a\u0631 \u0645\u0634\u0643\u064a\u0646 _\u0648 \u0647\u0648 \u0623\u0645\u064a\u0631 \u0644\u0623\u0646\u0647 \u064a\u0646\u062d\u062f\u0631 \u0645\u0646 \u0639\u0627\u0626\u0644\u0629 \u0646\u0628\u064a\u0644\u0629\u060c \u0628\u064a\u062f \u0623\u0646\u0647 \u0641\u0642\u064a\u0631 \u0644\u0627 \u064a\u0645\u0644\u0643 \u0634\u0631\u0648\u0649 \u0646\u0642\u064a\u0631_ \u0628\u0633\u064a\u0637 \u0637\u064a\u0628 \u0627\u0644\u0642\u0644\u0628 \u062c\u0645\u064a\u0644 \u0627\u0644\u0631\u0648\u062d \u0648 \u0634\u0641\u064a\u0641\u060c \u0645\u062b\u0627\u0644\u064a...\" \/>\n<meta name=\"robots\" content=\"index, follow, max-snippet:-1, max-image-preview:large, max-video-preview:-1\" \/>\n<link rel=\"canonical\" href=\"https:\/\/shanabooks.de\/product\/\u0627\u0644\u0623\u0628\u0644\u0647-1-\u062f\u0648\u0633\u062a\u0648\u064a\u0641\u0633\u0643\u064a\/\" \/>\n<meta property=\"og:locale\" content=\"de_DE\" \/>\n<meta property=\"og:type\" content=\"article\" \/>\n<meta property=\"og:title\" content=\"\u0627\u0644\u0623\u0628\u0644\u0647 1 - \u062f\u0648\u0633\u062a\u0648\u064a\u0641\u0633\u0643\u064a - www.shanabooks.de\" \/>\n<meta property=\"og:description\" content=\"\u0627\u0644\u0623\u0628\u0644\u0647 1 - \u062f\u0648\u0633\u062a\u0648\u064a\u0641\u0633\u0643\u064a \u062a\u062a\u062d\u062f\u062b \u0639\u0646 \u0627\u0644\u0623\u0645\u064a\u0631 \u0645\u0634\u0643\u064a\u0646 _\u0648 \u0647\u0648 \u0623\u0645\u064a\u0631 \u0644\u0623\u0646\u0647 \u064a\u0646\u062d\u062f\u0631 \u0645\u0646 \u0639\u0627\u0626\u0644\u0629 \u0646\u0628\u064a\u0644\u0629\u060c \u0628\u064a\u062f \u0623\u0646\u0647 \u0641\u0642\u064a\u0631 \u0644\u0627 \u064a\u0645\u0644\u0643 \u0634\u0631\u0648\u0649 \u0646\u0642\u064a\u0631_ \u0628\u0633\u064a\u0637 \u0637\u064a\u0628 \u0627\u0644\u0642\u0644\u0628 \u062c\u0645\u064a\u0644 \u0627\u0644\u0631\u0648\u062d \u0648 \u0634\u0641\u064a\u0641\u060c \u0645\u062b\u0627\u0644\u064a...\" \/>\n<meta property=\"og:url\" content=\"https:\/\/shanabooks.de\/product\/\u0627\u0644\u0623\u0628\u0644\u0647-1-\u062f\u0648\u0633\u062a\u0648\u064a\u0641\u0633\u0643\u064a\/\" \/>\n<meta property=\"og:site_name\" content=\"www.shanabooks.de\" \/>\n<meta property=\"article:modified_time\" content=\"2025-12-28T16:04:20+00:00\" \/>\n<meta property=\"og:image\" content=\"https:\/\/shanabooks.de\/wp-content\/uploads\/2024\/01\/\u0627\u0644\u0623\u0628\u0644\u0647-1.png\" \/>\n\t<meta property=\"og:image:width\" content=\"302\" \/>\n\t<meta property=\"og:image:height\" content=\"475\" \/>\n\t<meta property=\"og:image:type\" content=\"image\/png\" \/>\n<meta name=\"twitter:card\" content=\"summary_large_image\" \/>\n<meta name=\"twitter:label1\" content=\"Gesch\u00e4tzte Lesezeit\" \/>\n\t<meta name=\"twitter:data1\" content=\"1\u00a0Minute\" \/>\n<script type=\"application\/ld+json\" class=\"yoast-schema-graph\">{\"@context\":\"https:\\\/\\\/schema.org\",\"@graph\":[{\"@type\":\"WebPage\",\"@id\":\"https:\\\/\\\/shanabooks.de\\\/product\\\/%d8%a7%d9%84%d8%a3%d8%a8%d9%84%d9%87-1-%d8%af%d9%88%d8%b3%d8%aa%d9%88%d9%8a%d9%81%d8%b3%d9%83%d9%8a\\\/\",\"url\":\"https:\\\/\\\/shanabooks.de\\\/product\\\/%d8%a7%d9%84%d8%a3%d8%a8%d9%84%d9%87-1-%d8%af%d9%88%d8%b3%d8%aa%d9%88%d9%8a%d9%81%d8%b3%d9%83%d9%8a\\\/\",\"name\":\"\u0627\u0644\u0623\u0628\u0644\u0647 1 - \u062f\u0648\u0633\u062a\u0648\u064a\u0641\u0633\u0643\u064a - www.shanabooks.de\",\"isPartOf\":{\"@id\":\"https:\\\/\\\/shanabooks.de\\\/#website\"},\"primaryImageOfPage\":{\"@id\":\"https:\\\/\\\/shanabooks.de\\\/product\\\/%d8%a7%d9%84%d8%a3%d8%a8%d9%84%d9%87-1-%d8%af%d9%88%d8%b3%d8%aa%d9%88%d9%8a%d9%81%d8%b3%d9%83%d9%8a\\\/#primaryimage\"},\"image\":{\"@id\":\"https:\\\/\\\/shanabooks.de\\\/product\\\/%d8%a7%d9%84%d8%a3%d8%a8%d9%84%d9%87-1-%d8%af%d9%88%d8%b3%d8%aa%d9%88%d9%8a%d9%81%d8%b3%d9%83%d9%8a\\\/#primaryimage\"},\"thumbnailUrl\":\"https:\\\/\\\/shanabooks.de\\\/wp-content\\\/uploads\\\/2024\\\/01\\\/\u0627\u0644\u0623\u0628\u0644\u0647-1.png\",\"datePublished\":\"2024-03-03T19:44:24+00:00\",\"dateModified\":\"2025-12-28T16:04:20+00:00\",\"description\":\"\u0627\u0644\u0623\u0628\u0644\u0647 1 - \u062f\u0648\u0633\u062a\u0648\u064a\u0641\u0633\u0643\u064a \u062a\u062a\u062d\u062f\u062b \u0639\u0646 \u0627\u0644\u0623\u0645\u064a\u0631 \u0645\u0634\u0643\u064a\u0646 _\u0648 \u0647\u0648 \u0623\u0645\u064a\u0631 \u0644\u0623\u0646\u0647 \u064a\u0646\u062d\u062f\u0631 \u0645\u0646 \u0639\u0627\u0626\u0644\u0629 \u0646\u0628\u064a\u0644\u0629\u060c \u0628\u064a\u062f \u0623\u0646\u0647 \u0641\u0642\u064a\u0631 \u0644\u0627 \u064a\u0645\u0644\u0643 \u0634\u0631\u0648\u0649 \u0646\u0642\u064a\u0631_ \u0628\u0633\u064a\u0637 \u0637\u064a\u0628 \u0627\u0644\u0642\u0644\u0628 \u062c\u0645\u064a\u0644 \u0627\u0644\u0631\u0648\u062d \u0648 \u0634\u0641\u064a\u0641\u060c \u0645\u062b\u0627\u0644\u064a...\",\"breadcrumb\":{\"@id\":\"https:\\\/\\\/shanabooks.de\\\/product\\\/%d8%a7%d9%84%d8%a3%d8%a8%d9%84%d9%87-1-%d8%af%d9%88%d8%b3%d8%aa%d9%88%d9%8a%d9%81%d8%b3%d9%83%d9%8a\\\/#breadcrumb\"},\"inLanguage\":\"de\",\"potentialAction\":[{\"@type\":\"ReadAction\",\"target\":[\"https:\\\/\\\/shanabooks.de\\\/product\\\/%d8%a7%d9%84%d8%a3%d8%a8%d9%84%d9%87-1-%d8%af%d9%88%d8%b3%d8%aa%d9%88%d9%8a%d9%81%d8%b3%d9%83%d9%8a\\\/\"]}]},{\"@type\":\"ImageObject\",\"inLanguage\":\"de\",\"@id\":\"https:\\\/\\\/shanabooks.de\\\/product\\\/%d8%a7%d9%84%d8%a3%d8%a8%d9%84%d9%87-1-%d8%af%d9%88%d8%b3%d8%aa%d9%88%d9%8a%d9%81%d8%b3%d9%83%d9%8a\\\/#primaryimage\",\"url\":\"https:\\\/\\\/shanabooks.de\\\/wp-content\\\/uploads\\\/2024\\\/01\\\/\u0627\u0644\u0623\u0628\u0644\u0647-1.png\",\"contentUrl\":\"https:\\\/\\\/shanabooks.de\\\/wp-content\\\/uploads\\\/2024\\\/01\\\/\u0627\u0644\u0623\u0628\u0644\u0647-1.png\",\"width\":302,\"height\":475,\"caption\":\"\u0627\u0644\u0623\u0628\u0644\u0647 1 - \u062f\u0648\u0633\u062a\u0648\u064a\u0641\u0633\u0643\u064a - \u0643\u062a\u0628 \u0639\u0631\u0628\u064a\u0629 - \u0631\u0648\u0627\u064a\u0629\"},{\"@type\":\"BreadcrumbList\",\"@id\":\"https:\\\/\\\/shanabooks.de\\\/product\\\/%d8%a7%d9%84%d8%a3%d8%a8%d9%84%d9%87-1-%d8%af%d9%88%d8%b3%d8%aa%d9%88%d9%8a%d9%81%d8%b3%d9%83%d9%8a\\\/#breadcrumb\",\"itemListElement\":[{\"@type\":\"ListItem\",\"position\":1,\"name\":\"\u0627\u0644\u0631\u0626\u064a\u0633\u064a\u0629\",\"item\":\"https:\\\/\\\/shanabooks.de\\\/de\\\/\"},{\"@type\":\"ListItem\",\"position\":2,\"name\":\"\u0627\u0644\u0645\u0646\u062a\u062c\u0627\u062a\",\"item\":\"https:\\\/\\\/shanabooks.de\\\/shop\\\/\"},{\"@type\":\"ListItem\",\"position\":3,\"name\":\"\u0627\u0644\u0623\u0628\u0644\u0647 1\"}]},{\"@type\":\"WebSite\",\"@id\":\"https:\\\/\\\/shanabooks.de\\\/#website\",\"url\":\"https:\\\/\\\/shanabooks.de\\\/\",\"name\":\"www.shanbooks.de\",\"description\":\"C\u00eehana Pirt\u00fbk\u00ean Kurd\u00ee \u0645\u0643\u062a\u0628\u0629 \u0634\u0627\u0646\u0627 \u0641\u064a \u0627\u0644\u0645\u0627\u0646\u064a\u0627 \u0648\u0623\u0648\u0631\u0628\u0627\",\"publisher\":{\"@id\":\"https:\\\/\\\/shanabooks.de\\\/#organization\"},\"potentialAction\":[{\"@type\":\"SearchAction\",\"target\":{\"@type\":\"EntryPoint\",\"urlTemplate\":\"https:\\\/\\\/shanabooks.de\\\/?s={search_term_string}\"},\"query-input\":{\"@type\":\"PropertyValueSpecification\",\"valueRequired\":true,\"valueName\":\"search_term_string\"}}],\"inLanguage\":\"de\"},{\"@type\":\"Organization\",\"@id\":\"https:\\\/\\\/shanabooks.de\\\/#organization\",\"name\":\"www.shanbooks.de\",\"url\":\"https:\\\/\\\/shanabooks.de\\\/\",\"logo\":{\"@type\":\"ImageObject\",\"inLanguage\":\"de\",\"@id\":\"https:\\\/\\\/shanabooks.de\\\/#\\\/schema\\\/logo\\\/image\\\/\",\"url\":\"https:\\\/\\\/shanabooks.de\\\/wp-content\\\/uploads\\\/2024\\\/03\\\/SHANABOOKS__2_-removebg-preview.png\",\"contentUrl\":\"https:\\\/\\\/shanabooks.de\\\/wp-content\\\/uploads\\\/2024\\\/03\\\/SHANABOOKS__2_-removebg-preview.png\",\"width\":700,\"height\":150,\"caption\":\"www.shanbooks.de\"},\"image\":{\"@id\":\"https:\\\/\\\/shanabooks.de\\\/#\\\/schema\\\/logo\\\/image\\\/\"}}]}<\/script>\n<!-- \/ Yoast SEO plugin. -->","yoast_head_json":{"title":"\u0627\u0644\u0623\u0628\u0644\u0647 1 - \u062f\u0648\u0633\u062a\u0648\u064a\u0641\u0633\u0643\u064a - www.shanabooks.de","description":"\u0627\u0644\u0623\u0628\u0644\u0647 1 - \u062f\u0648\u0633\u062a\u0648\u064a\u0641\u0633\u0643\u064a \u062a\u062a\u062d\u062f\u062b \u0639\u0646 \u0627\u0644\u0623\u0645\u064a\u0631 \u0645\u0634\u0643\u064a\u0646 _\u0648 \u0647\u0648 \u0623\u0645\u064a\u0631 \u0644\u0623\u0646\u0647 \u064a\u0646\u062d\u062f\u0631 \u0645\u0646 \u0639\u0627\u0626\u0644\u0629 \u0646\u0628\u064a\u0644\u0629\u060c \u0628\u064a\u062f \u0623\u0646\u0647 \u0641\u0642\u064a\u0631 \u0644\u0627 \u064a\u0645\u0644\u0643 \u0634\u0631\u0648\u0649 \u0646\u0642\u064a\u0631_ \u0628\u0633\u064a\u0637 \u0637\u064a\u0628 \u0627\u0644\u0642\u0644\u0628 \u062c\u0645\u064a\u0644 \u0627\u0644\u0631\u0648\u062d \u0648 \u0634\u0641\u064a\u0641\u060c \u0645\u062b\u0627\u0644\u064a...","robots":{"index":"index","follow":"follow","max-snippet":"max-snippet:-1","max-image-preview":"max-image-preview:large","max-video-preview":"max-video-preview:-1"},"canonical":"https:\/\/shanabooks.de\/product\/\u0627\u0644\u0623\u0628\u0644\u0647-1-\u062f\u0648\u0633\u062a\u0648\u064a\u0641\u0633\u0643\u064a\/","og_locale":"de_DE","og_type":"article","og_title":"\u0627\u0644\u0623\u0628\u0644\u0647 1 - \u062f\u0648\u0633\u062a\u0648\u064a\u0641\u0633\u0643\u064a - www.shanabooks.de","og_description":"\u0627\u0644\u0623\u0628\u0644\u0647 1 - \u062f\u0648\u0633\u062a\u0648\u064a\u0641\u0633\u0643\u064a \u062a\u062a\u062d\u062f\u062b \u0639\u0646 \u0627\u0644\u0623\u0645\u064a\u0631 \u0645\u0634\u0643\u064a\u0646 _\u0648 \u0647\u0648 \u0623\u0645\u064a\u0631 \u0644\u0623\u0646\u0647 \u064a\u0646\u062d\u062f\u0631 \u0645\u0646 \u0639\u0627\u0626\u0644\u0629 \u0646\u0628\u064a\u0644\u0629\u060c \u0628\u064a\u062f \u0623\u0646\u0647 \u0641\u0642\u064a\u0631 \u0644\u0627 \u064a\u0645\u0644\u0643 \u0634\u0631\u0648\u0649 \u0646\u0642\u064a\u0631_ \u0628\u0633\u064a\u0637 \u0637\u064a\u0628 \u0627\u0644\u0642\u0644\u0628 \u062c\u0645\u064a\u0644 \u0627\u0644\u0631\u0648\u062d \u0648 \u0634\u0641\u064a\u0641\u060c \u0645\u062b\u0627\u0644\u064a...","og_url":"https:\/\/shanabooks.de\/product\/\u0627\u0644\u0623\u0628\u0644\u0647-1-\u062f\u0648\u0633\u062a\u0648\u064a\u0641\u0633\u0643\u064a\/","og_site_name":"www.shanabooks.de","article_modified_time":"2025-12-28T16:04:20+00:00","og_image":[{"width":302,"height":475,"url":"https:\/\/shanabooks.de\/wp-content\/uploads\/2024\/01\/\u0627\u0644\u0623\u0628\u0644\u0647-1.png","type":"image\/png"}],"twitter_card":"summary_large_image","twitter_misc":{"Gesch\u00e4tzte Lesezeit":"1\u00a0Minute"},"schema":{"@context":"https:\/\/schema.org","@graph":[{"@type":"WebPage","@id":"https:\/\/shanabooks.de\/product\/%d8%a7%d9%84%d8%a3%d8%a8%d9%84%d9%87-1-%d8%af%d9%88%d8%b3%d8%aa%d9%88%d9%8a%d9%81%d8%b3%d9%83%d9%8a\/","url":"https:\/\/shanabooks.de\/product\/%d8%a7%d9%84%d8%a3%d8%a8%d9%84%d9%87-1-%d8%af%d9%88%d8%b3%d8%aa%d9%88%d9%8a%d9%81%d8%b3%d9%83%d9%8a\/","name":"\u0627\u0644\u0623\u0628\u0644\u0647 1 - \u062f\u0648\u0633\u062a\u0648\u064a\u0641\u0633\u0643\u064a - www.shanabooks.de","isPartOf":{"@id":"https:\/\/shanabooks.de\/#website"},"primaryImageOfPage":{"@id":"https:\/\/shanabooks.de\/product\/%d8%a7%d9%84%d8%a3%d8%a8%d9%84%d9%87-1-%d8%af%d9%88%d8%b3%d8%aa%d9%88%d9%8a%d9%81%d8%b3%d9%83%d9%8a\/#primaryimage"},"image":{"@id":"https:\/\/shanabooks.de\/product\/%d8%a7%d9%84%d8%a3%d8%a8%d9%84%d9%87-1-%d8%af%d9%88%d8%b3%d8%aa%d9%88%d9%8a%d9%81%d8%b3%d9%83%d9%8a\/#primaryimage"},"thumbnailUrl":"https:\/\/shanabooks.de\/wp-content\/uploads\/2024\/01\/\u0627\u0644\u0623\u0628\u0644\u0647-1.png","datePublished":"2024-03-03T19:44:24+00:00","dateModified":"2025-12-28T16:04:20+00:00","description":"\u0627\u0644\u0623\u0628\u0644\u0647 1 - \u062f\u0648\u0633\u062a\u0648\u064a\u0641\u0633\u0643\u064a \u062a\u062a\u062d\u062f\u062b \u0639\u0646 \u0627\u0644\u0623\u0645\u064a\u0631 \u0645\u0634\u0643\u064a\u0646 _\u0648 \u0647\u0648 \u0623\u0645\u064a\u0631 \u0644\u0623\u0646\u0647 \u064a\u0646\u062d\u062f\u0631 \u0645\u0646 \u0639\u0627\u0626\u0644\u0629 \u0646\u0628\u064a\u0644\u0629\u060c \u0628\u064a\u062f \u0623\u0646\u0647 \u0641\u0642\u064a\u0631 \u0644\u0627 \u064a\u0645\u0644\u0643 \u0634\u0631\u0648\u0649 \u0646\u0642\u064a\u0631_ \u0628\u0633\u064a\u0637 \u0637\u064a\u0628 \u0627\u0644\u0642\u0644\u0628 \u062c\u0645\u064a\u0644 \u0627\u0644\u0631\u0648\u062d \u0648 \u0634\u0641\u064a\u0641\u060c \u0645\u062b\u0627\u0644\u064a...","breadcrumb":{"@id":"https:\/\/shanabooks.de\/product\/%d8%a7%d9%84%d8%a3%d8%a8%d9%84%d9%87-1-%d8%af%d9%88%d8%b3%d8%aa%d9%88%d9%8a%d9%81%d8%b3%d9%83%d9%8a\/#breadcrumb"},"inLanguage":"de","potentialAction":[{"@type":"ReadAction","target":["https:\/\/shanabooks.de\/product\/%d8%a7%d9%84%d8%a3%d8%a8%d9%84%d9%87-1-%d8%af%d9%88%d8%b3%d8%aa%d9%88%d9%8a%d9%81%d8%b3%d9%83%d9%8a\/"]}]},{"@type":"ImageObject","inLanguage":"de","@id":"https:\/\/shanabooks.de\/product\/%d8%a7%d9%84%d8%a3%d8%a8%d9%84%d9%87-1-%d8%af%d9%88%d8%b3%d8%aa%d9%88%d9%8a%d9%81%d8%b3%d9%83%d9%8a\/#primaryimage","url":"https:\/\/shanabooks.de\/wp-content\/uploads\/2024\/01\/\u0627\u0644\u0623\u0628\u0644\u0647-1.png","contentUrl":"https:\/\/shanabooks.de\/wp-content\/uploads\/2024\/01\/\u0627\u0644\u0623\u0628\u0644\u0647-1.png","width":302,"height":475,"caption":"\u0627\u0644\u0623\u0628\u0644\u0647 1 - \u062f\u0648\u0633\u062a\u0648\u064a\u0641\u0633\u0643\u064a - \u0643\u062a\u0628 \u0639\u0631\u0628\u064a\u0629 - \u0631\u0648\u0627\u064a\u0629"},{"@type":"BreadcrumbList","@id":"https:\/\/shanabooks.de\/product\/%d8%a7%d9%84%d8%a3%d8%a8%d9%84%d9%87-1-%d8%af%d9%88%d8%b3%d8%aa%d9%88%d9%8a%d9%81%d8%b3%d9%83%d9%8a\/#breadcrumb","itemListElement":[{"@type":"ListItem","position":1,"name":"\u0627\u0644\u0631\u0626\u064a\u0633\u064a\u0629","item":"https:\/\/shanabooks.de\/de\/"},{"@type":"ListItem","position":2,"name":"\u0627\u0644\u0645\u0646\u062a\u062c\u0627\u062a","item":"https:\/\/shanabooks.de\/shop\/"},{"@type":"ListItem","position":3,"name":"\u0627\u0644\u0623\u0628\u0644\u0647 1"}]},{"@type":"WebSite","@id":"https:\/\/shanabooks.de\/#website","url":"https:\/\/shanabooks.de\/","name":"www.shanbooks.de","description":"C\u00eehana Pirt\u00fbk\u00ean Kurd\u00ee \u0645\u0643\u062a\u0628\u0629 \u0634\u0627\u0646\u0627 \u0641\u064a \u0627\u0644\u0645\u0627\u0646\u064a\u0627 \u0648\u0623\u0648\u0631\u0628\u0627","publisher":{"@id":"https:\/\/shanabooks.de\/#organization"},"potentialAction":[{"@type":"SearchAction","target":{"@type":"EntryPoint","urlTemplate":"https:\/\/shanabooks.de\/?s={search_term_string}"},"query-input":{"@type":"PropertyValueSpecification","valueRequired":true,"valueName":"search_term_string"}}],"inLanguage":"de"},{"@type":"Organization","@id":"https:\/\/shanabooks.de\/#organization","name":"www.shanbooks.de","url":"https:\/\/shanabooks.de\/","logo":{"@type":"ImageObject","inLanguage":"de","@id":"https:\/\/shanabooks.de\/#\/schema\/logo\/image\/","url":"https:\/\/shanabooks.de\/wp-content\/uploads\/2024\/03\/SHANABOOKS__2_-removebg-preview.png","contentUrl":"https:\/\/shanabooks.de\/wp-content\/uploads\/2024\/03\/SHANABOOKS__2_-removebg-preview.png","width":700,"height":150,"caption":"www.shanbooks.de"},"image":{"@id":"https:\/\/shanabooks.de\/#\/schema\/logo\/image\/"}}]}},"jetpack_sharing_enabled":true,"_links":{"self":[{"href":"https:\/\/shanabooks.de\/de\/wp-json\/wp\/v2\/product\/12480","targetHints":{"allow":["GET"]}}],"collection":[{"href":"https:\/\/shanabooks.de\/de\/wp-json\/wp\/v2\/product"}],"about":[{"href":"https:\/\/shanabooks.de\/de\/wp-json\/wp\/v2\/types\/product"}],"version-history":[{"count":3,"href":"https:\/\/shanabooks.de\/de\/wp-json\/wp\/v2\/product\/12480\/revisions"}],"predecessor-version":[{"id":25070,"href":"https:\/\/shanabooks.de\/de\/wp-json\/wp\/v2\/product\/12480\/revisions\/25070"}],"wp:featuredmedia":[{"embeddable":true,"href":"https:\/\/shanabooks.de\/de\/wp-json\/wp\/v2\/media\/5223"}],"wp:attachment":[{"href":"https:\/\/shanabooks.de\/de\/wp-json\/wp\/v2\/media?parent=12480"}],"wp:term":[{"taxonomy":"product_brand","embeddable":true,"href":"https:\/\/shanabooks.de\/de\/wp-json\/wp\/v2\/product_brand?post=12480"},{"taxonomy":"product_cat","embeddable":true,"href":"https:\/\/shanabooks.de\/de\/wp-json\/wp\/v2\/product_cat?post=12480"},{"taxonomy":"product_tag","embeddable":true,"href":"https:\/\/shanabooks.de\/de\/wp-json\/wp\/v2\/product_tag?post=12480"}],"curies":[{"name":"wp","href":"https:\/\/api.w.org\/{rel}","templated":true}]}}