{"id":12552,"date":"2024-03-03T19:44:47","date_gmt":"2024-03-03T19:44:47","guid":{"rendered":"https:\/\/shanabooks.de\/?post_type=product&#038;p=12552"},"modified":"2026-01-02T19:50:47","modified_gmt":"2026-01-02T19:50:47","slug":"binberdana-germ-weciha-abdulrehman","status":"publish","type":"product","link":"https:\/\/shanabooks.de\/de\/product\/binberdana-germ-weciha-abdulrehman\/","title":{"rendered":"B\u00eenberdana Germ"},"content":{"rendered":"<p dir=\"ltr\"><strong>B\u00eenberdana Germ &#8211; Wec\u00eeha Abdulrehman<\/strong><\/p>\n<p dir=\"ltr\">B\u00eena min teng b\u00fb ji h\u00fbrb\u00eeniy\u00ean \u015f\u00eerovekirin\u00ea, ez li xwe mukur t\u00eam ku di destp\u00eak\u00ea de min dixwest w\u00ee bik\u015f\u00eenim axaftin\u00ea \u00fb ez p\u00ea re derbas\u00ee serp\u00eahatiy\u00ean w\u00ee bibim, l\u00ea pi\u015ft\u00ee dest\u00ea min hilmisand \u00fb bi h\u00eaz ez hemb\u00eazkirim, ez ya b\u00ea par ji b\u00eena m\u00earek\u00ee, v\u00eace ez ji h\u00fbrb\u00eeniy\u00ean ku vedigotin di tengij\u00eem, ez dixwazim ew gotina xwe bi daw\u00ee bike da ji min re vala bibe, da ez\u00a0 p\u00ea re wan k\u00eal\u00eekan bijim ev\u00eendareke ku hew dikare ji w\u00ea d\u00fbr bibe.<\/p>\n","protected":false},"excerpt":{"rendered":"<p dir=\"ltr\" style=\"text-align: center\"><strong>Niv\u00eeskar: Wec\u00eeha Abdulrehman<\/strong><br \/>\n<strong>Pirt\u00fbk: B\u00eenberdana Germ<\/strong><br \/>\n<strong>Cure: Roman<\/strong><\/p>\n","protected":false},"featured_media":12591,"template":"","meta":{"site-sidebar-layout":"default","site-content-layout":"","ast-site-content-layout":"default","site-content-style":"default","site-sidebar-style":"default","ast-global-header-display":"","ast-banner-title-visibility":"","ast-main-header-display":"","ast-hfb-above-header-display":"","ast-hfb-below-header-display":"","ast-hfb-mobile-header-display":"","site-post-title":"","ast-breadcrumbs-content":"","ast-featured-img":"","footer-sml-layout":"","ast-disable-related-posts":"","theme-transparent-header-meta":"default","adv-header-id-meta":"","stick-header-meta":"","header-above-stick-meta":"","header-main-stick-meta":"","header-below-stick-meta":"","astra-migrate-meta-layouts":"set","ast-page-background-enabled":"default","ast-page-background-meta":{"desktop":{"background-color":"","background-image":"","background-repeat":"repeat","background-position":"center center","background-size":"auto","background-attachment":"scroll","background-type":"","background-media":"","overlay-type":"","overlay-color":"","overlay-opacity":"","overlay-gradient":""},"tablet":{"background-color":"","background-image":"","background-repeat":"repeat","background-position":"center center","background-size":"auto","background-attachment":"scroll","background-type":"","background-media":"","overlay-type":"","overlay-color":"","overlay-opacity":"","overlay-gradient":""},"mobile":{"background-color":"","background-image":"","background-repeat":"repeat","background-position":"center center","background-size":"auto","background-attachment":"scroll","background-type":"","background-media":"","overlay-type":"","overlay-color":"","overlay-opacity":"","overlay-gradient":""}},"ast-content-background-meta":{"desktop":{"background-color":"var(--ast-global-color-5)","background-image":"","background-repeat":"repeat","background-position":"center center","background-size":"auto","background-attachment":"scroll","background-type":"","background-media":"","overlay-type":"","overlay-color":"","overlay-opacity":"","overlay-gradient":""},"tablet":{"background-color":"var(--ast-global-color-5)","background-image":"","background-repeat":"repeat","background-position":"center center","background-size":"auto","background-attachment":"scroll","background-type":"","background-media":"","overlay-type":"","overlay-color":"","overlay-opacity":"","overlay-gradient":""},"mobile":{"background-color":"var(--ast-global-color-5)","background-image":"","background-repeat":"repeat","background-position":"center center","background-size":"auto","background-attachment":"scroll","background-type":"","background-media":"","overlay-type":"","overlay-color":"","overlay-opacity":"","overlay-gradient":""}}},"product_brand":[],"product_cat":[185,182,193],"product_tag":[],"class_list":{"0":"post-12552","1":"product","2":"type-product","3":"status-publish","4":"has-post-thumbnail","6":"product_cat--_","7":"product_cat-_","9":"pa_-roman","10":"pa_-wejeye-cihani","11":"pa_-weciha-abdulrehman","12":"pa_-kurmanci","13":"pa_--sersera","14":"desktop-align-left","15":"tablet-align-left","16":"mobile-align-left","18":"first","19":"instock","20":"shipping-taxable","21":"purchasable","22":"product-type-simple"},"yoast_head":"<!-- This site is optimized with the Yoast SEO plugin v27.6 - https:\/\/yoast.com\/product\/yoast-seo-wordpress\/ -->\n<title>B\u00eenberdana Germ - Wec\u00eeha Abdulrehman - www.shanabooks.de<\/title>\n<meta name=\"description\" content=\"B\u00eenberdana Germ - Wec\u00eeha Abdulrehman B\u00eena min teng b\u00fb ji h\u00fbrb\u00eeniy\u00ean \u015f\u00eerovekirin\u00ea, ez li xwe mukur t\u00eam ku di destp\u00eak\u00ea de min dixwest w\u00ee bik\u015f\u00eenim axaftin\u00ea...\" \/>\n<meta name=\"robots\" content=\"index, follow, max-snippet:-1, max-image-preview:large, max-video-preview:-1\" \/>\n<link rel=\"canonical\" href=\"https:\/\/shanabooks.de\/product\/binberdana-germ-weciha-abdulrehman\/\" \/>\n<meta property=\"og:locale\" content=\"de_DE\" \/>\n<meta property=\"og:type\" content=\"article\" \/>\n<meta property=\"og:title\" content=\"B\u00eenberdana Germ - Wec\u00eeha Abdulrehman - www.shanabooks.de\" \/>\n<meta property=\"og:description\" content=\"B\u00eenberdana Germ - Wec\u00eeha Abdulrehman B\u00eena min teng b\u00fb ji h\u00fbrb\u00eeniy\u00ean \u015f\u00eerovekirin\u00ea, ez li xwe mukur t\u00eam ku di destp\u00eak\u00ea de min dixwest w\u00ee bik\u015f\u00eenim axaftin\u00ea...\" \/>\n<meta property=\"og:url\" content=\"https:\/\/shanabooks.de\/product\/binberdana-germ-weciha-abdulrehman\/\" \/>\n<meta property=\"og:site_name\" content=\"www.shanabooks.de\" \/>\n<meta property=\"article:modified_time\" content=\"2026-01-02T19:50:47+00:00\" \/>\n<meta property=\"og:image\" content=\"https:\/\/shanabooks.de\/wp-content\/uploads\/2024\/03\/Birberdana-germ.png\" \/>\n\t<meta property=\"og:image:width\" content=\"314\" \/>\n\t<meta property=\"og:image:height\" content=\"470\" \/>\n\t<meta property=\"og:image:type\" content=\"image\/png\" \/>\n<meta name=\"twitter:card\" content=\"summary_large_image\" \/>\n<meta name=\"twitter:label1\" content=\"Gesch\u00e4tzte Lesezeit\" \/>\n\t<meta name=\"twitter:data1\" content=\"1\u00a0Minute\" \/>\n<script type=\"application\/ld+json\" class=\"yoast-schema-graph\">{\"@context\":\"https:\\\/\\\/schema.org\",\"@graph\":[{\"@type\":\"WebPage\",\"@id\":\"https:\\\/\\\/shanabooks.de\\\/product\\\/binberdana-germ-weciha-abdulrehman\\\/\",\"url\":\"https:\\\/\\\/shanabooks.de\\\/product\\\/binberdana-germ-weciha-abdulrehman\\\/\",\"name\":\"B\u00eenberdana Germ - Wec\u00eeha Abdulrehman - www.shanabooks.de\",\"isPartOf\":{\"@id\":\"https:\\\/\\\/shanabooks.de\\\/#website\"},\"primaryImageOfPage\":{\"@id\":\"https:\\\/\\\/shanabooks.de\\\/product\\\/binberdana-germ-weciha-abdulrehman\\\/#primaryimage\"},\"image\":{\"@id\":\"https:\\\/\\\/shanabooks.de\\\/product\\\/binberdana-germ-weciha-abdulrehman\\\/#primaryimage\"},\"thumbnailUrl\":\"https:\\\/\\\/shanabooks.de\\\/wp-content\\\/uploads\\\/2024\\\/03\\\/Birberdana-germ.png\",\"datePublished\":\"2024-03-03T19:44:47+00:00\",\"dateModified\":\"2026-01-02T19:50:47+00:00\",\"description\":\"B\u00eenberdana Germ - Wec\u00eeha Abdulrehman B\u00eena min teng b\u00fb ji h\u00fbrb\u00eeniy\u00ean \u015f\u00eerovekirin\u00ea, ez li xwe mukur t\u00eam ku di destp\u00eak\u00ea de min dixwest w\u00ee bik\u015f\u00eenim axaftin\u00ea...\",\"breadcrumb\":{\"@id\":\"https:\\\/\\\/shanabooks.de\\\/product\\\/binberdana-germ-weciha-abdulrehman\\\/#breadcrumb\"},\"inLanguage\":\"de\",\"potentialAction\":[{\"@type\":\"ReadAction\",\"target\":[\"https:\\\/\\\/shanabooks.de\\\/product\\\/binberdana-germ-weciha-abdulrehman\\\/\"]}]},{\"@type\":\"ImageObject\",\"inLanguage\":\"de\",\"@id\":\"https:\\\/\\\/shanabooks.de\\\/product\\\/binberdana-germ-weciha-abdulrehman\\\/#primaryimage\",\"url\":\"https:\\\/\\\/shanabooks.de\\\/wp-content\\\/uploads\\\/2024\\\/03\\\/Birberdana-germ.png\",\"contentUrl\":\"https:\\\/\\\/shanabooks.de\\\/wp-content\\\/uploads\\\/2024\\\/03\\\/Birberdana-germ.png\",\"width\":314,\"height\":470,\"caption\":\"B\u00eenberdana Germ - Wec\u00eeha Abdulrehman - pirt\u00fbk\u00ean kurd\u00ee\"},{\"@type\":\"BreadcrumbList\",\"@id\":\"https:\\\/\\\/shanabooks.de\\\/product\\\/binberdana-germ-weciha-abdulrehman\\\/#breadcrumb\",\"itemListElement\":[{\"@type\":\"ListItem\",\"position\":1,\"name\":\"\u0627\u0644\u0631\u0626\u064a\u0633\u064a\u0629\",\"item\":\"https:\\\/\\\/shanabooks.de\\\/de\\\/\"},{\"@type\":\"ListItem\",\"position\":2,\"name\":\"\u0627\u0644\u0645\u0646\u062a\u062c\u0627\u062a\",\"item\":\"https:\\\/\\\/shanabooks.de\\\/shop\\\/\"},{\"@type\":\"ListItem\",\"position\":3,\"name\":\"B\u00eenberdana Germ\"}]},{\"@type\":\"WebSite\",\"@id\":\"https:\\\/\\\/shanabooks.de\\\/#website\",\"url\":\"https:\\\/\\\/shanabooks.de\\\/\",\"name\":\"www.shanbooks.de\",\"description\":\"C\u00eehana Pirt\u00fbk\u00ean Kurd\u00ee \u0645\u0643\u062a\u0628\u0629 \u0634\u0627\u0646\u0627 \u0641\u064a \u0627\u0644\u0645\u0627\u0646\u064a\u0627 \u0648\u0623\u0648\u0631\u0628\u0627\",\"publisher\":{\"@id\":\"https:\\\/\\\/shanabooks.de\\\/#organization\"},\"potentialAction\":[{\"@type\":\"SearchAction\",\"target\":{\"@type\":\"EntryPoint\",\"urlTemplate\":\"https:\\\/\\\/shanabooks.de\\\/?s={search_term_string}\"},\"query-input\":{\"@type\":\"PropertyValueSpecification\",\"valueRequired\":true,\"valueName\":\"search_term_string\"}}],\"inLanguage\":\"de\"},{\"@type\":\"Organization\",\"@id\":\"https:\\\/\\\/shanabooks.de\\\/#organization\",\"name\":\"www.shanbooks.de\",\"url\":\"https:\\\/\\\/shanabooks.de\\\/\",\"logo\":{\"@type\":\"ImageObject\",\"inLanguage\":\"de\",\"@id\":\"https:\\\/\\\/shanabooks.de\\\/#\\\/schema\\\/logo\\\/image\\\/\",\"url\":\"https:\\\/\\\/shanabooks.de\\\/wp-content\\\/uploads\\\/2024\\\/03\\\/SHANABOOKS__2_-removebg-preview.png\",\"contentUrl\":\"https:\\\/\\\/shanabooks.de\\\/wp-content\\\/uploads\\\/2024\\\/03\\\/SHANABOOKS__2_-removebg-preview.png\",\"width\":700,\"height\":150,\"caption\":\"www.shanbooks.de\"},\"image\":{\"@id\":\"https:\\\/\\\/shanabooks.de\\\/#\\\/schema\\\/logo\\\/image\\\/\"}}]}<\/script>\n<!-- \/ Yoast SEO plugin. -->","yoast_head_json":{"title":"B\u00eenberdana Germ - Wec\u00eeha Abdulrehman - www.shanabooks.de","description":"B\u00eenberdana Germ - Wec\u00eeha Abdulrehman B\u00eena min teng b\u00fb ji h\u00fbrb\u00eeniy\u00ean \u015f\u00eerovekirin\u00ea, ez li xwe mukur t\u00eam ku di destp\u00eak\u00ea de min dixwest w\u00ee bik\u015f\u00eenim axaftin\u00ea...","robots":{"index":"index","follow":"follow","max-snippet":"max-snippet:-1","max-image-preview":"max-image-preview:large","max-video-preview":"max-video-preview:-1"},"canonical":"https:\/\/shanabooks.de\/product\/binberdana-germ-weciha-abdulrehman\/","og_locale":"de_DE","og_type":"article","og_title":"B\u00eenberdana Germ - Wec\u00eeha Abdulrehman - www.shanabooks.de","og_description":"B\u00eenberdana Germ - Wec\u00eeha Abdulrehman B\u00eena min teng b\u00fb ji h\u00fbrb\u00eeniy\u00ean \u015f\u00eerovekirin\u00ea, ez li xwe mukur t\u00eam ku di destp\u00eak\u00ea de min dixwest w\u00ee bik\u015f\u00eenim axaftin\u00ea...","og_url":"https:\/\/shanabooks.de\/product\/binberdana-germ-weciha-abdulrehman\/","og_site_name":"www.shanabooks.de","article_modified_time":"2026-01-02T19:50:47+00:00","og_image":[{"width":314,"height":470,"url":"https:\/\/shanabooks.de\/wp-content\/uploads\/2024\/03\/Birberdana-germ.png","type":"image\/png"}],"twitter_card":"summary_large_image","twitter_misc":{"Gesch\u00e4tzte Lesezeit":"1\u00a0Minute"},"schema":{"@context":"https:\/\/schema.org","@graph":[{"@type":"WebPage","@id":"https:\/\/shanabooks.de\/product\/binberdana-germ-weciha-abdulrehman\/","url":"https:\/\/shanabooks.de\/product\/binberdana-germ-weciha-abdulrehman\/","name":"B\u00eenberdana Germ - Wec\u00eeha Abdulrehman - www.shanabooks.de","isPartOf":{"@id":"https:\/\/shanabooks.de\/#website"},"primaryImageOfPage":{"@id":"https:\/\/shanabooks.de\/product\/binberdana-germ-weciha-abdulrehman\/#primaryimage"},"image":{"@id":"https:\/\/shanabooks.de\/product\/binberdana-germ-weciha-abdulrehman\/#primaryimage"},"thumbnailUrl":"https:\/\/shanabooks.de\/wp-content\/uploads\/2024\/03\/Birberdana-germ.png","datePublished":"2024-03-03T19:44:47+00:00","dateModified":"2026-01-02T19:50:47+00:00","description":"B\u00eenberdana Germ - Wec\u00eeha Abdulrehman B\u00eena min teng b\u00fb ji h\u00fbrb\u00eeniy\u00ean \u015f\u00eerovekirin\u00ea, ez li xwe mukur t\u00eam ku di destp\u00eak\u00ea de min dixwest w\u00ee bik\u015f\u00eenim axaftin\u00ea...","breadcrumb":{"@id":"https:\/\/shanabooks.de\/product\/binberdana-germ-weciha-abdulrehman\/#breadcrumb"},"inLanguage":"de","potentialAction":[{"@type":"ReadAction","target":["https:\/\/shanabooks.de\/product\/binberdana-germ-weciha-abdulrehman\/"]}]},{"@type":"ImageObject","inLanguage":"de","@id":"https:\/\/shanabooks.de\/product\/binberdana-germ-weciha-abdulrehman\/#primaryimage","url":"https:\/\/shanabooks.de\/wp-content\/uploads\/2024\/03\/Birberdana-germ.png","contentUrl":"https:\/\/shanabooks.de\/wp-content\/uploads\/2024\/03\/Birberdana-germ.png","width":314,"height":470,"caption":"B\u00eenberdana Germ - Wec\u00eeha Abdulrehman - pirt\u00fbk\u00ean kurd\u00ee"},{"@type":"BreadcrumbList","@id":"https:\/\/shanabooks.de\/product\/binberdana-germ-weciha-abdulrehman\/#breadcrumb","itemListElement":[{"@type":"ListItem","position":1,"name":"\u0627\u0644\u0631\u0626\u064a\u0633\u064a\u0629","item":"https:\/\/shanabooks.de\/de\/"},{"@type":"ListItem","position":2,"name":"\u0627\u0644\u0645\u0646\u062a\u062c\u0627\u062a","item":"https:\/\/shanabooks.de\/shop\/"},{"@type":"ListItem","position":3,"name":"B\u00eenberdana Germ"}]},{"@type":"WebSite","@id":"https:\/\/shanabooks.de\/#website","url":"https:\/\/shanabooks.de\/","name":"www.shanbooks.de","description":"C\u00eehana Pirt\u00fbk\u00ean Kurd\u00ee \u0645\u0643\u062a\u0628\u0629 \u0634\u0627\u0646\u0627 \u0641\u064a \u0627\u0644\u0645\u0627\u0646\u064a\u0627 \u0648\u0623\u0648\u0631\u0628\u0627","publisher":{"@id":"https:\/\/shanabooks.de\/#organization"},"potentialAction":[{"@type":"SearchAction","target":{"@type":"EntryPoint","urlTemplate":"https:\/\/shanabooks.de\/?s={search_term_string}"},"query-input":{"@type":"PropertyValueSpecification","valueRequired":true,"valueName":"search_term_string"}}],"inLanguage":"de"},{"@type":"Organization","@id":"https:\/\/shanabooks.de\/#organization","name":"www.shanbooks.de","url":"https:\/\/shanabooks.de\/","logo":{"@type":"ImageObject","inLanguage":"de","@id":"https:\/\/shanabooks.de\/#\/schema\/logo\/image\/","url":"https:\/\/shanabooks.de\/wp-content\/uploads\/2024\/03\/SHANABOOKS__2_-removebg-preview.png","contentUrl":"https:\/\/shanabooks.de\/wp-content\/uploads\/2024\/03\/SHANABOOKS__2_-removebg-preview.png","width":700,"height":150,"caption":"www.shanbooks.de"},"image":{"@id":"https:\/\/shanabooks.de\/#\/schema\/logo\/image\/"}}]}},"jetpack_sharing_enabled":true,"_links":{"self":[{"href":"https:\/\/shanabooks.de\/de\/wp-json\/wp\/v2\/product\/12552","targetHints":{"allow":["GET"]}}],"collection":[{"href":"https:\/\/shanabooks.de\/de\/wp-json\/wp\/v2\/product"}],"about":[{"href":"https:\/\/shanabooks.de\/de\/wp-json\/wp\/v2\/types\/product"}],"version-history":[{"count":3,"href":"https:\/\/shanabooks.de\/de\/wp-json\/wp\/v2\/product\/12552\/revisions"}],"predecessor-version":[{"id":18750,"href":"https:\/\/shanabooks.de\/de\/wp-json\/wp\/v2\/product\/12552\/revisions\/18750"}],"wp:featuredmedia":[{"embeddable":true,"href":"https:\/\/shanabooks.de\/de\/wp-json\/wp\/v2\/media\/12591"}],"wp:attachment":[{"href":"https:\/\/shanabooks.de\/de\/wp-json\/wp\/v2\/media?parent=12552"}],"wp:term":[{"taxonomy":"product_brand","embeddable":true,"href":"https:\/\/shanabooks.de\/de\/wp-json\/wp\/v2\/product_brand?post=12552"},{"taxonomy":"product_cat","embeddable":true,"href":"https:\/\/shanabooks.de\/de\/wp-json\/wp\/v2\/product_cat?post=12552"},{"taxonomy":"product_tag","embeddable":true,"href":"https:\/\/shanabooks.de\/de\/wp-json\/wp\/v2\/product_tag?post=12552"}],"curies":[{"name":"wp","href":"https:\/\/api.w.org\/{rel}","templated":true}]}}