{"id":12594,"date":"2024-03-03T19:45:11","date_gmt":"2024-03-03T19:45:11","guid":{"rendered":"https:\/\/shanabooks.de\/?post_type=product&#038;p=12594"},"modified":"2024-04-08T17:34:56","modified_gmt":"2024-04-08T17:34:56","slug":"bajare-moriyan-yehya-elewiferd","status":"publish","type":"product","link":"https:\/\/shanabooks.de\/de\/product\/bajare-moriyan-yehya-elewiferd\/","title":{"rendered":"Bajar\u00ea Moriyan"},"content":{"rendered":"<p dir=\"ltr\"><strong>Bajar\u00ea Moriyan &#8211; Yehya Elew\u00eeferd<\/strong><\/p>\n<p dir=\"ltr\">Pirt\u00fbka Bajar\u00ea Moriyan ya Yehya Elew\u00eeferd ji h\u00eala helbestkar\u00ea h\u00eaja Yehya Elew\u00eeferd ve hatiye niv\u00ees\u00een. Helbestkar \u00fb niv\u00eeskar\u00ea me li Xorasana \u00ceran\u00ea ev b\u00fb 20 sal e ku li ser w\u00eajeya zarokan xebat\u00ean xwe didom\u00eene. Xwed\u00ee \u00fb berpirsyar\u00ea we\u015fanxaneya Em\u00fb Elew\u00ee ye. Y. Elew\u00eeferd di v\u00ea pirt\u00fbka xwe de leheng wek\u00ee Mor\u00ee an j\u00ee Kurmor\u00ee hilbijartiye \u00fb bi saya jiyana moriyan , jiyan \u00fb daxwaziy\u00ean zarokan bi r\u00eaya helbestan vegotiye. Di pirt\u00fbk\u00ea de helbest\u00ean bi nav\u00ea \u201cBajar\u00ea moriyan, zarok\u00ean moriyan, park, traf\u00eek, \u00e7iyager,kamera, c\u00eeran\u00ean min,b\u00fbka min, helaw \u00fb wendab\u00fbn.\u201d Bi tevah\u00ee 10 helbest c\u00ee girtine. W\u00eaney\u00ean pirt\u00fbk\u00ea ji h\u00eala \u00celgar Reh\u00eem\u00ee ve hatine neqi\u015fandin<\/p>\n","protected":false},"excerpt":{"rendered":"<p dir=\"ltr\" style=\"text-align: center\"><strong>Pirt\u00fbk: Bajar\u00ea Moriyan<br \/>\nNiv\u00eeskar: Yehya Elew\u00eeferd<\/strong><br \/>\n<strong>Cure: Pirt\u00fbka Zarokan (bi w\u00eane)<\/strong><\/p>\n","protected":false},"featured_media":12631,"template":"","meta":{"site-sidebar-layout":"default","site-content-layout":"","ast-site-content-layout":"default","site-content-style":"default","site-sidebar-style":"default","ast-global-header-display":"","ast-banner-title-visibility":"","ast-main-header-display":"","ast-hfb-above-header-display":"","ast-hfb-below-header-display":"","ast-hfb-mobile-header-display":"","site-post-title":"","ast-breadcrumbs-content":"","ast-featured-img":"","footer-sml-layout":"","ast-disable-related-posts":"","theme-transparent-header-meta":"default","adv-header-id-meta":"","stick-header-meta":"","header-above-stick-meta":"","header-main-stick-meta":"","header-below-stick-meta":"","astra-migrate-meta-layouts":"set","ast-page-background-enabled":"default","ast-page-background-meta":{"desktop":{"background-color":"","background-image":"","background-repeat":"repeat","background-position":"center center","background-size":"auto","background-attachment":"scroll","background-type":"","background-media":"","overlay-type":"","overlay-color":"","overlay-opacity":"","overlay-gradient":""},"tablet":{"background-color":"","background-image":"","background-repeat":"repeat","background-position":"center center","background-size":"auto","background-attachment":"scroll","background-type":"","background-media":"","overlay-type":"","overlay-color":"","overlay-opacity":"","overlay-gradient":""},"mobile":{"background-color":"","background-image":"","background-repeat":"repeat","background-position":"center center","background-size":"auto","background-attachment":"scroll","background-type":"","background-media":"","overlay-type":"","overlay-color":"","overlay-opacity":"","overlay-gradient":""}},"ast-content-background-meta":{"desktop":{"background-color":"var(--ast-global-color-5)","background-image":"","background-repeat":"repeat","background-position":"center center","background-size":"auto","background-attachment":"scroll","background-type":"","background-media":"","overlay-type":"","overlay-color":"","overlay-opacity":"","overlay-gradient":""},"tablet":{"background-color":"var(--ast-global-color-5)","background-image":"","background-repeat":"repeat","background-position":"center center","background-size":"auto","background-attachment":"scroll","background-type":"","background-media":"","overlay-type":"","overlay-color":"","overlay-opacity":"","overlay-gradient":""},"mobile":{"background-color":"var(--ast-global-color-5)","background-image":"","background-repeat":"repeat","background-position":"center center","background-size":"auto","background-attachment":"scroll","background-type":"","background-media":"","overlay-type":"","overlay-color":"","overlay-opacity":"","overlay-gradient":""}}},"product_brand":[],"product_cat":[194,193],"product_tag":[],"class_list":{"0":"post-12594","1":"product","2":"type-product","3":"status-publish","4":"has-post-thumbnail","6":"product_cat--_","8":"pa_-zarok","9":"pa_-yehya-elewiferd","10":"pa_-kurmanci","11":"pa_--hiva-yayinlari","12":"desktop-align-left","13":"tablet-align-left","14":"mobile-align-left","16":"first","17":"instock","18":"shipping-taxable","19":"purchasable","20":"product-type-simple"},"yoast_head":"<!-- This site is optimized with the Yoast SEO plugin v27.4 - https:\/\/yoast.com\/product\/yoast-seo-wordpress\/ -->\n<title>Bajar\u00ea Moriyan - Yehya Elew\u00eeferd - www.shanabooks.de<\/title>\n<meta name=\"description\" content=\"Bajar\u00ea Moriyan - Zarok Pirt\u00fbka Bajar\u00ea Moriyan ji h\u00eala helbestkar\u00ea h\u00eaja Yehya Elew\u00eeferd ve hatiye niv\u00ees\u00een. Helbestkar \u00fb niv\u00eeskar\u00ea me li Xorasana \u00ceran\u00ea ev...\" \/>\n<meta name=\"robots\" content=\"index, follow, max-snippet:-1, max-image-preview:large, max-video-preview:-1\" \/>\n<link rel=\"canonical\" href=\"https:\/\/shanabooks.de\/product\/bajare-moriyan-yehya-elewiferd\/\" \/>\n<meta property=\"og:locale\" content=\"de_DE\" \/>\n<meta property=\"og:type\" content=\"article\" \/>\n<meta property=\"og:title\" content=\"Bajar\u00ea Moriyan - Yehya Elew\u00eeferd - www.shanabooks.de\" \/>\n<meta property=\"og:description\" content=\"Bajar\u00ea Moriyan - Zarok Pirt\u00fbka Bajar\u00ea Moriyan ji h\u00eala helbestkar\u00ea h\u00eaja Yehya Elew\u00eeferd ve hatiye niv\u00ees\u00een. Helbestkar \u00fb niv\u00eeskar\u00ea me li Xorasana \u00ceran\u00ea ev...\" \/>\n<meta property=\"og:url\" content=\"https:\/\/shanabooks.de\/product\/bajare-moriyan-yehya-elewiferd\/\" \/>\n<meta property=\"og:site_name\" content=\"www.shanabooks.de\" \/>\n<meta property=\"article:modified_time\" content=\"2024-04-08T17:34:56+00:00\" \/>\n<meta property=\"og:image\" content=\"https:\/\/shanabooks.de\/wp-content\/uploads\/2024\/03\/bajare-moriyan.webp\" \/>\n\t<meta property=\"og:image:width\" content=\"210\" \/>\n\t<meta property=\"og:image:height\" content=\"240\" \/>\n\t<meta property=\"og:image:type\" content=\"image\/webp\" \/>\n<meta name=\"twitter:card\" content=\"summary_large_image\" \/>\n<meta name=\"twitter:label1\" content=\"Gesch\u00e4tzte Lesezeit\" \/>\n\t<meta name=\"twitter:data1\" content=\"1\u00a0Minute\" \/>\n<script type=\"application\/ld+json\" class=\"yoast-schema-graph\">{\"@context\":\"https:\\\/\\\/schema.org\",\"@graph\":[{\"@type\":\"WebPage\",\"@id\":\"https:\\\/\\\/shanabooks.de\\\/product\\\/bajare-moriyan-yehya-elewiferd\\\/\",\"url\":\"https:\\\/\\\/shanabooks.de\\\/product\\\/bajare-moriyan-yehya-elewiferd\\\/\",\"name\":\"Bajar\u00ea Moriyan - Yehya Elew\u00eeferd - www.shanabooks.de\",\"isPartOf\":{\"@id\":\"https:\\\/\\\/shanabooks.de\\\/#website\"},\"primaryImageOfPage\":{\"@id\":\"https:\\\/\\\/shanabooks.de\\\/product\\\/bajare-moriyan-yehya-elewiferd\\\/#primaryimage\"},\"image\":{\"@id\":\"https:\\\/\\\/shanabooks.de\\\/product\\\/bajare-moriyan-yehya-elewiferd\\\/#primaryimage\"},\"thumbnailUrl\":\"https:\\\/\\\/shanabooks.de\\\/wp-content\\\/uploads\\\/2024\\\/03\\\/bajare-moriyan.webp\",\"datePublished\":\"2024-03-03T19:45:11+00:00\",\"dateModified\":\"2024-04-08T17:34:56+00:00\",\"description\":\"Bajar\u00ea Moriyan - Zarok Pirt\u00fbka Bajar\u00ea Moriyan ji h\u00eala helbestkar\u00ea h\u00eaja Yehya Elew\u00eeferd ve hatiye niv\u00ees\u00een. Helbestkar \u00fb niv\u00eeskar\u00ea me li Xorasana \u00ceran\u00ea ev...\",\"breadcrumb\":{\"@id\":\"https:\\\/\\\/shanabooks.de\\\/product\\\/bajare-moriyan-yehya-elewiferd\\\/#breadcrumb\"},\"inLanguage\":\"de\",\"potentialAction\":[{\"@type\":\"ReadAction\",\"target\":[\"https:\\\/\\\/shanabooks.de\\\/product\\\/bajare-moriyan-yehya-elewiferd\\\/\"]}]},{\"@type\":\"ImageObject\",\"inLanguage\":\"de\",\"@id\":\"https:\\\/\\\/shanabooks.de\\\/product\\\/bajare-moriyan-yehya-elewiferd\\\/#primaryimage\",\"url\":\"https:\\\/\\\/shanabooks.de\\\/wp-content\\\/uploads\\\/2024\\\/03\\\/bajare-moriyan.webp\",\"contentUrl\":\"https:\\\/\\\/shanabooks.de\\\/wp-content\\\/uploads\\\/2024\\\/03\\\/bajare-moriyan.webp\",\"width\":210,\"height\":240,\"caption\":\"Bajar\u00ea Moriyan - Zarok - pirt\u00fbk\u00ean kurd\u00ee - zarok\"},{\"@type\":\"BreadcrumbList\",\"@id\":\"https:\\\/\\\/shanabooks.de\\\/product\\\/bajare-moriyan-yehya-elewiferd\\\/#breadcrumb\",\"itemListElement\":[{\"@type\":\"ListItem\",\"position\":1,\"name\":\"\u0627\u0644\u0631\u0626\u064a\u0633\u064a\u0629\",\"item\":\"https:\\\/\\\/shanabooks.de\\\/de\\\/\"},{\"@type\":\"ListItem\",\"position\":2,\"name\":\"\u0627\u0644\u0645\u0646\u062a\u062c\u0627\u062a\",\"item\":\"https:\\\/\\\/shanabooks.de\\\/shop\\\/\"},{\"@type\":\"ListItem\",\"position\":3,\"name\":\"Bajar\u00ea Moriyan\"}]},{\"@type\":\"WebSite\",\"@id\":\"https:\\\/\\\/shanabooks.de\\\/#website\",\"url\":\"https:\\\/\\\/shanabooks.de\\\/\",\"name\":\"www.shanbooks.de\",\"description\":\"C\u00eehana Pirt\u00fbk\u00ean Kurd\u00ee \u0645\u0643\u062a\u0628\u0629 \u0634\u0627\u0646\u0627 \u0641\u064a \u0627\u0644\u0645\u0627\u0646\u064a\u0627 \u0648\u0623\u0648\u0631\u0628\u0627\",\"publisher\":{\"@id\":\"https:\\\/\\\/shanabooks.de\\\/#organization\"},\"potentialAction\":[{\"@type\":\"SearchAction\",\"target\":{\"@type\":\"EntryPoint\",\"urlTemplate\":\"https:\\\/\\\/shanabooks.de\\\/?s={search_term_string}\"},\"query-input\":{\"@type\":\"PropertyValueSpecification\",\"valueRequired\":true,\"valueName\":\"search_term_string\"}}],\"inLanguage\":\"de\"},{\"@type\":\"Organization\",\"@id\":\"https:\\\/\\\/shanabooks.de\\\/#organization\",\"name\":\"www.shanbooks.de\",\"url\":\"https:\\\/\\\/shanabooks.de\\\/\",\"logo\":{\"@type\":\"ImageObject\",\"inLanguage\":\"de\",\"@id\":\"https:\\\/\\\/shanabooks.de\\\/#\\\/schema\\\/logo\\\/image\\\/\",\"url\":\"https:\\\/\\\/shanabooks.de\\\/wp-content\\\/uploads\\\/2024\\\/03\\\/SHANABOOKS__2_-removebg-preview.png\",\"contentUrl\":\"https:\\\/\\\/shanabooks.de\\\/wp-content\\\/uploads\\\/2024\\\/03\\\/SHANABOOKS__2_-removebg-preview.png\",\"width\":700,\"height\":150,\"caption\":\"www.shanbooks.de\"},\"image\":{\"@id\":\"https:\\\/\\\/shanabooks.de\\\/#\\\/schema\\\/logo\\\/image\\\/\"}}]}<\/script>\n<!-- \/ Yoast SEO plugin. -->","yoast_head_json":{"title":"Bajar\u00ea Moriyan - Yehya Elew\u00eeferd - www.shanabooks.de","description":"Bajar\u00ea Moriyan - Zarok Pirt\u00fbka Bajar\u00ea Moriyan ji h\u00eala helbestkar\u00ea h\u00eaja Yehya Elew\u00eeferd ve hatiye niv\u00ees\u00een. Helbestkar \u00fb niv\u00eeskar\u00ea me li Xorasana \u00ceran\u00ea ev...","robots":{"index":"index","follow":"follow","max-snippet":"max-snippet:-1","max-image-preview":"max-image-preview:large","max-video-preview":"max-video-preview:-1"},"canonical":"https:\/\/shanabooks.de\/product\/bajare-moriyan-yehya-elewiferd\/","og_locale":"de_DE","og_type":"article","og_title":"Bajar\u00ea Moriyan - Yehya Elew\u00eeferd - www.shanabooks.de","og_description":"Bajar\u00ea Moriyan - Zarok Pirt\u00fbka Bajar\u00ea Moriyan ji h\u00eala helbestkar\u00ea h\u00eaja Yehya Elew\u00eeferd ve hatiye niv\u00ees\u00een. Helbestkar \u00fb niv\u00eeskar\u00ea me li Xorasana \u00ceran\u00ea ev...","og_url":"https:\/\/shanabooks.de\/product\/bajare-moriyan-yehya-elewiferd\/","og_site_name":"www.shanabooks.de","article_modified_time":"2024-04-08T17:34:56+00:00","og_image":[{"width":210,"height":240,"url":"https:\/\/shanabooks.de\/wp-content\/uploads\/2024\/03\/bajare-moriyan.webp","type":"image\/webp"}],"twitter_card":"summary_large_image","twitter_misc":{"Gesch\u00e4tzte Lesezeit":"1\u00a0Minute"},"schema":{"@context":"https:\/\/schema.org","@graph":[{"@type":"WebPage","@id":"https:\/\/shanabooks.de\/product\/bajare-moriyan-yehya-elewiferd\/","url":"https:\/\/shanabooks.de\/product\/bajare-moriyan-yehya-elewiferd\/","name":"Bajar\u00ea Moriyan - Yehya Elew\u00eeferd - www.shanabooks.de","isPartOf":{"@id":"https:\/\/shanabooks.de\/#website"},"primaryImageOfPage":{"@id":"https:\/\/shanabooks.de\/product\/bajare-moriyan-yehya-elewiferd\/#primaryimage"},"image":{"@id":"https:\/\/shanabooks.de\/product\/bajare-moriyan-yehya-elewiferd\/#primaryimage"},"thumbnailUrl":"https:\/\/shanabooks.de\/wp-content\/uploads\/2024\/03\/bajare-moriyan.webp","datePublished":"2024-03-03T19:45:11+00:00","dateModified":"2024-04-08T17:34:56+00:00","description":"Bajar\u00ea Moriyan - Zarok Pirt\u00fbka Bajar\u00ea Moriyan ji h\u00eala helbestkar\u00ea h\u00eaja Yehya Elew\u00eeferd ve hatiye niv\u00ees\u00een. Helbestkar \u00fb niv\u00eeskar\u00ea me li Xorasana \u00ceran\u00ea ev...","breadcrumb":{"@id":"https:\/\/shanabooks.de\/product\/bajare-moriyan-yehya-elewiferd\/#breadcrumb"},"inLanguage":"de","potentialAction":[{"@type":"ReadAction","target":["https:\/\/shanabooks.de\/product\/bajare-moriyan-yehya-elewiferd\/"]}]},{"@type":"ImageObject","inLanguage":"de","@id":"https:\/\/shanabooks.de\/product\/bajare-moriyan-yehya-elewiferd\/#primaryimage","url":"https:\/\/shanabooks.de\/wp-content\/uploads\/2024\/03\/bajare-moriyan.webp","contentUrl":"https:\/\/shanabooks.de\/wp-content\/uploads\/2024\/03\/bajare-moriyan.webp","width":210,"height":240,"caption":"Bajar\u00ea Moriyan - Zarok - pirt\u00fbk\u00ean kurd\u00ee - zarok"},{"@type":"BreadcrumbList","@id":"https:\/\/shanabooks.de\/product\/bajare-moriyan-yehya-elewiferd\/#breadcrumb","itemListElement":[{"@type":"ListItem","position":1,"name":"\u0627\u0644\u0631\u0626\u064a\u0633\u064a\u0629","item":"https:\/\/shanabooks.de\/de\/"},{"@type":"ListItem","position":2,"name":"\u0627\u0644\u0645\u0646\u062a\u062c\u0627\u062a","item":"https:\/\/shanabooks.de\/shop\/"},{"@type":"ListItem","position":3,"name":"Bajar\u00ea Moriyan"}]},{"@type":"WebSite","@id":"https:\/\/shanabooks.de\/#website","url":"https:\/\/shanabooks.de\/","name":"www.shanbooks.de","description":"C\u00eehana Pirt\u00fbk\u00ean Kurd\u00ee \u0645\u0643\u062a\u0628\u0629 \u0634\u0627\u0646\u0627 \u0641\u064a \u0627\u0644\u0645\u0627\u0646\u064a\u0627 \u0648\u0623\u0648\u0631\u0628\u0627","publisher":{"@id":"https:\/\/shanabooks.de\/#organization"},"potentialAction":[{"@type":"SearchAction","target":{"@type":"EntryPoint","urlTemplate":"https:\/\/shanabooks.de\/?s={search_term_string}"},"query-input":{"@type":"PropertyValueSpecification","valueRequired":true,"valueName":"search_term_string"}}],"inLanguage":"de"},{"@type":"Organization","@id":"https:\/\/shanabooks.de\/#organization","name":"www.shanbooks.de","url":"https:\/\/shanabooks.de\/","logo":{"@type":"ImageObject","inLanguage":"de","@id":"https:\/\/shanabooks.de\/#\/schema\/logo\/image\/","url":"https:\/\/shanabooks.de\/wp-content\/uploads\/2024\/03\/SHANABOOKS__2_-removebg-preview.png","contentUrl":"https:\/\/shanabooks.de\/wp-content\/uploads\/2024\/03\/SHANABOOKS__2_-removebg-preview.png","width":700,"height":150,"caption":"www.shanbooks.de"},"image":{"@id":"https:\/\/shanabooks.de\/#\/schema\/logo\/image\/"}}]}},"jetpack_sharing_enabled":true,"_links":{"self":[{"href":"https:\/\/shanabooks.de\/de\/wp-json\/wp\/v2\/product\/12594","targetHints":{"allow":["GET"]}}],"collection":[{"href":"https:\/\/shanabooks.de\/de\/wp-json\/wp\/v2\/product"}],"about":[{"href":"https:\/\/shanabooks.de\/de\/wp-json\/wp\/v2\/types\/product"}],"version-history":[{"count":3,"href":"https:\/\/shanabooks.de\/de\/wp-json\/wp\/v2\/product\/12594\/revisions"}],"predecessor-version":[{"id":23371,"href":"https:\/\/shanabooks.de\/de\/wp-json\/wp\/v2\/product\/12594\/revisions\/23371"}],"wp:featuredmedia":[{"embeddable":true,"href":"https:\/\/shanabooks.de\/de\/wp-json\/wp\/v2\/media\/12631"}],"wp:attachment":[{"href":"https:\/\/shanabooks.de\/de\/wp-json\/wp\/v2\/media?parent=12594"}],"wp:term":[{"taxonomy":"product_brand","embeddable":true,"href":"https:\/\/shanabooks.de\/de\/wp-json\/wp\/v2\/product_brand?post=12594"},{"taxonomy":"product_cat","embeddable":true,"href":"https:\/\/shanabooks.de\/de\/wp-json\/wp\/v2\/product_cat?post=12594"},{"taxonomy":"product_tag","embeddable":true,"href":"https:\/\/shanabooks.de\/de\/wp-json\/wp\/v2\/product_tag?post=12594"}],"curies":[{"name":"wp","href":"https:\/\/api.w.org\/{rel}","templated":true}]}}