{"id":12603,"date":"2024-03-03T19:45:11","date_gmt":"2024-03-03T19:45:11","guid":{"rendered":"https:\/\/shanabooks.de\/?post_type=product&#038;p=12603"},"modified":"2026-04-20T19:23:47","modified_gmt":"2026-04-20T19:23:47","slug":"meriven-reben-dostoyevski","status":"publish","type":"product","link":"https:\/\/shanabooks.de\/de\/product\/meriven-reben-dostoyevski\/","title":{"rendered":"Meriv\u00ean Reben"},"content":{"rendered":"<p dir=\"ltr\"><strong>Meriv\u00ean Reben &#8211; Dostoyevsk\u00ee<\/strong><\/p>\n<p dir=\"ltr\">Di p\u00ea\u015fgotina kit\u00eab\u00ea de Hesen\u00ea Met\u00ea dib\u00eaje: \u201cDostoyevsk\u00ee yekem\u00een niv\u00eeskar\u00ea \u00ea\u015f \u00fb azara jiyan\u00ea ye. Hunermend, ps\u00eekolog, human\u00eest \u00fb dilovan&#8230; bi van nex\u015fan, yek\u00ee nola w\u00ee nehatiye \u00fb ne j\u00ee \u00e7\u00fbye. Bi xwe jiyaneke tahl, xizan, bi \u00ea\u015f \u00fb nexwe\u015f\u00ee buhurandiye. Erd \u00fb as\u00eeman, cin \u00fb per\u00ee, \u00e7\u00eay\u00ee \u00fb xirab\u00ee di jiyan \u00fb berhem\u00ean w\u00ee de li hev dipi\u00e7ikin \u00fb hevdu dih\u00fbnin. Gelek rexnegir \u00fb l\u00eakol\u00eeneran li ser Dostoyevsk\u00ee pir \u00fb pir ti\u015ft gotine \u00fb niv\u00eesandine. Ji van ti\u015ftan gelek\u00ee wan ji hev d\u00fbr \u00fb gelek\u00ee wan j\u00ee n\u00eaz\u00eek\u00ee hev in. Ji ber v\u00ea yek\u00ea, ez ne bawer im ku bi n\u00eegareke din \u00fb yeke din \u00fb yeke din j\u00ee meriv bikanibe ruh, raman \u00fb felsefeya w\u00ee bidine famkirin. \u00db ne d\u00fbr\u00ee aqilan e ku em bib\u00eajin: Dostoyevsk\u00ee bi xwe j\u00ee n\u00eegara \u00eav\u00een \u00fb oldariya xwe, dilovaniya ruh\u00ea xwe, kurahiya felsefeya xwe, nex\u015f \u00fb h\u00fbnandina hunermendiya xwe bi l\u00eav nekiriye \u00fb nikanib\u00fbye bike. Dibe ku ev ji bo w\u00ee j\u00ee gelek\u00ee dijwar b\u00fbye. Dostoyevsk\u00ee bi xwendin\u00ea t\u00ea famkirin\u00ea, l\u00ea dijwar e ku were katkirin.\u201d<br \/>\nMeriv\u00ean Reben ya niv\u00eeskar\u00ea R\u00fbs Dostoyevsk\u00ee ye \u00fb ji we\u015fan\u00ean Avesta ye.<\/p>\n","protected":false},"excerpt":{"rendered":"<p dir=\"ltr\" style=\"text-align: center\"><strong>Niv\u00eesakr: Dostoyevsk\u00ee<\/strong><br \/>\n<strong>Pirt\u00fbk: Meriv\u00ean Reben<\/strong><br \/>\n<strong>Cure: Roman<\/strong><br \/>\n<strong>Werg\u00ear: Hesen\u00ea Met\u00ea<\/strong><\/p>\n","protected":false},"featured_media":12668,"template":"","meta":{"site-sidebar-layout":"default","site-content-layout":"","ast-site-content-layout":"default","site-content-style":"default","site-sidebar-style":"default","ast-global-header-display":"","ast-banner-title-visibility":"","ast-main-header-display":"","ast-hfb-above-header-display":"","ast-hfb-below-header-display":"","ast-hfb-mobile-header-display":"","site-post-title":"","ast-breadcrumbs-content":"","ast-featured-img":"","footer-sml-layout":"","ast-disable-related-posts":"","theme-transparent-header-meta":"default","adv-header-id-meta":"","stick-header-meta":"","header-above-stick-meta":"","header-main-stick-meta":"","header-below-stick-meta":"","astra-migrate-meta-layouts":"set","ast-page-background-enabled":"default","ast-page-background-meta":{"desktop":{"background-color":"","background-image":"","background-repeat":"repeat","background-position":"center center","background-size":"auto","background-attachment":"scroll","background-type":"","background-media":"","overlay-type":"","overlay-color":"","overlay-opacity":"","overlay-gradient":""},"tablet":{"background-color":"","background-image":"","background-repeat":"repeat","background-position":"center center","background-size":"auto","background-attachment":"scroll","background-type":"","background-media":"","overlay-type":"","overlay-color":"","overlay-opacity":"","overlay-gradient":""},"mobile":{"background-color":"","background-image":"","background-repeat":"repeat","background-position":"center center","background-size":"auto","background-attachment":"scroll","background-type":"","background-media":"","overlay-type":"","overlay-color":"","overlay-opacity":"","overlay-gradient":""}},"ast-content-background-meta":{"desktop":{"background-color":"var(--ast-global-color-5)","background-image":"","background-repeat":"repeat","background-position":"center center","background-size":"auto","background-attachment":"scroll","background-type":"","background-media":"","overlay-type":"","overlay-color":"","overlay-opacity":"","overlay-gradient":""},"tablet":{"background-color":"var(--ast-global-color-5)","background-image":"","background-repeat":"repeat","background-position":"center center","background-size":"auto","background-attachment":"scroll","background-type":"","background-media":"","overlay-type":"","overlay-color":"","overlay-opacity":"","overlay-gradient":""},"mobile":{"background-color":"var(--ast-global-color-5)","background-image":"","background-repeat":"repeat","background-position":"center center","background-size":"auto","background-attachment":"scroll","background-type":"","background-media":"","overlay-type":"","overlay-color":"","overlay-opacity":"","overlay-gradient":""}}},"product_brand":[],"product_cat":[185,193],"product_tag":[],"class_list":{"0":"post-12603","1":"product","2":"type-product","3":"status-publish","4":"has-post-thumbnail","6":"product_cat--_","8":"pa_-roman","9":"pa_-wejeye-cihani","10":"pa_-dostoyevski","11":"pa_-kurmanci","12":"pa_--avesta-yayinlari","13":"desktop-align-left","14":"tablet-align-left","15":"mobile-align-left","17":"first","18":"instock","19":"shipping-taxable","20":"purchasable","21":"product-type-simple"},"yoast_head":"<!-- This site is optimized with the Yoast SEO plugin v27.5 - https:\/\/yoast.com\/product\/yoast-seo-wordpress\/ -->\n<title>Meriv\u00ean Reben - Dostoyevsk\u00ee - www.shanabooks.de<\/title>\n<meta name=\"description\" content=\"Meriv\u00ean Reben - Dostoyevsk\u00ee Di p\u00ea\u015fgotina kit\u00eab\u00ea de Hesen\u00ea Met\u00ea dib\u00eaje: \u201cDostoyevsk\u00ee yekem\u00een niv\u00eeskar\u00ea \u00ea\u015f \u00fb azara jiyan\u00ea ye. Hunermend, ps\u00eekolog, human\u00eest...\" \/>\n<meta name=\"robots\" content=\"index, follow, max-snippet:-1, max-image-preview:large, max-video-preview:-1\" \/>\n<link rel=\"canonical\" href=\"https:\/\/shanabooks.de\/product\/meriven-reben-dostoyevski\/\" \/>\n<meta property=\"og:locale\" content=\"de_DE\" \/>\n<meta property=\"og:type\" content=\"article\" \/>\n<meta property=\"og:title\" content=\"Meriv\u00ean Reben - Dostoyevsk\u00ee - www.shanabooks.de\" \/>\n<meta property=\"og:description\" content=\"Meriv\u00ean Reben - Dostoyevsk\u00ee Di p\u00ea\u015fgotina kit\u00eab\u00ea de Hesen\u00ea Met\u00ea dib\u00eaje: \u201cDostoyevsk\u00ee yekem\u00een niv\u00eeskar\u00ea \u00ea\u015f \u00fb azara jiyan\u00ea ye. Hunermend, ps\u00eekolog, human\u00eest...\" \/>\n<meta property=\"og:url\" content=\"https:\/\/shanabooks.de\/product\/meriven-reben-dostoyevski\/\" \/>\n<meta property=\"og:site_name\" content=\"www.shanabooks.de\" \/>\n<meta property=\"article:modified_time\" content=\"2026-04-20T19:23:47+00:00\" \/>\n<meta property=\"og:image\" content=\"https:\/\/shanabooks.de\/wp-content\/uploads\/2024\/03\/meriven-reben.jpg\" \/>\n\t<meta property=\"og:image:width\" content=\"597\" \/>\n\t<meta property=\"og:image:height\" content=\"900\" \/>\n\t<meta property=\"og:image:type\" content=\"image\/jpeg\" \/>\n<meta name=\"twitter:card\" content=\"summary_large_image\" \/>\n<meta name=\"twitter:label1\" content=\"Gesch\u00e4tzte Lesezeit\" \/>\n\t<meta name=\"twitter:data1\" content=\"2\u00a0Minuten\" \/>\n<script type=\"application\/ld+json\" class=\"yoast-schema-graph\">{\"@context\":\"https:\\\/\\\/schema.org\",\"@graph\":[{\"@type\":\"WebPage\",\"@id\":\"https:\\\/\\\/shanabooks.de\\\/product\\\/meriven-reben-dostoyevski\\\/\",\"url\":\"https:\\\/\\\/shanabooks.de\\\/product\\\/meriven-reben-dostoyevski\\\/\",\"name\":\"Meriv\u00ean Reben - Dostoyevsk\u00ee - www.shanabooks.de\",\"isPartOf\":{\"@id\":\"https:\\\/\\\/shanabooks.de\\\/#website\"},\"primaryImageOfPage\":{\"@id\":\"https:\\\/\\\/shanabooks.de\\\/product\\\/meriven-reben-dostoyevski\\\/#primaryimage\"},\"image\":{\"@id\":\"https:\\\/\\\/shanabooks.de\\\/product\\\/meriven-reben-dostoyevski\\\/#primaryimage\"},\"thumbnailUrl\":\"https:\\\/\\\/shanabooks.de\\\/wp-content\\\/uploads\\\/2024\\\/03\\\/meriven-reben.jpg\",\"datePublished\":\"2024-03-03T19:45:11+00:00\",\"dateModified\":\"2026-04-20T19:23:47+00:00\",\"description\":\"Meriv\u00ean Reben - Dostoyevsk\u00ee Di p\u00ea\u015fgotina kit\u00eab\u00ea de Hesen\u00ea Met\u00ea dib\u00eaje: \u201cDostoyevsk\u00ee yekem\u00een niv\u00eeskar\u00ea \u00ea\u015f \u00fb azara jiyan\u00ea ye. Hunermend, ps\u00eekolog, human\u00eest...\",\"breadcrumb\":{\"@id\":\"https:\\\/\\\/shanabooks.de\\\/product\\\/meriven-reben-dostoyevski\\\/#breadcrumb\"},\"inLanguage\":\"de\",\"potentialAction\":[{\"@type\":\"ReadAction\",\"target\":[\"https:\\\/\\\/shanabooks.de\\\/product\\\/meriven-reben-dostoyevski\\\/\"]}]},{\"@type\":\"ImageObject\",\"inLanguage\":\"de\",\"@id\":\"https:\\\/\\\/shanabooks.de\\\/product\\\/meriven-reben-dostoyevski\\\/#primaryimage\",\"url\":\"https:\\\/\\\/shanabooks.de\\\/wp-content\\\/uploads\\\/2024\\\/03\\\/meriven-reben.jpg\",\"contentUrl\":\"https:\\\/\\\/shanabooks.de\\\/wp-content\\\/uploads\\\/2024\\\/03\\\/meriven-reben.jpg\",\"width\":597,\"height\":900,\"caption\":\"Meriv\u00ean Reben - Dostoyevsk\u00ee - pirt\u00fbk\u00ean kurd\u00ee\"},{\"@type\":\"BreadcrumbList\",\"@id\":\"https:\\\/\\\/shanabooks.de\\\/product\\\/meriven-reben-dostoyevski\\\/#breadcrumb\",\"itemListElement\":[{\"@type\":\"ListItem\",\"position\":1,\"name\":\"\u0627\u0644\u0631\u0626\u064a\u0633\u064a\u0629\",\"item\":\"https:\\\/\\\/shanabooks.de\\\/de\\\/\"},{\"@type\":\"ListItem\",\"position\":2,\"name\":\"\u0627\u0644\u0645\u0646\u062a\u062c\u0627\u062a\",\"item\":\"https:\\\/\\\/shanabooks.de\\\/shop\\\/\"},{\"@type\":\"ListItem\",\"position\":3,\"name\":\"Meriv\u00ean Reben\"}]},{\"@type\":\"WebSite\",\"@id\":\"https:\\\/\\\/shanabooks.de\\\/#website\",\"url\":\"https:\\\/\\\/shanabooks.de\\\/\",\"name\":\"www.shanbooks.de\",\"description\":\"C\u00eehana Pirt\u00fbk\u00ean Kurd\u00ee \u0645\u0643\u062a\u0628\u0629 \u0634\u0627\u0646\u0627 \u0641\u064a \u0627\u0644\u0645\u0627\u0646\u064a\u0627 \u0648\u0623\u0648\u0631\u0628\u0627\",\"publisher\":{\"@id\":\"https:\\\/\\\/shanabooks.de\\\/#organization\"},\"potentialAction\":[{\"@type\":\"SearchAction\",\"target\":{\"@type\":\"EntryPoint\",\"urlTemplate\":\"https:\\\/\\\/shanabooks.de\\\/?s={search_term_string}\"},\"query-input\":{\"@type\":\"PropertyValueSpecification\",\"valueRequired\":true,\"valueName\":\"search_term_string\"}}],\"inLanguage\":\"de\"},{\"@type\":\"Organization\",\"@id\":\"https:\\\/\\\/shanabooks.de\\\/#organization\",\"name\":\"www.shanbooks.de\",\"url\":\"https:\\\/\\\/shanabooks.de\\\/\",\"logo\":{\"@type\":\"ImageObject\",\"inLanguage\":\"de\",\"@id\":\"https:\\\/\\\/shanabooks.de\\\/#\\\/schema\\\/logo\\\/image\\\/\",\"url\":\"https:\\\/\\\/shanabooks.de\\\/wp-content\\\/uploads\\\/2024\\\/03\\\/SHANABOOKS__2_-removebg-preview.png\",\"contentUrl\":\"https:\\\/\\\/shanabooks.de\\\/wp-content\\\/uploads\\\/2024\\\/03\\\/SHANABOOKS__2_-removebg-preview.png\",\"width\":700,\"height\":150,\"caption\":\"www.shanbooks.de\"},\"image\":{\"@id\":\"https:\\\/\\\/shanabooks.de\\\/#\\\/schema\\\/logo\\\/image\\\/\"}}]}<\/script>\n<!-- \/ Yoast SEO plugin. -->","yoast_head_json":{"title":"Meriv\u00ean Reben - Dostoyevsk\u00ee - www.shanabooks.de","description":"Meriv\u00ean Reben - Dostoyevsk\u00ee Di p\u00ea\u015fgotina kit\u00eab\u00ea de Hesen\u00ea Met\u00ea dib\u00eaje: \u201cDostoyevsk\u00ee yekem\u00een niv\u00eeskar\u00ea \u00ea\u015f \u00fb azara jiyan\u00ea ye. Hunermend, ps\u00eekolog, human\u00eest...","robots":{"index":"index","follow":"follow","max-snippet":"max-snippet:-1","max-image-preview":"max-image-preview:large","max-video-preview":"max-video-preview:-1"},"canonical":"https:\/\/shanabooks.de\/product\/meriven-reben-dostoyevski\/","og_locale":"de_DE","og_type":"article","og_title":"Meriv\u00ean Reben - Dostoyevsk\u00ee - www.shanabooks.de","og_description":"Meriv\u00ean Reben - Dostoyevsk\u00ee Di p\u00ea\u015fgotina kit\u00eab\u00ea de Hesen\u00ea Met\u00ea dib\u00eaje: \u201cDostoyevsk\u00ee yekem\u00een niv\u00eeskar\u00ea \u00ea\u015f \u00fb azara jiyan\u00ea ye. Hunermend, ps\u00eekolog, human\u00eest...","og_url":"https:\/\/shanabooks.de\/product\/meriven-reben-dostoyevski\/","og_site_name":"www.shanabooks.de","article_modified_time":"2026-04-20T19:23:47+00:00","og_image":[{"width":597,"height":900,"url":"https:\/\/shanabooks.de\/wp-content\/uploads\/2024\/03\/meriven-reben.jpg","type":"image\/jpeg"}],"twitter_card":"summary_large_image","twitter_misc":{"Gesch\u00e4tzte Lesezeit":"2\u00a0Minuten"},"schema":{"@context":"https:\/\/schema.org","@graph":[{"@type":"WebPage","@id":"https:\/\/shanabooks.de\/product\/meriven-reben-dostoyevski\/","url":"https:\/\/shanabooks.de\/product\/meriven-reben-dostoyevski\/","name":"Meriv\u00ean Reben - Dostoyevsk\u00ee - www.shanabooks.de","isPartOf":{"@id":"https:\/\/shanabooks.de\/#website"},"primaryImageOfPage":{"@id":"https:\/\/shanabooks.de\/product\/meriven-reben-dostoyevski\/#primaryimage"},"image":{"@id":"https:\/\/shanabooks.de\/product\/meriven-reben-dostoyevski\/#primaryimage"},"thumbnailUrl":"https:\/\/shanabooks.de\/wp-content\/uploads\/2024\/03\/meriven-reben.jpg","datePublished":"2024-03-03T19:45:11+00:00","dateModified":"2026-04-20T19:23:47+00:00","description":"Meriv\u00ean Reben - Dostoyevsk\u00ee Di p\u00ea\u015fgotina kit\u00eab\u00ea de Hesen\u00ea Met\u00ea dib\u00eaje: \u201cDostoyevsk\u00ee yekem\u00een niv\u00eeskar\u00ea \u00ea\u015f \u00fb azara jiyan\u00ea ye. Hunermend, ps\u00eekolog, human\u00eest...","breadcrumb":{"@id":"https:\/\/shanabooks.de\/product\/meriven-reben-dostoyevski\/#breadcrumb"},"inLanguage":"de","potentialAction":[{"@type":"ReadAction","target":["https:\/\/shanabooks.de\/product\/meriven-reben-dostoyevski\/"]}]},{"@type":"ImageObject","inLanguage":"de","@id":"https:\/\/shanabooks.de\/product\/meriven-reben-dostoyevski\/#primaryimage","url":"https:\/\/shanabooks.de\/wp-content\/uploads\/2024\/03\/meriven-reben.jpg","contentUrl":"https:\/\/shanabooks.de\/wp-content\/uploads\/2024\/03\/meriven-reben.jpg","width":597,"height":900,"caption":"Meriv\u00ean Reben - Dostoyevsk\u00ee - pirt\u00fbk\u00ean kurd\u00ee"},{"@type":"BreadcrumbList","@id":"https:\/\/shanabooks.de\/product\/meriven-reben-dostoyevski\/#breadcrumb","itemListElement":[{"@type":"ListItem","position":1,"name":"\u0627\u0644\u0631\u0626\u064a\u0633\u064a\u0629","item":"https:\/\/shanabooks.de\/de\/"},{"@type":"ListItem","position":2,"name":"\u0627\u0644\u0645\u0646\u062a\u062c\u0627\u062a","item":"https:\/\/shanabooks.de\/shop\/"},{"@type":"ListItem","position":3,"name":"Meriv\u00ean Reben"}]},{"@type":"WebSite","@id":"https:\/\/shanabooks.de\/#website","url":"https:\/\/shanabooks.de\/","name":"www.shanbooks.de","description":"C\u00eehana Pirt\u00fbk\u00ean Kurd\u00ee \u0645\u0643\u062a\u0628\u0629 \u0634\u0627\u0646\u0627 \u0641\u064a \u0627\u0644\u0645\u0627\u0646\u064a\u0627 \u0648\u0623\u0648\u0631\u0628\u0627","publisher":{"@id":"https:\/\/shanabooks.de\/#organization"},"potentialAction":[{"@type":"SearchAction","target":{"@type":"EntryPoint","urlTemplate":"https:\/\/shanabooks.de\/?s={search_term_string}"},"query-input":{"@type":"PropertyValueSpecification","valueRequired":true,"valueName":"search_term_string"}}],"inLanguage":"de"},{"@type":"Organization","@id":"https:\/\/shanabooks.de\/#organization","name":"www.shanbooks.de","url":"https:\/\/shanabooks.de\/","logo":{"@type":"ImageObject","inLanguage":"de","@id":"https:\/\/shanabooks.de\/#\/schema\/logo\/image\/","url":"https:\/\/shanabooks.de\/wp-content\/uploads\/2024\/03\/SHANABOOKS__2_-removebg-preview.png","contentUrl":"https:\/\/shanabooks.de\/wp-content\/uploads\/2024\/03\/SHANABOOKS__2_-removebg-preview.png","width":700,"height":150,"caption":"www.shanbooks.de"},"image":{"@id":"https:\/\/shanabooks.de\/#\/schema\/logo\/image\/"}}]}},"jetpack_sharing_enabled":true,"_links":{"self":[{"href":"https:\/\/shanabooks.de\/de\/wp-json\/wp\/v2\/product\/12603","targetHints":{"allow":["GET"]}}],"collection":[{"href":"https:\/\/shanabooks.de\/de\/wp-json\/wp\/v2\/product"}],"about":[{"href":"https:\/\/shanabooks.de\/de\/wp-json\/wp\/v2\/types\/product"}],"version-history":[{"count":5,"href":"https:\/\/shanabooks.de\/de\/wp-json\/wp\/v2\/product\/12603\/revisions"}],"predecessor-version":[{"id":26064,"href":"https:\/\/shanabooks.de\/de\/wp-json\/wp\/v2\/product\/12603\/revisions\/26064"}],"wp:featuredmedia":[{"embeddable":true,"href":"https:\/\/shanabooks.de\/de\/wp-json\/wp\/v2\/media\/12668"}],"wp:attachment":[{"href":"https:\/\/shanabooks.de\/de\/wp-json\/wp\/v2\/media?parent=12603"}],"wp:term":[{"taxonomy":"product_brand","embeddable":true,"href":"https:\/\/shanabooks.de\/de\/wp-json\/wp\/v2\/product_brand?post=12603"},{"taxonomy":"product_cat","embeddable":true,"href":"https:\/\/shanabooks.de\/de\/wp-json\/wp\/v2\/product_cat?post=12603"},{"taxonomy":"product_tag","embeddable":true,"href":"https:\/\/shanabooks.de\/de\/wp-json\/wp\/v2\/product_tag?post=12603"}],"curies":[{"name":"wp","href":"https:\/\/api.w.org\/{rel}","templated":true}]}}