{"id":12604,"date":"2024-03-03T19:45:11","date_gmt":"2024-03-03T19:45:11","guid":{"rendered":"https:\/\/shanabooks.de\/?post_type=product&#038;p=12604"},"modified":"2025-12-31T17:43:45","modified_gmt":"2025-12-31T17:43:45","slug":"suc-u-ceza-dosoyevski","status":"publish","type":"product","link":"https:\/\/shanabooks.de\/de\/product\/suc-u-ceza-dosoyevski\/","title":{"rendered":"S\u00fbc \u00fb Ceza"},"content":{"rendered":"<p dir=\"ltr\"><strong>S\u00fbc \u00fb Ceza &#8211; Dostoyevsk\u00ee<br \/>\n<\/strong><\/p>\n<p dir=\"ltr\" style=\"font-weight: 400\">Ev berhema Dostoyevsk\u00ee ji sala 1886an vir ve ji aliy\u00ea bi milyon kesan ve hatiye xwendin, niha j\u00ee t\u00ea xwendin \u00fb wisa xuya ye ku w\u00ea di roj\u00ean p\u00ea\u015f de j\u00ee were xwendin. Ev berhema han ji w\u00eajeya R\u00fbs\u00ee \u015faheserek e ku nav\u00ea xwe li r\u00fbpela w\u00eajeya dinyay\u00ea daye niv\u00eesandin.<\/p>\n<p dir=\"ltr\" style=\"font-weight: 400\">S\u00fbc \u00fb Ceza hest\u00ean m\u00eena aloz\u00ee, nakok\u00ee, \u015fikestin, h\u00eav\u00ee, b\u00eah\u00eav\u00eet\u00ee, m\u00earkuj\u00ee, po\u015fman\u00ee, xewn \u00fb xeyal\u00ean tirsnak \u00ean ku di jiyana mirov de t\u00ean d\u00eetin, di \u015fexsiyeta leheng\u00ea xwe Raskoln\u00eekov de li ber \u00e7avan radixe. Raskoln\u00eekov lehengek\u00ee ji nav jiyan\u00ea ye, \u015fagirdek\u00ee zan\u00eengeh\u00ea ye, di nav xizaniyeke dijwar de diperpite \u00fb sedem v\u00ea yek\u00ea biryarek\u00ea dide. L\u00ea mixabin ev biryar ango ku\u015ftina yek\u00ee, jiyan\u00ea l\u00ea heram dike. \u015eev\u00ean b\u00eaxew, xewn\u00ean tirsnak, \u015fayesandina b\u00fbyeran \u00fb kesayetan; mirov bi xwe re dibe ode, hew\u015f \u00fb kolan\u00ean w\u00ee bajar\u00ee. Lewma di v\u00ea berhem\u00ea de tansiyon her car bilind e.<\/p>\n<p dir=\"ltr\" style=\"font-weight: 400\">S\u00fbc \u00fb Ceza ya Dostoyevsk\u00ee \u015fahesereke h\u00eajay\u00ee xwendin\u00ea ye \u00fb ji bo romann\u00fbsa j\u00ee m\u00eenak \u00fb \u00e7avkaniyeke b\u00eahempa ye.<\/p>\n","protected":false},"excerpt":{"rendered":"<p dir=\"ltr\" style=\"text-align: center\"><strong>Pirt\u00fbk: S\u00fbc \u00fb Ceza<br \/>\nNiv\u00eeskar: Dostoyevsk\u00ee<\/strong><br \/>\n<strong>Cure: Roman<\/strong><br \/>\n<strong>Ji w\u00eajeya R\u00fbs\u00ee\u00a0<\/strong><\/p>\n","protected":false},"featured_media":12670,"template":"","meta":{"site-sidebar-layout":"default","site-content-layout":"","ast-site-content-layout":"default","site-content-style":"default","site-sidebar-style":"default","ast-global-header-display":"","ast-banner-title-visibility":"","ast-main-header-display":"","ast-hfb-above-header-display":"","ast-hfb-below-header-display":"","ast-hfb-mobile-header-display":"","site-post-title":"","ast-breadcrumbs-content":"","ast-featured-img":"","footer-sml-layout":"","ast-disable-related-posts":"","theme-transparent-header-meta":"default","adv-header-id-meta":"","stick-header-meta":"","header-above-stick-meta":"","header-main-stick-meta":"","header-below-stick-meta":"","astra-migrate-meta-layouts":"set","ast-page-background-enabled":"default","ast-page-background-meta":{"desktop":{"background-color":"","background-image":"","background-repeat":"repeat","background-position":"center center","background-size":"auto","background-attachment":"scroll","background-type":"","background-media":"","overlay-type":"","overlay-color":"","overlay-opacity":"","overlay-gradient":""},"tablet":{"background-color":"","background-image":"","background-repeat":"repeat","background-position":"center center","background-size":"auto","background-attachment":"scroll","background-type":"","background-media":"","overlay-type":"","overlay-color":"","overlay-opacity":"","overlay-gradient":""},"mobile":{"background-color":"","background-image":"","background-repeat":"repeat","background-position":"center center","background-size":"auto","background-attachment":"scroll","background-type":"","background-media":"","overlay-type":"","overlay-color":"","overlay-opacity":"","overlay-gradient":""}},"ast-content-background-meta":{"desktop":{"background-color":"var(--ast-global-color-5)","background-image":"","background-repeat":"repeat","background-position":"center center","background-size":"auto","background-attachment":"scroll","background-type":"","background-media":"","overlay-type":"","overlay-color":"","overlay-opacity":"","overlay-gradient":""},"tablet":{"background-color":"var(--ast-global-color-5)","background-image":"","background-repeat":"repeat","background-position":"center center","background-size":"auto","background-attachment":"scroll","background-type":"","background-media":"","overlay-type":"","overlay-color":"","overlay-opacity":"","overlay-gradient":""},"mobile":{"background-color":"var(--ast-global-color-5)","background-image":"","background-repeat":"repeat","background-position":"center center","background-size":"auto","background-attachment":"scroll","background-type":"","background-media":"","overlay-type":"","overlay-color":"","overlay-opacity":"","overlay-gradient":""}}},"product_brand":[],"product_cat":[185,182,193],"product_tag":[],"class_list":{"0":"post-12604","1":"product","2":"type-product","3":"status-publish","4":"has-post-thumbnail","6":"product_cat--_","7":"product_cat-_","9":"pa_-roman","10":"pa_-wejeye-cihani","11":"pa_-dostoyevski","12":"pa_-kurmanci","13":"pa_--nubihar","14":"desktop-align-left","15":"tablet-align-left","16":"mobile-align-left","18":"first","19":"outofstock","20":"shipping-taxable","21":"purchasable","22":"product-type-simple"},"yoast_head":"<!-- This site is optimized with the Yoast SEO plugin v27.5 - https:\/\/yoast.com\/product\/yoast-seo-wordpress\/ -->\n<title>S\u00fbc \u00fb Ceza - Dostoyevsk\u00ee - www.shanabooks.de<\/title>\n<meta name=\"description\" content=\"S\u00fbc \u00fb Ceza - Dostoyevsk\u00ee Ev berhema Dostoyevsk\u00ee ji sala 1886an vir ve ji aliy\u00ea bi milyon kesan ve hatiye xwendin, niha j\u00ee t\u00ea xwendin \u00fb wisa xuya ye ku w\u00ea...\" \/>\n<meta name=\"robots\" content=\"index, follow, max-snippet:-1, max-image-preview:large, max-video-preview:-1\" \/>\n<link rel=\"canonical\" href=\"https:\/\/shanabooks.de\/product\/suc-u-ceza-dosoyevski\/\" \/>\n<meta property=\"og:locale\" content=\"de_DE\" \/>\n<meta property=\"og:type\" content=\"article\" \/>\n<meta property=\"og:title\" content=\"S\u00fbc \u00fb Ceza - Dostoyevsk\u00ee - www.shanabooks.de\" \/>\n<meta property=\"og:description\" content=\"S\u00fbc \u00fb Ceza - Dostoyevsk\u00ee Ev berhema Dostoyevsk\u00ee ji sala 1886an vir ve ji aliy\u00ea bi milyon kesan ve hatiye xwendin, niha j\u00ee t\u00ea xwendin \u00fb wisa xuya ye ku w\u00ea...\" \/>\n<meta property=\"og:url\" content=\"https:\/\/shanabooks.de\/product\/suc-u-ceza-dosoyevski\/\" \/>\n<meta property=\"og:site_name\" content=\"www.shanabooks.de\" \/>\n<meta property=\"article:modified_time\" content=\"2025-12-31T17:43:45+00:00\" \/>\n<meta property=\"og:image\" content=\"https:\/\/shanabooks.de\/wp-content\/uploads\/2024\/03\/Suc-u-Ceza-Nubihar.png\" \/>\n\t<meta property=\"og:image:width\" content=\"290\" \/>\n\t<meta property=\"og:image:height\" content=\"470\" \/>\n\t<meta property=\"og:image:type\" content=\"image\/png\" \/>\n<meta name=\"twitter:card\" content=\"summary_large_image\" \/>\n<meta name=\"twitter:label1\" content=\"Gesch\u00e4tzte Lesezeit\" \/>\n\t<meta name=\"twitter:data1\" content=\"2\u00a0Minuten\" \/>\n<script type=\"application\/ld+json\" class=\"yoast-schema-graph\">{\"@context\":\"https:\\\/\\\/schema.org\",\"@graph\":[{\"@type\":\"WebPage\",\"@id\":\"https:\\\/\\\/shanabooks.de\\\/product\\\/suc-u-ceza-dosoyevski\\\/\",\"url\":\"https:\\\/\\\/shanabooks.de\\\/product\\\/suc-u-ceza-dosoyevski\\\/\",\"name\":\"S\u00fbc \u00fb Ceza - Dostoyevsk\u00ee - www.shanabooks.de\",\"isPartOf\":{\"@id\":\"https:\\\/\\\/shanabooks.de\\\/#website\"},\"primaryImageOfPage\":{\"@id\":\"https:\\\/\\\/shanabooks.de\\\/product\\\/suc-u-ceza-dosoyevski\\\/#primaryimage\"},\"image\":{\"@id\":\"https:\\\/\\\/shanabooks.de\\\/product\\\/suc-u-ceza-dosoyevski\\\/#primaryimage\"},\"thumbnailUrl\":\"https:\\\/\\\/shanabooks.de\\\/wp-content\\\/uploads\\\/2024\\\/03\\\/Suc-u-Ceza-Nubihar.png\",\"datePublished\":\"2024-03-03T19:45:11+00:00\",\"dateModified\":\"2025-12-31T17:43:45+00:00\",\"description\":\"S\u00fbc \u00fb Ceza - Dostoyevsk\u00ee Ev berhema Dostoyevsk\u00ee ji sala 1886an vir ve ji aliy\u00ea bi milyon kesan ve hatiye xwendin, niha j\u00ee t\u00ea xwendin \u00fb wisa xuya ye ku w\u00ea...\",\"breadcrumb\":{\"@id\":\"https:\\\/\\\/shanabooks.de\\\/product\\\/suc-u-ceza-dosoyevski\\\/#breadcrumb\"},\"inLanguage\":\"de\",\"potentialAction\":[{\"@type\":\"ReadAction\",\"target\":[\"https:\\\/\\\/shanabooks.de\\\/product\\\/suc-u-ceza-dosoyevski\\\/\"]}]},{\"@type\":\"ImageObject\",\"inLanguage\":\"de\",\"@id\":\"https:\\\/\\\/shanabooks.de\\\/product\\\/suc-u-ceza-dosoyevski\\\/#primaryimage\",\"url\":\"https:\\\/\\\/shanabooks.de\\\/wp-content\\\/uploads\\\/2024\\\/03\\\/Suc-u-Ceza-Nubihar.png\",\"contentUrl\":\"https:\\\/\\\/shanabooks.de\\\/wp-content\\\/uploads\\\/2024\\\/03\\\/Suc-u-Ceza-Nubihar.png\",\"width\":290,\"height\":470,\"caption\":\"S\u00fbc \u00fb Ceza - Dosoyevsk\u00ee - pirt\u00fbk\u00ean kurd\u00ee\"},{\"@type\":\"BreadcrumbList\",\"@id\":\"https:\\\/\\\/shanabooks.de\\\/product\\\/suc-u-ceza-dosoyevski\\\/#breadcrumb\",\"itemListElement\":[{\"@type\":\"ListItem\",\"position\":1,\"name\":\"\u0627\u0644\u0631\u0626\u064a\u0633\u064a\u0629\",\"item\":\"https:\\\/\\\/shanabooks.de\\\/de\\\/\"},{\"@type\":\"ListItem\",\"position\":2,\"name\":\"\u0627\u0644\u0645\u0646\u062a\u062c\u0627\u062a\",\"item\":\"https:\\\/\\\/shanabooks.de\\\/shop\\\/\"},{\"@type\":\"ListItem\",\"position\":3,\"name\":\"S\u00fbc \u00fb Ceza\"}]},{\"@type\":\"WebSite\",\"@id\":\"https:\\\/\\\/shanabooks.de\\\/#website\",\"url\":\"https:\\\/\\\/shanabooks.de\\\/\",\"name\":\"www.shanbooks.de\",\"description\":\"C\u00eehana Pirt\u00fbk\u00ean Kurd\u00ee \u0645\u0643\u062a\u0628\u0629 \u0634\u0627\u0646\u0627 \u0641\u064a \u0627\u0644\u0645\u0627\u0646\u064a\u0627 \u0648\u0623\u0648\u0631\u0628\u0627\",\"publisher\":{\"@id\":\"https:\\\/\\\/shanabooks.de\\\/#organization\"},\"potentialAction\":[{\"@type\":\"SearchAction\",\"target\":{\"@type\":\"EntryPoint\",\"urlTemplate\":\"https:\\\/\\\/shanabooks.de\\\/?s={search_term_string}\"},\"query-input\":{\"@type\":\"PropertyValueSpecification\",\"valueRequired\":true,\"valueName\":\"search_term_string\"}}],\"inLanguage\":\"de\"},{\"@type\":\"Organization\",\"@id\":\"https:\\\/\\\/shanabooks.de\\\/#organization\",\"name\":\"www.shanbooks.de\",\"url\":\"https:\\\/\\\/shanabooks.de\\\/\",\"logo\":{\"@type\":\"ImageObject\",\"inLanguage\":\"de\",\"@id\":\"https:\\\/\\\/shanabooks.de\\\/#\\\/schema\\\/logo\\\/image\\\/\",\"url\":\"https:\\\/\\\/shanabooks.de\\\/wp-content\\\/uploads\\\/2024\\\/03\\\/SHANABOOKS__2_-removebg-preview.png\",\"contentUrl\":\"https:\\\/\\\/shanabooks.de\\\/wp-content\\\/uploads\\\/2024\\\/03\\\/SHANABOOKS__2_-removebg-preview.png\",\"width\":700,\"height\":150,\"caption\":\"www.shanbooks.de\"},\"image\":{\"@id\":\"https:\\\/\\\/shanabooks.de\\\/#\\\/schema\\\/logo\\\/image\\\/\"}}]}<\/script>\n<!-- \/ Yoast SEO plugin. -->","yoast_head_json":{"title":"S\u00fbc \u00fb Ceza - Dostoyevsk\u00ee - www.shanabooks.de","description":"S\u00fbc \u00fb Ceza - Dostoyevsk\u00ee Ev berhema Dostoyevsk\u00ee ji sala 1886an vir ve ji aliy\u00ea bi milyon kesan ve hatiye xwendin, niha j\u00ee t\u00ea xwendin \u00fb wisa xuya ye ku w\u00ea...","robots":{"index":"index","follow":"follow","max-snippet":"max-snippet:-1","max-image-preview":"max-image-preview:large","max-video-preview":"max-video-preview:-1"},"canonical":"https:\/\/shanabooks.de\/product\/suc-u-ceza-dosoyevski\/","og_locale":"de_DE","og_type":"article","og_title":"S\u00fbc \u00fb Ceza - Dostoyevsk\u00ee - www.shanabooks.de","og_description":"S\u00fbc \u00fb Ceza - Dostoyevsk\u00ee Ev berhema Dostoyevsk\u00ee ji sala 1886an vir ve ji aliy\u00ea bi milyon kesan ve hatiye xwendin, niha j\u00ee t\u00ea xwendin \u00fb wisa xuya ye ku w\u00ea...","og_url":"https:\/\/shanabooks.de\/product\/suc-u-ceza-dosoyevski\/","og_site_name":"www.shanabooks.de","article_modified_time":"2025-12-31T17:43:45+00:00","og_image":[{"width":290,"height":470,"url":"https:\/\/shanabooks.de\/wp-content\/uploads\/2024\/03\/Suc-u-Ceza-Nubihar.png","type":"image\/png"}],"twitter_card":"summary_large_image","twitter_misc":{"Gesch\u00e4tzte Lesezeit":"2\u00a0Minuten"},"schema":{"@context":"https:\/\/schema.org","@graph":[{"@type":"WebPage","@id":"https:\/\/shanabooks.de\/product\/suc-u-ceza-dosoyevski\/","url":"https:\/\/shanabooks.de\/product\/suc-u-ceza-dosoyevski\/","name":"S\u00fbc \u00fb Ceza - Dostoyevsk\u00ee - www.shanabooks.de","isPartOf":{"@id":"https:\/\/shanabooks.de\/#website"},"primaryImageOfPage":{"@id":"https:\/\/shanabooks.de\/product\/suc-u-ceza-dosoyevski\/#primaryimage"},"image":{"@id":"https:\/\/shanabooks.de\/product\/suc-u-ceza-dosoyevski\/#primaryimage"},"thumbnailUrl":"https:\/\/shanabooks.de\/wp-content\/uploads\/2024\/03\/Suc-u-Ceza-Nubihar.png","datePublished":"2024-03-03T19:45:11+00:00","dateModified":"2025-12-31T17:43:45+00:00","description":"S\u00fbc \u00fb Ceza - Dostoyevsk\u00ee Ev berhema Dostoyevsk\u00ee ji sala 1886an vir ve ji aliy\u00ea bi milyon kesan ve hatiye xwendin, niha j\u00ee t\u00ea xwendin \u00fb wisa xuya ye ku w\u00ea...","breadcrumb":{"@id":"https:\/\/shanabooks.de\/product\/suc-u-ceza-dosoyevski\/#breadcrumb"},"inLanguage":"de","potentialAction":[{"@type":"ReadAction","target":["https:\/\/shanabooks.de\/product\/suc-u-ceza-dosoyevski\/"]}]},{"@type":"ImageObject","inLanguage":"de","@id":"https:\/\/shanabooks.de\/product\/suc-u-ceza-dosoyevski\/#primaryimage","url":"https:\/\/shanabooks.de\/wp-content\/uploads\/2024\/03\/Suc-u-Ceza-Nubihar.png","contentUrl":"https:\/\/shanabooks.de\/wp-content\/uploads\/2024\/03\/Suc-u-Ceza-Nubihar.png","width":290,"height":470,"caption":"S\u00fbc \u00fb Ceza - Dosoyevsk\u00ee - pirt\u00fbk\u00ean kurd\u00ee"},{"@type":"BreadcrumbList","@id":"https:\/\/shanabooks.de\/product\/suc-u-ceza-dosoyevski\/#breadcrumb","itemListElement":[{"@type":"ListItem","position":1,"name":"\u0627\u0644\u0631\u0626\u064a\u0633\u064a\u0629","item":"https:\/\/shanabooks.de\/de\/"},{"@type":"ListItem","position":2,"name":"\u0627\u0644\u0645\u0646\u062a\u062c\u0627\u062a","item":"https:\/\/shanabooks.de\/shop\/"},{"@type":"ListItem","position":3,"name":"S\u00fbc \u00fb Ceza"}]},{"@type":"WebSite","@id":"https:\/\/shanabooks.de\/#website","url":"https:\/\/shanabooks.de\/","name":"www.shanbooks.de","description":"C\u00eehana Pirt\u00fbk\u00ean Kurd\u00ee \u0645\u0643\u062a\u0628\u0629 \u0634\u0627\u0646\u0627 \u0641\u064a \u0627\u0644\u0645\u0627\u0646\u064a\u0627 \u0648\u0623\u0648\u0631\u0628\u0627","publisher":{"@id":"https:\/\/shanabooks.de\/#organization"},"potentialAction":[{"@type":"SearchAction","target":{"@type":"EntryPoint","urlTemplate":"https:\/\/shanabooks.de\/?s={search_term_string}"},"query-input":{"@type":"PropertyValueSpecification","valueRequired":true,"valueName":"search_term_string"}}],"inLanguage":"de"},{"@type":"Organization","@id":"https:\/\/shanabooks.de\/#organization","name":"www.shanbooks.de","url":"https:\/\/shanabooks.de\/","logo":{"@type":"ImageObject","inLanguage":"de","@id":"https:\/\/shanabooks.de\/#\/schema\/logo\/image\/","url":"https:\/\/shanabooks.de\/wp-content\/uploads\/2024\/03\/SHANABOOKS__2_-removebg-preview.png","contentUrl":"https:\/\/shanabooks.de\/wp-content\/uploads\/2024\/03\/SHANABOOKS__2_-removebg-preview.png","width":700,"height":150,"caption":"www.shanbooks.de"},"image":{"@id":"https:\/\/shanabooks.de\/#\/schema\/logo\/image\/"}}]}},"jetpack_sharing_enabled":true,"_links":{"self":[{"href":"https:\/\/shanabooks.de\/de\/wp-json\/wp\/v2\/product\/12604","targetHints":{"allow":["GET"]}}],"collection":[{"href":"https:\/\/shanabooks.de\/de\/wp-json\/wp\/v2\/product"}],"about":[{"href":"https:\/\/shanabooks.de\/de\/wp-json\/wp\/v2\/types\/product"}],"version-history":[{"count":4,"href":"https:\/\/shanabooks.de\/de\/wp-json\/wp\/v2\/product\/12604\/revisions"}],"predecessor-version":[{"id":25663,"href":"https:\/\/shanabooks.de\/de\/wp-json\/wp\/v2\/product\/12604\/revisions\/25663"}],"wp:featuredmedia":[{"embeddable":true,"href":"https:\/\/shanabooks.de\/de\/wp-json\/wp\/v2\/media\/12670"}],"wp:attachment":[{"href":"https:\/\/shanabooks.de\/de\/wp-json\/wp\/v2\/media?parent=12604"}],"wp:term":[{"taxonomy":"product_brand","embeddable":true,"href":"https:\/\/shanabooks.de\/de\/wp-json\/wp\/v2\/product_brand?post=12604"},{"taxonomy":"product_cat","embeddable":true,"href":"https:\/\/shanabooks.de\/de\/wp-json\/wp\/v2\/product_cat?post=12604"},{"taxonomy":"product_tag","embeddable":true,"href":"https:\/\/shanabooks.de\/de\/wp-json\/wp\/v2\/product_tag?post=12604"}],"curies":[{"name":"wp","href":"https:\/\/api.w.org\/{rel}","templated":true}]}}