{"id":12605,"date":"2024-03-03T19:45:11","date_gmt":"2024-03-03T19:45:11","guid":{"rendered":"https:\/\/shanabooks.de\/?post_type=product&#038;p=12605"},"modified":"2026-02-14T16:45:34","modified_gmt":"2026-02-14T16:45:34","slug":"wehse-di-hundire-min-de-helim-yusiv","status":"publish","type":"product","link":"https:\/\/shanabooks.de\/de\/product\/wehse-di-hundire-min-de-helim-yusiv\/","title":{"rendered":"Weh\u015f\u00ea di Hundir\u00ea Min de"},"content":{"rendered":"<p dir=\"ltr\"><strong>Weh\u015f\u00ea di Hundir\u00ea Min de &#8211; Hel\u00eem Y\u00fbsiv<\/strong><\/p>\n<p dir=\"ltr\">H\u00eamaya tirs\u00ea ku di berhem\u00ean Hel\u00eem Y\u00fbsiv \u00ean din de j\u00ee h\u00eamayeke sereke ye, di v\u00ea berhem\u00ea de di kiras\u00ea weh\u015f \u00fb hovitiy\u00ea de xwe dide der, weh\u015f\u00eet\u00ee \u00fb hovitiya ku bi sedsalane di reng \u00fb diruv\u00ean cur bi cur de li ser v\u00ea xak\u00ea kon vedaye&#8230; Di v\u00ea berhem\u00ea de, em bi riya jiyana du nif\u015fan, -nif\u015f\u00ea mamoste \u00fb \u015fagirt\u00ea w\u00ee- bi weh\u015fiyeteke tund a ku xwe disp\u00eare sedsalan re r\u00fb bi r\u00fb dim\u00eenin. Weh\u015f \u00fb hovitiya hem di qada gi\u015ft\u00ee de, hem j\u00ee di aliy\u00ea tar\u00ee y\u00ean mirovan de xwe dide der. Bi xwendina v\u00ea roman\u00ea re, her xwendevan ji weh\u015f\u00ea razay\u00ee y\u00ea di hundir\u00ea xwe de haydar dibe, yan j\u00ee ew xwe di dev\u00ea weh\u015fek\u00ee dirinde de h\u00ees dike ku heta niha haya w\u00ee j\u00ea tuneb\u00fbye. Weh\u015f\u00ea di Hundir\u00ea Min de bi ziman\u00ea xwe y\u00ea satir\u00eek hov\u00eetiya \u015fexs\u00ee bi weh\u015fiyeta pol\u00eet\u00eek ve gir\u00ea dide.<em><strong><br \/>\n<\/strong><\/em><\/p>\n","protected":false},"excerpt":{"rendered":"<p dir=\"ltr\" style=\"text-align: center\"><strong>Pirt\u00fbk: Weh\u015f\u00ea di hundir\u00ea min de<br \/>\nNiv\u00eeskar: Hel\u00eem Y\u00fbsiv<br \/>\nCure: Roman<\/strong><\/p>\n","protected":false},"featured_media":12672,"template":"","meta":{"site-sidebar-layout":"default","site-content-layout":"","ast-site-content-layout":"default","site-content-style":"default","site-sidebar-style":"default","ast-global-header-display":"","ast-banner-title-visibility":"","ast-main-header-display":"","ast-hfb-above-header-display":"","ast-hfb-below-header-display":"","ast-hfb-mobile-header-display":"","site-post-title":"","ast-breadcrumbs-content":"","ast-featured-img":"","footer-sml-layout":"","ast-disable-related-posts":"","theme-transparent-header-meta":"default","adv-header-id-meta":"","stick-header-meta":"","header-above-stick-meta":"","header-main-stick-meta":"","header-below-stick-meta":"","astra-migrate-meta-layouts":"set","ast-page-background-enabled":"default","ast-page-background-meta":{"desktop":{"background-color":"","background-image":"","background-repeat":"repeat","background-position":"center center","background-size":"auto","background-attachment":"scroll","background-type":"","background-media":"","overlay-type":"","overlay-color":"","overlay-opacity":"","overlay-gradient":""},"tablet":{"background-color":"","background-image":"","background-repeat":"repeat","background-position":"center center","background-size":"auto","background-attachment":"scroll","background-type":"","background-media":"","overlay-type":"","overlay-color":"","overlay-opacity":"","overlay-gradient":""},"mobile":{"background-color":"","background-image":"","background-repeat":"repeat","background-position":"center center","background-size":"auto","background-attachment":"scroll","background-type":"","background-media":"","overlay-type":"","overlay-color":"","overlay-opacity":"","overlay-gradient":""}},"ast-content-background-meta":{"desktop":{"background-color":"var(--ast-global-color-5)","background-image":"","background-repeat":"repeat","background-position":"center center","background-size":"auto","background-attachment":"scroll","background-type":"","background-media":"","overlay-type":"","overlay-color":"","overlay-opacity":"","overlay-gradient":""},"tablet":{"background-color":"var(--ast-global-color-5)","background-image":"","background-repeat":"repeat","background-position":"center center","background-size":"auto","background-attachment":"scroll","background-type":"","background-media":"","overlay-type":"","overlay-color":"","overlay-opacity":"","overlay-gradient":""},"mobile":{"background-color":"var(--ast-global-color-5)","background-image":"","background-repeat":"repeat","background-position":"center center","background-size":"auto","background-attachment":"scroll","background-type":"","background-media":"","overlay-type":"","overlay-color":"","overlay-opacity":"","overlay-gradient":""}}},"product_brand":[],"product_cat":[182,193],"product_tag":[],"class_list":{"0":"post-12605","1":"product","2":"type-product","3":"status-publish","4":"has-post-thumbnail","6":"product_cat-_","7":"product_cat--_","8":"pa_-roman","9":"pa_-helim-yusiv","10":"pa_-kurmanci","11":"pa_--peywend-yayinlari","12":"desktop-align-left","13":"tablet-align-left","14":"mobile-align-left","16":"first","17":"outofstock","18":"shipping-taxable","19":"purchasable","20":"product-type-simple"},"yoast_head":"<!-- This site is optimized with the Yoast SEO plugin v27.4 - https:\/\/yoast.com\/product\/yoast-seo-wordpress\/ -->\n<title>Weh\u015f\u00ea di Hundir\u00ea Min de - Hel\u00eem Y\u00fbsiv - www.shanabooks.de<\/title>\n<meta name=\"description\" content=\"Weh\u015f\u00ea di Hundir\u00ea Min de - Hel\u00eem Y\u00fbsiv H\u00eamaya tirs\u00ea ku di berhem\u00ean Hel\u00eem Y\u00fbsiv \u00ean din de j\u00ee h\u00eamayeke sereke ye, di v\u00ea berhem\u00ea de di kiras\u00ea weh\u015f \u00fb hovitiy\u00ea...\" \/>\n<meta name=\"robots\" content=\"index, follow, max-snippet:-1, max-image-preview:large, max-video-preview:-1\" \/>\n<link rel=\"canonical\" href=\"https:\/\/shanabooks.de\/product\/wehse-di-hundire-min-de-helim-yusiv\/\" \/>\n<meta property=\"og:locale\" content=\"de_DE\" \/>\n<meta property=\"og:type\" content=\"article\" \/>\n<meta property=\"og:title\" content=\"Weh\u015f\u00ea di Hundir\u00ea Min de - Hel\u00eem Y\u00fbsiv - www.shanabooks.de\" \/>\n<meta property=\"og:description\" content=\"Weh\u015f\u00ea di Hundir\u00ea Min de - Hel\u00eem Y\u00fbsiv H\u00eamaya tirs\u00ea ku di berhem\u00ean Hel\u00eem Y\u00fbsiv \u00ean din de j\u00ee h\u00eamayeke sereke ye, di v\u00ea berhem\u00ea de di kiras\u00ea weh\u015f \u00fb hovitiy\u00ea...\" \/>\n<meta property=\"og:url\" content=\"https:\/\/shanabooks.de\/product\/wehse-di-hundire-min-de-helim-yusiv\/\" \/>\n<meta property=\"og:site_name\" content=\"www.shanabooks.de\" \/>\n<meta property=\"article:modified_time\" content=\"2026-02-14T16:45:34+00:00\" \/>\n<meta property=\"og:image\" content=\"https:\/\/shanabooks.de\/wp-content\/uploads\/2024\/03\/wehse-di-hundire-min-de.webp\" \/>\n\t<meta property=\"og:image:width\" content=\"616\" \/>\n\t<meta property=\"og:image:height\" content=\"960\" \/>\n\t<meta property=\"og:image:type\" content=\"image\/webp\" \/>\n<meta name=\"twitter:card\" content=\"summary_large_image\" \/>\n<meta name=\"twitter:label1\" content=\"Gesch\u00e4tzte Lesezeit\" \/>\n\t<meta name=\"twitter:data1\" content=\"2\u00a0Minuten\" \/>\n<script type=\"application\/ld+json\" class=\"yoast-schema-graph\">{\"@context\":\"https:\\\/\\\/schema.org\",\"@graph\":[{\"@type\":\"WebPage\",\"@id\":\"https:\\\/\\\/shanabooks.de\\\/product\\\/wehse-di-hundire-min-de-helim-yusiv\\\/\",\"url\":\"https:\\\/\\\/shanabooks.de\\\/product\\\/wehse-di-hundire-min-de-helim-yusiv\\\/\",\"name\":\"Weh\u015f\u00ea di Hundir\u00ea Min de - Hel\u00eem Y\u00fbsiv - www.shanabooks.de\",\"isPartOf\":{\"@id\":\"https:\\\/\\\/shanabooks.de\\\/#website\"},\"primaryImageOfPage\":{\"@id\":\"https:\\\/\\\/shanabooks.de\\\/product\\\/wehse-di-hundire-min-de-helim-yusiv\\\/#primaryimage\"},\"image\":{\"@id\":\"https:\\\/\\\/shanabooks.de\\\/product\\\/wehse-di-hundire-min-de-helim-yusiv\\\/#primaryimage\"},\"thumbnailUrl\":\"https:\\\/\\\/shanabooks.de\\\/wp-content\\\/uploads\\\/2024\\\/03\\\/wehse-di-hundire-min-de.webp\",\"datePublished\":\"2024-03-03T19:45:11+00:00\",\"dateModified\":\"2026-02-14T16:45:34+00:00\",\"description\":\"Weh\u015f\u00ea di Hundir\u00ea Min de - Hel\u00eem Y\u00fbsiv H\u00eamaya tirs\u00ea ku di berhem\u00ean Hel\u00eem Y\u00fbsiv \u00ean din de j\u00ee h\u00eamayeke sereke ye, di v\u00ea berhem\u00ea de di kiras\u00ea weh\u015f \u00fb hovitiy\u00ea...\",\"breadcrumb\":{\"@id\":\"https:\\\/\\\/shanabooks.de\\\/product\\\/wehse-di-hundire-min-de-helim-yusiv\\\/#breadcrumb\"},\"inLanguage\":\"de\",\"potentialAction\":[{\"@type\":\"ReadAction\",\"target\":[\"https:\\\/\\\/shanabooks.de\\\/product\\\/wehse-di-hundire-min-de-helim-yusiv\\\/\"]}]},{\"@type\":\"ImageObject\",\"inLanguage\":\"de\",\"@id\":\"https:\\\/\\\/shanabooks.de\\\/product\\\/wehse-di-hundire-min-de-helim-yusiv\\\/#primaryimage\",\"url\":\"https:\\\/\\\/shanabooks.de\\\/wp-content\\\/uploads\\\/2024\\\/03\\\/wehse-di-hundire-min-de.webp\",\"contentUrl\":\"https:\\\/\\\/shanabooks.de\\\/wp-content\\\/uploads\\\/2024\\\/03\\\/wehse-di-hundire-min-de.webp\",\"width\":616,\"height\":960,\"caption\":\"Weh\u015f\u00ea di Hundir\u00ea Min de - Hel\u00eem Y\u00fbsiv -pirt\u00fbk\u00ean kurd\u00ee\"},{\"@type\":\"BreadcrumbList\",\"@id\":\"https:\\\/\\\/shanabooks.de\\\/product\\\/wehse-di-hundire-min-de-helim-yusiv\\\/#breadcrumb\",\"itemListElement\":[{\"@type\":\"ListItem\",\"position\":1,\"name\":\"\u0627\u0644\u0631\u0626\u064a\u0633\u064a\u0629\",\"item\":\"https:\\\/\\\/shanabooks.de\\\/de\\\/\"},{\"@type\":\"ListItem\",\"position\":2,\"name\":\"\u0627\u0644\u0645\u0646\u062a\u062c\u0627\u062a\",\"item\":\"https:\\\/\\\/shanabooks.de\\\/shop\\\/\"},{\"@type\":\"ListItem\",\"position\":3,\"name\":\"Weh\u015f\u00ea di Hundir\u00ea Min de\"}]},{\"@type\":\"WebSite\",\"@id\":\"https:\\\/\\\/shanabooks.de\\\/#website\",\"url\":\"https:\\\/\\\/shanabooks.de\\\/\",\"name\":\"www.shanbooks.de\",\"description\":\"C\u00eehana Pirt\u00fbk\u00ean Kurd\u00ee \u0645\u0643\u062a\u0628\u0629 \u0634\u0627\u0646\u0627 \u0641\u064a \u0627\u0644\u0645\u0627\u0646\u064a\u0627 \u0648\u0623\u0648\u0631\u0628\u0627\",\"publisher\":{\"@id\":\"https:\\\/\\\/shanabooks.de\\\/#organization\"},\"potentialAction\":[{\"@type\":\"SearchAction\",\"target\":{\"@type\":\"EntryPoint\",\"urlTemplate\":\"https:\\\/\\\/shanabooks.de\\\/?s={search_term_string}\"},\"query-input\":{\"@type\":\"PropertyValueSpecification\",\"valueRequired\":true,\"valueName\":\"search_term_string\"}}],\"inLanguage\":\"de\"},{\"@type\":\"Organization\",\"@id\":\"https:\\\/\\\/shanabooks.de\\\/#organization\",\"name\":\"www.shanbooks.de\",\"url\":\"https:\\\/\\\/shanabooks.de\\\/\",\"logo\":{\"@type\":\"ImageObject\",\"inLanguage\":\"de\",\"@id\":\"https:\\\/\\\/shanabooks.de\\\/#\\\/schema\\\/logo\\\/image\\\/\",\"url\":\"https:\\\/\\\/shanabooks.de\\\/wp-content\\\/uploads\\\/2024\\\/03\\\/SHANABOOKS__2_-removebg-preview.png\",\"contentUrl\":\"https:\\\/\\\/shanabooks.de\\\/wp-content\\\/uploads\\\/2024\\\/03\\\/SHANABOOKS__2_-removebg-preview.png\",\"width\":700,\"height\":150,\"caption\":\"www.shanbooks.de\"},\"image\":{\"@id\":\"https:\\\/\\\/shanabooks.de\\\/#\\\/schema\\\/logo\\\/image\\\/\"}}]}<\/script>\n<!-- \/ Yoast SEO plugin. -->","yoast_head_json":{"title":"Weh\u015f\u00ea di Hundir\u00ea Min de - Hel\u00eem Y\u00fbsiv - www.shanabooks.de","description":"Weh\u015f\u00ea di Hundir\u00ea Min de - Hel\u00eem Y\u00fbsiv H\u00eamaya tirs\u00ea ku di berhem\u00ean Hel\u00eem Y\u00fbsiv \u00ean din de j\u00ee h\u00eamayeke sereke ye, di v\u00ea berhem\u00ea de di kiras\u00ea weh\u015f \u00fb hovitiy\u00ea...","robots":{"index":"index","follow":"follow","max-snippet":"max-snippet:-1","max-image-preview":"max-image-preview:large","max-video-preview":"max-video-preview:-1"},"canonical":"https:\/\/shanabooks.de\/product\/wehse-di-hundire-min-de-helim-yusiv\/","og_locale":"de_DE","og_type":"article","og_title":"Weh\u015f\u00ea di Hundir\u00ea Min de - Hel\u00eem Y\u00fbsiv - www.shanabooks.de","og_description":"Weh\u015f\u00ea di Hundir\u00ea Min de - Hel\u00eem Y\u00fbsiv H\u00eamaya tirs\u00ea ku di berhem\u00ean Hel\u00eem Y\u00fbsiv \u00ean din de j\u00ee h\u00eamayeke sereke ye, di v\u00ea berhem\u00ea de di kiras\u00ea weh\u015f \u00fb hovitiy\u00ea...","og_url":"https:\/\/shanabooks.de\/product\/wehse-di-hundire-min-de-helim-yusiv\/","og_site_name":"www.shanabooks.de","article_modified_time":"2026-02-14T16:45:34+00:00","og_image":[{"width":616,"height":960,"url":"https:\/\/shanabooks.de\/wp-content\/uploads\/2024\/03\/wehse-di-hundire-min-de.webp","type":"image\/webp"}],"twitter_card":"summary_large_image","twitter_misc":{"Gesch\u00e4tzte Lesezeit":"2\u00a0Minuten"},"schema":{"@context":"https:\/\/schema.org","@graph":[{"@type":"WebPage","@id":"https:\/\/shanabooks.de\/product\/wehse-di-hundire-min-de-helim-yusiv\/","url":"https:\/\/shanabooks.de\/product\/wehse-di-hundire-min-de-helim-yusiv\/","name":"Weh\u015f\u00ea di Hundir\u00ea Min de - Hel\u00eem Y\u00fbsiv - www.shanabooks.de","isPartOf":{"@id":"https:\/\/shanabooks.de\/#website"},"primaryImageOfPage":{"@id":"https:\/\/shanabooks.de\/product\/wehse-di-hundire-min-de-helim-yusiv\/#primaryimage"},"image":{"@id":"https:\/\/shanabooks.de\/product\/wehse-di-hundire-min-de-helim-yusiv\/#primaryimage"},"thumbnailUrl":"https:\/\/shanabooks.de\/wp-content\/uploads\/2024\/03\/wehse-di-hundire-min-de.webp","datePublished":"2024-03-03T19:45:11+00:00","dateModified":"2026-02-14T16:45:34+00:00","description":"Weh\u015f\u00ea di Hundir\u00ea Min de - Hel\u00eem Y\u00fbsiv H\u00eamaya tirs\u00ea ku di berhem\u00ean Hel\u00eem Y\u00fbsiv \u00ean din de j\u00ee h\u00eamayeke sereke ye, di v\u00ea berhem\u00ea de di kiras\u00ea weh\u015f \u00fb hovitiy\u00ea...","breadcrumb":{"@id":"https:\/\/shanabooks.de\/product\/wehse-di-hundire-min-de-helim-yusiv\/#breadcrumb"},"inLanguage":"de","potentialAction":[{"@type":"ReadAction","target":["https:\/\/shanabooks.de\/product\/wehse-di-hundire-min-de-helim-yusiv\/"]}]},{"@type":"ImageObject","inLanguage":"de","@id":"https:\/\/shanabooks.de\/product\/wehse-di-hundire-min-de-helim-yusiv\/#primaryimage","url":"https:\/\/shanabooks.de\/wp-content\/uploads\/2024\/03\/wehse-di-hundire-min-de.webp","contentUrl":"https:\/\/shanabooks.de\/wp-content\/uploads\/2024\/03\/wehse-di-hundire-min-de.webp","width":616,"height":960,"caption":"Weh\u015f\u00ea di Hundir\u00ea Min de - Hel\u00eem Y\u00fbsiv -pirt\u00fbk\u00ean kurd\u00ee"},{"@type":"BreadcrumbList","@id":"https:\/\/shanabooks.de\/product\/wehse-di-hundire-min-de-helim-yusiv\/#breadcrumb","itemListElement":[{"@type":"ListItem","position":1,"name":"\u0627\u0644\u0631\u0626\u064a\u0633\u064a\u0629","item":"https:\/\/shanabooks.de\/de\/"},{"@type":"ListItem","position":2,"name":"\u0627\u0644\u0645\u0646\u062a\u062c\u0627\u062a","item":"https:\/\/shanabooks.de\/shop\/"},{"@type":"ListItem","position":3,"name":"Weh\u015f\u00ea di Hundir\u00ea Min de"}]},{"@type":"WebSite","@id":"https:\/\/shanabooks.de\/#website","url":"https:\/\/shanabooks.de\/","name":"www.shanbooks.de","description":"C\u00eehana Pirt\u00fbk\u00ean Kurd\u00ee \u0645\u0643\u062a\u0628\u0629 \u0634\u0627\u0646\u0627 \u0641\u064a \u0627\u0644\u0645\u0627\u0646\u064a\u0627 \u0648\u0623\u0648\u0631\u0628\u0627","publisher":{"@id":"https:\/\/shanabooks.de\/#organization"},"potentialAction":[{"@type":"SearchAction","target":{"@type":"EntryPoint","urlTemplate":"https:\/\/shanabooks.de\/?s={search_term_string}"},"query-input":{"@type":"PropertyValueSpecification","valueRequired":true,"valueName":"search_term_string"}}],"inLanguage":"de"},{"@type":"Organization","@id":"https:\/\/shanabooks.de\/#organization","name":"www.shanbooks.de","url":"https:\/\/shanabooks.de\/","logo":{"@type":"ImageObject","inLanguage":"de","@id":"https:\/\/shanabooks.de\/#\/schema\/logo\/image\/","url":"https:\/\/shanabooks.de\/wp-content\/uploads\/2024\/03\/SHANABOOKS__2_-removebg-preview.png","contentUrl":"https:\/\/shanabooks.de\/wp-content\/uploads\/2024\/03\/SHANABOOKS__2_-removebg-preview.png","width":700,"height":150,"caption":"www.shanbooks.de"},"image":{"@id":"https:\/\/shanabooks.de\/#\/schema\/logo\/image\/"}}]}},"jetpack_sharing_enabled":true,"_links":{"self":[{"href":"https:\/\/shanabooks.de\/de\/wp-json\/wp\/v2\/product\/12605","targetHints":{"allow":["GET"]}}],"collection":[{"href":"https:\/\/shanabooks.de\/de\/wp-json\/wp\/v2\/product"}],"about":[{"href":"https:\/\/shanabooks.de\/de\/wp-json\/wp\/v2\/types\/product"}],"version-history":[{"count":3,"href":"https:\/\/shanabooks.de\/de\/wp-json\/wp\/v2\/product\/12605\/revisions"}],"predecessor-version":[{"id":13913,"href":"https:\/\/shanabooks.de\/de\/wp-json\/wp\/v2\/product\/12605\/revisions\/13913"}],"wp:featuredmedia":[{"embeddable":true,"href":"https:\/\/shanabooks.de\/de\/wp-json\/wp\/v2\/media\/12672"}],"wp:attachment":[{"href":"https:\/\/shanabooks.de\/de\/wp-json\/wp\/v2\/media?parent=12605"}],"wp:term":[{"taxonomy":"product_brand","embeddable":true,"href":"https:\/\/shanabooks.de\/de\/wp-json\/wp\/v2\/product_brand?post=12605"},{"taxonomy":"product_cat","embeddable":true,"href":"https:\/\/shanabooks.de\/de\/wp-json\/wp\/v2\/product_cat?post=12605"},{"taxonomy":"product_tag","embeddable":true,"href":"https:\/\/shanabooks.de\/de\/wp-json\/wp\/v2\/product_tag?post=12605"}],"curies":[{"name":"wp","href":"https:\/\/api.w.org\/{rel}","templated":true}]}}