{"id":12644,"date":"2024-03-03T19:45:34","date_gmt":"2024-03-03T19:45:34","guid":{"rendered":"https:\/\/shanabooks.de\/?post_type=product&#038;p=12644"},"modified":"2026-02-22T20:18:19","modified_gmt":"2026-02-22T20:18:19","slug":"seta-arjen-ari-9-pirtuk","status":"publish","type":"product","link":"https:\/\/shanabooks.de\/de\/product\/seta-arjen-ari-9-pirtuk\/","title":{"rendered":"Seta Arjen Ar\u00ee (9 Pirt\u00fbk)"},"content":{"rendered":"<p dir=\"ltr\"><strong><span style=\"font-family: Verdana\"><span style=\"color: #222222\">Seta Arjen Ar\u00ee (9 Pirt\u00fbk)<\/span><\/span><\/strong><\/p>\n<p dir=\"ltr\"><span style=\"color: #222222\">Seta Arjen Ar\u00ee (9 Pirt\u00fbk)<\/span><span style=\"color: #222222\"> in. Hem\u00fb berhem\u00ean w\u00ee ne:<\/span><\/p>\n<p dir=\"ltr\"><em><strong><span style=\"color: #222222;font-family: Verdana\">1- Efend\u00eeno<br \/>\n<\/span><span style=\"color: #222222;font-family: Verdana\">2- \u015e\u00eargele<br \/>\n<\/span><span style=\"color: #222222;font-family: Verdana\">3- Ero\u00fbt\u00eeka<br \/>\n<\/span><span style=\"color: #222222;font-family: Verdana\">4- \u00c7il \u00c7ar\u00een<br \/>\n<\/span><span style=\"color: #222222;font-family: Verdana\">5- Heft\u00ea \u00fb Du Nef\u00ee<br \/>\n<\/span><span style=\"color: #222222;font-family: Verdana\">6- Ev \u00c7iya R\u00fbsp\u00ee ne<br \/>\n<\/span><span style=\"color: #222222;font-family: Verdana\">7- \u015ei&#8217;\u00eer \u00fb S\u00eenor<br \/>\n<\/span><span style=\"color: #222222;font-family: Verdana\">8- Ram\u00fbsan Min Ve\u015fartin Li Geliyek\u00ee<br \/>\n<\/span><span style=\"color: #222222;font-family: Verdana\">9- Destana Kawa \u00fb Azh\u00ee Dehaq<\/span><\/strong><\/em><\/p>\n<p dir=\"ltr\"><span style=\"color: #222222;font-family: Verdana\">Arjen Ar\u00ee\u00a0y\u00ea ku di sala 2012an de h\u00eaj di 56 saliya xwe de ji ber nexwe\u015fiya pence\u015f\u00ear\u00ea ko\u00e7a daw\u00ee kir li d\u00fb xwe gelek berhem\u00ean h\u00eaja hi\u015ftin. \u015eair\u00ea nemir xwed\u00ee 9 dosyey\u00ean helbestan e. Ev 9 dosye, We\u015fanxane \u00fb \u00c7apxaneya Evrensel\u00ea ku di sala 2016an de bi biryarnameyeke di hukm\u00ea qan\u00fbn\u00ea de hate girtin j\u00ee t\u00ea de, ji aliy\u00ea \u00e7end we\u015fanxaney\u00ean cuda ve hatin \u00e7apkirin. Cara ewil hem\u00fb helbest\u00ean w\u00ee bi hev re, weke setek\u00ea ji aliye We\u015fan\u00ean Sor ve hatin \u00e7apkirin.<\/span><\/p>\n<p dir=\"ltr\"><span style=\"color: #222222;font-family: Verdana\">Di nav v\u00ea set\u00ea de kit\u00eab\u00ean bi nav\u00ea \u201c\u201c\u015e\u00eargele\u201d, \u201cEv \u00c7iya R\u00fbsp\u00ee ne\u201d, \u201cRam\u00fbsan Min Ve\u015fartin Li Geliyek\u00ee\u201d, \u201cEro\u00fbt\u00eeka\u201d, \u201c\u00c7il \u00c7ar\u00een\u201d, \u201cEfend\u00eeno\u201d, \u201cDestana Kawa \u00fb Azh\u00ee Dehaq\u201d, \u201cHeft\u00ea \u00fb Du Nef\u00ee\u201d \u00fb \u201c\u015ei\u2019\u00eer \u00fb S\u00eenor\u201d hene.<\/span><\/p>\n<p dir=\"ltr\"><span style=\"color: #222222;font-family: Verdana\">Helbest\u00ean w\u00ee pi\u015ft\u00ee sal\u00ean 1980y\u00ee b\u00fbn keleh\u00ean berxwedan\u00ea. Bi r\u00eaya helbestan tim li hember\u00ee dagirker\u00ean welat\u00ea kurdan ser\u00ee rakir \u00fb banga berxwedan\u00ea kir; wek\u00ee di helbesta xwe ya bi nav\u00ea Ev \u00c7iya R\u00fbsp\u00ee ne de gotiye:<\/span><\/p>\n<p dir=\"ltr\"><span style=\"color: #222222;font-family: Verdana\">\u2026<\/span><\/p>\n<p dir=\"ltr\"><span style=\"color: #222222;font-family: Verdana\">me lome nekir ji wan\u00a0<\/span><\/p>\n<p dir=\"ltr\"><span style=\"color: #222222;font-family: Verdana\">na na, \u00fb ne ji yek\u00ee!\u00a0<\/span><\/p>\n<p dir=\"ltr\"><span style=\"color: #222222;font-family: Verdana\">nav\u00ea law\u00ea xwe kiribe S\u00eepan kurdek\u00ee\u00a0<\/span><\/p>\n<p dir=\"ltr\"><span style=\"color: #222222;font-family: Verdana\">me l\u00eeland\u00a0<\/span><\/p>\n<p dir=\"ltr\"><span style=\"color: #222222;font-family: Verdana\">loma, bi S\u00eepan in stran\u00ean me\u00a0<\/span><\/p>\n<p dir=\"ltr\"><span style=\"color: #222222;font-family: Verdana\">ka bistr\u00ea, heyran!<\/span><\/p>\n<p dir=\"ltr\"><span style=\"color: #222222;font-family: Verdana\">Arjen Ar\u00ee\u00a0k\u00ee ye?<\/span><\/p>\n<p dir=\"ltr\"><span style=\"color: #222222;font-family: Verdana\">Di sala 1956an de li gund\u00ea \u00c7al\u00ea y\u00ea bi ser Nis\u00eab\u00een\u00ea ve hate dinyay\u00ea. Dibistana seretay\u00ee \u00fb nav\u00een li Nis\u00eab\u00een\u00ea kuta kir. Di sala 1979an de ji Zankoya D\u00eecley\u00ea, ji be\u015fa Ziman\u00ea Tirk\u00ee mez\u00fbn b\u00fb.\u00a0<\/span><\/p>\n<p dir=\"ltr\"><span style=\"color: #222222;font-family: Verdana\">Helbest\u00ean w\u00ee di kovar\u00ean weke Berbang, T\u00eeroj, Kurdistan Press, N\u00fbdem, \u00c7ira, Rew\u015fen, Nubihar, Gulistan, Kevan, Peyv, N\u00fbb\u00fbn \u00fb Karwan de hatin we\u015fandin. Di sala 2004an de yek ji avakar\u00ean Komeleya Niv\u00eeskar\u00ean Kurd b\u00fb li Amed\u00ea.\u00a0<\/span><\/p>\n<p dir=\"ltr\"><span style=\"color: #222222;font-family: Verdana\">Di 30\u00ea Cotmeha 2012an de ji ber nexwe\u015fiya pence\u015f\u00ear\u00ea \u00e7\u00fb ser dilovaniya xwe \u00fb li Goristana Yenikoy\u00ea ya li Amed\u00ea hate definkirin.<\/span><\/p>\n","protected":false},"excerpt":{"rendered":"<p dir=\"ltr\" style=\"text-align: center\"><strong>Niv\u00eeskar: Arjen Ar\u00ee\u00a0<\/strong><br \/>\n<strong>Piert\u00fbk: Sete Arjen Ar\u00ee (9 Pirt\u00fbk)<\/strong><br \/>\n<strong>Cure: Helbest\u00a0<\/strong><\/p>\n","protected":false},"featured_media":12682,"template":"","meta":{"site-sidebar-layout":"default","site-content-layout":"","ast-site-content-layout":"default","site-content-style":"default","site-sidebar-style":"default","ast-global-header-display":"","ast-banner-title-visibility":"","ast-main-header-display":"","ast-hfb-above-header-display":"","ast-hfb-below-header-display":"","ast-hfb-mobile-header-display":"","site-post-title":"","ast-breadcrumbs-content":"","ast-featured-img":"","footer-sml-layout":"","ast-disable-related-posts":"","theme-transparent-header-meta":"default","adv-header-id-meta":"","stick-header-meta":"","header-above-stick-meta":"","header-main-stick-meta":"","header-below-stick-meta":"","astra-migrate-meta-layouts":"set","ast-page-background-enabled":"default","ast-page-background-meta":{"desktop":{"background-color":"","background-image":"","background-repeat":"repeat","background-position":"center center","background-size":"auto","background-attachment":"scroll","background-type":"","background-media":"","overlay-type":"","overlay-color":"","overlay-opacity":"","overlay-gradient":""},"tablet":{"background-color":"","background-image":"","background-repeat":"repeat","background-position":"center center","background-size":"auto","background-attachment":"scroll","background-type":"","background-media":"","overlay-type":"","overlay-color":"","overlay-opacity":"","overlay-gradient":""},"mobile":{"background-color":"","background-image":"","background-repeat":"repeat","background-position":"center center","background-size":"auto","background-attachment":"scroll","background-type":"","background-media":"","overlay-type":"","overlay-color":"","overlay-opacity":"","overlay-gradient":""}},"ast-content-background-meta":{"desktop":{"background-color":"var(--ast-global-color-5)","background-image":"","background-repeat":"repeat","background-position":"center center","background-size":"auto","background-attachment":"scroll","background-type":"","background-media":"","overlay-type":"","overlay-color":"","overlay-opacity":"","overlay-gradient":""},"tablet":{"background-color":"var(--ast-global-color-5)","background-image":"","background-repeat":"repeat","background-position":"center center","background-size":"auto","background-attachment":"scroll","background-type":"","background-media":"","overlay-type":"","overlay-color":"","overlay-opacity":"","overlay-gradient":""},"mobile":{"background-color":"var(--ast-global-color-5)","background-image":"","background-repeat":"repeat","background-position":"center center","background-size":"auto","background-attachment":"scroll","background-type":"","background-media":"","overlay-type":"","overlay-color":"","overlay-opacity":"","overlay-gradient":""}}},"product_brand":[],"product_cat":[184,193],"product_tag":[],"class_list":{"0":"post-12644","1":"product","2":"type-product","3":"status-publish","4":"has-post-thumbnail","6":"product_cat-_","7":"product_cat--_","8":"pa_-helbest","9":"pa_-arjen-ari","10":"pa_-kurmanci","11":"pa_--wesanen-sor","12":"desktop-align-left","13":"tablet-align-left","14":"mobile-align-left","16":"first","17":"outofstock","18":"shipping-taxable","19":"purchasable","20":"product-type-simple"},"yoast_head":"<!-- This site is optimized with the Yoast SEO plugin v27.4 - https:\/\/yoast.com\/product\/yoast-seo-wordpress\/ -->\n<title>Seta Arjen Ar\u00ee (9 Pirt\u00fbk) - www.shanabooks.de<\/title>\n<meta name=\"description\" content=\"Seta Arjen Ar\u00ee (9 Pirt\u00fbk) Arjen Ar\u00ee\u00a0y\u00ea ku di sala 2012an de h\u00eaj di 56 saliya xwe de ji ber nexwe\u015fiya pence\u015f\u00ear\u00ea ko\u00e7a daw\u00ee kir li d\u00fb xwe gelek berhem\u00ean ...\" \/>\n<meta name=\"robots\" content=\"index, follow, max-snippet:-1, max-image-preview:large, max-video-preview:-1\" \/>\n<link rel=\"canonical\" href=\"https:\/\/shanabooks.de\/product\/seta-arjen-ari-9-pirtuk\/\" \/>\n<meta property=\"og:locale\" content=\"de_DE\" \/>\n<meta property=\"og:type\" content=\"article\" \/>\n<meta property=\"og:title\" content=\"Seta Arjen Ar\u00ee (9 Pirt\u00fbk) - www.shanabooks.de\" \/>\n<meta property=\"og:description\" content=\"Seta Arjen Ar\u00ee (9 Pirt\u00fbk) Arjen Ar\u00ee\u00a0y\u00ea ku di sala 2012an de h\u00eaj di 56 saliya xwe de ji ber nexwe\u015fiya pence\u015f\u00ear\u00ea ko\u00e7a daw\u00ee kir li d\u00fb xwe gelek berhem\u00ean ...\" \/>\n<meta property=\"og:url\" content=\"https:\/\/shanabooks.de\/product\/seta-arjen-ari-9-pirtuk\/\" \/>\n<meta property=\"og:site_name\" content=\"www.shanabooks.de\" \/>\n<meta property=\"article:modified_time\" content=\"2026-02-22T20:18:19+00:00\" \/>\n<meta property=\"og:image\" content=\"https:\/\/shanabooks.de\/wp-content\/uploads\/2024\/03\/Arjen-Ari-set.webp\" \/>\n\t<meta property=\"og:image:width\" content=\"377\" \/>\n\t<meta property=\"og:image:height\" content=\"600\" \/>\n\t<meta property=\"og:image:type\" content=\"image\/webp\" \/>\n<meta name=\"twitter:card\" content=\"summary_large_image\" \/>\n<meta name=\"twitter:label1\" content=\"Gesch\u00e4tzte Lesezeit\" \/>\n\t<meta name=\"twitter:data1\" content=\"3\u00a0Minuten\" \/>\n<script type=\"application\/ld+json\" class=\"yoast-schema-graph\">{\"@context\":\"https:\\\/\\\/schema.org\",\"@graph\":[{\"@type\":\"WebPage\",\"@id\":\"https:\\\/\\\/shanabooks.de\\\/product\\\/seta-arjen-ari-9-pirtuk\\\/\",\"url\":\"https:\\\/\\\/shanabooks.de\\\/product\\\/seta-arjen-ari-9-pirtuk\\\/\",\"name\":\"Seta Arjen Ar\u00ee (9 Pirt\u00fbk) - www.shanabooks.de\",\"isPartOf\":{\"@id\":\"https:\\\/\\\/shanabooks.de\\\/#website\"},\"primaryImageOfPage\":{\"@id\":\"https:\\\/\\\/shanabooks.de\\\/product\\\/seta-arjen-ari-9-pirtuk\\\/#primaryimage\"},\"image\":{\"@id\":\"https:\\\/\\\/shanabooks.de\\\/product\\\/seta-arjen-ari-9-pirtuk\\\/#primaryimage\"},\"thumbnailUrl\":\"https:\\\/\\\/shanabooks.de\\\/wp-content\\\/uploads\\\/2024\\\/03\\\/Arjen-Ari-set.webp\",\"datePublished\":\"2024-03-03T19:45:34+00:00\",\"dateModified\":\"2026-02-22T20:18:19+00:00\",\"description\":\"Seta Arjen Ar\u00ee (9 Pirt\u00fbk) Arjen Ar\u00ee\u00a0y\u00ea ku di sala 2012an de h\u00eaj di 56 saliya xwe de ji ber nexwe\u015fiya pence\u015f\u00ear\u00ea ko\u00e7a daw\u00ee kir li d\u00fb xwe gelek berhem\u00ean ...\",\"breadcrumb\":{\"@id\":\"https:\\\/\\\/shanabooks.de\\\/product\\\/seta-arjen-ari-9-pirtuk\\\/#breadcrumb\"},\"inLanguage\":\"de\",\"potentialAction\":[{\"@type\":\"ReadAction\",\"target\":[\"https:\\\/\\\/shanabooks.de\\\/product\\\/seta-arjen-ari-9-pirtuk\\\/\"]}]},{\"@type\":\"ImageObject\",\"inLanguage\":\"de\",\"@id\":\"https:\\\/\\\/shanabooks.de\\\/product\\\/seta-arjen-ari-9-pirtuk\\\/#primaryimage\",\"url\":\"https:\\\/\\\/shanabooks.de\\\/wp-content\\\/uploads\\\/2024\\\/03\\\/Arjen-Ari-set.webp\",\"contentUrl\":\"https:\\\/\\\/shanabooks.de\\\/wp-content\\\/uploads\\\/2024\\\/03\\\/Arjen-Ari-set.webp\",\"width\":377,\"height\":600,\"caption\":\"Seta Arjen Ar\u00ee (9 Pirt\u00fbk)\"},{\"@type\":\"BreadcrumbList\",\"@id\":\"https:\\\/\\\/shanabooks.de\\\/product\\\/seta-arjen-ari-9-pirtuk\\\/#breadcrumb\",\"itemListElement\":[{\"@type\":\"ListItem\",\"position\":1,\"name\":\"\u0627\u0644\u0631\u0626\u064a\u0633\u064a\u0629\",\"item\":\"https:\\\/\\\/shanabooks.de\\\/de\\\/\"},{\"@type\":\"ListItem\",\"position\":2,\"name\":\"\u0627\u0644\u0645\u0646\u062a\u062c\u0627\u062a\",\"item\":\"https:\\\/\\\/shanabooks.de\\\/shop\\\/\"},{\"@type\":\"ListItem\",\"position\":3,\"name\":\"Seta Arjen Ar\u00ee (9 Pirt\u00fbk)\"}]},{\"@type\":\"WebSite\",\"@id\":\"https:\\\/\\\/shanabooks.de\\\/#website\",\"url\":\"https:\\\/\\\/shanabooks.de\\\/\",\"name\":\"www.shanbooks.de\",\"description\":\"C\u00eehana Pirt\u00fbk\u00ean Kurd\u00ee \u0645\u0643\u062a\u0628\u0629 \u0634\u0627\u0646\u0627 \u0641\u064a \u0627\u0644\u0645\u0627\u0646\u064a\u0627 \u0648\u0623\u0648\u0631\u0628\u0627\",\"publisher\":{\"@id\":\"https:\\\/\\\/shanabooks.de\\\/#organization\"},\"potentialAction\":[{\"@type\":\"SearchAction\",\"target\":{\"@type\":\"EntryPoint\",\"urlTemplate\":\"https:\\\/\\\/shanabooks.de\\\/?s={search_term_string}\"},\"query-input\":{\"@type\":\"PropertyValueSpecification\",\"valueRequired\":true,\"valueName\":\"search_term_string\"}}],\"inLanguage\":\"de\"},{\"@type\":\"Organization\",\"@id\":\"https:\\\/\\\/shanabooks.de\\\/#organization\",\"name\":\"www.shanbooks.de\",\"url\":\"https:\\\/\\\/shanabooks.de\\\/\",\"logo\":{\"@type\":\"ImageObject\",\"inLanguage\":\"de\",\"@id\":\"https:\\\/\\\/shanabooks.de\\\/#\\\/schema\\\/logo\\\/image\\\/\",\"url\":\"https:\\\/\\\/shanabooks.de\\\/wp-content\\\/uploads\\\/2024\\\/03\\\/SHANABOOKS__2_-removebg-preview.png\",\"contentUrl\":\"https:\\\/\\\/shanabooks.de\\\/wp-content\\\/uploads\\\/2024\\\/03\\\/SHANABOOKS__2_-removebg-preview.png\",\"width\":700,\"height\":150,\"caption\":\"www.shanbooks.de\"},\"image\":{\"@id\":\"https:\\\/\\\/shanabooks.de\\\/#\\\/schema\\\/logo\\\/image\\\/\"}}]}<\/script>\n<!-- \/ Yoast SEO plugin. -->","yoast_head_json":{"title":"Seta Arjen Ar\u00ee (9 Pirt\u00fbk) - www.shanabooks.de","description":"Seta Arjen Ar\u00ee (9 Pirt\u00fbk) Arjen Ar\u00ee\u00a0y\u00ea ku di sala 2012an de h\u00eaj di 56 saliya xwe de ji ber nexwe\u015fiya pence\u015f\u00ear\u00ea ko\u00e7a daw\u00ee kir li d\u00fb xwe gelek berhem\u00ean ...","robots":{"index":"index","follow":"follow","max-snippet":"max-snippet:-1","max-image-preview":"max-image-preview:large","max-video-preview":"max-video-preview:-1"},"canonical":"https:\/\/shanabooks.de\/product\/seta-arjen-ari-9-pirtuk\/","og_locale":"de_DE","og_type":"article","og_title":"Seta Arjen Ar\u00ee (9 Pirt\u00fbk) - www.shanabooks.de","og_description":"Seta Arjen Ar\u00ee (9 Pirt\u00fbk) Arjen Ar\u00ee\u00a0y\u00ea ku di sala 2012an de h\u00eaj di 56 saliya xwe de ji ber nexwe\u015fiya pence\u015f\u00ear\u00ea ko\u00e7a daw\u00ee kir li d\u00fb xwe gelek berhem\u00ean ...","og_url":"https:\/\/shanabooks.de\/product\/seta-arjen-ari-9-pirtuk\/","og_site_name":"www.shanabooks.de","article_modified_time":"2026-02-22T20:18:19+00:00","og_image":[{"width":377,"height":600,"url":"https:\/\/shanabooks.de\/wp-content\/uploads\/2024\/03\/Arjen-Ari-set.webp","type":"image\/webp"}],"twitter_card":"summary_large_image","twitter_misc":{"Gesch\u00e4tzte Lesezeit":"3\u00a0Minuten"},"schema":{"@context":"https:\/\/schema.org","@graph":[{"@type":"WebPage","@id":"https:\/\/shanabooks.de\/product\/seta-arjen-ari-9-pirtuk\/","url":"https:\/\/shanabooks.de\/product\/seta-arjen-ari-9-pirtuk\/","name":"Seta Arjen Ar\u00ee (9 Pirt\u00fbk) - www.shanabooks.de","isPartOf":{"@id":"https:\/\/shanabooks.de\/#website"},"primaryImageOfPage":{"@id":"https:\/\/shanabooks.de\/product\/seta-arjen-ari-9-pirtuk\/#primaryimage"},"image":{"@id":"https:\/\/shanabooks.de\/product\/seta-arjen-ari-9-pirtuk\/#primaryimage"},"thumbnailUrl":"https:\/\/shanabooks.de\/wp-content\/uploads\/2024\/03\/Arjen-Ari-set.webp","datePublished":"2024-03-03T19:45:34+00:00","dateModified":"2026-02-22T20:18:19+00:00","description":"Seta Arjen Ar\u00ee (9 Pirt\u00fbk) Arjen Ar\u00ee\u00a0y\u00ea ku di sala 2012an de h\u00eaj di 56 saliya xwe de ji ber nexwe\u015fiya pence\u015f\u00ear\u00ea ko\u00e7a daw\u00ee kir li d\u00fb xwe gelek berhem\u00ean ...","breadcrumb":{"@id":"https:\/\/shanabooks.de\/product\/seta-arjen-ari-9-pirtuk\/#breadcrumb"},"inLanguage":"de","potentialAction":[{"@type":"ReadAction","target":["https:\/\/shanabooks.de\/product\/seta-arjen-ari-9-pirtuk\/"]}]},{"@type":"ImageObject","inLanguage":"de","@id":"https:\/\/shanabooks.de\/product\/seta-arjen-ari-9-pirtuk\/#primaryimage","url":"https:\/\/shanabooks.de\/wp-content\/uploads\/2024\/03\/Arjen-Ari-set.webp","contentUrl":"https:\/\/shanabooks.de\/wp-content\/uploads\/2024\/03\/Arjen-Ari-set.webp","width":377,"height":600,"caption":"Seta Arjen Ar\u00ee (9 Pirt\u00fbk)"},{"@type":"BreadcrumbList","@id":"https:\/\/shanabooks.de\/product\/seta-arjen-ari-9-pirtuk\/#breadcrumb","itemListElement":[{"@type":"ListItem","position":1,"name":"\u0627\u0644\u0631\u0626\u064a\u0633\u064a\u0629","item":"https:\/\/shanabooks.de\/de\/"},{"@type":"ListItem","position":2,"name":"\u0627\u0644\u0645\u0646\u062a\u062c\u0627\u062a","item":"https:\/\/shanabooks.de\/shop\/"},{"@type":"ListItem","position":3,"name":"Seta Arjen Ar\u00ee (9 Pirt\u00fbk)"}]},{"@type":"WebSite","@id":"https:\/\/shanabooks.de\/#website","url":"https:\/\/shanabooks.de\/","name":"www.shanbooks.de","description":"C\u00eehana Pirt\u00fbk\u00ean Kurd\u00ee \u0645\u0643\u062a\u0628\u0629 \u0634\u0627\u0646\u0627 \u0641\u064a \u0627\u0644\u0645\u0627\u0646\u064a\u0627 \u0648\u0623\u0648\u0631\u0628\u0627","publisher":{"@id":"https:\/\/shanabooks.de\/#organization"},"potentialAction":[{"@type":"SearchAction","target":{"@type":"EntryPoint","urlTemplate":"https:\/\/shanabooks.de\/?s={search_term_string}"},"query-input":{"@type":"PropertyValueSpecification","valueRequired":true,"valueName":"search_term_string"}}],"inLanguage":"de"},{"@type":"Organization","@id":"https:\/\/shanabooks.de\/#organization","name":"www.shanbooks.de","url":"https:\/\/shanabooks.de\/","logo":{"@type":"ImageObject","inLanguage":"de","@id":"https:\/\/shanabooks.de\/#\/schema\/logo\/image\/","url":"https:\/\/shanabooks.de\/wp-content\/uploads\/2024\/03\/SHANABOOKS__2_-removebg-preview.png","contentUrl":"https:\/\/shanabooks.de\/wp-content\/uploads\/2024\/03\/SHANABOOKS__2_-removebg-preview.png","width":700,"height":150,"caption":"www.shanbooks.de"},"image":{"@id":"https:\/\/shanabooks.de\/#\/schema\/logo\/image\/"}}]}},"jetpack_sharing_enabled":true,"_links":{"self":[{"href":"https:\/\/shanabooks.de\/de\/wp-json\/wp\/v2\/product\/12644","targetHints":{"allow":["GET"]}}],"collection":[{"href":"https:\/\/shanabooks.de\/de\/wp-json\/wp\/v2\/product"}],"about":[{"href":"https:\/\/shanabooks.de\/de\/wp-json\/wp\/v2\/types\/product"}],"version-history":[{"count":3,"href":"https:\/\/shanabooks.de\/de\/wp-json\/wp\/v2\/product\/12644\/revisions"}],"predecessor-version":[{"id":18738,"href":"https:\/\/shanabooks.de\/de\/wp-json\/wp\/v2\/product\/12644\/revisions\/18738"}],"wp:featuredmedia":[{"embeddable":true,"href":"https:\/\/shanabooks.de\/de\/wp-json\/wp\/v2\/media\/12682"}],"wp:attachment":[{"href":"https:\/\/shanabooks.de\/de\/wp-json\/wp\/v2\/media?parent=12644"}],"wp:term":[{"taxonomy":"product_brand","embeddable":true,"href":"https:\/\/shanabooks.de\/de\/wp-json\/wp\/v2\/product_brand?post=12644"},{"taxonomy":"product_cat","embeddable":true,"href":"https:\/\/shanabooks.de\/de\/wp-json\/wp\/v2\/product_cat?post=12644"},{"taxonomy":"product_tag","embeddable":true,"href":"https:\/\/shanabooks.de\/de\/wp-json\/wp\/v2\/product_tag?post=12644"}],"curies":[{"name":"wp","href":"https:\/\/api.w.org\/{rel}","templated":true}]}}