{"id":12700,"date":"2024-03-03T19:45:57","date_gmt":"2024-03-03T19:45:57","guid":{"rendered":"https:\/\/shanabooks.de\/?post_type=product&#038;p=12700"},"modified":"2026-01-02T19:51:55","modified_gmt":"2026-01-02T19:51:55","slug":"biraninen-min-osman-sebri","status":"publish","type":"product","link":"https:\/\/shanabooks.de\/de\/product\/biraninen-min-osman-sebri\/","title":{"rendered":"B\u00eeran\u00een\u00ean min"},"content":{"rendered":"<p dir=\"ltr\"><strong>B\u00eeran\u00een\u00ean min &#8211; Osman Sebr\u00ee<\/strong><\/p>\n<p dir=\"ltr\">Di v\u00ea belgeya d\u00eerok\u00ea ya giranbiha de, t\u00eako\u015fer, welatperwer, s\u00eeyasetmedar \u00fb niv\u00eeskar\u00a0Osman Sebr\u00ee\u00a0behsa kitekit\u00ean pir gir\u00eeng ji d\u00eeroka gel\u00ea Kurd a n\u00fbjen dike. Ji zarokat\u00eey\u00ea bigirin heta bi xortan\u00eey\u00ea. Ji \u015eore\u015fa \u015e\u00eax Se\u00eed\u00ea P\u00eeran heta bi \u00e7alak\u00ee \u00fb hewldan\u00ean s\u00eeyas\u00ee \u00fb le\u015fker\u00ee y\u00ean Part\u00eeya Xoyb\u00fbn\u00ea, Osman Sebr\u00ee perdey\u00ea ji ser gelek h\u00fbrgil\u00eey\u00ean ve\u015fart\u00ee hildide \u00fb me wer dike di deryaya \u015fikestin, malw\u00earan\u00ee \u00fb kambax\u00eey\u00ean gel\u00ea Kurd li Bakur \u00fb Rojavay\u00ea wel\u00eat de.<\/p>\n<p dir=\"ltr\">Gorbehi\u015ft\u00a0Osman Sebr\u00ee\u00a0ku her dem\u00ea wek\u00ee Kurdperwerek\u00ee xwed\u00ee p\u00ean\u00fbseke t\u00fbj hatiye nas\u00een; di nav b\u00eeran\u00eenan de j\u00ee mohra xwe li d\u00eeroka xebata gel\u00ea Kurd daye \u00fb rast\u00eeya \u015filf\u00eetaz\u00ee li ber me raxistiye. Di vegotina b\u00fbyer \u00fb qewim\u00een\u00ean \u015eore\u015fa \u015e\u00eax Se\u00eed de, li ser sedem\u00ean t\u00eak\u00e7\u00fbna \u015eore\u015f\u00ea radiweste \u00fb kil \u00fb k\u00eamas\u00eey\u00ean civaka Kurd a derebeg \u00fb pa\u015fver\u00fb di w\u00ea dem\u00ea raber dike. Her weha di dema sirg\u00fbn \u00fb \u201cge\u015fta\u201d li zindan\u00ean dewleta dagirker de, ew bi d\u00fbr\u00fbdir\u00eaj\u00ee behsa dexs, x\u00earnexwaz \u00fb \u201ckurm\u00ean dar\u00ea\u201d y\u00ean Kurd dike ku \u00e7awa li dij\u00ee biray\u00ean xwe pi\u015fta dijmin\u00ea xwe digirin!<\/p>\n<p dir=\"ltr\">M\u00earxas\u00ee \u00fb tirsonek\u00ee; cam\u00ear\u00ee \u00fb qels\u00ee; welatperwer\u00ee \u00fb xiniz\u00ee; ser\u00eehildan \u00fb ser\u00ee\u00e7enadin; r\u00eazdar\u00ee \u00fb b\u00ear\u00eaz\u00ee: Kurdistana ku her \u00fb her welat\u00ea nakok\u00eeyan b\u00fb, v\u00ea car\u00ea bi ziman\u00ea kur\u00ea xwe y\u00ea \u00e7ak \u00fb xwe\u015fm\u00ear -Osman Seber\u00ee- \u00a0dipeyive<\/p>\n<p dir=\"ltr\">B\u00eeran\u00een\u00ean min ya Osman Sebr\u00ee ji we\u015fan\u00ean L\u00ees\u00ea derketiye.<\/p>\n","protected":false},"excerpt":{"rendered":"<p dir=\"ltr\" style=\"text-align: center\"><strong>Niv\u00eesakr: Osman Sebr\u00ee<\/strong><br \/>\n<strong>Pirt\u00fbk: B\u00eeran\u00een\u00ean min<\/strong><br \/>\n<strong>Cure: B\u00eeran\u00een\u00a0<\/strong><\/p>\n","protected":false},"featured_media":12732,"template":"","meta":{"site-sidebar-layout":"default","site-content-layout":"","ast-site-content-layout":"default","site-content-style":"default","site-sidebar-style":"default","ast-global-header-display":"","ast-banner-title-visibility":"","ast-main-header-display":"","ast-hfb-above-header-display":"","ast-hfb-below-header-display":"","ast-hfb-mobile-header-display":"","site-post-title":"","ast-breadcrumbs-content":"","ast-featured-img":"","footer-sml-layout":"","ast-disable-related-posts":"","theme-transparent-header-meta":"default","adv-header-id-meta":"","stick-header-meta":"","header-above-stick-meta":"","header-main-stick-meta":"","header-below-stick-meta":"","astra-migrate-meta-layouts":"set","ast-page-background-enabled":"default","ast-page-background-meta":{"desktop":{"background-color":"","background-image":"","background-repeat":"repeat","background-position":"center center","background-size":"auto","background-attachment":"scroll","background-type":"","background-media":"","overlay-type":"","overlay-color":"","overlay-opacity":"","overlay-gradient":""},"tablet":{"background-color":"","background-image":"","background-repeat":"repeat","background-position":"center center","background-size":"auto","background-attachment":"scroll","background-type":"","background-media":"","overlay-type":"","overlay-color":"","overlay-opacity":"","overlay-gradient":""},"mobile":{"background-color":"","background-image":"","background-repeat":"repeat","background-position":"center center","background-size":"auto","background-attachment":"scroll","background-type":"","background-media":"","overlay-type":"","overlay-color":"","overlay-opacity":"","overlay-gradient":""}},"ast-content-background-meta":{"desktop":{"background-color":"var(--ast-global-color-5)","background-image":"","background-repeat":"repeat","background-position":"center center","background-size":"auto","background-attachment":"scroll","background-type":"","background-media":"","overlay-type":"","overlay-color":"","overlay-opacity":"","overlay-gradient":""},"tablet":{"background-color":"var(--ast-global-color-5)","background-image":"","background-repeat":"repeat","background-position":"center center","background-size":"auto","background-attachment":"scroll","background-type":"","background-media":"","overlay-type":"","overlay-color":"","overlay-opacity":"","overlay-gradient":""},"mobile":{"background-color":"var(--ast-global-color-5)","background-image":"","background-repeat":"repeat","background-position":"center center","background-size":"auto","background-attachment":"scroll","background-type":"","background-media":"","overlay-type":"","overlay-color":"","overlay-opacity":"","overlay-gradient":""}}},"product_brand":[],"product_cat":[187,334,193],"product_tag":[],"class_list":{"0":"post-12700","1":"product","2":"type-product","3":"status-publish","4":"has-post-thumbnail","6":"product_cat-_","7":"product_cat--_","9":"desktop-align-left","10":"tablet-align-left","11":"mobile-align-left","13":"first","14":"outofstock","15":"shipping-taxable","16":"purchasable","17":"product-type-simple"},"yoast_head":"<!-- This site is optimized with the Yoast SEO plugin v27.6 - https:\/\/yoast.com\/product\/yoast-seo-wordpress\/ -->\n<title>B\u00eeran\u00een\u00ean min - Osman Sebr\u00ee - www.shanabooks.de<\/title>\n<meta name=\"description\" content=\"B\u00eeran\u00een\u00ean min - Osman Sebr\u00ee Di v\u00ea belgeya d\u00eerok\u00ea ya giranbiha de, t\u00eako\u015fer, welatperwer, s\u00eeyasetmedar \u00fb niv\u00eeskar\u00a0Osman Sebr\u00ee\u00a0behsa kitekit\u00ean pir gir\u00eeng ji...\" \/>\n<meta name=\"robots\" content=\"index, follow, max-snippet:-1, max-image-preview:large, max-video-preview:-1\" \/>\n<link rel=\"canonical\" href=\"https:\/\/shanabooks.de\/product\/biraninen-min-osman-sebri\/\" \/>\n<meta property=\"og:locale\" content=\"de_DE\" \/>\n<meta property=\"og:type\" content=\"article\" \/>\n<meta property=\"og:title\" content=\"B\u00eeran\u00een\u00ean min - Osman Sebr\u00ee - www.shanabooks.de\" \/>\n<meta property=\"og:description\" content=\"B\u00eeran\u00een\u00ean min - Osman Sebr\u00ee Di v\u00ea belgeya d\u00eerok\u00ea ya giranbiha de, t\u00eako\u015fer, welatperwer, s\u00eeyasetmedar \u00fb niv\u00eeskar\u00a0Osman Sebr\u00ee\u00a0behsa kitekit\u00ean pir gir\u00eeng ji...\" \/>\n<meta property=\"og:url\" content=\"https:\/\/shanabooks.de\/product\/biraninen-min-osman-sebri\/\" \/>\n<meta property=\"og:site_name\" content=\"www.shanabooks.de\" \/>\n<meta property=\"article:modified_time\" content=\"2026-01-02T19:51:55+00:00\" \/>\n<meta property=\"og:image\" content=\"https:\/\/shanabooks.de\/wp-content\/uploads\/2024\/03\/Biranen-min.png\" \/>\n\t<meta property=\"og:image:width\" content=\"281\" \/>\n\t<meta property=\"og:image:height\" content=\"476\" \/>\n\t<meta property=\"og:image:type\" content=\"image\/png\" \/>\n<meta name=\"twitter:card\" content=\"summary_large_image\" \/>\n<meta name=\"twitter:label1\" content=\"Gesch\u00e4tzte Lesezeit\" \/>\n\t<meta name=\"twitter:data1\" content=\"2\u00a0Minuten\" \/>\n<script type=\"application\/ld+json\" class=\"yoast-schema-graph\">{\"@context\":\"https:\\\/\\\/schema.org\",\"@graph\":[{\"@type\":\"WebPage\",\"@id\":\"https:\\\/\\\/shanabooks.de\\\/product\\\/biraninen-min-osman-sebri\\\/\",\"url\":\"https:\\\/\\\/shanabooks.de\\\/product\\\/biraninen-min-osman-sebri\\\/\",\"name\":\"B\u00eeran\u00een\u00ean min - Osman Sebr\u00ee - www.shanabooks.de\",\"isPartOf\":{\"@id\":\"https:\\\/\\\/shanabooks.de\\\/#website\"},\"primaryImageOfPage\":{\"@id\":\"https:\\\/\\\/shanabooks.de\\\/product\\\/biraninen-min-osman-sebri\\\/#primaryimage\"},\"image\":{\"@id\":\"https:\\\/\\\/shanabooks.de\\\/product\\\/biraninen-min-osman-sebri\\\/#primaryimage\"},\"thumbnailUrl\":\"https:\\\/\\\/shanabooks.de\\\/wp-content\\\/uploads\\\/2024\\\/03\\\/Biranen-min.png\",\"datePublished\":\"2024-03-03T19:45:57+00:00\",\"dateModified\":\"2026-01-02T19:51:55+00:00\",\"description\":\"B\u00eeran\u00een\u00ean min - Osman Sebr\u00ee Di v\u00ea belgeya d\u00eerok\u00ea ya giranbiha de, t\u00eako\u015fer, welatperwer, s\u00eeyasetmedar \u00fb niv\u00eeskar\u00a0Osman Sebr\u00ee\u00a0behsa kitekit\u00ean pir gir\u00eeng ji...\",\"breadcrumb\":{\"@id\":\"https:\\\/\\\/shanabooks.de\\\/product\\\/biraninen-min-osman-sebri\\\/#breadcrumb\"},\"inLanguage\":\"de\",\"potentialAction\":[{\"@type\":\"ReadAction\",\"target\":[\"https:\\\/\\\/shanabooks.de\\\/product\\\/biraninen-min-osman-sebri\\\/\"]}]},{\"@type\":\"ImageObject\",\"inLanguage\":\"de\",\"@id\":\"https:\\\/\\\/shanabooks.de\\\/product\\\/biraninen-min-osman-sebri\\\/#primaryimage\",\"url\":\"https:\\\/\\\/shanabooks.de\\\/wp-content\\\/uploads\\\/2024\\\/03\\\/Biranen-min.png\",\"contentUrl\":\"https:\\\/\\\/shanabooks.de\\\/wp-content\\\/uploads\\\/2024\\\/03\\\/Biranen-min.png\",\"width\":281,\"height\":476,\"caption\":\"B\u00eeran\u00een\u00ean min - Osman Sebr\u00ee - pirt\u00fbk\u00ean kurd\u00ee\"},{\"@type\":\"BreadcrumbList\",\"@id\":\"https:\\\/\\\/shanabooks.de\\\/product\\\/biraninen-min-osman-sebri\\\/#breadcrumb\",\"itemListElement\":[{\"@type\":\"ListItem\",\"position\":1,\"name\":\"\u0627\u0644\u0631\u0626\u064a\u0633\u064a\u0629\",\"item\":\"https:\\\/\\\/shanabooks.de\\\/de\\\/\"},{\"@type\":\"ListItem\",\"position\":2,\"name\":\"\u0627\u0644\u0645\u0646\u062a\u062c\u0627\u062a\",\"item\":\"https:\\\/\\\/shanabooks.de\\\/shop\\\/\"},{\"@type\":\"ListItem\",\"position\":3,\"name\":\"B\u00eeran\u00een\u00ean min\"}]},{\"@type\":\"WebSite\",\"@id\":\"https:\\\/\\\/shanabooks.de\\\/#website\",\"url\":\"https:\\\/\\\/shanabooks.de\\\/\",\"name\":\"www.shanbooks.de\",\"description\":\"C\u00eehana Pirt\u00fbk\u00ean Kurd\u00ee \u0645\u0643\u062a\u0628\u0629 \u0634\u0627\u0646\u0627 \u0641\u064a \u0627\u0644\u0645\u0627\u0646\u064a\u0627 \u0648\u0623\u0648\u0631\u0628\u0627\",\"publisher\":{\"@id\":\"https:\\\/\\\/shanabooks.de\\\/#organization\"},\"potentialAction\":[{\"@type\":\"SearchAction\",\"target\":{\"@type\":\"EntryPoint\",\"urlTemplate\":\"https:\\\/\\\/shanabooks.de\\\/?s={search_term_string}\"},\"query-input\":{\"@type\":\"PropertyValueSpecification\",\"valueRequired\":true,\"valueName\":\"search_term_string\"}}],\"inLanguage\":\"de\"},{\"@type\":\"Organization\",\"@id\":\"https:\\\/\\\/shanabooks.de\\\/#organization\",\"name\":\"www.shanbooks.de\",\"url\":\"https:\\\/\\\/shanabooks.de\\\/\",\"logo\":{\"@type\":\"ImageObject\",\"inLanguage\":\"de\",\"@id\":\"https:\\\/\\\/shanabooks.de\\\/#\\\/schema\\\/logo\\\/image\\\/\",\"url\":\"https:\\\/\\\/shanabooks.de\\\/wp-content\\\/uploads\\\/2024\\\/03\\\/SHANABOOKS__2_-removebg-preview.png\",\"contentUrl\":\"https:\\\/\\\/shanabooks.de\\\/wp-content\\\/uploads\\\/2024\\\/03\\\/SHANABOOKS__2_-removebg-preview.png\",\"width\":700,\"height\":150,\"caption\":\"www.shanbooks.de\"},\"image\":{\"@id\":\"https:\\\/\\\/shanabooks.de\\\/#\\\/schema\\\/logo\\\/image\\\/\"}}]}<\/script>\n<!-- \/ Yoast SEO plugin. -->","yoast_head_json":{"title":"B\u00eeran\u00een\u00ean min - Osman Sebr\u00ee - www.shanabooks.de","description":"B\u00eeran\u00een\u00ean min - Osman Sebr\u00ee Di v\u00ea belgeya d\u00eerok\u00ea ya giranbiha de, t\u00eako\u015fer, welatperwer, s\u00eeyasetmedar \u00fb niv\u00eeskar\u00a0Osman Sebr\u00ee\u00a0behsa kitekit\u00ean pir gir\u00eeng ji...","robots":{"index":"index","follow":"follow","max-snippet":"max-snippet:-1","max-image-preview":"max-image-preview:large","max-video-preview":"max-video-preview:-1"},"canonical":"https:\/\/shanabooks.de\/product\/biraninen-min-osman-sebri\/","og_locale":"de_DE","og_type":"article","og_title":"B\u00eeran\u00een\u00ean min - Osman Sebr\u00ee - www.shanabooks.de","og_description":"B\u00eeran\u00een\u00ean min - Osman Sebr\u00ee Di v\u00ea belgeya d\u00eerok\u00ea ya giranbiha de, t\u00eako\u015fer, welatperwer, s\u00eeyasetmedar \u00fb niv\u00eeskar\u00a0Osman Sebr\u00ee\u00a0behsa kitekit\u00ean pir gir\u00eeng ji...","og_url":"https:\/\/shanabooks.de\/product\/biraninen-min-osman-sebri\/","og_site_name":"www.shanabooks.de","article_modified_time":"2026-01-02T19:51:55+00:00","og_image":[{"width":281,"height":476,"url":"https:\/\/shanabooks.de\/wp-content\/uploads\/2024\/03\/Biranen-min.png","type":"image\/png"}],"twitter_card":"summary_large_image","twitter_misc":{"Gesch\u00e4tzte Lesezeit":"2\u00a0Minuten"},"schema":{"@context":"https:\/\/schema.org","@graph":[{"@type":"WebPage","@id":"https:\/\/shanabooks.de\/product\/biraninen-min-osman-sebri\/","url":"https:\/\/shanabooks.de\/product\/biraninen-min-osman-sebri\/","name":"B\u00eeran\u00een\u00ean min - Osman Sebr\u00ee - www.shanabooks.de","isPartOf":{"@id":"https:\/\/shanabooks.de\/#website"},"primaryImageOfPage":{"@id":"https:\/\/shanabooks.de\/product\/biraninen-min-osman-sebri\/#primaryimage"},"image":{"@id":"https:\/\/shanabooks.de\/product\/biraninen-min-osman-sebri\/#primaryimage"},"thumbnailUrl":"https:\/\/shanabooks.de\/wp-content\/uploads\/2024\/03\/Biranen-min.png","datePublished":"2024-03-03T19:45:57+00:00","dateModified":"2026-01-02T19:51:55+00:00","description":"B\u00eeran\u00een\u00ean min - Osman Sebr\u00ee Di v\u00ea belgeya d\u00eerok\u00ea ya giranbiha de, t\u00eako\u015fer, welatperwer, s\u00eeyasetmedar \u00fb niv\u00eeskar\u00a0Osman Sebr\u00ee\u00a0behsa kitekit\u00ean pir gir\u00eeng ji...","breadcrumb":{"@id":"https:\/\/shanabooks.de\/product\/biraninen-min-osman-sebri\/#breadcrumb"},"inLanguage":"de","potentialAction":[{"@type":"ReadAction","target":["https:\/\/shanabooks.de\/product\/biraninen-min-osman-sebri\/"]}]},{"@type":"ImageObject","inLanguage":"de","@id":"https:\/\/shanabooks.de\/product\/biraninen-min-osman-sebri\/#primaryimage","url":"https:\/\/shanabooks.de\/wp-content\/uploads\/2024\/03\/Biranen-min.png","contentUrl":"https:\/\/shanabooks.de\/wp-content\/uploads\/2024\/03\/Biranen-min.png","width":281,"height":476,"caption":"B\u00eeran\u00een\u00ean min - Osman Sebr\u00ee - pirt\u00fbk\u00ean kurd\u00ee"},{"@type":"BreadcrumbList","@id":"https:\/\/shanabooks.de\/product\/biraninen-min-osman-sebri\/#breadcrumb","itemListElement":[{"@type":"ListItem","position":1,"name":"\u0627\u0644\u0631\u0626\u064a\u0633\u064a\u0629","item":"https:\/\/shanabooks.de\/de\/"},{"@type":"ListItem","position":2,"name":"\u0627\u0644\u0645\u0646\u062a\u062c\u0627\u062a","item":"https:\/\/shanabooks.de\/shop\/"},{"@type":"ListItem","position":3,"name":"B\u00eeran\u00een\u00ean min"}]},{"@type":"WebSite","@id":"https:\/\/shanabooks.de\/#website","url":"https:\/\/shanabooks.de\/","name":"www.shanbooks.de","description":"C\u00eehana Pirt\u00fbk\u00ean Kurd\u00ee \u0645\u0643\u062a\u0628\u0629 \u0634\u0627\u0646\u0627 \u0641\u064a \u0627\u0644\u0645\u0627\u0646\u064a\u0627 \u0648\u0623\u0648\u0631\u0628\u0627","publisher":{"@id":"https:\/\/shanabooks.de\/#organization"},"potentialAction":[{"@type":"SearchAction","target":{"@type":"EntryPoint","urlTemplate":"https:\/\/shanabooks.de\/?s={search_term_string}"},"query-input":{"@type":"PropertyValueSpecification","valueRequired":true,"valueName":"search_term_string"}}],"inLanguage":"de"},{"@type":"Organization","@id":"https:\/\/shanabooks.de\/#organization","name":"www.shanbooks.de","url":"https:\/\/shanabooks.de\/","logo":{"@type":"ImageObject","inLanguage":"de","@id":"https:\/\/shanabooks.de\/#\/schema\/logo\/image\/","url":"https:\/\/shanabooks.de\/wp-content\/uploads\/2024\/03\/SHANABOOKS__2_-removebg-preview.png","contentUrl":"https:\/\/shanabooks.de\/wp-content\/uploads\/2024\/03\/SHANABOOKS__2_-removebg-preview.png","width":700,"height":150,"caption":"www.shanbooks.de"},"image":{"@id":"https:\/\/shanabooks.de\/#\/schema\/logo\/image\/"}}]}},"jetpack_sharing_enabled":true,"_links":{"self":[{"href":"https:\/\/shanabooks.de\/de\/wp-json\/wp\/v2\/product\/12700","targetHints":{"allow":["GET"]}}],"collection":[{"href":"https:\/\/shanabooks.de\/de\/wp-json\/wp\/v2\/product"}],"about":[{"href":"https:\/\/shanabooks.de\/de\/wp-json\/wp\/v2\/types\/product"}],"version-history":[{"count":3,"href":"https:\/\/shanabooks.de\/de\/wp-json\/wp\/v2\/product\/12700\/revisions"}],"predecessor-version":[{"id":18605,"href":"https:\/\/shanabooks.de\/de\/wp-json\/wp\/v2\/product\/12700\/revisions\/18605"}],"wp:featuredmedia":[{"embeddable":true,"href":"https:\/\/shanabooks.de\/de\/wp-json\/wp\/v2\/media\/12732"}],"wp:attachment":[{"href":"https:\/\/shanabooks.de\/de\/wp-json\/wp\/v2\/media?parent=12700"}],"wp:term":[{"taxonomy":"product_brand","embeddable":true,"href":"https:\/\/shanabooks.de\/de\/wp-json\/wp\/v2\/product_brand?post=12700"},{"taxonomy":"product_cat","embeddable":true,"href":"https:\/\/shanabooks.de\/de\/wp-json\/wp\/v2\/product_cat?post=12700"},{"taxonomy":"product_tag","embeddable":true,"href":"https:\/\/shanabooks.de\/de\/wp-json\/wp\/v2\/product_tag?post=12700"}],"curies":[{"name":"wp","href":"https:\/\/api.w.org\/{rel}","templated":true}]}}