{"id":12701,"date":"2024-03-03T19:45:57","date_gmt":"2024-03-03T19:45:57","guid":{"rendered":"https:\/\/shanabooks.de\/?post_type=product&#038;p=12701"},"modified":"2024-03-14T23:13:51","modified_gmt":"2024-03-14T23:13:51","slug":"cavkani-ferike-usiv","status":"publish","type":"product","link":"https:\/\/shanabooks.de\/de\/product\/cavkani-ferike-usiv\/","title":{"rendered":"\u00c7avkan\u00ee"},"content":{"rendered":"<p dir=\"ltr\"><strong>\u00c7avkan\u00ee &#8211; F\u00ear\u00eek\u00ea \u00dbsiv<\/strong><em><strong><br \/>\n<\/strong><\/em><\/p>\n<p dir=\"ltr\"><em><b>\u00c7avkan\u00ee<\/b><\/em>\u00a0pirt\u00fbka yekem a\u00a0<b>F\u00ear\u00eek\u00ea \u00dbsiv<\/b>\u00a0e ku ev pirt\u00fbk bi zarek\u00ee herikbar, kubar \u00fb mi\u015ft ji rab\u00fbn \u00fb r\u00fbni\u015ftin \u00fb toreya Kurd\u00ee av vexwar\u00ee p\u00eak t\u00ea. Deng \u00fb reng \u00fb b\u00eena xwezaya weten\u00ea xwe wek\u00ee \u015fekir\u00ea di nava \u00e7ay\u00ea de t\u00eakel kiriye \u00fb wek\u00ee karxezalek\u00ea raber\u00ee me dike. Em di v\u00ea d\u00eewan\u00ea de li gelek taybet\u00eey\u00ean F\u00ear\u00eek rast t\u00ean ku di pirt\u00fbk\u00ean din de w\u00ea bibe palpi\u015fta hostay\u00eeya w\u00ee a li \u015fi\u2019r\u00ea. Gotin \u00fb vegotina ji deryaya dengb\u00eaj\u00eeya Kurmanc\u00ee av vexwar\u00ee \u00fb l\u00eer\u00eezma ji kana siru\u015fta welat\u00ea w\u00ee derb\u00fby\u00ee h\u00ea di ser\u00ee de pireke zexm di navbera xwe \u00fb xwendevanan de ava dike:<\/p>\n<p dir=\"ltr\">Gund\u00ea Pamp\u00ea dawet gend\u00ee,<\/p>\n<p dir=\"ltr\">Ez l\u00ea tegl\u00eef, ez l\u00ea xwend\u00ee.<\/p>\n<p dir=\"ltr\">Di nav koma qewm \u00fb biran,<\/p>\n<p dir=\"ltr\">Min wergirtiye xemla giran.<\/p>\n<p dir=\"ltr\">Li bejna min \u00e7ux\u00ea Kurda,<\/p>\n<p dir=\"ltr\">Kembera z\u00eev qay\u00ee\u015f ser da.<\/p>\n<p dir=\"ltr\">\u2026<\/p>\n<p dir=\"ltr\">\u2026<\/p>\n<p dir=\"ltr\">Li ser pi\u015fta kih\u00eal P\u00eagas,<\/p>\n<p dir=\"ltr\">Xwe\u015f h\u00eal dibim ber bi Parnas.<\/p>\n","protected":false},"excerpt":{"rendered":"<p dir=\"ltr\" style=\"text-align: center\"><strong>Niv\u00eeskar: F\u00ear\u00eek\u00ea \u00dbsiv<br \/>\nPirt\u00fbk: \u00c7avkan\u00ee<br \/>\nCure: Helbest\u00a0<\/strong><\/p>\n","protected":false},"featured_media":12734,"template":"","meta":{"site-sidebar-layout":"default","site-content-layout":"","ast-site-content-layout":"default","site-content-style":"default","site-sidebar-style":"default","ast-global-header-display":"","ast-banner-title-visibility":"","ast-main-header-display":"","ast-hfb-above-header-display":"","ast-hfb-below-header-display":"","ast-hfb-mobile-header-display":"","site-post-title":"","ast-breadcrumbs-content":"","ast-featured-img":"","footer-sml-layout":"","ast-disable-related-posts":"","theme-transparent-header-meta":"default","adv-header-id-meta":"","stick-header-meta":"","header-above-stick-meta":"","header-main-stick-meta":"","header-below-stick-meta":"","astra-migrate-meta-layouts":"set","ast-page-background-enabled":"default","ast-page-background-meta":{"desktop":{"background-color":"","background-image":"","background-repeat":"repeat","background-position":"center center","background-size":"auto","background-attachment":"scroll","background-type":"","background-media":"","overlay-type":"","overlay-color":"","overlay-opacity":"","overlay-gradient":""},"tablet":{"background-color":"","background-image":"","background-repeat":"repeat","background-position":"center center","background-size":"auto","background-attachment":"scroll","background-type":"","background-media":"","overlay-type":"","overlay-color":"","overlay-opacity":"","overlay-gradient":""},"mobile":{"background-color":"","background-image":"","background-repeat":"repeat","background-position":"center center","background-size":"auto","background-attachment":"scroll","background-type":"","background-media":"","overlay-type":"","overlay-color":"","overlay-opacity":"","overlay-gradient":""}},"ast-content-background-meta":{"desktop":{"background-color":"var(--ast-global-color-5)","background-image":"","background-repeat":"repeat","background-position":"center center","background-size":"auto","background-attachment":"scroll","background-type":"","background-media":"","overlay-type":"","overlay-color":"","overlay-opacity":"","overlay-gradient":""},"tablet":{"background-color":"var(--ast-global-color-5)","background-image":"","background-repeat":"repeat","background-position":"center center","background-size":"auto","background-attachment":"scroll","background-type":"","background-media":"","overlay-type":"","overlay-color":"","overlay-opacity":"","overlay-gradient":""},"mobile":{"background-color":"var(--ast-global-color-5)","background-image":"","background-repeat":"repeat","background-position":"center center","background-size":"auto","background-attachment":"scroll","background-type":"","background-media":"","overlay-type":"","overlay-color":"","overlay-opacity":"","overlay-gradient":""}}},"product_brand":[],"product_cat":[184,193],"product_tag":[],"class_list":{"0":"post-12701","1":"product","2":"type-product","3":"status-publish","4":"has-post-thumbnail","6":"product_cat-_","7":"product_cat--_","8":"pa_-helbest","9":"pa_-ferike-usiv","10":"pa_-kurmanci","11":"pa_--lis-yayinevi","12":"desktop-align-left","13":"tablet-align-left","14":"mobile-align-left","16":"first","17":"instock","18":"shipping-taxable","19":"purchasable","20":"product-type-simple"},"yoast_head":"<!-- This site is optimized with the Yoast SEO plugin v27.4 - https:\/\/yoast.com\/product\/yoast-seo-wordpress\/ -->\n<title>\u00c7avkan\u00ee - F\u00ear\u00eek\u00ea \u00dbsiv - www.shanabooks.de<\/title>\n<meta name=\"description\" content=\"\u00c7avkan\u00ee - F\u00ear\u00eek\u00ea \u00dbsiv \u00c7avkan\u00ee\u00a0pirt\u00fbka yekem a\u00a0F\u00ear\u00eek\u00ea \u00dbsiv\u00a0e ku ev pirt\u00fbk bi zarek\u00ee herikbar, kubar \u00fb mi\u015ft ji rab\u00fbn \u00fb r\u00fbni\u015ftin \u00fb toreya Kurd\u00ee av vexwar\u00ee...\" \/>\n<meta name=\"robots\" content=\"index, follow, max-snippet:-1, max-image-preview:large, max-video-preview:-1\" \/>\n<link rel=\"canonical\" href=\"https:\/\/shanabooks.de\/product\/cavkani-ferike-usiv\/\" \/>\n<meta property=\"og:locale\" content=\"de_DE\" \/>\n<meta property=\"og:type\" content=\"article\" \/>\n<meta property=\"og:title\" content=\"\u00c7avkan\u00ee - F\u00ear\u00eek\u00ea \u00dbsiv - www.shanabooks.de\" \/>\n<meta property=\"og:description\" content=\"\u00c7avkan\u00ee - F\u00ear\u00eek\u00ea \u00dbsiv \u00c7avkan\u00ee\u00a0pirt\u00fbka yekem a\u00a0F\u00ear\u00eek\u00ea \u00dbsiv\u00a0e ku ev pirt\u00fbk bi zarek\u00ee herikbar, kubar \u00fb mi\u015ft ji rab\u00fbn \u00fb r\u00fbni\u015ftin \u00fb toreya Kurd\u00ee av vexwar\u00ee...\" \/>\n<meta property=\"og:url\" content=\"https:\/\/shanabooks.de\/product\/cavkani-ferike-usiv\/\" \/>\n<meta property=\"og:site_name\" content=\"www.shanabooks.de\" \/>\n<meta property=\"article:modified_time\" content=\"2024-03-14T23:13:51+00:00\" \/>\n<meta property=\"og:image\" content=\"https:\/\/shanabooks.de\/wp-content\/uploads\/2024\/03\/Cavkani.png\" \/>\n\t<meta property=\"og:image:width\" content=\"283\" \/>\n\t<meta property=\"og:image:height\" content=\"468\" \/>\n\t<meta property=\"og:image:type\" content=\"image\/png\" \/>\n<meta name=\"twitter:card\" content=\"summary_large_image\" \/>\n<meta name=\"twitter:label1\" content=\"Gesch\u00e4tzte Lesezeit\" \/>\n\t<meta name=\"twitter:data1\" content=\"2\u00a0Minuten\" \/>\n<script type=\"application\/ld+json\" class=\"yoast-schema-graph\">{\"@context\":\"https:\\\/\\\/schema.org\",\"@graph\":[{\"@type\":\"WebPage\",\"@id\":\"https:\\\/\\\/shanabooks.de\\\/product\\\/cavkani-ferike-usiv\\\/\",\"url\":\"https:\\\/\\\/shanabooks.de\\\/product\\\/cavkani-ferike-usiv\\\/\",\"name\":\"\u00c7avkan\u00ee - F\u00ear\u00eek\u00ea \u00dbsiv - www.shanabooks.de\",\"isPartOf\":{\"@id\":\"https:\\\/\\\/shanabooks.de\\\/#website\"},\"primaryImageOfPage\":{\"@id\":\"https:\\\/\\\/shanabooks.de\\\/product\\\/cavkani-ferike-usiv\\\/#primaryimage\"},\"image\":{\"@id\":\"https:\\\/\\\/shanabooks.de\\\/product\\\/cavkani-ferike-usiv\\\/#primaryimage\"},\"thumbnailUrl\":\"https:\\\/\\\/shanabooks.de\\\/wp-content\\\/uploads\\\/2024\\\/03\\\/Cavkani.png\",\"datePublished\":\"2024-03-03T19:45:57+00:00\",\"dateModified\":\"2024-03-14T23:13:51+00:00\",\"description\":\"\u00c7avkan\u00ee - F\u00ear\u00eek\u00ea \u00dbsiv \u00c7avkan\u00ee\u00a0pirt\u00fbka yekem a\u00a0F\u00ear\u00eek\u00ea \u00dbsiv\u00a0e ku ev pirt\u00fbk bi zarek\u00ee herikbar, kubar \u00fb mi\u015ft ji rab\u00fbn \u00fb r\u00fbni\u015ftin \u00fb toreya Kurd\u00ee av vexwar\u00ee...\",\"breadcrumb\":{\"@id\":\"https:\\\/\\\/shanabooks.de\\\/product\\\/cavkani-ferike-usiv\\\/#breadcrumb\"},\"inLanguage\":\"de\",\"potentialAction\":[{\"@type\":\"ReadAction\",\"target\":[\"https:\\\/\\\/shanabooks.de\\\/product\\\/cavkani-ferike-usiv\\\/\"]}]},{\"@type\":\"ImageObject\",\"inLanguage\":\"de\",\"@id\":\"https:\\\/\\\/shanabooks.de\\\/product\\\/cavkani-ferike-usiv\\\/#primaryimage\",\"url\":\"https:\\\/\\\/shanabooks.de\\\/wp-content\\\/uploads\\\/2024\\\/03\\\/Cavkani.png\",\"contentUrl\":\"https:\\\/\\\/shanabooks.de\\\/wp-content\\\/uploads\\\/2024\\\/03\\\/Cavkani.png\",\"width\":283,\"height\":468,\"caption\":\"\u00c7avkan\u00ee - F\u00ear\u00eek\u00ea \u00dbsiv - pirt\u00fbk\u00ean kurd\u00ee\"},{\"@type\":\"BreadcrumbList\",\"@id\":\"https:\\\/\\\/shanabooks.de\\\/product\\\/cavkani-ferike-usiv\\\/#breadcrumb\",\"itemListElement\":[{\"@type\":\"ListItem\",\"position\":1,\"name\":\"\u0627\u0644\u0631\u0626\u064a\u0633\u064a\u0629\",\"item\":\"https:\\\/\\\/shanabooks.de\\\/de\\\/\"},{\"@type\":\"ListItem\",\"position\":2,\"name\":\"\u0627\u0644\u0645\u0646\u062a\u062c\u0627\u062a\",\"item\":\"https:\\\/\\\/shanabooks.de\\\/shop\\\/\"},{\"@type\":\"ListItem\",\"position\":3,\"name\":\"\u00c7avkan\u00ee\"}]},{\"@type\":\"WebSite\",\"@id\":\"https:\\\/\\\/shanabooks.de\\\/#website\",\"url\":\"https:\\\/\\\/shanabooks.de\\\/\",\"name\":\"www.shanbooks.de\",\"description\":\"C\u00eehana Pirt\u00fbk\u00ean Kurd\u00ee \u0645\u0643\u062a\u0628\u0629 \u0634\u0627\u0646\u0627 \u0641\u064a \u0627\u0644\u0645\u0627\u0646\u064a\u0627 \u0648\u0623\u0648\u0631\u0628\u0627\",\"publisher\":{\"@id\":\"https:\\\/\\\/shanabooks.de\\\/#organization\"},\"potentialAction\":[{\"@type\":\"SearchAction\",\"target\":{\"@type\":\"EntryPoint\",\"urlTemplate\":\"https:\\\/\\\/shanabooks.de\\\/?s={search_term_string}\"},\"query-input\":{\"@type\":\"PropertyValueSpecification\",\"valueRequired\":true,\"valueName\":\"search_term_string\"}}],\"inLanguage\":\"de\"},{\"@type\":\"Organization\",\"@id\":\"https:\\\/\\\/shanabooks.de\\\/#organization\",\"name\":\"www.shanbooks.de\",\"url\":\"https:\\\/\\\/shanabooks.de\\\/\",\"logo\":{\"@type\":\"ImageObject\",\"inLanguage\":\"de\",\"@id\":\"https:\\\/\\\/shanabooks.de\\\/#\\\/schema\\\/logo\\\/image\\\/\",\"url\":\"https:\\\/\\\/shanabooks.de\\\/wp-content\\\/uploads\\\/2024\\\/03\\\/SHANABOOKS__2_-removebg-preview.png\",\"contentUrl\":\"https:\\\/\\\/shanabooks.de\\\/wp-content\\\/uploads\\\/2024\\\/03\\\/SHANABOOKS__2_-removebg-preview.png\",\"width\":700,\"height\":150,\"caption\":\"www.shanbooks.de\"},\"image\":{\"@id\":\"https:\\\/\\\/shanabooks.de\\\/#\\\/schema\\\/logo\\\/image\\\/\"}}]}<\/script>\n<!-- \/ Yoast SEO plugin. -->","yoast_head_json":{"title":"\u00c7avkan\u00ee - F\u00ear\u00eek\u00ea \u00dbsiv - www.shanabooks.de","description":"\u00c7avkan\u00ee - F\u00ear\u00eek\u00ea \u00dbsiv \u00c7avkan\u00ee\u00a0pirt\u00fbka yekem a\u00a0F\u00ear\u00eek\u00ea \u00dbsiv\u00a0e ku ev pirt\u00fbk bi zarek\u00ee herikbar, kubar \u00fb mi\u015ft ji rab\u00fbn \u00fb r\u00fbni\u015ftin \u00fb toreya Kurd\u00ee av vexwar\u00ee...","robots":{"index":"index","follow":"follow","max-snippet":"max-snippet:-1","max-image-preview":"max-image-preview:large","max-video-preview":"max-video-preview:-1"},"canonical":"https:\/\/shanabooks.de\/product\/cavkani-ferike-usiv\/","og_locale":"de_DE","og_type":"article","og_title":"\u00c7avkan\u00ee - F\u00ear\u00eek\u00ea \u00dbsiv - www.shanabooks.de","og_description":"\u00c7avkan\u00ee - F\u00ear\u00eek\u00ea \u00dbsiv \u00c7avkan\u00ee\u00a0pirt\u00fbka yekem a\u00a0F\u00ear\u00eek\u00ea \u00dbsiv\u00a0e ku ev pirt\u00fbk bi zarek\u00ee herikbar, kubar \u00fb mi\u015ft ji rab\u00fbn \u00fb r\u00fbni\u015ftin \u00fb toreya Kurd\u00ee av vexwar\u00ee...","og_url":"https:\/\/shanabooks.de\/product\/cavkani-ferike-usiv\/","og_site_name":"www.shanabooks.de","article_modified_time":"2024-03-14T23:13:51+00:00","og_image":[{"width":283,"height":468,"url":"https:\/\/shanabooks.de\/wp-content\/uploads\/2024\/03\/Cavkani.png","type":"image\/png"}],"twitter_card":"summary_large_image","twitter_misc":{"Gesch\u00e4tzte Lesezeit":"2\u00a0Minuten"},"schema":{"@context":"https:\/\/schema.org","@graph":[{"@type":"WebPage","@id":"https:\/\/shanabooks.de\/product\/cavkani-ferike-usiv\/","url":"https:\/\/shanabooks.de\/product\/cavkani-ferike-usiv\/","name":"\u00c7avkan\u00ee - F\u00ear\u00eek\u00ea \u00dbsiv - www.shanabooks.de","isPartOf":{"@id":"https:\/\/shanabooks.de\/#website"},"primaryImageOfPage":{"@id":"https:\/\/shanabooks.de\/product\/cavkani-ferike-usiv\/#primaryimage"},"image":{"@id":"https:\/\/shanabooks.de\/product\/cavkani-ferike-usiv\/#primaryimage"},"thumbnailUrl":"https:\/\/shanabooks.de\/wp-content\/uploads\/2024\/03\/Cavkani.png","datePublished":"2024-03-03T19:45:57+00:00","dateModified":"2024-03-14T23:13:51+00:00","description":"\u00c7avkan\u00ee - F\u00ear\u00eek\u00ea \u00dbsiv \u00c7avkan\u00ee\u00a0pirt\u00fbka yekem a\u00a0F\u00ear\u00eek\u00ea \u00dbsiv\u00a0e ku ev pirt\u00fbk bi zarek\u00ee herikbar, kubar \u00fb mi\u015ft ji rab\u00fbn \u00fb r\u00fbni\u015ftin \u00fb toreya Kurd\u00ee av vexwar\u00ee...","breadcrumb":{"@id":"https:\/\/shanabooks.de\/product\/cavkani-ferike-usiv\/#breadcrumb"},"inLanguage":"de","potentialAction":[{"@type":"ReadAction","target":["https:\/\/shanabooks.de\/product\/cavkani-ferike-usiv\/"]}]},{"@type":"ImageObject","inLanguage":"de","@id":"https:\/\/shanabooks.de\/product\/cavkani-ferike-usiv\/#primaryimage","url":"https:\/\/shanabooks.de\/wp-content\/uploads\/2024\/03\/Cavkani.png","contentUrl":"https:\/\/shanabooks.de\/wp-content\/uploads\/2024\/03\/Cavkani.png","width":283,"height":468,"caption":"\u00c7avkan\u00ee - F\u00ear\u00eek\u00ea \u00dbsiv - pirt\u00fbk\u00ean kurd\u00ee"},{"@type":"BreadcrumbList","@id":"https:\/\/shanabooks.de\/product\/cavkani-ferike-usiv\/#breadcrumb","itemListElement":[{"@type":"ListItem","position":1,"name":"\u0627\u0644\u0631\u0626\u064a\u0633\u064a\u0629","item":"https:\/\/shanabooks.de\/de\/"},{"@type":"ListItem","position":2,"name":"\u0627\u0644\u0645\u0646\u062a\u062c\u0627\u062a","item":"https:\/\/shanabooks.de\/shop\/"},{"@type":"ListItem","position":3,"name":"\u00c7avkan\u00ee"}]},{"@type":"WebSite","@id":"https:\/\/shanabooks.de\/#website","url":"https:\/\/shanabooks.de\/","name":"www.shanbooks.de","description":"C\u00eehana Pirt\u00fbk\u00ean Kurd\u00ee \u0645\u0643\u062a\u0628\u0629 \u0634\u0627\u0646\u0627 \u0641\u064a \u0627\u0644\u0645\u0627\u0646\u064a\u0627 \u0648\u0623\u0648\u0631\u0628\u0627","publisher":{"@id":"https:\/\/shanabooks.de\/#organization"},"potentialAction":[{"@type":"SearchAction","target":{"@type":"EntryPoint","urlTemplate":"https:\/\/shanabooks.de\/?s={search_term_string}"},"query-input":{"@type":"PropertyValueSpecification","valueRequired":true,"valueName":"search_term_string"}}],"inLanguage":"de"},{"@type":"Organization","@id":"https:\/\/shanabooks.de\/#organization","name":"www.shanbooks.de","url":"https:\/\/shanabooks.de\/","logo":{"@type":"ImageObject","inLanguage":"de","@id":"https:\/\/shanabooks.de\/#\/schema\/logo\/image\/","url":"https:\/\/shanabooks.de\/wp-content\/uploads\/2024\/03\/SHANABOOKS__2_-removebg-preview.png","contentUrl":"https:\/\/shanabooks.de\/wp-content\/uploads\/2024\/03\/SHANABOOKS__2_-removebg-preview.png","width":700,"height":150,"caption":"www.shanbooks.de"},"image":{"@id":"https:\/\/shanabooks.de\/#\/schema\/logo\/image\/"}}]}},"jetpack_sharing_enabled":true,"_links":{"self":[{"href":"https:\/\/shanabooks.de\/de\/wp-json\/wp\/v2\/product\/12701","targetHints":{"allow":["GET"]}}],"collection":[{"href":"https:\/\/shanabooks.de\/de\/wp-json\/wp\/v2\/product"}],"about":[{"href":"https:\/\/shanabooks.de\/de\/wp-json\/wp\/v2\/types\/product"}],"version-history":[{"count":3,"href":"https:\/\/shanabooks.de\/de\/wp-json\/wp\/v2\/product\/12701\/revisions"}],"predecessor-version":[{"id":18554,"href":"https:\/\/shanabooks.de\/de\/wp-json\/wp\/v2\/product\/12701\/revisions\/18554"}],"wp:featuredmedia":[{"embeddable":true,"href":"https:\/\/shanabooks.de\/de\/wp-json\/wp\/v2\/media\/12734"}],"wp:attachment":[{"href":"https:\/\/shanabooks.de\/de\/wp-json\/wp\/v2\/media?parent=12701"}],"wp:term":[{"taxonomy":"product_brand","embeddable":true,"href":"https:\/\/shanabooks.de\/de\/wp-json\/wp\/v2\/product_brand?post=12701"},{"taxonomy":"product_cat","embeddable":true,"href":"https:\/\/shanabooks.de\/de\/wp-json\/wp\/v2\/product_cat?post=12701"},{"taxonomy":"product_tag","embeddable":true,"href":"https:\/\/shanabooks.de\/de\/wp-json\/wp\/v2\/product_tag?post=12701"}],"curies":[{"name":"wp","href":"https:\/\/api.w.org\/{rel}","templated":true}]}}