{"id":12702,"date":"2024-03-03T19:45:57","date_gmt":"2024-03-03T19:45:57","guid":{"rendered":"https:\/\/shanabooks.de\/?post_type=product&#038;p=12702"},"modified":"2024-03-14T23:09:08","modified_gmt":"2024-03-14T23:09:08","slug":"dinya-delal-ferike-usif","status":"publish","type":"product","link":"https:\/\/shanabooks.de\/de\/product\/dinya-delal-ferike-usif\/","title":{"rendered":"Dinya Delal"},"content":{"rendered":"<p dir=\"ltr\"><strong>Dinya Delal &#8211; Fer\u00eek\u00ea \u00dbsif<\/strong><\/p>\n<p dir=\"ltr\">\u015eair\u00ea gewre \u00ea Kurmanc\u00eey\u00ea\u00a0F\u00ear\u00eek\u00ea \u00dbsiv, wek\u00ee d\u00eewan\u00ean xwe \u00ean ber\u00ee niha, di v\u00ea d\u00eewan\u00ea de j\u00ee bi ziman\u00ea xwe y\u00ee herikbar, bi l\u00eer\u00eezma xwe a neb\u00fbye qismet\u00ea gelek kesan, di derheqa xweza, cimaet, zan\u00een, adet \u00fb toreya Kurd\u00ee de \u015fi\u2019r\u00ean h\u00eaja l\u00ea kirine. F\u00ear\u00eek\u00ea \u00dbsiv, deng, reng \u00fb b\u00eahna peyva Kurmanc\u00eey\u00ea wek\u00ee bay\u00ea sihara sibey\u00ea xas, h\u00eanik \u00fb arambex\u015f raber\u00ee dile xwendevanan dike. Bi her \u015fi\u2019reke w\u00ee h\u00eaz \u00fb \u015f\u00eeyana me qew\u00eetir, gir\u00eadana me a xak \u00fb j\u00eeyan\u00ea xurttir dibe.\u00a0Dinya Delal ya F\u00ear\u00eek\u00ea \u00dbsif, elb\u00fbmeke ji p\u00eajnkar\u00ee, raman, hestyar\u00ee \u00fb hez \u00fb huba F\u00ear\u00eek a derheqa \u015fair\u00ean ber\u00ee w\u00ee, a xwezay\u00ea, a heywanat \u00fb a hesreta dinyayeke a\u015f \u00fb bi bereket e. Wek\u00ee \u00e7awa behsa v\u00ea dinyaya<\/p>\n<p dir=\"ltr\">derew\u00een \u00fb ruh dike;<\/p>\n<p dir=\"ltr\">Dinya, tu \u00e7i qas delal \u00ee,<\/p>\n<p dir=\"ltr\">\u00cavar \u00fb berbang\u00ea saf\u00ee va,<\/p>\n<p dir=\"ltr\">Bi er\u015f \u00fb ezman\u00ea xik-xal\u00ee,<\/p>\n<p dir=\"ltr\">Bi m\u00earg \u00fb \u00e7\u00eeman\u00ea av\u00ee va\u2026<\/p>\n<p dir=\"ltr\">\u2026<\/p>\n<p dir=\"ltr\">\u2026<\/p>\n<p dir=\"ltr\">Texm\u00eena min, m\u00eena kilam\u00ea,<\/p>\n<p dir=\"ltr\">Ruh dij\u00ee, ji can der dim\u00eene\u2026<\/p>\n<p dir=\"ltr\">Texm\u00eena min Reb\u00ea alem\u00ea<\/p>\n<p dir=\"ltr\">Haqa j\u00ee b\u00ea \u00eesaf n\u00een e\u2026<\/p>\n","protected":false},"excerpt":{"rendered":"<p dir=\"ltr\" style=\"text-align: center\"><strong>Pirt\u00fbk: Dinya Delal<br \/>\nNiv\u00eeskar: Fer\u00eek\u00ea \u00dbsif<br \/>\nCure: Helbest<\/strong><\/p>\n","protected":false},"featured_media":12736,"template":"","meta":{"site-sidebar-layout":"default","site-content-layout":"","ast-site-content-layout":"default","site-content-style":"default","site-sidebar-style":"default","ast-global-header-display":"","ast-banner-title-visibility":"","ast-main-header-display":"","ast-hfb-above-header-display":"","ast-hfb-below-header-display":"","ast-hfb-mobile-header-display":"","site-post-title":"","ast-breadcrumbs-content":"","ast-featured-img":"","footer-sml-layout":"","ast-disable-related-posts":"","theme-transparent-header-meta":"default","adv-header-id-meta":"","stick-header-meta":"","header-above-stick-meta":"","header-main-stick-meta":"","header-below-stick-meta":"","astra-migrate-meta-layouts":"set","ast-page-background-enabled":"default","ast-page-background-meta":{"desktop":{"background-color":"","background-image":"","background-repeat":"repeat","background-position":"center center","background-size":"auto","background-attachment":"scroll","background-type":"","background-media":"","overlay-type":"","overlay-color":"","overlay-opacity":"","overlay-gradient":""},"tablet":{"background-color":"","background-image":"","background-repeat":"repeat","background-position":"center center","background-size":"auto","background-attachment":"scroll","background-type":"","background-media":"","overlay-type":"","overlay-color":"","overlay-opacity":"","overlay-gradient":""},"mobile":{"background-color":"","background-image":"","background-repeat":"repeat","background-position":"center center","background-size":"auto","background-attachment":"scroll","background-type":"","background-media":"","overlay-type":"","overlay-color":"","overlay-opacity":"","overlay-gradient":""}},"ast-content-background-meta":{"desktop":{"background-color":"var(--ast-global-color-5)","background-image":"","background-repeat":"repeat","background-position":"center center","background-size":"auto","background-attachment":"scroll","background-type":"","background-media":"","overlay-type":"","overlay-color":"","overlay-opacity":"","overlay-gradient":""},"tablet":{"background-color":"var(--ast-global-color-5)","background-image":"","background-repeat":"repeat","background-position":"center center","background-size":"auto","background-attachment":"scroll","background-type":"","background-media":"","overlay-type":"","overlay-color":"","overlay-opacity":"","overlay-gradient":""},"mobile":{"background-color":"var(--ast-global-color-5)","background-image":"","background-repeat":"repeat","background-position":"center center","background-size":"auto","background-attachment":"scroll","background-type":"","background-media":"","overlay-type":"","overlay-color":"","overlay-opacity":"","overlay-gradient":""}}},"product_brand":[],"product_cat":[184,193],"product_tag":[],"class_list":{"0":"post-12702","1":"product","2":"type-product","3":"status-publish","4":"has-post-thumbnail","6":"product_cat-_","7":"product_cat--_","8":"pa_-helbest","9":"pa_-ferike-usiv","10":"pa_-kurmanci","11":"pa_--lis-yayinevi","12":"desktop-align-left","13":"tablet-align-left","14":"mobile-align-left","16":"first","17":"instock","18":"shipping-taxable","19":"purchasable","20":"product-type-simple"},"yoast_head":"<!-- This site is optimized with the Yoast SEO plugin v27.4 - https:\/\/yoast.com\/product\/yoast-seo-wordpress\/ -->\n<title>Dinya Delal - Fer\u00eek\u00ea \u00dbsif - www.shanabooks.de<\/title>\n<meta name=\"description\" content=\"Dinya Delal - Fer\u00eek\u00ea \u00dbsif \u015eair\u00ea gewre \u00ea Kurmanc\u00eey\u00ea\u00a0F\u00ear\u00eek\u00ea \u00dbsiv, wek\u00ee d\u00eewan\u00ean xwe \u00ean ber\u00ee niha, di v\u00ea d\u00eewan\u00ea de j\u00ee bi ziman\u00ea xwe y\u00ee herikbar, bi l\u00eer\u00eezma ...\" \/>\n<meta name=\"robots\" content=\"index, follow, max-snippet:-1, max-image-preview:large, max-video-preview:-1\" \/>\n<link rel=\"canonical\" href=\"https:\/\/shanabooks.de\/product\/dinya-delal-ferike-usif\/\" \/>\n<meta property=\"og:locale\" content=\"de_DE\" \/>\n<meta property=\"og:type\" content=\"article\" \/>\n<meta property=\"og:title\" content=\"Dinya Delal - Fer\u00eek\u00ea \u00dbsif - www.shanabooks.de\" \/>\n<meta property=\"og:description\" content=\"Dinya Delal - Fer\u00eek\u00ea \u00dbsif \u015eair\u00ea gewre \u00ea Kurmanc\u00eey\u00ea\u00a0F\u00ear\u00eek\u00ea \u00dbsiv, wek\u00ee d\u00eewan\u00ean xwe \u00ean ber\u00ee niha, di v\u00ea d\u00eewan\u00ea de j\u00ee bi ziman\u00ea xwe y\u00ee herikbar, bi l\u00eer\u00eezma ...\" \/>\n<meta property=\"og:url\" content=\"https:\/\/shanabooks.de\/product\/dinya-delal-ferike-usif\/\" \/>\n<meta property=\"og:site_name\" content=\"www.shanabooks.de\" \/>\n<meta property=\"article:modified_time\" content=\"2024-03-14T23:09:08+00:00\" \/>\n<meta property=\"og:image\" content=\"https:\/\/shanabooks.de\/wp-content\/uploads\/2024\/03\/Dinya-Delal.png\" \/>\n\t<meta property=\"og:image:width\" content=\"277\" \/>\n\t<meta property=\"og:image:height\" content=\"469\" \/>\n\t<meta property=\"og:image:type\" content=\"image\/png\" \/>\n<meta name=\"twitter:card\" content=\"summary_large_image\" \/>\n<meta name=\"twitter:label1\" content=\"Gesch\u00e4tzte Lesezeit\" \/>\n\t<meta name=\"twitter:data1\" content=\"2\u00a0Minuten\" \/>\n<script type=\"application\/ld+json\" class=\"yoast-schema-graph\">{\"@context\":\"https:\\\/\\\/schema.org\",\"@graph\":[{\"@type\":\"WebPage\",\"@id\":\"https:\\\/\\\/shanabooks.de\\\/product\\\/dinya-delal-ferike-usif\\\/\",\"url\":\"https:\\\/\\\/shanabooks.de\\\/product\\\/dinya-delal-ferike-usif\\\/\",\"name\":\"Dinya Delal - Fer\u00eek\u00ea \u00dbsif - www.shanabooks.de\",\"isPartOf\":{\"@id\":\"https:\\\/\\\/shanabooks.de\\\/#website\"},\"primaryImageOfPage\":{\"@id\":\"https:\\\/\\\/shanabooks.de\\\/product\\\/dinya-delal-ferike-usif\\\/#primaryimage\"},\"image\":{\"@id\":\"https:\\\/\\\/shanabooks.de\\\/product\\\/dinya-delal-ferike-usif\\\/#primaryimage\"},\"thumbnailUrl\":\"https:\\\/\\\/shanabooks.de\\\/wp-content\\\/uploads\\\/2024\\\/03\\\/Dinya-Delal.png\",\"datePublished\":\"2024-03-03T19:45:57+00:00\",\"dateModified\":\"2024-03-14T23:09:08+00:00\",\"description\":\"Dinya Delal - Fer\u00eek\u00ea \u00dbsif \u015eair\u00ea gewre \u00ea Kurmanc\u00eey\u00ea\u00a0F\u00ear\u00eek\u00ea \u00dbsiv, wek\u00ee d\u00eewan\u00ean xwe \u00ean ber\u00ee niha, di v\u00ea d\u00eewan\u00ea de j\u00ee bi ziman\u00ea xwe y\u00ee herikbar, bi l\u00eer\u00eezma ...\",\"breadcrumb\":{\"@id\":\"https:\\\/\\\/shanabooks.de\\\/product\\\/dinya-delal-ferike-usif\\\/#breadcrumb\"},\"inLanguage\":\"de\",\"potentialAction\":[{\"@type\":\"ReadAction\",\"target\":[\"https:\\\/\\\/shanabooks.de\\\/product\\\/dinya-delal-ferike-usif\\\/\"]}]},{\"@type\":\"ImageObject\",\"inLanguage\":\"de\",\"@id\":\"https:\\\/\\\/shanabooks.de\\\/product\\\/dinya-delal-ferike-usif\\\/#primaryimage\",\"url\":\"https:\\\/\\\/shanabooks.de\\\/wp-content\\\/uploads\\\/2024\\\/03\\\/Dinya-Delal.png\",\"contentUrl\":\"https:\\\/\\\/shanabooks.de\\\/wp-content\\\/uploads\\\/2024\\\/03\\\/Dinya-Delal.png\",\"width\":277,\"height\":469,\"caption\":\"Dinya Delal - Fer\u00eek\u00ea \u00dbsif - pirt\u00fbk\u00ean kurd\u00ee\"},{\"@type\":\"BreadcrumbList\",\"@id\":\"https:\\\/\\\/shanabooks.de\\\/product\\\/dinya-delal-ferike-usif\\\/#breadcrumb\",\"itemListElement\":[{\"@type\":\"ListItem\",\"position\":1,\"name\":\"\u0627\u0644\u0631\u0626\u064a\u0633\u064a\u0629\",\"item\":\"https:\\\/\\\/shanabooks.de\\\/de\\\/\"},{\"@type\":\"ListItem\",\"position\":2,\"name\":\"\u0627\u0644\u0645\u0646\u062a\u062c\u0627\u062a\",\"item\":\"https:\\\/\\\/shanabooks.de\\\/shop\\\/\"},{\"@type\":\"ListItem\",\"position\":3,\"name\":\"Dinya Delal\"}]},{\"@type\":\"WebSite\",\"@id\":\"https:\\\/\\\/shanabooks.de\\\/#website\",\"url\":\"https:\\\/\\\/shanabooks.de\\\/\",\"name\":\"www.shanbooks.de\",\"description\":\"C\u00eehana Pirt\u00fbk\u00ean Kurd\u00ee \u0645\u0643\u062a\u0628\u0629 \u0634\u0627\u0646\u0627 \u0641\u064a \u0627\u0644\u0645\u0627\u0646\u064a\u0627 \u0648\u0623\u0648\u0631\u0628\u0627\",\"publisher\":{\"@id\":\"https:\\\/\\\/shanabooks.de\\\/#organization\"},\"potentialAction\":[{\"@type\":\"SearchAction\",\"target\":{\"@type\":\"EntryPoint\",\"urlTemplate\":\"https:\\\/\\\/shanabooks.de\\\/?s={search_term_string}\"},\"query-input\":{\"@type\":\"PropertyValueSpecification\",\"valueRequired\":true,\"valueName\":\"search_term_string\"}}],\"inLanguage\":\"de\"},{\"@type\":\"Organization\",\"@id\":\"https:\\\/\\\/shanabooks.de\\\/#organization\",\"name\":\"www.shanbooks.de\",\"url\":\"https:\\\/\\\/shanabooks.de\\\/\",\"logo\":{\"@type\":\"ImageObject\",\"inLanguage\":\"de\",\"@id\":\"https:\\\/\\\/shanabooks.de\\\/#\\\/schema\\\/logo\\\/image\\\/\",\"url\":\"https:\\\/\\\/shanabooks.de\\\/wp-content\\\/uploads\\\/2024\\\/03\\\/SHANABOOKS__2_-removebg-preview.png\",\"contentUrl\":\"https:\\\/\\\/shanabooks.de\\\/wp-content\\\/uploads\\\/2024\\\/03\\\/SHANABOOKS__2_-removebg-preview.png\",\"width\":700,\"height\":150,\"caption\":\"www.shanbooks.de\"},\"image\":{\"@id\":\"https:\\\/\\\/shanabooks.de\\\/#\\\/schema\\\/logo\\\/image\\\/\"}}]}<\/script>\n<!-- \/ Yoast SEO plugin. -->","yoast_head_json":{"title":"Dinya Delal - Fer\u00eek\u00ea \u00dbsif - www.shanabooks.de","description":"Dinya Delal - Fer\u00eek\u00ea \u00dbsif \u015eair\u00ea gewre \u00ea Kurmanc\u00eey\u00ea\u00a0F\u00ear\u00eek\u00ea \u00dbsiv, wek\u00ee d\u00eewan\u00ean xwe \u00ean ber\u00ee niha, di v\u00ea d\u00eewan\u00ea de j\u00ee bi ziman\u00ea xwe y\u00ee herikbar, bi l\u00eer\u00eezma ...","robots":{"index":"index","follow":"follow","max-snippet":"max-snippet:-1","max-image-preview":"max-image-preview:large","max-video-preview":"max-video-preview:-1"},"canonical":"https:\/\/shanabooks.de\/product\/dinya-delal-ferike-usif\/","og_locale":"de_DE","og_type":"article","og_title":"Dinya Delal - Fer\u00eek\u00ea \u00dbsif - www.shanabooks.de","og_description":"Dinya Delal - Fer\u00eek\u00ea \u00dbsif \u015eair\u00ea gewre \u00ea Kurmanc\u00eey\u00ea\u00a0F\u00ear\u00eek\u00ea \u00dbsiv, wek\u00ee d\u00eewan\u00ean xwe \u00ean ber\u00ee niha, di v\u00ea d\u00eewan\u00ea de j\u00ee bi ziman\u00ea xwe y\u00ee herikbar, bi l\u00eer\u00eezma ...","og_url":"https:\/\/shanabooks.de\/product\/dinya-delal-ferike-usif\/","og_site_name":"www.shanabooks.de","article_modified_time":"2024-03-14T23:09:08+00:00","og_image":[{"width":277,"height":469,"url":"https:\/\/shanabooks.de\/wp-content\/uploads\/2024\/03\/Dinya-Delal.png","type":"image\/png"}],"twitter_card":"summary_large_image","twitter_misc":{"Gesch\u00e4tzte Lesezeit":"2\u00a0Minuten"},"schema":{"@context":"https:\/\/schema.org","@graph":[{"@type":"WebPage","@id":"https:\/\/shanabooks.de\/product\/dinya-delal-ferike-usif\/","url":"https:\/\/shanabooks.de\/product\/dinya-delal-ferike-usif\/","name":"Dinya Delal - Fer\u00eek\u00ea \u00dbsif - www.shanabooks.de","isPartOf":{"@id":"https:\/\/shanabooks.de\/#website"},"primaryImageOfPage":{"@id":"https:\/\/shanabooks.de\/product\/dinya-delal-ferike-usif\/#primaryimage"},"image":{"@id":"https:\/\/shanabooks.de\/product\/dinya-delal-ferike-usif\/#primaryimage"},"thumbnailUrl":"https:\/\/shanabooks.de\/wp-content\/uploads\/2024\/03\/Dinya-Delal.png","datePublished":"2024-03-03T19:45:57+00:00","dateModified":"2024-03-14T23:09:08+00:00","description":"Dinya Delal - Fer\u00eek\u00ea \u00dbsif \u015eair\u00ea gewre \u00ea Kurmanc\u00eey\u00ea\u00a0F\u00ear\u00eek\u00ea \u00dbsiv, wek\u00ee d\u00eewan\u00ean xwe \u00ean ber\u00ee niha, di v\u00ea d\u00eewan\u00ea de j\u00ee bi ziman\u00ea xwe y\u00ee herikbar, bi l\u00eer\u00eezma ...","breadcrumb":{"@id":"https:\/\/shanabooks.de\/product\/dinya-delal-ferike-usif\/#breadcrumb"},"inLanguage":"de","potentialAction":[{"@type":"ReadAction","target":["https:\/\/shanabooks.de\/product\/dinya-delal-ferike-usif\/"]}]},{"@type":"ImageObject","inLanguage":"de","@id":"https:\/\/shanabooks.de\/product\/dinya-delal-ferike-usif\/#primaryimage","url":"https:\/\/shanabooks.de\/wp-content\/uploads\/2024\/03\/Dinya-Delal.png","contentUrl":"https:\/\/shanabooks.de\/wp-content\/uploads\/2024\/03\/Dinya-Delal.png","width":277,"height":469,"caption":"Dinya Delal - Fer\u00eek\u00ea \u00dbsif - pirt\u00fbk\u00ean kurd\u00ee"},{"@type":"BreadcrumbList","@id":"https:\/\/shanabooks.de\/product\/dinya-delal-ferike-usif\/#breadcrumb","itemListElement":[{"@type":"ListItem","position":1,"name":"\u0627\u0644\u0631\u0626\u064a\u0633\u064a\u0629","item":"https:\/\/shanabooks.de\/de\/"},{"@type":"ListItem","position":2,"name":"\u0627\u0644\u0645\u0646\u062a\u062c\u0627\u062a","item":"https:\/\/shanabooks.de\/shop\/"},{"@type":"ListItem","position":3,"name":"Dinya Delal"}]},{"@type":"WebSite","@id":"https:\/\/shanabooks.de\/#website","url":"https:\/\/shanabooks.de\/","name":"www.shanbooks.de","description":"C\u00eehana Pirt\u00fbk\u00ean Kurd\u00ee \u0645\u0643\u062a\u0628\u0629 \u0634\u0627\u0646\u0627 \u0641\u064a \u0627\u0644\u0645\u0627\u0646\u064a\u0627 \u0648\u0623\u0648\u0631\u0628\u0627","publisher":{"@id":"https:\/\/shanabooks.de\/#organization"},"potentialAction":[{"@type":"SearchAction","target":{"@type":"EntryPoint","urlTemplate":"https:\/\/shanabooks.de\/?s={search_term_string}"},"query-input":{"@type":"PropertyValueSpecification","valueRequired":true,"valueName":"search_term_string"}}],"inLanguage":"de"},{"@type":"Organization","@id":"https:\/\/shanabooks.de\/#organization","name":"www.shanbooks.de","url":"https:\/\/shanabooks.de\/","logo":{"@type":"ImageObject","inLanguage":"de","@id":"https:\/\/shanabooks.de\/#\/schema\/logo\/image\/","url":"https:\/\/shanabooks.de\/wp-content\/uploads\/2024\/03\/SHANABOOKS__2_-removebg-preview.png","contentUrl":"https:\/\/shanabooks.de\/wp-content\/uploads\/2024\/03\/SHANABOOKS__2_-removebg-preview.png","width":700,"height":150,"caption":"www.shanbooks.de"},"image":{"@id":"https:\/\/shanabooks.de\/#\/schema\/logo\/image\/"}}]}},"jetpack_sharing_enabled":true,"_links":{"self":[{"href":"https:\/\/shanabooks.de\/de\/wp-json\/wp\/v2\/product\/12702","targetHints":{"allow":["GET"]}}],"collection":[{"href":"https:\/\/shanabooks.de\/de\/wp-json\/wp\/v2\/product"}],"about":[{"href":"https:\/\/shanabooks.de\/de\/wp-json\/wp\/v2\/types\/product"}],"version-history":[{"count":3,"href":"https:\/\/shanabooks.de\/de\/wp-json\/wp\/v2\/product\/12702\/revisions"}],"predecessor-version":[{"id":18551,"href":"https:\/\/shanabooks.de\/de\/wp-json\/wp\/v2\/product\/12702\/revisions\/18551"}],"wp:featuredmedia":[{"embeddable":true,"href":"https:\/\/shanabooks.de\/de\/wp-json\/wp\/v2\/media\/12736"}],"wp:attachment":[{"href":"https:\/\/shanabooks.de\/de\/wp-json\/wp\/v2\/media?parent=12702"}],"wp:term":[{"taxonomy":"product_brand","embeddable":true,"href":"https:\/\/shanabooks.de\/de\/wp-json\/wp\/v2\/product_brand?post=12702"},{"taxonomy":"product_cat","embeddable":true,"href":"https:\/\/shanabooks.de\/de\/wp-json\/wp\/v2\/product_cat?post=12702"},{"taxonomy":"product_tag","embeddable":true,"href":"https:\/\/shanabooks.de\/de\/wp-json\/wp\/v2\/product_tag?post=12702"}],"curies":[{"name":"wp","href":"https:\/\/api.w.org\/{rel}","templated":true}]}}