{"id":12703,"date":"2024-03-03T19:45:57","date_gmt":"2024-03-03T19:45:57","guid":{"rendered":"https:\/\/shanabooks.de\/?post_type=product&#038;p=12703"},"modified":"2024-03-14T23:03:07","modified_gmt":"2024-03-14T23:03:07","slug":"usive-neviya-ferike-usif","status":"publish","type":"product","link":"https:\/\/shanabooks.de\/de\/product\/usive-neviya-ferike-usif\/","title":{"rendered":"\u00dbsiv\u00ea Nev\u00eeya"},"content":{"rendered":"<p dir=\"ltr\"><strong>\u00dbsiv\u00ea Nev\u00eeya &#8211; Fer\u00eek\u00ea \u00dbsif<\/strong><\/p>\n<p dir=\"ltr\">\u015eair\u00ea gewre\u00a0F\u00ear\u00eek\u00ea \u00dbsiv, di\u00a0\u00dbsiv\u00ea Nev\u00eeya\u00a0de bi ziman\u00ea xwe \u00ea herikbar, p\u00ea\u015fkarwanek, neh karwan\u00ean din \u00fb pa\u015fkarwanek li p\u00ea hev \u015fandiye.\u00a0<i>\u00dbsiv\u00ea Nev\u00eeya<\/i>\u00a0j\u00ee destanek e ku \u015fair dixwaze rast\u00eeya j\u00eeyan\u00ea bi w\u00ea, bi me bide zan\u00een \u00fb kes\u00ean w\u00ea bixw\u00eenin bibin xwedan tecrube. Gava meriv v\u00ea destan\u00ea dixw\u00eene, meriv dib\u00eene ku \u015fairek\u00ee ne Misilman j\u00ee kare \u00e7i qas\u00ee ji dil \u00fb bi zimanek\u00ee edeb\u00ee behsa serp\u00eahat\u00eeyeke Misilmanan bike. F\u00ear\u00eek\u00ea \u00dbsiv di v\u00ea destan\u00ea de me dibe welat\u00ea Ken\u2019an\u00ea \u00fb ji ser\u00ee de k\u00eal\u00ee bi k\u00eal\u00ee serp\u00eahat\u00eeya \u00dbsiv \u00fb Zuleyxay\u00ea t\u00eene ber \u00e7av\u00ea me.<\/p>\n<p dir=\"ltr\">\u00dbsiv\u00ea Nev\u00eeya ya Fer\u00eek\u00ea \u00dbsif ji we\u015fan\u00ean l\u00ees\u00ea derketiye.<\/p>\n","protected":false},"excerpt":{"rendered":"<p dir=\"ltr\" style=\"text-align: center\"><strong>Pirt\u00fbk: \u00dbsiv\u00ea Nev\u00eeya<br \/>\nNiv\u00eeskar: Fer\u00eek\u00ea \u00dbsif<br \/>\nCure: Helbest<\/strong><\/p>\n","protected":false},"featured_media":12738,"template":"","meta":{"site-sidebar-layout":"default","site-content-layout":"","ast-site-content-layout":"default","site-content-style":"default","site-sidebar-style":"default","ast-global-header-display":"","ast-banner-title-visibility":"","ast-main-header-display":"","ast-hfb-above-header-display":"","ast-hfb-below-header-display":"","ast-hfb-mobile-header-display":"","site-post-title":"","ast-breadcrumbs-content":"","ast-featured-img":"","footer-sml-layout":"","ast-disable-related-posts":"","theme-transparent-header-meta":"default","adv-header-id-meta":"","stick-header-meta":"","header-above-stick-meta":"","header-main-stick-meta":"","header-below-stick-meta":"","astra-migrate-meta-layouts":"set","ast-page-background-enabled":"default","ast-page-background-meta":{"desktop":{"background-color":"","background-image":"","background-repeat":"repeat","background-position":"center center","background-size":"auto","background-attachment":"scroll","background-type":"","background-media":"","overlay-type":"","overlay-color":"","overlay-opacity":"","overlay-gradient":""},"tablet":{"background-color":"","background-image":"","background-repeat":"repeat","background-position":"center center","background-size":"auto","background-attachment":"scroll","background-type":"","background-media":"","overlay-type":"","overlay-color":"","overlay-opacity":"","overlay-gradient":""},"mobile":{"background-color":"","background-image":"","background-repeat":"repeat","background-position":"center center","background-size":"auto","background-attachment":"scroll","background-type":"","background-media":"","overlay-type":"","overlay-color":"","overlay-opacity":"","overlay-gradient":""}},"ast-content-background-meta":{"desktop":{"background-color":"var(--ast-global-color-5)","background-image":"","background-repeat":"repeat","background-position":"center center","background-size":"auto","background-attachment":"scroll","background-type":"","background-media":"","overlay-type":"","overlay-color":"","overlay-opacity":"","overlay-gradient":""},"tablet":{"background-color":"var(--ast-global-color-5)","background-image":"","background-repeat":"repeat","background-position":"center center","background-size":"auto","background-attachment":"scroll","background-type":"","background-media":"","overlay-type":"","overlay-color":"","overlay-opacity":"","overlay-gradient":""},"mobile":{"background-color":"var(--ast-global-color-5)","background-image":"","background-repeat":"repeat","background-position":"center center","background-size":"auto","background-attachment":"scroll","background-type":"","background-media":"","overlay-type":"","overlay-color":"","overlay-opacity":"","overlay-gradient":""}}},"product_brand":[],"product_cat":[184,193],"product_tag":[],"class_list":{"0":"post-12703","1":"product","2":"type-product","3":"status-publish","4":"has-post-thumbnail","6":"product_cat-_","7":"product_cat--_","8":"pa_-helbest","9":"pa_-ferike-usiv","10":"pa_-kurmanci","11":"pa_--lis-yayinevi","12":"desktop-align-left","13":"tablet-align-left","14":"mobile-align-left","16":"first","17":"instock","18":"shipping-taxable","19":"purchasable","20":"product-type-simple"},"yoast_head":"<!-- This site is optimized with the Yoast SEO plugin v27.4 - https:\/\/yoast.com\/product\/yoast-seo-wordpress\/ -->\n<title>\u00dbsiv\u00ea Nev\u00eeya - Fer\u00eek\u00ea \u00dbsif - www.shanabooks.de<\/title>\n<meta name=\"description\" content=\"\u00dbsiv\u00ea Nev\u00eeya - Fer\u00eek\u00ea \u00dbsif \u015eair\u00ea gewre\u00a0F\u00ear\u00eek\u00ea \u00dbsiv, di\u00a0\u00dbsiv\u00ea Nev\u00eeya\u00a0de bi ziman\u00ea xwe \u00ea herikbar, p\u00ea\u015fkarwanek, neh karwan\u00ean din \u00fb pa\u015fkarwanek li p\u00ea hev \u015f...\" \/>\n<meta name=\"robots\" content=\"index, follow, max-snippet:-1, max-image-preview:large, max-video-preview:-1\" \/>\n<link rel=\"canonical\" href=\"https:\/\/shanabooks.de\/product\/usive-neviya-ferike-usif\/\" \/>\n<meta property=\"og:locale\" content=\"de_DE\" \/>\n<meta property=\"og:type\" content=\"article\" \/>\n<meta property=\"og:title\" content=\"\u00dbsiv\u00ea Nev\u00eeya - Fer\u00eek\u00ea \u00dbsif - www.shanabooks.de\" \/>\n<meta property=\"og:description\" content=\"\u00dbsiv\u00ea Nev\u00eeya - Fer\u00eek\u00ea \u00dbsif \u015eair\u00ea gewre\u00a0F\u00ear\u00eek\u00ea \u00dbsiv, di\u00a0\u00dbsiv\u00ea Nev\u00eeya\u00a0de bi ziman\u00ea xwe \u00ea herikbar, p\u00ea\u015fkarwanek, neh karwan\u00ean din \u00fb pa\u015fkarwanek li p\u00ea hev \u015f...\" \/>\n<meta property=\"og:url\" content=\"https:\/\/shanabooks.de\/product\/usive-neviya-ferike-usif\/\" \/>\n<meta property=\"og:site_name\" content=\"www.shanabooks.de\" \/>\n<meta property=\"article:modified_time\" content=\"2024-03-14T23:03:07+00:00\" \/>\n<meta property=\"og:image\" content=\"https:\/\/shanabooks.de\/wp-content\/uploads\/2024\/03\/Usive-Neviya.png\" \/>\n\t<meta property=\"og:image:width\" content=\"265\" \/>\n\t<meta property=\"og:image:height\" content=\"470\" \/>\n\t<meta property=\"og:image:type\" content=\"image\/png\" \/>\n<meta name=\"twitter:card\" content=\"summary_large_image\" \/>\n<meta name=\"twitter:label1\" content=\"Gesch\u00e4tzte Lesezeit\" \/>\n\t<meta name=\"twitter:data1\" content=\"1\u00a0Minute\" \/>\n<script type=\"application\/ld+json\" class=\"yoast-schema-graph\">{\"@context\":\"https:\\\/\\\/schema.org\",\"@graph\":[{\"@type\":\"WebPage\",\"@id\":\"https:\\\/\\\/shanabooks.de\\\/product\\\/usive-neviya-ferike-usif\\\/\",\"url\":\"https:\\\/\\\/shanabooks.de\\\/product\\\/usive-neviya-ferike-usif\\\/\",\"name\":\"\u00dbsiv\u00ea Nev\u00eeya - Fer\u00eek\u00ea \u00dbsif - www.shanabooks.de\",\"isPartOf\":{\"@id\":\"https:\\\/\\\/shanabooks.de\\\/#website\"},\"primaryImageOfPage\":{\"@id\":\"https:\\\/\\\/shanabooks.de\\\/product\\\/usive-neviya-ferike-usif\\\/#primaryimage\"},\"image\":{\"@id\":\"https:\\\/\\\/shanabooks.de\\\/product\\\/usive-neviya-ferike-usif\\\/#primaryimage\"},\"thumbnailUrl\":\"https:\\\/\\\/shanabooks.de\\\/wp-content\\\/uploads\\\/2024\\\/03\\\/Usive-Neviya.png\",\"datePublished\":\"2024-03-03T19:45:57+00:00\",\"dateModified\":\"2024-03-14T23:03:07+00:00\",\"description\":\"\u00dbsiv\u00ea Nev\u00eeya - Fer\u00eek\u00ea \u00dbsif \u015eair\u00ea gewre\u00a0F\u00ear\u00eek\u00ea \u00dbsiv, di\u00a0\u00dbsiv\u00ea Nev\u00eeya\u00a0de bi ziman\u00ea xwe \u00ea herikbar, p\u00ea\u015fkarwanek, neh karwan\u00ean din \u00fb pa\u015fkarwanek li p\u00ea hev \u015f...\",\"breadcrumb\":{\"@id\":\"https:\\\/\\\/shanabooks.de\\\/product\\\/usive-neviya-ferike-usif\\\/#breadcrumb\"},\"inLanguage\":\"de\",\"potentialAction\":[{\"@type\":\"ReadAction\",\"target\":[\"https:\\\/\\\/shanabooks.de\\\/product\\\/usive-neviya-ferike-usif\\\/\"]}]},{\"@type\":\"ImageObject\",\"inLanguage\":\"de\",\"@id\":\"https:\\\/\\\/shanabooks.de\\\/product\\\/usive-neviya-ferike-usif\\\/#primaryimage\",\"url\":\"https:\\\/\\\/shanabooks.de\\\/wp-content\\\/uploads\\\/2024\\\/03\\\/Usive-Neviya.png\",\"contentUrl\":\"https:\\\/\\\/shanabooks.de\\\/wp-content\\\/uploads\\\/2024\\\/03\\\/Usive-Neviya.png\",\"width\":265,\"height\":470,\"caption\":\"\u00dbsiv\u00ea Nev\u00eeya - Fer\u00eek\u00ea \u00dbsif - pirt\u00fbk\u00ean kurd\u00ee\"},{\"@type\":\"BreadcrumbList\",\"@id\":\"https:\\\/\\\/shanabooks.de\\\/product\\\/usive-neviya-ferike-usif\\\/#breadcrumb\",\"itemListElement\":[{\"@type\":\"ListItem\",\"position\":1,\"name\":\"\u0627\u0644\u0631\u0626\u064a\u0633\u064a\u0629\",\"item\":\"https:\\\/\\\/shanabooks.de\\\/de\\\/\"},{\"@type\":\"ListItem\",\"position\":2,\"name\":\"\u0627\u0644\u0645\u0646\u062a\u062c\u0627\u062a\",\"item\":\"https:\\\/\\\/shanabooks.de\\\/shop\\\/\"},{\"@type\":\"ListItem\",\"position\":3,\"name\":\"\u00dbsiv\u00ea Nev\u00eeya\"}]},{\"@type\":\"WebSite\",\"@id\":\"https:\\\/\\\/shanabooks.de\\\/#website\",\"url\":\"https:\\\/\\\/shanabooks.de\\\/\",\"name\":\"www.shanbooks.de\",\"description\":\"C\u00eehana Pirt\u00fbk\u00ean Kurd\u00ee \u0645\u0643\u062a\u0628\u0629 \u0634\u0627\u0646\u0627 \u0641\u064a \u0627\u0644\u0645\u0627\u0646\u064a\u0627 \u0648\u0623\u0648\u0631\u0628\u0627\",\"publisher\":{\"@id\":\"https:\\\/\\\/shanabooks.de\\\/#organization\"},\"potentialAction\":[{\"@type\":\"SearchAction\",\"target\":{\"@type\":\"EntryPoint\",\"urlTemplate\":\"https:\\\/\\\/shanabooks.de\\\/?s={search_term_string}\"},\"query-input\":{\"@type\":\"PropertyValueSpecification\",\"valueRequired\":true,\"valueName\":\"search_term_string\"}}],\"inLanguage\":\"de\"},{\"@type\":\"Organization\",\"@id\":\"https:\\\/\\\/shanabooks.de\\\/#organization\",\"name\":\"www.shanbooks.de\",\"url\":\"https:\\\/\\\/shanabooks.de\\\/\",\"logo\":{\"@type\":\"ImageObject\",\"inLanguage\":\"de\",\"@id\":\"https:\\\/\\\/shanabooks.de\\\/#\\\/schema\\\/logo\\\/image\\\/\",\"url\":\"https:\\\/\\\/shanabooks.de\\\/wp-content\\\/uploads\\\/2024\\\/03\\\/SHANABOOKS__2_-removebg-preview.png\",\"contentUrl\":\"https:\\\/\\\/shanabooks.de\\\/wp-content\\\/uploads\\\/2024\\\/03\\\/SHANABOOKS__2_-removebg-preview.png\",\"width\":700,\"height\":150,\"caption\":\"www.shanbooks.de\"},\"image\":{\"@id\":\"https:\\\/\\\/shanabooks.de\\\/#\\\/schema\\\/logo\\\/image\\\/\"}}]}<\/script>\n<!-- \/ Yoast SEO plugin. -->","yoast_head_json":{"title":"\u00dbsiv\u00ea Nev\u00eeya - Fer\u00eek\u00ea \u00dbsif - www.shanabooks.de","description":"\u00dbsiv\u00ea Nev\u00eeya - Fer\u00eek\u00ea \u00dbsif \u015eair\u00ea gewre\u00a0F\u00ear\u00eek\u00ea \u00dbsiv, di\u00a0\u00dbsiv\u00ea Nev\u00eeya\u00a0de bi ziman\u00ea xwe \u00ea herikbar, p\u00ea\u015fkarwanek, neh karwan\u00ean din \u00fb pa\u015fkarwanek li p\u00ea hev \u015f...","robots":{"index":"index","follow":"follow","max-snippet":"max-snippet:-1","max-image-preview":"max-image-preview:large","max-video-preview":"max-video-preview:-1"},"canonical":"https:\/\/shanabooks.de\/product\/usive-neviya-ferike-usif\/","og_locale":"de_DE","og_type":"article","og_title":"\u00dbsiv\u00ea Nev\u00eeya - Fer\u00eek\u00ea \u00dbsif - www.shanabooks.de","og_description":"\u00dbsiv\u00ea Nev\u00eeya - Fer\u00eek\u00ea \u00dbsif \u015eair\u00ea gewre\u00a0F\u00ear\u00eek\u00ea \u00dbsiv, di\u00a0\u00dbsiv\u00ea Nev\u00eeya\u00a0de bi ziman\u00ea xwe \u00ea herikbar, p\u00ea\u015fkarwanek, neh karwan\u00ean din \u00fb pa\u015fkarwanek li p\u00ea hev \u015f...","og_url":"https:\/\/shanabooks.de\/product\/usive-neviya-ferike-usif\/","og_site_name":"www.shanabooks.de","article_modified_time":"2024-03-14T23:03:07+00:00","og_image":[{"width":265,"height":470,"url":"https:\/\/shanabooks.de\/wp-content\/uploads\/2024\/03\/Usive-Neviya.png","type":"image\/png"}],"twitter_card":"summary_large_image","twitter_misc":{"Gesch\u00e4tzte Lesezeit":"1\u00a0Minute"},"schema":{"@context":"https:\/\/schema.org","@graph":[{"@type":"WebPage","@id":"https:\/\/shanabooks.de\/product\/usive-neviya-ferike-usif\/","url":"https:\/\/shanabooks.de\/product\/usive-neviya-ferike-usif\/","name":"\u00dbsiv\u00ea Nev\u00eeya - Fer\u00eek\u00ea \u00dbsif - www.shanabooks.de","isPartOf":{"@id":"https:\/\/shanabooks.de\/#website"},"primaryImageOfPage":{"@id":"https:\/\/shanabooks.de\/product\/usive-neviya-ferike-usif\/#primaryimage"},"image":{"@id":"https:\/\/shanabooks.de\/product\/usive-neviya-ferike-usif\/#primaryimage"},"thumbnailUrl":"https:\/\/shanabooks.de\/wp-content\/uploads\/2024\/03\/Usive-Neviya.png","datePublished":"2024-03-03T19:45:57+00:00","dateModified":"2024-03-14T23:03:07+00:00","description":"\u00dbsiv\u00ea Nev\u00eeya - Fer\u00eek\u00ea \u00dbsif \u015eair\u00ea gewre\u00a0F\u00ear\u00eek\u00ea \u00dbsiv, di\u00a0\u00dbsiv\u00ea Nev\u00eeya\u00a0de bi ziman\u00ea xwe \u00ea herikbar, p\u00ea\u015fkarwanek, neh karwan\u00ean din \u00fb pa\u015fkarwanek li p\u00ea hev \u015f...","breadcrumb":{"@id":"https:\/\/shanabooks.de\/product\/usive-neviya-ferike-usif\/#breadcrumb"},"inLanguage":"de","potentialAction":[{"@type":"ReadAction","target":["https:\/\/shanabooks.de\/product\/usive-neviya-ferike-usif\/"]}]},{"@type":"ImageObject","inLanguage":"de","@id":"https:\/\/shanabooks.de\/product\/usive-neviya-ferike-usif\/#primaryimage","url":"https:\/\/shanabooks.de\/wp-content\/uploads\/2024\/03\/Usive-Neviya.png","contentUrl":"https:\/\/shanabooks.de\/wp-content\/uploads\/2024\/03\/Usive-Neviya.png","width":265,"height":470,"caption":"\u00dbsiv\u00ea Nev\u00eeya - Fer\u00eek\u00ea \u00dbsif - pirt\u00fbk\u00ean kurd\u00ee"},{"@type":"BreadcrumbList","@id":"https:\/\/shanabooks.de\/product\/usive-neviya-ferike-usif\/#breadcrumb","itemListElement":[{"@type":"ListItem","position":1,"name":"\u0627\u0644\u0631\u0626\u064a\u0633\u064a\u0629","item":"https:\/\/shanabooks.de\/de\/"},{"@type":"ListItem","position":2,"name":"\u0627\u0644\u0645\u0646\u062a\u062c\u0627\u062a","item":"https:\/\/shanabooks.de\/shop\/"},{"@type":"ListItem","position":3,"name":"\u00dbsiv\u00ea Nev\u00eeya"}]},{"@type":"WebSite","@id":"https:\/\/shanabooks.de\/#website","url":"https:\/\/shanabooks.de\/","name":"www.shanbooks.de","description":"C\u00eehana Pirt\u00fbk\u00ean Kurd\u00ee \u0645\u0643\u062a\u0628\u0629 \u0634\u0627\u0646\u0627 \u0641\u064a \u0627\u0644\u0645\u0627\u0646\u064a\u0627 \u0648\u0623\u0648\u0631\u0628\u0627","publisher":{"@id":"https:\/\/shanabooks.de\/#organization"},"potentialAction":[{"@type":"SearchAction","target":{"@type":"EntryPoint","urlTemplate":"https:\/\/shanabooks.de\/?s={search_term_string}"},"query-input":{"@type":"PropertyValueSpecification","valueRequired":true,"valueName":"search_term_string"}}],"inLanguage":"de"},{"@type":"Organization","@id":"https:\/\/shanabooks.de\/#organization","name":"www.shanbooks.de","url":"https:\/\/shanabooks.de\/","logo":{"@type":"ImageObject","inLanguage":"de","@id":"https:\/\/shanabooks.de\/#\/schema\/logo\/image\/","url":"https:\/\/shanabooks.de\/wp-content\/uploads\/2024\/03\/SHANABOOKS__2_-removebg-preview.png","contentUrl":"https:\/\/shanabooks.de\/wp-content\/uploads\/2024\/03\/SHANABOOKS__2_-removebg-preview.png","width":700,"height":150,"caption":"www.shanbooks.de"},"image":{"@id":"https:\/\/shanabooks.de\/#\/schema\/logo\/image\/"}}]}},"jetpack_sharing_enabled":true,"_links":{"self":[{"href":"https:\/\/shanabooks.de\/de\/wp-json\/wp\/v2\/product\/12703","targetHints":{"allow":["GET"]}}],"collection":[{"href":"https:\/\/shanabooks.de\/de\/wp-json\/wp\/v2\/product"}],"about":[{"href":"https:\/\/shanabooks.de\/de\/wp-json\/wp\/v2\/types\/product"}],"version-history":[{"count":3,"href":"https:\/\/shanabooks.de\/de\/wp-json\/wp\/v2\/product\/12703\/revisions"}],"predecessor-version":[{"id":18548,"href":"https:\/\/shanabooks.de\/de\/wp-json\/wp\/v2\/product\/12703\/revisions\/18548"}],"wp:featuredmedia":[{"embeddable":true,"href":"https:\/\/shanabooks.de\/de\/wp-json\/wp\/v2\/media\/12738"}],"wp:attachment":[{"href":"https:\/\/shanabooks.de\/de\/wp-json\/wp\/v2\/media?parent=12703"}],"wp:term":[{"taxonomy":"product_brand","embeddable":true,"href":"https:\/\/shanabooks.de\/de\/wp-json\/wp\/v2\/product_brand?post=12703"},{"taxonomy":"product_cat","embeddable":true,"href":"https:\/\/shanabooks.de\/de\/wp-json\/wp\/v2\/product_cat?post=12703"},{"taxonomy":"product_tag","embeddable":true,"href":"https:\/\/shanabooks.de\/de\/wp-json\/wp\/v2\/product_tag?post=12703"}],"curies":[{"name":"wp","href":"https:\/\/api.w.org\/{rel}","templated":true}]}}