{"id":12761,"date":"2024-03-03T19:46:20","date_gmt":"2024-03-03T19:46:20","guid":{"rendered":"https:\/\/shanabooks.de\/?post_type=product&#038;p=12761"},"modified":"2024-03-14T22:45:32","modified_gmt":"2024-03-14T22:45:32","slug":"feqeyen-tariye-selim-berekat","status":"publish","type":"product","link":"https:\/\/shanabooks.de\/de\/product\/feqeyen-tariye-selim-berekat\/","title":{"rendered":"Feqey\u00ean Tariy\u00ea"},"content":{"rendered":"<p dir=\"ltr\"><strong>Feqey\u00ean Tariy\u00ea &#8211; Sel\u00eem Berekat<\/strong><\/p>\n<p dir=\"ltr\">Feqey\u00ean Tariy\u00ea ya Sel\u00eem Berekat ji Wergera Jana Seyda ji Ereb\u00ee<\/p>\n<p dir=\"ltr\">\u00a0\u201cFeqiy\u00ean Tariy\u00ea\u201d romana Sel\u00eem Berekat a yekem e. Di v\u00ea roman\u00ea de herdu meydan\u00ean xwezah\u00ee \u00fb mirovah\u00ee y\u00ean her\u00eama Cez\u00eer\u00ea (Cez\u00eera S\u00fbriye) dibin zem\u00eeneke dramat\u00eek \u00ee t\u00ear \u00fb tije. Reg\u00ean w\u00ea her\u00eam\u00ea giraniya d\u00eerok\u00ea hildigirin; d\u00eeroka wel\u00eat, d\u00eeroka malbata ku ketiye \u015f\u00fbna e\u015f\u00eeret\u00ea, d\u00eeroka efsaneya ku rabird\u00fb xistib\u00fb mista xwe heya bingeha w\u00ea ya efsanew\u00ee qulip\u00ee \u00fb b\u00fb r\u00ea\u00e7eke xeyalane da ku zora w\u00ea d\u00eerok\u00ea bibe.<\/p>\n<p dir=\"ltr\">Mele B\u00eanav dikeve nava helwesteke hawante \u00fb \u00a0ber bi asteng\u00ea ve t\u00ea ajotin. Kur\u00ea w\u00ee B\u00eakes s\u00eenor\u00ea dem\u00ea y\u00ea temen\u00ea mirovan derbas dike, ew pi\u015ft\u00ee \u00a0jidayikb\u00fbna xwe dibe s\u00ee sal\u00ee \u00fb di dema esr\u00ea de dibe \u00e7il sal\u00ee \u00fb \u00eavar\u00ee dibe p\u00eanc\u00ee sal\u00ee. K\u00eal\u00eeka ku ji dayik dibe wiha dib\u00eaje: ev astengek e, dema ku biqede h\u00fbn\u00ea ji b\u00eer bikin, l\u00ea ez\u00ea dem\u00ea neb\u00eenim ku ji b\u00eer bikim.<\/p>\n<p dir=\"ltr\">Efsaneya B\u00eakes dir\u00eaj\u00ee \u00a0d\u00eerok \u00fb cografya van mirovan dibe, efsane tev li p\u00eaken\u00een\u00ea dibe, belge tev li ec\u00eaban dibin, rojev tev li fantaziy\u00ea dibe, hizr\u00ean gel\u00ear\u00ee tev li xewn\u00ean sof\u00eezm\u00ee dibin \u00fb adet\u00ean rojane tev li kab\u00fbsan dibin.<\/p>\n<p dir=\"ltr\">Rexnegir \u00fb werg\u00ear\u00ea ji S\u00fbr\u00ee Subh\u00ee Hed\u00eed\u00ee<\/p>\n<p dir=\"ltr\"><em><strong>\u00a0<\/strong><\/em><\/p>\n","protected":false},"excerpt":{"rendered":"<p dir=\"ltr\" style=\"text-align: center\"><strong>Pirt\u00fbk: Feqiy\u00ean Tariy\u00ea<br \/>\nNiv\u00eeskar: Sel\u00eem Berekat<br \/>\nCure: Roman<\/strong><\/p>\n","protected":false},"featured_media":12828,"template":"","meta":{"site-sidebar-layout":"default","site-content-layout":"","ast-site-content-layout":"default","site-content-style":"default","site-sidebar-style":"default","ast-global-header-display":"","ast-banner-title-visibility":"","ast-main-header-display":"","ast-hfb-above-header-display":"","ast-hfb-below-header-display":"","ast-hfb-mobile-header-display":"","site-post-title":"","ast-breadcrumbs-content":"","ast-featured-img":"","footer-sml-layout":"","ast-disable-related-posts":"","theme-transparent-header-meta":"default","adv-header-id-meta":"","stick-header-meta":"","header-above-stick-meta":"","header-main-stick-meta":"","header-below-stick-meta":"","astra-migrate-meta-layouts":"set","ast-page-background-enabled":"default","ast-page-background-meta":{"desktop":{"background-color":"","background-image":"","background-repeat":"repeat","background-position":"center center","background-size":"auto","background-attachment":"scroll","background-type":"","background-media":"","overlay-type":"","overlay-color":"","overlay-opacity":"","overlay-gradient":""},"tablet":{"background-color":"","background-image":"","background-repeat":"repeat","background-position":"center center","background-size":"auto","background-attachment":"scroll","background-type":"","background-media":"","overlay-type":"","overlay-color":"","overlay-opacity":"","overlay-gradient":""},"mobile":{"background-color":"","background-image":"","background-repeat":"repeat","background-position":"center center","background-size":"auto","background-attachment":"scroll","background-type":"","background-media":"","overlay-type":"","overlay-color":"","overlay-opacity":"","overlay-gradient":""}},"ast-content-background-meta":{"desktop":{"background-color":"var(--ast-global-color-5)","background-image":"","background-repeat":"repeat","background-position":"center center","background-size":"auto","background-attachment":"scroll","background-type":"","background-media":"","overlay-type":"","overlay-color":"","overlay-opacity":"","overlay-gradient":""},"tablet":{"background-color":"var(--ast-global-color-5)","background-image":"","background-repeat":"repeat","background-position":"center center","background-size":"auto","background-attachment":"scroll","background-type":"","background-media":"","overlay-type":"","overlay-color":"","overlay-opacity":"","overlay-gradient":""},"mobile":{"background-color":"var(--ast-global-color-5)","background-image":"","background-repeat":"repeat","background-position":"center center","background-size":"auto","background-attachment":"scroll","background-type":"","background-media":"","overlay-type":"","overlay-color":"","overlay-opacity":"","overlay-gradient":""}}},"product_brand":[],"product_cat":[185,182,193],"product_tag":[],"class_list":{"0":"post-12761","1":"product","2":"type-product","3":"status-publish","4":"has-post-thumbnail","6":"product_cat--_","7":"product_cat-_","9":"pa_-roman","10":"pa_-wejeye-cihani","11":"pa_-selim-berekat","12":"pa_-kurmanci","13":"pa_--avesta-yayinlari","14":"desktop-align-left","15":"tablet-align-left","16":"mobile-align-left","18":"first","19":"instock","20":"shipping-taxable","21":"purchasable","22":"product-type-simple"},"yoast_head":"<!-- This site is optimized with the Yoast SEO plugin v27.6 - https:\/\/yoast.com\/product\/yoast-seo-wordpress\/ -->\n<title>Feqey\u00ean Tariy\u00ea - Sel\u00eem Berekat - www.shanabooks.de<\/title>\n<meta name=\"description\" content=\"Feqey\u00ean Tariy\u00ea - Sel\u00eem Berekat\u00a0\u201cFeqiy\u00ean Tariy\u00ea\u201d romana Sel\u00eem Berekat a yekem e. Di v\u00ea roman\u00ea de herdu meydan\u00ean xwezah\u00ee \u00fb mirovah\u00ee y\u00ean her\u00eama Cez\u00eer\u00ea...\" \/>\n<meta name=\"robots\" content=\"index, follow, max-snippet:-1, max-image-preview:large, max-video-preview:-1\" \/>\n<link rel=\"canonical\" href=\"https:\/\/shanabooks.de\/product\/feqeyen-tariye-selim-berekat\/\" \/>\n<meta property=\"og:locale\" content=\"de_DE\" \/>\n<meta property=\"og:type\" content=\"article\" \/>\n<meta property=\"og:title\" content=\"Feqey\u00ean Tariy\u00ea - Sel\u00eem Berekat - www.shanabooks.de\" \/>\n<meta property=\"og:description\" content=\"Feqey\u00ean Tariy\u00ea - Sel\u00eem Berekat\u00a0\u201cFeqiy\u00ean Tariy\u00ea\u201d romana Sel\u00eem Berekat a yekem e. Di v\u00ea roman\u00ea de herdu meydan\u00ean xwezah\u00ee \u00fb mirovah\u00ee y\u00ean her\u00eama Cez\u00eer\u00ea...\" \/>\n<meta property=\"og:url\" content=\"https:\/\/shanabooks.de\/product\/feqeyen-tariye-selim-berekat\/\" \/>\n<meta property=\"og:site_name\" content=\"www.shanabooks.de\" \/>\n<meta property=\"article:modified_time\" content=\"2024-03-14T22:45:32+00:00\" \/>\n<meta property=\"og:image\" content=\"https:\/\/shanabooks.de\/wp-content\/uploads\/2024\/03\/Feqiyen-Tariye.jpg\" \/>\n\t<meta property=\"og:image:width\" content=\"601\" \/>\n\t<meta property=\"og:image:height\" content=\"900\" \/>\n\t<meta property=\"og:image:type\" content=\"image\/jpeg\" \/>\n<meta name=\"twitter:card\" content=\"summary_large_image\" \/>\n<meta name=\"twitter:label1\" content=\"Gesch\u00e4tzte Lesezeit\" \/>\n\t<meta name=\"twitter:data1\" content=\"2\u00a0Minuten\" \/>\n<script type=\"application\/ld+json\" class=\"yoast-schema-graph\">{\"@context\":\"https:\\\/\\\/schema.org\",\"@graph\":[{\"@type\":\"WebPage\",\"@id\":\"https:\\\/\\\/shanabooks.de\\\/product\\\/feqeyen-tariye-selim-berekat\\\/\",\"url\":\"https:\\\/\\\/shanabooks.de\\\/product\\\/feqeyen-tariye-selim-berekat\\\/\",\"name\":\"Feqey\u00ean Tariy\u00ea - Sel\u00eem Berekat - www.shanabooks.de\",\"isPartOf\":{\"@id\":\"https:\\\/\\\/shanabooks.de\\\/#website\"},\"primaryImageOfPage\":{\"@id\":\"https:\\\/\\\/shanabooks.de\\\/product\\\/feqeyen-tariye-selim-berekat\\\/#primaryimage\"},\"image\":{\"@id\":\"https:\\\/\\\/shanabooks.de\\\/product\\\/feqeyen-tariye-selim-berekat\\\/#primaryimage\"},\"thumbnailUrl\":\"https:\\\/\\\/shanabooks.de\\\/wp-content\\\/uploads\\\/2024\\\/03\\\/Feqiyen-Tariye.jpg\",\"datePublished\":\"2024-03-03T19:46:20+00:00\",\"dateModified\":\"2024-03-14T22:45:32+00:00\",\"description\":\"Feqey\u00ean Tariy\u00ea - Sel\u00eem Berekat\u00a0\u201cFeqiy\u00ean Tariy\u00ea\u201d romana Sel\u00eem Berekat a yekem e. Di v\u00ea roman\u00ea de herdu meydan\u00ean xwezah\u00ee \u00fb mirovah\u00ee y\u00ean her\u00eama Cez\u00eer\u00ea...\",\"breadcrumb\":{\"@id\":\"https:\\\/\\\/shanabooks.de\\\/product\\\/feqeyen-tariye-selim-berekat\\\/#breadcrumb\"},\"inLanguage\":\"de\",\"potentialAction\":[{\"@type\":\"ReadAction\",\"target\":[\"https:\\\/\\\/shanabooks.de\\\/product\\\/feqeyen-tariye-selim-berekat\\\/\"]}]},{\"@type\":\"ImageObject\",\"inLanguage\":\"de\",\"@id\":\"https:\\\/\\\/shanabooks.de\\\/product\\\/feqeyen-tariye-selim-berekat\\\/#primaryimage\",\"url\":\"https:\\\/\\\/shanabooks.de\\\/wp-content\\\/uploads\\\/2024\\\/03\\\/Feqiyen-Tariye.jpg\",\"contentUrl\":\"https:\\\/\\\/shanabooks.de\\\/wp-content\\\/uploads\\\/2024\\\/03\\\/Feqiyen-Tariye.jpg\",\"width\":601,\"height\":900,\"caption\":\"Feqey\u00ean Tariy\u00ea - Sel\u00eem Berekat - pirt\u00fbk\u00ean kurd\u00ee\"},{\"@type\":\"BreadcrumbList\",\"@id\":\"https:\\\/\\\/shanabooks.de\\\/product\\\/feqeyen-tariye-selim-berekat\\\/#breadcrumb\",\"itemListElement\":[{\"@type\":\"ListItem\",\"position\":1,\"name\":\"\u0627\u0644\u0631\u0626\u064a\u0633\u064a\u0629\",\"item\":\"https:\\\/\\\/shanabooks.de\\\/de\\\/\"},{\"@type\":\"ListItem\",\"position\":2,\"name\":\"\u0627\u0644\u0645\u0646\u062a\u062c\u0627\u062a\",\"item\":\"https:\\\/\\\/shanabooks.de\\\/shop\\\/\"},{\"@type\":\"ListItem\",\"position\":3,\"name\":\"Feqey\u00ean Tariy\u00ea\"}]},{\"@type\":\"WebSite\",\"@id\":\"https:\\\/\\\/shanabooks.de\\\/#website\",\"url\":\"https:\\\/\\\/shanabooks.de\\\/\",\"name\":\"www.shanbooks.de\",\"description\":\"C\u00eehana Pirt\u00fbk\u00ean Kurd\u00ee \u0645\u0643\u062a\u0628\u0629 \u0634\u0627\u0646\u0627 \u0641\u064a \u0627\u0644\u0645\u0627\u0646\u064a\u0627 \u0648\u0623\u0648\u0631\u0628\u0627\",\"publisher\":{\"@id\":\"https:\\\/\\\/shanabooks.de\\\/#organization\"},\"potentialAction\":[{\"@type\":\"SearchAction\",\"target\":{\"@type\":\"EntryPoint\",\"urlTemplate\":\"https:\\\/\\\/shanabooks.de\\\/?s={search_term_string}\"},\"query-input\":{\"@type\":\"PropertyValueSpecification\",\"valueRequired\":true,\"valueName\":\"search_term_string\"}}],\"inLanguage\":\"de\"},{\"@type\":\"Organization\",\"@id\":\"https:\\\/\\\/shanabooks.de\\\/#organization\",\"name\":\"www.shanbooks.de\",\"url\":\"https:\\\/\\\/shanabooks.de\\\/\",\"logo\":{\"@type\":\"ImageObject\",\"inLanguage\":\"de\",\"@id\":\"https:\\\/\\\/shanabooks.de\\\/#\\\/schema\\\/logo\\\/image\\\/\",\"url\":\"https:\\\/\\\/shanabooks.de\\\/wp-content\\\/uploads\\\/2024\\\/03\\\/SHANABOOKS__2_-removebg-preview.png\",\"contentUrl\":\"https:\\\/\\\/shanabooks.de\\\/wp-content\\\/uploads\\\/2024\\\/03\\\/SHANABOOKS__2_-removebg-preview.png\",\"width\":700,\"height\":150,\"caption\":\"www.shanbooks.de\"},\"image\":{\"@id\":\"https:\\\/\\\/shanabooks.de\\\/#\\\/schema\\\/logo\\\/image\\\/\"}}]}<\/script>\n<!-- \/ Yoast SEO plugin. -->","yoast_head_json":{"title":"Feqey\u00ean Tariy\u00ea - Sel\u00eem Berekat - www.shanabooks.de","description":"Feqey\u00ean Tariy\u00ea - Sel\u00eem Berekat\u00a0\u201cFeqiy\u00ean Tariy\u00ea\u201d romana Sel\u00eem Berekat a yekem e. Di v\u00ea roman\u00ea de herdu meydan\u00ean xwezah\u00ee \u00fb mirovah\u00ee y\u00ean her\u00eama Cez\u00eer\u00ea...","robots":{"index":"index","follow":"follow","max-snippet":"max-snippet:-1","max-image-preview":"max-image-preview:large","max-video-preview":"max-video-preview:-1"},"canonical":"https:\/\/shanabooks.de\/product\/feqeyen-tariye-selim-berekat\/","og_locale":"de_DE","og_type":"article","og_title":"Feqey\u00ean Tariy\u00ea - Sel\u00eem Berekat - www.shanabooks.de","og_description":"Feqey\u00ean Tariy\u00ea - Sel\u00eem Berekat\u00a0\u201cFeqiy\u00ean Tariy\u00ea\u201d romana Sel\u00eem Berekat a yekem e. Di v\u00ea roman\u00ea de herdu meydan\u00ean xwezah\u00ee \u00fb mirovah\u00ee y\u00ean her\u00eama Cez\u00eer\u00ea...","og_url":"https:\/\/shanabooks.de\/product\/feqeyen-tariye-selim-berekat\/","og_site_name":"www.shanabooks.de","article_modified_time":"2024-03-14T22:45:32+00:00","og_image":[{"width":601,"height":900,"url":"https:\/\/shanabooks.de\/wp-content\/uploads\/2024\/03\/Feqiyen-Tariye.jpg","type":"image\/jpeg"}],"twitter_card":"summary_large_image","twitter_misc":{"Gesch\u00e4tzte Lesezeit":"2\u00a0Minuten"},"schema":{"@context":"https:\/\/schema.org","@graph":[{"@type":"WebPage","@id":"https:\/\/shanabooks.de\/product\/feqeyen-tariye-selim-berekat\/","url":"https:\/\/shanabooks.de\/product\/feqeyen-tariye-selim-berekat\/","name":"Feqey\u00ean Tariy\u00ea - Sel\u00eem Berekat - www.shanabooks.de","isPartOf":{"@id":"https:\/\/shanabooks.de\/#website"},"primaryImageOfPage":{"@id":"https:\/\/shanabooks.de\/product\/feqeyen-tariye-selim-berekat\/#primaryimage"},"image":{"@id":"https:\/\/shanabooks.de\/product\/feqeyen-tariye-selim-berekat\/#primaryimage"},"thumbnailUrl":"https:\/\/shanabooks.de\/wp-content\/uploads\/2024\/03\/Feqiyen-Tariye.jpg","datePublished":"2024-03-03T19:46:20+00:00","dateModified":"2024-03-14T22:45:32+00:00","description":"Feqey\u00ean Tariy\u00ea - Sel\u00eem Berekat\u00a0\u201cFeqiy\u00ean Tariy\u00ea\u201d romana Sel\u00eem Berekat a yekem e. Di v\u00ea roman\u00ea de herdu meydan\u00ean xwezah\u00ee \u00fb mirovah\u00ee y\u00ean her\u00eama Cez\u00eer\u00ea...","breadcrumb":{"@id":"https:\/\/shanabooks.de\/product\/feqeyen-tariye-selim-berekat\/#breadcrumb"},"inLanguage":"de","potentialAction":[{"@type":"ReadAction","target":["https:\/\/shanabooks.de\/product\/feqeyen-tariye-selim-berekat\/"]}]},{"@type":"ImageObject","inLanguage":"de","@id":"https:\/\/shanabooks.de\/product\/feqeyen-tariye-selim-berekat\/#primaryimage","url":"https:\/\/shanabooks.de\/wp-content\/uploads\/2024\/03\/Feqiyen-Tariye.jpg","contentUrl":"https:\/\/shanabooks.de\/wp-content\/uploads\/2024\/03\/Feqiyen-Tariye.jpg","width":601,"height":900,"caption":"Feqey\u00ean Tariy\u00ea - Sel\u00eem Berekat - pirt\u00fbk\u00ean kurd\u00ee"},{"@type":"BreadcrumbList","@id":"https:\/\/shanabooks.de\/product\/feqeyen-tariye-selim-berekat\/#breadcrumb","itemListElement":[{"@type":"ListItem","position":1,"name":"\u0627\u0644\u0631\u0626\u064a\u0633\u064a\u0629","item":"https:\/\/shanabooks.de\/de\/"},{"@type":"ListItem","position":2,"name":"\u0627\u0644\u0645\u0646\u062a\u062c\u0627\u062a","item":"https:\/\/shanabooks.de\/shop\/"},{"@type":"ListItem","position":3,"name":"Feqey\u00ean Tariy\u00ea"}]},{"@type":"WebSite","@id":"https:\/\/shanabooks.de\/#website","url":"https:\/\/shanabooks.de\/","name":"www.shanbooks.de","description":"C\u00eehana Pirt\u00fbk\u00ean Kurd\u00ee \u0645\u0643\u062a\u0628\u0629 \u0634\u0627\u0646\u0627 \u0641\u064a \u0627\u0644\u0645\u0627\u0646\u064a\u0627 \u0648\u0623\u0648\u0631\u0628\u0627","publisher":{"@id":"https:\/\/shanabooks.de\/#organization"},"potentialAction":[{"@type":"SearchAction","target":{"@type":"EntryPoint","urlTemplate":"https:\/\/shanabooks.de\/?s={search_term_string}"},"query-input":{"@type":"PropertyValueSpecification","valueRequired":true,"valueName":"search_term_string"}}],"inLanguage":"de"},{"@type":"Organization","@id":"https:\/\/shanabooks.de\/#organization","name":"www.shanbooks.de","url":"https:\/\/shanabooks.de\/","logo":{"@type":"ImageObject","inLanguage":"de","@id":"https:\/\/shanabooks.de\/#\/schema\/logo\/image\/","url":"https:\/\/shanabooks.de\/wp-content\/uploads\/2024\/03\/SHANABOOKS__2_-removebg-preview.png","contentUrl":"https:\/\/shanabooks.de\/wp-content\/uploads\/2024\/03\/SHANABOOKS__2_-removebg-preview.png","width":700,"height":150,"caption":"www.shanbooks.de"},"image":{"@id":"https:\/\/shanabooks.de\/#\/schema\/logo\/image\/"}}]}},"jetpack_sharing_enabled":true,"_links":{"self":[{"href":"https:\/\/shanabooks.de\/de\/wp-json\/wp\/v2\/product\/12761","targetHints":{"allow":["GET"]}}],"collection":[{"href":"https:\/\/shanabooks.de\/de\/wp-json\/wp\/v2\/product"}],"about":[{"href":"https:\/\/shanabooks.de\/de\/wp-json\/wp\/v2\/types\/product"}],"version-history":[{"count":3,"href":"https:\/\/shanabooks.de\/de\/wp-json\/wp\/v2\/product\/12761\/revisions"}],"predecessor-version":[{"id":18486,"href":"https:\/\/shanabooks.de\/de\/wp-json\/wp\/v2\/product\/12761\/revisions\/18486"}],"wp:featuredmedia":[{"embeddable":true,"href":"https:\/\/shanabooks.de\/de\/wp-json\/wp\/v2\/media\/12828"}],"wp:attachment":[{"href":"https:\/\/shanabooks.de\/de\/wp-json\/wp\/v2\/media?parent=12761"}],"wp:term":[{"taxonomy":"product_brand","embeddable":true,"href":"https:\/\/shanabooks.de\/de\/wp-json\/wp\/v2\/product_brand?post=12761"},{"taxonomy":"product_cat","embeddable":true,"href":"https:\/\/shanabooks.de\/de\/wp-json\/wp\/v2\/product_cat?post=12761"},{"taxonomy":"product_tag","embeddable":true,"href":"https:\/\/shanabooks.de\/de\/wp-json\/wp\/v2\/product_tag?post=12761"}],"curies":[{"name":"wp","href":"https:\/\/api.w.org\/{rel}","templated":true}]}}