{"id":12762,"date":"2024-03-03T19:46:20","date_gmt":"2024-03-03T19:46:20","guid":{"rendered":"https:\/\/shanabooks.de\/?post_type=product&#038;p=12762"},"modified":"2026-01-02T19:10:42","modified_gmt":"2026-01-02T19:10:42","slug":"her-du-jiyanname-selim-berekat","status":"publish","type":"product","link":"https:\/\/shanabooks.de\/de\/product\/her-du-jiyanname-selim-berekat\/","title":{"rendered":"Her du J\u00eeyanname"},"content":{"rendered":"<p dir=\"ltr\"><strong>Her du J\u00eeyanname &#8211; Sel\u00eem Berekat<\/strong><\/p>\n<p dir=\"ltr\">&#8222;Kul\u00eeya Hesin\u00ee&#8220; \u00fb &#8222;Ka Bilind Bike, Deng\u00ea Borezan\u00ea Heta Bi Daw\u00eey\u00ea Bilind Bike\u2026&#8220; Her du j\u00eeyanname y\u00ean niv\u00eeskar\u00ea Kurd \u00ea Ereb\u00eeniv\u00ees Sel\u00eem Berekat in ku b\u00eerahat\u00eey\u00ean zarok\u00ee \u00fb law\u00een\u00eeya Sel\u00eem Berekat; b\u00eerahat\u00eey\u00ean Bakur\u00ea; bakur\u00ea S\u00fbr\u00eeyey\u00ea; Binxeta wel\u00eat; Binxeta binxetb\u00fby\u00ee, vedib\u00eajin. B\u00fbyer\u00ean van b\u00eerhat\u00eeyan ji sala 1961\u2019\u00ea ve; dema hilwe\u015f\u00eena yek\u00eet\u00eeya di navbera her du d\u00fbgelan (S\u00fbr\u00eeye \u00fb Misir\u00ea) de dest p\u00ea dike \u00fb diajo heta bi sal\u00ean g\u00eanc\u00eet\u00eeya Sel\u00eem Berekat (sal\u00ean 1970&#8217;\u00ee). Jixwe ji wan Salan de, Sel\u00eem Berekat xakn\u00eegar\u00eeya b\u00eeran\u00een\u00ean xwe ned\u00eetiye; ew xakn\u00eegar\u00eeya ku w\u00ee \u00ea\u015f \u00fb keser\u00ean xwe, ken \u00fb laqird\u00eey\u00ean xwe, ketin \u00fb rab\u00fbn\u00ean xwe ji p\u00eas\u00eer\u00ean w\u00ea m\u00eatine. Sel\u00eem Berekat di van b\u00eerhat\u00eey\u00ean kenegir\u00ee (traj\u00eekomed\u00ee) de, rew\u015fa Kurdistan\u00ea bi gelemper\u00ee vedib\u00eaje. Ew bi rengek\u00ee w\u00eajey\u00ee \u00e7areniv\u00eesa me ya ku me ew tu car\u00ee neniv\u00ees\u00eeye, radix\u00eene ber \u00e7avan.<\/p>\n<p dir=\"ltr\">We\u015fanxaneya L\u00ees\u00ea ku ji sala 2004&#8217;an \u00fb vir ve, xwe berdaye meydana wergerandina berhem\u00ean giranbiha \u00ean w\u00eajeya c\u00eehan\u00ea, v\u00ea car\u00ea her du j\u00eeyannamey\u00ean Sel\u00eem Berekat\u00ea -veb\u00eajer\u00ea jana Kurdan- bi wergera Ebdelah \u015e\u00eaxo p\u00ea\u015fk\u00ea\u015f\u00ee xw\u00eener\u00ean berkeft\u00ee dike\u2026<\/p>\n<p dir=\"ltr\">Bi h\u00eav\u00eeya ku rojek\u00ea ji rojan, em b\u00eeran\u00een\u00ean azad\u00eeya xwe, b\u00eeran\u00een\u00ean xwe\u015f\u00ee \u00fb \u015fah\u00eey\u00ean xwe y\u00ean n\u00eev\u00e7emay\u00ee; bi h\u00eav\u00eeya ku em \u00ead\u00ee hew b\u00eeran\u00een\u00ean xwe werger\u00eenin ziman\u00ea day\u00eeka xwe, em v\u00ea gurza b\u00eerhat\u00eeyan radest\u00ee xw\u00eener\u00ean h\u00eaja \u00fb bir\u00fbmet dikim<strong><em><br \/>\n<\/em><\/strong><\/p>\n","protected":false},"excerpt":{"rendered":"<p dir=\"ltr\" style=\"text-align: center\"><strong>Niv\u00eeskar: Sel\u00eem Berekat<br \/>\nPirt\u00fbk: Her du J\u00eeyanname<br \/>\nCure: Jiyanname<\/strong><\/p>\n","protected":false},"featured_media":12830,"template":"","meta":{"site-sidebar-layout":"default","site-content-layout":"","ast-site-content-layout":"default","site-content-style":"default","site-sidebar-style":"default","ast-global-header-display":"","ast-banner-title-visibility":"","ast-main-header-display":"","ast-hfb-above-header-display":"","ast-hfb-below-header-display":"","ast-hfb-mobile-header-display":"","site-post-title":"","ast-breadcrumbs-content":"","ast-featured-img":"","footer-sml-layout":"","ast-disable-related-posts":"","theme-transparent-header-meta":"default","adv-header-id-meta":"","stick-header-meta":"","header-above-stick-meta":"","header-main-stick-meta":"","header-below-stick-meta":"","astra-migrate-meta-layouts":"set","ast-page-background-enabled":"default","ast-page-background-meta":{"desktop":{"background-color":"","background-image":"","background-repeat":"repeat","background-position":"center center","background-size":"auto","background-attachment":"scroll","background-type":"","background-media":"","overlay-type":"","overlay-color":"","overlay-opacity":"","overlay-gradient":""},"tablet":{"background-color":"","background-image":"","background-repeat":"repeat","background-position":"center center","background-size":"auto","background-attachment":"scroll","background-type":"","background-media":"","overlay-type":"","overlay-color":"","overlay-opacity":"","overlay-gradient":""},"mobile":{"background-color":"","background-image":"","background-repeat":"repeat","background-position":"center center","background-size":"auto","background-attachment":"scroll","background-type":"","background-media":"","overlay-type":"","overlay-color":"","overlay-opacity":"","overlay-gradient":""}},"ast-content-background-meta":{"desktop":{"background-color":"var(--ast-global-color-5)","background-image":"","background-repeat":"repeat","background-position":"center center","background-size":"auto","background-attachment":"scroll","background-type":"","background-media":"","overlay-type":"","overlay-color":"","overlay-opacity":"","overlay-gradient":""},"tablet":{"background-color":"var(--ast-global-color-5)","background-image":"","background-repeat":"repeat","background-position":"center center","background-size":"auto","background-attachment":"scroll","background-type":"","background-media":"","overlay-type":"","overlay-color":"","overlay-opacity":"","overlay-gradient":""},"mobile":{"background-color":"var(--ast-global-color-5)","background-image":"","background-repeat":"repeat","background-position":"center center","background-size":"auto","background-attachment":"scroll","background-type":"","background-media":"","overlay-type":"","overlay-color":"","overlay-opacity":"","overlay-gradient":""}}},"product_brand":[],"product_cat":[185,193],"product_tag":[],"class_list":{"0":"post-12762","1":"product","2":"type-product","3":"status-publish","4":"has-post-thumbnail","6":"product_cat--_","8":"pa_-jiyanname","9":"pa_-selim-berekat","10":"pa_-kurmanci","11":"pa_--lis-yayinevi","12":"desktop-align-left","13":"tablet-align-left","14":"mobile-align-left","16":"first","17":"instock","18":"shipping-taxable","19":"purchasable","20":"product-type-simple"},"yoast_head":"<!-- This site is optimized with the Yoast SEO plugin v27.4 - https:\/\/yoast.com\/product\/yoast-seo-wordpress\/ -->\n<title>Her du J\u00eeyanname - Sel\u00eem Berekat - www.shanabooks.de<\/title>\n<meta name=\"description\" content=\"Her du J\u00eeyanname - Sel\u00eem Berekat &quot;Kul\u00eeya Hesin\u00ee&quot; \u00fb &quot;Ka Bilind Bike, Deng\u00ea Borezan\u00ea Heta Bi Daw\u00eey\u00ea Bilind Bike\u2026&quot; Her du j\u00eeyannamey\u00ean niv\u00eeskar\u00ea Kurd \u00ea Ereb...\" \/>\n<meta name=\"robots\" content=\"index, follow, max-snippet:-1, max-image-preview:large, max-video-preview:-1\" \/>\n<link rel=\"canonical\" href=\"https:\/\/shanabooks.de\/product\/her-du-jiyanname-selim-berekat\/\" \/>\n<meta property=\"og:locale\" content=\"de_DE\" \/>\n<meta property=\"og:type\" content=\"article\" \/>\n<meta property=\"og:title\" content=\"Her du J\u00eeyanname - Sel\u00eem Berekat - www.shanabooks.de\" \/>\n<meta property=\"og:description\" content=\"Her du J\u00eeyanname - Sel\u00eem Berekat &quot;Kul\u00eeya Hesin\u00ee&quot; \u00fb &quot;Ka Bilind Bike, Deng\u00ea Borezan\u00ea Heta Bi Daw\u00eey\u00ea Bilind Bike\u2026&quot; Her du j\u00eeyannamey\u00ean niv\u00eeskar\u00ea Kurd \u00ea Ereb...\" \/>\n<meta property=\"og:url\" content=\"https:\/\/shanabooks.de\/product\/her-du-jiyanname-selim-berekat\/\" \/>\n<meta property=\"og:site_name\" content=\"www.shanabooks.de\" \/>\n<meta property=\"article:modified_time\" content=\"2026-01-02T19:10:42+00:00\" \/>\n<meta property=\"og:image\" content=\"https:\/\/shanabooks.de\/wp-content\/uploads\/2024\/03\/Her-du-Jiyanname-Lis.png\" \/>\n\t<meta property=\"og:image:width\" content=\"317\" \/>\n\t<meta property=\"og:image:height\" content=\"472\" \/>\n\t<meta property=\"og:image:type\" content=\"image\/png\" \/>\n<meta name=\"twitter:card\" content=\"summary_large_image\" \/>\n<meta name=\"twitter:label1\" content=\"Gesch\u00e4tzte Lesezeit\" \/>\n\t<meta name=\"twitter:data1\" content=\"2\u00a0Minuten\" \/>\n<script type=\"application\/ld+json\" class=\"yoast-schema-graph\">{\"@context\":\"https:\\\/\\\/schema.org\",\"@graph\":[{\"@type\":\"WebPage\",\"@id\":\"https:\\\/\\\/shanabooks.de\\\/product\\\/her-du-jiyanname-selim-berekat\\\/\",\"url\":\"https:\\\/\\\/shanabooks.de\\\/product\\\/her-du-jiyanname-selim-berekat\\\/\",\"name\":\"Her du J\u00eeyanname - Sel\u00eem Berekat - www.shanabooks.de\",\"isPartOf\":{\"@id\":\"https:\\\/\\\/shanabooks.de\\\/#website\"},\"primaryImageOfPage\":{\"@id\":\"https:\\\/\\\/shanabooks.de\\\/product\\\/her-du-jiyanname-selim-berekat\\\/#primaryimage\"},\"image\":{\"@id\":\"https:\\\/\\\/shanabooks.de\\\/product\\\/her-du-jiyanname-selim-berekat\\\/#primaryimage\"},\"thumbnailUrl\":\"https:\\\/\\\/shanabooks.de\\\/wp-content\\\/uploads\\\/2024\\\/03\\\/Her-du-Jiyanname-Lis.png\",\"datePublished\":\"2024-03-03T19:46:20+00:00\",\"dateModified\":\"2026-01-02T19:10:42+00:00\",\"description\":\"Her du J\u00eeyanname - Sel\u00eem Berekat \\\"Kul\u00eeya Hesin\u00ee\\\" \u00fb \\\"Ka Bilind Bike, Deng\u00ea Borezan\u00ea Heta Bi Daw\u00eey\u00ea Bilind Bike\u2026\\\" Her du j\u00eeyannamey\u00ean niv\u00eeskar\u00ea Kurd \u00ea Ereb...\",\"breadcrumb\":{\"@id\":\"https:\\\/\\\/shanabooks.de\\\/product\\\/her-du-jiyanname-selim-berekat\\\/#breadcrumb\"},\"inLanguage\":\"de\",\"potentialAction\":[{\"@type\":\"ReadAction\",\"target\":[\"https:\\\/\\\/shanabooks.de\\\/product\\\/her-du-jiyanname-selim-berekat\\\/\"]}]},{\"@type\":\"ImageObject\",\"inLanguage\":\"de\",\"@id\":\"https:\\\/\\\/shanabooks.de\\\/product\\\/her-du-jiyanname-selim-berekat\\\/#primaryimage\",\"url\":\"https:\\\/\\\/shanabooks.de\\\/wp-content\\\/uploads\\\/2024\\\/03\\\/Her-du-Jiyanname-Lis.png\",\"contentUrl\":\"https:\\\/\\\/shanabooks.de\\\/wp-content\\\/uploads\\\/2024\\\/03\\\/Her-du-Jiyanname-Lis.png\",\"width\":317,\"height\":472,\"caption\":\"Her du J\u00eeyanname - Sel\u00eem Berekat - pirt\u00fbk\u00ean kurd\u00ee\"},{\"@type\":\"BreadcrumbList\",\"@id\":\"https:\\\/\\\/shanabooks.de\\\/product\\\/her-du-jiyanname-selim-berekat\\\/#breadcrumb\",\"itemListElement\":[{\"@type\":\"ListItem\",\"position\":1,\"name\":\"\u0627\u0644\u0631\u0626\u064a\u0633\u064a\u0629\",\"item\":\"https:\\\/\\\/shanabooks.de\\\/de\\\/\"},{\"@type\":\"ListItem\",\"position\":2,\"name\":\"\u0627\u0644\u0645\u0646\u062a\u062c\u0627\u062a\",\"item\":\"https:\\\/\\\/shanabooks.de\\\/shop\\\/\"},{\"@type\":\"ListItem\",\"position\":3,\"name\":\"Her du J\u00eeyanname\"}]},{\"@type\":\"WebSite\",\"@id\":\"https:\\\/\\\/shanabooks.de\\\/#website\",\"url\":\"https:\\\/\\\/shanabooks.de\\\/\",\"name\":\"www.shanbooks.de\",\"description\":\"C\u00eehana Pirt\u00fbk\u00ean Kurd\u00ee \u0645\u0643\u062a\u0628\u0629 \u0634\u0627\u0646\u0627 \u0641\u064a \u0627\u0644\u0645\u0627\u0646\u064a\u0627 \u0648\u0623\u0648\u0631\u0628\u0627\",\"publisher\":{\"@id\":\"https:\\\/\\\/shanabooks.de\\\/#organization\"},\"potentialAction\":[{\"@type\":\"SearchAction\",\"target\":{\"@type\":\"EntryPoint\",\"urlTemplate\":\"https:\\\/\\\/shanabooks.de\\\/?s={search_term_string}\"},\"query-input\":{\"@type\":\"PropertyValueSpecification\",\"valueRequired\":true,\"valueName\":\"search_term_string\"}}],\"inLanguage\":\"de\"},{\"@type\":\"Organization\",\"@id\":\"https:\\\/\\\/shanabooks.de\\\/#organization\",\"name\":\"www.shanbooks.de\",\"url\":\"https:\\\/\\\/shanabooks.de\\\/\",\"logo\":{\"@type\":\"ImageObject\",\"inLanguage\":\"de\",\"@id\":\"https:\\\/\\\/shanabooks.de\\\/#\\\/schema\\\/logo\\\/image\\\/\",\"url\":\"https:\\\/\\\/shanabooks.de\\\/wp-content\\\/uploads\\\/2024\\\/03\\\/SHANABOOKS__2_-removebg-preview.png\",\"contentUrl\":\"https:\\\/\\\/shanabooks.de\\\/wp-content\\\/uploads\\\/2024\\\/03\\\/SHANABOOKS__2_-removebg-preview.png\",\"width\":700,\"height\":150,\"caption\":\"www.shanbooks.de\"},\"image\":{\"@id\":\"https:\\\/\\\/shanabooks.de\\\/#\\\/schema\\\/logo\\\/image\\\/\"}}]}<\/script>\n<!-- \/ Yoast SEO plugin. -->","yoast_head_json":{"title":"Her du J\u00eeyanname - Sel\u00eem Berekat - www.shanabooks.de","description":"Her du J\u00eeyanname - Sel\u00eem Berekat \"Kul\u00eeya Hesin\u00ee\" \u00fb \"Ka Bilind Bike, Deng\u00ea Borezan\u00ea Heta Bi Daw\u00eey\u00ea Bilind Bike\u2026\" Her du j\u00eeyannamey\u00ean niv\u00eeskar\u00ea Kurd \u00ea Ereb...","robots":{"index":"index","follow":"follow","max-snippet":"max-snippet:-1","max-image-preview":"max-image-preview:large","max-video-preview":"max-video-preview:-1"},"canonical":"https:\/\/shanabooks.de\/product\/her-du-jiyanname-selim-berekat\/","og_locale":"de_DE","og_type":"article","og_title":"Her du J\u00eeyanname - Sel\u00eem Berekat - www.shanabooks.de","og_description":"Her du J\u00eeyanname - Sel\u00eem Berekat \"Kul\u00eeya Hesin\u00ee\" \u00fb \"Ka Bilind Bike, Deng\u00ea Borezan\u00ea Heta Bi Daw\u00eey\u00ea Bilind Bike\u2026\" Her du j\u00eeyannamey\u00ean niv\u00eeskar\u00ea Kurd \u00ea Ereb...","og_url":"https:\/\/shanabooks.de\/product\/her-du-jiyanname-selim-berekat\/","og_site_name":"www.shanabooks.de","article_modified_time":"2026-01-02T19:10:42+00:00","og_image":[{"width":317,"height":472,"url":"https:\/\/shanabooks.de\/wp-content\/uploads\/2024\/03\/Her-du-Jiyanname-Lis.png","type":"image\/png"}],"twitter_card":"summary_large_image","twitter_misc":{"Gesch\u00e4tzte Lesezeit":"2\u00a0Minuten"},"schema":{"@context":"https:\/\/schema.org","@graph":[{"@type":"WebPage","@id":"https:\/\/shanabooks.de\/product\/her-du-jiyanname-selim-berekat\/","url":"https:\/\/shanabooks.de\/product\/her-du-jiyanname-selim-berekat\/","name":"Her du J\u00eeyanname - Sel\u00eem Berekat - www.shanabooks.de","isPartOf":{"@id":"https:\/\/shanabooks.de\/#website"},"primaryImageOfPage":{"@id":"https:\/\/shanabooks.de\/product\/her-du-jiyanname-selim-berekat\/#primaryimage"},"image":{"@id":"https:\/\/shanabooks.de\/product\/her-du-jiyanname-selim-berekat\/#primaryimage"},"thumbnailUrl":"https:\/\/shanabooks.de\/wp-content\/uploads\/2024\/03\/Her-du-Jiyanname-Lis.png","datePublished":"2024-03-03T19:46:20+00:00","dateModified":"2026-01-02T19:10:42+00:00","description":"Her du J\u00eeyanname - Sel\u00eem Berekat \"Kul\u00eeya Hesin\u00ee\" \u00fb \"Ka Bilind Bike, Deng\u00ea Borezan\u00ea Heta Bi Daw\u00eey\u00ea Bilind Bike\u2026\" Her du j\u00eeyannamey\u00ean niv\u00eeskar\u00ea Kurd \u00ea Ereb...","breadcrumb":{"@id":"https:\/\/shanabooks.de\/product\/her-du-jiyanname-selim-berekat\/#breadcrumb"},"inLanguage":"de","potentialAction":[{"@type":"ReadAction","target":["https:\/\/shanabooks.de\/product\/her-du-jiyanname-selim-berekat\/"]}]},{"@type":"ImageObject","inLanguage":"de","@id":"https:\/\/shanabooks.de\/product\/her-du-jiyanname-selim-berekat\/#primaryimage","url":"https:\/\/shanabooks.de\/wp-content\/uploads\/2024\/03\/Her-du-Jiyanname-Lis.png","contentUrl":"https:\/\/shanabooks.de\/wp-content\/uploads\/2024\/03\/Her-du-Jiyanname-Lis.png","width":317,"height":472,"caption":"Her du J\u00eeyanname - Sel\u00eem Berekat - pirt\u00fbk\u00ean kurd\u00ee"},{"@type":"BreadcrumbList","@id":"https:\/\/shanabooks.de\/product\/her-du-jiyanname-selim-berekat\/#breadcrumb","itemListElement":[{"@type":"ListItem","position":1,"name":"\u0627\u0644\u0631\u0626\u064a\u0633\u064a\u0629","item":"https:\/\/shanabooks.de\/de\/"},{"@type":"ListItem","position":2,"name":"\u0627\u0644\u0645\u0646\u062a\u062c\u0627\u062a","item":"https:\/\/shanabooks.de\/shop\/"},{"@type":"ListItem","position":3,"name":"Her du J\u00eeyanname"}]},{"@type":"WebSite","@id":"https:\/\/shanabooks.de\/#website","url":"https:\/\/shanabooks.de\/","name":"www.shanbooks.de","description":"C\u00eehana Pirt\u00fbk\u00ean Kurd\u00ee \u0645\u0643\u062a\u0628\u0629 \u0634\u0627\u0646\u0627 \u0641\u064a \u0627\u0644\u0645\u0627\u0646\u064a\u0627 \u0648\u0623\u0648\u0631\u0628\u0627","publisher":{"@id":"https:\/\/shanabooks.de\/#organization"},"potentialAction":[{"@type":"SearchAction","target":{"@type":"EntryPoint","urlTemplate":"https:\/\/shanabooks.de\/?s={search_term_string}"},"query-input":{"@type":"PropertyValueSpecification","valueRequired":true,"valueName":"search_term_string"}}],"inLanguage":"de"},{"@type":"Organization","@id":"https:\/\/shanabooks.de\/#organization","name":"www.shanbooks.de","url":"https:\/\/shanabooks.de\/","logo":{"@type":"ImageObject","inLanguage":"de","@id":"https:\/\/shanabooks.de\/#\/schema\/logo\/image\/","url":"https:\/\/shanabooks.de\/wp-content\/uploads\/2024\/03\/SHANABOOKS__2_-removebg-preview.png","contentUrl":"https:\/\/shanabooks.de\/wp-content\/uploads\/2024\/03\/SHANABOOKS__2_-removebg-preview.png","width":700,"height":150,"caption":"www.shanbooks.de"},"image":{"@id":"https:\/\/shanabooks.de\/#\/schema\/logo\/image\/"}}]}},"jetpack_sharing_enabled":true,"_links":{"self":[{"href":"https:\/\/shanabooks.de\/de\/wp-json\/wp\/v2\/product\/12762","targetHints":{"allow":["GET"]}}],"collection":[{"href":"https:\/\/shanabooks.de\/de\/wp-json\/wp\/v2\/product"}],"about":[{"href":"https:\/\/shanabooks.de\/de\/wp-json\/wp\/v2\/types\/product"}],"version-history":[{"count":3,"href":"https:\/\/shanabooks.de\/de\/wp-json\/wp\/v2\/product\/12762\/revisions"}],"predecessor-version":[{"id":18522,"href":"https:\/\/shanabooks.de\/de\/wp-json\/wp\/v2\/product\/12762\/revisions\/18522"}],"wp:featuredmedia":[{"embeddable":true,"href":"https:\/\/shanabooks.de\/de\/wp-json\/wp\/v2\/media\/12830"}],"wp:attachment":[{"href":"https:\/\/shanabooks.de\/de\/wp-json\/wp\/v2\/media?parent=12762"}],"wp:term":[{"taxonomy":"product_brand","embeddable":true,"href":"https:\/\/shanabooks.de\/de\/wp-json\/wp\/v2\/product_brand?post=12762"},{"taxonomy":"product_cat","embeddable":true,"href":"https:\/\/shanabooks.de\/de\/wp-json\/wp\/v2\/product_cat?post=12762"},{"taxonomy":"product_tag","embeddable":true,"href":"https:\/\/shanabooks.de\/de\/wp-json\/wp\/v2\/product_tag?post=12762"}],"curies":[{"name":"wp","href":"https:\/\/api.w.org\/{rel}","templated":true}]}}