{"id":12792,"date":"2024-03-03T19:46:45","date_gmt":"2024-03-03T19:46:45","guid":{"rendered":"https:\/\/shanabooks.de\/?post_type=product&#038;p=12792"},"modified":"2026-01-02T19:10:13","modified_gmt":"2026-01-02T19:10:13","slug":"miriyen-sade-selim-berekat","status":"publish","type":"product","link":"https:\/\/shanabooks.de\/de\/product\/miriyen-sade-selim-berekat\/","title":{"rendered":"Mir\u00eey\u00ean Sade"},"content":{"rendered":"<p dir=\"ltr\"><strong>Mir\u00eey\u00ean Sade &#8211; Sel\u00eem Berekat<\/strong><\/p>\n<p dir=\"ltr\">Romana Mir\u00eey\u00ean Sade ya Sel\u00eem Berekat ji aliy\u00ea Ebdulah \u015e\u00eaxo ve hatiye wergerandin.<\/p>\n<p dir=\"ltr\">&#8222;Tevina \u015fev\u00ea ji hev ket.<\/p>\n<p dir=\"ltr\">\u015eev sistopisto b\u00fb. Deriz\u00ee.<\/p>\n<p dir=\"ltr\">Herif\u00ee \u00fb belav welav b\u00fb.<\/p>\n<p dir=\"ltr\">Xelek bi xelek hilwe\u015f\u00eeya. \u015eev pelate b\u00fb.<\/p>\n<p dir=\"ltr\">Tevlihev b\u00fb. \u015eev\u00ea aqil\u00ea xwe winda kir.<\/p>\n<p dir=\"ltr\">Dest\u00ea ronah\u00eey\u00ea ew \u2013ziwab\u00fby\u00ee- li ser wer\u00ees\u00ean qorz\u00eek\u00ean hemdem\u00ee hilawist.<\/p>\n<p dir=\"ltr\">Sibeha pay\u00eez\u00ea bi \u00e7ilmis\u00een, di w\u00ea roj\u00ea de, di xaka ork\u00eeda h\u00ea\u015f\u00een de, h\u00ea\u015f\u00een hat.&#8220;<\/p>\n<p dir=\"ltr\">\u201cKur\u00ea min \u00fb heval\u00ean xwe, her \u00e7end rojan, di\u00e7\u00fbn Derya\u00e7eya \u00dbdin\u00ea ya li teni\u015fta Mortiv\u00eek\u00ea da ku ji xwe re n\u00ea\u00e7\u00eera mas\u00eeyan bikin; carek\u00ea min r\u00eahevalt\u00eeya wan kir\u201d, Sel\u00eem Berekat dib\u00eaje.<br \/>\n\u201cEz li ser qurm\u00ea dareke pelix\u00ee r\u00fbni\u015ftim \u00fb min li derya\u00e7ey\u00ea tema\u015fe kir \u00fb li wir, ji ni\u015fka ve, \u00fb bi h\u00eazeke b\u00eahempa, ez t\u00ea gih\u00ee\u015ftim ku ez \u00ead\u00ee nema dikarim vegerim bajar\u00ea xwe Ithakay\u00ea. Od\u00ees\u00eeyos n\u00eaz\u00eek\u00ee deh salan winda ma ber\u00ee ku vegere Ithakay\u00ea \u00fb va ye ez n\u00eaz\u00ee 37 salan winda me. Ji bo min, dem dereng maye. Bi kurtas\u00ee, ez li ber Mortiv\u00eek\u00ea giham kutah\u00eey\u00ea \u00fb ez t\u00ea gih\u00ee\u015ftim ku ez \u00ead\u00ee nema dikarim vegerim wir. Heger w\u00ea b\u00eestek\u00ea k\u00earikek li ba min heb\u00fbya, min d\u00ea reh\u00ean dest\u00ean xwe bibir\u00eena\u201d, Sel\u00eem Berekat, di hevpeyiv\u00eeneke xwe de, v\u00ea kurteromana xwe bi vegotina v\u00ea b\u00fbyer\u00ea rave dike. Pi\u015ft\u00ee her du j\u00eeyannamey\u00ean w\u00ee: \u201cKul\u00eeya Hesin\u00ee\u201d \u00fb \u201cKa Bilind Bike, Deng\u00ea Borezan\u00ea Heta Bi Daw\u00eey\u00ea Bilind Bike!\u201d Em \u00ead\u00ee li ber j\u00eeyannameya der\u00fbn\u00ee ya Sel\u00eem Berekat in. J\u00eeyannameya hest \u00fb bir\u00een\u00ean b\u00eeyanistan\u00ea; j\u00eeyannameya nif\u015fek\u00ee t\u00eak\u00e7\u00fby\u00ee li beranber\u00ee xwenine qerase; j\u00eeyannameya welat\u00ea ku w\u00ee qet ew nas nekiriye. Ma ne ew e y\u00ea ku di hevpeyiv\u00eeneke xwe ya din de weha dib\u00eaje: \u201cMin welat nas nekiriye heta ku ez mi\u015fextey\u00ea nas bikim.\u201d<\/p>\n<p dir=\"ltr\">Zimanek\u00ee herikbar, qay\u00eem \u00fb \u00e7etin; b\u00fbyerine giran \u00fb m\u00eenandinine seyr \u00fb sosret.<\/p>\n<p dir=\"ltr\">Kurteromaneke hewl dide ku wate \u00fb t\u00eagiha b\u00eeyan\u00eet\u00eey\u00ea bipel\u00eene.<br \/>\nKurteromaneke ku xw\u00eener \u015fa\u015f \u00fb mendeho\u015f dim\u00eene li p\u00ea\u015fber\u00ee tevin \u00fb ziman\u00ea w\u00ea.<\/p>\n<p dir=\"ltr\"><em><strong>\u00a0<\/strong><\/em><\/p>\n","protected":false},"excerpt":{"rendered":"<p dir=\"ltr\" style=\"text-align: center\"><strong>Niv\u00eeskar: Sel\u00eem Berekat<br \/>\nPirt\u00fbk: Mir\u00eey\u00ean Sade<br \/>\nCure: Roman<\/strong><\/p>\n","protected":false},"featured_media":12832,"template":"","meta":{"site-sidebar-layout":"default","site-content-layout":"","ast-site-content-layout":"default","site-content-style":"default","site-sidebar-style":"default","ast-global-header-display":"","ast-banner-title-visibility":"","ast-main-header-display":"","ast-hfb-above-header-display":"","ast-hfb-below-header-display":"","ast-hfb-mobile-header-display":"","site-post-title":"","ast-breadcrumbs-content":"","ast-featured-img":"","footer-sml-layout":"","ast-disable-related-posts":"","theme-transparent-header-meta":"default","adv-header-id-meta":"","stick-header-meta":"","header-above-stick-meta":"","header-main-stick-meta":"","header-below-stick-meta":"","astra-migrate-meta-layouts":"set","ast-page-background-enabled":"default","ast-page-background-meta":{"desktop":{"background-color":"","background-image":"","background-repeat":"repeat","background-position":"center center","background-size":"auto","background-attachment":"scroll","background-type":"","background-media":"","overlay-type":"","overlay-color":"","overlay-opacity":"","overlay-gradient":""},"tablet":{"background-color":"","background-image":"","background-repeat":"repeat","background-position":"center center","background-size":"auto","background-attachment":"scroll","background-type":"","background-media":"","overlay-type":"","overlay-color":"","overlay-opacity":"","overlay-gradient":""},"mobile":{"background-color":"","background-image":"","background-repeat":"repeat","background-position":"center center","background-size":"auto","background-attachment":"scroll","background-type":"","background-media":"","overlay-type":"","overlay-color":"","overlay-opacity":"","overlay-gradient":""}},"ast-content-background-meta":{"desktop":{"background-color":"var(--ast-global-color-5)","background-image":"","background-repeat":"repeat","background-position":"center center","background-size":"auto","background-attachment":"scroll","background-type":"","background-media":"","overlay-type":"","overlay-color":"","overlay-opacity":"","overlay-gradient":""},"tablet":{"background-color":"var(--ast-global-color-5)","background-image":"","background-repeat":"repeat","background-position":"center center","background-size":"auto","background-attachment":"scroll","background-type":"","background-media":"","overlay-type":"","overlay-color":"","overlay-opacity":"","overlay-gradient":""},"mobile":{"background-color":"var(--ast-global-color-5)","background-image":"","background-repeat":"repeat","background-position":"center center","background-size":"auto","background-attachment":"scroll","background-type":"","background-media":"","overlay-type":"","overlay-color":"","overlay-opacity":"","overlay-gradient":""}}},"product_brand":[],"product_cat":[185,182,193],"product_tag":[],"class_list":{"0":"post-12792","1":"product","2":"type-product","3":"status-publish","4":"has-post-thumbnail","6":"product_cat--_","7":"product_cat-_","9":"pa_-roman","10":"pa_-wejeye-cihani","11":"pa_-selim-berekat","12":"pa_-kurmanci","13":"pa_--lis-yayinevi","14":"desktop-align-left","15":"tablet-align-left","16":"mobile-align-left","18":"first","19":"instock","20":"shipping-taxable","21":"purchasable","22":"product-type-simple"},"yoast_head":"<!-- This site is optimized with the Yoast SEO plugin v27.5 - https:\/\/yoast.com\/product\/yoast-seo-wordpress\/ -->\n<title>Mir\u00eey\u00ean Sade - Sel\u00eem Berekat - www.shanabooks.de<\/title>\n<meta name=\"description\" content=\"Mir\u00eey\u00ean Sade - Sel\u00eem Berekat \u201cKur\u00ea min \u00fb heval\u00ean xwe, her \u00e7end rojan, di\u00e7\u00fbn Derya\u00e7eya \u00dbdin\u00ea ya li teni\u015fta Mortiv\u00eek\u00ea da ku ji xwe re n\u00ea\u00e7\u00eera mas\u00eeyan bikin...\" \/>\n<meta name=\"robots\" content=\"index, follow, max-snippet:-1, max-image-preview:large, max-video-preview:-1\" \/>\n<link rel=\"canonical\" href=\"https:\/\/shanabooks.de\/product\/miriyen-sade-selim-berekat\/\" \/>\n<meta property=\"og:locale\" content=\"de_DE\" \/>\n<meta property=\"og:type\" content=\"article\" \/>\n<meta property=\"og:title\" content=\"Mir\u00eey\u00ean Sade - Sel\u00eem Berekat - www.shanabooks.de\" \/>\n<meta property=\"og:description\" content=\"Mir\u00eey\u00ean Sade - Sel\u00eem Berekat \u201cKur\u00ea min \u00fb heval\u00ean xwe, her \u00e7end rojan, di\u00e7\u00fbn Derya\u00e7eya \u00dbdin\u00ea ya li teni\u015fta Mortiv\u00eek\u00ea da ku ji xwe re n\u00ea\u00e7\u00eera mas\u00eeyan bikin...\" \/>\n<meta property=\"og:url\" content=\"https:\/\/shanabooks.de\/product\/miriyen-sade-selim-berekat\/\" \/>\n<meta property=\"og:site_name\" content=\"www.shanabooks.de\" \/>\n<meta property=\"article:modified_time\" content=\"2026-01-02T19:10:13+00:00\" \/>\n<meta property=\"og:image\" content=\"https:\/\/shanabooks.de\/wp-content\/uploads\/2024\/03\/Miriyen-Sade-Lis.png\" \/>\n\t<meta property=\"og:image:width\" content=\"303\" \/>\n\t<meta property=\"og:image:height\" content=\"471\" \/>\n\t<meta property=\"og:image:type\" content=\"image\/png\" \/>\n<meta name=\"twitter:card\" content=\"summary_large_image\" \/>\n<meta name=\"twitter:label1\" content=\"Gesch\u00e4tzte Lesezeit\" \/>\n\t<meta name=\"twitter:data1\" content=\"3\u00a0Minuten\" \/>\n<script type=\"application\/ld+json\" class=\"yoast-schema-graph\">{\"@context\":\"https:\\\/\\\/schema.org\",\"@graph\":[{\"@type\":\"WebPage\",\"@id\":\"https:\\\/\\\/shanabooks.de\\\/product\\\/miriyen-sade-selim-berekat\\\/\",\"url\":\"https:\\\/\\\/shanabooks.de\\\/product\\\/miriyen-sade-selim-berekat\\\/\",\"name\":\"Mir\u00eey\u00ean Sade - Sel\u00eem Berekat - www.shanabooks.de\",\"isPartOf\":{\"@id\":\"https:\\\/\\\/shanabooks.de\\\/#website\"},\"primaryImageOfPage\":{\"@id\":\"https:\\\/\\\/shanabooks.de\\\/product\\\/miriyen-sade-selim-berekat\\\/#primaryimage\"},\"image\":{\"@id\":\"https:\\\/\\\/shanabooks.de\\\/product\\\/miriyen-sade-selim-berekat\\\/#primaryimage\"},\"thumbnailUrl\":\"https:\\\/\\\/shanabooks.de\\\/wp-content\\\/uploads\\\/2024\\\/03\\\/Miriyen-Sade-Lis.png\",\"datePublished\":\"2024-03-03T19:46:45+00:00\",\"dateModified\":\"2026-01-02T19:10:13+00:00\",\"description\":\"Mir\u00eey\u00ean Sade - Sel\u00eem Berekat \u201cKur\u00ea min \u00fb heval\u00ean xwe, her \u00e7end rojan, di\u00e7\u00fbn Derya\u00e7eya \u00dbdin\u00ea ya li teni\u015fta Mortiv\u00eek\u00ea da ku ji xwe re n\u00ea\u00e7\u00eera mas\u00eeyan bikin...\",\"breadcrumb\":{\"@id\":\"https:\\\/\\\/shanabooks.de\\\/product\\\/miriyen-sade-selim-berekat\\\/#breadcrumb\"},\"inLanguage\":\"de\",\"potentialAction\":[{\"@type\":\"ReadAction\",\"target\":[\"https:\\\/\\\/shanabooks.de\\\/product\\\/miriyen-sade-selim-berekat\\\/\"]}]},{\"@type\":\"ImageObject\",\"inLanguage\":\"de\",\"@id\":\"https:\\\/\\\/shanabooks.de\\\/product\\\/miriyen-sade-selim-berekat\\\/#primaryimage\",\"url\":\"https:\\\/\\\/shanabooks.de\\\/wp-content\\\/uploads\\\/2024\\\/03\\\/Miriyen-Sade-Lis.png\",\"contentUrl\":\"https:\\\/\\\/shanabooks.de\\\/wp-content\\\/uploads\\\/2024\\\/03\\\/Miriyen-Sade-Lis.png\",\"width\":303,\"height\":471,\"caption\":\"Mir\u00eey\u00ean Sade - Sel\u00eem Berekat - pirt\u00fbk\u00ean kurd\u00ee\"},{\"@type\":\"BreadcrumbList\",\"@id\":\"https:\\\/\\\/shanabooks.de\\\/product\\\/miriyen-sade-selim-berekat\\\/#breadcrumb\",\"itemListElement\":[{\"@type\":\"ListItem\",\"position\":1,\"name\":\"\u0627\u0644\u0631\u0626\u064a\u0633\u064a\u0629\",\"item\":\"https:\\\/\\\/shanabooks.de\\\/de\\\/\"},{\"@type\":\"ListItem\",\"position\":2,\"name\":\"\u0627\u0644\u0645\u0646\u062a\u062c\u0627\u062a\",\"item\":\"https:\\\/\\\/shanabooks.de\\\/shop\\\/\"},{\"@type\":\"ListItem\",\"position\":3,\"name\":\"Mir\u00eey\u00ean Sade\"}]},{\"@type\":\"WebSite\",\"@id\":\"https:\\\/\\\/shanabooks.de\\\/#website\",\"url\":\"https:\\\/\\\/shanabooks.de\\\/\",\"name\":\"www.shanbooks.de\",\"description\":\"C\u00eehana Pirt\u00fbk\u00ean Kurd\u00ee \u0645\u0643\u062a\u0628\u0629 \u0634\u0627\u0646\u0627 \u0641\u064a \u0627\u0644\u0645\u0627\u0646\u064a\u0627 \u0648\u0623\u0648\u0631\u0628\u0627\",\"publisher\":{\"@id\":\"https:\\\/\\\/shanabooks.de\\\/#organization\"},\"potentialAction\":[{\"@type\":\"SearchAction\",\"target\":{\"@type\":\"EntryPoint\",\"urlTemplate\":\"https:\\\/\\\/shanabooks.de\\\/?s={search_term_string}\"},\"query-input\":{\"@type\":\"PropertyValueSpecification\",\"valueRequired\":true,\"valueName\":\"search_term_string\"}}],\"inLanguage\":\"de\"},{\"@type\":\"Organization\",\"@id\":\"https:\\\/\\\/shanabooks.de\\\/#organization\",\"name\":\"www.shanbooks.de\",\"url\":\"https:\\\/\\\/shanabooks.de\\\/\",\"logo\":{\"@type\":\"ImageObject\",\"inLanguage\":\"de\",\"@id\":\"https:\\\/\\\/shanabooks.de\\\/#\\\/schema\\\/logo\\\/image\\\/\",\"url\":\"https:\\\/\\\/shanabooks.de\\\/wp-content\\\/uploads\\\/2024\\\/03\\\/SHANABOOKS__2_-removebg-preview.png\",\"contentUrl\":\"https:\\\/\\\/shanabooks.de\\\/wp-content\\\/uploads\\\/2024\\\/03\\\/SHANABOOKS__2_-removebg-preview.png\",\"width\":700,\"height\":150,\"caption\":\"www.shanbooks.de\"},\"image\":{\"@id\":\"https:\\\/\\\/shanabooks.de\\\/#\\\/schema\\\/logo\\\/image\\\/\"}}]}<\/script>\n<!-- \/ Yoast SEO plugin. -->","yoast_head_json":{"title":"Mir\u00eey\u00ean Sade - Sel\u00eem Berekat - www.shanabooks.de","description":"Mir\u00eey\u00ean Sade - Sel\u00eem Berekat \u201cKur\u00ea min \u00fb heval\u00ean xwe, her \u00e7end rojan, di\u00e7\u00fbn Derya\u00e7eya \u00dbdin\u00ea ya li teni\u015fta Mortiv\u00eek\u00ea da ku ji xwe re n\u00ea\u00e7\u00eera mas\u00eeyan bikin...","robots":{"index":"index","follow":"follow","max-snippet":"max-snippet:-1","max-image-preview":"max-image-preview:large","max-video-preview":"max-video-preview:-1"},"canonical":"https:\/\/shanabooks.de\/product\/miriyen-sade-selim-berekat\/","og_locale":"de_DE","og_type":"article","og_title":"Mir\u00eey\u00ean Sade - Sel\u00eem Berekat - www.shanabooks.de","og_description":"Mir\u00eey\u00ean Sade - Sel\u00eem Berekat \u201cKur\u00ea min \u00fb heval\u00ean xwe, her \u00e7end rojan, di\u00e7\u00fbn Derya\u00e7eya \u00dbdin\u00ea ya li teni\u015fta Mortiv\u00eek\u00ea da ku ji xwe re n\u00ea\u00e7\u00eera mas\u00eeyan bikin...","og_url":"https:\/\/shanabooks.de\/product\/miriyen-sade-selim-berekat\/","og_site_name":"www.shanabooks.de","article_modified_time":"2026-01-02T19:10:13+00:00","og_image":[{"width":303,"height":471,"url":"https:\/\/shanabooks.de\/wp-content\/uploads\/2024\/03\/Miriyen-Sade-Lis.png","type":"image\/png"}],"twitter_card":"summary_large_image","twitter_misc":{"Gesch\u00e4tzte Lesezeit":"3\u00a0Minuten"},"schema":{"@context":"https:\/\/schema.org","@graph":[{"@type":"WebPage","@id":"https:\/\/shanabooks.de\/product\/miriyen-sade-selim-berekat\/","url":"https:\/\/shanabooks.de\/product\/miriyen-sade-selim-berekat\/","name":"Mir\u00eey\u00ean Sade - Sel\u00eem Berekat - www.shanabooks.de","isPartOf":{"@id":"https:\/\/shanabooks.de\/#website"},"primaryImageOfPage":{"@id":"https:\/\/shanabooks.de\/product\/miriyen-sade-selim-berekat\/#primaryimage"},"image":{"@id":"https:\/\/shanabooks.de\/product\/miriyen-sade-selim-berekat\/#primaryimage"},"thumbnailUrl":"https:\/\/shanabooks.de\/wp-content\/uploads\/2024\/03\/Miriyen-Sade-Lis.png","datePublished":"2024-03-03T19:46:45+00:00","dateModified":"2026-01-02T19:10:13+00:00","description":"Mir\u00eey\u00ean Sade - Sel\u00eem Berekat \u201cKur\u00ea min \u00fb heval\u00ean xwe, her \u00e7end rojan, di\u00e7\u00fbn Derya\u00e7eya \u00dbdin\u00ea ya li teni\u015fta Mortiv\u00eek\u00ea da ku ji xwe re n\u00ea\u00e7\u00eera mas\u00eeyan bikin...","breadcrumb":{"@id":"https:\/\/shanabooks.de\/product\/miriyen-sade-selim-berekat\/#breadcrumb"},"inLanguage":"de","potentialAction":[{"@type":"ReadAction","target":["https:\/\/shanabooks.de\/product\/miriyen-sade-selim-berekat\/"]}]},{"@type":"ImageObject","inLanguage":"de","@id":"https:\/\/shanabooks.de\/product\/miriyen-sade-selim-berekat\/#primaryimage","url":"https:\/\/shanabooks.de\/wp-content\/uploads\/2024\/03\/Miriyen-Sade-Lis.png","contentUrl":"https:\/\/shanabooks.de\/wp-content\/uploads\/2024\/03\/Miriyen-Sade-Lis.png","width":303,"height":471,"caption":"Mir\u00eey\u00ean Sade - Sel\u00eem Berekat - pirt\u00fbk\u00ean kurd\u00ee"},{"@type":"BreadcrumbList","@id":"https:\/\/shanabooks.de\/product\/miriyen-sade-selim-berekat\/#breadcrumb","itemListElement":[{"@type":"ListItem","position":1,"name":"\u0627\u0644\u0631\u0626\u064a\u0633\u064a\u0629","item":"https:\/\/shanabooks.de\/de\/"},{"@type":"ListItem","position":2,"name":"\u0627\u0644\u0645\u0646\u062a\u062c\u0627\u062a","item":"https:\/\/shanabooks.de\/shop\/"},{"@type":"ListItem","position":3,"name":"Mir\u00eey\u00ean Sade"}]},{"@type":"WebSite","@id":"https:\/\/shanabooks.de\/#website","url":"https:\/\/shanabooks.de\/","name":"www.shanbooks.de","description":"C\u00eehana Pirt\u00fbk\u00ean Kurd\u00ee \u0645\u0643\u062a\u0628\u0629 \u0634\u0627\u0646\u0627 \u0641\u064a \u0627\u0644\u0645\u0627\u0646\u064a\u0627 \u0648\u0623\u0648\u0631\u0628\u0627","publisher":{"@id":"https:\/\/shanabooks.de\/#organization"},"potentialAction":[{"@type":"SearchAction","target":{"@type":"EntryPoint","urlTemplate":"https:\/\/shanabooks.de\/?s={search_term_string}"},"query-input":{"@type":"PropertyValueSpecification","valueRequired":true,"valueName":"search_term_string"}}],"inLanguage":"de"},{"@type":"Organization","@id":"https:\/\/shanabooks.de\/#organization","name":"www.shanbooks.de","url":"https:\/\/shanabooks.de\/","logo":{"@type":"ImageObject","inLanguage":"de","@id":"https:\/\/shanabooks.de\/#\/schema\/logo\/image\/","url":"https:\/\/shanabooks.de\/wp-content\/uploads\/2024\/03\/SHANABOOKS__2_-removebg-preview.png","contentUrl":"https:\/\/shanabooks.de\/wp-content\/uploads\/2024\/03\/SHANABOOKS__2_-removebg-preview.png","width":700,"height":150,"caption":"www.shanbooks.de"},"image":{"@id":"https:\/\/shanabooks.de\/#\/schema\/logo\/image\/"}}]}},"jetpack_sharing_enabled":true,"_links":{"self":[{"href":"https:\/\/shanabooks.de\/de\/wp-json\/wp\/v2\/product\/12792","targetHints":{"allow":["GET"]}}],"collection":[{"href":"https:\/\/shanabooks.de\/de\/wp-json\/wp\/v2\/product"}],"about":[{"href":"https:\/\/shanabooks.de\/de\/wp-json\/wp\/v2\/types\/product"}],"version-history":[{"count":3,"href":"https:\/\/shanabooks.de\/de\/wp-json\/wp\/v2\/product\/12792\/revisions"}],"predecessor-version":[{"id":18407,"href":"https:\/\/shanabooks.de\/de\/wp-json\/wp\/v2\/product\/12792\/revisions\/18407"}],"wp:featuredmedia":[{"embeddable":true,"href":"https:\/\/shanabooks.de\/de\/wp-json\/wp\/v2\/media\/12832"}],"wp:attachment":[{"href":"https:\/\/shanabooks.de\/de\/wp-json\/wp\/v2\/media?parent=12792"}],"wp:term":[{"taxonomy":"product_brand","embeddable":true,"href":"https:\/\/shanabooks.de\/de\/wp-json\/wp\/v2\/product_brand?post=12792"},{"taxonomy":"product_cat","embeddable":true,"href":"https:\/\/shanabooks.de\/de\/wp-json\/wp\/v2\/product_cat?post=12792"},{"taxonomy":"product_tag","embeddable":true,"href":"https:\/\/shanabooks.de\/de\/wp-json\/wp\/v2\/product_tag?post=12792"}],"curies":[{"name":"wp","href":"https:\/\/api.w.org\/{rel}","templated":true}]}}