{"id":12794,"date":"2024-03-03T19:46:45","date_gmt":"2024-03-03T19:46:45","guid":{"rendered":"https:\/\/shanabooks.de\/?post_type=product&#038;p=12794"},"modified":"2024-04-08T17:41:24","modified_gmt":"2024-04-08T17:41:24","slug":"karten-jiran-zarok","status":"publish","type":"product","link":"https:\/\/shanabooks.de\/de\/product\/karten-jiran-zarok\/","title":{"rendered":"Kart\u00ean j\u00eeran"},"content":{"rendered":"<p dir=\"ltr\"><strong>Kart\u00ean j\u00eeran &#8211; Zarok<\/strong><\/p>\n<p dir=\"ltr\">Ev kart ji bo zarokan pirr ba\u015f in.<\/p>\n<p dir=\"ltr\">Ti\u015ft\u00ean di kartan de:<br \/>\nBi gi\u015ft\u00ee 361 Kart<\/p>\n<p dir=\"ltr\">1- Ajal 42<br \/>\n2- M\u00eawe 17<br \/>\n3- Sebze 14<br \/>\n4- Dibistan 13<br \/>\n5- Bark\u00ea\u015f 8<br \/>\n6- Cil \u00fb Berg 14<br \/>\n7- Xwarin 14<br \/>\n8- vexwarin 5<br \/>\n9- Demsal 4<br \/>\n10- Reng 8<br \/>\n11- Rew\u015fa Heway\u00ea 10<br \/>\n12- Pi\u015fe 30<br \/>\n13- \u015eekl\u00ean Geometrik 11<br \/>\n14- Organ\u00ean Mirov<br \/>\n15- Ti\u015ft 14<br \/>\n16- Mal 32<br \/>\n17- L\u00eaker 59<br \/>\n18- Da\u00e7ek 4<br \/>\n19- T\u00eageh\u00ean Dijber 13<br \/>\n20- Kul\u00eelk 8<br \/>\n21- Hejmar 29<\/p>\n","protected":false},"excerpt":{"rendered":"<p dir=\"ltr\" style=\"text-align: center\"><strong>Nav\u00ea Karton\u00ea: Kart\u00ean j\u00eeran<br \/>\nCure:\u00a0 ji bo zarokan &#8211; F\u00earb\u00fbn<\/strong><\/p>\n","protected":false},"featured_media":5586,"template":"","meta":{"site-sidebar-layout":"default","site-content-layout":"","ast-site-content-layout":"default","site-content-style":"default","site-sidebar-style":"default","ast-global-header-display":"","ast-banner-title-visibility":"","ast-main-header-display":"","ast-hfb-above-header-display":"","ast-hfb-below-header-display":"","ast-hfb-mobile-header-display":"","site-post-title":"","ast-breadcrumbs-content":"","ast-featured-img":"","footer-sml-layout":"","ast-disable-related-posts":"","theme-transparent-header-meta":"default","adv-header-id-meta":"","stick-header-meta":"","header-above-stick-meta":"","header-main-stick-meta":"","header-below-stick-meta":"","astra-migrate-meta-layouts":"set","ast-page-background-enabled":"default","ast-page-background-meta":{"desktop":{"background-color":"","background-image":"","background-repeat":"repeat","background-position":"center center","background-size":"auto","background-attachment":"scroll","background-type":"","background-media":"","overlay-type":"","overlay-color":"","overlay-opacity":"","overlay-gradient":""},"tablet":{"background-color":"","background-image":"","background-repeat":"repeat","background-position":"center center","background-size":"auto","background-attachment":"scroll","background-type":"","background-media":"","overlay-type":"","overlay-color":"","overlay-opacity":"","overlay-gradient":""},"mobile":{"background-color":"","background-image":"","background-repeat":"repeat","background-position":"center center","background-size":"auto","background-attachment":"scroll","background-type":"","background-media":"","overlay-type":"","overlay-color":"","overlay-opacity":"","overlay-gradient":""}},"ast-content-background-meta":{"desktop":{"background-color":"var(--ast-global-color-5)","background-image":"","background-repeat":"repeat","background-position":"center center","background-size":"auto","background-attachment":"scroll","background-type":"","background-media":"","overlay-type":"","overlay-color":"","overlay-opacity":"","overlay-gradient":""},"tablet":{"background-color":"var(--ast-global-color-5)","background-image":"","background-repeat":"repeat","background-position":"center center","background-size":"auto","background-attachment":"scroll","background-type":"","background-media":"","overlay-type":"","overlay-color":"","overlay-opacity":"","overlay-gradient":""},"mobile":{"background-color":"var(--ast-global-color-5)","background-image":"","background-repeat":"repeat","background-position":"center center","background-size":"auto","background-attachment":"scroll","background-type":"","background-media":"","overlay-type":"","overlay-color":"","overlay-opacity":"","overlay-gradient":""}}},"product_brand":[],"product_cat":[194,193],"product_tag":[],"class_list":{"0":"post-12794","1":"product","2":"type-product","3":"status-publish","4":"has-post-thumbnail","6":"product_cat--_","8":"desktop-align-left","9":"tablet-align-left","10":"mobile-align-left","12":"first","13":"outofstock","14":"shipping-taxable","15":"purchasable","16":"product-type-simple"},"yoast_head":"<!-- This site is optimized with the Yoast SEO plugin v27.4 - https:\/\/yoast.com\/product\/yoast-seo-wordpress\/ -->\n<title>Kart\u00ean j\u00eeran - Zarok - www.shanabooks.de<\/title>\n<meta name=\"description\" content=\"Kart\u00ean j\u00eeran - Zarok Ev kart ji bo zarokan pirr ba\u015f in. Ti\u015ft\u00ean di kartan de: Bi gi\u015ft\u00ee 361 Kart www.shanabooks.de - Kart\u00ean j\u00eeran ...\" \/>\n<meta name=\"robots\" content=\"index, follow, max-snippet:-1, max-image-preview:large, max-video-preview:-1\" \/>\n<link rel=\"canonical\" href=\"https:\/\/shanabooks.de\/product\/karten-jiran-zarok\/\" \/>\n<meta property=\"og:locale\" content=\"de_DE\" \/>\n<meta property=\"og:type\" content=\"article\" \/>\n<meta property=\"og:title\" content=\"Kart\u00ean j\u00eeran - Zarok - www.shanabooks.de\" \/>\n<meta property=\"og:description\" content=\"Kart\u00ean j\u00eeran - Zarok Ev kart ji bo zarokan pirr ba\u015f in. Ti\u015ft\u00ean di kartan de: Bi gi\u015ft\u00ee 361 Kart www.shanabooks.de - Kart\u00ean j\u00eeran ...\" \/>\n<meta property=\"og:url\" content=\"https:\/\/shanabooks.de\/product\/karten-jiran-zarok\/\" \/>\n<meta property=\"og:site_name\" content=\"www.shanabooks.de\" \/>\n<meta property=\"article:modified_time\" content=\"2024-04-08T17:41:24+00:00\" \/>\n<meta property=\"og:image\" content=\"https:\/\/shanabooks.de\/wp-content\/uploads\/2024\/01\/Karten-Jiran.jpg\" \/>\n\t<meta property=\"og:image:width\" content=\"900\" \/>\n\t<meta property=\"og:image:height\" content=\"886\" \/>\n\t<meta property=\"og:image:type\" content=\"image\/jpeg\" \/>\n<meta name=\"twitter:card\" content=\"summary_large_image\" \/>\n<meta name=\"twitter:label1\" content=\"Gesch\u00e4tzte Lesezeit\" \/>\n\t<meta name=\"twitter:data1\" content=\"1\u00a0Minute\" \/>\n<script type=\"application\/ld+json\" class=\"yoast-schema-graph\">{\"@context\":\"https:\\\/\\\/schema.org\",\"@graph\":[{\"@type\":\"WebPage\",\"@id\":\"https:\\\/\\\/shanabooks.de\\\/product\\\/karten-jiran-zarok\\\/\",\"url\":\"https:\\\/\\\/shanabooks.de\\\/product\\\/karten-jiran-zarok\\\/\",\"name\":\"Kart\u00ean j\u00eeran - Zarok - www.shanabooks.de\",\"isPartOf\":{\"@id\":\"https:\\\/\\\/shanabooks.de\\\/#website\"},\"primaryImageOfPage\":{\"@id\":\"https:\\\/\\\/shanabooks.de\\\/product\\\/karten-jiran-zarok\\\/#primaryimage\"},\"image\":{\"@id\":\"https:\\\/\\\/shanabooks.de\\\/product\\\/karten-jiran-zarok\\\/#primaryimage\"},\"thumbnailUrl\":\"https:\\\/\\\/shanabooks.de\\\/wp-content\\\/uploads\\\/2024\\\/01\\\/Karten-Jiran.jpg\",\"datePublished\":\"2024-03-03T19:46:45+00:00\",\"dateModified\":\"2024-04-08T17:41:24+00:00\",\"description\":\"Kart\u00ean j\u00eeran - Zarok Ev kart ji bo zarokan pirr ba\u015f in. Ti\u015ft\u00ean di kartan de: Bi gi\u015ft\u00ee 361 Kart www.shanabooks.de - Kart\u00ean j\u00eeran ...\",\"breadcrumb\":{\"@id\":\"https:\\\/\\\/shanabooks.de\\\/product\\\/karten-jiran-zarok\\\/#breadcrumb\"},\"inLanguage\":\"de\",\"potentialAction\":[{\"@type\":\"ReadAction\",\"target\":[\"https:\\\/\\\/shanabooks.de\\\/product\\\/karten-jiran-zarok\\\/\"]}]},{\"@type\":\"ImageObject\",\"inLanguage\":\"de\",\"@id\":\"https:\\\/\\\/shanabooks.de\\\/product\\\/karten-jiran-zarok\\\/#primaryimage\",\"url\":\"https:\\\/\\\/shanabooks.de\\\/wp-content\\\/uploads\\\/2024\\\/01\\\/Karten-Jiran.jpg\",\"contentUrl\":\"https:\\\/\\\/shanabooks.de\\\/wp-content\\\/uploads\\\/2024\\\/01\\\/Karten-Jiran.jpg\",\"width\":900,\"height\":886,\"caption\":\"Kart\u00ean j\u00eeran - Zarok - pirt\u00fbk\u00ean kurd\u00ee\"},{\"@type\":\"BreadcrumbList\",\"@id\":\"https:\\\/\\\/shanabooks.de\\\/product\\\/karten-jiran-zarok\\\/#breadcrumb\",\"itemListElement\":[{\"@type\":\"ListItem\",\"position\":1,\"name\":\"\u0627\u0644\u0631\u0626\u064a\u0633\u064a\u0629\",\"item\":\"https:\\\/\\\/shanabooks.de\\\/de\\\/\"},{\"@type\":\"ListItem\",\"position\":2,\"name\":\"\u0627\u0644\u0645\u0646\u062a\u062c\u0627\u062a\",\"item\":\"https:\\\/\\\/shanabooks.de\\\/shop\\\/\"},{\"@type\":\"ListItem\",\"position\":3,\"name\":\"Kart\u00ean j\u00eeran\"}]},{\"@type\":\"WebSite\",\"@id\":\"https:\\\/\\\/shanabooks.de\\\/#website\",\"url\":\"https:\\\/\\\/shanabooks.de\\\/\",\"name\":\"www.shanbooks.de\",\"description\":\"C\u00eehana Pirt\u00fbk\u00ean Kurd\u00ee \u0645\u0643\u062a\u0628\u0629 \u0634\u0627\u0646\u0627 \u0641\u064a \u0627\u0644\u0645\u0627\u0646\u064a\u0627 \u0648\u0623\u0648\u0631\u0628\u0627\",\"publisher\":{\"@id\":\"https:\\\/\\\/shanabooks.de\\\/#organization\"},\"potentialAction\":[{\"@type\":\"SearchAction\",\"target\":{\"@type\":\"EntryPoint\",\"urlTemplate\":\"https:\\\/\\\/shanabooks.de\\\/?s={search_term_string}\"},\"query-input\":{\"@type\":\"PropertyValueSpecification\",\"valueRequired\":true,\"valueName\":\"search_term_string\"}}],\"inLanguage\":\"de\"},{\"@type\":\"Organization\",\"@id\":\"https:\\\/\\\/shanabooks.de\\\/#organization\",\"name\":\"www.shanbooks.de\",\"url\":\"https:\\\/\\\/shanabooks.de\\\/\",\"logo\":{\"@type\":\"ImageObject\",\"inLanguage\":\"de\",\"@id\":\"https:\\\/\\\/shanabooks.de\\\/#\\\/schema\\\/logo\\\/image\\\/\",\"url\":\"https:\\\/\\\/shanabooks.de\\\/wp-content\\\/uploads\\\/2024\\\/03\\\/SHANABOOKS__2_-removebg-preview.png\",\"contentUrl\":\"https:\\\/\\\/shanabooks.de\\\/wp-content\\\/uploads\\\/2024\\\/03\\\/SHANABOOKS__2_-removebg-preview.png\",\"width\":700,\"height\":150,\"caption\":\"www.shanbooks.de\"},\"image\":{\"@id\":\"https:\\\/\\\/shanabooks.de\\\/#\\\/schema\\\/logo\\\/image\\\/\"}}]}<\/script>\n<!-- \/ Yoast SEO plugin. -->","yoast_head_json":{"title":"Kart\u00ean j\u00eeran - Zarok - www.shanabooks.de","description":"Kart\u00ean j\u00eeran - Zarok Ev kart ji bo zarokan pirr ba\u015f in. Ti\u015ft\u00ean di kartan de: Bi gi\u015ft\u00ee 361 Kart www.shanabooks.de - Kart\u00ean j\u00eeran ...","robots":{"index":"index","follow":"follow","max-snippet":"max-snippet:-1","max-image-preview":"max-image-preview:large","max-video-preview":"max-video-preview:-1"},"canonical":"https:\/\/shanabooks.de\/product\/karten-jiran-zarok\/","og_locale":"de_DE","og_type":"article","og_title":"Kart\u00ean j\u00eeran - Zarok - www.shanabooks.de","og_description":"Kart\u00ean j\u00eeran - Zarok Ev kart ji bo zarokan pirr ba\u015f in. Ti\u015ft\u00ean di kartan de: Bi gi\u015ft\u00ee 361 Kart www.shanabooks.de - Kart\u00ean j\u00eeran ...","og_url":"https:\/\/shanabooks.de\/product\/karten-jiran-zarok\/","og_site_name":"www.shanabooks.de","article_modified_time":"2024-04-08T17:41:24+00:00","og_image":[{"width":900,"height":886,"url":"https:\/\/shanabooks.de\/wp-content\/uploads\/2024\/01\/Karten-Jiran.jpg","type":"image\/jpeg"}],"twitter_card":"summary_large_image","twitter_misc":{"Gesch\u00e4tzte Lesezeit":"1\u00a0Minute"},"schema":{"@context":"https:\/\/schema.org","@graph":[{"@type":"WebPage","@id":"https:\/\/shanabooks.de\/product\/karten-jiran-zarok\/","url":"https:\/\/shanabooks.de\/product\/karten-jiran-zarok\/","name":"Kart\u00ean j\u00eeran - Zarok - www.shanabooks.de","isPartOf":{"@id":"https:\/\/shanabooks.de\/#website"},"primaryImageOfPage":{"@id":"https:\/\/shanabooks.de\/product\/karten-jiran-zarok\/#primaryimage"},"image":{"@id":"https:\/\/shanabooks.de\/product\/karten-jiran-zarok\/#primaryimage"},"thumbnailUrl":"https:\/\/shanabooks.de\/wp-content\/uploads\/2024\/01\/Karten-Jiran.jpg","datePublished":"2024-03-03T19:46:45+00:00","dateModified":"2024-04-08T17:41:24+00:00","description":"Kart\u00ean j\u00eeran - Zarok Ev kart ji bo zarokan pirr ba\u015f in. Ti\u015ft\u00ean di kartan de: Bi gi\u015ft\u00ee 361 Kart www.shanabooks.de - Kart\u00ean j\u00eeran ...","breadcrumb":{"@id":"https:\/\/shanabooks.de\/product\/karten-jiran-zarok\/#breadcrumb"},"inLanguage":"de","potentialAction":[{"@type":"ReadAction","target":["https:\/\/shanabooks.de\/product\/karten-jiran-zarok\/"]}]},{"@type":"ImageObject","inLanguage":"de","@id":"https:\/\/shanabooks.de\/product\/karten-jiran-zarok\/#primaryimage","url":"https:\/\/shanabooks.de\/wp-content\/uploads\/2024\/01\/Karten-Jiran.jpg","contentUrl":"https:\/\/shanabooks.de\/wp-content\/uploads\/2024\/01\/Karten-Jiran.jpg","width":900,"height":886,"caption":"Kart\u00ean j\u00eeran - Zarok - pirt\u00fbk\u00ean kurd\u00ee"},{"@type":"BreadcrumbList","@id":"https:\/\/shanabooks.de\/product\/karten-jiran-zarok\/#breadcrumb","itemListElement":[{"@type":"ListItem","position":1,"name":"\u0627\u0644\u0631\u0626\u064a\u0633\u064a\u0629","item":"https:\/\/shanabooks.de\/de\/"},{"@type":"ListItem","position":2,"name":"\u0627\u0644\u0645\u0646\u062a\u062c\u0627\u062a","item":"https:\/\/shanabooks.de\/shop\/"},{"@type":"ListItem","position":3,"name":"Kart\u00ean j\u00eeran"}]},{"@type":"WebSite","@id":"https:\/\/shanabooks.de\/#website","url":"https:\/\/shanabooks.de\/","name":"www.shanbooks.de","description":"C\u00eehana Pirt\u00fbk\u00ean Kurd\u00ee \u0645\u0643\u062a\u0628\u0629 \u0634\u0627\u0646\u0627 \u0641\u064a \u0627\u0644\u0645\u0627\u0646\u064a\u0627 \u0648\u0623\u0648\u0631\u0628\u0627","publisher":{"@id":"https:\/\/shanabooks.de\/#organization"},"potentialAction":[{"@type":"SearchAction","target":{"@type":"EntryPoint","urlTemplate":"https:\/\/shanabooks.de\/?s={search_term_string}"},"query-input":{"@type":"PropertyValueSpecification","valueRequired":true,"valueName":"search_term_string"}}],"inLanguage":"de"},{"@type":"Organization","@id":"https:\/\/shanabooks.de\/#organization","name":"www.shanbooks.de","url":"https:\/\/shanabooks.de\/","logo":{"@type":"ImageObject","inLanguage":"de","@id":"https:\/\/shanabooks.de\/#\/schema\/logo\/image\/","url":"https:\/\/shanabooks.de\/wp-content\/uploads\/2024\/03\/SHANABOOKS__2_-removebg-preview.png","contentUrl":"https:\/\/shanabooks.de\/wp-content\/uploads\/2024\/03\/SHANABOOKS__2_-removebg-preview.png","width":700,"height":150,"caption":"www.shanbooks.de"},"image":{"@id":"https:\/\/shanabooks.de\/#\/schema\/logo\/image\/"}}]}},"jetpack_sharing_enabled":true,"_links":{"self":[{"href":"https:\/\/shanabooks.de\/de\/wp-json\/wp\/v2\/product\/12794","targetHints":{"allow":["GET"]}}],"collection":[{"href":"https:\/\/shanabooks.de\/de\/wp-json\/wp\/v2\/product"}],"about":[{"href":"https:\/\/shanabooks.de\/de\/wp-json\/wp\/v2\/types\/product"}],"version-history":[{"count":2,"href":"https:\/\/shanabooks.de\/de\/wp-json\/wp\/v2\/product\/12794\/revisions"}],"predecessor-version":[{"id":23373,"href":"https:\/\/shanabooks.de\/de\/wp-json\/wp\/v2\/product\/12794\/revisions\/23373"}],"wp:featuredmedia":[{"embeddable":true,"href":"https:\/\/shanabooks.de\/de\/wp-json\/wp\/v2\/media\/5586"}],"wp:attachment":[{"href":"https:\/\/shanabooks.de\/de\/wp-json\/wp\/v2\/media?parent=12794"}],"wp:term":[{"taxonomy":"product_brand","embeddable":true,"href":"https:\/\/shanabooks.de\/de\/wp-json\/wp\/v2\/product_brand?post=12794"},{"taxonomy":"product_cat","embeddable":true,"href":"https:\/\/shanabooks.de\/de\/wp-json\/wp\/v2\/product_cat?post=12794"},{"taxonomy":"product_tag","embeddable":true,"href":"https:\/\/shanabooks.de\/de\/wp-json\/wp\/v2\/product_tag?post=12794"}],"curies":[{"name":"wp","href":"https:\/\/api.w.org\/{rel}","templated":true}]}}