{"id":12804,"date":"2024-03-03T19:46:46","date_gmt":"2024-03-03T19:46:46","guid":{"rendered":"https:\/\/shanabooks.de\/?post_type=product&#038;p=12804"},"modified":"2025-12-30T22:31:59","modified_gmt":"2025-12-30T22:31:59","slug":"kiteba-sale-hesene-mete","status":"publish","type":"product","link":"https:\/\/shanabooks.de\/de\/product\/kiteba-sale-hesene-mete\/","title":{"rendered":"Kit\u00eaba Sal\u00ea"},"content":{"rendered":"<p dir=\"ltr\"><strong>Kit\u00eaba Sal\u00ea &#8211; Hesen\u00ea Met\u00ea<\/strong><\/p>\n<p dir=\"ltr\"><span style=\"font-family: Verdana\">Ax\u00eafer\u00ea kom\u00eeteya xelat\u00ea ev serp\u00eahat\u00ee \u00fb xwendina w\u00ea qedand.\u00a0 Pi\u015ft\u00ee bih\u00eestina ev\u00ea b\u00fbyer\u00ea h\u00ees\u00ean tevlihev li min rab\u00fbn&#8230; gelek\u00ee tevlihev. Ez di cih\u00ea xwe de sar \u00fb germ b\u00fbm \u00fb xemg\u00een ketim&#8230;\u00a0 z\u00eade xemg\u00een b\u00fbm \u00fb salona \u015feva xelat\u00ea j\u00ee b\u00eadeng. Deng ji kesek\u00ee derneket, li \u00e7epikan j\u00ee nexistin. Ax\u00eafer\u00ea kom\u00eetey\u00ea li j\u00eara maseya p\u00ea\u015f xwe xwar b\u00fb, qevdek gul bilind kir \u00fb got:<\/span><\/p>\n<p dir=\"ltr\"><span style=\"font-family: Verdana\">\u2013 Gel\u00ee m\u00eavan\u00ean ez\u00eez!.. We guhdariya ev\u00ea serp\u00eahatiya Merwan\u00ea \u00ces\u00ea kir: w\u00ee ji niv\u00eeskar \u00fb kit\u00eab\u00ean wan hez kiriye. \u00db bi v\u00ea tevgera w\u00ee, me j\u00ee ji Merwan\u00ea \u00ces\u00ea hez kir, me ji ev\u00ea p\u00ea\u015fniyara w\u00ee\u00a0hez kir \u00fb me li hev kir ku ji \u00eesal \u00fb p\u00ea ve, em hersal bi nav\u00ea Xelata meta min xelatek\u00ea bidin kit\u00eabek\u00ea. \u00db di day\u00eena xelat\u00ea de j\u00ee, em \u00ea hersal ev\u00ea serp\u00eahatiy\u00ea weke b\u00eeran\u00eena v\u00ea xelat\u00ea bixw\u00eenin. Loma me xwend.<\/span><\/p>\n<p dir=\"ltr\">pirt\u00fbka Kit\u00eaba Sal\u00ea ya Hesen\u00ea Met\u00ea ya ku wek Roman hatiye niv\u00ees\u00een, ji we\u015fan\u00ean Avesta derketiye.<\/p>\n","protected":false},"excerpt":{"rendered":"<p dir=\"ltr\" style=\"text-align: center\"><strong>Niv\u00eesakr: Hesen\u00ea Met\u00ea<br \/>\nPirt\u00fbk: Kit\u00eaba Sal\u00ea<br \/>\nCure: Roman<\/strong><\/p>\n","protected":false},"featured_media":12868,"template":"","meta":{"site-sidebar-layout":"default","site-content-layout":"","ast-site-content-layout":"default","site-content-style":"default","site-sidebar-style":"default","ast-global-header-display":"","ast-banner-title-visibility":"","ast-main-header-display":"","ast-hfb-above-header-display":"","ast-hfb-below-header-display":"","ast-hfb-mobile-header-display":"","site-post-title":"","ast-breadcrumbs-content":"","ast-featured-img":"","footer-sml-layout":"","ast-disable-related-posts":"","theme-transparent-header-meta":"default","adv-header-id-meta":"","stick-header-meta":"","header-above-stick-meta":"","header-main-stick-meta":"","header-below-stick-meta":"","astra-migrate-meta-layouts":"set","ast-page-background-enabled":"default","ast-page-background-meta":{"desktop":{"background-color":"","background-image":"","background-repeat":"repeat","background-position":"center center","background-size":"auto","background-attachment":"scroll","background-type":"","background-media":"","overlay-type":"","overlay-color":"","overlay-opacity":"","overlay-gradient":""},"tablet":{"background-color":"","background-image":"","background-repeat":"repeat","background-position":"center center","background-size":"auto","background-attachment":"scroll","background-type":"","background-media":"","overlay-type":"","overlay-color":"","overlay-opacity":"","overlay-gradient":""},"mobile":{"background-color":"","background-image":"","background-repeat":"repeat","background-position":"center center","background-size":"auto","background-attachment":"scroll","background-type":"","background-media":"","overlay-type":"","overlay-color":"","overlay-opacity":"","overlay-gradient":""}},"ast-content-background-meta":{"desktop":{"background-color":"var(--ast-global-color-5)","background-image":"","background-repeat":"repeat","background-position":"center center","background-size":"auto","background-attachment":"scroll","background-type":"","background-media":"","overlay-type":"","overlay-color":"","overlay-opacity":"","overlay-gradient":""},"tablet":{"background-color":"var(--ast-global-color-5)","background-image":"","background-repeat":"repeat","background-position":"center center","background-size":"auto","background-attachment":"scroll","background-type":"","background-media":"","overlay-type":"","overlay-color":"","overlay-opacity":"","overlay-gradient":""},"mobile":{"background-color":"var(--ast-global-color-5)","background-image":"","background-repeat":"repeat","background-position":"center center","background-size":"auto","background-attachment":"scroll","background-type":"","background-media":"","overlay-type":"","overlay-color":"","overlay-opacity":"","overlay-gradient":""}}},"product_brand":[],"product_cat":[182,193],"product_tag":[],"class_list":{"0":"post-12804","1":"product","2":"type-product","3":"status-publish","4":"has-post-thumbnail","6":"product_cat-_","7":"product_cat--_","8":"pa_-roman","9":"pa_-hesene-mete","10":"pa_-kurmanci","11":"pa_--avesta-yayinlari","12":"desktop-align-left","13":"tablet-align-left","14":"mobile-align-left","16":"first","17":"instock","18":"shipping-taxable","19":"purchasable","20":"product-type-simple"},"yoast_head":"<!-- This site is optimized with the Yoast SEO plugin v27.4 - https:\/\/yoast.com\/product\/yoast-seo-wordpress\/ -->\n<title>Kit\u00eaba Sal\u00ea - Hesen\u00ea Met\u00ea - www.shanabooks.de<\/title>\n<meta name=\"description\" content=\"Kit\u00eaba Sal\u00ea - Hesen\u00ea Met\u00ea Ax\u00eafer\u00ea kom\u00eeteya xelat\u00ea ev serp\u00eahat\u00ee \u00fb xwendina w\u00ea qedand.\u00a0 Pi\u015ft\u00ee bih\u00eestina ev\u00ea b\u00fbyer\u00ea h\u00ees\u00ean tevlihev li min rab\u00fbn...\" \/>\n<meta name=\"robots\" content=\"index, follow, max-snippet:-1, max-image-preview:large, max-video-preview:-1\" \/>\n<link rel=\"canonical\" href=\"https:\/\/shanabooks.de\/product\/kiteba-sale-hesene-mete\/\" \/>\n<meta property=\"og:locale\" content=\"de_DE\" \/>\n<meta property=\"og:type\" content=\"article\" \/>\n<meta property=\"og:title\" content=\"Kit\u00eaba Sal\u00ea - Hesen\u00ea Met\u00ea - www.shanabooks.de\" \/>\n<meta property=\"og:description\" content=\"Kit\u00eaba Sal\u00ea - Hesen\u00ea Met\u00ea Ax\u00eafer\u00ea kom\u00eeteya xelat\u00ea ev serp\u00eahat\u00ee \u00fb xwendina w\u00ea qedand.\u00a0 Pi\u015ft\u00ee bih\u00eestina ev\u00ea b\u00fbyer\u00ea h\u00ees\u00ean tevlihev li min rab\u00fbn...\" \/>\n<meta property=\"og:url\" content=\"https:\/\/shanabooks.de\/product\/kiteba-sale-hesene-mete\/\" \/>\n<meta property=\"og:site_name\" content=\"www.shanabooks.de\" \/>\n<meta property=\"article:modified_time\" content=\"2025-12-30T22:31:59+00:00\" \/>\n<meta property=\"og:image\" content=\"https:\/\/shanabooks.de\/wp-content\/uploads\/2024\/03\/kiteba-sale.jpg\" \/>\n\t<meta property=\"og:image:width\" content=\"592\" \/>\n\t<meta property=\"og:image:height\" content=\"900\" \/>\n\t<meta property=\"og:image:type\" content=\"image\/jpeg\" \/>\n<meta name=\"twitter:card\" content=\"summary_large_image\" \/>\n<meta name=\"twitter:label1\" content=\"Gesch\u00e4tzte Lesezeit\" \/>\n\t<meta name=\"twitter:data1\" content=\"2\u00a0Minuten\" \/>\n<script type=\"application\/ld+json\" class=\"yoast-schema-graph\">{\"@context\":\"https:\\\/\\\/schema.org\",\"@graph\":[{\"@type\":\"WebPage\",\"@id\":\"https:\\\/\\\/shanabooks.de\\\/product\\\/kiteba-sale-hesene-mete\\\/\",\"url\":\"https:\\\/\\\/shanabooks.de\\\/product\\\/kiteba-sale-hesene-mete\\\/\",\"name\":\"Kit\u00eaba Sal\u00ea - Hesen\u00ea Met\u00ea - www.shanabooks.de\",\"isPartOf\":{\"@id\":\"https:\\\/\\\/shanabooks.de\\\/#website\"},\"primaryImageOfPage\":{\"@id\":\"https:\\\/\\\/shanabooks.de\\\/product\\\/kiteba-sale-hesene-mete\\\/#primaryimage\"},\"image\":{\"@id\":\"https:\\\/\\\/shanabooks.de\\\/product\\\/kiteba-sale-hesene-mete\\\/#primaryimage\"},\"thumbnailUrl\":\"https:\\\/\\\/shanabooks.de\\\/wp-content\\\/uploads\\\/2024\\\/03\\\/kiteba-sale.jpg\",\"datePublished\":\"2024-03-03T19:46:46+00:00\",\"dateModified\":\"2025-12-30T22:31:59+00:00\",\"description\":\"Kit\u00eaba Sal\u00ea - Hesen\u00ea Met\u00ea Ax\u00eafer\u00ea kom\u00eeteya xelat\u00ea ev serp\u00eahat\u00ee \u00fb xwendina w\u00ea qedand.\u00a0 Pi\u015ft\u00ee bih\u00eestina ev\u00ea b\u00fbyer\u00ea h\u00ees\u00ean tevlihev li min rab\u00fbn...\",\"breadcrumb\":{\"@id\":\"https:\\\/\\\/shanabooks.de\\\/product\\\/kiteba-sale-hesene-mete\\\/#breadcrumb\"},\"inLanguage\":\"de\",\"potentialAction\":[{\"@type\":\"ReadAction\",\"target\":[\"https:\\\/\\\/shanabooks.de\\\/product\\\/kiteba-sale-hesene-mete\\\/\"]}]},{\"@type\":\"ImageObject\",\"inLanguage\":\"de\",\"@id\":\"https:\\\/\\\/shanabooks.de\\\/product\\\/kiteba-sale-hesene-mete\\\/#primaryimage\",\"url\":\"https:\\\/\\\/shanabooks.de\\\/wp-content\\\/uploads\\\/2024\\\/03\\\/kiteba-sale.jpg\",\"contentUrl\":\"https:\\\/\\\/shanabooks.de\\\/wp-content\\\/uploads\\\/2024\\\/03\\\/kiteba-sale.jpg\",\"width\":592,\"height\":900,\"caption\":\"Kit\u00eaba Sal\u00ea - Hesen\u00ea Met\u00ea - pirt\u00fbk\u00ean kurd\u00ee\"},{\"@type\":\"BreadcrumbList\",\"@id\":\"https:\\\/\\\/shanabooks.de\\\/product\\\/kiteba-sale-hesene-mete\\\/#breadcrumb\",\"itemListElement\":[{\"@type\":\"ListItem\",\"position\":1,\"name\":\"\u0627\u0644\u0631\u0626\u064a\u0633\u064a\u0629\",\"item\":\"https:\\\/\\\/shanabooks.de\\\/de\\\/\"},{\"@type\":\"ListItem\",\"position\":2,\"name\":\"\u0627\u0644\u0645\u0646\u062a\u062c\u0627\u062a\",\"item\":\"https:\\\/\\\/shanabooks.de\\\/shop\\\/\"},{\"@type\":\"ListItem\",\"position\":3,\"name\":\"Kit\u00eaba Sal\u00ea\"}]},{\"@type\":\"WebSite\",\"@id\":\"https:\\\/\\\/shanabooks.de\\\/#website\",\"url\":\"https:\\\/\\\/shanabooks.de\\\/\",\"name\":\"www.shanbooks.de\",\"description\":\"C\u00eehana Pirt\u00fbk\u00ean Kurd\u00ee \u0645\u0643\u062a\u0628\u0629 \u0634\u0627\u0646\u0627 \u0641\u064a \u0627\u0644\u0645\u0627\u0646\u064a\u0627 \u0648\u0623\u0648\u0631\u0628\u0627\",\"publisher\":{\"@id\":\"https:\\\/\\\/shanabooks.de\\\/#organization\"},\"potentialAction\":[{\"@type\":\"SearchAction\",\"target\":{\"@type\":\"EntryPoint\",\"urlTemplate\":\"https:\\\/\\\/shanabooks.de\\\/?s={search_term_string}\"},\"query-input\":{\"@type\":\"PropertyValueSpecification\",\"valueRequired\":true,\"valueName\":\"search_term_string\"}}],\"inLanguage\":\"de\"},{\"@type\":\"Organization\",\"@id\":\"https:\\\/\\\/shanabooks.de\\\/#organization\",\"name\":\"www.shanbooks.de\",\"url\":\"https:\\\/\\\/shanabooks.de\\\/\",\"logo\":{\"@type\":\"ImageObject\",\"inLanguage\":\"de\",\"@id\":\"https:\\\/\\\/shanabooks.de\\\/#\\\/schema\\\/logo\\\/image\\\/\",\"url\":\"https:\\\/\\\/shanabooks.de\\\/wp-content\\\/uploads\\\/2024\\\/03\\\/SHANABOOKS__2_-removebg-preview.png\",\"contentUrl\":\"https:\\\/\\\/shanabooks.de\\\/wp-content\\\/uploads\\\/2024\\\/03\\\/SHANABOOKS__2_-removebg-preview.png\",\"width\":700,\"height\":150,\"caption\":\"www.shanbooks.de\"},\"image\":{\"@id\":\"https:\\\/\\\/shanabooks.de\\\/#\\\/schema\\\/logo\\\/image\\\/\"}}]}<\/script>\n<!-- \/ Yoast SEO plugin. -->","yoast_head_json":{"title":"Kit\u00eaba Sal\u00ea - Hesen\u00ea Met\u00ea - www.shanabooks.de","description":"Kit\u00eaba Sal\u00ea - Hesen\u00ea Met\u00ea Ax\u00eafer\u00ea kom\u00eeteya xelat\u00ea ev serp\u00eahat\u00ee \u00fb xwendina w\u00ea qedand.\u00a0 Pi\u015ft\u00ee bih\u00eestina ev\u00ea b\u00fbyer\u00ea h\u00ees\u00ean tevlihev li min rab\u00fbn...","robots":{"index":"index","follow":"follow","max-snippet":"max-snippet:-1","max-image-preview":"max-image-preview:large","max-video-preview":"max-video-preview:-1"},"canonical":"https:\/\/shanabooks.de\/product\/kiteba-sale-hesene-mete\/","og_locale":"de_DE","og_type":"article","og_title":"Kit\u00eaba Sal\u00ea - Hesen\u00ea Met\u00ea - www.shanabooks.de","og_description":"Kit\u00eaba Sal\u00ea - Hesen\u00ea Met\u00ea Ax\u00eafer\u00ea kom\u00eeteya xelat\u00ea ev serp\u00eahat\u00ee \u00fb xwendina w\u00ea qedand.\u00a0 Pi\u015ft\u00ee bih\u00eestina ev\u00ea b\u00fbyer\u00ea h\u00ees\u00ean tevlihev li min rab\u00fbn...","og_url":"https:\/\/shanabooks.de\/product\/kiteba-sale-hesene-mete\/","og_site_name":"www.shanabooks.de","article_modified_time":"2025-12-30T22:31:59+00:00","og_image":[{"width":592,"height":900,"url":"https:\/\/shanabooks.de\/wp-content\/uploads\/2024\/03\/kiteba-sale.jpg","type":"image\/jpeg"}],"twitter_card":"summary_large_image","twitter_misc":{"Gesch\u00e4tzte Lesezeit":"2\u00a0Minuten"},"schema":{"@context":"https:\/\/schema.org","@graph":[{"@type":"WebPage","@id":"https:\/\/shanabooks.de\/product\/kiteba-sale-hesene-mete\/","url":"https:\/\/shanabooks.de\/product\/kiteba-sale-hesene-mete\/","name":"Kit\u00eaba Sal\u00ea - Hesen\u00ea Met\u00ea - www.shanabooks.de","isPartOf":{"@id":"https:\/\/shanabooks.de\/#website"},"primaryImageOfPage":{"@id":"https:\/\/shanabooks.de\/product\/kiteba-sale-hesene-mete\/#primaryimage"},"image":{"@id":"https:\/\/shanabooks.de\/product\/kiteba-sale-hesene-mete\/#primaryimage"},"thumbnailUrl":"https:\/\/shanabooks.de\/wp-content\/uploads\/2024\/03\/kiteba-sale.jpg","datePublished":"2024-03-03T19:46:46+00:00","dateModified":"2025-12-30T22:31:59+00:00","description":"Kit\u00eaba Sal\u00ea - Hesen\u00ea Met\u00ea Ax\u00eafer\u00ea kom\u00eeteya xelat\u00ea ev serp\u00eahat\u00ee \u00fb xwendina w\u00ea qedand.\u00a0 Pi\u015ft\u00ee bih\u00eestina ev\u00ea b\u00fbyer\u00ea h\u00ees\u00ean tevlihev li min rab\u00fbn...","breadcrumb":{"@id":"https:\/\/shanabooks.de\/product\/kiteba-sale-hesene-mete\/#breadcrumb"},"inLanguage":"de","potentialAction":[{"@type":"ReadAction","target":["https:\/\/shanabooks.de\/product\/kiteba-sale-hesene-mete\/"]}]},{"@type":"ImageObject","inLanguage":"de","@id":"https:\/\/shanabooks.de\/product\/kiteba-sale-hesene-mete\/#primaryimage","url":"https:\/\/shanabooks.de\/wp-content\/uploads\/2024\/03\/kiteba-sale.jpg","contentUrl":"https:\/\/shanabooks.de\/wp-content\/uploads\/2024\/03\/kiteba-sale.jpg","width":592,"height":900,"caption":"Kit\u00eaba Sal\u00ea - Hesen\u00ea Met\u00ea - pirt\u00fbk\u00ean kurd\u00ee"},{"@type":"BreadcrumbList","@id":"https:\/\/shanabooks.de\/product\/kiteba-sale-hesene-mete\/#breadcrumb","itemListElement":[{"@type":"ListItem","position":1,"name":"\u0627\u0644\u0631\u0626\u064a\u0633\u064a\u0629","item":"https:\/\/shanabooks.de\/de\/"},{"@type":"ListItem","position":2,"name":"\u0627\u0644\u0645\u0646\u062a\u062c\u0627\u062a","item":"https:\/\/shanabooks.de\/shop\/"},{"@type":"ListItem","position":3,"name":"Kit\u00eaba Sal\u00ea"}]},{"@type":"WebSite","@id":"https:\/\/shanabooks.de\/#website","url":"https:\/\/shanabooks.de\/","name":"www.shanbooks.de","description":"C\u00eehana Pirt\u00fbk\u00ean Kurd\u00ee \u0645\u0643\u062a\u0628\u0629 \u0634\u0627\u0646\u0627 \u0641\u064a \u0627\u0644\u0645\u0627\u0646\u064a\u0627 \u0648\u0623\u0648\u0631\u0628\u0627","publisher":{"@id":"https:\/\/shanabooks.de\/#organization"},"potentialAction":[{"@type":"SearchAction","target":{"@type":"EntryPoint","urlTemplate":"https:\/\/shanabooks.de\/?s={search_term_string}"},"query-input":{"@type":"PropertyValueSpecification","valueRequired":true,"valueName":"search_term_string"}}],"inLanguage":"de"},{"@type":"Organization","@id":"https:\/\/shanabooks.de\/#organization","name":"www.shanbooks.de","url":"https:\/\/shanabooks.de\/","logo":{"@type":"ImageObject","inLanguage":"de","@id":"https:\/\/shanabooks.de\/#\/schema\/logo\/image\/","url":"https:\/\/shanabooks.de\/wp-content\/uploads\/2024\/03\/SHANABOOKS__2_-removebg-preview.png","contentUrl":"https:\/\/shanabooks.de\/wp-content\/uploads\/2024\/03\/SHANABOOKS__2_-removebg-preview.png","width":700,"height":150,"caption":"www.shanbooks.de"},"image":{"@id":"https:\/\/shanabooks.de\/#\/schema\/logo\/image\/"}}]}},"jetpack_sharing_enabled":true,"_links":{"self":[{"href":"https:\/\/shanabooks.de\/de\/wp-json\/wp\/v2\/product\/12804","targetHints":{"allow":["GET"]}}],"collection":[{"href":"https:\/\/shanabooks.de\/de\/wp-json\/wp\/v2\/product"}],"about":[{"href":"https:\/\/shanabooks.de\/de\/wp-json\/wp\/v2\/types\/product"}],"version-history":[{"count":3,"href":"https:\/\/shanabooks.de\/de\/wp-json\/wp\/v2\/product\/12804\/revisions"}],"predecessor-version":[{"id":18045,"href":"https:\/\/shanabooks.de\/de\/wp-json\/wp\/v2\/product\/12804\/revisions\/18045"}],"wp:featuredmedia":[{"embeddable":true,"href":"https:\/\/shanabooks.de\/de\/wp-json\/wp\/v2\/media\/12868"}],"wp:attachment":[{"href":"https:\/\/shanabooks.de\/de\/wp-json\/wp\/v2\/media?parent=12804"}],"wp:term":[{"taxonomy":"product_brand","embeddable":true,"href":"https:\/\/shanabooks.de\/de\/wp-json\/wp\/v2\/product_brand?post=12804"},{"taxonomy":"product_cat","embeddable":true,"href":"https:\/\/shanabooks.de\/de\/wp-json\/wp\/v2\/product_cat?post=12804"},{"taxonomy":"product_tag","embeddable":true,"href":"https:\/\/shanabooks.de\/de\/wp-json\/wp\/v2\/product_tag?post=12804"}],"curies":[{"name":"wp","href":"https:\/\/api.w.org\/{rel}","templated":true}]}}