{"id":12805,"date":"2024-03-03T19:46:46","date_gmt":"2024-03-03T19:46:46","guid":{"rendered":"https:\/\/shanabooks.de\/?post_type=product&#038;p=12805"},"modified":"2025-12-30T22:50:04","modified_gmt":"2025-12-30T22:50:04","slug":"koceke-derewin-erebe-semo","status":"publish","type":"product","link":"https:\/\/shanabooks.de\/de\/product\/koceke-derewin-erebe-semo\/","title":{"rendered":"Ko\u00e7ek\u00ea Derew\u00een"},"content":{"rendered":"<p dir=\"ltr\"><strong>Ko\u00e7ek\u00ea Derew\u00een &#8211; Ereb\u00ea \u015eemo<\/strong><\/p>\n<p dir=\"ltr\">Ereb\u00ea \u015eemo di nav romanniv\u00ees\u00ean kurd de y\u00ea her bi nav \u00fb deng e.<\/p>\n<p dir=\"ltr\">Ereb\u00ea \u015eemo ev \u015fano 1930\u2019y\u00ee de niv\u00eesiye; di ser \u00e7apa w\u00ea ya yekem re 84 sal derbas b\u00fbye ku heta niha ev \u015fano ji bil\u00ee \u00e7apa w\u00ea ya yekem a li Ermenistan-Rewan\u00ea wek\u00eedin \u00e7ap neb\u00fbye \u00fb derneketiye ser r\u00fby\u00ea erd\u00ea. Ev \u015fano ber\u00ee romana w\u00ee ya yekem \u201c\u015eivan\u00ea Kurmanca\u201d bi p\u00eanc salan hatiye niv\u00ees\u00een. \u015eanoya \u201cKo\u00e7ek\u00ea Derew\u00een\u201d di Kurd\u00ee de duyem \u015fanoya bi Kurd\u00ee ye; ji ber v\u00ea yek\u00ea ev \u015fano qels be j\u00ee teql\u00eet be j\u00ee teksteke gir\u00eeng e, di v\u00ea \u015fanoy\u00ea de \u015f\u00eenhatina p\u00ean\u00fbsa Ereb\u00ea \u015eemo \u00fb p\u00eakhatina pex\u015fana Kurd\u00ee t\u00ea \u015fopandin. Peyva \u201cko\u00e7ek\u201d\u00ea rengd\u00eareke hiyerar\u015fiya d\u00een\u00ee ye, ji kes\u00ean ku ji \u201c\u015f\u00eax\u201dan nizmtir \u00fb ji \u201c\u015fof\u00ee\u201dyan bilintir re \u201cko\u00e7ek\u201d t\u00ea gotin; ko\u00e7ekt\u00ee di navbera \u015f\u00eaxt\u00ee \u00fb sof\u00eetiy\u00ea de meqamek\u00ee ol\u00ee ye. Di v\u00ea \u015fanoy\u00ea de hedefa Ereb\u00ea \u015eemo d\u00eendarek\u00ee derew\u00een e; \u015eemo di v\u00ea \u015fanoy\u00ea de r\u00fby\u00ea d\u00eendarek\u00ee derew\u00een e\u015fkere dike, sextekar\u00ee \u00fb derew\u00ean ko\u00e7ekek\u00ee de\u015f\u00eefre dike.<\/p>\n","protected":false},"excerpt":{"rendered":"<p dir=\"ltr\" style=\"text-align: center\"><strong>Niv\u00eeskar: Ereb\u00ea \u015eemo<br \/>\nPirt\u00fbk: Ko\u00e7ek\u00ea Derew\u00een<br \/>\nCure: \u015eano<br \/>\n<\/strong><\/p>\n","protected":false},"featured_media":12881,"template":"","meta":{"site-sidebar-layout":"default","site-content-layout":"","ast-site-content-layout":"default","site-content-style":"default","site-sidebar-style":"default","ast-global-header-display":"","ast-banner-title-visibility":"","ast-main-header-display":"","ast-hfb-above-header-display":"","ast-hfb-below-header-display":"","ast-hfb-mobile-header-display":"","site-post-title":"","ast-breadcrumbs-content":"","ast-featured-img":"","footer-sml-layout":"","ast-disable-related-posts":"","theme-transparent-header-meta":"default","adv-header-id-meta":"","stick-header-meta":"","header-above-stick-meta":"","header-main-stick-meta":"","header-below-stick-meta":"","astra-migrate-meta-layouts":"set","ast-page-background-enabled":"default","ast-page-background-meta":{"desktop":{"background-color":"","background-image":"","background-repeat":"repeat","background-position":"center center","background-size":"auto","background-attachment":"scroll","background-type":"","background-media":"","overlay-type":"","overlay-color":"","overlay-opacity":"","overlay-gradient":""},"tablet":{"background-color":"","background-image":"","background-repeat":"repeat","background-position":"center center","background-size":"auto","background-attachment":"scroll","background-type":"","background-media":"","overlay-type":"","overlay-color":"","overlay-opacity":"","overlay-gradient":""},"mobile":{"background-color":"","background-image":"","background-repeat":"repeat","background-position":"center center","background-size":"auto","background-attachment":"scroll","background-type":"","background-media":"","overlay-type":"","overlay-color":"","overlay-opacity":"","overlay-gradient":""}},"ast-content-background-meta":{"desktop":{"background-color":"var(--ast-global-color-5)","background-image":"","background-repeat":"repeat","background-position":"center center","background-size":"auto","background-attachment":"scroll","background-type":"","background-media":"","overlay-type":"","overlay-color":"","overlay-opacity":"","overlay-gradient":""},"tablet":{"background-color":"var(--ast-global-color-5)","background-image":"","background-repeat":"repeat","background-position":"center center","background-size":"auto","background-attachment":"scroll","background-type":"","background-media":"","overlay-type":"","overlay-color":"","overlay-opacity":"","overlay-gradient":""},"mobile":{"background-color":"var(--ast-global-color-5)","background-image":"","background-repeat":"repeat","background-position":"center center","background-size":"auto","background-attachment":"scroll","background-type":"","background-media":"","overlay-type":"","overlay-color":"","overlay-opacity":"","overlay-gradient":""}}},"product_brand":[],"product_cat":[181,334,193],"product_tag":[],"class_list":{"0":"post-12805","1":"product","2":"type-product","3":"status-publish","4":"has-post-thumbnail","6":"product_cat--_","9":"pa_-klasiken-kurdi","10":"pa_-sano","11":"pa_-erebe-semo","12":"pa_-kurmanci","13":"pa_--belki","14":"desktop-align-left","15":"tablet-align-left","16":"mobile-align-left","18":"first","19":"instock","20":"shipping-taxable","21":"purchasable","22":"product-type-simple"},"yoast_head":"<!-- This site is optimized with the Yoast SEO plugin v27.5 - https:\/\/yoast.com\/product\/yoast-seo-wordpress\/ -->\n<title>Ko\u00e7ek\u00ea Derew\u00een - Ereb\u00ea \u015eemo - www.shanabooks.de<\/title>\n<meta name=\"description\" content=\"Ko\u00e7ek\u00ea Derew\u00een - Ereb\u00ea \u015eemo Ereb\u00ea \u015eemo ev \u015fano 1930\u2019y\u00ee de niv\u00eesiye; di ser \u00e7apa w\u00ea ya yekem re 84 sal derbas b\u00fbye ku heta niha ev \u015fano ji bil\u00ee \u00e7 ...\" \/>\n<meta name=\"robots\" content=\"index, follow, max-snippet:-1, max-image-preview:large, max-video-preview:-1\" \/>\n<link rel=\"canonical\" href=\"https:\/\/shanabooks.de\/product\/koceke-derewin-erebe-semo\/\" \/>\n<meta property=\"og:locale\" content=\"de_DE\" \/>\n<meta property=\"og:type\" content=\"article\" \/>\n<meta property=\"og:title\" content=\"Ko\u00e7ek\u00ea Derew\u00een - Ereb\u00ea \u015eemo - www.shanabooks.de\" \/>\n<meta property=\"og:description\" content=\"Ko\u00e7ek\u00ea Derew\u00een - Ereb\u00ea \u015eemo Ereb\u00ea \u015eemo ev \u015fano 1930\u2019y\u00ee de niv\u00eesiye; di ser \u00e7apa w\u00ea ya yekem re 84 sal derbas b\u00fbye ku heta niha ev \u015fano ji bil\u00ee \u00e7 ...\" \/>\n<meta property=\"og:url\" content=\"https:\/\/shanabooks.de\/product\/koceke-derewin-erebe-semo\/\" \/>\n<meta property=\"og:site_name\" content=\"www.shanabooks.de\" \/>\n<meta property=\"article:modified_time\" content=\"2025-12-30T22:50:04+00:00\" \/>\n<meta property=\"og:image\" content=\"https:\/\/shanabooks.de\/wp-content\/uploads\/2024\/03\/Koceke-Derewin.png\" \/>\n\t<meta property=\"og:image:width\" content=\"298\" \/>\n\t<meta property=\"og:image:height\" content=\"470\" \/>\n\t<meta property=\"og:image:type\" content=\"image\/png\" \/>\n<meta name=\"twitter:card\" content=\"summary_large_image\" \/>\n<meta name=\"twitter:label1\" content=\"Gesch\u00e4tzte Lesezeit\" \/>\n\t<meta name=\"twitter:data1\" content=\"2\u00a0Minuten\" \/>\n<script type=\"application\/ld+json\" class=\"yoast-schema-graph\">{\"@context\":\"https:\\\/\\\/schema.org\",\"@graph\":[{\"@type\":\"WebPage\",\"@id\":\"https:\\\/\\\/shanabooks.de\\\/product\\\/koceke-derewin-erebe-semo\\\/\",\"url\":\"https:\\\/\\\/shanabooks.de\\\/product\\\/koceke-derewin-erebe-semo\\\/\",\"name\":\"Ko\u00e7ek\u00ea Derew\u00een - Ereb\u00ea \u015eemo - www.shanabooks.de\",\"isPartOf\":{\"@id\":\"https:\\\/\\\/shanabooks.de\\\/#website\"},\"primaryImageOfPage\":{\"@id\":\"https:\\\/\\\/shanabooks.de\\\/product\\\/koceke-derewin-erebe-semo\\\/#primaryimage\"},\"image\":{\"@id\":\"https:\\\/\\\/shanabooks.de\\\/product\\\/koceke-derewin-erebe-semo\\\/#primaryimage\"},\"thumbnailUrl\":\"https:\\\/\\\/shanabooks.de\\\/wp-content\\\/uploads\\\/2024\\\/03\\\/Koceke-Derewin.png\",\"datePublished\":\"2024-03-03T19:46:46+00:00\",\"dateModified\":\"2025-12-30T22:50:04+00:00\",\"description\":\"Ko\u00e7ek\u00ea Derew\u00een - Ereb\u00ea \u015eemo Ereb\u00ea \u015eemo ev \u015fano 1930\u2019y\u00ee de niv\u00eesiye; di ser \u00e7apa w\u00ea ya yekem re 84 sal derbas b\u00fbye ku heta niha ev \u015fano ji bil\u00ee \u00e7 ...\",\"breadcrumb\":{\"@id\":\"https:\\\/\\\/shanabooks.de\\\/product\\\/koceke-derewin-erebe-semo\\\/#breadcrumb\"},\"inLanguage\":\"de\",\"potentialAction\":[{\"@type\":\"ReadAction\",\"target\":[\"https:\\\/\\\/shanabooks.de\\\/product\\\/koceke-derewin-erebe-semo\\\/\"]}]},{\"@type\":\"ImageObject\",\"inLanguage\":\"de\",\"@id\":\"https:\\\/\\\/shanabooks.de\\\/product\\\/koceke-derewin-erebe-semo\\\/#primaryimage\",\"url\":\"https:\\\/\\\/shanabooks.de\\\/wp-content\\\/uploads\\\/2024\\\/03\\\/Koceke-Derewin.png\",\"contentUrl\":\"https:\\\/\\\/shanabooks.de\\\/wp-content\\\/uploads\\\/2024\\\/03\\\/Koceke-Derewin.png\",\"width\":298,\"height\":470,\"caption\":\"Ko\u00e7ek\u00ea Derew\u00een - Ereb\u00ea \u015eemo - pirt\u00fbk\u00ean kurd\u00ee\"},{\"@type\":\"BreadcrumbList\",\"@id\":\"https:\\\/\\\/shanabooks.de\\\/product\\\/koceke-derewin-erebe-semo\\\/#breadcrumb\",\"itemListElement\":[{\"@type\":\"ListItem\",\"position\":1,\"name\":\"\u0627\u0644\u0631\u0626\u064a\u0633\u064a\u0629\",\"item\":\"https:\\\/\\\/shanabooks.de\\\/de\\\/\"},{\"@type\":\"ListItem\",\"position\":2,\"name\":\"\u0627\u0644\u0645\u0646\u062a\u062c\u0627\u062a\",\"item\":\"https:\\\/\\\/shanabooks.de\\\/shop\\\/\"},{\"@type\":\"ListItem\",\"position\":3,\"name\":\"Ko\u00e7ek\u00ea Derew\u00een\"}]},{\"@type\":\"WebSite\",\"@id\":\"https:\\\/\\\/shanabooks.de\\\/#website\",\"url\":\"https:\\\/\\\/shanabooks.de\\\/\",\"name\":\"www.shanbooks.de\",\"description\":\"C\u00eehana Pirt\u00fbk\u00ean Kurd\u00ee \u0645\u0643\u062a\u0628\u0629 \u0634\u0627\u0646\u0627 \u0641\u064a \u0627\u0644\u0645\u0627\u0646\u064a\u0627 \u0648\u0623\u0648\u0631\u0628\u0627\",\"publisher\":{\"@id\":\"https:\\\/\\\/shanabooks.de\\\/#organization\"},\"potentialAction\":[{\"@type\":\"SearchAction\",\"target\":{\"@type\":\"EntryPoint\",\"urlTemplate\":\"https:\\\/\\\/shanabooks.de\\\/?s={search_term_string}\"},\"query-input\":{\"@type\":\"PropertyValueSpecification\",\"valueRequired\":true,\"valueName\":\"search_term_string\"}}],\"inLanguage\":\"de\"},{\"@type\":\"Organization\",\"@id\":\"https:\\\/\\\/shanabooks.de\\\/#organization\",\"name\":\"www.shanbooks.de\",\"url\":\"https:\\\/\\\/shanabooks.de\\\/\",\"logo\":{\"@type\":\"ImageObject\",\"inLanguage\":\"de\",\"@id\":\"https:\\\/\\\/shanabooks.de\\\/#\\\/schema\\\/logo\\\/image\\\/\",\"url\":\"https:\\\/\\\/shanabooks.de\\\/wp-content\\\/uploads\\\/2024\\\/03\\\/SHANABOOKS__2_-removebg-preview.png\",\"contentUrl\":\"https:\\\/\\\/shanabooks.de\\\/wp-content\\\/uploads\\\/2024\\\/03\\\/SHANABOOKS__2_-removebg-preview.png\",\"width\":700,\"height\":150,\"caption\":\"www.shanbooks.de\"},\"image\":{\"@id\":\"https:\\\/\\\/shanabooks.de\\\/#\\\/schema\\\/logo\\\/image\\\/\"}}]}<\/script>\n<!-- \/ Yoast SEO plugin. -->","yoast_head_json":{"title":"Ko\u00e7ek\u00ea Derew\u00een - Ereb\u00ea \u015eemo - www.shanabooks.de","description":"Ko\u00e7ek\u00ea Derew\u00een - Ereb\u00ea \u015eemo Ereb\u00ea \u015eemo ev \u015fano 1930\u2019y\u00ee de niv\u00eesiye; di ser \u00e7apa w\u00ea ya yekem re 84 sal derbas b\u00fbye ku heta niha ev \u015fano ji bil\u00ee \u00e7 ...","robots":{"index":"index","follow":"follow","max-snippet":"max-snippet:-1","max-image-preview":"max-image-preview:large","max-video-preview":"max-video-preview:-1"},"canonical":"https:\/\/shanabooks.de\/product\/koceke-derewin-erebe-semo\/","og_locale":"de_DE","og_type":"article","og_title":"Ko\u00e7ek\u00ea Derew\u00een - Ereb\u00ea \u015eemo - www.shanabooks.de","og_description":"Ko\u00e7ek\u00ea Derew\u00een - Ereb\u00ea \u015eemo Ereb\u00ea \u015eemo ev \u015fano 1930\u2019y\u00ee de niv\u00eesiye; di ser \u00e7apa w\u00ea ya yekem re 84 sal derbas b\u00fbye ku heta niha ev \u015fano ji bil\u00ee \u00e7 ...","og_url":"https:\/\/shanabooks.de\/product\/koceke-derewin-erebe-semo\/","og_site_name":"www.shanabooks.de","article_modified_time":"2025-12-30T22:50:04+00:00","og_image":[{"width":298,"height":470,"url":"https:\/\/shanabooks.de\/wp-content\/uploads\/2024\/03\/Koceke-Derewin.png","type":"image\/png"}],"twitter_card":"summary_large_image","twitter_misc":{"Gesch\u00e4tzte Lesezeit":"2\u00a0Minuten"},"schema":{"@context":"https:\/\/schema.org","@graph":[{"@type":"WebPage","@id":"https:\/\/shanabooks.de\/product\/koceke-derewin-erebe-semo\/","url":"https:\/\/shanabooks.de\/product\/koceke-derewin-erebe-semo\/","name":"Ko\u00e7ek\u00ea Derew\u00een - Ereb\u00ea \u015eemo - www.shanabooks.de","isPartOf":{"@id":"https:\/\/shanabooks.de\/#website"},"primaryImageOfPage":{"@id":"https:\/\/shanabooks.de\/product\/koceke-derewin-erebe-semo\/#primaryimage"},"image":{"@id":"https:\/\/shanabooks.de\/product\/koceke-derewin-erebe-semo\/#primaryimage"},"thumbnailUrl":"https:\/\/shanabooks.de\/wp-content\/uploads\/2024\/03\/Koceke-Derewin.png","datePublished":"2024-03-03T19:46:46+00:00","dateModified":"2025-12-30T22:50:04+00:00","description":"Ko\u00e7ek\u00ea Derew\u00een - Ereb\u00ea \u015eemo Ereb\u00ea \u015eemo ev \u015fano 1930\u2019y\u00ee de niv\u00eesiye; di ser \u00e7apa w\u00ea ya yekem re 84 sal derbas b\u00fbye ku heta niha ev \u015fano ji bil\u00ee \u00e7 ...","breadcrumb":{"@id":"https:\/\/shanabooks.de\/product\/koceke-derewin-erebe-semo\/#breadcrumb"},"inLanguage":"de","potentialAction":[{"@type":"ReadAction","target":["https:\/\/shanabooks.de\/product\/koceke-derewin-erebe-semo\/"]}]},{"@type":"ImageObject","inLanguage":"de","@id":"https:\/\/shanabooks.de\/product\/koceke-derewin-erebe-semo\/#primaryimage","url":"https:\/\/shanabooks.de\/wp-content\/uploads\/2024\/03\/Koceke-Derewin.png","contentUrl":"https:\/\/shanabooks.de\/wp-content\/uploads\/2024\/03\/Koceke-Derewin.png","width":298,"height":470,"caption":"Ko\u00e7ek\u00ea Derew\u00een - Ereb\u00ea \u015eemo - pirt\u00fbk\u00ean kurd\u00ee"},{"@type":"BreadcrumbList","@id":"https:\/\/shanabooks.de\/product\/koceke-derewin-erebe-semo\/#breadcrumb","itemListElement":[{"@type":"ListItem","position":1,"name":"\u0627\u0644\u0631\u0626\u064a\u0633\u064a\u0629","item":"https:\/\/shanabooks.de\/de\/"},{"@type":"ListItem","position":2,"name":"\u0627\u0644\u0645\u0646\u062a\u062c\u0627\u062a","item":"https:\/\/shanabooks.de\/shop\/"},{"@type":"ListItem","position":3,"name":"Ko\u00e7ek\u00ea Derew\u00een"}]},{"@type":"WebSite","@id":"https:\/\/shanabooks.de\/#website","url":"https:\/\/shanabooks.de\/","name":"www.shanbooks.de","description":"C\u00eehana Pirt\u00fbk\u00ean Kurd\u00ee \u0645\u0643\u062a\u0628\u0629 \u0634\u0627\u0646\u0627 \u0641\u064a \u0627\u0644\u0645\u0627\u0646\u064a\u0627 \u0648\u0623\u0648\u0631\u0628\u0627","publisher":{"@id":"https:\/\/shanabooks.de\/#organization"},"potentialAction":[{"@type":"SearchAction","target":{"@type":"EntryPoint","urlTemplate":"https:\/\/shanabooks.de\/?s={search_term_string}"},"query-input":{"@type":"PropertyValueSpecification","valueRequired":true,"valueName":"search_term_string"}}],"inLanguage":"de"},{"@type":"Organization","@id":"https:\/\/shanabooks.de\/#organization","name":"www.shanbooks.de","url":"https:\/\/shanabooks.de\/","logo":{"@type":"ImageObject","inLanguage":"de","@id":"https:\/\/shanabooks.de\/#\/schema\/logo\/image\/","url":"https:\/\/shanabooks.de\/wp-content\/uploads\/2024\/03\/SHANABOOKS__2_-removebg-preview.png","contentUrl":"https:\/\/shanabooks.de\/wp-content\/uploads\/2024\/03\/SHANABOOKS__2_-removebg-preview.png","width":700,"height":150,"caption":"www.shanbooks.de"},"image":{"@id":"https:\/\/shanabooks.de\/#\/schema\/logo\/image\/"}}]}},"jetpack_sharing_enabled":true,"_links":{"self":[{"href":"https:\/\/shanabooks.de\/de\/wp-json\/wp\/v2\/product\/12805","targetHints":{"allow":["GET"]}}],"collection":[{"href":"https:\/\/shanabooks.de\/de\/wp-json\/wp\/v2\/product"}],"about":[{"href":"https:\/\/shanabooks.de\/de\/wp-json\/wp\/v2\/types\/product"}],"version-history":[{"count":3,"href":"https:\/\/shanabooks.de\/de\/wp-json\/wp\/v2\/product\/12805\/revisions"}],"predecessor-version":[{"id":18057,"href":"https:\/\/shanabooks.de\/de\/wp-json\/wp\/v2\/product\/12805\/revisions\/18057"}],"wp:featuredmedia":[{"embeddable":true,"href":"https:\/\/shanabooks.de\/de\/wp-json\/wp\/v2\/media\/12881"}],"wp:attachment":[{"href":"https:\/\/shanabooks.de\/de\/wp-json\/wp\/v2\/media?parent=12805"}],"wp:term":[{"taxonomy":"product_brand","embeddable":true,"href":"https:\/\/shanabooks.de\/de\/wp-json\/wp\/v2\/product_brand?post=12805"},{"taxonomy":"product_cat","embeddable":true,"href":"https:\/\/shanabooks.de\/de\/wp-json\/wp\/v2\/product_cat?post=12805"},{"taxonomy":"product_tag","embeddable":true,"href":"https:\/\/shanabooks.de\/de\/wp-json\/wp\/v2\/product_tag?post=12805"}],"curies":[{"name":"wp","href":"https:\/\/api.w.org\/{rel}","templated":true}]}}