{"id":12806,"date":"2024-03-03T19:46:46","date_gmt":"2024-03-03T19:46:46","guid":{"rendered":"https:\/\/shanabooks.de\/?post_type=product&#038;p=12806"},"modified":"2024-07-11T20:48:53","modified_gmt":"2024-07-11T20:48:53","slug":"kurded-elegeze-erebe-semo","status":"publish","type":"product","link":"https:\/\/shanabooks.de\/de\/product\/kurded-elegeze-erebe-semo\/","title":{"rendered":"kurd\u00ead Elegez\u00ea"},"content":{"rendered":"<p dir=\"ltr\"><strong>kurd\u00ead Elegez\u00ea &#8211; Ereb\u00ea \u015eemo<\/strong><\/p>\n<p dir=\"ltr\">\u201cKurd\u00ead Elegez\u00ea\u201d, li gor\u00ee agah\u00ee \u00fb destkeftiy\u00ean hey\u00ee duyem\u00een roman \u00fb berhema klas\u00eek a edebiyata kurdiya kurmanc\u00ee ye. Ereb\u00ea \u015eemo ev roman di 1936\u2019an de niv\u00eesiye. Ne li Bakur \u00fb ne j\u00ee li diyasporay\u00ea heta niha ev berhem bi awayek\u00ee xweser \u00fb bi lat\u00een\u00ee qet nehatiye \u00e7apkirin. Jixwe ev lat\u00een\u00eezekirina w\u00ea ya niha li ber dest\u00ea we xw\u00eeneran j\u00ee, ji berhevokek\u00ea hatiye veguhastin. Ji berhevok ango antolojiya \u201cNiv\u00eesarkar\u00ead Kurdaye Sov\u00eat\u00ee\u00ea\u201d ya Casim\u00ea Cel\u00eel ku di 1957\u2019an de li \u00car\u00eavan\u00ea \u00e7ap kiriye<\/p>\n<p>&nbsp;<\/p>\n","protected":false},"excerpt":{"rendered":"<p dir=\"ltr\" style=\"text-align: center\"><strong>Niv\u00eesakr: Ereb\u00ea \u015eemo<br \/>\nPirt\u00fbk: kurd\u00ead Elegez\u00ea<br \/>\nCure: Roman, Klas\u00eek<\/strong><\/p>\n","protected":false},"featured_media":12883,"template":"","meta":{"site-sidebar-layout":"default","site-content-layout":"","ast-site-content-layout":"default","site-content-style":"default","site-sidebar-style":"default","ast-global-header-display":"","ast-banner-title-visibility":"","ast-main-header-display":"","ast-hfb-above-header-display":"","ast-hfb-below-header-display":"","ast-hfb-mobile-header-display":"","site-post-title":"","ast-breadcrumbs-content":"","ast-featured-img":"","footer-sml-layout":"","ast-disable-related-posts":"","theme-transparent-header-meta":"default","adv-header-id-meta":"","stick-header-meta":"","header-above-stick-meta":"","header-main-stick-meta":"","header-below-stick-meta":"","astra-migrate-meta-layouts":"set","ast-page-background-enabled":"default","ast-page-background-meta":{"desktop":{"background-color":"","background-image":"","background-repeat":"repeat","background-position":"center center","background-size":"auto","background-attachment":"scroll","background-type":"","background-media":"","overlay-type":"","overlay-color":"","overlay-opacity":"","overlay-gradient":""},"tablet":{"background-color":"","background-image":"","background-repeat":"repeat","background-position":"center center","background-size":"auto","background-attachment":"scroll","background-type":"","background-media":"","overlay-type":"","overlay-color":"","overlay-opacity":"","overlay-gradient":""},"mobile":{"background-color":"","background-image":"","background-repeat":"repeat","background-position":"center center","background-size":"auto","background-attachment":"scroll","background-type":"","background-media":"","overlay-type":"","overlay-color":"","overlay-opacity":"","overlay-gradient":""}},"ast-content-background-meta":{"desktop":{"background-color":"var(--ast-global-color-5)","background-image":"","background-repeat":"repeat","background-position":"center center","background-size":"auto","background-attachment":"scroll","background-type":"","background-media":"","overlay-type":"","overlay-color":"","overlay-opacity":"","overlay-gradient":""},"tablet":{"background-color":"var(--ast-global-color-5)","background-image":"","background-repeat":"repeat","background-position":"center center","background-size":"auto","background-attachment":"scroll","background-type":"","background-media":"","overlay-type":"","overlay-color":"","overlay-opacity":"","overlay-gradient":""},"mobile":{"background-color":"var(--ast-global-color-5)","background-image":"","background-repeat":"repeat","background-position":"center center","background-size":"auto","background-attachment":"scroll","background-type":"","background-media":"","overlay-type":"","overlay-color":"","overlay-opacity":"","overlay-gradient":""}}},"product_brand":[],"product_cat":[181,182,193],"product_tag":[],"class_list":{"0":"post-12806","1":"product","2":"type-product","3":"status-publish","4":"has-post-thumbnail","6":"product_cat--_","7":"product_cat-_","9":"pa_-klasiken-kurdi","10":"pa_-roman","11":"pa_-erebe-semo","12":"pa_-kurmanci","13":"pa_--belki","14":"desktop-align-left","15":"tablet-align-left","16":"mobile-align-left","18":"first","19":"outofstock","20":"shipping-taxable","21":"purchasable","22":"product-type-simple"},"yoast_head":"<!-- This site is optimized with the Yoast SEO plugin v27.5 - https:\/\/yoast.com\/product\/yoast-seo-wordpress\/ -->\n<title>kurd\u00ead Elegez\u00ea - Ereb\u00ea \u015eemo - www.shanabooks.de<\/title>\n<meta name=\"description\" content=\"kurd\u00ead Elegez\u00ea - Ereb\u00ea \u015eemo \u201cKurd\u00ead Elegez\u00ea\u201d, li gor\u00ee agah\u00ee \u00fb destkeftiy\u00ean hey\u00ee duyem\u00een roman \u00fb berhema klas\u00eek a edebiyata kurdiya kurmanc\u00ee ye...\" \/>\n<meta name=\"robots\" content=\"index, follow, max-snippet:-1, max-image-preview:large, max-video-preview:-1\" \/>\n<link rel=\"canonical\" href=\"https:\/\/shanabooks.de\/product\/kurded-elegeze-erebe-semo\/\" \/>\n<meta property=\"og:locale\" content=\"de_DE\" \/>\n<meta property=\"og:type\" content=\"article\" \/>\n<meta property=\"og:title\" content=\"kurd\u00ead Elegez\u00ea - Ereb\u00ea \u015eemo - www.shanabooks.de\" \/>\n<meta property=\"og:description\" content=\"kurd\u00ead Elegez\u00ea - Ereb\u00ea \u015eemo \u201cKurd\u00ead Elegez\u00ea\u201d, li gor\u00ee agah\u00ee \u00fb destkeftiy\u00ean hey\u00ee duyem\u00een roman \u00fb berhema klas\u00eek a edebiyata kurdiya kurmanc\u00ee ye...\" \/>\n<meta property=\"og:url\" content=\"https:\/\/shanabooks.de\/product\/kurded-elegeze-erebe-semo\/\" \/>\n<meta property=\"og:site_name\" content=\"www.shanabooks.de\" \/>\n<meta property=\"article:modified_time\" content=\"2024-07-11T20:48:53+00:00\" \/>\n<meta property=\"og:image\" content=\"https:\/\/shanabooks.de\/wp-content\/uploads\/2024\/03\/Kurded-Elegeze.png\" \/>\n\t<meta property=\"og:image:width\" content=\"298\" \/>\n\t<meta property=\"og:image:height\" content=\"474\" \/>\n\t<meta property=\"og:image:type\" content=\"image\/png\" \/>\n<meta name=\"twitter:card\" content=\"summary_large_image\" \/>\n<meta name=\"twitter:label1\" content=\"Gesch\u00e4tzte Lesezeit\" \/>\n\t<meta name=\"twitter:data1\" content=\"1\u00a0Minute\" \/>\n<script type=\"application\/ld+json\" class=\"yoast-schema-graph\">{\"@context\":\"https:\\\/\\\/schema.org\",\"@graph\":[{\"@type\":\"WebPage\",\"@id\":\"https:\\\/\\\/shanabooks.de\\\/product\\\/kurded-elegeze-erebe-semo\\\/\",\"url\":\"https:\\\/\\\/shanabooks.de\\\/product\\\/kurded-elegeze-erebe-semo\\\/\",\"name\":\"kurd\u00ead Elegez\u00ea - Ereb\u00ea \u015eemo - www.shanabooks.de\",\"isPartOf\":{\"@id\":\"https:\\\/\\\/shanabooks.de\\\/#website\"},\"primaryImageOfPage\":{\"@id\":\"https:\\\/\\\/shanabooks.de\\\/product\\\/kurded-elegeze-erebe-semo\\\/#primaryimage\"},\"image\":{\"@id\":\"https:\\\/\\\/shanabooks.de\\\/product\\\/kurded-elegeze-erebe-semo\\\/#primaryimage\"},\"thumbnailUrl\":\"https:\\\/\\\/shanabooks.de\\\/wp-content\\\/uploads\\\/2024\\\/03\\\/Kurded-Elegeze.png\",\"datePublished\":\"2024-03-03T19:46:46+00:00\",\"dateModified\":\"2024-07-11T20:48:53+00:00\",\"description\":\"kurd\u00ead Elegez\u00ea - Ereb\u00ea \u015eemo \u201cKurd\u00ead Elegez\u00ea\u201d, li gor\u00ee agah\u00ee \u00fb destkeftiy\u00ean hey\u00ee duyem\u00een roman \u00fb berhema klas\u00eek a edebiyata kurdiya kurmanc\u00ee ye...\",\"breadcrumb\":{\"@id\":\"https:\\\/\\\/shanabooks.de\\\/product\\\/kurded-elegeze-erebe-semo\\\/#breadcrumb\"},\"inLanguage\":\"de\",\"potentialAction\":[{\"@type\":\"ReadAction\",\"target\":[\"https:\\\/\\\/shanabooks.de\\\/product\\\/kurded-elegeze-erebe-semo\\\/\"]}]},{\"@type\":\"ImageObject\",\"inLanguage\":\"de\",\"@id\":\"https:\\\/\\\/shanabooks.de\\\/product\\\/kurded-elegeze-erebe-semo\\\/#primaryimage\",\"url\":\"https:\\\/\\\/shanabooks.de\\\/wp-content\\\/uploads\\\/2024\\\/03\\\/Kurded-Elegeze.png\",\"contentUrl\":\"https:\\\/\\\/shanabooks.de\\\/wp-content\\\/uploads\\\/2024\\\/03\\\/Kurded-Elegeze.png\",\"width\":298,\"height\":474,\"caption\":\"kurd\u00ead Elegez\u00ea - Ereb\u00ea \u015eemo - pirt\u00fbk\u00ean kurd\u00ee\"},{\"@type\":\"BreadcrumbList\",\"@id\":\"https:\\\/\\\/shanabooks.de\\\/product\\\/kurded-elegeze-erebe-semo\\\/#breadcrumb\",\"itemListElement\":[{\"@type\":\"ListItem\",\"position\":1,\"name\":\"\u0627\u0644\u0631\u0626\u064a\u0633\u064a\u0629\",\"item\":\"https:\\\/\\\/shanabooks.de\\\/de\\\/\"},{\"@type\":\"ListItem\",\"position\":2,\"name\":\"\u0627\u0644\u0645\u0646\u062a\u062c\u0627\u062a\",\"item\":\"https:\\\/\\\/shanabooks.de\\\/shop\\\/\"},{\"@type\":\"ListItem\",\"position\":3,\"name\":\"kurd\u00ead Elegez\u00ea\"}]},{\"@type\":\"WebSite\",\"@id\":\"https:\\\/\\\/shanabooks.de\\\/#website\",\"url\":\"https:\\\/\\\/shanabooks.de\\\/\",\"name\":\"www.shanbooks.de\",\"description\":\"C\u00eehana Pirt\u00fbk\u00ean Kurd\u00ee \u0645\u0643\u062a\u0628\u0629 \u0634\u0627\u0646\u0627 \u0641\u064a \u0627\u0644\u0645\u0627\u0646\u064a\u0627 \u0648\u0623\u0648\u0631\u0628\u0627\",\"publisher\":{\"@id\":\"https:\\\/\\\/shanabooks.de\\\/#organization\"},\"potentialAction\":[{\"@type\":\"SearchAction\",\"target\":{\"@type\":\"EntryPoint\",\"urlTemplate\":\"https:\\\/\\\/shanabooks.de\\\/?s={search_term_string}\"},\"query-input\":{\"@type\":\"PropertyValueSpecification\",\"valueRequired\":true,\"valueName\":\"search_term_string\"}}],\"inLanguage\":\"de\"},{\"@type\":\"Organization\",\"@id\":\"https:\\\/\\\/shanabooks.de\\\/#organization\",\"name\":\"www.shanbooks.de\",\"url\":\"https:\\\/\\\/shanabooks.de\\\/\",\"logo\":{\"@type\":\"ImageObject\",\"inLanguage\":\"de\",\"@id\":\"https:\\\/\\\/shanabooks.de\\\/#\\\/schema\\\/logo\\\/image\\\/\",\"url\":\"https:\\\/\\\/shanabooks.de\\\/wp-content\\\/uploads\\\/2024\\\/03\\\/SHANABOOKS__2_-removebg-preview.png\",\"contentUrl\":\"https:\\\/\\\/shanabooks.de\\\/wp-content\\\/uploads\\\/2024\\\/03\\\/SHANABOOKS__2_-removebg-preview.png\",\"width\":700,\"height\":150,\"caption\":\"www.shanbooks.de\"},\"image\":{\"@id\":\"https:\\\/\\\/shanabooks.de\\\/#\\\/schema\\\/logo\\\/image\\\/\"}}]}<\/script>\n<!-- \/ Yoast SEO plugin. -->","yoast_head_json":{"title":"kurd\u00ead Elegez\u00ea - Ereb\u00ea \u015eemo - www.shanabooks.de","description":"kurd\u00ead Elegez\u00ea - Ereb\u00ea \u015eemo \u201cKurd\u00ead Elegez\u00ea\u201d, li gor\u00ee agah\u00ee \u00fb destkeftiy\u00ean hey\u00ee duyem\u00een roman \u00fb berhema klas\u00eek a edebiyata kurdiya kurmanc\u00ee ye...","robots":{"index":"index","follow":"follow","max-snippet":"max-snippet:-1","max-image-preview":"max-image-preview:large","max-video-preview":"max-video-preview:-1"},"canonical":"https:\/\/shanabooks.de\/product\/kurded-elegeze-erebe-semo\/","og_locale":"de_DE","og_type":"article","og_title":"kurd\u00ead Elegez\u00ea - Ereb\u00ea \u015eemo - www.shanabooks.de","og_description":"kurd\u00ead Elegez\u00ea - Ereb\u00ea \u015eemo \u201cKurd\u00ead Elegez\u00ea\u201d, li gor\u00ee agah\u00ee \u00fb destkeftiy\u00ean hey\u00ee duyem\u00een roman \u00fb berhema klas\u00eek a edebiyata kurdiya kurmanc\u00ee ye...","og_url":"https:\/\/shanabooks.de\/product\/kurded-elegeze-erebe-semo\/","og_site_name":"www.shanabooks.de","article_modified_time":"2024-07-11T20:48:53+00:00","og_image":[{"width":298,"height":474,"url":"https:\/\/shanabooks.de\/wp-content\/uploads\/2024\/03\/Kurded-Elegeze.png","type":"image\/png"}],"twitter_card":"summary_large_image","twitter_misc":{"Gesch\u00e4tzte Lesezeit":"1\u00a0Minute"},"schema":{"@context":"https:\/\/schema.org","@graph":[{"@type":"WebPage","@id":"https:\/\/shanabooks.de\/product\/kurded-elegeze-erebe-semo\/","url":"https:\/\/shanabooks.de\/product\/kurded-elegeze-erebe-semo\/","name":"kurd\u00ead Elegez\u00ea - Ereb\u00ea \u015eemo - www.shanabooks.de","isPartOf":{"@id":"https:\/\/shanabooks.de\/#website"},"primaryImageOfPage":{"@id":"https:\/\/shanabooks.de\/product\/kurded-elegeze-erebe-semo\/#primaryimage"},"image":{"@id":"https:\/\/shanabooks.de\/product\/kurded-elegeze-erebe-semo\/#primaryimage"},"thumbnailUrl":"https:\/\/shanabooks.de\/wp-content\/uploads\/2024\/03\/Kurded-Elegeze.png","datePublished":"2024-03-03T19:46:46+00:00","dateModified":"2024-07-11T20:48:53+00:00","description":"kurd\u00ead Elegez\u00ea - Ereb\u00ea \u015eemo \u201cKurd\u00ead Elegez\u00ea\u201d, li gor\u00ee agah\u00ee \u00fb destkeftiy\u00ean hey\u00ee duyem\u00een roman \u00fb berhema klas\u00eek a edebiyata kurdiya kurmanc\u00ee ye...","breadcrumb":{"@id":"https:\/\/shanabooks.de\/product\/kurded-elegeze-erebe-semo\/#breadcrumb"},"inLanguage":"de","potentialAction":[{"@type":"ReadAction","target":["https:\/\/shanabooks.de\/product\/kurded-elegeze-erebe-semo\/"]}]},{"@type":"ImageObject","inLanguage":"de","@id":"https:\/\/shanabooks.de\/product\/kurded-elegeze-erebe-semo\/#primaryimage","url":"https:\/\/shanabooks.de\/wp-content\/uploads\/2024\/03\/Kurded-Elegeze.png","contentUrl":"https:\/\/shanabooks.de\/wp-content\/uploads\/2024\/03\/Kurded-Elegeze.png","width":298,"height":474,"caption":"kurd\u00ead Elegez\u00ea - Ereb\u00ea \u015eemo - pirt\u00fbk\u00ean kurd\u00ee"},{"@type":"BreadcrumbList","@id":"https:\/\/shanabooks.de\/product\/kurded-elegeze-erebe-semo\/#breadcrumb","itemListElement":[{"@type":"ListItem","position":1,"name":"\u0627\u0644\u0631\u0626\u064a\u0633\u064a\u0629","item":"https:\/\/shanabooks.de\/de\/"},{"@type":"ListItem","position":2,"name":"\u0627\u0644\u0645\u0646\u062a\u062c\u0627\u062a","item":"https:\/\/shanabooks.de\/shop\/"},{"@type":"ListItem","position":3,"name":"kurd\u00ead Elegez\u00ea"}]},{"@type":"WebSite","@id":"https:\/\/shanabooks.de\/#website","url":"https:\/\/shanabooks.de\/","name":"www.shanbooks.de","description":"C\u00eehana Pirt\u00fbk\u00ean Kurd\u00ee \u0645\u0643\u062a\u0628\u0629 \u0634\u0627\u0646\u0627 \u0641\u064a \u0627\u0644\u0645\u0627\u0646\u064a\u0627 \u0648\u0623\u0648\u0631\u0628\u0627","publisher":{"@id":"https:\/\/shanabooks.de\/#organization"},"potentialAction":[{"@type":"SearchAction","target":{"@type":"EntryPoint","urlTemplate":"https:\/\/shanabooks.de\/?s={search_term_string}"},"query-input":{"@type":"PropertyValueSpecification","valueRequired":true,"valueName":"search_term_string"}}],"inLanguage":"de"},{"@type":"Organization","@id":"https:\/\/shanabooks.de\/#organization","name":"www.shanbooks.de","url":"https:\/\/shanabooks.de\/","logo":{"@type":"ImageObject","inLanguage":"de","@id":"https:\/\/shanabooks.de\/#\/schema\/logo\/image\/","url":"https:\/\/shanabooks.de\/wp-content\/uploads\/2024\/03\/SHANABOOKS__2_-removebg-preview.png","contentUrl":"https:\/\/shanabooks.de\/wp-content\/uploads\/2024\/03\/SHANABOOKS__2_-removebg-preview.png","width":700,"height":150,"caption":"www.shanbooks.de"},"image":{"@id":"https:\/\/shanabooks.de\/#\/schema\/logo\/image\/"}}]}},"jetpack_sharing_enabled":true,"_links":{"self":[{"href":"https:\/\/shanabooks.de\/de\/wp-json\/wp\/v2\/product\/12806","targetHints":{"allow":["GET"]}}],"collection":[{"href":"https:\/\/shanabooks.de\/de\/wp-json\/wp\/v2\/product"}],"about":[{"href":"https:\/\/shanabooks.de\/de\/wp-json\/wp\/v2\/types\/product"}],"version-history":[{"count":3,"href":"https:\/\/shanabooks.de\/de\/wp-json\/wp\/v2\/product\/12806\/revisions"}],"predecessor-version":[{"id":18055,"href":"https:\/\/shanabooks.de\/de\/wp-json\/wp\/v2\/product\/12806\/revisions\/18055"}],"wp:featuredmedia":[{"embeddable":true,"href":"https:\/\/shanabooks.de\/de\/wp-json\/wp\/v2\/media\/12883"}],"wp:attachment":[{"href":"https:\/\/shanabooks.de\/de\/wp-json\/wp\/v2\/media?parent=12806"}],"wp:term":[{"taxonomy":"product_brand","embeddable":true,"href":"https:\/\/shanabooks.de\/de\/wp-json\/wp\/v2\/product_brand?post=12806"},{"taxonomy":"product_cat","embeddable":true,"href":"https:\/\/shanabooks.de\/de\/wp-json\/wp\/v2\/product_cat?post=12806"},{"taxonomy":"product_tag","embeddable":true,"href":"https:\/\/shanabooks.de\/de\/wp-json\/wp\/v2\/product_tag?post=12806"}],"curies":[{"name":"wp","href":"https:\/\/api.w.org\/{rel}","templated":true}]}}