{"id":12807,"date":"2024-03-03T19:46:46","date_gmt":"2024-03-03T19:46:46","guid":{"rendered":"https:\/\/shanabooks.de\/?post_type=product&#038;p=12807"},"modified":"2026-02-04T19:44:51","modified_gmt":"2026-02-04T19:44:51","slug":"labirenta-cinan-hesene-mete","status":"publish","type":"product","link":"https:\/\/shanabooks.de\/de\/product\/labirenta-cinan-hesene-mete\/","title":{"rendered":"Lab\u00eerenta cinan"},"content":{"rendered":"<p dir=\"ltr\"><strong>Lab\u00eerenta Cinan &#8211; Hesen\u00ea Met\u00ea<\/strong><\/p>\n<p dir=\"ltr\">Real\u00eezm \u00fb surreal\u00eezma di Lab\u00eerenta Cinan de ji wan nim\u00fbney\u00ean hey\u00ee y\u00ean ku em p\u00ea dizanin gelek\u00ee cudatir e. \u00db xwe disp\u00eare c\u00eeh\u00ean wel\u00ea ku ji wan \u00e7avkaniy\u00ean welat\u00ean rojava j\u00ee d\u00fbrtir e, ev surreal\u00eezmeke xas e \u00fb ya niv\u00eeskar bi xwe ye.<\/p>\n<p dir=\"ltr\">Ji romana kurd\u00ee, Lab\u00eerenta Cinan ya Hesen\u00ea Met\u00ea yek ji wan nim\u00fbney\u00ean her\u00ee ba\u015f e. Di hunera roman\u00ea de, pirsa d\u00fbrketina ji xwe gelek caran hatiye bi kar han\u00een, l\u00ea h\u00eajayiya xwendina v\u00ea roman\u00ea ew e ku ji perspekt\u00eeveke din ve \u00fb ji h\u00eala hundur <span class=\"text_exposed_show\">ve j\u00ee meriv dikane li meseleyan m\u00eaze bike \u00fb vej\u00eene.<\/span><\/p>\n<div class=\"text_exposed_show\" dir=\"ltr\">\n<p>Romana Lab\u00eerenta Cinan n\u00ee\u015fan dide ku civakek weke a\u015fek\u00ee dikare gelek bi fesal \u00fb bi pergal mirovan h\u00ead\u00ee h\u00ead\u00ee bih\u00eare, bike weke p\u00eeneyek\u00ee \u00fb bav\u00eaje aliyek\u00ee.<\/p>\n<\/div>\n","protected":false},"excerpt":{"rendered":"<p dir=\"ltr\" style=\"text-align: center\"><strong>Niv\u00eeskar: Hesen\u00ea Met\u00ea<br \/>\nPirt\u00fbk: Lab\u00eerenta Cinan<br \/>\nCure: Roman<\/strong><\/p>\n","protected":false},"featured_media":12885,"template":"","meta":{"site-sidebar-layout":"default","site-content-layout":"","ast-site-content-layout":"default","site-content-style":"default","site-sidebar-style":"default","ast-global-header-display":"","ast-banner-title-visibility":"","ast-main-header-display":"","ast-hfb-above-header-display":"","ast-hfb-below-header-display":"","ast-hfb-mobile-header-display":"","site-post-title":"","ast-breadcrumbs-content":"","ast-featured-img":"","footer-sml-layout":"","ast-disable-related-posts":"","theme-transparent-header-meta":"default","adv-header-id-meta":"","stick-header-meta":"","header-above-stick-meta":"","header-main-stick-meta":"","header-below-stick-meta":"","astra-migrate-meta-layouts":"set","ast-page-background-enabled":"default","ast-page-background-meta":{"desktop":{"background-color":"","background-image":"","background-repeat":"repeat","background-position":"center center","background-size":"auto","background-attachment":"scroll","background-type":"","background-media":"","overlay-type":"","overlay-color":"","overlay-opacity":"","overlay-gradient":""},"tablet":{"background-color":"","background-image":"","background-repeat":"repeat","background-position":"center center","background-size":"auto","background-attachment":"scroll","background-type":"","background-media":"","overlay-type":"","overlay-color":"","overlay-opacity":"","overlay-gradient":""},"mobile":{"background-color":"","background-image":"","background-repeat":"repeat","background-position":"center center","background-size":"auto","background-attachment":"scroll","background-type":"","background-media":"","overlay-type":"","overlay-color":"","overlay-opacity":"","overlay-gradient":""}},"ast-content-background-meta":{"desktop":{"background-color":"var(--ast-global-color-5)","background-image":"","background-repeat":"repeat","background-position":"center center","background-size":"auto","background-attachment":"scroll","background-type":"","background-media":"","overlay-type":"","overlay-color":"","overlay-opacity":"","overlay-gradient":""},"tablet":{"background-color":"var(--ast-global-color-5)","background-image":"","background-repeat":"repeat","background-position":"center center","background-size":"auto","background-attachment":"scroll","background-type":"","background-media":"","overlay-type":"","overlay-color":"","overlay-opacity":"","overlay-gradient":""},"mobile":{"background-color":"var(--ast-global-color-5)","background-image":"","background-repeat":"repeat","background-position":"center center","background-size":"auto","background-attachment":"scroll","background-type":"","background-media":"","overlay-type":"","overlay-color":"","overlay-opacity":"","overlay-gradient":""}}},"product_brand":[],"product_cat":[182,193],"product_tag":[],"class_list":{"0":"post-12807","1":"product","2":"type-product","3":"status-publish","4":"has-post-thumbnail","6":"product_cat-_","7":"product_cat--_","8":"pa_-roman","9":"pa_-hesene-mete","10":"pa_-kurmanci","11":"pa_--peywend-yayinlari","12":"desktop-align-left","13":"tablet-align-left","14":"mobile-align-left","16":"first","17":"outofstock","18":"shipping-taxable","19":"purchasable","20":"product-type-simple"},"yoast_head":"<!-- This site is optimized with the Yoast SEO plugin v27.4 - https:\/\/yoast.com\/product\/yoast-seo-wordpress\/ -->\n<title>Lab\u00eerenta Cinan - Hesen\u00ea Met\u00ea - www.shanabooks.de<\/title>\n<meta name=\"description\" content=\"Lab\u00eerenta Cinan - Hesen\u00ea Met\u00ea Real\u00eezm \u00fb surreal\u00eezma di Lab\u00eerenta Cinan de ji wan nim\u00fbney\u00ean hey\u00ee y\u00ean ku em p\u00ea dizanin gelek\u00ee cudatir e. \u00db xwe disp\u00eare ...\" \/>\n<meta name=\"robots\" content=\"index, follow, max-snippet:-1, max-image-preview:large, max-video-preview:-1\" \/>\n<link rel=\"canonical\" href=\"https:\/\/shanabooks.de\/product\/labirenta-cinan-hesene-mete\/\" \/>\n<meta property=\"og:locale\" content=\"de_DE\" \/>\n<meta property=\"og:type\" content=\"article\" \/>\n<meta property=\"og:title\" content=\"Lab\u00eerenta Cinan - Hesen\u00ea Met\u00ea - www.shanabooks.de\" \/>\n<meta property=\"og:description\" content=\"Lab\u00eerenta Cinan - Hesen\u00ea Met\u00ea Real\u00eezm \u00fb surreal\u00eezma di Lab\u00eerenta Cinan de ji wan nim\u00fbney\u00ean hey\u00ee y\u00ean ku em p\u00ea dizanin gelek\u00ee cudatir e. \u00db xwe disp\u00eare ...\" \/>\n<meta property=\"og:url\" content=\"https:\/\/shanabooks.de\/product\/labirenta-cinan-hesene-mete\/\" \/>\n<meta property=\"og:site_name\" content=\"www.shanabooks.de\" \/>\n<meta property=\"article:modified_time\" content=\"2026-02-04T19:44:51+00:00\" \/>\n<meta property=\"og:image\" content=\"https:\/\/shanabooks.de\/wp-content\/uploads\/2024\/03\/labirenta-cinan-peywend.png\" \/>\n\t<meta property=\"og:image:width\" content=\"459\" \/>\n\t<meta property=\"og:image:height\" content=\"714\" \/>\n\t<meta property=\"og:image:type\" content=\"image\/png\" \/>\n<meta name=\"twitter:card\" content=\"summary_large_image\" \/>\n<meta name=\"twitter:label1\" content=\"Gesch\u00e4tzte Lesezeit\" \/>\n\t<meta name=\"twitter:data1\" content=\"2\u00a0Minuten\" \/>\n<script type=\"application\/ld+json\" class=\"yoast-schema-graph\">{\"@context\":\"https:\\\/\\\/schema.org\",\"@graph\":[{\"@type\":\"WebPage\",\"@id\":\"https:\\\/\\\/shanabooks.de\\\/product\\\/labirenta-cinan-hesene-mete\\\/\",\"url\":\"https:\\\/\\\/shanabooks.de\\\/product\\\/labirenta-cinan-hesene-mete\\\/\",\"name\":\"Lab\u00eerenta Cinan - Hesen\u00ea Met\u00ea - www.shanabooks.de\",\"isPartOf\":{\"@id\":\"https:\\\/\\\/shanabooks.de\\\/#website\"},\"primaryImageOfPage\":{\"@id\":\"https:\\\/\\\/shanabooks.de\\\/product\\\/labirenta-cinan-hesene-mete\\\/#primaryimage\"},\"image\":{\"@id\":\"https:\\\/\\\/shanabooks.de\\\/product\\\/labirenta-cinan-hesene-mete\\\/#primaryimage\"},\"thumbnailUrl\":\"https:\\\/\\\/shanabooks.de\\\/wp-content\\\/uploads\\\/2024\\\/03\\\/labirenta-cinan-peywend.png\",\"datePublished\":\"2024-03-03T19:46:46+00:00\",\"dateModified\":\"2026-02-04T19:44:51+00:00\",\"description\":\"Lab\u00eerenta Cinan - Hesen\u00ea Met\u00ea Real\u00eezm \u00fb surreal\u00eezma di Lab\u00eerenta Cinan de ji wan nim\u00fbney\u00ean hey\u00ee y\u00ean ku em p\u00ea dizanin gelek\u00ee cudatir e. \u00db xwe disp\u00eare ...\",\"breadcrumb\":{\"@id\":\"https:\\\/\\\/shanabooks.de\\\/product\\\/labirenta-cinan-hesene-mete\\\/#breadcrumb\"},\"inLanguage\":\"de\",\"potentialAction\":[{\"@type\":\"ReadAction\",\"target\":[\"https:\\\/\\\/shanabooks.de\\\/product\\\/labirenta-cinan-hesene-mete\\\/\"]}]},{\"@type\":\"ImageObject\",\"inLanguage\":\"de\",\"@id\":\"https:\\\/\\\/shanabooks.de\\\/product\\\/labirenta-cinan-hesene-mete\\\/#primaryimage\",\"url\":\"https:\\\/\\\/shanabooks.de\\\/wp-content\\\/uploads\\\/2024\\\/03\\\/labirenta-cinan-peywend.png\",\"contentUrl\":\"https:\\\/\\\/shanabooks.de\\\/wp-content\\\/uploads\\\/2024\\\/03\\\/labirenta-cinan-peywend.png\",\"width\":459,\"height\":714,\"caption\":\"Lab\u00eerenta Cinan - Hesen\u00ea Met\u00ea - pirt\u00fbk\u00ean Kurd\u00ee\"},{\"@type\":\"BreadcrumbList\",\"@id\":\"https:\\\/\\\/shanabooks.de\\\/product\\\/labirenta-cinan-hesene-mete\\\/#breadcrumb\",\"itemListElement\":[{\"@type\":\"ListItem\",\"position\":1,\"name\":\"\u0627\u0644\u0631\u0626\u064a\u0633\u064a\u0629\",\"item\":\"https:\\\/\\\/shanabooks.de\\\/de\\\/\"},{\"@type\":\"ListItem\",\"position\":2,\"name\":\"\u0627\u0644\u0645\u0646\u062a\u062c\u0627\u062a\",\"item\":\"https:\\\/\\\/shanabooks.de\\\/shop\\\/\"},{\"@type\":\"ListItem\",\"position\":3,\"name\":\"Lab\u00eerenta cinan\"}]},{\"@type\":\"WebSite\",\"@id\":\"https:\\\/\\\/shanabooks.de\\\/#website\",\"url\":\"https:\\\/\\\/shanabooks.de\\\/\",\"name\":\"www.shanbooks.de\",\"description\":\"C\u00eehana Pirt\u00fbk\u00ean Kurd\u00ee \u0645\u0643\u062a\u0628\u0629 \u0634\u0627\u0646\u0627 \u0641\u064a \u0627\u0644\u0645\u0627\u0646\u064a\u0627 \u0648\u0623\u0648\u0631\u0628\u0627\",\"publisher\":{\"@id\":\"https:\\\/\\\/shanabooks.de\\\/#organization\"},\"potentialAction\":[{\"@type\":\"SearchAction\",\"target\":{\"@type\":\"EntryPoint\",\"urlTemplate\":\"https:\\\/\\\/shanabooks.de\\\/?s={search_term_string}\"},\"query-input\":{\"@type\":\"PropertyValueSpecification\",\"valueRequired\":true,\"valueName\":\"search_term_string\"}}],\"inLanguage\":\"de\"},{\"@type\":\"Organization\",\"@id\":\"https:\\\/\\\/shanabooks.de\\\/#organization\",\"name\":\"www.shanbooks.de\",\"url\":\"https:\\\/\\\/shanabooks.de\\\/\",\"logo\":{\"@type\":\"ImageObject\",\"inLanguage\":\"de\",\"@id\":\"https:\\\/\\\/shanabooks.de\\\/#\\\/schema\\\/logo\\\/image\\\/\",\"url\":\"https:\\\/\\\/shanabooks.de\\\/wp-content\\\/uploads\\\/2024\\\/03\\\/SHANABOOKS__2_-removebg-preview.png\",\"contentUrl\":\"https:\\\/\\\/shanabooks.de\\\/wp-content\\\/uploads\\\/2024\\\/03\\\/SHANABOOKS__2_-removebg-preview.png\",\"width\":700,\"height\":150,\"caption\":\"www.shanbooks.de\"},\"image\":{\"@id\":\"https:\\\/\\\/shanabooks.de\\\/#\\\/schema\\\/logo\\\/image\\\/\"}}]}<\/script>\n<!-- \/ Yoast SEO plugin. -->","yoast_head_json":{"title":"Lab\u00eerenta Cinan - Hesen\u00ea Met\u00ea - www.shanabooks.de","description":"Lab\u00eerenta Cinan - Hesen\u00ea Met\u00ea Real\u00eezm \u00fb surreal\u00eezma di Lab\u00eerenta Cinan de ji wan nim\u00fbney\u00ean hey\u00ee y\u00ean ku em p\u00ea dizanin gelek\u00ee cudatir e. \u00db xwe disp\u00eare ...","robots":{"index":"index","follow":"follow","max-snippet":"max-snippet:-1","max-image-preview":"max-image-preview:large","max-video-preview":"max-video-preview:-1"},"canonical":"https:\/\/shanabooks.de\/product\/labirenta-cinan-hesene-mete\/","og_locale":"de_DE","og_type":"article","og_title":"Lab\u00eerenta Cinan - Hesen\u00ea Met\u00ea - www.shanabooks.de","og_description":"Lab\u00eerenta Cinan - Hesen\u00ea Met\u00ea Real\u00eezm \u00fb surreal\u00eezma di Lab\u00eerenta Cinan de ji wan nim\u00fbney\u00ean hey\u00ee y\u00ean ku em p\u00ea dizanin gelek\u00ee cudatir e. \u00db xwe disp\u00eare ...","og_url":"https:\/\/shanabooks.de\/product\/labirenta-cinan-hesene-mete\/","og_site_name":"www.shanabooks.de","article_modified_time":"2026-02-04T19:44:51+00:00","og_image":[{"width":459,"height":714,"url":"https:\/\/shanabooks.de\/wp-content\/uploads\/2024\/03\/labirenta-cinan-peywend.png","type":"image\/png"}],"twitter_card":"summary_large_image","twitter_misc":{"Gesch\u00e4tzte Lesezeit":"2\u00a0Minuten"},"schema":{"@context":"https:\/\/schema.org","@graph":[{"@type":"WebPage","@id":"https:\/\/shanabooks.de\/product\/labirenta-cinan-hesene-mete\/","url":"https:\/\/shanabooks.de\/product\/labirenta-cinan-hesene-mete\/","name":"Lab\u00eerenta Cinan - Hesen\u00ea Met\u00ea - www.shanabooks.de","isPartOf":{"@id":"https:\/\/shanabooks.de\/#website"},"primaryImageOfPage":{"@id":"https:\/\/shanabooks.de\/product\/labirenta-cinan-hesene-mete\/#primaryimage"},"image":{"@id":"https:\/\/shanabooks.de\/product\/labirenta-cinan-hesene-mete\/#primaryimage"},"thumbnailUrl":"https:\/\/shanabooks.de\/wp-content\/uploads\/2024\/03\/labirenta-cinan-peywend.png","datePublished":"2024-03-03T19:46:46+00:00","dateModified":"2026-02-04T19:44:51+00:00","description":"Lab\u00eerenta Cinan - Hesen\u00ea Met\u00ea Real\u00eezm \u00fb surreal\u00eezma di Lab\u00eerenta Cinan de ji wan nim\u00fbney\u00ean hey\u00ee y\u00ean ku em p\u00ea dizanin gelek\u00ee cudatir e. \u00db xwe disp\u00eare ...","breadcrumb":{"@id":"https:\/\/shanabooks.de\/product\/labirenta-cinan-hesene-mete\/#breadcrumb"},"inLanguage":"de","potentialAction":[{"@type":"ReadAction","target":["https:\/\/shanabooks.de\/product\/labirenta-cinan-hesene-mete\/"]}]},{"@type":"ImageObject","inLanguage":"de","@id":"https:\/\/shanabooks.de\/product\/labirenta-cinan-hesene-mete\/#primaryimage","url":"https:\/\/shanabooks.de\/wp-content\/uploads\/2024\/03\/labirenta-cinan-peywend.png","contentUrl":"https:\/\/shanabooks.de\/wp-content\/uploads\/2024\/03\/labirenta-cinan-peywend.png","width":459,"height":714,"caption":"Lab\u00eerenta Cinan - Hesen\u00ea Met\u00ea - pirt\u00fbk\u00ean Kurd\u00ee"},{"@type":"BreadcrumbList","@id":"https:\/\/shanabooks.de\/product\/labirenta-cinan-hesene-mete\/#breadcrumb","itemListElement":[{"@type":"ListItem","position":1,"name":"\u0627\u0644\u0631\u0626\u064a\u0633\u064a\u0629","item":"https:\/\/shanabooks.de\/de\/"},{"@type":"ListItem","position":2,"name":"\u0627\u0644\u0645\u0646\u062a\u062c\u0627\u062a","item":"https:\/\/shanabooks.de\/shop\/"},{"@type":"ListItem","position":3,"name":"Lab\u00eerenta cinan"}]},{"@type":"WebSite","@id":"https:\/\/shanabooks.de\/#website","url":"https:\/\/shanabooks.de\/","name":"www.shanbooks.de","description":"C\u00eehana Pirt\u00fbk\u00ean Kurd\u00ee \u0645\u0643\u062a\u0628\u0629 \u0634\u0627\u0646\u0627 \u0641\u064a \u0627\u0644\u0645\u0627\u0646\u064a\u0627 \u0648\u0623\u0648\u0631\u0628\u0627","publisher":{"@id":"https:\/\/shanabooks.de\/#organization"},"potentialAction":[{"@type":"SearchAction","target":{"@type":"EntryPoint","urlTemplate":"https:\/\/shanabooks.de\/?s={search_term_string}"},"query-input":{"@type":"PropertyValueSpecification","valueRequired":true,"valueName":"search_term_string"}}],"inLanguage":"de"},{"@type":"Organization","@id":"https:\/\/shanabooks.de\/#organization","name":"www.shanbooks.de","url":"https:\/\/shanabooks.de\/","logo":{"@type":"ImageObject","inLanguage":"de","@id":"https:\/\/shanabooks.de\/#\/schema\/logo\/image\/","url":"https:\/\/shanabooks.de\/wp-content\/uploads\/2024\/03\/SHANABOOKS__2_-removebg-preview.png","contentUrl":"https:\/\/shanabooks.de\/wp-content\/uploads\/2024\/03\/SHANABOOKS__2_-removebg-preview.png","width":700,"height":150,"caption":"www.shanbooks.de"},"image":{"@id":"https:\/\/shanabooks.de\/#\/schema\/logo\/image\/"}}]}},"jetpack_sharing_enabled":true,"_links":{"self":[{"href":"https:\/\/shanabooks.de\/de\/wp-json\/wp\/v2\/product\/12807","targetHints":{"allow":["GET"]}}],"collection":[{"href":"https:\/\/shanabooks.de\/de\/wp-json\/wp\/v2\/product"}],"about":[{"href":"https:\/\/shanabooks.de\/de\/wp-json\/wp\/v2\/types\/product"}],"version-history":[{"count":3,"href":"https:\/\/shanabooks.de\/de\/wp-json\/wp\/v2\/product\/12807\/revisions"}],"predecessor-version":[{"id":18053,"href":"https:\/\/shanabooks.de\/de\/wp-json\/wp\/v2\/product\/12807\/revisions\/18053"}],"wp:featuredmedia":[{"embeddable":true,"href":"https:\/\/shanabooks.de\/de\/wp-json\/wp\/v2\/media\/12885"}],"wp:attachment":[{"href":"https:\/\/shanabooks.de\/de\/wp-json\/wp\/v2\/media?parent=12807"}],"wp:term":[{"taxonomy":"product_brand","embeddable":true,"href":"https:\/\/shanabooks.de\/de\/wp-json\/wp\/v2\/product_brand?post=12807"},{"taxonomy":"product_cat","embeddable":true,"href":"https:\/\/shanabooks.de\/de\/wp-json\/wp\/v2\/product_cat?post=12807"},{"taxonomy":"product_tag","embeddable":true,"href":"https:\/\/shanabooks.de\/de\/wp-json\/wp\/v2\/product_tag?post=12807"}],"curies":[{"name":"wp","href":"https:\/\/api.w.org\/{rel}","templated":true}]}}