{"id":12808,"date":"2024-03-03T19:46:46","date_gmt":"2024-03-03T19:46:46","guid":{"rendered":"https:\/\/shanabooks.de\/?post_type=product&#038;p=12808"},"modified":"2025-12-30T22:28:23","modified_gmt":"2025-12-30T22:28:23","slug":"li-dere-hesene-mete","status":"publish","type":"product","link":"https:\/\/shanabooks.de\/de\/product\/li-dere-hesene-mete\/","title":{"rendered":"Li D\u00ear\u00ea &#8211; Hesen\u00ea Met\u00ea"},"content":{"rendered":"<p dir=\"ltr\"><strong>Li D\u00ear\u00ea &#8211; Hesen\u00ea Met\u00ea<\/strong><\/p>\n<p dir=\"ltr\">Hesen\u00ea Met\u00ea xwendevanan di Gotin\u00ean Gunehkar de dibe warek\u00ee p\u00eeroz \u00fb bo nav minaqe\u015feyeke lahot\u00ee-felsef\u00ee. Li D\u00ear\u00ea j\u00ee ew dom\u00ea dide seredana cih\u00ean p\u00eeroz \u00fb v\u00ea car\u00ea ew cih j\u00ee d\u00eareke Sw\u00ead\u00ee ya li ba\u015f\u00fbr\u00ea Stockholm\u00ea ye.<\/p>\n<p dir=\"ltr\">Ev novel li maleke Xwed\u00ea, li d\u00ear\u00ea dest p\u00ea dike \u00fb dom\u00ea dide wan genge\u015fey\u00ean xwe y\u00ean di Gotin\u00ean Gunehkar de dest p\u00ea kirib\u00fbn, l\u00ea v\u00ea car\u00ea bi ziman \u00fb gotin\u00ean ev\u00eendar \u00fb bi hest\u00ean bir\u00eendar \u00fb tobedar.<\/p>\n<p dir=\"ltr\">Hesen\u00ea Met\u00ea di novela xwe ya n\u00fb ya bi nav\u00ea Li D\u00ear\u00ea d<span class=\"text_exposed_show\">e bi binmetnek\u00ee cih\u00ea \u00fb bi h\u00ees \u00fb g\u00fbman\u00ean \u00eensan\u00ee li ser \u015fop\u00ean xap\u00eenok e. Hest \u00fb hizr\u00ean mirovek\u00ee dixe bin mercek\u00ea \u00fb \u00e7\u00fbn\u00fbhatin\u00ean w\u00ee y\u00ean bi \u00ea\u015f \u00fb elem li ber me radixe.<br \/>\nHesen\u00ea Dewr\u00ea\u015f.<\/span><\/p>\n<div class=\"text_exposed_show\" dir=\"ltr\">\n<p>Li ser v\u00ea kit\u00eab\u00ea axir\u00ee dikarim b\u00eajim noveleke di hizra xwe de ye \u00fb diherike \u00fb bi xwendina w\u00ea hun\u00ea j\u00ee li ser r\u00ea\u015fiy\u00ean \u00e7\u00eeroka xwe bifikirin. \u201cWe got er\u00ea?\u201d<\/p>\n<\/div>\n","protected":false},"excerpt":{"rendered":"<p dir=\"ltr\" style=\"text-align: center\"><strong>Niv\u00eeskar: Hesen\u00ea Met\u00ea<br \/>\nPirt\u00fbk: Li D\u00ear\u00ea<br \/>\nCure: Roman<\/strong><\/p>\n","protected":false},"featured_media":5627,"template":"","meta":{"site-sidebar-layout":"default","site-content-layout":"","ast-site-content-layout":"default","site-content-style":"default","site-sidebar-style":"default","ast-global-header-display":"","ast-banner-title-visibility":"","ast-main-header-display":"","ast-hfb-above-header-display":"","ast-hfb-below-header-display":"","ast-hfb-mobile-header-display":"","site-post-title":"","ast-breadcrumbs-content":"","ast-featured-img":"","footer-sml-layout":"","ast-disable-related-posts":"","theme-transparent-header-meta":"default","adv-header-id-meta":"","stick-header-meta":"","header-above-stick-meta":"","header-main-stick-meta":"","header-below-stick-meta":"","astra-migrate-meta-layouts":"set","ast-page-background-enabled":"default","ast-page-background-meta":{"desktop":{"background-color":"","background-image":"","background-repeat":"repeat","background-position":"center center","background-size":"auto","background-attachment":"scroll","background-type":"","background-media":"","overlay-type":"","overlay-color":"","overlay-opacity":"","overlay-gradient":""},"tablet":{"background-color":"","background-image":"","background-repeat":"repeat","background-position":"center center","background-size":"auto","background-attachment":"scroll","background-type":"","background-media":"","overlay-type":"","overlay-color":"","overlay-opacity":"","overlay-gradient":""},"mobile":{"background-color":"","background-image":"","background-repeat":"repeat","background-position":"center center","background-size":"auto","background-attachment":"scroll","background-type":"","background-media":"","overlay-type":"","overlay-color":"","overlay-opacity":"","overlay-gradient":""}},"ast-content-background-meta":{"desktop":{"background-color":"var(--ast-global-color-5)","background-image":"","background-repeat":"repeat","background-position":"center center","background-size":"auto","background-attachment":"scroll","background-type":"","background-media":"","overlay-type":"","overlay-color":"","overlay-opacity":"","overlay-gradient":""},"tablet":{"background-color":"var(--ast-global-color-5)","background-image":"","background-repeat":"repeat","background-position":"center center","background-size":"auto","background-attachment":"scroll","background-type":"","background-media":"","overlay-type":"","overlay-color":"","overlay-opacity":"","overlay-gradient":""},"mobile":{"background-color":"var(--ast-global-color-5)","background-image":"","background-repeat":"repeat","background-position":"center center","background-size":"auto","background-attachment":"scroll","background-type":"","background-media":"","overlay-type":"","overlay-color":"","overlay-opacity":"","overlay-gradient":""}}},"product_brand":[],"product_cat":[182,193],"product_tag":[],"class_list":{"0":"post-12808","1":"product","2":"type-product","3":"status-publish","4":"has-post-thumbnail","6":"product_cat-_","7":"product_cat--_","8":"pa_-roman","9":"pa_-hesene-mete","10":"pa_-kurmanci","11":"pa_--peywend-yayinlari","12":"desktop-align-left","13":"tablet-align-left","14":"mobile-align-left","16":"first","17":"outofstock","18":"shipping-taxable","19":"purchasable","20":"product-type-simple"},"yoast_head":"<!-- This site is optimized with the Yoast SEO plugin v27.4 - https:\/\/yoast.com\/product\/yoast-seo-wordpress\/ -->\n<title>Li D\u00ear\u00ea - Hesen\u00ea Met\u00ea - www.shanabooks.de<\/title>\n<meta name=\"description\" content=\"Li D\u00ear\u00ea - Hesen\u00ea Met\u00ea Hesen\u00ea Met\u00ea xwendevanan di Gotin\u00ean Gunehkar de dibe warek\u00ee p\u00eeroz \u00fb bo nav minaqe\u015feyeke lahot\u00ee-felsef\u00ee....\" \/>\n<meta name=\"robots\" content=\"index, follow, max-snippet:-1, max-image-preview:large, max-video-preview:-1\" \/>\n<link rel=\"canonical\" href=\"https:\/\/shanabooks.de\/product\/li-dere-hesene-mete\/\" \/>\n<meta property=\"og:locale\" content=\"de_DE\" \/>\n<meta property=\"og:type\" content=\"article\" \/>\n<meta property=\"og:title\" content=\"Li D\u00ear\u00ea - Hesen\u00ea Met\u00ea - www.shanabooks.de\" \/>\n<meta property=\"og:description\" content=\"Li D\u00ear\u00ea - Hesen\u00ea Met\u00ea Hesen\u00ea Met\u00ea xwendevanan di Gotin\u00ean Gunehkar de dibe warek\u00ee p\u00eeroz \u00fb bo nav minaqe\u015feyeke lahot\u00ee-felsef\u00ee....\" \/>\n<meta property=\"og:url\" content=\"https:\/\/shanabooks.de\/product\/li-dere-hesene-mete\/\" \/>\n<meta property=\"og:site_name\" content=\"www.shanabooks.de\" \/>\n<meta property=\"article:modified_time\" content=\"2025-12-30T22:28:23+00:00\" \/>\n<meta property=\"og:image\" content=\"https:\/\/shanabooks.de\/wp-content\/uploads\/2024\/01\/li-Dere.webp\" \/>\n\t<meta property=\"og:image:width\" content=\"678\" \/>\n\t<meta property=\"og:image:height\" content=\"1057\" \/>\n\t<meta property=\"og:image:type\" content=\"image\/webp\" \/>\n<meta name=\"twitter:card\" content=\"summary_large_image\" \/>\n<meta name=\"twitter:label1\" content=\"Gesch\u00e4tzte Lesezeit\" \/>\n\t<meta name=\"twitter:data1\" content=\"2\u00a0Minuten\" \/>\n<script type=\"application\/ld+json\" class=\"yoast-schema-graph\">{\"@context\":\"https:\\\/\\\/schema.org\",\"@graph\":[{\"@type\":\"WebPage\",\"@id\":\"https:\\\/\\\/shanabooks.de\\\/product\\\/li-dere-hesene-mete\\\/\",\"url\":\"https:\\\/\\\/shanabooks.de\\\/product\\\/li-dere-hesene-mete\\\/\",\"name\":\"Li D\u00ear\u00ea - Hesen\u00ea Met\u00ea - www.shanabooks.de\",\"isPartOf\":{\"@id\":\"https:\\\/\\\/shanabooks.de\\\/#website\"},\"primaryImageOfPage\":{\"@id\":\"https:\\\/\\\/shanabooks.de\\\/product\\\/li-dere-hesene-mete\\\/#primaryimage\"},\"image\":{\"@id\":\"https:\\\/\\\/shanabooks.de\\\/product\\\/li-dere-hesene-mete\\\/#primaryimage\"},\"thumbnailUrl\":\"https:\\\/\\\/shanabooks.de\\\/wp-content\\\/uploads\\\/2024\\\/01\\\/li-Dere.webp\",\"datePublished\":\"2024-03-03T19:46:46+00:00\",\"dateModified\":\"2025-12-30T22:28:23+00:00\",\"description\":\"Li D\u00ear\u00ea - Hesen\u00ea Met\u00ea Hesen\u00ea Met\u00ea xwendevanan di Gotin\u00ean Gunehkar de dibe warek\u00ee p\u00eeroz \u00fb bo nav minaqe\u015feyeke lahot\u00ee-felsef\u00ee....\",\"breadcrumb\":{\"@id\":\"https:\\\/\\\/shanabooks.de\\\/product\\\/li-dere-hesene-mete\\\/#breadcrumb\"},\"inLanguage\":\"de\",\"potentialAction\":[{\"@type\":\"ReadAction\",\"target\":[\"https:\\\/\\\/shanabooks.de\\\/product\\\/li-dere-hesene-mete\\\/\"]}]},{\"@type\":\"ImageObject\",\"inLanguage\":\"de\",\"@id\":\"https:\\\/\\\/shanabooks.de\\\/product\\\/li-dere-hesene-mete\\\/#primaryimage\",\"url\":\"https:\\\/\\\/shanabooks.de\\\/wp-content\\\/uploads\\\/2024\\\/01\\\/li-Dere.webp\",\"contentUrl\":\"https:\\\/\\\/shanabooks.de\\\/wp-content\\\/uploads\\\/2024\\\/01\\\/li-Dere.webp\",\"width\":678,\"height\":1057,\"caption\":\"Li D\u00ear\u00ea - Hesen\u00ea Met\u00ea - pirt\u00fbk\u00ean Kurd\u00ee\"},{\"@type\":\"BreadcrumbList\",\"@id\":\"https:\\\/\\\/shanabooks.de\\\/product\\\/li-dere-hesene-mete\\\/#breadcrumb\",\"itemListElement\":[{\"@type\":\"ListItem\",\"position\":1,\"name\":\"\u0627\u0644\u0631\u0626\u064a\u0633\u064a\u0629\",\"item\":\"https:\\\/\\\/shanabooks.de\\\/de\\\/\"},{\"@type\":\"ListItem\",\"position\":2,\"name\":\"\u0627\u0644\u0645\u0646\u062a\u062c\u0627\u062a\",\"item\":\"https:\\\/\\\/shanabooks.de\\\/shop\\\/\"},{\"@type\":\"ListItem\",\"position\":3,\"name\":\"Li D\u00ear\u00ea &#8211; Hesen\u00ea Met\u00ea\"}]},{\"@type\":\"WebSite\",\"@id\":\"https:\\\/\\\/shanabooks.de\\\/#website\",\"url\":\"https:\\\/\\\/shanabooks.de\\\/\",\"name\":\"www.shanbooks.de\",\"description\":\"C\u00eehana Pirt\u00fbk\u00ean Kurd\u00ee \u0645\u0643\u062a\u0628\u0629 \u0634\u0627\u0646\u0627 \u0641\u064a \u0627\u0644\u0645\u0627\u0646\u064a\u0627 \u0648\u0623\u0648\u0631\u0628\u0627\",\"publisher\":{\"@id\":\"https:\\\/\\\/shanabooks.de\\\/#organization\"},\"potentialAction\":[{\"@type\":\"SearchAction\",\"target\":{\"@type\":\"EntryPoint\",\"urlTemplate\":\"https:\\\/\\\/shanabooks.de\\\/?s={search_term_string}\"},\"query-input\":{\"@type\":\"PropertyValueSpecification\",\"valueRequired\":true,\"valueName\":\"search_term_string\"}}],\"inLanguage\":\"de\"},{\"@type\":\"Organization\",\"@id\":\"https:\\\/\\\/shanabooks.de\\\/#organization\",\"name\":\"www.shanbooks.de\",\"url\":\"https:\\\/\\\/shanabooks.de\\\/\",\"logo\":{\"@type\":\"ImageObject\",\"inLanguage\":\"de\",\"@id\":\"https:\\\/\\\/shanabooks.de\\\/#\\\/schema\\\/logo\\\/image\\\/\",\"url\":\"https:\\\/\\\/shanabooks.de\\\/wp-content\\\/uploads\\\/2024\\\/03\\\/SHANABOOKS__2_-removebg-preview.png\",\"contentUrl\":\"https:\\\/\\\/shanabooks.de\\\/wp-content\\\/uploads\\\/2024\\\/03\\\/SHANABOOKS__2_-removebg-preview.png\",\"width\":700,\"height\":150,\"caption\":\"www.shanbooks.de\"},\"image\":{\"@id\":\"https:\\\/\\\/shanabooks.de\\\/#\\\/schema\\\/logo\\\/image\\\/\"}}]}<\/script>\n<!-- \/ Yoast SEO plugin. -->","yoast_head_json":{"title":"Li D\u00ear\u00ea - Hesen\u00ea Met\u00ea - www.shanabooks.de","description":"Li D\u00ear\u00ea - Hesen\u00ea Met\u00ea Hesen\u00ea Met\u00ea xwendevanan di Gotin\u00ean Gunehkar de dibe warek\u00ee p\u00eeroz \u00fb bo nav minaqe\u015feyeke lahot\u00ee-felsef\u00ee....","robots":{"index":"index","follow":"follow","max-snippet":"max-snippet:-1","max-image-preview":"max-image-preview:large","max-video-preview":"max-video-preview:-1"},"canonical":"https:\/\/shanabooks.de\/product\/li-dere-hesene-mete\/","og_locale":"de_DE","og_type":"article","og_title":"Li D\u00ear\u00ea - Hesen\u00ea Met\u00ea - www.shanabooks.de","og_description":"Li D\u00ear\u00ea - Hesen\u00ea Met\u00ea Hesen\u00ea Met\u00ea xwendevanan di Gotin\u00ean Gunehkar de dibe warek\u00ee p\u00eeroz \u00fb bo nav minaqe\u015feyeke lahot\u00ee-felsef\u00ee....","og_url":"https:\/\/shanabooks.de\/product\/li-dere-hesene-mete\/","og_site_name":"www.shanabooks.de","article_modified_time":"2025-12-30T22:28:23+00:00","og_image":[{"width":678,"height":1057,"url":"https:\/\/shanabooks.de\/wp-content\/uploads\/2024\/01\/li-Dere.webp","type":"image\/webp"}],"twitter_card":"summary_large_image","twitter_misc":{"Gesch\u00e4tzte Lesezeit":"2\u00a0Minuten"},"schema":{"@context":"https:\/\/schema.org","@graph":[{"@type":"WebPage","@id":"https:\/\/shanabooks.de\/product\/li-dere-hesene-mete\/","url":"https:\/\/shanabooks.de\/product\/li-dere-hesene-mete\/","name":"Li D\u00ear\u00ea - Hesen\u00ea Met\u00ea - www.shanabooks.de","isPartOf":{"@id":"https:\/\/shanabooks.de\/#website"},"primaryImageOfPage":{"@id":"https:\/\/shanabooks.de\/product\/li-dere-hesene-mete\/#primaryimage"},"image":{"@id":"https:\/\/shanabooks.de\/product\/li-dere-hesene-mete\/#primaryimage"},"thumbnailUrl":"https:\/\/shanabooks.de\/wp-content\/uploads\/2024\/01\/li-Dere.webp","datePublished":"2024-03-03T19:46:46+00:00","dateModified":"2025-12-30T22:28:23+00:00","description":"Li D\u00ear\u00ea - Hesen\u00ea Met\u00ea Hesen\u00ea Met\u00ea xwendevanan di Gotin\u00ean Gunehkar de dibe warek\u00ee p\u00eeroz \u00fb bo nav minaqe\u015feyeke lahot\u00ee-felsef\u00ee....","breadcrumb":{"@id":"https:\/\/shanabooks.de\/product\/li-dere-hesene-mete\/#breadcrumb"},"inLanguage":"de","potentialAction":[{"@type":"ReadAction","target":["https:\/\/shanabooks.de\/product\/li-dere-hesene-mete\/"]}]},{"@type":"ImageObject","inLanguage":"de","@id":"https:\/\/shanabooks.de\/product\/li-dere-hesene-mete\/#primaryimage","url":"https:\/\/shanabooks.de\/wp-content\/uploads\/2024\/01\/li-Dere.webp","contentUrl":"https:\/\/shanabooks.de\/wp-content\/uploads\/2024\/01\/li-Dere.webp","width":678,"height":1057,"caption":"Li D\u00ear\u00ea - Hesen\u00ea Met\u00ea - pirt\u00fbk\u00ean Kurd\u00ee"},{"@type":"BreadcrumbList","@id":"https:\/\/shanabooks.de\/product\/li-dere-hesene-mete\/#breadcrumb","itemListElement":[{"@type":"ListItem","position":1,"name":"\u0627\u0644\u0631\u0626\u064a\u0633\u064a\u0629","item":"https:\/\/shanabooks.de\/de\/"},{"@type":"ListItem","position":2,"name":"\u0627\u0644\u0645\u0646\u062a\u062c\u0627\u062a","item":"https:\/\/shanabooks.de\/shop\/"},{"@type":"ListItem","position":3,"name":"Li D\u00ear\u00ea &#8211; Hesen\u00ea Met\u00ea"}]},{"@type":"WebSite","@id":"https:\/\/shanabooks.de\/#website","url":"https:\/\/shanabooks.de\/","name":"www.shanbooks.de","description":"C\u00eehana Pirt\u00fbk\u00ean Kurd\u00ee \u0645\u0643\u062a\u0628\u0629 \u0634\u0627\u0646\u0627 \u0641\u064a \u0627\u0644\u0645\u0627\u0646\u064a\u0627 \u0648\u0623\u0648\u0631\u0628\u0627","publisher":{"@id":"https:\/\/shanabooks.de\/#organization"},"potentialAction":[{"@type":"SearchAction","target":{"@type":"EntryPoint","urlTemplate":"https:\/\/shanabooks.de\/?s={search_term_string}"},"query-input":{"@type":"PropertyValueSpecification","valueRequired":true,"valueName":"search_term_string"}}],"inLanguage":"de"},{"@type":"Organization","@id":"https:\/\/shanabooks.de\/#organization","name":"www.shanbooks.de","url":"https:\/\/shanabooks.de\/","logo":{"@type":"ImageObject","inLanguage":"de","@id":"https:\/\/shanabooks.de\/#\/schema\/logo\/image\/","url":"https:\/\/shanabooks.de\/wp-content\/uploads\/2024\/03\/SHANABOOKS__2_-removebg-preview.png","contentUrl":"https:\/\/shanabooks.de\/wp-content\/uploads\/2024\/03\/SHANABOOKS__2_-removebg-preview.png","width":700,"height":150,"caption":"www.shanbooks.de"},"image":{"@id":"https:\/\/shanabooks.de\/#\/schema\/logo\/image\/"}}]}},"jetpack_sharing_enabled":true,"_links":{"self":[{"href":"https:\/\/shanabooks.de\/de\/wp-json\/wp\/v2\/product\/12808","targetHints":{"allow":["GET"]}}],"collection":[{"href":"https:\/\/shanabooks.de\/de\/wp-json\/wp\/v2\/product"}],"about":[{"href":"https:\/\/shanabooks.de\/de\/wp-json\/wp\/v2\/types\/product"}],"version-history":[{"count":3,"href":"https:\/\/shanabooks.de\/de\/wp-json\/wp\/v2\/product\/12808\/revisions"}],"predecessor-version":[{"id":18049,"href":"https:\/\/shanabooks.de\/de\/wp-json\/wp\/v2\/product\/12808\/revisions\/18049"}],"wp:featuredmedia":[{"embeddable":true,"href":"https:\/\/shanabooks.de\/de\/wp-json\/wp\/v2\/media\/5627"}],"wp:attachment":[{"href":"https:\/\/shanabooks.de\/de\/wp-json\/wp\/v2\/media?parent=12808"}],"wp:term":[{"taxonomy":"product_brand","embeddable":true,"href":"https:\/\/shanabooks.de\/de\/wp-json\/wp\/v2\/product_brand?post=12808"},{"taxonomy":"product_cat","embeddable":true,"href":"https:\/\/shanabooks.de\/de\/wp-json\/wp\/v2\/product_cat?post=12808"},{"taxonomy":"product_tag","embeddable":true,"href":"https:\/\/shanabooks.de\/de\/wp-json\/wp\/v2\/product_tag?post=12808"}],"curies":[{"name":"wp","href":"https:\/\/api.w.org\/{rel}","templated":true}]}}